{"id":2472,"date":"2024-02-08T18:25:35","date_gmt":"2024-02-08T16:25:35","guid":{"rendered":"https:\/\/ortungsgerate.de\/?page_id=2472"},"modified":"2025-11-26T12:52:04","modified_gmt":"2025-11-26T10:52:04","slug":"datenschutzrichtlinie","status":"publish","type":"page","link":"https:\/\/www.ortungsgerate.de\/ru\/datenschutzrichtlinie\/","title":{"rendered":"\u041f\u043e\u043b\u0438\u0442\u0438\u043a\u0430 \u043a\u043e\u043d\u0444\u0438\u0434\u0435\u043d\u0446\u0438\u0430\u043b\u044c\u043d\u043e\u0441\u0442\u0438"},"content":{"rendered":"<div data-elementor-type=\"wp-page\" data-elementor-id=\"2472\" class=\"elementor elementor-2472\" data-elementor-post-type=\"page\">\n\t\t\t\t<div class=\"elementor-element elementor-element-5fb9ec60 e-flex e-con-boxed e-con e-parent\" data-id=\"5fb9ec60\" data-element_type=\"container\" data-e-type=\"container\">\n\t\t\t\t\t<div class=\"e-con-inner\">\n\t\t\t\t<div class=\"elementor-element elementor-element-4fd43e00 elementor-widget elementor-widget-text-editor\" data-id=\"4fd43e00\" data-element_type=\"widget\" data-e-type=\"widget\" data-widget_type=\"text-editor.default\">\n\t\t\t\t<div class=\"elementor-widget-container\">\n\t\t\t\t\t\t\t\t\t<h2>DATENSCHUTZRICHTLINIE<\/h2><p>Wir respektieren die Rechte unserer Kunden und anderer betroffener Personen auf ihre private Information und verarbeiten ihre personenbezogenen Daten rechtm\u00e4\u00dfig und fair, um ihr Vertrauen zu rechtfertigen.<br \/>Wir sammeln nur jene Kundendaten, die f\u00fcr die T\u00e4tigkeit des Unternehmens und\/oder f\u00fcr den Besuch, die Nutzung oder das Browsen auf den Webseiten des Unternehmens (im Folgenden \u2013 Website) erforderlich sind. Wir gew\u00e4hrleisten, dass die gesammelten und verarbeiteten Kundendaten sicher sind und ausschlie\u00dflich f\u00fcr konkrete Zwecke verwendet werden.<br \/>Indem Sie uns Ihre personenbezogenen Daten \u00fcbermitteln, stimmen Sie den Bestimmungen dieser Datenschutzrichtlinie zu, verstehen deren Inhalte und verpflichten sich, sie einzuhalten.<\/p><h3>1. Grundbegriffe<\/h3><p>1.1. Das Unternehmen oder der Verantwortliche f\u00fcr personenbezogene Daten \u2013 die Kleinunternehmergesellschaft Ambanas, gegr\u00fcndet und t\u00e4tig nach den Gesetzen der Republik Litauen, juristische Personencode 305947390, Sitzadresse \u0160vitrigailos g. 7, LT-03110 Vilnius, deren Daten im Register juristischer Personen gespeichert werden, Administrator des Online-Shops www.ortungsgerate.de<br \/>1.2. Kunde oder betroffene Person \u2013 eine gesch\u00e4ftsf\u00e4hige vollj\u00e4hrige Person, d. h. eine physische Person ab 18 Jahren, oder ein minderj\u00e4hriger gesch\u00e4ftsf\u00e4higer Mensch ab 16 Jahren mit Zustimmung der Eltern oder Vormunde (au\u00dfer im Fall der Emanzipation), die die Dienstleistungen des Online-Shops des Unternehmens nutzt und deren personenbezogene Daten vom Unternehmen gem\u00e4\u00df dieser Datenschutzrichtlinie sowie den Gesetzen der Republik Litauen und anderen Rechtsakten zum Schutz personenbezogener Daten verarbeitet werden.<br \/>1.3. Online-Shop \u2013 der elektronische Shop des Unternehmens unter ortungsgerate.de.<br \/>1.4. Dienstleistungen \u2013 alle vom Unternehmen erbrachten Dienstleistungen.<br \/>1.5. Personenbezogene Daten \u2013 jede Information, die sich auf eine identifizierte oder identifizierbare physische Person \u2013 die betroffene Person \u2013 bezieht, deren Identit\u00e4t direkt oder indirekt bestimmt werden kann mittels Daten wie pers\u00f6nlicher Kennziffer oder durch ein oder mehrere Merkmale physischer, physiologischer, psychologischer, wirtschaftlicher, kultureller oder sozialer Art.<br \/>1.6. Verarbeitung personenbezogener Daten \u2013 jede T\u00e4tigkeit im Zusammenhang mit personenbezogenen Daten: Sammlung, Aufzeichnung, Speicherung, Aufbewahrung, Klassifizierung, Gruppierung, Verkn\u00fcpfung, \u00c4nderung (Erg\u00e4nzung oder Korrektur), Bereitstellung, Ver\u00f6ffentlichung, Nutzung, logische und\/oder arithmetische Operationen, Suche, Verbreitung, Vernichtung oder jede andere Handlung bzw. Kombination von Handlungen.<br \/>1.7. Cookie \u2013 eine entsprechende Datei mit einer eindeutigen Identifikationsnummer, die von der Website des Online-Shops auf die Festplatte des Besuchers \u00fcbertragen wird, damit der Administrator des Online-Shops den Computer des Besuchers identifizieren und seine Aktivit\u00e4ten im Online-Shop sehen sowie die richtige Funktionalit\u00e4t des Shops gew\u00e4hrleisten kann.<br \/>1.8. Direktmarketing \u2013 T\u00e4tigkeit, die darauf abzielt, Personen per Post, Telefon oder auf andere direkte Weise Waren oder Dienstleistungen anzubieten und\/oder ihre Meinung \u00fcber die angebotenen Waren oder Dienstleistungen einzuholen.<br \/>1.9. Datenschutzrichtlinie \u2013 dieses Dokument, das die Grunds\u00e4tze und Regeln der Verarbeitung personenbezogener Daten bei der Nutzung der Dienstleistungen des Online-Shops festlegt.<\/p><h3>2. Allgemeine Bestimmungen<\/h3><p>2.1. Der Kunde r\u00e4umt dem Unternehmen das Recht ein, alle in dieser Datenschutzrichtlinie genannten Verarbeitungsma\u00dfnahmen personenbezogener Daten im festgelegten Umfang und zu den genannten Zwecken durchzuf\u00fchren.<br \/>2.2. Personenbezogene Daten werden gem\u00e4\u00df dem Gesetz \u00fcber den rechtlichen Schutz personenbezogener Daten der Republik Litauen sowie anderen Rechtsakten zur Verarbeitung und zum Schutz personenbezogener Daten, dieser Datenschutzrichtlinie und internen Regelungen des Unternehmens verarbeitet.<br \/>2.3. Es wird davon ausgegangen, dass der Kunde, der im Online-Shop einkauft, die g\u00fcltige Fassung der Datenschutzrichtlinie gelesen hat und ihr zustimmt. Wenn der Kunde mit irgendeinem Teil der Datenschutzrichtlinie nicht einverstanden ist, darf er keine Bestellung aufgeben und keine Waren im Online-Shop kaufen.<br \/>2.4. Die Datenschutzrichtlinie kann im Online-Shop eingesehen und jederzeit ausgedruckt werden. Sie kann nach Ermessen des Unternehmens ge\u00e4ndert, erg\u00e4nzt oder aktualisiert werden. Die neue Fassung wird im Online-Shop ver\u00f6ffentlicht.<br \/>2.5. Der Kunde kann im Online-Shop eine Bestellung ohne Registrierung oder \u00fcber sein Konto nach Registrierung im Online-Shop aufgeben.<br \/>2.6. Bei der erstmaligen Registrierung im Online-Shop \u00fcber das Konto muss der Kunde seine E-Mail-Adresse angeben, ein sicheres Passwort erstellen und genaue personenbezogene Daten f\u00fcr den Online-Shop angeben. Der Kunde ist f\u00fcr deren Richtigkeit verantwortlich.<br \/>2.7. Bei der Nutzung der Dienstleistungen sowie beim Einkauf im Online-Shop muss der Kunde stets genaue personenbezogene Daten angeben und ist f\u00fcr deren Richtigkeit verantwortlich.<br \/>2.8. Der Kunde hat das Recht, personenbezogene Daten im Konto jederzeit zu \u00e4ndern oder zu erg\u00e4nzen oder den Online-Shop zu ersuchen, das Konto zu l\u00f6schen.<br \/>2.9. Der Kunde darf das Passwort nicht an Dritte weitergeben und muss es sicher aufbewahren, andernfalls tr\u00e4gt er die volle Verantwortung.<br \/>2.10. Das Unternehmen hat das Recht, die Datenschutzrichtlinie vollst\u00e4ndig oder teilweise zu \u00e4ndern oder zu erg\u00e4nzen. \u00c4nderungen treten am Tag ihrer Ver\u00f6ffentlichung im Online-Shop in Kraft.<\/p><h3>3. Sammlung, Verarbeitung und Speicherung personenbezogener Daten<\/h3><p>3.1. Das Unternehmen respektiert das Recht jedes Kunden auf Privatsph\u00e4re. Die personenbezogenen Daten des Kunden (d. h. Name, Nachname, E-Mail-Adresse, Telefonnummer, Lieferadresse der Ware\/Dienstleistung, Alter\/Geburtsjahr, Zahlungsdaten der Ware\/Dienstleistung (Bankkontonummer, Zahlungsart usw.), Einkaufshistorie und \u2013 sofern der Kunde zustimmt \u2013 Alter, Geschlecht, Geburtsdatum, Wohnort) werden zu folgenden Zwecken gesammelt und verarbeitet:<br \/>3.1.1. Zum Zweck des elektronischen Handels werden folgende Daten verarbeitet: Name, Nachname, Wohnadresse, Einkaufshistorie (Art der gekauften Waren, ausgegebene Betr\u00e4ge), Telefonnummer, E-Mail-Adresse;<br \/>3.1.2. Zum Zweck des Direktmarketings werden folgende Daten verarbeitet: Name, Nachname, Geburtsdatum, Wohnadresse, Mobiltelefonnummer, E-Mail-Adresse;<br \/>3.1.3. Zur Verwaltung elektronischer Anfragen und zum Zweck des Direktmarketings werden folgende Daten verarbeitet: Name, Nachname, Adresse, Geschlecht, Telefonnummer, E-Mail-Adresse;<br \/>3.1.4. Aufzeichnung von Telefongespr\u00e4chen im Rahmen des elektronischen Handels, bei der Einholung von Einwilligungen zur Verarbeitung personenbezogener Daten zu Zwecken des Direktmarketings, bei der Erf\u00fcllung vertraglicher Verpflichtungen, bei der L\u00f6sung vertraglicher Anspr\u00fcche und Streitigkeiten, zur Gew\u00e4hrleistung und Verbesserung der Servicequalit\u00e4t. Verarbeitet werden: Name, Nachname, Telefonnummer, Telefonaufzeichnung.<br \/>3.2. Der Kunde als betroffene Person hat folgende Rechte im Zusammenhang mit der Verarbeitung seiner personenbezogenen Daten:<br \/>3.2.1. Sich an das Unternehmen zu wenden mit dem Antrag, Information dar\u00fcber zu erhalten, ob das Unternehmen seine personenbezogenen Daten verarbeitet, und falls ja \u2013 Einsicht in die verarbeiteten Daten zu erhalten;<br \/>3.2.2. Das Unternehmen aufzufordern, seine personenbezogenen Daten zu berichtigen und\/oder die Verarbeitung auszusetzen, au\u00dfer der Speicherung \u2013 wenn festgestellt wird, dass die Daten unrichtig, unvollst\u00e4ndig oder unpr\u00e4zise sind;<br \/>3.2.3. Das Unternehmen aufzufordern, personenbezogene Daten zu l\u00f6schen, die ausschlie\u00dflich auf Basis seiner Einwilligung verarbeitet werden, wenn der Kunde diese Einwilligung widerruft. Dieses Recht gilt nicht, wenn die Daten auf anderer rechtlicher Grundlage verarbeitet werden, z. B. zur Vertragserf\u00fcllung oder zur Erf\u00fcllung gesetzlicher Pflichten;<br \/>3.2.4. Die Verarbeitung seiner personenbezogenen Daten gem\u00e4\u00df den geltenden Rechtsvorschriften einzuschr\u00e4nken, z. B. f\u00fcr den Zeitraum, in dem das Unternehmen pr\u00fcft, ob der Kunde das Recht hat, die L\u00f6schung der Daten zu verlangen;<br \/>3.2.5. Die personenbezogenen Daten, die er selbst bereitgestellt hat und die auf Grundlage seiner Einwilligung oder zur Vertragserf\u00fcllung verarbeitet werden, in schriftlicher oder elektronischer Form zu erhalten und \u2013 soweit m\u00f6glich \u2013 an einen anderen Dienstleister zu \u00fcbertragen (Daten\u00fcbertragbarkeit);<br \/>3.2.6. Der Verarbeitung seiner personenbezogenen Daten zu widersprechen, wenn die Rechtsgrundlage daf\u00fcr berechtigte Interessen sind, einschlie\u00dflich Profiling zu Zwecken des Direktmarketings (z. B. Erhalt von Marketingangeboten oder Teilnahme an Umfragen);<br \/>3.2.7. Die Einwilligung zur Verarbeitung personenbezogener Daten zu Zwecken des Direktmarketings jederzeit zu widerrufen;<br \/>3.2.8. Sich an die staatliche Datenschutzaufsichtsbeh\u00f6rde zu wenden, wenn das Problem mit dem Unternehmen nicht gel\u00f6st werden kann.<br \/>3.3. Die personenbezogenen Daten des Kunden werden nicht an Dritte weitergegeben, au\u00dfer in folgenden F\u00e4llen:<br \/>3.3.1. Wenn die Einwilligung des Kunden vorliegt, wie in dieser Datenschutzrichtlinie vorgesehen;<br \/>3.3.2. Die personenbezogenen Daten werden zu Zwecken des elektronischen Handels Partnern \u00fcbermittelt, die dem Unternehmen Dienstleistungen im Zusammenhang mit seiner T\u00e4tigkeit erbringen;<br \/>3.3.4. In F\u00e4llen, die in den Gesetzen und Rechtsakten der Republik Litauen vorgesehen sind \u2013 an zust\u00e4ndige Beh\u00f6rden.<br \/>3.4. Der Kunde ist dar\u00fcber informiert, dass er das Recht hat, der Verarbeitung seiner personenbezogenen Daten zu Zwecken des Direktmarketings zu widersprechen \u2013 sofort oder sp\u00e4ter.<br \/>3.5. Wenn der Kunde der Datenschutzrichtlinie nicht zustimmt, kann er die Dienstleistungen des Online-Shops nicht nutzen.<br \/>3.6. Das Unternehmen implementiert organisatorische und technische Ma\u00dfnahmen, um personenbezogene Daten vor zuf\u00e4lliger oder unrechtm\u00e4\u00dfiger Vernichtung, Ver\u00e4nderung, Offenlegung sowie sonstiger unrechtm\u00e4\u00dfiger Verarbeitung zu sch\u00fctzen. Das Schutzniveau entspricht den gesetzlichen Anforderungen. Die personenbezogenen Daten werden ab dem Moment der Autorisierung im Online-Shop verschl\u00fcsselt. Der Kaufvorgang erfolgt \u00fcber das https:\/\/ Protokoll. Zugriff haben nur autorisierte Personen des Unternehmens.<br \/>3.7. Der Kunde stimmt zu, dass seine personenbezogenen Daten l\u00e4nger als in dieser Datenschutzrichtlinie vorgesehen gespeichert werden k\u00f6nnen, wenn dies aufgrund von Anweisungen zust\u00e4ndiger Beh\u00f6rden erforderlich ist und\/oder die Daten m\u00f6glicherweise im Rahmen illegaler Aktivit\u00e4ten verwendet wurden oder ein begr\u00fcndeter Verdacht auf Identit\u00e4tsdiebstahl besteht oder andere gesetzliche Gr\u00fcnde vorliegen.<br \/>3.8. Nach Erhalt eines Antrags oder einer Anfrage zur Verarbeitung personenbezogener Daten antwortet das Unternehmen dem Kunden innerhalb von sp\u00e4testens 30 Kalendertagen mit der Erf\u00fcllung oder einer begr\u00fcndeten Ablehnung. Auf Wunsch erfolgt die Antwort schriftlich.<br \/>3.9. Damit der Online-Shop dem Kunden vollwertige Dienstleistungen anbieten kann, wird auf dem Computer (Ger\u00e4t) des Kunden Information (Cookies) gespeichert, die zur Identifizierung fr\u00fcherer Nutzer, zur Sammlung von Besuchsstatistiken und zur Information \u00fcber den Warenkorb verwendet wird. Der Kunde kann jederzeit einige oder alle gespeicherten Cookies l\u00f6schen, wie in der Informationsmitteilung \u00fcber Cookies auf der Website beschrieben.<\/p>\t\t\t\t\t\t\t\t<\/div>\n\t\t\t\t<\/div>\n\t\t\t\t\t<\/div>\n\t\t\t\t<\/div>\n\t\t\t\t<\/div>","protected":false},"excerpt":{"rendered":"<p>DATENSCHUTZRICHTLINIE Wir respektieren die Rechte unserer Kunden und anderer betroffener Personen auf ihre private Information und verarbeiten ihre personenbezogenen Daten rechtm\u00e4\u00dfig und fair, um ihr&#8230;<\/p>","protected":false},"author":1,"featured_media":0,"parent":0,"menu_order":0,"comment_status":"closed","ping_status":"closed","template":"","meta":{"footnotes":""},"class_list":["post-2472","page","type-page","status-publish","hentry"],"yoast_head":"<!-- This site is optimized with the Yoast SEO Premium plugin v25.9 (Yoast SEO v27.4) - https:\/\/yoast.com\/product\/yoast-seo-premium-wordpress\/ -->\n<title>Datenschutzrichtlinie<\/title>\n<meta name=\"robots\" content=\"noindex, nofollow\" \/>\n<meta property=\"og:locale\" content=\"ru_RU\" \/>\n<meta property=\"og:type\" content=\"article\" \/>\n<meta property=\"og:title\" content=\"Datenschutzrichtlinie\" \/>\n<meta property=\"og:description\" content=\"DATENSCHUTZRICHTLINIE Wir respektieren die Rechte unserer Kunden und anderer betroffener Personen auf ihre private Information und verarbeiten ihre personenbezogenen Daten rechtm\u00e4\u00dfig und fair, um ihr...\" \/>\n<meta property=\"og:url\" content=\"https:\/\/www.ortungsgerate.de\/ru\/datenschutzrichtlinie\/\" \/>\n<meta property=\"og:site_name\" content=\"Ortungsger\u00e4te.de\" \/>\n<meta property=\"article:modified_time\" content=\"2025-11-26T10:52:04+00:00\" \/>\n<meta name=\"twitter:card\" content=\"summary_large_image\" \/>\n<meta name=\"twitter:label1\" content=\"\u041f\u0440\u0438\u043c\u0435\u0440\u043d\u043e\u0435 \u0432\u0440\u0435\u043c\u044f \u0434\u043b\u044f \u0447\u0442\u0435\u043d\u0438\u044f\" \/>\n\t<meta name=\"twitter:data1\" content=\"8 \u043c\u0438\u043d\u0443\u0442\" \/>\n<script type=\"application\/ld+json\" class=\"yoast-schema-graph\">{\"@context\":\"https:\\\/\\\/schema.org\",\"@graph\":[{\"@type\":\"WebPage\",\"@id\":\"https:\\\/\\\/www.ortungsgerate.de\\\/datenschutzrichtlinie\\\/\",\"url\":\"https:\\\/\\\/www.ortungsgerate.de\\\/datenschutzrichtlinie\\\/\",\"name\":\"Datenschutzrichtlinie\",\"isPartOf\":{\"@id\":\"https:\\\/\\\/www.ortungsgerate.de\\\/#website\"},\"datePublished\":\"2024-02-08T16:25:35+00:00\",\"dateModified\":\"2025-11-26T10:52:04+00:00\",\"breadcrumb\":{\"@id\":\"https:\\\/\\\/www.ortungsgerate.de\\\/datenschutzrichtlinie\\\/#breadcrumb\"},\"inLanguage\":\"ru-RU\",\"potentialAction\":[{\"@type\":\"ReadAction\",\"target\":[\"https:\\\/\\\/www.ortungsgerate.de\\\/datenschutzrichtlinie\\\/\"]}]},{\"@type\":\"BreadcrumbList\",\"@id\":\"https:\\\/\\\/www.ortungsgerate.de\\\/datenschutzrichtlinie\\\/#breadcrumb\",\"itemListElement\":[{\"@type\":\"ListItem\",\"position\":1,\"name\":\"Startseite\",\"item\":\"https:\\\/\\\/www.ortungsgerate.de\\\/\"},{\"@type\":\"ListItem\",\"position\":2,\"name\":\"Datenschutzrichtlinie\"}]},{\"@type\":\"WebSite\",\"@id\":\"https:\\\/\\\/www.ortungsgerate.de\\\/#website\",\"url\":\"https:\\\/\\\/www.ortungsgerate.de\\\/\",\"name\":\"Ortungsgerate.de\",\"description\":\"\",\"publisher\":{\"@id\":\"https:\\\/\\\/www.ortungsgerate.de\\\/#organization\"},\"potentialAction\":[{\"@type\":\"SearchAction\",\"target\":{\"@type\":\"EntryPoint\",\"urlTemplate\":\"https:\\\/\\\/www.ortungsgerate.de\\\/?s={search_term_string}\"},\"query-input\":{\"@type\":\"PropertyValueSpecification\",\"valueRequired\":true,\"valueName\":\"search_term_string\"}}],\"inLanguage\":\"ru-RU\"},{\"@type\":\"Organization\",\"@id\":\"https:\\\/\\\/www.ortungsgerate.de\\\/#organization\",\"name\":\"Ortungsgerate.de\",\"url\":\"https:\\\/\\\/www.ortungsgerate.de\\\/\",\"logo\":{\"@type\":\"ImageObject\",\"inLanguage\":\"ru-RU\",\"@id\":\"https:\\\/\\\/www.ortungsgerate.de\\\/#\\\/schema\\\/logo\\\/image\\\/\",\"url\":\"https:\\\/\\\/www.ortungsgerate.de\\\/wp-content\\\/uploads\\\/ortungsgerate.png\",\"contentUrl\":\"https:\\\/\\\/www.ortungsgerate.de\\\/wp-content\\\/uploads\\\/ortungsgerate.png\",\"width\":500,\"height\":135,\"caption\":\"Ortungsgerate.de\"},\"image\":{\"@id\":\"https:\\\/\\\/www.ortungsgerate.de\\\/#\\\/schema\\\/logo\\\/image\\\/\"}}]}<\/script>\n<!-- \/ Yoast SEO Premium plugin. -->","yoast_head_json":{"title":"\u041f\u043e\u043b\u0438\u0442\u0438\u043a\u0430 \u043a\u043e\u043d\u0444\u0438\u0434\u0435\u043d\u0446\u0438\u0430\u043b\u044c\u043d\u043e\u0441\u0442\u0438","robots":{"index":"noindex","follow":"nofollow"},"og_locale":"ru_RU","og_type":"article","og_title":"Datenschutzrichtlinie","og_description":"DATENSCHUTZRICHTLINIE Wir respektieren die Rechte unserer Kunden und anderer betroffener Personen auf ihre private Information und verarbeiten ihre personenbezogenen Daten rechtm\u00e4\u00dfig und fair, um ihr...","og_url":"https:\/\/www.ortungsgerate.de\/ru\/datenschutzrichtlinie\/","og_site_name":"Ortungsger\u00e4te.de","article_modified_time":"2025-11-26T10:52:04+00:00","twitter_card":"summary_large_image","twitter_misc":{"\u041f\u0440\u0438\u043c\u0435\u0440\u043d\u043e\u0435 \u0432\u0440\u0435\u043c\u044f \u0434\u043b\u044f \u0447\u0442\u0435\u043d\u0438\u044f":"8 \u043c\u0438\u043d\u0443\u0442"},"schema":{"@context":"https:\/\/schema.org","@graph":[{"@type":"WebPage","@id":"https:\/\/www.ortungsgerate.de\/datenschutzrichtlinie\/","url":"https:\/\/www.ortungsgerate.de\/datenschutzrichtlinie\/","name":"\u041f\u043e\u043b\u0438\u0442\u0438\u043a\u0430 \u043a\u043e\u043d\u0444\u0438\u0434\u0435\u043d\u0446\u0438\u0430\u043b\u044c\u043d\u043e\u0441\u0442\u0438","isPartOf":{"@id":"https:\/\/www.ortungsgerate.de\/#website"},"datePublished":"2024-02-08T16:25:35+00:00","dateModified":"2025-11-26T10:52:04+00:00","breadcrumb":{"@id":"https:\/\/www.ortungsgerate.de\/datenschutzrichtlinie\/#breadcrumb"},"inLanguage":"ru-RU","potentialAction":[{"@type":"ReadAction","target":["https:\/\/www.ortungsgerate.de\/datenschutzrichtlinie\/"]}]},{"@type":"BreadcrumbList","@id":"https:\/\/www.ortungsgerate.de\/datenschutzrichtlinie\/#breadcrumb","itemListElement":[{"@type":"ListItem","position":1,"name":"Startseite","item":"https:\/\/www.ortungsgerate.de\/"},{"@type":"ListItem","position":2,"name":"Datenschutzrichtlinie"}]},{"@type":"WebSite","@id":"https:\/\/www.ortungsgerate.de\/#website","url":"https:\/\/www.ortungsgerate.de\/","name":"Ortungsgerate.de","description":"","publisher":{"@id":"https:\/\/www.ortungsgerate.de\/#organization"},"potentialAction":[{"@type":"SearchAction","target":{"@type":"EntryPoint","urlTemplate":"https:\/\/www.ortungsgerate.de\/?s={search_term_string}"},"query-input":{"@type":"PropertyValueSpecification","valueRequired":true,"valueName":"search_term_string"}}],"inLanguage":"ru-RU"},{"@type":"Organization","@id":"https:\/\/www.ortungsgerate.de\/#organization","name":"Ortungsgerate.de","url":"https:\/\/www.ortungsgerate.de\/","logo":{"@type":"ImageObject","inLanguage":"ru-RU","@id":"https:\/\/www.ortungsgerate.de\/#\/schema\/logo\/image\/","url":"https:\/\/www.ortungsgerate.de\/wp-content\/uploads\/ortungsgerate.png","contentUrl":"https:\/\/www.ortungsgerate.de\/wp-content\/uploads\/ortungsgerate.png","width":500,"height":135,"caption":"Ortungsgerate.de"},"image":{"@id":"https:\/\/www.ortungsgerate.de\/#\/schema\/logo\/image\/"}}]}},"_links":{"self":[{"href":"https:\/\/www.ortungsgerate.de\/ru\/wp-json\/wp\/v2\/pages\/2472","targetHints":{"allow":["GET"]}}],"collection":[{"href":"https:\/\/www.ortungsgerate.de\/ru\/wp-json\/wp\/v2\/pages"}],"about":[{"href":"https:\/\/www.ortungsgerate.de\/ru\/wp-json\/wp\/v2\/types\/page"}],"author":[{"embeddable":true,"href":"https:\/\/www.ortungsgerate.de\/ru\/wp-json\/wp\/v2\/users\/1"}],"replies":[{"embeddable":true,"href":"https:\/\/www.ortungsgerate.de\/ru\/wp-json\/wp\/v2\/comments?post=2472"}],"version-history":[{"count":0,"href":"https:\/\/www.ortungsgerate.de\/ru\/wp-json\/wp\/v2\/pages\/2472\/revisions"}],"wp:attachment":[{"href":"https:\/\/www.ortungsgerate.de\/ru\/wp-json\/wp\/v2\/media?parent=2472"}],"curies":[{"name":"wp","href":"https:\/\/api.w.org\/{rel}","templated":true}]}}