{"id":16346,"date":"2025-09-18T06:36:05","date_gmt":"2025-09-18T03:36:05","guid":{"rendered":"https:\/\/ortungsgerate.de\/be-kategorijos\/mini-diktofonas-aukstos-kokybes-garso-irasai-192-kbps-aktyvuojasi-nuo-balso\/"},"modified":"2025-11-26T19:07:16","modified_gmt":"2025-11-26T17:07:16","slug":"mini-diktofon-s-kachestvennoy-audiozapisyu-192-kbit-s-aktiviruemyy-golosom","status":"publish","type":"product","link":"https:\/\/www.ortungsgerate.de\/ru\/13-diktofony-2\/mini-diktofon-s-kachestvennoy-audiozapisyu-192-kbit-s-aktiviruemyy-golosom\/","title":{"rendered":"\u041c\u0438\u043d\u0438-\u0434\u0438\u043a\u0442\u043e\u0444\u043e\u043d \u0441 \u043a\u0430\u0447\u0435\u0441\u0442\u0432\u0435\u043d\u043d\u043e\u0439 \u0430\u0443\u0434\u0438\u043e\u0437\u0430\u043f\u0438\u0441\u044c\u044e 192 \u043a\u0431\u0438\u0442\/\u0441, \u0430\u043a\u0442\u0438\u0432\u0438\u0440\u0443\u0435\u043c\u044b\u0439 \u0433\u043e\u043b\u043e\u0441\u043e\u043c"},"content":{"rendered":"<h3><span style=\"color: #d0121a\">ORIGINALE WARE KEINE KOPIE<\/span><\/h3>\n<h3>TECHNISCHE PARAMETER<\/h3>\n<ul>\n<li>Entfernung: ca. 8 m &#8211; 15 m<\/li>\n<li>Aufnahmequalit\u00e4t: 192 kbps<\/li>\n<li>Gewicht: Nur 8 Gramm<\/li>\n<li>Aufnahme wird bei Ger\u00e4uschen ab 45dB aktiviert<\/li>\n<li>Interner Speicher: 8 GB (genug f\u00fcr ca. 448 Stunden Aufnahmen, das sind 14 Tage ununterbrochene Audioaufnahme)<\/li>\n<li>Betriebszeit: ca. 17 Stunden<\/li>\n<li>Spracherkennungsfunktion: JA<\/li>\n<li>Aufnahmeformat: WAV (h\u00f6chste Audioqualit\u00e4t)<\/li>\n<li>Keine Zeitstempel<\/li>\n<li>Batteriekapazit\u00e4t: 110 mAh<\/li>\n<li>Betriebssystem: \u201eWindows\u201c \u201eMacOS\u201c<\/li>\n<li>Ger\u00e4tegr\u00f6\u00dfe: 45 mm x 17 mm x 5 mm<\/li>\n<li>Aufladung \u00fcber Computer oder Ladeger\u00e4t 3,7 -5v. USB<\/li>\n<li><strong>\u0413\u0410\u0420\u0410\u041d\u0422\u0418\u042f 12 \u043c\u0435\u0441\u044f\u0446\u0435\u0432<\/strong><\/li>\n<\/ul>\n<p>&nbsp;<\/p>\n<p>\u0418\u0441\u043f\u043e\u043b\u044c\u0437\u043e\u0432\u0430\u043d\u0438\u0435: \u0414\u043b\u044f \u0432\u0430\u0448\u0435\u0439 \u0431\u0435\u0437\u043e\u043f\u0430\u0441\u043d\u043e\u0441\u0442\u0438 \u0438 \u0431\u0435\u0437\u043e\u043f\u0430\u0441\u043d\u043e\u0441\u0442\u0438 \u0432\u0430\u0448\u0438\u0445 \u0434\u0435\u0442\u0435\u0439.<\/p>\n<p><strong>Professioneller Mini <a href=\"https:\/\/www.ortungsgerate.de\/ru\/13-diktofony-2\/\">\u0414\u0438\u043a\u0442\u043e\u0444\u043e\u043d<\/a><\/strong><\/p>\n<p>Das Diktierger\u00e4t ist eines der fortschrittlichsten und unauff\u00e4lligsten Ger\u00e4te auf dem Markt. Das praktische Design (miniaturisiert, aber sehr robustes Diktierger\u00e4t-Geh\u00e4use gew\u00e4hrleistet Geheimhaltung und Sicherheit) und die einfache Bedienung (das Ger\u00e4t wird \u00fcber einen Schiebeschalter gesteuert: Ein- (ON) und Ausschaltposition (OFF)) erm\u00f6glichen eine bequeme Nutzung in jeder Situation und sogar unter schwierigen Umst\u00e4nden: <a href=\"https:\/\/www.ortungsgerate.de\/ru\/13-diktofony-2\/\">\u0414\u0438\u043a\u0442\u043e\u0444\u043e\u043d<\/a> erf\u00fcllt seine Funktionen nicht nur in offenen R\u00e4umen (im Raum, B\u00fcro oder Auto), sondern auch versteckt zwischen Gegenst\u00e4nden (im Schrank, in der Tasche oder in der Hosentasche).<\/p>\n<p>Ein weiterer Vorteil dieses Ger\u00e4ts ist der langlebige Diktierger\u00e4t-Akku und der gro\u00dfe interne Speicher. Das Diktierger\u00e4t kann etwa 11 Stunden ununterbrochen aufnehmen und bis zu 100 Stunden Audioaufnahmen speichern, die in einem 8 GB gro\u00dfen internen Speicher gesichert sind.<\/p>\n<p><strong>ANWENDUNGSOPTIONEN<\/strong><\/p>\n<p>Das praktische Design, die kompakte Gr\u00f6\u00dfe und die Qualit\u00e4t des Ger\u00e4ts bieten v\u00f6llige Freiheit in der Nutzung nach den Bed\u00fcrfnissen jedes Einzelnen, und die einfache Bedienung garantiert, dass keine Betriebsprobleme auftreten.<\/p>\n<p>Die zus\u00e4tzliche Spracherkennungsfunktion (das Diktierger\u00e4t beginnt mit der Aufnahme, nachdem es Ger\u00e4usche im Raum erkannt hat) vereinfacht die Wiedergabe von Aufnahmen \u2013 es ist nicht n\u00f6tig, Passagen aufzunehmen und anzuh\u00f6ren, wenn es im Raum still ist.<\/p>\n<p><strong>BATTERIE- UND SPEICHEREIGENSCHAFTEN<\/strong><\/p>\n<p>Die integrierte Diktierger\u00e4t-Batteriekapazit\u00e4t betr\u00e4gt 110 mAh. Sie kann Aufnahmen von bis zu 11 Stunden Dauer aufzeichnen.<\/p>\n<p>Die Batterie wird \u00fcber ein USB-Kabel (angeschlossen an den Computer) oder ein Ladeger\u00e4t (Strom aus der Steckdose; 5V) aufgeladen.<\/p>\n<p>Im 8 GB gro\u00dfen Speicher k\u00f6nnen Audioaufnahmen von etwa 100 Stunden Dauer gespeichert werden. Die Aufnahmen werden im WAV-Format aufgezeichnet.<\/p>\n<p><strong>GER\u00c4TESCHUTZ<\/strong><\/p>\n<p>Mit dem Diktierger\u00e4t ist es sicher, nicht nur Ger\u00e4usche aufzuzeichnen, sondern sie auch zu archivieren \u2013 die Dateien im Speicher k\u00f6nnen nur mit den im Lieferumfang enthaltenen Zubeh\u00f6rteilen abgerufen und auf andere Medien \u00fcbertragen werden.<\/p>\n<p>Es ist auch m\u00f6glich, Aufnahmen direkt vom Diktierger\u00e4t anzuh\u00f6ren \u2013 beim Anschluss von Kopfh\u00f6rern werden zuerst 2 Musikaufnahmen abgespielt, die verwirren und helfen, Informationen zu sch\u00fctzen.<\/p>\n<p><strong>VORTEILE DES DIKTIERGER\u00c4TS<\/strong><\/p>\n<p>Das Diktierger\u00e4t zeichnet sich durch ein \u00e4u\u00dferst robustes Geh\u00e4use und eine hohe Aufnahmequalit\u00e4t aus (es nimmt Ger\u00e4usche bis zu 8 Meter Entfernung \/ 192 kbps auf).<\/p>\n<p>Das kompakte, miniaturisierte Design garantiert Geheimhaltung und verleiht dem Ger\u00e4t einen Vorteil im Vergleich zu anderen Ger\u00e4ten dieses Typs auf dem Markt.<\/p>\n<div class=\"iframe-container\"><\/div>","protected":false},"excerpt":{"rendered":"<p>ORIGINALE WARE KEINE KOPIE TECHNISCHE PARAMETER Entfernung: ca. 8 m &#8211; 15 m Aufnahmequalit\u00e4t: 192 kbps Gewicht: Nur 8 Gramm Aufnahme wird bei Ger\u00e4uschen ab&#8230;<\/p>","protected":false},"featured_media":27665,"template":"","meta":[],"etheme_brands":[],"product_brand":[],"product_cat":[207],"product_tag":[709,710],"class_list":{"0":"post-16346","1":"product","2":"type-product","3":"status-publish","4":"has-post-thumbnail","6":"product_cat-13-diktiergeraete","7":"product_tag-gespraechsaufzeichnung","8":"product_tag-professionelles-diktiergeraet","9":"pa_typ-diktiergeraet","11":"first","12":"instock","13":"sale","14":"taxable","15":"shipping-taxable","16":"purchasable","17":"product-type-simple"},"yoast_head":"<!-- This site is optimized with the Yoast SEO Premium plugin v25.9 (Yoast SEO v27.4) - https:\/\/yoast.com\/product\/yoast-seo-premium-wordpress\/ -->\n<title>Mini-Diktierger\u00e4t aktiviert durch Ger\u00e4usch hochwertige Aufnahmen 192kbps<\/title>\n<meta name=\"description\" content=\"Kleiner, sehr praktischer Diktierger\u00e4t mit Aufnahmeaktivierung durch Ger\u00e4usch. Einfach zu bedienen, besonders gute Tonaufnahmequalit\u00e4t. Abmessungen nur 110 mm x 22 mm x 22 mm.\" \/>\n<meta name=\"robots\" content=\"index, follow, max-snippet:-1, max-image-preview:large, max-video-preview:-1\" \/>\n<link rel=\"canonical\" href=\"https:\/\/www.ortungsgerate.de\/ru\/13-diktofony-2\/mini-diktofon-s-kachestvennoy-audiozapisyu-192-kbit-s-aktiviruemyy-golosom\/\" \/>\n<meta property=\"og:locale\" content=\"ru_RU\" \/>\n<meta property=\"og:type\" content=\"article\" \/>\n<meta property=\"og:title\" content=\"Mini-Diktofon mit hochwertiger Audioaufnahme 192 kbps, aktiviert durch Stimme\" \/>\n<meta property=\"og:description\" content=\"Kleiner, sehr praktischer Diktierger\u00e4t mit Aufnahmeaktivierung durch Ger\u00e4usch. Einfach zu bedienen, besonders gute Tonaufnahmequalit\u00e4t. Abmessungen nur 110 mm x 22 mm x 22 mm.\" \/>\n<meta property=\"og:url\" content=\"https:\/\/www.ortungsgerate.de\/ru\/13-diktofony-2\/mini-diktofon-s-kachestvennoy-audiozapisyu-192-kbit-s-aktiviruemyy-golosom\/\" \/>\n<meta property=\"og:site_name\" content=\"Ortungsger\u00e4te.de\" \/>\n<meta property=\"article:modified_time\" content=\"2025-11-26T17:07:16+00:00\" \/>\n<meta property=\"og:image\" content=\"https:\/\/www.ortungsgerate.de\/wp-content\/uploads\/mini-diktofonas-aukstos-kokybes-garso-irasai-192-kbps-4.jpg\" \/>\n\t<meta property=\"og:image:width\" content=\"1000\" \/>\n\t<meta property=\"og:image:height\" content=\"1000\" \/>\n\t<meta property=\"og:image:type\" content=\"image\/jpeg\" \/>\n<meta name=\"twitter:card\" content=\"summary_large_image\" \/>\n<meta name=\"twitter:label1\" content=\"\u041f\u0440\u0438\u043c\u0435\u0440\u043d\u043e\u0435 \u0432\u0440\u0435\u043c\u044f \u0434\u043b\u044f \u0447\u0442\u0435\u043d\u0438\u044f\" \/>\n\t<meta name=\"twitter:data1\" content=\"3 \u043c\u0438\u043d\u0443\u0442\u044b\" \/>\n<script type=\"application\/ld+json\" class=\"yoast-schema-graph\">{\"@context\":\"https:\\\/\\\/schema.org\",\"@graph\":[{\"@type\":\"WebPage\",\"@id\":\"https:\\\/\\\/www.ortungsgerate.de\\\/13-diktiergeraete\\\/mini-diktofon-mit-hochwertiger-audioaufnahme-192-kbps-aktiviert-durch-stimme\\\/\",\"url\":\"https:\\\/\\\/www.ortungsgerate.de\\\/13-diktiergeraete\\\/mini-diktofon-mit-hochwertiger-audioaufnahme-192-kbps-aktiviert-durch-stimme\\\/\",\"name\":\"Mini-Diktierger\u00e4t aktiviert durch Ger\u00e4usch hochwertige Aufnahmen 192kbps\",\"isPartOf\":{\"@id\":\"https:\\\/\\\/www.ortungsgerate.de\\\/#website\"},\"primaryImageOfPage\":{\"@id\":\"https:\\\/\\\/www.ortungsgerate.de\\\/13-diktiergeraete\\\/mini-diktofon-mit-hochwertiger-audioaufnahme-192-kbps-aktiviert-durch-stimme\\\/#primaryimage\"},\"image\":{\"@id\":\"https:\\\/\\\/www.ortungsgerate.de\\\/13-diktiergeraete\\\/mini-diktofon-mit-hochwertiger-audioaufnahme-192-kbps-aktiviert-durch-stimme\\\/#primaryimage\"},\"thumbnailUrl\":\"https:\\\/\\\/www.ortungsgerate.de\\\/wp-content\\\/uploads\\\/mini-diktofonas-aukstos-kokybes-garso-irasai-192-kbps-4.jpg\",\"datePublished\":\"2025-09-18T03:36:05+00:00\",\"dateModified\":\"2025-11-26T17:07:16+00:00\",\"description\":\"Kleiner, sehr praktischer Diktierger\u00e4t mit Aufnahmeaktivierung durch Ger\u00e4usch. Einfach zu bedienen, besonders gute Tonaufnahmequalit\u00e4t. Abmessungen nur 110 mm x 22 mm x 22 mm.\",\"breadcrumb\":{\"@id\":\"https:\\\/\\\/www.ortungsgerate.de\\\/13-diktiergeraete\\\/mini-diktofon-mit-hochwertiger-audioaufnahme-192-kbps-aktiviert-durch-stimme\\\/#breadcrumb\"},\"inLanguage\":\"ru-RU\",\"potentialAction\":[{\"@type\":\"ReadAction\",\"target\":[\"https:\\\/\\\/www.ortungsgerate.de\\\/13-diktiergeraete\\\/mini-diktofon-mit-hochwertiger-audioaufnahme-192-kbps-aktiviert-durch-stimme\\\/\"]}]},{\"@type\":\"ImageObject\",\"inLanguage\":\"ru-RU\",\"@id\":\"https:\\\/\\\/www.ortungsgerate.de\\\/13-diktiergeraete\\\/mini-diktofon-mit-hochwertiger-audioaufnahme-192-kbps-aktiviert-durch-stimme\\\/#primaryimage\",\"url\":\"https:\\\/\\\/www.ortungsgerate.de\\\/wp-content\\\/uploads\\\/mini-diktofonas-aukstos-kokybes-garso-irasai-192-kbps-4.jpg\",\"contentUrl\":\"https:\\\/\\\/www.ortungsgerate.de\\\/wp-content\\\/uploads\\\/mini-diktofonas-aukstos-kokybes-garso-irasai-192-kbps-4.jpg\",\"width\":1000,\"height\":1000,\"caption\":\"Versteckter Diktierger\u00e4t zur Gespr\u00e4chsaufzeichnung\"},{\"@type\":\"BreadcrumbList\",\"@id\":\"https:\\\/\\\/www.ortungsgerate.de\\\/13-diktiergeraete\\\/mini-diktofon-mit-hochwertiger-audioaufnahme-192-kbps-aktiviert-durch-stimme\\\/#breadcrumb\",\"itemListElement\":[{\"@type\":\"ListItem\",\"position\":1,\"name\":\"Startseite\",\"item\":\"https:\\\/\\\/www.ortungsgerate.de\\\/\"},{\"@type\":\"ListItem\",\"position\":2,\"name\":\"Shop\",\"item\":\"https:\\\/\\\/www.ortungsgerate.de\\\/shop\\\/\"},{\"@type\":\"ListItem\",\"position\":3,\"name\":\"Mini-Diktofon mit hochwertiger Audioaufnahme 192 kbps, aktiviert durch Stimme\"}]},{\"@type\":\"WebSite\",\"@id\":\"https:\\\/\\\/www.ortungsgerate.de\\\/#website\",\"url\":\"https:\\\/\\\/www.ortungsgerate.de\\\/\",\"name\":\"Ortungsgerate.de\",\"description\":\"\",\"publisher\":{\"@id\":\"https:\\\/\\\/www.ortungsgerate.de\\\/#organization\"},\"potentialAction\":[{\"@type\":\"SearchAction\",\"target\":{\"@type\":\"EntryPoint\",\"urlTemplate\":\"https:\\\/\\\/www.ortungsgerate.de\\\/?s={search_term_string}\"},\"query-input\":{\"@type\":\"PropertyValueSpecification\",\"valueRequired\":true,\"valueName\":\"search_term_string\"}}],\"inLanguage\":\"ru-RU\"},{\"@type\":\"Organization\",\"@id\":\"https:\\\/\\\/www.ortungsgerate.de\\\/#organization\",\"name\":\"Ortungsgerate.de\",\"url\":\"https:\\\/\\\/www.ortungsgerate.de\\\/\",\"logo\":{\"@type\":\"ImageObject\",\"inLanguage\":\"ru-RU\",\"@id\":\"https:\\\/\\\/www.ortungsgerate.de\\\/#\\\/schema\\\/logo\\\/image\\\/\",\"url\":\"https:\\\/\\\/www.ortungsgerate.de\\\/wp-content\\\/uploads\\\/ortungsgerate.png\",\"contentUrl\":\"https:\\\/\\\/www.ortungsgerate.de\\\/wp-content\\\/uploads\\\/ortungsgerate.png\",\"width\":500,\"height\":135,\"caption\":\"Ortungsgerate.de\"},\"image\":{\"@id\":\"https:\\\/\\\/www.ortungsgerate.de\\\/#\\\/schema\\\/logo\\\/image\\\/\"}}]}<\/script>\n<!-- \/ Yoast SEO Premium plugin. -->","yoast_head_json":{"title":"Mini-Diktierger\u00e4t aktiviert durch Ger\u00e4usch hochwertige Aufnahmen 192kbps","description":"Kleiner, sehr praktischer Diktierger\u00e4t mit Aufnahmeaktivierung durch Ger\u00e4usch. Einfach zu bedienen, besonders gute Tonaufnahmequalit\u00e4t. Abmessungen nur 110 mm x 22 mm x 22 mm.","robots":{"index":"index","follow":"follow","max-snippet":"max-snippet:-1","max-image-preview":"max-image-preview:large","max-video-preview":"max-video-preview:-1"},"canonical":"https:\/\/www.ortungsgerate.de\/ru\/13-diktofony-2\/mini-diktofon-s-kachestvennoy-audiozapisyu-192-kbit-s-aktiviruemyy-golosom\/","og_locale":"ru_RU","og_type":"article","og_title":"Mini-Diktofon mit hochwertiger Audioaufnahme 192 kbps, aktiviert durch Stimme","og_description":"Kleiner, sehr praktischer Diktierger\u00e4t mit Aufnahmeaktivierung durch Ger\u00e4usch. Einfach zu bedienen, besonders gute Tonaufnahmequalit\u00e4t. Abmessungen nur 110 mm x 22 mm x 22 mm.","og_url":"https:\/\/www.ortungsgerate.de\/ru\/13-diktofony-2\/mini-diktofon-s-kachestvennoy-audiozapisyu-192-kbit-s-aktiviruemyy-golosom\/","og_site_name":"Ortungsger\u00e4te.de","article_modified_time":"2025-11-26T17:07:16+00:00","og_image":[{"width":1000,"height":1000,"url":"https:\/\/www.ortungsgerate.de\/wp-content\/uploads\/mini-diktofonas-aukstos-kokybes-garso-irasai-192-kbps-4.jpg","type":"image\/jpeg"}],"twitter_card":"summary_large_image","twitter_misc":{"\u041f\u0440\u0438\u043c\u0435\u0440\u043d\u043e\u0435 \u0432\u0440\u0435\u043c\u044f \u0434\u043b\u044f \u0447\u0442\u0435\u043d\u0438\u044f":"3 \u043c\u0438\u043d\u0443\u0442\u044b"},"schema":{"@context":"https:\/\/schema.org","@graph":[{"@type":"WebPage","@id":"https:\/\/www.ortungsgerate.de\/13-diktiergeraete\/mini-diktofon-mit-hochwertiger-audioaufnahme-192-kbps-aktiviert-durch-stimme\/","url":"https:\/\/www.ortungsgerate.de\/13-diktiergeraete\/mini-diktofon-mit-hochwertiger-audioaufnahme-192-kbps-aktiviert-durch-stimme\/","name":"Mini-Diktierger\u00e4t aktiviert durch Ger\u00e4usch hochwertige Aufnahmen 192kbps","isPartOf":{"@id":"https:\/\/www.ortungsgerate.de\/#website"},"primaryImageOfPage":{"@id":"https:\/\/www.ortungsgerate.de\/13-diktiergeraete\/mini-diktofon-mit-hochwertiger-audioaufnahme-192-kbps-aktiviert-durch-stimme\/#primaryimage"},"image":{"@id":"https:\/\/www.ortungsgerate.de\/13-diktiergeraete\/mini-diktofon-mit-hochwertiger-audioaufnahme-192-kbps-aktiviert-durch-stimme\/#primaryimage"},"thumbnailUrl":"https:\/\/www.ortungsgerate.de\/wp-content\/uploads\/mini-diktofonas-aukstos-kokybes-garso-irasai-192-kbps-4.jpg","datePublished":"2025-09-18T03:36:05+00:00","dateModified":"2025-11-26T17:07:16+00:00","description":"Kleiner, sehr praktischer Diktierger\u00e4t mit Aufnahmeaktivierung durch Ger\u00e4usch. Einfach zu bedienen, besonders gute Tonaufnahmequalit\u00e4t. Abmessungen nur 110 mm x 22 mm x 22 mm.","breadcrumb":{"@id":"https:\/\/www.ortungsgerate.de\/13-diktiergeraete\/mini-diktofon-mit-hochwertiger-audioaufnahme-192-kbps-aktiviert-durch-stimme\/#breadcrumb"},"inLanguage":"ru-RU","potentialAction":[{"@type":"ReadAction","target":["https:\/\/www.ortungsgerate.de\/13-diktiergeraete\/mini-diktofon-mit-hochwertiger-audioaufnahme-192-kbps-aktiviert-durch-stimme\/"]}]},{"@type":"ImageObject","inLanguage":"ru-RU","@id":"https:\/\/www.ortungsgerate.de\/13-diktiergeraete\/mini-diktofon-mit-hochwertiger-audioaufnahme-192-kbps-aktiviert-durch-stimme\/#primaryimage","url":"https:\/\/www.ortungsgerate.de\/wp-content\/uploads\/mini-diktofonas-aukstos-kokybes-garso-irasai-192-kbps-4.jpg","contentUrl":"https:\/\/www.ortungsgerate.de\/wp-content\/uploads\/mini-diktofonas-aukstos-kokybes-garso-irasai-192-kbps-4.jpg","width":1000,"height":1000,"caption":"Versteckter Diktierger\u00e4t zur Gespr\u00e4chsaufzeichnung"},{"@type":"BreadcrumbList","@id":"https:\/\/www.ortungsgerate.de\/13-diktiergeraete\/mini-diktofon-mit-hochwertiger-audioaufnahme-192-kbps-aktiviert-durch-stimme\/#breadcrumb","itemListElement":[{"@type":"ListItem","position":1,"name":"Startseite","item":"https:\/\/www.ortungsgerate.de\/"},{"@type":"ListItem","position":2,"name":"Shop","item":"https:\/\/www.ortungsgerate.de\/shop\/"},{"@type":"ListItem","position":3,"name":"Mini-Diktofon mit hochwertiger Audioaufnahme 192 kbps, aktiviert durch Stimme"}]},{"@type":"WebSite","@id":"https:\/\/www.ortungsgerate.de\/#website","url":"https:\/\/www.ortungsgerate.de\/","name":"Ortungsgerate.de","description":"","publisher":{"@id":"https:\/\/www.ortungsgerate.de\/#organization"},"potentialAction":[{"@type":"SearchAction","target":{"@type":"EntryPoint","urlTemplate":"https:\/\/www.ortungsgerate.de\/?s={search_term_string}"},"query-input":{"@type":"PropertyValueSpecification","valueRequired":true,"valueName":"search_term_string"}}],"inLanguage":"ru-RU"},{"@type":"Organization","@id":"https:\/\/www.ortungsgerate.de\/#organization","name":"Ortungsgerate.de","url":"https:\/\/www.ortungsgerate.de\/","logo":{"@type":"ImageObject","inLanguage":"ru-RU","@id":"https:\/\/www.ortungsgerate.de\/#\/schema\/logo\/image\/","url":"https:\/\/www.ortungsgerate.de\/wp-content\/uploads\/ortungsgerate.png","contentUrl":"https:\/\/www.ortungsgerate.de\/wp-content\/uploads\/ortungsgerate.png","width":500,"height":135,"caption":"Ortungsgerate.de"},"image":{"@id":"https:\/\/www.ortungsgerate.de\/#\/schema\/logo\/image\/"}}]}},"_links":{"self":[{"href":"https:\/\/www.ortungsgerate.de\/ru\/wp-json\/wp\/v2\/product\/16346","targetHints":{"allow":["GET"]}}],"collection":[{"href":"https:\/\/www.ortungsgerate.de\/ru\/wp-json\/wp\/v2\/product"}],"about":[{"href":"https:\/\/www.ortungsgerate.de\/ru\/wp-json\/wp\/v2\/types\/product"}],"version-history":[{"count":0,"href":"https:\/\/www.ortungsgerate.de\/ru\/wp-json\/wp\/v2\/product\/16346\/revisions"}],"wp:featuredmedia":[{"embeddable":true,"href":"https:\/\/www.ortungsgerate.de\/ru\/wp-json\/wp\/v2\/media\/27665"}],"wp:attachment":[{"href":"https:\/\/www.ortungsgerate.de\/ru\/wp-json\/wp\/v2\/media?parent=16346"}],"wp:term":[{"taxonomy":"brand","embeddable":true,"href":"https:\/\/www.ortungsgerate.de\/ru\/wp-json\/wp\/v2\/etheme_brands?post=16346"},{"taxonomy":"product_brand","embeddable":true,"href":"https:\/\/www.ortungsgerate.de\/ru\/wp-json\/wp\/v2\/product_brand?post=16346"},{"taxonomy":"product_cat","embeddable":true,"href":"https:\/\/www.ortungsgerate.de\/ru\/wp-json\/wp\/v2\/product_cat?post=16346"},{"taxonomy":"product_tag","embeddable":true,"href":"https:\/\/www.ortungsgerate.de\/ru\/wp-json\/wp\/v2\/product_tag?post=16346"}],"curies":[{"name":"wp","href":"https:\/\/api.w.org\/{rel}","templated":true}]}}