{"id":16350,"date":"2025-03-30T13:20:05","date_gmt":"2025-03-30T10:20:05","guid":{"rendered":"https:\/\/ortungsgerate.de\/be-kategorijos\/profesionali-gsm-pasiklausymo-iranga-blake-iki-10-paru-veikimo-laikas\/"},"modified":"2025-11-26T19:01:36","modified_gmt":"2025-11-26T17:01:36","slug":"professionalnye-gsm-proslushivayuschie-ustroystva-zhuchok-s-vremenem-raboty-do-10-dney","status":"publish","type":"product","link":"https:\/\/www.ortungsgerate.de\/ru\/16-proslushivayushcheye-oborudovaniye-2\/22-gsm-podslushivayushcheye-ustroystvo-zhuchki-2\/professionalnye-gsm-proslushivayuschie-ustroystva-zhuchok-s-vremenem-raboty-do-10-dney\/","title":{"rendered":"\u041f\u0440\u043e\u0444\u0435\u0441\u0441\u0438\u043e\u043d\u0430\u043b\u044c\u043d\u044b\u0435 GSM \u043f\u0440\u043e\u0441\u043b\u0443\u0448\u0438\u0432\u0430\u044e\u0449\u0438\u0435 \u0443\u0441\u0442\u0440\u043e\u0439\u0441\u0442\u0432\u0430 \u0436\u0443\u0447\u043e\u043a \u0441 \u0432\u0440\u0435\u043c\u0435\u043d\u0435\u043c \u0440\u0430\u0431\u043e\u0442\u044b \u0434\u043e 10 \u0434\u043d\u0435\u0439"},"content":{"rendered":"<h3><strong>\u0422\u0435\u0445\u043d\u0438\u0447\u0435\u0441\u043a\u0438\u0435 \u0434\u0430\u043d\u043d\u044b\u0435:<\/strong><\/h3>\n<ul>\n<li>Audio\u00fcbertragung: Mobilfunk (GSM-Netz)<\/li>\n<li>Frequenzauswahl: vier m\u00f6gliche Optionen, die in jedem Land der Welt funktionieren (850 MHz \/ 900 MHz \/ 1800 MHz \/ 1900 MHz)<\/li>\n<li>Microfon: vorhanden; \u00fcbertr\u00e4gt Ger\u00e4usche in h\u00f6chster Qualit\u00e4t<\/li>\n<li>Batterie: Lithium-Ionen (intern)<\/li>\n<li>Batterielaufzeit: Standby (ca. 10 Tage); kontinuierliches Lauschen (4-6 Stunden)<\/li>\n<li>Abmessungen: 40 mm x 23 mm x 16 mm<\/li>\n<li><strong>\u0413\u0410\u0420\u0410\u041d\u0422\u0418\u042f 12 \u043c\u0435\u0441\u044f\u0446\u0435\u0432<\/strong><\/li>\n<\/ul>\n<p><span style=\"color: #d0121a;\"><strong><\/strong><\/span><\/p>\n<p>\u0418\u0441\u043f\u043e\u043b\u044c\u0437\u043e\u0432\u0430\u043d\u0438\u0435: \u0434\u043b\u044f \u0432\u0430\u0448\u0435\u0439 \u0431\u0435\u0437\u043e\u043f\u0430\u0441\u043d\u043e\u0441\u0442\u0438 \u0438 \u0431\u0435\u0437\u043e\u043f\u0430\u0441\u043d\u043e\u0441\u0442\u0438 \u0432\u0430\u0448\u0438\u0445 \u0434\u0435\u0442\u0435\u0439.<\/p>\n<p><strong>\u041a\u043e\u043c\u043f\u043b\u0435\u043a\u0442\u0430\u0446\u0438\u044f<\/strong><\/p>\n<ul>\n<li>GSM-Abh\u00f6rwanze<\/li>\n<li>\u0417\u0430\u0440\u044f\u0434\u043d\u043e\u0435 \u0443\u0441\u0442\u0440\u043e\u0439\u0441\u0442\u0432\u043e<\/li>\n<li>USB-\u043a\u0430\u0431\u0435\u043b\u044c<\/li>\n<li>\u0420\u0443\u043a\u043e\u0432\u043e\u0434\u0441\u0442\u0432\u043e \u043f\u043e\u043b\u044c\u0437\u043e\u0432\u0430\u0442\u0435\u043b\u044f<\/li>\n<\/ul>\n<p>\u0418\u0441\u043f\u043e\u043b\u044c\u0437\u043e\u0432\u0430\u043d\u0438\u0435 \u0434\u043b\u044f \u0432\u0430\u0448\u0435\u0439 \u0431\u0435\u0437\u043e\u043f\u0430\u0441\u043d\u043e\u0441\u0442\u0438 \u0438 \u0431\u0435\u0437\u043e\u043f\u0430\u0441\u043d\u043e\u0441\u0442\u0438 \u0432\u0430\u0448\u0438\u0445 \u0434\u0435\u0442\u0435\u0439<\/p>\n<p>Hochwertiges und geheimes Abh\u00f6rger\u00e4t \u2013 GSM-Wanze. Der gr\u00f6\u00dfte Vorteil dieses Ger\u00e4ts ist die lange Betriebsdauer (im Standby-Modus reicht die Batterie f\u00fcr bis zu 10 Tage). Das Ger\u00e4t ist benutzerfreundlich und funktional \u2013 im Geh\u00e4use befindet sich ein Slot f\u00fcr die SIM-Karte, und um zuzuh\u00f6ren, was im \u00fcberwachten Bereich passiert, kann man einfach die Abh\u00f6rwanze anrufen (Anrufe zur Abh\u00f6rwanze sind auch aus dem Ausland m\u00f6glich, sodass man selbst bei Abwesenheit oder bei Ger\u00e4uschen in einem anderen Raum h\u00f6ren kann, die Abh\u00f6rwanze ruft die angegebene Telefonnummer an). In diesem Fall wird kein Anruf verpasst.<\/p>\n<div class=\"iframe-container\"><iframe src=\"https:\/\/www.youtube.com\/embed\/ixLzg7jnYE4\" width=\"560\" height=\"315\" frameborder=\"0\"><\/iframe><\/div>\n<p><strong>Professionelle GSM-Abh\u00f6rausr\u00fcstung Wanze mit bis zu 10 Tagen Betriebszeit<\/strong><\/p>\n<p>Die GSM-Wanze ist ein qualitativ hochwertiges und zuverl\u00e4ssiges Abh\u00f6rger\u00e4t, das hilft, die ben\u00f6tigten Informationen zu sammeln.<\/p>\n<p>Die professionelle GSM-Abh\u00f6rwanze begeistert mit einer sehr klaren Sprach\u00fcbertragung, sodass, wenn Sie m\u00f6chten, dass der h\u00f6rbare Ton wirklich von hoher Qualit\u00e4t ist, es sich lohnt, genau dieses Ger\u00e4t zu w\u00e4hlen. Heute finden wir auch sehr g\u00fcnstigere GSM-Wanzen auf dem Markt, aber bei der Auswahl solcher Ger\u00e4te ist es sehr wichtig, sicherzustellen, dass sie ihre Hauptfunktion tats\u00e4chlich erf\u00fcllen. Mindestens m\u00f6chte man vermeiden, dass aufgrund von M\u00e4ngeln des Ger\u00e4ts sehr wichtige Gespr\u00e4che verpasst werden, daher ist es in diesem Fall am besten, nicht zu sparen und nur professionelle Wanzen zu w\u00e4hlen.<\/p>\n<p>Die Nutzung der professionellen GSM-Abh\u00f6rwanze ist sehr einfach \u2013 man muss nur die SIM-Karte mit der zugeh\u00f6rigen Telefonnummer einlegen, und wenn Sie h\u00f6ren m\u00f6chten, was in der Umgebung der Wanze passiert, k\u00f6nnen Sie einfach diese Nummer anrufen. Da die GSM-Wanze sehr klein ist, wird sie keinen Ton von sich geben, sodass Sie vollkommen beruhigt sein k\u00f6nnen.<\/p>\n<p>Die GSM-Abh\u00f6rwanze kann im Standby-Modus betrieben werden oder es kann kontinuierliches Lauschen gew\u00e4hlt werden. Im Standby-Modus entl\u00e4dt sich die Batterie nach etwa 10 Tagen, w\u00e4hrend sie bei kontinuierlichem Lauschen etwa 4-6 Stunden h\u00e4lt. Wenn die Wanze Ger\u00e4usche erkennt, w\u00fcrde sie automatisch Ihre Telefonnummer anrufen, und dann k\u00f6nnen Sie h\u00f6ren, was um dieses Ger\u00e4t herum passiert. Diese Funktion wird Ihnen erm\u00f6glichen, keine wichtigen Informationen zu verpassen, und Sie m\u00fcssen nicht st\u00e4ndig anrufen und \u00fcberpr\u00fcfen, ob Sie gerade bestimmte n\u00fctzliche Informationen h\u00f6ren k\u00f6nnen.<\/p>\n<p>Der Lieferumfang dieses Ger\u00e4ts umfasst die professionelle GSM-Wanze, ein Ladeger\u00e4t, ein USB-Kabel und eine Bedienungsanleitung.<\/p>","protected":false},"excerpt":{"rendered":"<p>Technische Daten: Audio\u00fcbertragung: Mobilfunk (GSM-Netz) Frequenzauswahl: vier m\u00f6gliche Optionen, die in jedem Land der Welt funktionieren (850 MHz \/ 900 MHz \/ 1800 MHz \/&#8230;<\/p>","protected":false},"featured_media":1326,"template":"","meta":[],"etheme_brands":[],"product_brand":[],"product_cat":[208,211,214],"product_tag":[79],"class_list":{"0":"post-16350","1":"product","2":"type-product","3":"status-publish","4":"has-post-thumbnail","6":"product_cat-16-abhoergeraete","7":"product_cat-22-gsm-abhoergeraete-wanzen","8":"product_cat-21-professionelle-abhoergeraete","9":"product_tag-gsm-wanze","10":"pa_typ-abhoerwanze","12":"first","13":"instock","14":"taxable","15":"shipping-taxable","16":"purchasable","17":"product-type-simple"},"yoast_head":"<!-- This site is optimized with the Yoast SEO Premium plugin v25.9 (Yoast SEO v27.4) - https:\/\/yoast.com\/product\/yoast-seo-premium-wordpress\/ -->\n<title>Professionelle GSM-Abh\u00f6rger\u00e4te mit 10 Tagen Standby-Modus<\/title>\n<meta name=\"description\" content=\"Professionelle Abh\u00f6r-GSM-Ausr\u00fcstung, ideal zum Aufzeichnen von Gespr\u00e4chen. Beste Qualit\u00e4t auf dem Markt, mit einer Standby-Batterie von bis zu 10 Tagen. VOX - reagiert auf Ger\u00e4usche.\" \/>\n<meta name=\"robots\" content=\"index, follow, max-snippet:-1, max-image-preview:large, max-video-preview:-1\" \/>\n<link rel=\"canonical\" href=\"https:\/\/www.ortungsgerate.de\/ru\/16-proslushivayushcheye-oborudovaniye-2\/21-profesionalnoje-proslushivayushcheye-oborudovaniye\/professionalnye-gsm-proslushivayuschie-ustroystva-zhuchok-s-vremenem-raboty-do-10-dney\/\" \/>\n<meta property=\"og:locale\" content=\"ru_RU\" \/>\n<meta property=\"og:type\" content=\"article\" \/>\n<meta property=\"og:title\" content=\"Professionelle GSM Abh\u00f6rger\u00e4te Wanze mit einer Betriebsdauer von bis zu 10 Tagen\" \/>\n<meta property=\"og:description\" content=\"Professionelle Abh\u00f6r-GSM-Ausr\u00fcstung, ideal zum Aufzeichnen von Gespr\u00e4chen. Beste Qualit\u00e4t auf dem Markt, mit einer Standby-Batterie von bis zu 10 Tagen. VOX - reagiert auf Ger\u00e4usche.\" \/>\n<meta property=\"og:url\" content=\"https:\/\/www.ortungsgerate.de\/ru\/16-proslushivayushcheye-oborudovaniye-2\/21-profesionalnoje-proslushivayushcheye-oborudovaniye\/professionalnye-gsm-proslushivayuschie-ustroystva-zhuchok-s-vremenem-raboty-do-10-dney\/\" \/>\n<meta property=\"og:site_name\" content=\"Ortungsger\u00e4te.de\" \/>\n<meta property=\"article:modified_time\" content=\"2025-11-26T17:01:36+00:00\" \/>\n<meta property=\"og:image\" content=\"https:\/\/www.ortungsgerate.de\/wp-content\/uploads\/profesionali-gsm-pasiklausymo-iranga-blake-iki-10-paru-veikimo-laikas-3.jpg\" \/>\n\t<meta property=\"og:image:width\" content=\"502\" \/>\n\t<meta property=\"og:image:height\" content=\"349\" \/>\n\t<meta property=\"og:image:type\" content=\"image\/jpeg\" \/>\n<meta name=\"twitter:card\" content=\"summary_large_image\" \/>\n<meta name=\"twitter:label1\" content=\"\u041f\u0440\u0438\u043c\u0435\u0440\u043d\u043e\u0435 \u0432\u0440\u0435\u043c\u044f \u0434\u043b\u044f \u0447\u0442\u0435\u043d\u0438\u044f\" \/>\n\t<meta name=\"twitter:data1\" content=\"3 \u043c\u0438\u043d\u0443\u0442\u044b\" \/>\n<script type=\"application\/ld+json\" class=\"yoast-schema-graph\">{\"@context\":\"https:\\\/\\\/schema.org\",\"@graph\":[{\"@type\":\"WebPage\",\"@id\":\"https:\\\/\\\/www.ortungsgerate.de\\\/16-abhoergeraete\\\/21-professionelle-abhoergeraete\\\/professionelle-gsm-abhoergeraete-wanze-mit-einer-betriebsdauer-von-bis-zu-10-tagen\\\/\",\"url\":\"https:\\\/\\\/www.ortungsgerate.de\\\/16-abhoergeraete\\\/21-professionelle-abhoergeraete\\\/professionelle-gsm-abhoergeraete-wanze-mit-einer-betriebsdauer-von-bis-zu-10-tagen\\\/\",\"name\":\"Professionelle GSM-Abh\u00f6rger\u00e4te mit 10 Tagen Standby-Modus\",\"isPartOf\":{\"@id\":\"https:\\\/\\\/www.ortungsgerate.de\\\/#website\"},\"primaryImageOfPage\":{\"@id\":\"https:\\\/\\\/www.ortungsgerate.de\\\/16-abhoergeraete\\\/21-professionelle-abhoergeraete\\\/professionelle-gsm-abhoergeraete-wanze-mit-einer-betriebsdauer-von-bis-zu-10-tagen\\\/#primaryimage\"},\"image\":{\"@id\":\"https:\\\/\\\/www.ortungsgerate.de\\\/16-abhoergeraete\\\/21-professionelle-abhoergeraete\\\/professionelle-gsm-abhoergeraete-wanze-mit-einer-betriebsdauer-von-bis-zu-10-tagen\\\/#primaryimage\"},\"thumbnailUrl\":\"https:\\\/\\\/www.ortungsgerate.de\\\/wp-content\\\/uploads\\\/profesionali-gsm-pasiklausymo-iranga-blake-iki-10-paru-veikimo-laikas-3.jpg\",\"datePublished\":\"2025-03-30T10:20:05+00:00\",\"dateModified\":\"2025-11-26T17:01:36+00:00\",\"description\":\"Professionelle Abh\u00f6r-GSM-Ausr\u00fcstung, ideal zum Aufzeichnen von Gespr\u00e4chen. Beste Qualit\u00e4t auf dem Markt, mit einer Standby-Batterie von bis zu 10 Tagen. VOX - reagiert auf Ger\u00e4usche.\",\"breadcrumb\":{\"@id\":\"https:\\\/\\\/www.ortungsgerate.de\\\/16-abhoergeraete\\\/21-professionelle-abhoergeraete\\\/professionelle-gsm-abhoergeraete-wanze-mit-einer-betriebsdauer-von-bis-zu-10-tagen\\\/#breadcrumb\"},\"inLanguage\":\"ru-RU\",\"potentialAction\":[{\"@type\":\"ReadAction\",\"target\":[\"https:\\\/\\\/www.ortungsgerate.de\\\/16-abhoergeraete\\\/21-professionelle-abhoergeraete\\\/professionelle-gsm-abhoergeraete-wanze-mit-einer-betriebsdauer-von-bis-zu-10-tagen\\\/\"]}]},{\"@type\":\"ImageObject\",\"inLanguage\":\"ru-RU\",\"@id\":\"https:\\\/\\\/www.ortungsgerate.de\\\/16-abhoergeraete\\\/21-professionelle-abhoergeraete\\\/professionelle-gsm-abhoergeraete-wanze-mit-einer-betriebsdauer-von-bis-zu-10-tagen\\\/#primaryimage\",\"url\":\"https:\\\/\\\/www.ortungsgerate.de\\\/wp-content\\\/uploads\\\/profesionali-gsm-pasiklausymo-iranga-blake-iki-10-paru-veikimo-laikas-3.jpg\",\"contentUrl\":\"https:\\\/\\\/www.ortungsgerate.de\\\/wp-content\\\/uploads\\\/profesionali-gsm-pasiklausymo-iranga-blake-iki-10-paru-veikimo-laikas-3.jpg\",\"width\":502,\"height\":349,\"caption\":\"GSM Abh\u00f6rwanze\"},{\"@type\":\"BreadcrumbList\",\"@id\":\"https:\\\/\\\/www.ortungsgerate.de\\\/16-abhoergeraete\\\/21-professionelle-abhoergeraete\\\/professionelle-gsm-abhoergeraete-wanze-mit-einer-betriebsdauer-von-bis-zu-10-tagen\\\/#breadcrumb\",\"itemListElement\":[{\"@type\":\"ListItem\",\"position\":1,\"name\":\"Startseite\",\"item\":\"https:\\\/\\\/www.ortungsgerate.de\\\/\"},{\"@type\":\"ListItem\",\"position\":2,\"name\":\"Shop\",\"item\":\"https:\\\/\\\/www.ortungsgerate.de\\\/shop\\\/\"},{\"@type\":\"ListItem\",\"position\":3,\"name\":\"Professionelle GSM Abh\u00f6rger\u00e4te Wanze mit einer Betriebsdauer von bis zu 10 Tagen\"}]},{\"@type\":\"WebSite\",\"@id\":\"https:\\\/\\\/www.ortungsgerate.de\\\/#website\",\"url\":\"https:\\\/\\\/www.ortungsgerate.de\\\/\",\"name\":\"Ortungsgerate.de\",\"description\":\"\",\"publisher\":{\"@id\":\"https:\\\/\\\/www.ortungsgerate.de\\\/#organization\"},\"potentialAction\":[{\"@type\":\"SearchAction\",\"target\":{\"@type\":\"EntryPoint\",\"urlTemplate\":\"https:\\\/\\\/www.ortungsgerate.de\\\/?s={search_term_string}\"},\"query-input\":{\"@type\":\"PropertyValueSpecification\",\"valueRequired\":true,\"valueName\":\"search_term_string\"}}],\"inLanguage\":\"ru-RU\"},{\"@type\":\"Organization\",\"@id\":\"https:\\\/\\\/www.ortungsgerate.de\\\/#organization\",\"name\":\"Ortungsgerate.de\",\"url\":\"https:\\\/\\\/www.ortungsgerate.de\\\/\",\"logo\":{\"@type\":\"ImageObject\",\"inLanguage\":\"ru-RU\",\"@id\":\"https:\\\/\\\/www.ortungsgerate.de\\\/#\\\/schema\\\/logo\\\/image\\\/\",\"url\":\"https:\\\/\\\/www.ortungsgerate.de\\\/wp-content\\\/uploads\\\/ortungsgerate.png\",\"contentUrl\":\"https:\\\/\\\/www.ortungsgerate.de\\\/wp-content\\\/uploads\\\/ortungsgerate.png\",\"width\":500,\"height\":135,\"caption\":\"Ortungsgerate.de\"},\"image\":{\"@id\":\"https:\\\/\\\/www.ortungsgerate.de\\\/#\\\/schema\\\/logo\\\/image\\\/\"}}]}<\/script>\n<!-- \/ Yoast SEO Premium plugin. -->","yoast_head_json":{"title":"Professionelle GSM-Abh\u00f6rger\u00e4te mit 10 Tagen Standby-Modus","description":"Professionelle Abh\u00f6r-GSM-Ausr\u00fcstung, ideal zum Aufzeichnen von Gespr\u00e4chen. Beste Qualit\u00e4t auf dem Markt, mit einer Standby-Batterie von bis zu 10 Tagen. VOX - reagiert auf Ger\u00e4usche.","robots":{"index":"index","follow":"follow","max-snippet":"max-snippet:-1","max-image-preview":"max-image-preview:large","max-video-preview":"max-video-preview:-1"},"canonical":"https:\/\/www.ortungsgerate.de\/ru\/16-proslushivayushcheye-oborudovaniye-2\/21-profesionalnoje-proslushivayushcheye-oborudovaniye\/professionalnye-gsm-proslushivayuschie-ustroystva-zhuchok-s-vremenem-raboty-do-10-dney\/","og_locale":"ru_RU","og_type":"article","og_title":"Professionelle GSM Abh\u00f6rger\u00e4te Wanze mit einer Betriebsdauer von bis zu 10 Tagen","og_description":"Professionelle Abh\u00f6r-GSM-Ausr\u00fcstung, ideal zum Aufzeichnen von Gespr\u00e4chen. Beste Qualit\u00e4t auf dem Markt, mit einer Standby-Batterie von bis zu 10 Tagen. VOX - reagiert auf Ger\u00e4usche.","og_url":"https:\/\/www.ortungsgerate.de\/ru\/16-proslushivayushcheye-oborudovaniye-2\/21-profesionalnoje-proslushivayushcheye-oborudovaniye\/professionalnye-gsm-proslushivayuschie-ustroystva-zhuchok-s-vremenem-raboty-do-10-dney\/","og_site_name":"Ortungsger\u00e4te.de","article_modified_time":"2025-11-26T17:01:36+00:00","og_image":[{"width":502,"height":349,"url":"https:\/\/www.ortungsgerate.de\/wp-content\/uploads\/profesionali-gsm-pasiklausymo-iranga-blake-iki-10-paru-veikimo-laikas-3.jpg","type":"image\/jpeg"}],"twitter_card":"summary_large_image","twitter_misc":{"\u041f\u0440\u0438\u043c\u0435\u0440\u043d\u043e\u0435 \u0432\u0440\u0435\u043c\u044f \u0434\u043b\u044f \u0447\u0442\u0435\u043d\u0438\u044f":"3 \u043c\u0438\u043d\u0443\u0442\u044b"},"schema":{"@context":"https:\/\/schema.org","@graph":[{"@type":"WebPage","@id":"https:\/\/www.ortungsgerate.de\/16-abhoergeraete\/21-professionelle-abhoergeraete\/professionelle-gsm-abhoergeraete-wanze-mit-einer-betriebsdauer-von-bis-zu-10-tagen\/","url":"https:\/\/www.ortungsgerate.de\/16-abhoergeraete\/21-professionelle-abhoergeraete\/professionelle-gsm-abhoergeraete-wanze-mit-einer-betriebsdauer-von-bis-zu-10-tagen\/","name":"Professionelle GSM-Abh\u00f6rger\u00e4te mit 10 Tagen Standby-Modus","isPartOf":{"@id":"https:\/\/www.ortungsgerate.de\/#website"},"primaryImageOfPage":{"@id":"https:\/\/www.ortungsgerate.de\/16-abhoergeraete\/21-professionelle-abhoergeraete\/professionelle-gsm-abhoergeraete-wanze-mit-einer-betriebsdauer-von-bis-zu-10-tagen\/#primaryimage"},"image":{"@id":"https:\/\/www.ortungsgerate.de\/16-abhoergeraete\/21-professionelle-abhoergeraete\/professionelle-gsm-abhoergeraete-wanze-mit-einer-betriebsdauer-von-bis-zu-10-tagen\/#primaryimage"},"thumbnailUrl":"https:\/\/www.ortungsgerate.de\/wp-content\/uploads\/profesionali-gsm-pasiklausymo-iranga-blake-iki-10-paru-veikimo-laikas-3.jpg","datePublished":"2025-03-30T10:20:05+00:00","dateModified":"2025-11-26T17:01:36+00:00","description":"Professionelle Abh\u00f6r-GSM-Ausr\u00fcstung, ideal zum Aufzeichnen von Gespr\u00e4chen. Beste Qualit\u00e4t auf dem Markt, mit einer Standby-Batterie von bis zu 10 Tagen. VOX - reagiert auf Ger\u00e4usche.","breadcrumb":{"@id":"https:\/\/www.ortungsgerate.de\/16-abhoergeraete\/21-professionelle-abhoergeraete\/professionelle-gsm-abhoergeraete-wanze-mit-einer-betriebsdauer-von-bis-zu-10-tagen\/#breadcrumb"},"inLanguage":"ru-RU","potentialAction":[{"@type":"ReadAction","target":["https:\/\/www.ortungsgerate.de\/16-abhoergeraete\/21-professionelle-abhoergeraete\/professionelle-gsm-abhoergeraete-wanze-mit-einer-betriebsdauer-von-bis-zu-10-tagen\/"]}]},{"@type":"ImageObject","inLanguage":"ru-RU","@id":"https:\/\/www.ortungsgerate.de\/16-abhoergeraete\/21-professionelle-abhoergeraete\/professionelle-gsm-abhoergeraete-wanze-mit-einer-betriebsdauer-von-bis-zu-10-tagen\/#primaryimage","url":"https:\/\/www.ortungsgerate.de\/wp-content\/uploads\/profesionali-gsm-pasiklausymo-iranga-blake-iki-10-paru-veikimo-laikas-3.jpg","contentUrl":"https:\/\/www.ortungsgerate.de\/wp-content\/uploads\/profesionali-gsm-pasiklausymo-iranga-blake-iki-10-paru-veikimo-laikas-3.jpg","width":502,"height":349,"caption":"GSM Abh\u00f6rwanze"},{"@type":"BreadcrumbList","@id":"https:\/\/www.ortungsgerate.de\/16-abhoergeraete\/21-professionelle-abhoergeraete\/professionelle-gsm-abhoergeraete-wanze-mit-einer-betriebsdauer-von-bis-zu-10-tagen\/#breadcrumb","itemListElement":[{"@type":"ListItem","position":1,"name":"Startseite","item":"https:\/\/www.ortungsgerate.de\/"},{"@type":"ListItem","position":2,"name":"Shop","item":"https:\/\/www.ortungsgerate.de\/shop\/"},{"@type":"ListItem","position":3,"name":"Professionelle GSM Abh\u00f6rger\u00e4te Wanze mit einer Betriebsdauer von bis zu 10 Tagen"}]},{"@type":"WebSite","@id":"https:\/\/www.ortungsgerate.de\/#website","url":"https:\/\/www.ortungsgerate.de\/","name":"Ortungsgerate.de","description":"","publisher":{"@id":"https:\/\/www.ortungsgerate.de\/#organization"},"potentialAction":[{"@type":"SearchAction","target":{"@type":"EntryPoint","urlTemplate":"https:\/\/www.ortungsgerate.de\/?s={search_term_string}"},"query-input":{"@type":"PropertyValueSpecification","valueRequired":true,"valueName":"search_term_string"}}],"inLanguage":"ru-RU"},{"@type":"Organization","@id":"https:\/\/www.ortungsgerate.de\/#organization","name":"Ortungsgerate.de","url":"https:\/\/www.ortungsgerate.de\/","logo":{"@type":"ImageObject","inLanguage":"ru-RU","@id":"https:\/\/www.ortungsgerate.de\/#\/schema\/logo\/image\/","url":"https:\/\/www.ortungsgerate.de\/wp-content\/uploads\/ortungsgerate.png","contentUrl":"https:\/\/www.ortungsgerate.de\/wp-content\/uploads\/ortungsgerate.png","width":500,"height":135,"caption":"Ortungsgerate.de"},"image":{"@id":"https:\/\/www.ortungsgerate.de\/#\/schema\/logo\/image\/"}}]}},"_links":{"self":[{"href":"https:\/\/www.ortungsgerate.de\/ru\/wp-json\/wp\/v2\/product\/16350","targetHints":{"allow":["GET"]}}],"collection":[{"href":"https:\/\/www.ortungsgerate.de\/ru\/wp-json\/wp\/v2\/product"}],"about":[{"href":"https:\/\/www.ortungsgerate.de\/ru\/wp-json\/wp\/v2\/types\/product"}],"version-history":[{"count":0,"href":"https:\/\/www.ortungsgerate.de\/ru\/wp-json\/wp\/v2\/product\/16350\/revisions"}],"wp:featuredmedia":[{"embeddable":true,"href":"https:\/\/www.ortungsgerate.de\/ru\/wp-json\/wp\/v2\/media\/1326"}],"wp:attachment":[{"href":"https:\/\/www.ortungsgerate.de\/ru\/wp-json\/wp\/v2\/media?parent=16350"}],"wp:term":[{"taxonomy":"brand","embeddable":true,"href":"https:\/\/www.ortungsgerate.de\/ru\/wp-json\/wp\/v2\/etheme_brands?post=16350"},{"taxonomy":"product_brand","embeddable":true,"href":"https:\/\/www.ortungsgerate.de\/ru\/wp-json\/wp\/v2\/product_brand?post=16350"},{"taxonomy":"product_cat","embeddable":true,"href":"https:\/\/www.ortungsgerate.de\/ru\/wp-json\/wp\/v2\/product_cat?post=16350"},{"taxonomy":"product_tag","embeddable":true,"href":"https:\/\/www.ortungsgerate.de\/ru\/wp-json\/wp\/v2\/product_tag?post=16350"}],"curies":[{"name":"wp","href":"https:\/\/api.w.org\/{rel}","templated":true}]}}