{"id":16352,"date":"2024-08-08T15:36:22","date_gmt":"2024-08-08T12:36:22","guid":{"rendered":"https:\/\/ortungsgerate.de\/be-kategorijos\/slaptas-diktofonas-uzmaskuotas-usb-rakte-8gb-vos\/"},"modified":"2025-11-26T19:01:36","modified_gmt":"2025-11-26T17:01:36","slug":"sekretnyy-diktofon-v-usb-nakopitele-8gb-vos","status":"publish","type":"product","link":"https:\/\/www.ortungsgerate.de\/ru\/13-diktofony-2\/sekretnyy-diktofon-v-usb-nakopitele-8gb-vos\/","title":{"rendered":"\u0421\u0435\u043a\u0440\u0435\u0442\u043d\u044b\u0439 \u0434\u0438\u043a\u0442\u043e\u0444\u043e\u043d \u0432 USB-\u043d\u0430\u043a\u043e\u043f\u0438\u0442\u0435\u043b\u0435 8GB VOS"},"content":{"rendered":"<h3><strong>\u0422\u0435\u0445\u043d\u0438\u0447\u0435\u0441\u043a\u0438\u0435 \u043f\u0430\u0440\u0430\u043c\u0435\u0442\u0440\u044b:<\/strong><\/h3>\n<ul>\n<li>VOS &#8211; wird durch Ger\u00e4usche aktiviert<\/li>\n<li>Audioaufnahmen im WAW-Format 196kbps<\/li>\n<li>Interner Speicher 8GB<\/li>\n<li>Akkulaufzeit bis zu 15 Stunden<\/li>\n<li>Hochwertige Audioaufnahmen<\/li>\n<li>Kann als USB-Stick verwendet werden<\/li>\n<li>Einfache Handhabung<\/li>\n<li>\u0417\u0430\u0440\u044f\u0434\u043a\u0430 \u0447\u0435\u0440\u0435\u0437 USB<\/li>\n<li>Gewicht 14g<\/li>\n<li>Farbe des Produkts kann schwarz oder silber (mit blauen Seiten) sein<\/li>\n<li><strong>\u0413\u0410\u0420\u0410\u041d\u0422\u0418\u042f 12 \u043c\u0435\u0441\u044f\u0446\u0435\u0432<\/strong><\/li>\n<\/ul>\n<p><span style=\"color: #d0121a;\"><strong>  \u2013  <\/strong><\/span><\/p>\n<p>Verwendung: F\u00fcr den eigenen Schutz und den Schutz von Kindern.<\/p>\n<p>Der Diktierger\u00e4t ist in einem USB-Stick versteckt. Der geheime Mini-Diktierger\u00e4t hat die VOS-Funktion &#8211; er nimmt Ger\u00e4usche auf (wenn er eine menschliche Stimme h\u00f6rt). Schnelle und einfache Aktivierung der Sprachaufnahme. Schalten Sie den Schalter auf ON und die Aufnahme des Gespr\u00e4chs beginnt. Der Diktierger\u00e4t nimmt Ger\u00e4usche auf, solange der Speicher nicht voll ist oder die Akkuleistung ausreicht. Um die Audioaufnahmen anzuh\u00f6ren, stecken Sie einfach den USB-Stick in den USB-Anschluss.<\/p>\n<p><strong>Diktierger\u00e4t versteckt im USB-Stick 8GB VOS<\/strong><\/p>\n<p>Die Aufzeichnung von Gespr\u00e4chen erfordert manchmal wirklich erhebliche Anstrengungen, aber wenn die richtige Ausr\u00fcstung verwendet wird, geschieht alles viel einfacher. Der geheime Diktierger\u00e4t, der in einem USB-Speicher versteckt ist, kann eine wirklich vorteilhafte Wahl sein, wenn man m\u00f6chte, dass die Person nicht einmal ahnt, dass Gespr\u00e4che aufgezeichnet werden. Viele von uns verwenden USB-Speicher, daher wird ein solches Ger\u00e4t normalerweise nicht mit geheimen Aufnahmeger\u00e4ten in Verbindung gebracht. Ein solches Diktierger\u00e4t kann bedenkenlos im B\u00fcro oder an einem anderen Ort gelassen werden, wo es keine Verdachtsmomente weckt, und Sie k\u00f6nnen sicher sein, dass Sie die Informationen, die Sie interessieren, problemlos sammeln werden.<\/p>\n<p>Die Verwendung eines geheimen Diktierger\u00e4ts ist sehr einfach: Sie m\u00fcssen nur die Einschalttaste dr\u00fccken, und schon beginnt die Aufnahme der Gespr\u00e4che. Au\u00dferdem hat dieses geheime Diktierger\u00e4t eine spezielle Funktion, die die Aufnahme von Gespr\u00e4chen startet, sobald ein Ger\u00e4usch erkannt wird. Dies kann helfen, stille Aufnahmen zu vermeiden, und es wird viel einfacher sein, die ben\u00f6tigten Informationen auszuw\u00e4hlen. Dar\u00fcber hinaus hilft es, Akkuleistung und Speicherressourcen zu sparen. Der in einem USB-Speicher versteckte Diktierger\u00e4t hat sogar 8 Gigabyte Speicher, sodass Sie sogar sehr lange Gespr\u00e4che aufzeichnen k\u00f6nnen, aus denen Sie die Informationen ausw\u00e4hlen, die Sie interessieren. Der aufgeladene Akku des Diktierger\u00e4ts h\u00e4lt bis zu 15 Stunden, sodass Sie in dieser Zeit viele verschiedene Aufnahmen erfassen k\u00f6nnen. Wenn das Diktierger\u00e4t kein Ger\u00e4usch erkennt, wechselt es in den Standby-Modus, was sowohl Speicher- als auch Akkuleistung spart.<\/p>\n<p>Der geheime Diktierger\u00e4t unterscheidet sich in nichts von den meisten USB-Speichern, die wir verwenden, daher ist es eine wirklich kluge Wahl, wenn man Gespr\u00e4che heimlich aufzeichnen m\u00f6chte. Obwohl dieses Ger\u00e4t sehr klein ist (wiegt nur 14 Gramm), sind die aufgenommenen Audioaufnahmen von sehr hoher Qualit\u00e4t und Klarheit. Wenn Sie die aufgenommenen Audioaufnahmen anh\u00f6ren m\u00f6chten, k\u00f6nnen Sie einfach dieses Speichermedium in den USB-Anschluss einstecken (auf die gleiche Weise k\u00f6nnen Sie das Diktierger\u00e4t aufladen).<\/p>\n<p>Wenn Sie also Zweifel an der Ehrlichkeit bestimmter Personen haben oder versuchen, bestimmte geheime Informationen zu sammeln, kann der in einem USB-Speicher versteckte Diktierger\u00e4t eine wirklich hervorragende Wahl sein. Er wird Ihnen helfen, selbst sehr lange Gespr\u00e4che aufzuzeichnen, sodass die Wahrscheinlichkeit hoch ist, dass Sie alle wichtigen Informationen sammeln k\u00f6nnen.<\/p>","protected":false},"excerpt":{"rendered":"<p>Technische Parameter: VOS &#8211; wird durch Ger\u00e4usche aktiviert Audioaufnahmen im WAW-Format 196kbps Interner Speicher 8GB Akkulaufzeit bis zu 15 Stunden Hochwertige Audioaufnahmen Kann als USB-Stick&#8230;<\/p>","protected":false},"featured_media":1359,"template":"","meta":[],"etheme_brands":[],"product_brand":[],"product_cat":[207],"product_tag":[721,722,723,734],"class_list":{"0":"post-16352","1":"product","2":"type-product","3":"status-publish","4":"has-post-thumbnail","6":"product_cat-13-diktiergeraete","7":"product_tag-schluessel-diktiergeraet","8":"product_tag-usb-diktiergeraet","9":"product_tag-usb-stick-diktiergeraet","10":"product_tag-verdeckter-diktiergeraet","11":"pa_typ-diktiergeraet","13":"first","14":"instock","15":"sale","16":"taxable","17":"shipping-taxable","18":"purchasable","19":"product-type-simple"},"yoast_head":"<!-- This site is optimized with the Yoast SEO Premium plugin v25.9 (Yoast SEO v27.4) - https:\/\/yoast.com\/product\/yoast-seo-premium-wordpress\/ -->\n<title>Mini-Diktafon USB-Stick 8GB - Spracherkennung Funktion<\/title>\n<meta name=\"description\" content=\"Mini Diktierger\u00e4t versteckt im USB-Stick 8GB - Spracherkennungsfunktion. Einfach zu bedienendes Diktierger\u00e4t mit der M\u00f6glichkeit, Gespr\u00e4che f\u00fcr ca. 16 Stunden aufzuzeichnen. Hervorragende Klangqualit\u00e4t.\" \/>\n<meta name=\"robots\" content=\"index, follow, max-snippet:-1, max-image-preview:large, max-video-preview:-1\" \/>\n<link rel=\"canonical\" href=\"https:\/\/www.ortungsgerate.de\/ru\/13-diktofony-2\/sekretnyy-diktofon-v-usb-nakopitele-8gb-vos\/\" \/>\n<meta property=\"og:locale\" content=\"ru_RU\" \/>\n<meta property=\"og:type\" content=\"article\" \/>\n<meta property=\"og:title\" content=\"Geheimes Diktierger\u00e4t im USB-Stick 8GB VOS\" \/>\n<meta property=\"og:description\" content=\"Mini Diktierger\u00e4t versteckt im USB-Stick 8GB - Spracherkennungsfunktion. Einfach zu bedienendes Diktierger\u00e4t mit der M\u00f6glichkeit, Gespr\u00e4che f\u00fcr ca. 16 Stunden aufzuzeichnen. Hervorragende Klangqualit\u00e4t.\" \/>\n<meta property=\"og:url\" content=\"https:\/\/www.ortungsgerate.de\/ru\/13-diktofony-2\/sekretnyy-diktofon-v-usb-nakopitele-8gb-vos\/\" \/>\n<meta property=\"og:site_name\" content=\"Ortungsger\u00e4te.de\" \/>\n<meta property=\"article:modified_time\" content=\"2025-11-26T17:01:36+00:00\" \/>\n<meta property=\"og:image\" content=\"https:\/\/www.ortungsgerate.de\/wp-content\/uploads\/slaptas-diktofonas-uzmaskuotas-usb-rakte-8gb-vos-2.jpg\" \/>\n\t<meta property=\"og:image:width\" content=\"458\" \/>\n\t<meta property=\"og:image:height\" content=\"458\" \/>\n\t<meta property=\"og:image:type\" content=\"image\/jpeg\" \/>\n<meta name=\"twitter:card\" content=\"summary_large_image\" \/>\n<meta name=\"twitter:label1\" content=\"\u041f\u0440\u0438\u043c\u0435\u0440\u043d\u043e\u0435 \u0432\u0440\u0435\u043c\u044f \u0434\u043b\u044f \u0447\u0442\u0435\u043d\u0438\u044f\" \/>\n\t<meta name=\"twitter:data1\" content=\"3 \u043c\u0438\u043d\u0443\u0442\u044b\" \/>\n<script type=\"application\/ld+json\" class=\"yoast-schema-graph\">{\"@context\":\"https:\\\/\\\/schema.org\",\"@graph\":[{\"@type\":\"WebPage\",\"@id\":\"https:\\\/\\\/www.ortungsgerate.de\\\/13-diktiergeraete\\\/geheimes-diktiergeraet-im-usb-stick-8gb-vos\\\/\",\"url\":\"https:\\\/\\\/www.ortungsgerate.de\\\/13-diktiergeraete\\\/geheimes-diktiergeraet-im-usb-stick-8gb-vos\\\/\",\"name\":\"Mini-Diktafon USB-Stick 8GB - Spracherkennung Funktion\",\"isPartOf\":{\"@id\":\"https:\\\/\\\/www.ortungsgerate.de\\\/#website\"},\"primaryImageOfPage\":{\"@id\":\"https:\\\/\\\/www.ortungsgerate.de\\\/13-diktiergeraete\\\/geheimes-diktiergeraet-im-usb-stick-8gb-vos\\\/#primaryimage\"},\"image\":{\"@id\":\"https:\\\/\\\/www.ortungsgerate.de\\\/13-diktiergeraete\\\/geheimes-diktiergeraet-im-usb-stick-8gb-vos\\\/#primaryimage\"},\"thumbnailUrl\":\"https:\\\/\\\/www.ortungsgerate.de\\\/wp-content\\\/uploads\\\/slaptas-diktofonas-uzmaskuotas-usb-rakte-8gb-vos-2.jpg\",\"datePublished\":\"2024-08-08T12:36:22+00:00\",\"dateModified\":\"2025-11-26T17:01:36+00:00\",\"description\":\"Mini Diktierger\u00e4t versteckt im USB-Stick 8GB - Spracherkennungsfunktion. Einfach zu bedienendes Diktierger\u00e4t mit der M\u00f6glichkeit, Gespr\u00e4che f\u00fcr ca. 16 Stunden aufzuzeichnen. Hervorragende Klangqualit\u00e4t.\",\"breadcrumb\":{\"@id\":\"https:\\\/\\\/www.ortungsgerate.de\\\/13-diktiergeraete\\\/geheimes-diktiergeraet-im-usb-stick-8gb-vos\\\/#breadcrumb\"},\"inLanguage\":\"ru-RU\",\"potentialAction\":[{\"@type\":\"ReadAction\",\"target\":[\"https:\\\/\\\/www.ortungsgerate.de\\\/13-diktiergeraete\\\/geheimes-diktiergeraet-im-usb-stick-8gb-vos\\\/\"]}]},{\"@type\":\"ImageObject\",\"inLanguage\":\"ru-RU\",\"@id\":\"https:\\\/\\\/www.ortungsgerate.de\\\/13-diktiergeraete\\\/geheimes-diktiergeraet-im-usb-stick-8gb-vos\\\/#primaryimage\",\"url\":\"https:\\\/\\\/www.ortungsgerate.de\\\/wp-content\\\/uploads\\\/slaptas-diktofonas-uzmaskuotas-usb-rakte-8gb-vos-2.jpg\",\"contentUrl\":\"https:\\\/\\\/www.ortungsgerate.de\\\/wp-content\\\/uploads\\\/slaptas-diktofonas-uzmaskuotas-usb-rakte-8gb-vos-2.jpg\",\"width\":458,\"height\":458,\"caption\":\"Versteckter Diktierger\u00e4t getarnt als USB\u2011Stick 8GB VOS\"},{\"@type\":\"BreadcrumbList\",\"@id\":\"https:\\\/\\\/www.ortungsgerate.de\\\/13-diktiergeraete\\\/geheimes-diktiergeraet-im-usb-stick-8gb-vos\\\/#breadcrumb\",\"itemListElement\":[{\"@type\":\"ListItem\",\"position\":1,\"name\":\"Startseite\",\"item\":\"https:\\\/\\\/www.ortungsgerate.de\\\/\"},{\"@type\":\"ListItem\",\"position\":2,\"name\":\"Shop\",\"item\":\"https:\\\/\\\/www.ortungsgerate.de\\\/shop\\\/\"},{\"@type\":\"ListItem\",\"position\":3,\"name\":\"Geheimes Diktierger\u00e4t im USB-Stick 8GB VOS\"}]},{\"@type\":\"WebSite\",\"@id\":\"https:\\\/\\\/www.ortungsgerate.de\\\/#website\",\"url\":\"https:\\\/\\\/www.ortungsgerate.de\\\/\",\"name\":\"Ortungsgerate.de\",\"description\":\"\",\"publisher\":{\"@id\":\"https:\\\/\\\/www.ortungsgerate.de\\\/#organization\"},\"potentialAction\":[{\"@type\":\"SearchAction\",\"target\":{\"@type\":\"EntryPoint\",\"urlTemplate\":\"https:\\\/\\\/www.ortungsgerate.de\\\/?s={search_term_string}\"},\"query-input\":{\"@type\":\"PropertyValueSpecification\",\"valueRequired\":true,\"valueName\":\"search_term_string\"}}],\"inLanguage\":\"ru-RU\"},{\"@type\":\"Organization\",\"@id\":\"https:\\\/\\\/www.ortungsgerate.de\\\/#organization\",\"name\":\"Ortungsgerate.de\",\"url\":\"https:\\\/\\\/www.ortungsgerate.de\\\/\",\"logo\":{\"@type\":\"ImageObject\",\"inLanguage\":\"ru-RU\",\"@id\":\"https:\\\/\\\/www.ortungsgerate.de\\\/#\\\/schema\\\/logo\\\/image\\\/\",\"url\":\"https:\\\/\\\/www.ortungsgerate.de\\\/wp-content\\\/uploads\\\/ortungsgerate.png\",\"contentUrl\":\"https:\\\/\\\/www.ortungsgerate.de\\\/wp-content\\\/uploads\\\/ortungsgerate.png\",\"width\":500,\"height\":135,\"caption\":\"Ortungsgerate.de\"},\"image\":{\"@id\":\"https:\\\/\\\/www.ortungsgerate.de\\\/#\\\/schema\\\/logo\\\/image\\\/\"}}]}<\/script>\n<!-- \/ Yoast SEO Premium plugin. -->","yoast_head_json":{"title":"Mini-Diktafon USB-Stick 8GB - Spracherkennung Funktion","description":"Mini Diktierger\u00e4t versteckt im USB-Stick 8GB - Spracherkennungsfunktion. Einfach zu bedienendes Diktierger\u00e4t mit der M\u00f6glichkeit, Gespr\u00e4che f\u00fcr ca. 16 Stunden aufzuzeichnen. Hervorragende Klangqualit\u00e4t.","robots":{"index":"index","follow":"follow","max-snippet":"max-snippet:-1","max-image-preview":"max-image-preview:large","max-video-preview":"max-video-preview:-1"},"canonical":"https:\/\/www.ortungsgerate.de\/ru\/13-diktofony-2\/sekretnyy-diktofon-v-usb-nakopitele-8gb-vos\/","og_locale":"ru_RU","og_type":"article","og_title":"Geheimes Diktierger\u00e4t im USB-Stick 8GB VOS","og_description":"Mini Diktierger\u00e4t versteckt im USB-Stick 8GB - Spracherkennungsfunktion. Einfach zu bedienendes Diktierger\u00e4t mit der M\u00f6glichkeit, Gespr\u00e4che f\u00fcr ca. 16 Stunden aufzuzeichnen. Hervorragende Klangqualit\u00e4t.","og_url":"https:\/\/www.ortungsgerate.de\/ru\/13-diktofony-2\/sekretnyy-diktofon-v-usb-nakopitele-8gb-vos\/","og_site_name":"Ortungsger\u00e4te.de","article_modified_time":"2025-11-26T17:01:36+00:00","og_image":[{"width":458,"height":458,"url":"https:\/\/www.ortungsgerate.de\/wp-content\/uploads\/slaptas-diktofonas-uzmaskuotas-usb-rakte-8gb-vos-2.jpg","type":"image\/jpeg"}],"twitter_card":"summary_large_image","twitter_misc":{"\u041f\u0440\u0438\u043c\u0435\u0440\u043d\u043e\u0435 \u0432\u0440\u0435\u043c\u044f \u0434\u043b\u044f \u0447\u0442\u0435\u043d\u0438\u044f":"3 \u043c\u0438\u043d\u0443\u0442\u044b"},"schema":{"@context":"https:\/\/schema.org","@graph":[{"@type":"WebPage","@id":"https:\/\/www.ortungsgerate.de\/13-diktiergeraete\/geheimes-diktiergeraet-im-usb-stick-8gb-vos\/","url":"https:\/\/www.ortungsgerate.de\/13-diktiergeraete\/geheimes-diktiergeraet-im-usb-stick-8gb-vos\/","name":"Mini-Diktafon USB-Stick 8GB - Spracherkennung Funktion","isPartOf":{"@id":"https:\/\/www.ortungsgerate.de\/#website"},"primaryImageOfPage":{"@id":"https:\/\/www.ortungsgerate.de\/13-diktiergeraete\/geheimes-diktiergeraet-im-usb-stick-8gb-vos\/#primaryimage"},"image":{"@id":"https:\/\/www.ortungsgerate.de\/13-diktiergeraete\/geheimes-diktiergeraet-im-usb-stick-8gb-vos\/#primaryimage"},"thumbnailUrl":"https:\/\/www.ortungsgerate.de\/wp-content\/uploads\/slaptas-diktofonas-uzmaskuotas-usb-rakte-8gb-vos-2.jpg","datePublished":"2024-08-08T12:36:22+00:00","dateModified":"2025-11-26T17:01:36+00:00","description":"Mini Diktierger\u00e4t versteckt im USB-Stick 8GB - Spracherkennungsfunktion. Einfach zu bedienendes Diktierger\u00e4t mit der M\u00f6glichkeit, Gespr\u00e4che f\u00fcr ca. 16 Stunden aufzuzeichnen. Hervorragende Klangqualit\u00e4t.","breadcrumb":{"@id":"https:\/\/www.ortungsgerate.de\/13-diktiergeraete\/geheimes-diktiergeraet-im-usb-stick-8gb-vos\/#breadcrumb"},"inLanguage":"ru-RU","potentialAction":[{"@type":"ReadAction","target":["https:\/\/www.ortungsgerate.de\/13-diktiergeraete\/geheimes-diktiergeraet-im-usb-stick-8gb-vos\/"]}]},{"@type":"ImageObject","inLanguage":"ru-RU","@id":"https:\/\/www.ortungsgerate.de\/13-diktiergeraete\/geheimes-diktiergeraet-im-usb-stick-8gb-vos\/#primaryimage","url":"https:\/\/www.ortungsgerate.de\/wp-content\/uploads\/slaptas-diktofonas-uzmaskuotas-usb-rakte-8gb-vos-2.jpg","contentUrl":"https:\/\/www.ortungsgerate.de\/wp-content\/uploads\/slaptas-diktofonas-uzmaskuotas-usb-rakte-8gb-vos-2.jpg","width":458,"height":458,"caption":"Versteckter Diktierger\u00e4t getarnt als USB\u2011Stick 8GB VOS"},{"@type":"BreadcrumbList","@id":"https:\/\/www.ortungsgerate.de\/13-diktiergeraete\/geheimes-diktiergeraet-im-usb-stick-8gb-vos\/#breadcrumb","itemListElement":[{"@type":"ListItem","position":1,"name":"Startseite","item":"https:\/\/www.ortungsgerate.de\/"},{"@type":"ListItem","position":2,"name":"Shop","item":"https:\/\/www.ortungsgerate.de\/shop\/"},{"@type":"ListItem","position":3,"name":"Geheimes Diktierger\u00e4t im USB-Stick 8GB VOS"}]},{"@type":"WebSite","@id":"https:\/\/www.ortungsgerate.de\/#website","url":"https:\/\/www.ortungsgerate.de\/","name":"Ortungsgerate.de","description":"","publisher":{"@id":"https:\/\/www.ortungsgerate.de\/#organization"},"potentialAction":[{"@type":"SearchAction","target":{"@type":"EntryPoint","urlTemplate":"https:\/\/www.ortungsgerate.de\/?s={search_term_string}"},"query-input":{"@type":"PropertyValueSpecification","valueRequired":true,"valueName":"search_term_string"}}],"inLanguage":"ru-RU"},{"@type":"Organization","@id":"https:\/\/www.ortungsgerate.de\/#organization","name":"Ortungsgerate.de","url":"https:\/\/www.ortungsgerate.de\/","logo":{"@type":"ImageObject","inLanguage":"ru-RU","@id":"https:\/\/www.ortungsgerate.de\/#\/schema\/logo\/image\/","url":"https:\/\/www.ortungsgerate.de\/wp-content\/uploads\/ortungsgerate.png","contentUrl":"https:\/\/www.ortungsgerate.de\/wp-content\/uploads\/ortungsgerate.png","width":500,"height":135,"caption":"Ortungsgerate.de"},"image":{"@id":"https:\/\/www.ortungsgerate.de\/#\/schema\/logo\/image\/"}}]}},"_links":{"self":[{"href":"https:\/\/www.ortungsgerate.de\/ru\/wp-json\/wp\/v2\/product\/16352","targetHints":{"allow":["GET"]}}],"collection":[{"href":"https:\/\/www.ortungsgerate.de\/ru\/wp-json\/wp\/v2\/product"}],"about":[{"href":"https:\/\/www.ortungsgerate.de\/ru\/wp-json\/wp\/v2\/types\/product"}],"version-history":[{"count":0,"href":"https:\/\/www.ortungsgerate.de\/ru\/wp-json\/wp\/v2\/product\/16352\/revisions"}],"wp:featuredmedia":[{"embeddable":true,"href":"https:\/\/www.ortungsgerate.de\/ru\/wp-json\/wp\/v2\/media\/1359"}],"wp:attachment":[{"href":"https:\/\/www.ortungsgerate.de\/ru\/wp-json\/wp\/v2\/media?parent=16352"}],"wp:term":[{"taxonomy":"brand","embeddable":true,"href":"https:\/\/www.ortungsgerate.de\/ru\/wp-json\/wp\/v2\/etheme_brands?post=16352"},{"taxonomy":"product_brand","embeddable":true,"href":"https:\/\/www.ortungsgerate.de\/ru\/wp-json\/wp\/v2\/product_brand?post=16352"},{"taxonomy":"product_cat","embeddable":true,"href":"https:\/\/www.ortungsgerate.de\/ru\/wp-json\/wp\/v2\/product_cat?post=16352"},{"taxonomy":"product_tag","embeddable":true,"href":"https:\/\/www.ortungsgerate.de\/ru\/wp-json\/wp\/v2\/product_tag?post=16352"}],"curies":[{"name":"wp","href":"https:\/\/api.w.org\/{rel}","templated":true}]}}