{"id":16354,"date":"2024-02-07T12:18:39","date_gmt":"2024-02-07T10:18:39","guid":{"rendered":"https:\/\/ortungsgerate.de\/be-kategorijos\/slapta-kamera-stalinis-laikrodis-su-naktiniu-matymu-full-hd-kokybe\/"},"modified":"2025-11-28T19:55:01","modified_gmt":"2025-11-28T17:55:01","slug":"skrytaya-kamera-v-nastolnykh-chasakh-s-nochnym-videniem-full-hd-kachestva","status":"publish","type":"product","link":"https:\/\/www.ortungsgerate.de\/ru\/12-skrytyje-kamery\/17-zamaskirovanyje-kamery\/skrytaya-kamera-v-nastolnykh-chasakh-s-nochnym-videniem-full-hd-kachestva\/","title":{"rendered":"\u0421\u043a\u0440\u044b\u0442\u0430\u044f \u043a\u0430\u043c\u0435\u0440\u0430 \u0432 \u043d\u0430\u0441\u0442\u043e\u043b\u044c\u043d\u044b\u0445 \u0447\u0430\u0441\u0430\u0445 \u0441 \u043d\u043e\u0447\u043d\u044b\u043c \u0432\u0438\u0434\u0435\u043d\u0438\u0435\u043c FULL HD \u043a\u0430\u0447\u0435\u0441\u0442\u0432\u0430"},"content":{"rendered":"<h3>\u041e\u0420\u0418\u0413\u0418\u041d\u0410\u041b\u042c\u041d\u042b\u0419 \u041f\u0420\u041e\u0414\u0423\u041a\u0422, \u041d\u0415 \u041a\u041e\u041f\u0418\u042f<\/h3>\n<h3><strong>\u0422\u0435\u0445\u043d\u0438\u0447\u0435\u0441\u043a\u0438\u0435 \u043f\u0430\u0440\u0430\u043c\u0435\u0442\u0440\u044b:<\/strong><\/h3>\n<ul>\n<li>Fernvideobetrachtung: JA<\/li>\n<li>\u041b\u0435\u0433\u043a\u043e \u043d\u0430\u0441\u0442\u0440\u0430\u0438\u0432\u0430\u0435\u043c\u0430\u044f \u043a\u0430\u043c\u0435\u0440\u0430, \u0432\u0430\u043c \u043f\u043e\u0442\u0440\u0435\u0431\u0443\u0435\u0442\u0441\u044f 2 \u043c\u0438\u043d\u0443\u0442\u044b<\/li>\n<li>\u0417\u0430\u043f\u0438\u0441\u044c \u0438\u0437\u043e\u0431\u0440\u0430\u0436\u0435\u043d\u0438\u044f \u0441\u043e \u0437\u0432\u0443\u043a\u043e\u043c<\/li>\n<li>\u041d\u043e\u0447\u043d\u043e\u0435 \u0432\u0438\u0434\u0435\u043d\u0438\u0435: 5 \u043c\u0435\u0442\u0440\u043e\u0432<\/li>\n<li>\u041a\u0430\u043c\u0435\u0440\u0430 \u043e\u0442\u043b\u0438\u0447\u043d\u043e \u0437\u0430\u043c\u0430\u0441\u043a\u0438\u0440\u043e\u0432\u0430\u043d\u0430, \u043d\u0435 \u0437\u0430\u043c\u0435\u0442\u043d\u0430<\/li>\n<li>Weckfunktion \u2013 Ja<\/li>\n<li>\u041a\u0430\u0447\u0435\u0441\u0442\u0432\u043e \u0438\u0437\u043e\u0431\u0440\u0430\u0436\u0435\u043d\u0438\u044f: \u0412\u0438\u0434: HD 1920*1080<\/li>\n<li>Fotoaufl\u00f6sung: 1280*720<\/li>\n<li>Sichtwinkel: 120 Grad<\/li>\n<li>\u0427\u0430\u0441\u0442\u043e\u0442\u0430 \u043a\u0430\u0434\u0440\u043e\u0432: 20FPS<\/li>\n<li>\u0423\u0432\u0435\u0434\u043e\u043c\u043b\u0435\u043d\u0438\u044f \u043f\u0440\u0438 \u043e\u0431\u043d\u0430\u0440\u0443\u0436\u0435\u043d\u0438\u0438 \u0434\u0432\u0438\u0436\u0435\u043d\u0438\u044f (Push-\u0443\u0432\u0435\u0434\u043e\u043c\u043b\u0435\u043d\u0438\u0435)<\/li>\n<li>\u041f\u043e\u0434\u0445\u043e\u0434\u044f\u0449\u0438\u0435 \u043a\u0430\u0440\u0442\u044b: \u043e\u0442 32GB \u0434\u043e 128GB (\u043a\u0430\u0440\u0442\u0430 \u043d\u0435 \u0432\u0445\u043e\u0434\u0438\u0442 \u0432 \u043a\u043e\u043c\u043f\u043b\u0435\u043a\u0442)<\/li>\n<li>Video\u00fcberwachung: Per Telefon oder Computer (live \u00fcber das Internet)<\/li>\n<li>\u0412\u0440\u0435\u043c\u044f \u0440\u0430\u0431\u043e\u0442\u044b \u043e\u0442 \u0430\u043a\u043a\u0443\u043c\u0443\u043b\u044f\u0442\u043e\u0440\u0430: \u043e\u043a\u043e\u043b\u043e 3 \u0447\u0430\u0441\u043e\u0432 \u2013 \u043f\u0440\u0438 \u043f\u043e\u0434\u043a\u043b\u044e\u0447\u0435\u043d\u0438\u0438 \u043a \u0441\u0435\u0442\u0438 24\/7<\/li>\n<li>Akkukapazit\u00e4t: 2500 mAh<\/li>\n<li>\u041e\u0431\u043d\u0430\u0440\u0443\u0436\u0435\u043d\u0438\u0435 \u0434\u0432\u0438\u0436\u0435\u043d\u0438\u044f: \u0414\u0410, \u0446\u0438\u0444\u0440\u043e\u0432\u043e\u0435<\/li>\n<li>\u0424\u043e\u0440\u043c\u0430\u0442 \u0441\u0436\u0430\u0442\u0438\u044f: AVI H.264<\/li>\n<li>\u0412\u0438\u0434\u0435\u043e \u0444\u043e\u0440\u043c\u0430\u0442: Avi<\/li>\n<li>Systeme: \u201eiOS\u201d, \u201eAndroid\u201d<\/li>\n<li>App: Vorhanden<\/li>\n<li>Stromversorgung: interner oder externer Akku; 5V-Stromanschluss<\/li>\n<li>Wi-Fi: Vorhanden<\/li>\n<li><strong>\u0413\u0410\u0420\u0410\u041d\u0422\u0418\u042f 12 \u043c\u0435\u0441\u044f\u0446\u0435\u0432<\/strong><\/li>\n<\/ul>\n<p><strong><span style=\"color: #000000\">Einsatzbereich: F\u00fcr Ihre eigene Sicherheit und die Ihrer Kinder.<\/span><\/strong><\/p>\n<p>\u042d\u0442\u0438 \u043d\u0430\u0441\u0442\u043e\u043b\u044c\u043d\u044b\u0435 \u0447\u0430\u0441\u044b \u0441 \u0432\u0441\u0442\u0440\u043e\u0435\u043d\u043d\u043e\u0439 \u0441\u043a\u0440\u044b\u0442\u043e\u0439 \u043a\u0430\u043c\u0435\u0440\u043e\u0439 \u044f\u0432\u043b\u044f\u044e\u0442\u0441\u044f \u0441\u043e\u0432\u0440\u0435\u043c\u0435\u043d\u043d\u044b\u043c \u0448\u043f\u0438\u043e\u043d\u0441\u043a\u0438\u043c \u0443\u0441\u0442\u0440\u043e\u0439\u0441\u0442\u0432\u043e\u043c, \u043a\u043e\u0442\u043e\u0440\u043e\u0435 \u043e\u0442\u043b\u0438\u0447\u0430\u0435\u0442\u0441\u044f \u0447\u0440\u0435\u0437\u0432\u044b\u0447\u0430\u0439\u043d\u043e \u0432\u044b\u0441\u043e\u043a\u0438\u043c \u0440\u0430\u0437\u0440\u0435\u0448\u0435\u043d\u0438\u0435\u043c \u0438\u0437\u043e\u0431\u0440\u0430\u0436\u0435\u043d\u0438\u044f. \u0418\u0445 \u0434\u0438\u0437\u0430\u0439\u043d \u043d\u0430 \u043f\u0435\u0440\u0432\u044b\u0439 \u0432\u0437\u0433\u043b\u044f\u0434 \u043d\u0435 \u0432\u044b\u0437\u044b\u0432\u0430\u0435\u0442 \u043f\u043e\u0434\u043e\u0437\u0440\u0435\u043d\u0438\u0439, \u043f\u043e\u044d\u0442\u043e\u043c\u0443 \u043e\u043d\u0438 \u0438\u0434\u0435\u0430\u043b\u044c\u043d\u043e \u0432\u043f\u0438\u0441\u044b\u0432\u0430\u044e\u0442\u0441\u044f \u0432 \u043b\u044e\u0431\u043e\u0439 \u0438\u043d\u0442\u0435\u0440\u044c\u0435\u0440, \u043d\u0435 \u0432\u044b\u0437\u044b\u0432\u0430\u044f \u043d\u0435\u0434\u043e\u0432\u0435\u0440\u0438\u044f. \u041a\u0430\u0447\u0435\u0441\u0442\u0432\u043e \u0438\u0437\u043e\u0431\u0440\u0430\u0436\u0435\u043d\u0438\u044f \u043f\u0440\u043e\u0441\u0442\u043e \u0431\u0435\u0437\u0443\u043f\u0440\u0435\u0447\u043d\u043e \u0438 \u043f\u043e\u0437\u0432\u043e\u043b\u044f\u0435\u0442 \u0444\u0438\u043a\u0441\u0438\u0440\u043e\u0432\u0430\u0442\u044c \u0438\u0437\u043e\u0431\u0440\u0430\u0436\u0435\u043d\u0438\u044f \u0438 \u0432\u0438\u0434\u0435\u043e\u0437\u0430\u043f\u0438\u0441\u0438 \u0432 \u0441\u0430\u043c\u043e\u043c \u0432\u044b\u0441\u043e\u043a\u043e\u043c \u0440\u0430\u0437\u0440\u0435\u0448\u0435\u043d\u0438\u0438, \u0434\u0430\u0436\u0435 \u043f\u0440\u0438 \u0441\u043b\u0430\u0431\u043e\u043c \u043e\u0441\u0432\u0435\u0449\u0435\u043d\u0438\u0438.<\/p>\n<p>\u041e\u0434\u043d\u0438\u043c \u0438\u0437 \u0432\u0430\u0436\u043d\u0435\u0439\u0448\u0438\u0445 \u043f\u0440\u0435\u0438\u043c\u0443\u0449\u0435\u0441\u0442\u0432 \u044d\u0442\u0438\u0445 \u0447\u0430\u0441\u043e\u0432 \u044f\u0432\u043b\u044f\u0435\u0442\u0441\u044f \u0438\u0445 \u043f\u0440\u043e\u0441\u0442\u043e\u0442\u0430 \u0432 \u0438\u0441\u043f\u043e\u043b\u044c\u0437\u043e\u0432\u0430\u043d\u0438\u0438. \u041d\u0435 \u0442\u0440\u0435\u0431\u0443\u0435\u0442\u0441\u044f \u0441\u043b\u043e\u0436\u043d\u044b\u0445 \u043d\u0430\u0441\u0442\u0440\u043e\u0435\u043a \u0438\u043b\u0438 \u0434\u043b\u0438\u0442\u0435\u043b\u044c\u043d\u043e\u0433\u043e \u0438\u0437\u0443\u0447\u0435\u043d\u0438\u044f \u0438\u043d\u0441\u0442\u0440\u0443\u043a\u0446\u0438\u0439; \u0432\u0441\u0435 \u0443\u043f\u0440\u0430\u0432\u043b\u044f\u0435\u0442\u0441\u044f \u0438\u043d\u0442\u0443\u0438\u0442\u0438\u0432\u043d\u043e, \u0442\u0430\u043a \u0447\u0442\u043e \u043f\u043e\u043b\u044c\u0437\u043e\u0432\u0430\u0442\u0435\u043b\u044c \u043c\u043e\u0436\u0435\u0442 \u043d\u0430\u0447\u0430\u0442\u044c \u0437\u0430\u043f\u0438\u0441\u044c \u0432\u0441\u0435\u0433\u043e \u043d\u0435\u0441\u043a\u043e\u043b\u044c\u043a\u0438\u043c\u0438 \u043d\u0430\u0436\u0430\u0442\u0438\u044f\u043c\u0438 \u043a\u043d\u043e\u043f\u043e\u043a. \u042d\u0442\u043e \u0447\u0440\u0435\u0437\u0432\u044b\u0447\u0430\u0439\u043d\u043e \u0443\u0434\u043e\u0431\u043d\u043e \u043a\u0430\u043a \u0434\u043b\u044f \u043f\u0440\u043e\u0444\u0435\u0441\u0441\u0438\u043e\u043d\u0430\u043b\u043e\u0432, \u0442\u0430\u043a \u0438 \u0434\u043b\u044f \u043e\u0431\u044b\u0447\u043d\u044b\u0445 \u043f\u043e\u043b\u044c\u0437\u043e\u0432\u0430\u0442\u0435\u043b\u0435\u0439, \u043a\u043e\u0442\u043e\u0440\u044b\u0435 \u0445\u043e\u0442\u044f\u0442 \u043e\u0431\u0435\u0441\u043f\u0435\u0447\u0438\u0442\u044c \u0431\u0435\u0437\u043e\u043f\u0430\u0441\u043d\u043e\u0441\u0442\u044c \u0441\u0432\u043e\u0435\u0433\u043e \u0434\u043e\u043c\u0430 \u0438\u043b\u0438 \u043f\u0440\u043e\u0441\u0442\u043e \u0437\u0430\u043f\u0438\u0441\u0430\u0442\u044c \u0432\u0430\u0436\u043d\u044b\u0435 \u0441\u043e\u0431\u044b\u0442\u0438\u044f, \u043d\u0435 \u043f\u0440\u0438\u0432\u043b\u0435\u043a\u0430\u044f \u0432\u043d\u0438\u043c\u0430\u043d\u0438\u044f \u043e\u043a\u0440\u0443\u0436\u0430\u044e\u0449\u0438\u0445.<\/p>\n<p>\u0415\u0449\u0435 \u043e\u0434\u043d\u0438\u043c \u043f\u0440\u0435\u0438\u043c\u0443\u0449\u0435\u0441\u0442\u0432\u043e\u043c \u044d\u0442\u043e\u0433\u043e \u0443\u0441\u0442\u0440\u043e\u0439\u0441\u0442\u0432\u0430 \u044f\u0432\u043b\u044f\u0435\u0442\u0441\u044f \u0432\u043e\u0437\u043c\u043e\u0436\u043d\u043e\u0441\u0442\u044c \u0443\u0434\u0430\u043b\u0435\u043d\u043d\u043e\u0433\u043e \u043c\u043e\u043d\u0438\u0442\u043e\u0440\u0438\u043d\u0433\u0430 \u0438\u0437\u043e\u0431\u0440\u0430\u0436\u0435\u043d\u0438\u044f \u0432 \u0440\u0435\u0430\u043b\u044c\u043d\u043e\u043c \u0432\u0440\u0435\u043c\u0435\u043d\u0438. \u042d\u0442\u043e \u043e\u0437\u043d\u0430\u0447\u0430\u0435\u0442, \u0447\u0442\u043e \u043f\u043e\u043b\u044c\u0437\u043e\u0432\u0430\u0442\u0435\u043b\u044c \u043c\u043e\u0436\u0435\u0442 \u0441\u043c\u043e\u0442\u0440\u0435\u0442\u044c \u0432\u0438\u0434\u0435\u043e\u0442\u0440\u0430\u043d\u0441\u043b\u044f\u0446\u0438\u044e \u0432 \u0440\u0435\u0430\u043b\u044c\u043d\u043e\u043c \u0432\u0440\u0435\u043c\u0435\u043d\u0438 \u0438\u0437 \u043b\u044e\u0431\u043e\u0439 \u0442\u043e\u0447\u043a\u0438 \u043c\u0438\u0440\u0430, \u0435\u0441\u043b\u0438 \u0435\u0441\u0442\u044c \u043f\u043e\u0434\u043a\u043b\u044e\u0447\u0435\u043d\u0438\u0435 \u043a \u0418\u043d\u0442\u0435\u0440\u043d\u0435\u0442\u0443. \u042d\u0442\u043e \u043e\u0431\u0435\u0441\u043f\u0435\u0447\u0438\u0432\u0430\u0435\u0442 \u043d\u0435\u043f\u0440\u0435\u0432\u0437\u043e\u0439\u0434\u0435\u043d\u043d\u0443\u044e \u0433\u0438\u0431\u043a\u043e\u0441\u0442\u044c \u0438 \u043a\u043e\u043d\u0442\u0440\u043e\u043b\u044c, \u043f\u043e\u0437\u0432\u043e\u043b\u044f\u044f \u043c\u0433\u043d\u043e\u0432\u0435\u043d\u043d\u043e \u0440\u0435\u0430\u0433\u0438\u0440\u043e\u0432\u0430\u0442\u044c \u043d\u0430 \u0440\u0430\u0437\u043b\u0438\u0447\u043d\u044b\u0435 \u0441\u0438\u0442\u0443\u0430\u0446\u0438\u0438, \u0434\u0430\u0436\u0435 \u0435\u0441\u043b\u0438 \u0432\u044b \u043d\u0430\u0445\u043e\u0434\u0438\u0442\u0435\u0441\u044c \u0434\u0430\u043b\u0435\u043a\u043e \u043e\u0442 \u0447\u0430\u0441\u043e\u0432.<\/p>\n<p>&nbsp;<\/p>\n<p>&nbsp;<\/p>","protected":false},"excerpt":{"rendered":"<p>ORIGINALPRODUKT KEINE KOPIE Technische Parameter: Fernvideobetrachtung: JA Leicht zu konfigurierende Kamera, Sie ben\u00f6tigen 2 Minuten Bildaufnahme mit Ton Nachtsicht: 5 Meter Kamera hervorragend getarnt, nicht&#8230;<\/p>","protected":false},"featured_media":2331,"template":"","meta":[],"etheme_brands":[],"product_brand":[],"product_cat":[204,203,205],"product_tag":[42,707,705,690,693],"class_list":{"0":"post-16354","1":"product","2":"type-product","3":"status-publish","4":"has-post-thumbnail","6":"product_cat-17-getarnte-kameras","7":"product_cat-12-versteckte-kameras","8":"product_cat-27-wlan-minikameras","9":"product_tag-kamera","10":"product_tag-kamera-uhr","11":"product_tag-ueberwachungskamera","12":"product_tag-versteckte-kamera","13":"product_tag-wlan-kamera","14":"pa_typ-tischuhren","16":"first","17":"instock","18":"sale","19":"taxable","20":"shipping-taxable","21":"purchasable","22":"product-type-simple"},"yoast_head":"<!-- This site is optimized with the Yoast SEO Premium plugin v25.9 (Yoast SEO v27.4) - https:\/\/yoast.com\/product\/yoast-seo-premium-wordpress\/ -->\n<title>Kamera Uhr mit WIFI Bild in hoher Qualit\u00e4t + Nachtsicht<\/title>\n<meta name=\"description\" content=\"Bild in h\u00f6chster Qualit\u00e4t, Nachtsicht. Diese Uhr mit Kamera vereint alle Top-Funktionen. Einfache Bedienung, keine speziellen Kenntnisse erforderlich. Full HD\" \/>\n<meta name=\"robots\" content=\"index, follow, max-snippet:-1, max-image-preview:large, max-video-preview:-1\" \/>\n<link rel=\"canonical\" href=\"https:\/\/www.ortungsgerate.de\/ru\/12-skrytyje-kamery\/27-wlan-mini-kamery\/skrytaya-kamera-v-nastolnykh-chasakh-s-nochnym-videniem-full-hd-kachestva\/\" \/>\n<meta property=\"og:locale\" content=\"ru_RU\" \/>\n<meta property=\"og:type\" content=\"article\" \/>\n<meta property=\"og:title\" content=\"Versteckte Kamera Tischuhr mit Nachtsicht FULL HD Qualit\u00e4t\" \/>\n<meta property=\"og:description\" content=\"Bild in h\u00f6chster Qualit\u00e4t, Nachtsicht. Diese Uhr mit Kamera vereint alle Top-Funktionen. Einfache Bedienung, keine speziellen Kenntnisse erforderlich. Full HD\" \/>\n<meta property=\"og:url\" content=\"https:\/\/www.ortungsgerate.de\/ru\/12-skrytyje-kamery\/27-wlan-mini-kamery\/skrytaya-kamera-v-nastolnykh-chasakh-s-nochnym-videniem-full-hd-kachestva\/\" \/>\n<meta property=\"og:site_name\" content=\"Ortungsger\u00e4te.de\" \/>\n<meta property=\"article:modified_time\" content=\"2025-11-28T17:55:01+00:00\" \/>\n<meta property=\"og:image\" content=\"https:\/\/www.ortungsgerate.de\/wp-content\/uploads\/slapta-kamera-stalinis-laikrodis-su-naktiniu-matymu-full-hd-kokybe-1.jpg\" \/>\n\t<meta property=\"og:image:width\" content=\"700\" \/>\n\t<meta property=\"og:image:height\" content=\"700\" \/>\n\t<meta property=\"og:image:type\" content=\"image\/jpeg\" \/>\n<meta name=\"twitter:card\" content=\"summary_large_image\" \/>\n<meta name=\"twitter:label1\" content=\"\u041f\u0440\u0438\u043c\u0435\u0440\u043d\u043e\u0435 \u0432\u0440\u0435\u043c\u044f \u0434\u043b\u044f \u0447\u0442\u0435\u043d\u0438\u044f\" \/>\n\t<meta name=\"twitter:data1\" content=\"2 \u043c\u0438\u043d\u0443\u0442\u044b\" \/>\n<script type=\"application\/ld+json\" class=\"yoast-schema-graph\">{\"@context\":\"https:\\\/\\\/schema.org\",\"@graph\":[{\"@type\":\"WebPage\",\"@id\":\"https:\\\/\\\/www.ortungsgerate.de\\\/12-versteckte-kameras\\\/27-wlan-minikameras\\\/versteckte-kamera-tischuhr-mit-nachtsicht-full-hd-qualitaet\\\/\",\"url\":\"https:\\\/\\\/www.ortungsgerate.de\\\/12-versteckte-kameras\\\/27-wlan-minikameras\\\/versteckte-kamera-tischuhr-mit-nachtsicht-full-hd-qualitaet\\\/\",\"name\":\"Kamera Uhr mit WIFI Bild in hoher Qualit\u00e4t + Nachtsicht\",\"isPartOf\":{\"@id\":\"https:\\\/\\\/www.ortungsgerate.de\\\/#website\"},\"primaryImageOfPage\":{\"@id\":\"https:\\\/\\\/www.ortungsgerate.de\\\/12-versteckte-kameras\\\/27-wlan-minikameras\\\/versteckte-kamera-tischuhr-mit-nachtsicht-full-hd-qualitaet\\\/#primaryimage\"},\"image\":{\"@id\":\"https:\\\/\\\/www.ortungsgerate.de\\\/12-versteckte-kameras\\\/27-wlan-minikameras\\\/versteckte-kamera-tischuhr-mit-nachtsicht-full-hd-qualitaet\\\/#primaryimage\"},\"thumbnailUrl\":\"https:\\\/\\\/www.ortungsgerate.de\\\/wp-content\\\/uploads\\\/slapta-kamera-stalinis-laikrodis-su-naktiniu-matymu-full-hd-kokybe-1.jpg\",\"datePublished\":\"2024-02-07T10:18:39+00:00\",\"dateModified\":\"2025-11-28T17:55:01+00:00\",\"description\":\"Bild in h\u00f6chster Qualit\u00e4t, Nachtsicht. Diese Uhr mit Kamera vereint alle Top-Funktionen. Einfache Bedienung, keine speziellen Kenntnisse erforderlich. Full HD\",\"breadcrumb\":{\"@id\":\"https:\\\/\\\/www.ortungsgerate.de\\\/12-versteckte-kameras\\\/27-wlan-minikameras\\\/versteckte-kamera-tischuhr-mit-nachtsicht-full-hd-qualitaet\\\/#breadcrumb\"},\"inLanguage\":\"ru-RU\",\"potentialAction\":[{\"@type\":\"ReadAction\",\"target\":[\"https:\\\/\\\/www.ortungsgerate.de\\\/12-versteckte-kameras\\\/27-wlan-minikameras\\\/versteckte-kamera-tischuhr-mit-nachtsicht-full-hd-qualitaet\\\/\"]}]},{\"@type\":\"ImageObject\",\"inLanguage\":\"ru-RU\",\"@id\":\"https:\\\/\\\/www.ortungsgerate.de\\\/12-versteckte-kameras\\\/27-wlan-minikameras\\\/versteckte-kamera-tischuhr-mit-nachtsicht-full-hd-qualitaet\\\/#primaryimage\",\"url\":\"https:\\\/\\\/www.ortungsgerate.de\\\/wp-content\\\/uploads\\\/slapta-kamera-stalinis-laikrodis-su-naktiniu-matymu-full-hd-kokybe-1.jpg\",\"contentUrl\":\"https:\\\/\\\/www.ortungsgerate.de\\\/wp-content\\\/uploads\\\/slapta-kamera-stalinis-laikrodis-su-naktiniu-matymu-full-hd-kokybe-1.jpg\",\"width\":700,\"height\":700,\"caption\":\"Versteckte Kameras\"},{\"@type\":\"BreadcrumbList\",\"@id\":\"https:\\\/\\\/www.ortungsgerate.de\\\/12-versteckte-kameras\\\/27-wlan-minikameras\\\/versteckte-kamera-tischuhr-mit-nachtsicht-full-hd-qualitaet\\\/#breadcrumb\",\"itemListElement\":[{\"@type\":\"ListItem\",\"position\":1,\"name\":\"Startseite\",\"item\":\"https:\\\/\\\/www.ortungsgerate.de\\\/\"},{\"@type\":\"ListItem\",\"position\":2,\"name\":\"Shop\",\"item\":\"https:\\\/\\\/www.ortungsgerate.de\\\/shop\\\/\"},{\"@type\":\"ListItem\",\"position\":3,\"name\":\"Versteckte Kamera Tischuhr mit Nachtsicht FULL HD Qualit\u00e4t\"}]},{\"@type\":\"WebSite\",\"@id\":\"https:\\\/\\\/www.ortungsgerate.de\\\/#website\",\"url\":\"https:\\\/\\\/www.ortungsgerate.de\\\/\",\"name\":\"Ortungsgerate.de\",\"description\":\"\",\"publisher\":{\"@id\":\"https:\\\/\\\/www.ortungsgerate.de\\\/#organization\"},\"potentialAction\":[{\"@type\":\"SearchAction\",\"target\":{\"@type\":\"EntryPoint\",\"urlTemplate\":\"https:\\\/\\\/www.ortungsgerate.de\\\/?s={search_term_string}\"},\"query-input\":{\"@type\":\"PropertyValueSpecification\",\"valueRequired\":true,\"valueName\":\"search_term_string\"}}],\"inLanguage\":\"ru-RU\"},{\"@type\":\"Organization\",\"@id\":\"https:\\\/\\\/www.ortungsgerate.de\\\/#organization\",\"name\":\"Ortungsgerate.de\",\"url\":\"https:\\\/\\\/www.ortungsgerate.de\\\/\",\"logo\":{\"@type\":\"ImageObject\",\"inLanguage\":\"ru-RU\",\"@id\":\"https:\\\/\\\/www.ortungsgerate.de\\\/#\\\/schema\\\/logo\\\/image\\\/\",\"url\":\"https:\\\/\\\/www.ortungsgerate.de\\\/wp-content\\\/uploads\\\/ortungsgerate.png\",\"contentUrl\":\"https:\\\/\\\/www.ortungsgerate.de\\\/wp-content\\\/uploads\\\/ortungsgerate.png\",\"width\":500,\"height\":135,\"caption\":\"Ortungsgerate.de\"},\"image\":{\"@id\":\"https:\\\/\\\/www.ortungsgerate.de\\\/#\\\/schema\\\/logo\\\/image\\\/\"}}]}<\/script>\n<!-- \/ Yoast SEO Premium plugin. -->","yoast_head_json":{"title":"\u041a\u0430\u043c\u0435\u0440\u0430-\u0447\u0430\u0441\u044b \u0441 WIFI \u0438\u0437\u043e\u0431\u0440\u0430\u0436\u0435\u043d\u0438\u0435\u043c \u0432\u044b\u0441\u043e\u043a\u043e\u0433\u043e \u043a\u0430\u0447\u0435\u0441\u0442\u0432\u0430 + \u043d\u043e\u0447\u043d\u043e\u0435 \u0432\u0438\u0434\u0435\u043d\u0438\u0435","description":"\u0418\u0437\u043e\u0431\u0440\u0430\u0436\u0435\u043d\u0438\u0435 \u0432\u044b\u0441\u043e\u0447\u0430\u0439\u0448\u0435\u0433\u043e \u043a\u0430\u0447\u0435\u0441\u0442\u0432\u0430, \u043d\u043e\u0447\u043d\u043e\u0435 \u0432\u0438\u0434\u0435\u043d\u0438\u0435. \u042d\u0442\u0438 \u0447\u0430\u0441\u044b \u0441 \u043a\u0430\u043c\u0435\u0440\u043e\u0439 \u043e\u0431\u044a\u0435\u0434\u0438\u043d\u044f\u044e\u0442 \u0432\u0441\u0435 \u0442\u043e\u043f-\u0444\u0443\u043d\u043a\u0446\u0438\u0438. \u041f\u0440\u043e\u0441\u0442\u043e\u0442\u0430 \u0432 \u0438\u0441\u043f\u043e\u043b\u044c\u0437\u043e\u0432\u0430\u043d\u0438\u0438, \u0441\u043f\u0435\u0446\u0438\u0430\u043b\u044c\u043d\u044b\u0435 \u0437\u043d\u0430\u043d\u0438\u044f \u043d\u0435 \u0442\u0440\u0435\u0431\u0443\u044e\u0442\u0441\u044f. Full HD","robots":{"index":"index","follow":"follow","max-snippet":"max-snippet:-1","max-image-preview":"max-image-preview:large","max-video-preview":"max-video-preview:-1"},"canonical":"https:\/\/www.ortungsgerate.de\/ru\/12-skrytyje-kamery\/27-wlan-mini-kamery\/skrytaya-kamera-v-nastolnykh-chasakh-s-nochnym-videniem-full-hd-kachestva\/","og_locale":"ru_RU","og_type":"article","og_title":"Versteckte Kamera Tischuhr mit Nachtsicht FULL HD Qualit\u00e4t","og_description":"Bild in h\u00f6chster Qualit\u00e4t, Nachtsicht. Diese Uhr mit Kamera vereint alle Top-Funktionen. Einfache Bedienung, keine speziellen Kenntnisse erforderlich. Full HD","og_url":"https:\/\/www.ortungsgerate.de\/ru\/12-skrytyje-kamery\/27-wlan-mini-kamery\/skrytaya-kamera-v-nastolnykh-chasakh-s-nochnym-videniem-full-hd-kachestva\/","og_site_name":"Ortungsger\u00e4te.de","article_modified_time":"2025-11-28T17:55:01+00:00","og_image":[{"width":700,"height":700,"url":"https:\/\/www.ortungsgerate.de\/wp-content\/uploads\/slapta-kamera-stalinis-laikrodis-su-naktiniu-matymu-full-hd-kokybe-1.jpg","type":"image\/jpeg"}],"twitter_card":"summary_large_image","twitter_misc":{"\u041f\u0440\u0438\u043c\u0435\u0440\u043d\u043e\u0435 \u0432\u0440\u0435\u043c\u044f \u0434\u043b\u044f \u0447\u0442\u0435\u043d\u0438\u044f":"2 \u043c\u0438\u043d\u0443\u0442\u044b"},"schema":{"@context":"https:\/\/schema.org","@graph":[{"@type":"WebPage","@id":"https:\/\/www.ortungsgerate.de\/12-versteckte-kameras\/27-wlan-minikameras\/versteckte-kamera-tischuhr-mit-nachtsicht-full-hd-qualitaet\/","url":"https:\/\/www.ortungsgerate.de\/12-versteckte-kameras\/27-wlan-minikameras\/versteckte-kamera-tischuhr-mit-nachtsicht-full-hd-qualitaet\/","name":"\u041a\u0430\u043c\u0435\u0440\u0430-\u0447\u0430\u0441\u044b \u0441 WIFI \u0438\u0437\u043e\u0431\u0440\u0430\u0436\u0435\u043d\u0438\u0435\u043c \u0432\u044b\u0441\u043e\u043a\u043e\u0433\u043e \u043a\u0430\u0447\u0435\u0441\u0442\u0432\u0430 + \u043d\u043e\u0447\u043d\u043e\u0435 \u0432\u0438\u0434\u0435\u043d\u0438\u0435","isPartOf":{"@id":"https:\/\/www.ortungsgerate.de\/#website"},"primaryImageOfPage":{"@id":"https:\/\/www.ortungsgerate.de\/12-versteckte-kameras\/27-wlan-minikameras\/versteckte-kamera-tischuhr-mit-nachtsicht-full-hd-qualitaet\/#primaryimage"},"image":{"@id":"https:\/\/www.ortungsgerate.de\/12-versteckte-kameras\/27-wlan-minikameras\/versteckte-kamera-tischuhr-mit-nachtsicht-full-hd-qualitaet\/#primaryimage"},"thumbnailUrl":"https:\/\/www.ortungsgerate.de\/wp-content\/uploads\/slapta-kamera-stalinis-laikrodis-su-naktiniu-matymu-full-hd-kokybe-1.jpg","datePublished":"2024-02-07T10:18:39+00:00","dateModified":"2025-11-28T17:55:01+00:00","description":"\u0418\u0437\u043e\u0431\u0440\u0430\u0436\u0435\u043d\u0438\u0435 \u0432\u044b\u0441\u043e\u0447\u0430\u0439\u0448\u0435\u0433\u043e \u043a\u0430\u0447\u0435\u0441\u0442\u0432\u0430, \u043d\u043e\u0447\u043d\u043e\u0435 \u0432\u0438\u0434\u0435\u043d\u0438\u0435. \u042d\u0442\u0438 \u0447\u0430\u0441\u044b \u0441 \u043a\u0430\u043c\u0435\u0440\u043e\u0439 \u043e\u0431\u044a\u0435\u0434\u0438\u043d\u044f\u044e\u0442 \u0432\u0441\u0435 \u0442\u043e\u043f-\u0444\u0443\u043d\u043a\u0446\u0438\u0438. \u041f\u0440\u043e\u0441\u0442\u043e\u0442\u0430 \u0432 \u0438\u0441\u043f\u043e\u043b\u044c\u0437\u043e\u0432\u0430\u043d\u0438\u0438, \u0441\u043f\u0435\u0446\u0438\u0430\u043b\u044c\u043d\u044b\u0435 \u0437\u043d\u0430\u043d\u0438\u044f \u043d\u0435 \u0442\u0440\u0435\u0431\u0443\u044e\u0442\u0441\u044f. Full HD","breadcrumb":{"@id":"https:\/\/www.ortungsgerate.de\/12-versteckte-kameras\/27-wlan-minikameras\/versteckte-kamera-tischuhr-mit-nachtsicht-full-hd-qualitaet\/#breadcrumb"},"inLanguage":"ru-RU","potentialAction":[{"@type":"ReadAction","target":["https:\/\/www.ortungsgerate.de\/12-versteckte-kameras\/27-wlan-minikameras\/versteckte-kamera-tischuhr-mit-nachtsicht-full-hd-qualitaet\/"]}]},{"@type":"ImageObject","inLanguage":"ru-RU","@id":"https:\/\/www.ortungsgerate.de\/12-versteckte-kameras\/27-wlan-minikameras\/versteckte-kamera-tischuhr-mit-nachtsicht-full-hd-qualitaet\/#primaryimage","url":"https:\/\/www.ortungsgerate.de\/wp-content\/uploads\/slapta-kamera-stalinis-laikrodis-su-naktiniu-matymu-full-hd-kokybe-1.jpg","contentUrl":"https:\/\/www.ortungsgerate.de\/wp-content\/uploads\/slapta-kamera-stalinis-laikrodis-su-naktiniu-matymu-full-hd-kokybe-1.jpg","width":700,"height":700,"caption":"Versteckte Kameras"},{"@type":"BreadcrumbList","@id":"https:\/\/www.ortungsgerate.de\/12-versteckte-kameras\/27-wlan-minikameras\/versteckte-kamera-tischuhr-mit-nachtsicht-full-hd-qualitaet\/#breadcrumb","itemListElement":[{"@type":"ListItem","position":1,"name":"Startseite","item":"https:\/\/www.ortungsgerate.de\/"},{"@type":"ListItem","position":2,"name":"Shop","item":"https:\/\/www.ortungsgerate.de\/shop\/"},{"@type":"ListItem","position":3,"name":"Versteckte Kamera Tischuhr mit Nachtsicht FULL HD Qualit\u00e4t"}]},{"@type":"WebSite","@id":"https:\/\/www.ortungsgerate.de\/#website","url":"https:\/\/www.ortungsgerate.de\/","name":"Ortungsgerate.de","description":"","publisher":{"@id":"https:\/\/www.ortungsgerate.de\/#organization"},"potentialAction":[{"@type":"SearchAction","target":{"@type":"EntryPoint","urlTemplate":"https:\/\/www.ortungsgerate.de\/?s={search_term_string}"},"query-input":{"@type":"PropertyValueSpecification","valueRequired":true,"valueName":"search_term_string"}}],"inLanguage":"ru-RU"},{"@type":"Organization","@id":"https:\/\/www.ortungsgerate.de\/#organization","name":"Ortungsgerate.de","url":"https:\/\/www.ortungsgerate.de\/","logo":{"@type":"ImageObject","inLanguage":"ru-RU","@id":"https:\/\/www.ortungsgerate.de\/#\/schema\/logo\/image\/","url":"https:\/\/www.ortungsgerate.de\/wp-content\/uploads\/ortungsgerate.png","contentUrl":"https:\/\/www.ortungsgerate.de\/wp-content\/uploads\/ortungsgerate.png","width":500,"height":135,"caption":"Ortungsgerate.de"},"image":{"@id":"https:\/\/www.ortungsgerate.de\/#\/schema\/logo\/image\/"}}]}},"_links":{"self":[{"href":"https:\/\/www.ortungsgerate.de\/ru\/wp-json\/wp\/v2\/product\/16354","targetHints":{"allow":["GET"]}}],"collection":[{"href":"https:\/\/www.ortungsgerate.de\/ru\/wp-json\/wp\/v2\/product"}],"about":[{"href":"https:\/\/www.ortungsgerate.de\/ru\/wp-json\/wp\/v2\/types\/product"}],"version-history":[{"count":0,"href":"https:\/\/www.ortungsgerate.de\/ru\/wp-json\/wp\/v2\/product\/16354\/revisions"}],"wp:featuredmedia":[{"embeddable":true,"href":"https:\/\/www.ortungsgerate.de\/ru\/wp-json\/wp\/v2\/media\/2331"}],"wp:attachment":[{"href":"https:\/\/www.ortungsgerate.de\/ru\/wp-json\/wp\/v2\/media?parent=16354"}],"wp:term":[{"taxonomy":"brand","embeddable":true,"href":"https:\/\/www.ortungsgerate.de\/ru\/wp-json\/wp\/v2\/etheme_brands?post=16354"},{"taxonomy":"product_brand","embeddable":true,"href":"https:\/\/www.ortungsgerate.de\/ru\/wp-json\/wp\/v2\/product_brand?post=16354"},{"taxonomy":"product_cat","embeddable":true,"href":"https:\/\/www.ortungsgerate.de\/ru\/wp-json\/wp\/v2\/product_cat?post=16354"},{"taxonomy":"product_tag","embeddable":true,"href":"https:\/\/www.ortungsgerate.de\/ru\/wp-json\/wp\/v2\/product_tag?post=16354"}],"curies":[{"name":"wp","href":"https:\/\/api.w.org\/{rel}","templated":true}]}}