{"id":16365,"date":"2024-02-06T21:38:11","date_gmt":"2024-02-06T19:38:11","guid":{"rendered":"https:\/\/ortungsgerate.de\/be-kategorijos\/gps-seklys-sos-pagalbos-mygtuku-vyresniems-zmones-ir-su-specialiais-poreikiais\/"},"modified":"2025-12-19T09:44:19","modified_gmt":"2025-12-19T08:44:19","slug":"gps-treker-s-knopkoy-sos-dlya-pozhilykh-lyudey-i-lyudey-s-osobymi-potrebnostyami","status":"publish","type":"product","link":"https:\/\/www.ortungsgerate.de\/ru\/15-gps-treker\/gps-treker-s-knopkoy-sos-dlya-pozhilykh-lyudey-i-lyudey-s-osobymi-potrebnostyami\/","title":{"rendered":"GPS-\u0442\u0440\u0435\u043a\u0435\u0440 \u0441 \u043a\u043d\u043e\u043f\u043a\u043e\u0439 SOS \u0434\u043b\u044f \u043f\u043e\u0436\u0438\u043b\u044b\u0445 \u043b\u044e\u0434\u0435\u0439 (\u0438 \u043b\u044e\u0434\u0435\u0439 \u0441 \u043e\u0441\u043e\u0431\u044b\u043c\u0438 \u043f\u043e\u0442\u0440\u0435\u0431\u043d\u043e\u0441\u0442\u044f\u043c\u0438)"},"content":{"rendered":"<h3><strong>\u0422\u0435\u0445\u043d\u0438\u0447\u0435\u0441\u043a\u0438\u0435 \u043f\u0430\u0440\u0430\u043c\u0435\u0442\u0440\u044b:<\/strong><\/h3>\n<ul>\n<li>Netze: GSM \/ GPRS<\/li>\n<li>\u0415\u0432\u0440\u043e\u043f\u0435\u0439\u0441\u043a\u0438\u0439 \u0441\u0435\u0440\u0432\u0435\u0440<\/li>\n<li>SIM-Karte im Lieferumfang<\/li>\n<li>Sie erhalten das Ger\u00e4t vollst\u00e4ndig einsatzbereit<\/li>\n<li>Gewicht des GPS-Trackers ohne Verpackung: 70 g<\/li>\n<li>Abmessungen L\u00e4nge 7,8 cm x Breite 3,8 cm x Dicke 1,8 cm<\/li>\n<li>Unterst\u00fctzte Frequenzen: 850\/900\/1800\/1900 MHz<\/li>\n<li>GPS-Chipsatz: SIRF3-Chip<\/li>\n<li>GPS-Empfindlichkeit: 159 dBm<\/li>\n<li>GPS-Genauigkeit: 5 m<\/li>\n<li>Batter1e: 3,7 V 1400 mAh<\/li>\n<li>Standby-Zeit der Batterie: bis zu\u00a012 Tage (im Schlafmodus)<\/li>\n<li>Online-\u00dcberwachung: vorhanden<\/li>\n<li>SOS-Taste \u2013 nach dem Dr\u00fccken wird (an die zugewiesene Nummer) gemeldet, wo sich die Person aktuell befindet, es wird eine SMS-Nachricht empfangen. Und wenn Sie die Telefonnummer des GPS-Trackers anrufen, k\u00f6nnen Sie sprechen. Der Inhaber der SOS-Taste h\u00f6rt Sie und Sie k\u00f6nnen wie \u00fcber ein Mobiltelefon kommunizieren.<\/li>\n<li>Abh\u00f6ren von Gespr\u00e4chen<\/li>\n<li>GSM-Abh\u00f6rfunktion: vorhanden<\/li>\n<li>Kostenlose \u00dcberwachung \u00fcber das Internet<\/li>\n<li>Kostenlose \u00dcberwachungs-App<\/li>\n<\/ul>\n<p><strong>\u041a\u043e\u043c\u043f\u043b\u0435\u043a\u0442\u0430\u0446\u0438\u044f:<\/strong><\/p>\n<ul>\n<li>GPS-\u0442\u0440\u0435\u043a\u0435\u0440;<\/li>\n<li>USB-\u043a\u0430\u0431\u0435\u043b\u044c<\/li>\n<li>Halterung<\/li>\n<li>\u0418\u043d\u0441\u0442\u0440\u0443\u043a\u0446\u0438\u044f \u043d\u0430 \u043b\u0438\u0442\u043e\u0432\u0441\u043a\u043e\u043c \u044f\u0437\u044b\u043a\u0435<\/li>\n<li>Zugangsdaten zum Konto\u00a0 (Benutzername + Passwort)<\/li>\n<li><strong>\u0413\u0410\u0420\u0410\u041d\u0422\u0418\u042f 12 \u043c\u0435\u0441\u044f\u0446\u0435\u0432<\/strong><\/li>\n<\/ul>\n<p><span style=\"color: #d0121a;\"><strong>   <\/strong><\/span><\/p>\n<h3>\u0418\u0441\u043f\u043e\u043b\u044c\u0437\u043e\u0432\u0430\u043d\u0438\u0435: \u0414\u043b\u044f \u0431\u0435\u0437\u043e\u043f\u0430\u0441\u043d\u043e\u0441\u0442\u0438 \u0432\u0430\u0448\u0435\u0433\u043e \u0430\u0432\u0442\u043e\u043c\u043e\u0431\u0438\u043b\u044f \u0438 \u0432\u0430\u0448\u0438\u0445 \u0432\u0435\u0449\u0435\u0439<\/h3>\n<p>Es kommt h\u00e4ufig vor, dass Kinder an Orte gehen, an denen sie nicht sein sollten, man m\u00f6chte sehen, wo sich das minderj\u00e4hrige Kind befindet.\u00a0 Sie k\u00f6nnen es live in der mobilen App verfolgen, Sie sehen, wo es war und wo es sich aktuell befindet. Geeignet f\u00fcr Kinder mit Autismus, h\u00e4ufig kommt es vor, dass Kinder weglaufen, dies ist eine echte Rettung \u2013 Sie sehen, wo sich das Kind im Moment befindet. Es gibt eine SOS-Taste f\u00fcr Notf\u00e4lle, das Kind kann sie dr\u00fccken, dann erhalten Sie auf Ihrem Telefon eine SMS mit dem Standort, und der GPS-Tracker ruft Ihr Mobiltelefon an \u2013 Sie h\u00f6ren, was das Kind zu Ihnen sagt.<\/p>\n<p>Der GPS-Tracker eignet sich auch f\u00fcr \u00e4ltere Menschen, \u00e4ltere Menschen leiden oft an Demenz (sie verlassen das Haus und verlaufen sich. Bei dieser Krankheit f\u00fchren Menschen h\u00e4ufig dieselbe Handlung aus, sie machen sich jeden Tag f\u00fcr die Arbeit fertig. Sie leben in der Vergangenheit). Es ist schwer zu kontrollieren, der GPS-Tracker hilft, eine verirrte Person zu finden. Ebenfalls ein h\u00e4ufiger Anwendungsfall: Eltern oder Gro\u00dfeltern k\u00f6nnen ihn immer bei sich tragen. Wenn sie sich schlecht f\u00fchlen, k\u00f6nnen sie die SOS-Taste dr\u00fccken, so teilen sie Ihnen mit, wo sie sich gerade befinden, und der GPS-Tracker ruft Ihre Telefonnummer an \u2013 Sie k\u00f6nnen h\u00f6ren, was die Person Ihnen sagt, ob sie sich schlecht f\u00fchlt (so hilft es Ihnen, ohne Verz\u00f6gerung zu reagieren und bei Unwohlsein zu helfen).<\/p>","protected":false},"excerpt":{"rendered":"<p>\u0412 \u043d\u0430\u0448\u0435\u043c \u043c\u0430\u0433\u0430\u0437\u0438\u043d\u0435 \u0432\u044b \u043c\u043e\u0436\u0435\u0442\u0435 \u043f\u0440\u0438\u043e\u0431\u0440\u0435\u0441\u0442\u0438 GPS \u043f\u0435\u0440\u0441\u043e\u043d\u0430\u043b\u044c\u043d\u044b\u0435 \u0442\u0440\u0435\u043a\u0435\u0440\u044b \u0434\u043b\u044f \u0434\u0435\u0442\u0435\u0439, \u043f\u043e\u0434\u0445\u043e\u0434\u044f\u0449\u0438\u0435 \u0434\u043b\u044f \u043a\u043e\u043c\u043f\u0435\u043d\u0441\u0430\u0446\u0438\u0438. \u0411\u043e\u043b\u0435\u0435 \u043f\u043e\u0434\u0440\u043e\u0431\u043d\u0443\u044e \u0438\u043d\u0444\u043e\u0440\u043c\u0430\u0446\u0438\u044e \u0432\u044b \u043d\u0430\u0439\u0434\u0435\u0442\u0435 <a href=\"https:\/\/www.ortungsgerate.de\/ru\/o-kommunikatsiyakh-i-datchikakh\/\" target=\"_blank\" rel=\"noopener\">\u0437\u0434\u0435\u0441\u044c<\/a>.<\/p>","protected":false},"featured_media":27630,"template":"","meta":[],"etheme_brands":[],"product_brand":[],"product_cat":[213],"product_tag":[758],"class_list":{"0":"post-16365","1":"product","2":"type-product","3":"status-publish","4":"has-post-thumbnail","6":"product_cat-15-gps-ueberwachungsgeraete","7":"product_tag-gps-tracker-fuer-personen","8":"pa_typ-fuer-grosseltern","9":"pa_typ-fuer-kinder","11":"first","12":"instock","13":"taxable","14":"shipping-taxable","15":"purchasable","16":"product-type-simple"},"yoast_head":"<!-- This site is optimized with the Yoast SEO Premium plugin v25.9 (Yoast SEO v27.4) - https:\/\/yoast.com\/product\/yoast-seo-premium-wordpress\/ -->\n<title>GPS-Ortungsger\u00e4t f\u00fcr Menschen und Kinder mit SOS-Taste<\/title>\n<meta name=\"description\" content=\"GPS Tracker Peilsender zur \u00dcberwachung von \u00e4lteren Menschen und Kindern GPS Tracker verf\u00fcgt \u00fcber eine SOS-Taste Kostenloser europ\u00e4ischer Server, Produktauswahl zum niedrigen Preis\" \/>\n<meta name=\"robots\" content=\"index, follow, max-snippet:-1, max-image-preview:large, max-video-preview:-1\" \/>\n<link rel=\"canonical\" href=\"https:\/\/www.ortungsgerate.de\/ru\/15-gps-treker\/gps-treker-s-knopkoy-sos-dlya-pozhilykh-lyudey-i-lyudey-s-osobymi-potrebnostyami\/\" \/>\n<meta property=\"og:locale\" content=\"ru_RU\" \/>\n<meta property=\"og:type\" content=\"article\" \/>\n<meta property=\"og:title\" content=\"GPS-Tracker mit SOS-Notruftaste f\u00fcr \u00e4ltere Menschen (und Personen mit besonderen Bed\u00fcrfnissen)\" \/>\n<meta property=\"og:description\" content=\"GPS Tracker Peilsender zur \u00dcberwachung von \u00e4lteren Menschen und Kindern GPS Tracker verf\u00fcgt \u00fcber eine SOS-Taste Kostenloser europ\u00e4ischer Server, Produktauswahl zum niedrigen Preis\" \/>\n<meta property=\"og:url\" content=\"https:\/\/www.ortungsgerate.de\/ru\/15-gps-treker\/gps-treker-s-knopkoy-sos-dlya-pozhilykh-lyudey-i-lyudey-s-osobymi-potrebnostyami\/\" \/>\n<meta property=\"og:site_name\" content=\"Ortungsger\u00e4te.de\" \/>\n<meta property=\"article:modified_time\" content=\"2025-12-19T08:44:19+00:00\" \/>\n<meta property=\"og:image\" content=\"https:\/\/www.ortungsgerate.de\/wp-content\/uploads\/gps-seklys-sos-pagalbos-mygtuku-vyresniems-zmones-ir-su-specialiais-poreikiais-7.jpg\" \/>\n\t<meta property=\"og:image:width\" content=\"1000\" \/>\n\t<meta property=\"og:image:height\" content=\"1000\" \/>\n\t<meta property=\"og:image:type\" content=\"image\/jpeg\" \/>\n<meta name=\"twitter:card\" content=\"summary_large_image\" \/>\n<meta name=\"twitter:label1\" content=\"\u041f\u0440\u0438\u043c\u0435\u0440\u043d\u043e\u0435 \u0432\u0440\u0435\u043c\u044f \u0434\u043b\u044f \u0447\u0442\u0435\u043d\u0438\u044f\" \/>\n\t<meta name=\"twitter:data1\" content=\"3 \u043c\u0438\u043d\u0443\u0442\u044b\" \/>\n<script type=\"application\/ld+json\" class=\"yoast-schema-graph\">{\"@context\":\"https:\\\/\\\/schema.org\",\"@graph\":[{\"@type\":\"WebPage\",\"@id\":\"https:\\\/\\\/www.ortungsgerate.de\\\/15-gps-ueberwachungsgeraete\\\/gps-tracker-mit-sos-notruftaste-fuer-aeltere-menschen-und-personen-mit-besonderen-beduerfnissen\\\/\",\"url\":\"https:\\\/\\\/www.ortungsgerate.de\\\/15-gps-ueberwachungsgeraete\\\/gps-tracker-mit-sos-notruftaste-fuer-aeltere-menschen-und-personen-mit-besonderen-beduerfnissen\\\/\",\"name\":\"GPS-Ortungsger\u00e4t f\u00fcr Menschen und Kinder mit SOS-Taste\",\"isPartOf\":{\"@id\":\"https:\\\/\\\/www.ortungsgerate.de\\\/#website\"},\"primaryImageOfPage\":{\"@id\":\"https:\\\/\\\/www.ortungsgerate.de\\\/15-gps-ueberwachungsgeraete\\\/gps-tracker-mit-sos-notruftaste-fuer-aeltere-menschen-und-personen-mit-besonderen-beduerfnissen\\\/#primaryimage\"},\"image\":{\"@id\":\"https:\\\/\\\/www.ortungsgerate.de\\\/15-gps-ueberwachungsgeraete\\\/gps-tracker-mit-sos-notruftaste-fuer-aeltere-menschen-und-personen-mit-besonderen-beduerfnissen\\\/#primaryimage\"},\"thumbnailUrl\":\"https:\\\/\\\/www.ortungsgerate.de\\\/wp-content\\\/uploads\\\/gps-seklys-sos-pagalbos-mygtuku-vyresniems-zmones-ir-su-specialiais-poreikiais-7.jpg\",\"datePublished\":\"2024-02-06T19:38:11+00:00\",\"dateModified\":\"2025-12-19T08:44:19+00:00\",\"description\":\"GPS Tracker Peilsender zur \u00dcberwachung von \u00e4lteren Menschen und Kindern GPS Tracker verf\u00fcgt \u00fcber eine SOS-Taste Kostenloser europ\u00e4ischer Server, Produktauswahl zum niedrigen Preis\",\"breadcrumb\":{\"@id\":\"https:\\\/\\\/www.ortungsgerate.de\\\/15-gps-ueberwachungsgeraete\\\/gps-tracker-mit-sos-notruftaste-fuer-aeltere-menschen-und-personen-mit-besonderen-beduerfnissen\\\/#breadcrumb\"},\"inLanguage\":\"ru-RU\",\"potentialAction\":[{\"@type\":\"ReadAction\",\"target\":[\"https:\\\/\\\/www.ortungsgerate.de\\\/15-gps-ueberwachungsgeraete\\\/gps-tracker-mit-sos-notruftaste-fuer-aeltere-menschen-und-personen-mit-besonderen-beduerfnissen\\\/\"]}]},{\"@type\":\"ImageObject\",\"inLanguage\":\"ru-RU\",\"@id\":\"https:\\\/\\\/www.ortungsgerate.de\\\/15-gps-ueberwachungsgeraete\\\/gps-tracker-mit-sos-notruftaste-fuer-aeltere-menschen-und-personen-mit-besonderen-beduerfnissen\\\/#primaryimage\",\"url\":\"https:\\\/\\\/www.ortungsgerate.de\\\/wp-content\\\/uploads\\\/gps-seklys-sos-pagalbos-mygtuku-vyresniems-zmones-ir-su-specialiais-poreikiais-7.jpg\",\"contentUrl\":\"https:\\\/\\\/www.ortungsgerate.de\\\/wp-content\\\/uploads\\\/gps-seklys-sos-pagalbos-mygtuku-vyresniems-zmones-ir-su-specialiais-poreikiais-7.jpg\",\"width\":1000,\"height\":1000,\"caption\":\"GPS Tracker f\u00fcr Kinder\"},{\"@type\":\"BreadcrumbList\",\"@id\":\"https:\\\/\\\/www.ortungsgerate.de\\\/15-gps-ueberwachungsgeraete\\\/gps-tracker-mit-sos-notruftaste-fuer-aeltere-menschen-und-personen-mit-besonderen-beduerfnissen\\\/#breadcrumb\",\"itemListElement\":[{\"@type\":\"ListItem\",\"position\":1,\"name\":\"Startseite\",\"item\":\"https:\\\/\\\/www.ortungsgerate.de\\\/\"},{\"@type\":\"ListItem\",\"position\":2,\"name\":\"Shop\",\"item\":\"https:\\\/\\\/www.ortungsgerate.de\\\/shop\\\/\"},{\"@type\":\"ListItem\",\"position\":3,\"name\":\"GPS-Tracker mit SOS-Notruftaste f\u00fcr \u00e4ltere Menschen (und Personen mit besonderen Bed\u00fcrfnissen)\"}]},{\"@type\":\"WebSite\",\"@id\":\"https:\\\/\\\/www.ortungsgerate.de\\\/#website\",\"url\":\"https:\\\/\\\/www.ortungsgerate.de\\\/\",\"name\":\"Ortungsgerate.de\",\"description\":\"\",\"publisher\":{\"@id\":\"https:\\\/\\\/www.ortungsgerate.de\\\/#organization\"},\"potentialAction\":[{\"@type\":\"SearchAction\",\"target\":{\"@type\":\"EntryPoint\",\"urlTemplate\":\"https:\\\/\\\/www.ortungsgerate.de\\\/?s={search_term_string}\"},\"query-input\":{\"@type\":\"PropertyValueSpecification\",\"valueRequired\":true,\"valueName\":\"search_term_string\"}}],\"inLanguage\":\"ru-RU\"},{\"@type\":\"Organization\",\"@id\":\"https:\\\/\\\/www.ortungsgerate.de\\\/#organization\",\"name\":\"Ortungsgerate.de\",\"url\":\"https:\\\/\\\/www.ortungsgerate.de\\\/\",\"logo\":{\"@type\":\"ImageObject\",\"inLanguage\":\"ru-RU\",\"@id\":\"https:\\\/\\\/www.ortungsgerate.de\\\/#\\\/schema\\\/logo\\\/image\\\/\",\"url\":\"https:\\\/\\\/www.ortungsgerate.de\\\/wp-content\\\/uploads\\\/ortungsgerate.png\",\"contentUrl\":\"https:\\\/\\\/www.ortungsgerate.de\\\/wp-content\\\/uploads\\\/ortungsgerate.png\",\"width\":500,\"height\":135,\"caption\":\"Ortungsgerate.de\"},\"image\":{\"@id\":\"https:\\\/\\\/www.ortungsgerate.de\\\/#\\\/schema\\\/logo\\\/image\\\/\"}}]}<\/script>\n<!-- \/ Yoast SEO Premium plugin. -->","yoast_head_json":{"title":"GPS-Ortungsger\u00e4t f\u00fcr Menschen und Kinder mit SOS-Taste","description":"GPS Tracker Peilsender zur \u00dcberwachung von \u00e4lteren Menschen und Kindern GPS Tracker verf\u00fcgt \u00fcber eine SOS-Taste Kostenloser europ\u00e4ischer Server, Produktauswahl zum niedrigen Preis","robots":{"index":"index","follow":"follow","max-snippet":"max-snippet:-1","max-image-preview":"max-image-preview:large","max-video-preview":"max-video-preview:-1"},"canonical":"https:\/\/www.ortungsgerate.de\/ru\/15-gps-treker\/gps-treker-s-knopkoy-sos-dlya-pozhilykh-lyudey-i-lyudey-s-osobymi-potrebnostyami\/","og_locale":"ru_RU","og_type":"article","og_title":"GPS-Tracker mit SOS-Notruftaste f\u00fcr \u00e4ltere Menschen (und Personen mit besonderen Bed\u00fcrfnissen)","og_description":"GPS Tracker Peilsender zur \u00dcberwachung von \u00e4lteren Menschen und Kindern GPS Tracker verf\u00fcgt \u00fcber eine SOS-Taste Kostenloser europ\u00e4ischer Server, Produktauswahl zum niedrigen Preis","og_url":"https:\/\/www.ortungsgerate.de\/ru\/15-gps-treker\/gps-treker-s-knopkoy-sos-dlya-pozhilykh-lyudey-i-lyudey-s-osobymi-potrebnostyami\/","og_site_name":"Ortungsger\u00e4te.de","article_modified_time":"2025-12-19T08:44:19+00:00","og_image":[{"width":1000,"height":1000,"url":"https:\/\/www.ortungsgerate.de\/wp-content\/uploads\/gps-seklys-sos-pagalbos-mygtuku-vyresniems-zmones-ir-su-specialiais-poreikiais-7.jpg","type":"image\/jpeg"}],"twitter_card":"summary_large_image","twitter_misc":{"\u041f\u0440\u0438\u043c\u0435\u0440\u043d\u043e\u0435 \u0432\u0440\u0435\u043c\u044f \u0434\u043b\u044f \u0447\u0442\u0435\u043d\u0438\u044f":"3 \u043c\u0438\u043d\u0443\u0442\u044b"},"schema":{"@context":"https:\/\/schema.org","@graph":[{"@type":"WebPage","@id":"https:\/\/www.ortungsgerate.de\/15-gps-ueberwachungsgeraete\/gps-tracker-mit-sos-notruftaste-fuer-aeltere-menschen-und-personen-mit-besonderen-beduerfnissen\/","url":"https:\/\/www.ortungsgerate.de\/15-gps-ueberwachungsgeraete\/gps-tracker-mit-sos-notruftaste-fuer-aeltere-menschen-und-personen-mit-besonderen-beduerfnissen\/","name":"GPS-Ortungsger\u00e4t f\u00fcr Menschen und Kinder mit SOS-Taste","isPartOf":{"@id":"https:\/\/www.ortungsgerate.de\/#website"},"primaryImageOfPage":{"@id":"https:\/\/www.ortungsgerate.de\/15-gps-ueberwachungsgeraete\/gps-tracker-mit-sos-notruftaste-fuer-aeltere-menschen-und-personen-mit-besonderen-beduerfnissen\/#primaryimage"},"image":{"@id":"https:\/\/www.ortungsgerate.de\/15-gps-ueberwachungsgeraete\/gps-tracker-mit-sos-notruftaste-fuer-aeltere-menschen-und-personen-mit-besonderen-beduerfnissen\/#primaryimage"},"thumbnailUrl":"https:\/\/www.ortungsgerate.de\/wp-content\/uploads\/gps-seklys-sos-pagalbos-mygtuku-vyresniems-zmones-ir-su-specialiais-poreikiais-7.jpg","datePublished":"2024-02-06T19:38:11+00:00","dateModified":"2025-12-19T08:44:19+00:00","description":"GPS Tracker Peilsender zur \u00dcberwachung von \u00e4lteren Menschen und Kindern GPS Tracker verf\u00fcgt \u00fcber eine SOS-Taste Kostenloser europ\u00e4ischer Server, Produktauswahl zum niedrigen Preis","breadcrumb":{"@id":"https:\/\/www.ortungsgerate.de\/15-gps-ueberwachungsgeraete\/gps-tracker-mit-sos-notruftaste-fuer-aeltere-menschen-und-personen-mit-besonderen-beduerfnissen\/#breadcrumb"},"inLanguage":"ru-RU","potentialAction":[{"@type":"ReadAction","target":["https:\/\/www.ortungsgerate.de\/15-gps-ueberwachungsgeraete\/gps-tracker-mit-sos-notruftaste-fuer-aeltere-menschen-und-personen-mit-besonderen-beduerfnissen\/"]}]},{"@type":"ImageObject","inLanguage":"ru-RU","@id":"https:\/\/www.ortungsgerate.de\/15-gps-ueberwachungsgeraete\/gps-tracker-mit-sos-notruftaste-fuer-aeltere-menschen-und-personen-mit-besonderen-beduerfnissen\/#primaryimage","url":"https:\/\/www.ortungsgerate.de\/wp-content\/uploads\/gps-seklys-sos-pagalbos-mygtuku-vyresniems-zmones-ir-su-specialiais-poreikiais-7.jpg","contentUrl":"https:\/\/www.ortungsgerate.de\/wp-content\/uploads\/gps-seklys-sos-pagalbos-mygtuku-vyresniems-zmones-ir-su-specialiais-poreikiais-7.jpg","width":1000,"height":1000,"caption":"GPS Tracker f\u00fcr Kinder"},{"@type":"BreadcrumbList","@id":"https:\/\/www.ortungsgerate.de\/15-gps-ueberwachungsgeraete\/gps-tracker-mit-sos-notruftaste-fuer-aeltere-menschen-und-personen-mit-besonderen-beduerfnissen\/#breadcrumb","itemListElement":[{"@type":"ListItem","position":1,"name":"Startseite","item":"https:\/\/www.ortungsgerate.de\/"},{"@type":"ListItem","position":2,"name":"Shop","item":"https:\/\/www.ortungsgerate.de\/shop\/"},{"@type":"ListItem","position":3,"name":"GPS-Tracker mit SOS-Notruftaste f\u00fcr \u00e4ltere Menschen (und Personen mit besonderen Bed\u00fcrfnissen)"}]},{"@type":"WebSite","@id":"https:\/\/www.ortungsgerate.de\/#website","url":"https:\/\/www.ortungsgerate.de\/","name":"Ortungsgerate.de","description":"","publisher":{"@id":"https:\/\/www.ortungsgerate.de\/#organization"},"potentialAction":[{"@type":"SearchAction","target":{"@type":"EntryPoint","urlTemplate":"https:\/\/www.ortungsgerate.de\/?s={search_term_string}"},"query-input":{"@type":"PropertyValueSpecification","valueRequired":true,"valueName":"search_term_string"}}],"inLanguage":"ru-RU"},{"@type":"Organization","@id":"https:\/\/www.ortungsgerate.de\/#organization","name":"Ortungsgerate.de","url":"https:\/\/www.ortungsgerate.de\/","logo":{"@type":"ImageObject","inLanguage":"ru-RU","@id":"https:\/\/www.ortungsgerate.de\/#\/schema\/logo\/image\/","url":"https:\/\/www.ortungsgerate.de\/wp-content\/uploads\/ortungsgerate.png","contentUrl":"https:\/\/www.ortungsgerate.de\/wp-content\/uploads\/ortungsgerate.png","width":500,"height":135,"caption":"Ortungsgerate.de"},"image":{"@id":"https:\/\/www.ortungsgerate.de\/#\/schema\/logo\/image\/"}}]}},"_links":{"self":[{"href":"https:\/\/www.ortungsgerate.de\/ru\/wp-json\/wp\/v2\/product\/16365","targetHints":{"allow":["GET"]}}],"collection":[{"href":"https:\/\/www.ortungsgerate.de\/ru\/wp-json\/wp\/v2\/product"}],"about":[{"href":"https:\/\/www.ortungsgerate.de\/ru\/wp-json\/wp\/v2\/types\/product"}],"version-history":[{"count":0,"href":"https:\/\/www.ortungsgerate.de\/ru\/wp-json\/wp\/v2\/product\/16365\/revisions"}],"wp:featuredmedia":[{"embeddable":true,"href":"https:\/\/www.ortungsgerate.de\/ru\/wp-json\/wp\/v2\/media\/27630"}],"wp:attachment":[{"href":"https:\/\/www.ortungsgerate.de\/ru\/wp-json\/wp\/v2\/media?parent=16365"}],"wp:term":[{"taxonomy":"brand","embeddable":true,"href":"https:\/\/www.ortungsgerate.de\/ru\/wp-json\/wp\/v2\/etheme_brands?post=16365"},{"taxonomy":"product_brand","embeddable":true,"href":"https:\/\/www.ortungsgerate.de\/ru\/wp-json\/wp\/v2\/product_brand?post=16365"},{"taxonomy":"product_cat","embeddable":true,"href":"https:\/\/www.ortungsgerate.de\/ru\/wp-json\/wp\/v2\/product_cat?post=16365"},{"taxonomy":"product_tag","embeddable":true,"href":"https:\/\/www.ortungsgerate.de\/ru\/wp-json\/wp\/v2\/product_tag?post=16365"}],"curies":[{"name":"wp","href":"https:\/\/api.w.org\/{rel}","templated":true}]}}