{"id":16373,"date":"2024-03-04T21:37:30","date_gmt":"2024-03-04T19:37:30","guid":{"rendered":"https:\/\/ortungsgerate.de\/be-kategorijos\/gps-seklys-su-labai-galingais-magnetais-ir-apsauga-nuo-vandens\/"},"modified":"2025-12-19T09:44:23","modified_gmt":"2025-12-19T08:44:23","slug":"gps-treker-s-ochen-moschnymi-magnitami-i-zaschitoy-ot-vody","status":"publish","type":"product","link":"https:\/\/www.ortungsgerate.de\/ru\/15-gps-treker\/gps-treker-s-ochen-moschnymi-magnitami-i-zaschitoy-ot-vody\/","title":{"rendered":"GPS-\u0442\u0440\u0435\u043a\u0435\u0440 \u0441 \u043e\u0447\u0435\u043d\u044c \u043c\u043e\u0449\u043d\u044b\u043c\u0438 \u043c\u0430\u0433\u043d\u0438\u0442\u0430\u043c\u0438 \u0438 \u0437\u0430\u0449\u0438\u0442\u043e\u0439 \u043e\u0442 \u0432\u043e\u0434\u044b"},"content":{"rendered":"<h3><strong>\u0422\u0435\u0445\u043d\u0438\u0447\u0435\u0441\u043a\u0438\u0435 \u043f\u0430\u0440\u0430\u043c\u0435\u0442\u0440\u044b:<\/strong><\/h3>\n<ul>\n<li>\u0420\u0430\u0431\u043e\u0447\u0430\u044f \u0442\u0435\u043c\u043f\u0435\u0440\u0430\u0442\u0443\u0440\u0430: -30 \u00b0C \u0434\u043e +65 \u00b0C<\/li>\n<li>Europ\u00e4ischer Server ohne St\u00f6rungen (nicht chinesisch)<\/li>\n<li>Mith\u00f6ren von Gespr\u00e4chen: vorhanden<\/li>\n<li>Demontagesensor (beim Entfernen des Ger\u00e4ts erhalten Sie eine SMS-Nachricht)<\/li>\n<li>gibt keinerlei Ger\u00e4usche von sich<\/li>\n<li>GPS-Modul:\u00a0U-blox\u00a0<a href=\"https:\/\/www.u-blox.com\/en\/positioning-chips-and-modules\">https:\/\/www.u-blox.com\/en\/positioning-chips-and-modules<\/a><\/li>\n<li>GSM\/GPRS-Modul: vorhanden<\/li>\n<li>\u0417\u0430\u0449\u0438\u0442\u0430 \u043e\u0442 \u0432\u043b\u0430\u0433\u0438: IP65<\/li>\n<li>Batterie: Lithium-Ionen (3,7 V 10400 mAh)<\/li>\n<li>\u0424\u0443\u043d\u043a\u0446\u0438\u044f \u043f\u043e\u0434\u0441\u043b\u0443\u0448\u0438\u0432\u0430\u043d\u0438\u044f (\u0432\u043e\u0437\u043c\u043e\u0436\u043d\u043e\u0441\u0442\u044c \u043f\u0440\u043e\u0441\u043b\u0443\u0448\u0438\u0432\u0430\u043d\u0438\u044f \u0440\u0430\u0437\u0433\u043e\u0432\u043e\u0440\u043e\u0432 \u0432 \u0440\u0435\u0430\u043b\u044c\u043d\u043e\u043c \u0432\u0440\u0435\u043c\u0435\u043d\u0438)<\/li>\n<li>Betriebsdauer: bis zu\u00a06 Monate (im GSM-Schlafmodus)<\/li>\n<li>\u0427\u0443\u0432\u0441\u0442\u0432\u0438\u0442\u0435\u043b\u044c\u043d\u043e\u0441\u0442\u044c: -159 \u0434\u0411\u043c<\/li>\n<li>\u0422\u043e\u0447\u043d\u043e\u0441\u0442\u044c \u043e\u043f\u0440\u0435\u0434\u0435\u043b\u0435\u043d\u0438\u044f \u043f\u043e\u0437\u0438\u0446\u0438\u0438: \u043e\u0442\u043a\u043b\u043e\u043d\u0435\u043d\u0438\u0435 \u043d\u0435 \u0431\u043e\u043b\u0435\u0435 5 \u043c\u0435\u0442\u0440\u043e\u0432<\/li>\n<li>Abmessungen: 70 mm x 20 mm x 100 mm<\/li>\n<li>Gewicht:\u00a0300 g<\/li>\n<li>\u0411\u0435\u0441\u043f\u043b\u0430\u0442\u043d\u044b\u0439 \u043e\u043d\u043b\u0430\u0439\u043d-\u043c\u043e\u043d\u0438\u0442\u043e\u0440\u0438\u043d\u0433<\/li>\n<li>Kostenlose \u00dcberwachungssoftware (Mobile App)<\/li>\n<li>\u041f\u0440\u0435\u0434\u0443\u043f\u0440\u0435\u0436\u0434\u0435\u043d\u0438\u0435 \u043e \u043f\u0440\u0435\u0432\u044b\u0448\u0435\u043d\u0438\u0438 \u0441\u043a\u043e\u0440\u043e\u0441\u0442\u0438: \u0438\u043c\u0435\u0435\u0442\u0441\u044f<\/li>\n<li>\u0414\u0430\u0442\u0447\u0438\u043a \u0434\u0432\u0438\u0436\u0435\u043d\u0438\u044f: \u0438\u043c\u0435\u0435\u0442\u0441\u044f<\/li>\n<li>\u0414\u0430\u0442\u0447\u0438\u043a \u0432\u0438\u0431\u0440\u0430\u0446\u0438\u0438: \u0438\u043c\u0435\u0435\u0442\u0441\u044f<\/li>\n<li>\u0420\u0435\u0436\u0438\u043c \u0433\u043b\u0443\u0431\u043e\u043a\u043e\u0433\u043e \u0441\u043d\u0430: \u0438\u043c\u0435\u0435\u0442\u0441\u044f<\/li>\n<li>\u041a\u043d\u043e\u043f\u043a\u0430 SOS: \u043e\u0442\u0441\u0443\u0442\u0441\u0442\u0432\u0443\u0435\u0442<\/li>\n<li>Mith\u00f6ren von Gespr\u00e4chen:\u00a0vorhanden<\/li>\n<li><strong>\u041a\u043e\u043c\u043f\u043b\u0435\u043a\u0442\u0430\u0446\u0438\u044f:<\/strong><\/li>\n<\/ul>\n<ul>\n<li>GPS-\u0442\u0440\u0435\u043a\u0435\u0440;<\/li>\n<li>USB-\u043a\u0430\u0431\u0435\u043b\u044c<\/li>\n<li>\u0418\u043d\u0441\u0442\u0440\u0443\u043a\u0446\u0438\u044f \u043d\u0430 \u043b\u0438\u0442\u043e\u0432\u0441\u043a\u043e\u043c \u044f\u0437\u044b\u043a\u0435<\/li>\n<li>Zugangsdaten zum Konto\u00a0(Benutzername + Passwort)<\/li>\n<li><strong>\u0413\u0410\u0420\u0410\u041d\u0422\u0418\u042f 12 \u043c\u0435\u0441\u044f\u0446\u0435\u0432<\/strong><\/li>\n<\/ul>\n<p><strong><span style=\"color: #d0121a;\">   <\/span><\/strong><\/p>\n<h3>Einsatzbereich: F\u00fcr die Sicherheit Ihres Autos und Ihrer Wertsachen<\/h3>\n<p><strong>GPS-Tracker mit starken Magneten<\/strong><\/p>\n<p>GPS-Tracker lassen sich in sehr vielen Situationen einsetzen, in denen Fahrzeuge vor Diebstahl gesch\u00fctzt werden sollen \u2013 Auto, Motorrad, Quad, mobile Sauna oder Badezuber. Die Nutzung solcher Ausr\u00fcstung wird heute immer popul\u00e4rer, was keineswegs \u00fcberrascht: Sie k\u00f6nnen jederzeit herausfinden, wo sich Ihr Fahrzeug gerade befindet, ohne Hilfe anderer Personen oder hohe Kosten. Der Preis f\u00fcr GPS-Tracker ist relativ gering, daher z\u00e4hlt dies zu den besten L\u00f6sungen, um Zweifel zu zerstreuen oder herauszufinden, wo sich Ihr Fahrzeug aktuell befindet. Ein solches Ger\u00e4t kann auch im Diebstahlsfall helfen: Innerhalb weniger Augenblicke k\u00f6nnen Sie feststellen, wo sich Ihr Auto gerade befindet.<\/p>\n<p><strong>Schnelle und effiziente Befestigung<\/strong><\/p>\n<p>Der GPS-Tracker mit besonders starken Magneten kann in nur wenigen Augenblicken befestigt werden, und Sie k\u00f6nnen sicher sein, dass er sehr fest h\u00e4lt. Der GPS-Tracker wird im Auto an einer beliebigen Stelle angebracht, an der Diebe ihn nicht leicht finden. Der GPS-Tracker gibt keinerlei Ger\u00e4usche von sich, sodass dieses Ger\u00e4t absolut keinen Verdacht erregt.<\/p>\n<p><strong>Sie k\u00f6nnen verfolgen, wohin mit Ihrem Auto gefahren wird<\/strong><\/p>\n<p>Sobald der GPS-Tracker im Fahrzeug verbaut ist, k\u00f6nnen Sie jederzeit pr\u00fcfen, wo sich Ihr Fahrzeug gerade befindet. F\u00fcr die Fahrzeug\u00fcberwachung ist eine spezielle App vorgesehen, die auf allen Smartphones funktioniert, sodass Sie problemlos herausfinden, wo und wann sich Ihr Fahrzeug aufh\u00e4lt. Au\u00dferdem k\u00f6nnen Sie das Auto \u00fcber eine spezielle Internetseite \u00fcberwachen: Der \u00dcberwachungsserver wird f\u00fcr einen Zeitraum von bis zu 10 Jahren v\u00f6llig kostenlos bereitgestellt.<\/p>\n<p><strong>Besonders leistungsstarke Batterie<\/strong><\/p>\n<p>Ebenfalls erfreulich ist, dass der Akku dieses GPS-Trackers sehr leistungsstark ist, sodass Sie keine Sorge haben m\u00fcssen, dass sich das Ger\u00e4t im unpassendsten Moment entl\u00e4dt. Die Batteriekapazit\u00e4t dieses GPS-Trackers betr\u00e4gt ganze 10400 mAh, sodass das Ger\u00e4t ohne zus\u00e4tzliches Aufladen viele Stunden lang arbeiten kann.<\/p>\n<p><strong>Breite Einsatzm\u00f6glichkeiten<\/strong><\/p>\n<p>GPS-Tracker k\u00f6nnen in sehr vielen Situationen eingesetzt werden: wenn man ein Fahrzeug vor Diebstahl sch\u00fctzen m\u00f6chte usw. Wenn Ihr Fahrzeug gestohlen w\u00fcrde, k\u00f6nnten Sie innerhalb weniger Augenblicke seinen Standort ermitteln, was die Arbeit der Polizei erheblich erleichtern w\u00fcrde. Es kann wichtig sein herauszufinden, wo sich Ihre minderj\u00e4hrigen Kinder aufhalten und ob sie beim Fahren die Geschwindigkeit nicht \u00fcberschreiten (das kann auch relevant sein, wenn das Fahrzeug Mitarbeitern \u00fcberlassen wird o. \u00c4.). Wenn Mitarbeiter ein Firmenfahrzeug nutzen, ist es besonders wichtig sicherzustellen, dass sie sich im Stra\u00dfenverkehr korrekt verhalten und das Image Ihres Unternehmens nicht sch\u00e4digen \u2013 Geschwindigkeits\u00fcberschreitungen sind daher absolut inakzeptabel. Au\u00dferdem hilft der GPS-Tracker zu \u00fcberwachen, ob Mitarbeiter bestimmte vorgegebene Routen einhalten oder das Fahrzeug auch f\u00fcr private Zwecke nutzen usw. Der GPS-Tracker kann auch dabei helfen zu verfolgen, wo sich eine \u00fcberwachte Fracht gerade befindet: Die Einsatzm\u00f6glichkeiten sind wirklich vielf\u00e4ltig, sodass dieses Mittel in vielen Situationen hilft, die gew\u00fcnschten Informationen zu erhalten.<\/p>\n<p><strong>Einfache Bedienung<\/strong><\/p>\n<p>Wenn Sie diesen GPS-Tracker erwerben, erhalten Sie ein vorkonfiguriertes \u00dcberwachungssystem, das sehr einfach zu bedienen ist. Sie m\u00fcssen lediglich die SIM-Karte einlegen, und schon bald k\u00f6nnen Sie mit der \u00dcberwachung des Fahrzeugs oder bestimmter Personen beginnen. Lassen Sie nicht zu, dass Zweifel Sie beherrschen: Der GPS-Tracker ist eine der effektivsten L\u00f6sungen, um bestimmte gew\u00fcnschte Informationen zu erhalten \u2013 und das ist jederzeit sehr einfach!<\/p>\n<p>{opfaqblock:1}<\/p>","protected":false},"excerpt":{"rendered":"<p>Technische Parameter: Betriebstemperatur: -30 \u00b0C bis +65 \u00b0C Europ\u00e4ischer Server ohne St\u00f6rungen (nicht chinesisch) Mith\u00f6ren von Gespr\u00e4chen: vorhanden Demontagesensor (beim Entfernen des Ger\u00e4ts erhalten Sie&#8230;<\/p>","protected":false},"featured_media":1703,"template":"","meta":[],"etheme_brands":[],"product_brand":[],"product_cat":[213],"product_tag":[],"class_list":{"0":"post-16373","1":"product","2":"type-product","3":"status-publish","4":"has-post-thumbnail","6":"product_cat-15-gps-ueberwachungsgeraete","7":"pa_typ-fuer-autos-fuer-motorraeder","8":"pa_typ-fuer-landmaschinen","9":"pa_typ-werkzeug","11":"first","12":"instock","13":"taxable","14":"shipping-taxable","15":"purchasable","16":"product-type-simple"},"yoast_head":"<!-- This site is optimized with the Yoast SEO Premium plugin v25.9 (Yoast SEO v27.4) - https:\/\/yoast.com\/product\/yoast-seo-premium-wordpress\/ -->\n<title>GPS-Tracker mit starken Magneten und kostenlosem \u00dcberwachungsserver<\/title>\n<meta name=\"description\" content=\"GPS-Ortungsger\u00e4te mit sehr starkem Magneten. L\u00e4sst sich leicht am Fahrzeugunterboden befestigen. Unempfindlich gegen Feuchtigkeit, gibt keinerlei Ger\u00e4usche von sich. Kostenlose Lieferung der Waren\" \/>\n<meta name=\"robots\" content=\"index, follow, max-snippet:-1, max-image-preview:large, max-video-preview:-1\" \/>\n<link rel=\"canonical\" href=\"https:\/\/www.ortungsgerate.de\/ru\/15-gps-treker\/gps-treker-s-ochen-moschnymi-magnitami-i-zaschitoy-ot-vody\/\" \/>\n<meta property=\"og:locale\" content=\"ru_RU\" \/>\n<meta property=\"og:type\" content=\"article\" \/>\n<meta property=\"og:title\" content=\"GPS-Tracker mit sehr starken Magneten und Wasserschutz\" \/>\n<meta property=\"og:description\" content=\"GPS-Ortungsger\u00e4te mit sehr starkem Magneten. L\u00e4sst sich leicht am Fahrzeugunterboden befestigen. Unempfindlich gegen Feuchtigkeit, gibt keinerlei Ger\u00e4usche von sich. Kostenlose Lieferung der Waren\" \/>\n<meta property=\"og:url\" content=\"https:\/\/www.ortungsgerate.de\/ru\/15-gps-treker\/gps-treker-s-ochen-moschnymi-magnitami-i-zaschitoy-ot-vody\/\" \/>\n<meta property=\"og:site_name\" content=\"Ortungsger\u00e4te.de\" \/>\n<meta property=\"article:modified_time\" content=\"2025-12-19T08:44:23+00:00\" \/>\n<meta property=\"og:image\" content=\"https:\/\/www.ortungsgerate.de\/wp-content\/uploads\/gps-seklys-su-labai-galingais-magnetais-ir-ip65-apsauga.jpg\" \/>\n\t<meta property=\"og:image:width\" content=\"800\" \/>\n\t<meta property=\"og:image:height\" content=\"800\" \/>\n\t<meta property=\"og:image:type\" content=\"image\/jpeg\" \/>\n<meta name=\"twitter:card\" content=\"summary_large_image\" \/>\n<meta name=\"twitter:label1\" content=\"\u041f\u0440\u0438\u043c\u0435\u0440\u043d\u043e\u0435 \u0432\u0440\u0435\u043c\u044f \u0434\u043b\u044f \u0447\u0442\u0435\u043d\u0438\u044f\" \/>\n\t<meta name=\"twitter:data1\" content=\"4 \u043c\u0438\u043d\u0443\u0442\u044b\" \/>\n<script type=\"application\/ld+json\" class=\"yoast-schema-graph\">{\"@context\":\"https:\\\/\\\/schema.org\",\"@graph\":[{\"@type\":\"WebPage\",\"@id\":\"https:\\\/\\\/www.ortungsgerate.de\\\/15-gps-ueberwachungsgeraete\\\/gps-tracker-mit-sehr-starken-magneten-und-wasserschutz\\\/\",\"url\":\"https:\\\/\\\/www.ortungsgerate.de\\\/15-gps-ueberwachungsgeraete\\\/gps-tracker-mit-sehr-starken-magneten-und-wasserschutz\\\/\",\"name\":\"GPS-Tracker mit starken Magneten und kostenlosem \u00dcberwachungsserver\",\"isPartOf\":{\"@id\":\"https:\\\/\\\/www.ortungsgerate.de\\\/#website\"},\"primaryImageOfPage\":{\"@id\":\"https:\\\/\\\/www.ortungsgerate.de\\\/15-gps-ueberwachungsgeraete\\\/gps-tracker-mit-sehr-starken-magneten-und-wasserschutz\\\/#primaryimage\"},\"image\":{\"@id\":\"https:\\\/\\\/www.ortungsgerate.de\\\/15-gps-ueberwachungsgeraete\\\/gps-tracker-mit-sehr-starken-magneten-und-wasserschutz\\\/#primaryimage\"},\"thumbnailUrl\":\"https:\\\/\\\/www.ortungsgerate.de\\\/wp-content\\\/uploads\\\/gps-seklys-su-labai-galingais-magnetais-ir-ip65-apsauga.jpg\",\"datePublished\":\"2024-03-04T19:37:30+00:00\",\"dateModified\":\"2025-12-19T08:44:23+00:00\",\"description\":\"GPS-Ortungsger\u00e4te mit sehr starkem Magneten. L\u00e4sst sich leicht am Fahrzeugunterboden befestigen. Unempfindlich gegen Feuchtigkeit, gibt keinerlei Ger\u00e4usche von sich. Kostenlose Lieferung der Waren\",\"breadcrumb\":{\"@id\":\"https:\\\/\\\/www.ortungsgerate.de\\\/15-gps-ueberwachungsgeraete\\\/gps-tracker-mit-sehr-starken-magneten-und-wasserschutz\\\/#breadcrumb\"},\"inLanguage\":\"ru-RU\",\"potentialAction\":[{\"@type\":\"ReadAction\",\"target\":[\"https:\\\/\\\/www.ortungsgerate.de\\\/15-gps-ueberwachungsgeraete\\\/gps-tracker-mit-sehr-starken-magneten-und-wasserschutz\\\/\"]}]},{\"@type\":\"ImageObject\",\"inLanguage\":\"ru-RU\",\"@id\":\"https:\\\/\\\/www.ortungsgerate.de\\\/15-gps-ueberwachungsgeraete\\\/gps-tracker-mit-sehr-starken-magneten-und-wasserschutz\\\/#primaryimage\",\"url\":\"https:\\\/\\\/www.ortungsgerate.de\\\/wp-content\\\/uploads\\\/gps-seklys-su-labai-galingais-magnetais-ir-ip65-apsauga.jpg\",\"contentUrl\":\"https:\\\/\\\/www.ortungsgerate.de\\\/wp-content\\\/uploads\\\/gps-seklys-su-labai-galingais-magnetais-ir-ip65-apsauga.jpg\",\"width\":800,\"height\":800,\"caption\":\"Fahrzeug-Satelliten-Ortungsger\u00e4t GPS\"},{\"@type\":\"BreadcrumbList\",\"@id\":\"https:\\\/\\\/www.ortungsgerate.de\\\/15-gps-ueberwachungsgeraete\\\/gps-tracker-mit-sehr-starken-magneten-und-wasserschutz\\\/#breadcrumb\",\"itemListElement\":[{\"@type\":\"ListItem\",\"position\":1,\"name\":\"Startseite\",\"item\":\"https:\\\/\\\/www.ortungsgerate.de\\\/\"},{\"@type\":\"ListItem\",\"position\":2,\"name\":\"Shop\",\"item\":\"https:\\\/\\\/www.ortungsgerate.de\\\/shop\\\/\"},{\"@type\":\"ListItem\",\"position\":3,\"name\":\"GPS-Tracker mit sehr starken Magneten und Wasserschutz\"}]},{\"@type\":\"WebSite\",\"@id\":\"https:\\\/\\\/www.ortungsgerate.de\\\/#website\",\"url\":\"https:\\\/\\\/www.ortungsgerate.de\\\/\",\"name\":\"Ortungsgerate.de\",\"description\":\"\",\"publisher\":{\"@id\":\"https:\\\/\\\/www.ortungsgerate.de\\\/#organization\"},\"potentialAction\":[{\"@type\":\"SearchAction\",\"target\":{\"@type\":\"EntryPoint\",\"urlTemplate\":\"https:\\\/\\\/www.ortungsgerate.de\\\/?s={search_term_string}\"},\"query-input\":{\"@type\":\"PropertyValueSpecification\",\"valueRequired\":true,\"valueName\":\"search_term_string\"}}],\"inLanguage\":\"ru-RU\"},{\"@type\":\"Organization\",\"@id\":\"https:\\\/\\\/www.ortungsgerate.de\\\/#organization\",\"name\":\"Ortungsgerate.de\",\"url\":\"https:\\\/\\\/www.ortungsgerate.de\\\/\",\"logo\":{\"@type\":\"ImageObject\",\"inLanguage\":\"ru-RU\",\"@id\":\"https:\\\/\\\/www.ortungsgerate.de\\\/#\\\/schema\\\/logo\\\/image\\\/\",\"url\":\"https:\\\/\\\/www.ortungsgerate.de\\\/wp-content\\\/uploads\\\/ortungsgerate.png\",\"contentUrl\":\"https:\\\/\\\/www.ortungsgerate.de\\\/wp-content\\\/uploads\\\/ortungsgerate.png\",\"width\":500,\"height\":135,\"caption\":\"Ortungsgerate.de\"},\"image\":{\"@id\":\"https:\\\/\\\/www.ortungsgerate.de\\\/#\\\/schema\\\/logo\\\/image\\\/\"}}]}<\/script>\n<!-- \/ Yoast SEO Premium plugin. -->","yoast_head_json":{"title":"GPS-Tracker mit starken Magneten und kostenlosem \u00dcberwachungsserver","description":"GPS-Ortungsger\u00e4te mit sehr starkem Magneten. L\u00e4sst sich leicht am Fahrzeugunterboden befestigen. Unempfindlich gegen Feuchtigkeit, gibt keinerlei Ger\u00e4usche von sich. Kostenlose Lieferung der Waren","robots":{"index":"index","follow":"follow","max-snippet":"max-snippet:-1","max-image-preview":"max-image-preview:large","max-video-preview":"max-video-preview:-1"},"canonical":"https:\/\/www.ortungsgerate.de\/ru\/15-gps-treker\/gps-treker-s-ochen-moschnymi-magnitami-i-zaschitoy-ot-vody\/","og_locale":"ru_RU","og_type":"article","og_title":"GPS-Tracker mit sehr starken Magneten und Wasserschutz","og_description":"GPS-Ortungsger\u00e4te mit sehr starkem Magneten. L\u00e4sst sich leicht am Fahrzeugunterboden befestigen. Unempfindlich gegen Feuchtigkeit, gibt keinerlei Ger\u00e4usche von sich. Kostenlose Lieferung der Waren","og_url":"https:\/\/www.ortungsgerate.de\/ru\/15-gps-treker\/gps-treker-s-ochen-moschnymi-magnitami-i-zaschitoy-ot-vody\/","og_site_name":"Ortungsger\u00e4te.de","article_modified_time":"2025-12-19T08:44:23+00:00","og_image":[{"width":800,"height":800,"url":"https:\/\/www.ortungsgerate.de\/wp-content\/uploads\/gps-seklys-su-labai-galingais-magnetais-ir-ip65-apsauga.jpg","type":"image\/jpeg"}],"twitter_card":"summary_large_image","twitter_misc":{"\u041f\u0440\u0438\u043c\u0435\u0440\u043d\u043e\u0435 \u0432\u0440\u0435\u043c\u044f \u0434\u043b\u044f \u0447\u0442\u0435\u043d\u0438\u044f":"4 \u043c\u0438\u043d\u0443\u0442\u044b"},"schema":{"@context":"https:\/\/schema.org","@graph":[{"@type":"WebPage","@id":"https:\/\/www.ortungsgerate.de\/15-gps-ueberwachungsgeraete\/gps-tracker-mit-sehr-starken-magneten-und-wasserschutz\/","url":"https:\/\/www.ortungsgerate.de\/15-gps-ueberwachungsgeraete\/gps-tracker-mit-sehr-starken-magneten-und-wasserschutz\/","name":"GPS-Tracker mit starken Magneten und kostenlosem \u00dcberwachungsserver","isPartOf":{"@id":"https:\/\/www.ortungsgerate.de\/#website"},"primaryImageOfPage":{"@id":"https:\/\/www.ortungsgerate.de\/15-gps-ueberwachungsgeraete\/gps-tracker-mit-sehr-starken-magneten-und-wasserschutz\/#primaryimage"},"image":{"@id":"https:\/\/www.ortungsgerate.de\/15-gps-ueberwachungsgeraete\/gps-tracker-mit-sehr-starken-magneten-und-wasserschutz\/#primaryimage"},"thumbnailUrl":"https:\/\/www.ortungsgerate.de\/wp-content\/uploads\/gps-seklys-su-labai-galingais-magnetais-ir-ip65-apsauga.jpg","datePublished":"2024-03-04T19:37:30+00:00","dateModified":"2025-12-19T08:44:23+00:00","description":"GPS-Ortungsger\u00e4te mit sehr starkem Magneten. L\u00e4sst sich leicht am Fahrzeugunterboden befestigen. Unempfindlich gegen Feuchtigkeit, gibt keinerlei Ger\u00e4usche von sich. Kostenlose Lieferung der Waren","breadcrumb":{"@id":"https:\/\/www.ortungsgerate.de\/15-gps-ueberwachungsgeraete\/gps-tracker-mit-sehr-starken-magneten-und-wasserschutz\/#breadcrumb"},"inLanguage":"ru-RU","potentialAction":[{"@type":"ReadAction","target":["https:\/\/www.ortungsgerate.de\/15-gps-ueberwachungsgeraete\/gps-tracker-mit-sehr-starken-magneten-und-wasserschutz\/"]}]},{"@type":"ImageObject","inLanguage":"ru-RU","@id":"https:\/\/www.ortungsgerate.de\/15-gps-ueberwachungsgeraete\/gps-tracker-mit-sehr-starken-magneten-und-wasserschutz\/#primaryimage","url":"https:\/\/www.ortungsgerate.de\/wp-content\/uploads\/gps-seklys-su-labai-galingais-magnetais-ir-ip65-apsauga.jpg","contentUrl":"https:\/\/www.ortungsgerate.de\/wp-content\/uploads\/gps-seklys-su-labai-galingais-magnetais-ir-ip65-apsauga.jpg","width":800,"height":800,"caption":"Fahrzeug-Satelliten-Ortungsger\u00e4t GPS"},{"@type":"BreadcrumbList","@id":"https:\/\/www.ortungsgerate.de\/15-gps-ueberwachungsgeraete\/gps-tracker-mit-sehr-starken-magneten-und-wasserschutz\/#breadcrumb","itemListElement":[{"@type":"ListItem","position":1,"name":"Startseite","item":"https:\/\/www.ortungsgerate.de\/"},{"@type":"ListItem","position":2,"name":"Shop","item":"https:\/\/www.ortungsgerate.de\/shop\/"},{"@type":"ListItem","position":3,"name":"GPS-Tracker mit sehr starken Magneten und Wasserschutz"}]},{"@type":"WebSite","@id":"https:\/\/www.ortungsgerate.de\/#website","url":"https:\/\/www.ortungsgerate.de\/","name":"Ortungsgerate.de","description":"","publisher":{"@id":"https:\/\/www.ortungsgerate.de\/#organization"},"potentialAction":[{"@type":"SearchAction","target":{"@type":"EntryPoint","urlTemplate":"https:\/\/www.ortungsgerate.de\/?s={search_term_string}"},"query-input":{"@type":"PropertyValueSpecification","valueRequired":true,"valueName":"search_term_string"}}],"inLanguage":"ru-RU"},{"@type":"Organization","@id":"https:\/\/www.ortungsgerate.de\/#organization","name":"Ortungsgerate.de","url":"https:\/\/www.ortungsgerate.de\/","logo":{"@type":"ImageObject","inLanguage":"ru-RU","@id":"https:\/\/www.ortungsgerate.de\/#\/schema\/logo\/image\/","url":"https:\/\/www.ortungsgerate.de\/wp-content\/uploads\/ortungsgerate.png","contentUrl":"https:\/\/www.ortungsgerate.de\/wp-content\/uploads\/ortungsgerate.png","width":500,"height":135,"caption":"Ortungsgerate.de"},"image":{"@id":"https:\/\/www.ortungsgerate.de\/#\/schema\/logo\/image\/"}}]}},"_links":{"self":[{"href":"https:\/\/www.ortungsgerate.de\/ru\/wp-json\/wp\/v2\/product\/16373","targetHints":{"allow":["GET"]}}],"collection":[{"href":"https:\/\/www.ortungsgerate.de\/ru\/wp-json\/wp\/v2\/product"}],"about":[{"href":"https:\/\/www.ortungsgerate.de\/ru\/wp-json\/wp\/v2\/types\/product"}],"version-history":[{"count":0,"href":"https:\/\/www.ortungsgerate.de\/ru\/wp-json\/wp\/v2\/product\/16373\/revisions"}],"wp:featuredmedia":[{"embeddable":true,"href":"https:\/\/www.ortungsgerate.de\/ru\/wp-json\/wp\/v2\/media\/1703"}],"wp:attachment":[{"href":"https:\/\/www.ortungsgerate.de\/ru\/wp-json\/wp\/v2\/media?parent=16373"}],"wp:term":[{"taxonomy":"brand","embeddable":true,"href":"https:\/\/www.ortungsgerate.de\/ru\/wp-json\/wp\/v2\/etheme_brands?post=16373"},{"taxonomy":"product_brand","embeddable":true,"href":"https:\/\/www.ortungsgerate.de\/ru\/wp-json\/wp\/v2\/product_brand?post=16373"},{"taxonomy":"product_cat","embeddable":true,"href":"https:\/\/www.ortungsgerate.de\/ru\/wp-json\/wp\/v2\/product_cat?post=16373"},{"taxonomy":"product_tag","embeddable":true,"href":"https:\/\/www.ortungsgerate.de\/ru\/wp-json\/wp\/v2\/product_tag?post=16373"}],"curies":[{"name":"wp","href":"https:\/\/api.w.org\/{rel}","templated":true}]}}