{"id":16374,"date":"2024-03-05T21:37:07","date_gmt":"2024-03-05T19:37:07","guid":{"rendered":"https:\/\/ortungsgerate.de\/be-kategorijos\/pro-gsm-gps-wi-fi-detektorius-1mhz-8000mhz-labai-jautrus\/"},"modified":"2025-11-26T19:07:36","modified_gmt":"2025-11-26T17:07:36","slug":"pro-gsm-gps-wi-fi-detektor-1mhz-8000mhz-ochen-chuvstvitelnyy-2","status":"publish","type":"product","link":"https:\/\/www.ortungsgerate.de\/ru\/26-detektory-2\/pro-gsm-gps-wi-fi-detektor-1mhz-8000mhz-ochen-chuvstvitelnyy-2\/","title":{"rendered":"Pro GSM GPS Wi FI \u0434\u0435\u0442\u0435\u043a\u0442\u043e\u0440 1Mhz \u2013 8000Mhz (\u043e\u0447\u0435\u043d\u044c \u0447\u0443\u0432\u0441\u0442\u0432\u0438\u0442\u0435\u043b\u044c\u043d\u044b\u0439)"},"content":{"rendered":"<h3><strong>\u0422\u0435\u0445\u043d\u0438\u0447\u0435\u0441\u043a\u0438\u0435 \u043f\u0430\u0440\u0430\u043c\u0435\u0442\u0440\u044b:<\/strong><\/h3>\n<ul>\n<li>Erfassbarer Frequenzbereich 1MHz-8000MHz<\/li>\n<li>Erfassbare Signale: GSM, GPS (empfindlich gegen\u00fcber kurzen Datenpaketen), Funkwanzen, drahtlose Netzwerke, Wi-Fi<\/li>\n<li>Empfindlichkeit: &gt;73Db<\/li>\n<li>Alarm: LED oder akustisch<\/li>\n<li>Detektor f\u00fcr Abh\u00f6rtechnik und GPS-Tracker<\/li>\n<li>Signalst\u00e4rkeanzeige: 9 Dioden<\/li>\n<li>Zus\u00e4tzliche Eigenschaften: Antenne (abnehmbar)<\/li>\n<li>Erfassungsbereich: 5 cm bis 10 m<\/li>\n<li>Empfindlichkeitsanpassung: JA (sehr empfindlich)<\/li>\n<li>Stromversorgung: interner Akku 800 mAh<\/li>\n<li>Geh\u00e4use: Metall<\/li>\n<li>Abmessungen: 93 mm x 48 mm x 17 mm<\/li>\n<li>Gewicht: 300 g<\/li>\n<li>Farbe: Schwarz<\/li>\n<li>Lieferumfang: Detektor, Benutzerhandbuch, Originalverpackung<\/li>\n<li><strong>\u0413\u0410\u0420\u0410\u041d\u0422\u0418\u042f 12 \u043c\u0435\u0441\u044f\u0446\u0435\u0432<\/strong><\/li>\n<\/ul>\n<p><span style=\"color: #d0121a;\"><strong>Ben\u00f6tigen Sie eine schnelle Lieferung, am selben Tag?   <\/strong><\/span><\/p>\n<p><strong>ACHTUNG: Der Detektor erkennt nur aktive Ger\u00e4te (GSM, GPS, Wanzen, Wi-Fi)<\/strong><\/p>\n<p><strong>Pro GSM GPS Wi-Fi Detektor 1MHz \u2013 8000MHz (sehr empfindlich)<\/strong><\/p>\n<p>Der Pro GSM GPS Wi-Fi Detektor zeichnet sich durch eine \u00e4u\u00dferst hohe Empfindlichkeit aus und erkennt daher problemlos verschiedene Wanzen, GPS-Tracker und GSM-Ger\u00e4te. Wenn es darum geht, die eigene Privatsph\u00e4re zu sch\u00fctzen, wird die Ortung verschiedener verdeckter Ger\u00e4te besonders wichtig, daher kann dieses Ger\u00e4t eine sehr vorteilhafte Wahl sein.<\/p>\n<p><strong>Gro\u00dfe Einsatzm\u00f6glichkeiten<\/strong><\/p>\n<p>Es gibt viele unterschiedliche Situationen, in denen es notwendig sein kann, verschiedene verdeckte Ger\u00e4te zu lokalisieren, daher kann ein solcher Detektor eine sehr vorteilhafte Wahl sein. Wenn Sie sich zum Beispiel vergewissern m\u00f6chten, dass eine zu einem Gespr\u00e4ch erschienene Person nicht heimlich filmt oder das Gespr\u00e4ch aufzeichnet, kann der Detektor \u00e4u\u00dferst hilfreich sein. Verschiedene verdeckte Ger\u00e4te k\u00f6nnen innerhalb weniger Augenblicke geortet werden, sodass Sie Verletzungen Ihrer Privatsph\u00e4re vermeiden.<\/p>\n<p><strong>\u00c4u\u00dferst empfindliches Ger\u00e4t<\/strong><\/p>\n<p>Der vom Pro GSM GPS Wi-Fi Detektor erfasste Frequenzbereich liegt zwischen 1MHz und 8000MHz, das Ger\u00e4t erkennt GSM- und GPS-Ger\u00e4te, Funkwanzen sowie Wi-Fi-Ger\u00e4te. Dieser <a href=\"https:\/\/www.ortungsgerate.de\/ru\/26-detektory-2\/\">Wanzendetektor<\/a> lokalisiert verschiedene Ger\u00e4te in einer Entfernung von 5 cm bis 10 m, sodass er auch in relativ gro\u00dfen R\u00e4umen eingesetzt werden kann. Die Empfindlichkeit des Ger\u00e4ts kann eingestellt werden.<\/p>\n<p><strong>Einfache Bedienung<\/strong><\/p>\n<p>Die Verwendung des Wanzendetektors ist sehr einfach: Sie m\u00fcssen dieses Ger\u00e4t nur einschalten und sich in dem Raum bewegen, in dem Sie nach verdeckten Ger\u00e4ten suchen. Der Detektor erkennt nur aktive Ger\u00e4te, daher empfiehlt es sich, diese aus dem Standby-Modus \u201eaufzuwecken\u201c (verschiedene verdeckte Ger\u00e4te k\u00f6nnen auf Ger\u00e4usche oder Bewegungen reagieren). \u00dcber erkannte Ger\u00e4te informiert das Ger\u00e4t mittels LED- oder akustischem Signal.<\/p>\n<p><strong>Qualit\u00e4t zu einem g\u00fcnstigen Preis<\/strong><\/p>\n<p>Der Pro GSM GPS Wi-Fi Detektor wird zu einem sehr attraktiven Preis angeboten, und seine Qualit\u00e4t ist einfach einwandfrei. F\u00fcr dieses Ger\u00e4t wird eine Garantie gew\u00e4hrt, sodass Sie, falls der Detektor w\u00e4hrend der Garantiezeit einen Defekt aufweist, Reparaturkosten vermeiden k\u00f6nnen.<\/p>\n<p><strong>Ger\u00e4telieferumfang<\/strong><\/p>\n<p>Der Lieferumfang des Pro GSM GPS Wi-Fi Detektors umfasst einen <a href=\"https:\/\/www.ortungsgerate.de\/ru\/26-detektory-2\/\">Wanzensucher<\/a> f\u00fcr verdeckte Ger\u00e4te (Abmessungen 93 mm x 48 mm x 17 mm, Gewicht ohne Batterien \u2013 300 g), eine Bedienungsanleitung und die Originalproduktverpackung.<\/p>\n<p>Wenn Sie den Verdacht haben, dass sich in bestimmten R\u00e4umen versteckte Kameras oder Abh\u00f6rger\u00e4te befinden k\u00f6nnten, zerstreuen Sie Ihre Zweifel, indem Sie den Pro GSM GPS Wi-Fi Detektor erwerben, der verschiedene verdeckte Ger\u00e4te innerhalb weniger Augenblicke lokalisiert.<\/p>","protected":false},"excerpt":{"rendered":"<p>Technische Parameter: Erfassbarer Frequenzbereich 1MHz-8000MHz Erfassbare Signale: GSM, GPS (empfindlich gegen\u00fcber kurzen Datenpaketen), Funkwanzen, drahtlose Netzwerke, Wi-Fi Empfindlichkeit: &gt;73Db Alarm: LED oder akustisch Detektor f\u00fcr&#8230;<\/p>","protected":false},"featured_media":1593,"template":"","meta":[],"etheme_brands":[],"product_brand":[],"product_cat":[215],"product_tag":[],"class_list":{"0":"post-16374","1":"product","2":"type-product","3":"status-publish","4":"has-post-thumbnail","6":"product_cat-26-detektoren","8":"first","9":"instock","10":"taxable","11":"shipping-taxable","12":"purchasable","13":"product-type-simple"},"yoast_head":"<!-- This site is optimized with the Yoast SEO Premium plugin v25.9 (Yoast SEO v27.4) - https:\/\/yoast.com\/product\/yoast-seo-premium-wordpress\/ -->\n<title>PRO DETEKTOR erkennt GSM-Wanzen, GPS-Tracker, Wi-Fi-Kameras<\/title>\n<meta name=\"description\" content=\"Zuverl\u00e4ssiger und hochempfindlicher Detektor f\u00fcr \u00dcberwachungsger\u00e4te. Erkennt GPS-Tracker, versteckte Kameras und verschiedene Abh\u00f6rtechnik. Wir schulen in der Anwendung, kostenloser Versand\" \/>\n<meta name=\"robots\" content=\"index, follow, max-snippet:-1, max-image-preview:large, max-video-preview:-1\" \/>\n<link rel=\"canonical\" href=\"https:\/\/www.ortungsgerate.de\/ru\/26-detektory-2\/pro-gsm-gps-wi-fi-detektor-1mhz-8000mhz-ochen-chuvstvitelnyy-2\/\" \/>\n<meta property=\"og:locale\" content=\"ru_RU\" \/>\n<meta property=\"og:type\" content=\"article\" \/>\n<meta property=\"og:title\" content=\"Pro GSM GPS Wi FI Detektor 1Mhz - 8000Mhz (sehr empfindlich)\" \/>\n<meta property=\"og:description\" content=\"Zuverl\u00e4ssiger und hochempfindlicher Detektor f\u00fcr \u00dcberwachungsger\u00e4te. Erkennt GPS-Tracker, versteckte Kameras und verschiedene Abh\u00f6rtechnik. Wir schulen in der Anwendung, kostenloser Versand\" \/>\n<meta property=\"og:url\" content=\"https:\/\/www.ortungsgerate.de\/ru\/26-detektory-2\/pro-gsm-gps-wi-fi-detektor-1mhz-8000mhz-ochen-chuvstvitelnyy-2\/\" \/>\n<meta property=\"og:site_name\" content=\"Ortungsger\u00e4te.de\" \/>\n<meta property=\"article:modified_time\" content=\"2025-11-26T17:07:36+00:00\" \/>\n<meta property=\"og:image\" content=\"https:\/\/www.ortungsgerate.de\/wp-content\/uploads\/slaptu-kameru-ir-pasiklausymo-blakiu-detektorius-aptinka-gsm-gps-rd-uhf-5.jpg\" \/>\n\t<meta property=\"og:image:width\" content=\"1000\" \/>\n\t<meta property=\"og:image:height\" content=\"1000\" \/>\n\t<meta property=\"og:image:type\" content=\"image\/jpeg\" \/>\n<meta name=\"twitter:card\" content=\"summary_large_image\" \/>\n<meta name=\"twitter:label1\" content=\"\u041f\u0440\u0438\u043c\u0435\u0440\u043d\u043e\u0435 \u0432\u0440\u0435\u043c\u044f \u0434\u043b\u044f \u0447\u0442\u0435\u043d\u0438\u044f\" \/>\n\t<meta name=\"twitter:data1\" content=\"3 \u043c\u0438\u043d\u0443\u0442\u044b\" \/>\n<script type=\"application\/ld+json\" class=\"yoast-schema-graph\">{\"@context\":\"https:\\\/\\\/schema.org\",\"@graph\":[{\"@type\":\"WebPage\",\"@id\":\"https:\\\/\\\/www.ortungsgerate.de\\\/26-detektoren\\\/pro-gsm-gps-wi-fi-detektor-1mhz-8000mhz-sehr-empfindlich\\\/\",\"url\":\"https:\\\/\\\/www.ortungsgerate.de\\\/26-detektoren\\\/pro-gsm-gps-wi-fi-detektor-1mhz-8000mhz-sehr-empfindlich\\\/\",\"name\":\"PRO DETEKTOR erkennt GSM-Wanzen, GPS-Tracker, Wi-Fi-Kameras\",\"isPartOf\":{\"@id\":\"https:\\\/\\\/www.ortungsgerate.de\\\/#website\"},\"primaryImageOfPage\":{\"@id\":\"https:\\\/\\\/www.ortungsgerate.de\\\/26-detektoren\\\/pro-gsm-gps-wi-fi-detektor-1mhz-8000mhz-sehr-empfindlich\\\/#primaryimage\"},\"image\":{\"@id\":\"https:\\\/\\\/www.ortungsgerate.de\\\/26-detektoren\\\/pro-gsm-gps-wi-fi-detektor-1mhz-8000mhz-sehr-empfindlich\\\/#primaryimage\"},\"thumbnailUrl\":\"https:\\\/\\\/www.ortungsgerate.de\\\/wp-content\\\/uploads\\\/slaptu-kameru-ir-pasiklausymo-blakiu-detektorius-aptinka-gsm-gps-rd-uhf-5.jpg\",\"datePublished\":\"2024-03-05T19:37:07+00:00\",\"dateModified\":\"2025-11-26T17:07:36+00:00\",\"description\":\"Zuverl\u00e4ssiger und hochempfindlicher Detektor f\u00fcr \u00dcberwachungsger\u00e4te. Erkennt GPS-Tracker, versteckte Kameras und verschiedene Abh\u00f6rtechnik. Wir schulen in der Anwendung, kostenloser Versand\",\"breadcrumb\":{\"@id\":\"https:\\\/\\\/www.ortungsgerate.de\\\/26-detektoren\\\/pro-gsm-gps-wi-fi-detektor-1mhz-8000mhz-sehr-empfindlich\\\/#breadcrumb\"},\"inLanguage\":\"ru-RU\",\"potentialAction\":[{\"@type\":\"ReadAction\",\"target\":[\"https:\\\/\\\/www.ortungsgerate.de\\\/26-detektoren\\\/pro-gsm-gps-wi-fi-detektor-1mhz-8000mhz-sehr-empfindlich\\\/\"]}]},{\"@type\":\"ImageObject\",\"inLanguage\":\"ru-RU\",\"@id\":\"https:\\\/\\\/www.ortungsgerate.de\\\/26-detektoren\\\/pro-gsm-gps-wi-fi-detektor-1mhz-8000mhz-sehr-empfindlich\\\/#primaryimage\",\"url\":\"https:\\\/\\\/www.ortungsgerate.de\\\/wp-content\\\/uploads\\\/slaptu-kameru-ir-pasiklausymo-blakiu-detektorius-aptinka-gsm-gps-rd-uhf-5.jpg\",\"contentUrl\":\"https:\\\/\\\/www.ortungsgerate.de\\\/wp-content\\\/uploads\\\/slaptu-kameru-ir-pasiklausymo-blakiu-detektorius-aptinka-gsm-gps-rd-uhf-5.jpg\",\"width\":1000,\"height\":1000,\"caption\":\"Abh\u00f6rwanzen-Detektor RF 1 MHz bis 8 MHz\"},{\"@type\":\"BreadcrumbList\",\"@id\":\"https:\\\/\\\/www.ortungsgerate.de\\\/26-detektoren\\\/pro-gsm-gps-wi-fi-detektor-1mhz-8000mhz-sehr-empfindlich\\\/#breadcrumb\",\"itemListElement\":[{\"@type\":\"ListItem\",\"position\":1,\"name\":\"Startseite\",\"item\":\"https:\\\/\\\/www.ortungsgerate.de\\\/\"},{\"@type\":\"ListItem\",\"position\":2,\"name\":\"Shop\",\"item\":\"https:\\\/\\\/www.ortungsgerate.de\\\/shop\\\/\"},{\"@type\":\"ListItem\",\"position\":3,\"name\":\"Pro GSM GPS Wi FI Detektor 1Mhz &#8211; 8000Mhz (sehr empfindlich)\"}]},{\"@type\":\"WebSite\",\"@id\":\"https:\\\/\\\/www.ortungsgerate.de\\\/#website\",\"url\":\"https:\\\/\\\/www.ortungsgerate.de\\\/\",\"name\":\"Ortungsgerate.de\",\"description\":\"\",\"publisher\":{\"@id\":\"https:\\\/\\\/www.ortungsgerate.de\\\/#organization\"},\"potentialAction\":[{\"@type\":\"SearchAction\",\"target\":{\"@type\":\"EntryPoint\",\"urlTemplate\":\"https:\\\/\\\/www.ortungsgerate.de\\\/?s={search_term_string}\"},\"query-input\":{\"@type\":\"PropertyValueSpecification\",\"valueRequired\":true,\"valueName\":\"search_term_string\"}}],\"inLanguage\":\"ru-RU\"},{\"@type\":\"Organization\",\"@id\":\"https:\\\/\\\/www.ortungsgerate.de\\\/#organization\",\"name\":\"Ortungsgerate.de\",\"url\":\"https:\\\/\\\/www.ortungsgerate.de\\\/\",\"logo\":{\"@type\":\"ImageObject\",\"inLanguage\":\"ru-RU\",\"@id\":\"https:\\\/\\\/www.ortungsgerate.de\\\/#\\\/schema\\\/logo\\\/image\\\/\",\"url\":\"https:\\\/\\\/www.ortungsgerate.de\\\/wp-content\\\/uploads\\\/ortungsgerate.png\",\"contentUrl\":\"https:\\\/\\\/www.ortungsgerate.de\\\/wp-content\\\/uploads\\\/ortungsgerate.png\",\"width\":500,\"height\":135,\"caption\":\"Ortungsgerate.de\"},\"image\":{\"@id\":\"https:\\\/\\\/www.ortungsgerate.de\\\/#\\\/schema\\\/logo\\\/image\\\/\"}}]}<\/script>\n<!-- \/ Yoast SEO Premium plugin. -->","yoast_head_json":{"title":"PRO DETEKTOR erkennt GSM-Wanzen, GPS-Tracker, Wi-Fi-Kameras","description":"Zuverl\u00e4ssiger und hochempfindlicher Detektor f\u00fcr \u00dcberwachungsger\u00e4te. Erkennt GPS-Tracker, versteckte Kameras und verschiedene Abh\u00f6rtechnik. Wir schulen in der Anwendung, kostenloser Versand","robots":{"index":"index","follow":"follow","max-snippet":"max-snippet:-1","max-image-preview":"max-image-preview:large","max-video-preview":"max-video-preview:-1"},"canonical":"https:\/\/www.ortungsgerate.de\/ru\/26-detektory-2\/pro-gsm-gps-wi-fi-detektor-1mhz-8000mhz-ochen-chuvstvitelnyy-2\/","og_locale":"ru_RU","og_type":"article","og_title":"Pro GSM GPS Wi FI Detektor 1Mhz - 8000Mhz (sehr empfindlich)","og_description":"Zuverl\u00e4ssiger und hochempfindlicher Detektor f\u00fcr \u00dcberwachungsger\u00e4te. Erkennt GPS-Tracker, versteckte Kameras und verschiedene Abh\u00f6rtechnik. Wir schulen in der Anwendung, kostenloser Versand","og_url":"https:\/\/www.ortungsgerate.de\/ru\/26-detektory-2\/pro-gsm-gps-wi-fi-detektor-1mhz-8000mhz-ochen-chuvstvitelnyy-2\/","og_site_name":"Ortungsger\u00e4te.de","article_modified_time":"2025-11-26T17:07:36+00:00","og_image":[{"width":1000,"height":1000,"url":"https:\/\/www.ortungsgerate.de\/wp-content\/uploads\/slaptu-kameru-ir-pasiklausymo-blakiu-detektorius-aptinka-gsm-gps-rd-uhf-5.jpg","type":"image\/jpeg"}],"twitter_card":"summary_large_image","twitter_misc":{"\u041f\u0440\u0438\u043c\u0435\u0440\u043d\u043e\u0435 \u0432\u0440\u0435\u043c\u044f \u0434\u043b\u044f \u0447\u0442\u0435\u043d\u0438\u044f":"3 \u043c\u0438\u043d\u0443\u0442\u044b"},"schema":{"@context":"https:\/\/schema.org","@graph":[{"@type":"WebPage","@id":"https:\/\/www.ortungsgerate.de\/26-detektoren\/pro-gsm-gps-wi-fi-detektor-1mhz-8000mhz-sehr-empfindlich\/","url":"https:\/\/www.ortungsgerate.de\/26-detektoren\/pro-gsm-gps-wi-fi-detektor-1mhz-8000mhz-sehr-empfindlich\/","name":"PRO DETEKTOR erkennt GSM-Wanzen, GPS-Tracker, Wi-Fi-Kameras","isPartOf":{"@id":"https:\/\/www.ortungsgerate.de\/#website"},"primaryImageOfPage":{"@id":"https:\/\/www.ortungsgerate.de\/26-detektoren\/pro-gsm-gps-wi-fi-detektor-1mhz-8000mhz-sehr-empfindlich\/#primaryimage"},"image":{"@id":"https:\/\/www.ortungsgerate.de\/26-detektoren\/pro-gsm-gps-wi-fi-detektor-1mhz-8000mhz-sehr-empfindlich\/#primaryimage"},"thumbnailUrl":"https:\/\/www.ortungsgerate.de\/wp-content\/uploads\/slaptu-kameru-ir-pasiklausymo-blakiu-detektorius-aptinka-gsm-gps-rd-uhf-5.jpg","datePublished":"2024-03-05T19:37:07+00:00","dateModified":"2025-11-26T17:07:36+00:00","description":"Zuverl\u00e4ssiger und hochempfindlicher Detektor f\u00fcr \u00dcberwachungsger\u00e4te. Erkennt GPS-Tracker, versteckte Kameras und verschiedene Abh\u00f6rtechnik. Wir schulen in der Anwendung, kostenloser Versand","breadcrumb":{"@id":"https:\/\/www.ortungsgerate.de\/26-detektoren\/pro-gsm-gps-wi-fi-detektor-1mhz-8000mhz-sehr-empfindlich\/#breadcrumb"},"inLanguage":"ru-RU","potentialAction":[{"@type":"ReadAction","target":["https:\/\/www.ortungsgerate.de\/26-detektoren\/pro-gsm-gps-wi-fi-detektor-1mhz-8000mhz-sehr-empfindlich\/"]}]},{"@type":"ImageObject","inLanguage":"ru-RU","@id":"https:\/\/www.ortungsgerate.de\/26-detektoren\/pro-gsm-gps-wi-fi-detektor-1mhz-8000mhz-sehr-empfindlich\/#primaryimage","url":"https:\/\/www.ortungsgerate.de\/wp-content\/uploads\/slaptu-kameru-ir-pasiklausymo-blakiu-detektorius-aptinka-gsm-gps-rd-uhf-5.jpg","contentUrl":"https:\/\/www.ortungsgerate.de\/wp-content\/uploads\/slaptu-kameru-ir-pasiklausymo-blakiu-detektorius-aptinka-gsm-gps-rd-uhf-5.jpg","width":1000,"height":1000,"caption":"Abh\u00f6rwanzen-Detektor RF 1 MHz bis 8 MHz"},{"@type":"BreadcrumbList","@id":"https:\/\/www.ortungsgerate.de\/26-detektoren\/pro-gsm-gps-wi-fi-detektor-1mhz-8000mhz-sehr-empfindlich\/#breadcrumb","itemListElement":[{"@type":"ListItem","position":1,"name":"Startseite","item":"https:\/\/www.ortungsgerate.de\/"},{"@type":"ListItem","position":2,"name":"Shop","item":"https:\/\/www.ortungsgerate.de\/shop\/"},{"@type":"ListItem","position":3,"name":"Pro GSM GPS Wi FI Detektor 1Mhz &#8211; 8000Mhz (sehr empfindlich)"}]},{"@type":"WebSite","@id":"https:\/\/www.ortungsgerate.de\/#website","url":"https:\/\/www.ortungsgerate.de\/","name":"Ortungsgerate.de","description":"","publisher":{"@id":"https:\/\/www.ortungsgerate.de\/#organization"},"potentialAction":[{"@type":"SearchAction","target":{"@type":"EntryPoint","urlTemplate":"https:\/\/www.ortungsgerate.de\/?s={search_term_string}"},"query-input":{"@type":"PropertyValueSpecification","valueRequired":true,"valueName":"search_term_string"}}],"inLanguage":"ru-RU"},{"@type":"Organization","@id":"https:\/\/www.ortungsgerate.de\/#organization","name":"Ortungsgerate.de","url":"https:\/\/www.ortungsgerate.de\/","logo":{"@type":"ImageObject","inLanguage":"ru-RU","@id":"https:\/\/www.ortungsgerate.de\/#\/schema\/logo\/image\/","url":"https:\/\/www.ortungsgerate.de\/wp-content\/uploads\/ortungsgerate.png","contentUrl":"https:\/\/www.ortungsgerate.de\/wp-content\/uploads\/ortungsgerate.png","width":500,"height":135,"caption":"Ortungsgerate.de"},"image":{"@id":"https:\/\/www.ortungsgerate.de\/#\/schema\/logo\/image\/"}}]}},"_links":{"self":[{"href":"https:\/\/www.ortungsgerate.de\/ru\/wp-json\/wp\/v2\/product\/16374","targetHints":{"allow":["GET"]}}],"collection":[{"href":"https:\/\/www.ortungsgerate.de\/ru\/wp-json\/wp\/v2\/product"}],"about":[{"href":"https:\/\/www.ortungsgerate.de\/ru\/wp-json\/wp\/v2\/types\/product"}],"version-history":[{"count":0,"href":"https:\/\/www.ortungsgerate.de\/ru\/wp-json\/wp\/v2\/product\/16374\/revisions"}],"wp:featuredmedia":[{"embeddable":true,"href":"https:\/\/www.ortungsgerate.de\/ru\/wp-json\/wp\/v2\/media\/1593"}],"wp:attachment":[{"href":"https:\/\/www.ortungsgerate.de\/ru\/wp-json\/wp\/v2\/media?parent=16374"}],"wp:term":[{"taxonomy":"brand","embeddable":true,"href":"https:\/\/www.ortungsgerate.de\/ru\/wp-json\/wp\/v2\/etheme_brands?post=16374"},{"taxonomy":"product_brand","embeddable":true,"href":"https:\/\/www.ortungsgerate.de\/ru\/wp-json\/wp\/v2\/product_brand?post=16374"},{"taxonomy":"product_cat","embeddable":true,"href":"https:\/\/www.ortungsgerate.de\/ru\/wp-json\/wp\/v2\/product_cat?post=16374"},{"taxonomy":"product_tag","embeddable":true,"href":"https:\/\/www.ortungsgerate.de\/ru\/wp-json\/wp\/v2\/product_tag?post=16374"}],"curies":[{"name":"wp","href":"https:\/\/api.w.org\/{rel}","templated":true}]}}