{"id":16375,"date":"2024-02-06T21:39:07","date_gmt":"2024-02-06T19:39:07","guid":{"rendered":"https:\/\/ortungsgerate.de\/be-kategorijos\/mini-gsm-pasiklausymo-blake-silikoninis-mikrofonas-hq\/"},"modified":"2025-11-26T19:01:36","modified_gmt":"2025-11-26T17:01:36","slug":"mini-gsm-zhuchok-silikonovyy-mikrofon-hq-2","status":"publish","type":"product","link":"https:\/\/www.ortungsgerate.de\/ru\/16-proslushivayushcheye-oborudovaniye-2\/22-gsm-podslushivayushcheye-ustroystvo-zhuchki-2\/mini-gsm-zhuchok-silikonovyy-mikrofon-hq-2\/","title":{"rendered":"\u041c\u0438\u043d\u0438 GSM \u0436\u0443\u0447\u043e\u043a (\u0441\u0438\u043b\u0438\u043a\u043e\u043d\u043e\u0432\u044b\u0439 \u043c\u0438\u043a\u0440\u043e\u0444\u043e\u043d) HQ"},"content":{"rendered":"<p><strong>\u0422\u0435\u0445\u043d\u0438\u0447\u0435\u0441\u043a\u0438\u0435 \u043f\u0430\u0440\u0430\u043c\u0435\u0442\u0440\u044b:<\/strong><\/p>\n<ul>\n<li>Art der Audio\u00fcbertragung: \u00fcber GSM-Netz<\/li>\n<li>SIM-Karte im Lieferumfang<\/li>\n<li>Unbegrenzte Abh\u00f6rentfernung<\/li>\n<li>\u0422\u0438\u043f \u0431\u0430\u0442\u0430\u0440\u0435\u0438: \u043b\u0438\u0442\u0438\u0439-\u0438\u043e\u043d\u043d\u0430\u044f (\u0432\u043d\u0443\u0442\u0440\u0435\u043d\u043d\u044f\u044f)<\/li>\n<li>Mikrofon: HQ Silikon<\/li>\n<li>Akkulaufzeit: Abh\u00f6rzeit bis zu 5 Std., Standby bis zu 5 Tage<\/li>\n<li>Abh\u00f6rger\u00e4t Abmessungen: 55mm x 22mm x 15mm<\/li>\n<li><strong>\u0413\u0410\u0420\u0410\u041d\u0422\u0418\u042f 12 \u043c\u0435\u0441\u044f\u0446\u0435\u0432<\/strong><\/li>\n<\/ul>\n<p>Einsatzgebiet: F\u00fcr Ihre eigene Sicherheit und die Sicherheit der Kinder.<\/p>\n<p><strong>Mini GSM Abh\u00f6rwanze mit HQ Silikonmikrofon<\/strong><\/p>\n<p>Die Mini GSM Abh\u00f6rwanze gew\u00e4hrleistet eine reibungslose Aufzeichnung von Audiosignalen ohne St\u00f6rungen und Verzerrungen. Dieses Ger\u00e4t kann helfen festzustellen, ob Ihre Mitarbeiter ehrlich sind, ob die Nanny korrekt mit den Kindern umgeht usw. Wenn es Ihnen aus bestimmten Gr\u00fcnden nicht gelingt, die n\u00f6tigen Informationen \u00fcber die Ehrlichkeit bestimmter Personen zu sammeln, wird Ihnen dieses Ger\u00e4t dabei auf jeden Fall helfen. Einer der gr\u00f6\u00dften Vorteile dieser Wanze ist, dass Sie Gespr\u00e4che in unbegrenzter Entfernung abh\u00f6ren k\u00f6nnen, da der Ton \u00fcber das GSM-Netz \u00fcbertragen wird.<\/p>\n<p>Die Nutzung dieser Abh\u00f6rwanze ist sehr einfach. Die Abmessungen des Ger\u00e4ts betragen lediglich 55mm x 22mm x 15mm, sodass Sie die Wanze problemlos zwischen Alltagsgegenst\u00e4nden verstecken k\u00f6nnen (z.B. im Auto, zwischen verschiedenen B\u00fcroartikeln usw.). Sie m\u00fcssen lediglich die SIM-Karte, die Sie im Set finden, in die Wanze einsetzen, und das Ger\u00e4t ist einsatzbereit. Die Wanze verf\u00fcgt \u00fcber eine R\u00fcckruffunktion mit Schutz: Wenn jemand anderes die Nummer der SIM-Karte anruft, ist die Wanze besetzt. Nur Sie k\u00f6nnen die laufenden Gespr\u00e4che abh\u00f6ren, wodurch Missverst\u00e4ndnisse vermieden werden k\u00f6nnen.<\/p>\n<p>Die Mini GSM Abh\u00f6rwanze verf\u00fcgt \u00fcber einen wiederaufladbaren Akku, der ein ununterbrochenes Abh\u00f6ren von Gespr\u00e4chen bis zu f\u00fcnf Stunden erm\u00f6glicht. Wird die Wanze im Standby-Modus verwendet, entl\u00e4dt sich der Akku innerhalb von 5 Tagen nicht. Die Abh\u00f6rwanze ist mit einem internen Lithium-Ionen-Akku und einem HQ Silikonmikrofon ausgestattet, das eine noch bessere Tonqualit\u00e4t gew\u00e4hrleistet. F\u00fcr dieses Abh\u00f6rger\u00e4t wird eine 12-monatige Garantie gew\u00e4hrt.<\/p>\n<p>Jetzt k\u00f6nnen Sie Gespr\u00e4che mit der Mini GSM Abh\u00f6rwanze abh\u00f6ren! Dieses kleine Ger\u00e4t erm\u00f6glicht es, Gespr\u00e4che in unbegrenzter Entfernung mitzuh\u00f6ren. Es ist ein ausgezeichnetes Ger\u00e4t f\u00fcr alle, die Gespr\u00e4che abh\u00f6ren m\u00f6chten.<\/p>\n<p>Die \u201eMini GSM Abh\u00f6rwanze\u201c gew\u00e4hrleistet klaren Ton ohne Verzerrungen<\/p>\n<p>Wiederaufladbarer Akku: Das Ger\u00e4t verf\u00fcgt \u00fcber einen wiederaufladbaren Akku, der bis zu 5 Stunden Abh\u00f6rzeit bietet.<\/p>\n<p>Einfache Bedienung, es gen\u00fcgt, eine SIM-Karte einzulegen, und das Ger\u00e4t ist einsatzbereit. Es gibt eine R\u00fcckruffunktion mit Schutz \u2013 wir ordnen unsere eigene Mobiltelefonnummer als Administrator zu; wenn jemand die GSM-Abh\u00f6rwanze anruft, ist sie besetzt. Nur Sie k\u00f6nnen diese Wanze anrufen und Gespr\u00e4che abh\u00f6ren.<\/p>","protected":false},"excerpt":{"rendered":"<p>Technische Parameter: Art der Audio\u00fcbertragung: \u00fcber GSM-Netz SIM-Karte im Lieferumfang Unbegrenzte Abh\u00f6rentfernung Batterietyp: Lithium-Ionen (intern) Mikrofon: HQ Silikon Akkulaufzeit: Abh\u00f6rzeit bis zu 5 Std., Standby&#8230;<\/p>","protected":false},"featured_media":2183,"template":"","meta":[],"etheme_brands":[],"product_brand":[],"product_cat":[208,211,214],"product_tag":[79],"class_list":{"0":"post-16375","1":"product","2":"type-product","3":"status-publish","4":"has-post-thumbnail","6":"product_cat-16-abhoergeraete","7":"product_cat-22-gsm-abhoergeraete-wanzen","8":"product_cat-21-professionelle-abhoergeraete","9":"product_tag-gsm-wanze","10":"pa_typ-abhoerwanze","12":"first","13":"instock","14":"taxable","15":"shipping-taxable","16":"purchasable","17":"product-type-simple"},"yoast_head":"<!-- This site is optimized with the Yoast SEO Premium plugin v25.9 (Yoast SEO v27.4) - https:\/\/yoast.com\/product\/yoast-seo-premium-wordpress\/ -->\n<title>Mini GSM Abh\u00f6rwanze (Silikon-Mikrofon) HQ<\/title>\n<meta name=\"description\" content=\"Mini GMS Wanze HQ Mikrofon, hohe Klangqualit\u00e4t. Gro\u00dfe Auswahl an Abh\u00f6rwanzen. Nur hochwertiges Abh\u00f6requipment. Niedrigpreisgarantie\" \/>\n<meta name=\"robots\" content=\"index, follow, max-snippet:-1, max-image-preview:large, max-video-preview:-1\" \/>\n<link rel=\"canonical\" href=\"https:\/\/www.ortungsgerate.de\/ru\/16-proslushivayushcheye-oborudovaniye-2\/21-profesionalnoje-proslushivayushcheye-oborudovaniye\/mini-gsm-zhuchok-silikonovyy-mikrofon-hq-2\/\" \/>\n<meta property=\"og:locale\" content=\"ru_RU\" \/>\n<meta property=\"og:type\" content=\"article\" \/>\n<meta property=\"og:title\" content=\"Mini GSM Abh\u00f6rwanze (Silikon-Mikrofon) HQ\" \/>\n<meta property=\"og:description\" content=\"Mini GMS Wanze HQ Mikrofon, hohe Klangqualit\u00e4t. Gro\u00dfe Auswahl an Abh\u00f6rwanzen. Nur hochwertiges Abh\u00f6requipment. Niedrigpreisgarantie\" \/>\n<meta property=\"og:url\" content=\"https:\/\/www.ortungsgerate.de\/ru\/16-proslushivayushcheye-oborudovaniye-2\/21-profesionalnoje-proslushivayushcheye-oborudovaniye\/mini-gsm-zhuchok-silikonovyy-mikrofon-hq-2\/\" \/>\n<meta property=\"og:site_name\" content=\"Ortungsger\u00e4te.de\" \/>\n<meta property=\"article:modified_time\" content=\"2025-11-26T17:01:36+00:00\" \/>\n<meta property=\"og:image\" content=\"https:\/\/www.ortungsgerate.de\/wp-content\/uploads\/mini-gsm-pasiklausymo-blake-silikoninis-mikrofonas-hq.jpg\" \/>\n\t<meta property=\"og:image:width\" content=\"557\" \/>\n\t<meta property=\"og:image:height\" content=\"577\" \/>\n\t<meta property=\"og:image:type\" content=\"image\/jpeg\" \/>\n<meta name=\"twitter:card\" content=\"summary_large_image\" \/>\n<meta name=\"twitter:label1\" content=\"\u041f\u0440\u0438\u043c\u0435\u0440\u043d\u043e\u0435 \u0432\u0440\u0435\u043c\u044f \u0434\u043b\u044f \u0447\u0442\u0435\u043d\u0438\u044f\" \/>\n\t<meta name=\"twitter:data1\" content=\"3 \u043c\u0438\u043d\u0443\u0442\u044b\" \/>\n<script type=\"application\/ld+json\" class=\"yoast-schema-graph\">{\"@context\":\"https:\\\/\\\/schema.org\",\"@graph\":[{\"@type\":\"WebPage\",\"@id\":\"https:\\\/\\\/www.ortungsgerate.de\\\/16-abhoergeraete\\\/21-professionelle-abhoergeraete\\\/mini-gsm-abhoerwanze-silikon-mikrofon-hq\\\/\",\"url\":\"https:\\\/\\\/www.ortungsgerate.de\\\/16-abhoergeraete\\\/21-professionelle-abhoergeraete\\\/mini-gsm-abhoerwanze-silikon-mikrofon-hq\\\/\",\"name\":\"Mini GSM Abh\u00f6rwanze (Silikon-Mikrofon) HQ\",\"isPartOf\":{\"@id\":\"https:\\\/\\\/www.ortungsgerate.de\\\/#website\"},\"primaryImageOfPage\":{\"@id\":\"https:\\\/\\\/www.ortungsgerate.de\\\/16-abhoergeraete\\\/21-professionelle-abhoergeraete\\\/mini-gsm-abhoerwanze-silikon-mikrofon-hq\\\/#primaryimage\"},\"image\":{\"@id\":\"https:\\\/\\\/www.ortungsgerate.de\\\/16-abhoergeraete\\\/21-professionelle-abhoergeraete\\\/mini-gsm-abhoerwanze-silikon-mikrofon-hq\\\/#primaryimage\"},\"thumbnailUrl\":\"https:\\\/\\\/www.ortungsgerate.de\\\/wp-content\\\/uploads\\\/mini-gsm-pasiklausymo-blake-silikoninis-mikrofonas-hq.jpg\",\"datePublished\":\"2024-02-06T19:39:07+00:00\",\"dateModified\":\"2025-11-26T17:01:36+00:00\",\"description\":\"Mini GMS Wanze HQ Mikrofon, hohe Klangqualit\u00e4t. Gro\u00dfe Auswahl an Abh\u00f6rwanzen. Nur hochwertiges Abh\u00f6requipment. Niedrigpreisgarantie\",\"breadcrumb\":{\"@id\":\"https:\\\/\\\/www.ortungsgerate.de\\\/16-abhoergeraete\\\/21-professionelle-abhoergeraete\\\/mini-gsm-abhoerwanze-silikon-mikrofon-hq\\\/#breadcrumb\"},\"inLanguage\":\"ru-RU\",\"potentialAction\":[{\"@type\":\"ReadAction\",\"target\":[\"https:\\\/\\\/www.ortungsgerate.de\\\/16-abhoergeraete\\\/21-professionelle-abhoergeraete\\\/mini-gsm-abhoerwanze-silikon-mikrofon-hq\\\/\"]}]},{\"@type\":\"ImageObject\",\"inLanguage\":\"ru-RU\",\"@id\":\"https:\\\/\\\/www.ortungsgerate.de\\\/16-abhoergeraete\\\/21-professionelle-abhoergeraete\\\/mini-gsm-abhoerwanze-silikon-mikrofon-hq\\\/#primaryimage\",\"url\":\"https:\\\/\\\/www.ortungsgerate.de\\\/wp-content\\\/uploads\\\/mini-gsm-pasiklausymo-blake-silikoninis-mikrofonas-hq.jpg\",\"contentUrl\":\"https:\\\/\\\/www.ortungsgerate.de\\\/wp-content\\\/uploads\\\/mini-gsm-pasiklausymo-blake-silikoninis-mikrofonas-hq.jpg\",\"width\":557,\"height\":577,\"caption\":\"Mini GSM Abh\u00f6rwanze (Silikonmikrofon) HQ\"},{\"@type\":\"BreadcrumbList\",\"@id\":\"https:\\\/\\\/www.ortungsgerate.de\\\/16-abhoergeraete\\\/21-professionelle-abhoergeraete\\\/mini-gsm-abhoerwanze-silikon-mikrofon-hq\\\/#breadcrumb\",\"itemListElement\":[{\"@type\":\"ListItem\",\"position\":1,\"name\":\"Startseite\",\"item\":\"https:\\\/\\\/www.ortungsgerate.de\\\/\"},{\"@type\":\"ListItem\",\"position\":2,\"name\":\"Shop\",\"item\":\"https:\\\/\\\/www.ortungsgerate.de\\\/shop\\\/\"},{\"@type\":\"ListItem\",\"position\":3,\"name\":\"Mini GSM Abh\u00f6rwanze (Silikon-Mikrofon) HQ\"}]},{\"@type\":\"WebSite\",\"@id\":\"https:\\\/\\\/www.ortungsgerate.de\\\/#website\",\"url\":\"https:\\\/\\\/www.ortungsgerate.de\\\/\",\"name\":\"Ortungsgerate.de\",\"description\":\"\",\"publisher\":{\"@id\":\"https:\\\/\\\/www.ortungsgerate.de\\\/#organization\"},\"potentialAction\":[{\"@type\":\"SearchAction\",\"target\":{\"@type\":\"EntryPoint\",\"urlTemplate\":\"https:\\\/\\\/www.ortungsgerate.de\\\/?s={search_term_string}\"},\"query-input\":{\"@type\":\"PropertyValueSpecification\",\"valueRequired\":true,\"valueName\":\"search_term_string\"}}],\"inLanguage\":\"ru-RU\"},{\"@type\":\"Organization\",\"@id\":\"https:\\\/\\\/www.ortungsgerate.de\\\/#organization\",\"name\":\"Ortungsgerate.de\",\"url\":\"https:\\\/\\\/www.ortungsgerate.de\\\/\",\"logo\":{\"@type\":\"ImageObject\",\"inLanguage\":\"ru-RU\",\"@id\":\"https:\\\/\\\/www.ortungsgerate.de\\\/#\\\/schema\\\/logo\\\/image\\\/\",\"url\":\"https:\\\/\\\/www.ortungsgerate.de\\\/wp-content\\\/uploads\\\/ortungsgerate.png\",\"contentUrl\":\"https:\\\/\\\/www.ortungsgerate.de\\\/wp-content\\\/uploads\\\/ortungsgerate.png\",\"width\":500,\"height\":135,\"caption\":\"Ortungsgerate.de\"},\"image\":{\"@id\":\"https:\\\/\\\/www.ortungsgerate.de\\\/#\\\/schema\\\/logo\\\/image\\\/\"}}]}<\/script>\n<!-- \/ Yoast SEO Premium plugin. -->","yoast_head_json":{"title":"\u041c\u0438\u043d\u0438 GSM \u0436\u0443\u0447\u043e\u043a (\u0441\u0438\u043b\u0438\u043a\u043e\u043d\u043e\u0432\u044b\u0439 \u043c\u0438\u043a\u0440\u043e\u0444\u043e\u043d) HQ","description":"Mini GMS Wanze HQ Mikrofon, hohe Klangqualit\u00e4t. Gro\u00dfe Auswahl an Abh\u00f6rwanzen. Nur hochwertiges Abh\u00f6requipment. Niedrigpreisgarantie","robots":{"index":"index","follow":"follow","max-snippet":"max-snippet:-1","max-image-preview":"max-image-preview:large","max-video-preview":"max-video-preview:-1"},"canonical":"https:\/\/www.ortungsgerate.de\/ru\/16-proslushivayushcheye-oborudovaniye-2\/21-profesionalnoje-proslushivayushcheye-oborudovaniye\/mini-gsm-zhuchok-silikonovyy-mikrofon-hq-2\/","og_locale":"ru_RU","og_type":"article","og_title":"Mini GSM Abh\u00f6rwanze (Silikon-Mikrofon) HQ","og_description":"Mini GMS Wanze HQ Mikrofon, hohe Klangqualit\u00e4t. Gro\u00dfe Auswahl an Abh\u00f6rwanzen. Nur hochwertiges Abh\u00f6requipment. Niedrigpreisgarantie","og_url":"https:\/\/www.ortungsgerate.de\/ru\/16-proslushivayushcheye-oborudovaniye-2\/21-profesionalnoje-proslushivayushcheye-oborudovaniye\/mini-gsm-zhuchok-silikonovyy-mikrofon-hq-2\/","og_site_name":"Ortungsger\u00e4te.de","article_modified_time":"2025-11-26T17:01:36+00:00","og_image":[{"width":557,"height":577,"url":"https:\/\/www.ortungsgerate.de\/wp-content\/uploads\/mini-gsm-pasiklausymo-blake-silikoninis-mikrofonas-hq.jpg","type":"image\/jpeg"}],"twitter_card":"summary_large_image","twitter_misc":{"\u041f\u0440\u0438\u043c\u0435\u0440\u043d\u043e\u0435 \u0432\u0440\u0435\u043c\u044f \u0434\u043b\u044f \u0447\u0442\u0435\u043d\u0438\u044f":"3 \u043c\u0438\u043d\u0443\u0442\u044b"},"schema":{"@context":"https:\/\/schema.org","@graph":[{"@type":"WebPage","@id":"https:\/\/www.ortungsgerate.de\/16-abhoergeraete\/21-professionelle-abhoergeraete\/mini-gsm-abhoerwanze-silikon-mikrofon-hq\/","url":"https:\/\/www.ortungsgerate.de\/16-abhoergeraete\/21-professionelle-abhoergeraete\/mini-gsm-abhoerwanze-silikon-mikrofon-hq\/","name":"\u041c\u0438\u043d\u0438 GSM \u0436\u0443\u0447\u043e\u043a (\u0441\u0438\u043b\u0438\u043a\u043e\u043d\u043e\u0432\u044b\u0439 \u043c\u0438\u043a\u0440\u043e\u0444\u043e\u043d) HQ","isPartOf":{"@id":"https:\/\/www.ortungsgerate.de\/#website"},"primaryImageOfPage":{"@id":"https:\/\/www.ortungsgerate.de\/16-abhoergeraete\/21-professionelle-abhoergeraete\/mini-gsm-abhoerwanze-silikon-mikrofon-hq\/#primaryimage"},"image":{"@id":"https:\/\/www.ortungsgerate.de\/16-abhoergeraete\/21-professionelle-abhoergeraete\/mini-gsm-abhoerwanze-silikon-mikrofon-hq\/#primaryimage"},"thumbnailUrl":"https:\/\/www.ortungsgerate.de\/wp-content\/uploads\/mini-gsm-pasiklausymo-blake-silikoninis-mikrofonas-hq.jpg","datePublished":"2024-02-06T19:39:07+00:00","dateModified":"2025-11-26T17:01:36+00:00","description":"Mini GMS Wanze HQ Mikrofon, hohe Klangqualit\u00e4t. Gro\u00dfe Auswahl an Abh\u00f6rwanzen. Nur hochwertiges Abh\u00f6requipment. Niedrigpreisgarantie","breadcrumb":{"@id":"https:\/\/www.ortungsgerate.de\/16-abhoergeraete\/21-professionelle-abhoergeraete\/mini-gsm-abhoerwanze-silikon-mikrofon-hq\/#breadcrumb"},"inLanguage":"ru-RU","potentialAction":[{"@type":"ReadAction","target":["https:\/\/www.ortungsgerate.de\/16-abhoergeraete\/21-professionelle-abhoergeraete\/mini-gsm-abhoerwanze-silikon-mikrofon-hq\/"]}]},{"@type":"ImageObject","inLanguage":"ru-RU","@id":"https:\/\/www.ortungsgerate.de\/16-abhoergeraete\/21-professionelle-abhoergeraete\/mini-gsm-abhoerwanze-silikon-mikrofon-hq\/#primaryimage","url":"https:\/\/www.ortungsgerate.de\/wp-content\/uploads\/mini-gsm-pasiklausymo-blake-silikoninis-mikrofonas-hq.jpg","contentUrl":"https:\/\/www.ortungsgerate.de\/wp-content\/uploads\/mini-gsm-pasiklausymo-blake-silikoninis-mikrofonas-hq.jpg","width":557,"height":577,"caption":"Mini GSM Abh\u00f6rwanze (Silikonmikrofon) HQ"},{"@type":"BreadcrumbList","@id":"https:\/\/www.ortungsgerate.de\/16-abhoergeraete\/21-professionelle-abhoergeraete\/mini-gsm-abhoerwanze-silikon-mikrofon-hq\/#breadcrumb","itemListElement":[{"@type":"ListItem","position":1,"name":"Startseite","item":"https:\/\/www.ortungsgerate.de\/"},{"@type":"ListItem","position":2,"name":"Shop","item":"https:\/\/www.ortungsgerate.de\/shop\/"},{"@type":"ListItem","position":3,"name":"Mini GSM Abh\u00f6rwanze (Silikon-Mikrofon) HQ"}]},{"@type":"WebSite","@id":"https:\/\/www.ortungsgerate.de\/#website","url":"https:\/\/www.ortungsgerate.de\/","name":"Ortungsgerate.de","description":"","publisher":{"@id":"https:\/\/www.ortungsgerate.de\/#organization"},"potentialAction":[{"@type":"SearchAction","target":{"@type":"EntryPoint","urlTemplate":"https:\/\/www.ortungsgerate.de\/?s={search_term_string}"},"query-input":{"@type":"PropertyValueSpecification","valueRequired":true,"valueName":"search_term_string"}}],"inLanguage":"ru-RU"},{"@type":"Organization","@id":"https:\/\/www.ortungsgerate.de\/#organization","name":"Ortungsgerate.de","url":"https:\/\/www.ortungsgerate.de\/","logo":{"@type":"ImageObject","inLanguage":"ru-RU","@id":"https:\/\/www.ortungsgerate.de\/#\/schema\/logo\/image\/","url":"https:\/\/www.ortungsgerate.de\/wp-content\/uploads\/ortungsgerate.png","contentUrl":"https:\/\/www.ortungsgerate.de\/wp-content\/uploads\/ortungsgerate.png","width":500,"height":135,"caption":"Ortungsgerate.de"},"image":{"@id":"https:\/\/www.ortungsgerate.de\/#\/schema\/logo\/image\/"}}]}},"_links":{"self":[{"href":"https:\/\/www.ortungsgerate.de\/ru\/wp-json\/wp\/v2\/product\/16375","targetHints":{"allow":["GET"]}}],"collection":[{"href":"https:\/\/www.ortungsgerate.de\/ru\/wp-json\/wp\/v2\/product"}],"about":[{"href":"https:\/\/www.ortungsgerate.de\/ru\/wp-json\/wp\/v2\/types\/product"}],"version-history":[{"count":0,"href":"https:\/\/www.ortungsgerate.de\/ru\/wp-json\/wp\/v2\/product\/16375\/revisions"}],"wp:featuredmedia":[{"embeddable":true,"href":"https:\/\/www.ortungsgerate.de\/ru\/wp-json\/wp\/v2\/media\/2183"}],"wp:attachment":[{"href":"https:\/\/www.ortungsgerate.de\/ru\/wp-json\/wp\/v2\/media?parent=16375"}],"wp:term":[{"taxonomy":"brand","embeddable":true,"href":"https:\/\/www.ortungsgerate.de\/ru\/wp-json\/wp\/v2\/etheme_brands?post=16375"},{"taxonomy":"product_brand","embeddable":true,"href":"https:\/\/www.ortungsgerate.de\/ru\/wp-json\/wp\/v2\/product_brand?post=16375"},{"taxonomy":"product_cat","embeddable":true,"href":"https:\/\/www.ortungsgerate.de\/ru\/wp-json\/wp\/v2\/product_cat?post=16375"},{"taxonomy":"product_tag","embeddable":true,"href":"https:\/\/www.ortungsgerate.de\/ru\/wp-json\/wp\/v2\/product_tag?post=16375"}],"curies":[{"name":"wp","href":"https:\/\/api.w.org\/{rel}","templated":true}]}}