{"id":16376,"date":"2024-02-06T21:38:11","date_gmt":"2024-02-06T19:38:11","guid":{"rendered":"https:\/\/ortungsgerate.de\/be-kategorijos\/pasiklausymo-blake-veikianti-nepertraukiamai-nuo-12v\/"},"modified":"2025-11-26T19:01:36","modified_gmt":"2025-11-26T17:01:36","slug":"podslushivayuschee-ustroystvo-rabotayuschee-nepreryvno-ot-12v","status":"publish","type":"product","link":"https:\/\/www.ortungsgerate.de\/ru\/16-proslushivayushcheye-oborudovaniye-2\/22-gsm-podslushivayushcheye-ustroystvo-zhuchki-2\/podslushivayuschee-ustroystvo-rabotayuschee-nepreryvno-ot-12v\/","title":{"rendered":"\u041f\u043e\u0434\u0441\u043b\u0443\u0448\u0438\u0432\u0430\u044e\u0449\u0435\u0435 \u0443\u0441\u0442\u0440\u043e\u0439\u0441\u0442\u0432\u043e, \u0440\u0430\u0431\u043e\u0442\u0430\u044e\u0449\u0435\u0435 \u043d\u0435\u043f\u0440\u0435\u0440\u044b\u0432\u043d\u043e \u043e\u0442 12\u0412"},"content":{"rendered":"<h3><strong>\u0422\u0435\u0445\u043d\u0438\u0447\u0435\u0441\u043a\u0438\u0435 \u043f\u0430\u0440\u0430\u043c\u0435\u0442\u0440\u044b:<\/strong><\/h3>\n<ul>\n<li>Automatischer R\u00fcckruf bei Ger\u00e4uschen<\/li>\n<li>Funktion zur Spracherkennung<\/li>\n<li>Nach Trennung von der Stromversorgung funktioniert das Ger\u00e4t bis zu 2 Tage, Abh\u00f6rdauer ca. 1,5 Std.<\/li>\n<li>Bei Anschluss an die Stromversorgung arbeitet das Ger\u00e4t dauerhaft<\/li>\n<li>GSM-Verbindung: geeignet f\u00fcr alle SIM-Karten<\/li>\n<li>Anschluss: von 12 V bis 96 V (z. B. an eine Batterie)<\/li>\n<li>Akku: 3,7 V 500 mAh Lithium-Ionen-Akku<\/li>\n<li>Arbeitstemperatur: von -20 bis +55 Grad Celsius<\/li>\n<li>Gewicht: 38 g<\/li>\n<li>Lieferumfang: Ger\u00e4t, 1 m langes Kabel mit Sicherung<\/li>\n<li><strong>\u0413\u0410\u0420\u0410\u041d\u0422\u0418\u042f 12 \u043c\u0435\u0441\u044f\u0446\u0435\u0432<\/strong><\/li>\n<\/ul>\n<p><span style=\"color: #d0121a;\"><strong>   <\/strong><\/span><\/p>\n<p>Einsatzgebiet: zum Schutz von Ihnen selbst und Ihren Kindern<\/p>\n<p>Einfache Bedienung, es muss nur eine SIM-Karte eingelegt werden und das Ger\u00e4t ist einsatzbereit. Es k\u00f6nnen Administratornummern festgelegt werden, sodass niemand anderes au\u00dfer Ihnen die Wanze anrufen kann. Insgesamt k\u00f6nnen 3 verschiedene Nummern zugewiesen werden. Das Ger\u00e4t kann Sie au\u00dferdem bei Ger\u00e4uschen zur\u00fcckrufen, wenn z. B. jemand zu sprechen beginnt, kann es Ihre Telefonnummer anrufen, sodass Sie keine wichtigen Gespr\u00e4che verpassen. Im Lieferumfang ist ein 1 Meter langes Kabel mit Sicherung enthalten, das Ger\u00e4t kann direkt an die Batterie angeschlossen werden.<\/p>","protected":false},"excerpt":{"rendered":"<p>Technische Parameter: Automatischer R\u00fcckruf bei Ger\u00e4uschen Funktion zur Spracherkennung Nach Trennung von der Stromversorgung funktioniert das Ger\u00e4t bis zu 2 Tage, Abh\u00f6rdauer ca. 1,5 Std&#8230;.<\/p>","protected":false},"featured_media":27649,"template":"","meta":[],"etheme_brands":[],"product_brand":[],"product_cat":[208,211,214],"product_tag":[759,79,126,724],"class_list":{"0":"post-16376","1":"product","2":"type-product","3":"status-publish","4":"has-post-thumbnail","6":"product_cat-16-abhoergeraete","7":"product_cat-22-gsm-abhoergeraete-wanzen","8":"product_cat-21-professionelle-abhoergeraete","9":"product_tag-gsm-mini-wanze","10":"product_tag-gsm-wanze","11":"product_tag-n9-die-wanze","12":"product_tag-spionageausruestung","13":"pa_typ-abhoerwanze","15":"first","16":"instock","17":"taxable","18":"shipping-taxable","19":"purchasable","20":"product-type-simple"},"yoast_head":"<!-- This site is optimized with the Yoast SEO Premium plugin v25.9 (Yoast SEO v27.4) - https:\/\/yoast.com\/product\/yoast-seo-premium-wordpress\/ -->\n<title>GSM-Wanze anschlie\u00dfbar an eine Batterie von 12V bis 96V<\/title>\n<meta name=\"description\" content=\"Die GSM-Wanze wird an eine direkte Stromquelle angeschlossen, z.\u202fB. an eine Autobatterie. Verf\u00fcgt \u00fcber R\u00fcckruf-Funktion und Silikonmikrofon. Gro\u00dfe Auswahl\" \/>\n<meta name=\"robots\" content=\"index, follow, max-snippet:-1, max-image-preview:large, max-video-preview:-1\" \/>\n<link rel=\"canonical\" href=\"https:\/\/www.ortungsgerate.de\/ru\/16-proslushivayushcheye-oborudovaniye-2\/21-profesionalnoje-proslushivayushcheye-oborudovaniye\/podslushivayuschee-ustroystvo-rabotayuschee-nepreryvno-ot-12v\/\" \/>\n<meta property=\"og:locale\" content=\"ru_RU\" \/>\n<meta property=\"og:type\" content=\"article\" \/>\n<meta property=\"og:title\" content=\"Abh\u00f6rwanze, die ununterbrochen ab 12V betrieben wird\" \/>\n<meta property=\"og:description\" content=\"Die GSM-Wanze wird an eine direkte Stromquelle angeschlossen, z.\u202fB. an eine Autobatterie. Verf\u00fcgt \u00fcber R\u00fcckruf-Funktion und Silikonmikrofon. Gro\u00dfe Auswahl\" \/>\n<meta property=\"og:url\" content=\"https:\/\/www.ortungsgerate.de\/ru\/16-proslushivayushcheye-oborudovaniye-2\/21-profesionalnoje-proslushivayushcheye-oborudovaniye\/podslushivayuschee-ustroystvo-rabotayuschee-nepreryvno-ot-12v\/\" \/>\n<meta property=\"og:site_name\" content=\"Ortungsger\u00e4te.de\" \/>\n<meta property=\"article:modified_time\" content=\"2025-11-26T17:01:36+00:00\" \/>\n<meta property=\"og:image\" content=\"https:\/\/www.ortungsgerate.de\/wp-content\/uploads\/pasiklausymo-blake-veikianti-nepertraukiamai-nuo-12v-4.jpg\" \/>\n\t<meta property=\"og:image:width\" content=\"1000\" \/>\n\t<meta property=\"og:image:height\" content=\"1000\" \/>\n\t<meta property=\"og:image:type\" content=\"image\/jpeg\" \/>\n<meta name=\"twitter:card\" content=\"summary_large_image\" \/>\n<meta name=\"twitter:label1\" content=\"\u041f\u0440\u0438\u043c\u0435\u0440\u043d\u043e\u0435 \u0432\u0440\u0435\u043c\u044f \u0434\u043b\u044f \u0447\u0442\u0435\u043d\u0438\u044f\" \/>\n\t<meta name=\"twitter:data1\" content=\"1 \u043c\u0438\u043d\u0443\u0442\u0430\" \/>\n<script type=\"application\/ld+json\" class=\"yoast-schema-graph\">{\"@context\":\"https:\\\/\\\/schema.org\",\"@graph\":[{\"@type\":\"WebPage\",\"@id\":\"https:\\\/\\\/www.ortungsgerate.de\\\/16-abhoergeraete\\\/21-professionelle-abhoergeraete\\\/abhoerwanze-die-ununterbrochen-ab-12v-betrieben-wird\\\/\",\"url\":\"https:\\\/\\\/www.ortungsgerate.de\\\/16-abhoergeraete\\\/21-professionelle-abhoergeraete\\\/abhoerwanze-die-ununterbrochen-ab-12v-betrieben-wird\\\/\",\"name\":\"GSM-Wanze anschlie\u00dfbar an eine Batterie von 12V bis 96V\",\"isPartOf\":{\"@id\":\"https:\\\/\\\/www.ortungsgerate.de\\\/#website\"},\"primaryImageOfPage\":{\"@id\":\"https:\\\/\\\/www.ortungsgerate.de\\\/16-abhoergeraete\\\/21-professionelle-abhoergeraete\\\/abhoerwanze-die-ununterbrochen-ab-12v-betrieben-wird\\\/#primaryimage\"},\"image\":{\"@id\":\"https:\\\/\\\/www.ortungsgerate.de\\\/16-abhoergeraete\\\/21-professionelle-abhoergeraete\\\/abhoerwanze-die-ununterbrochen-ab-12v-betrieben-wird\\\/#primaryimage\"},\"thumbnailUrl\":\"https:\\\/\\\/www.ortungsgerate.de\\\/wp-content\\\/uploads\\\/pasiklausymo-blake-veikianti-nepertraukiamai-nuo-12v-4.jpg\",\"datePublished\":\"2024-02-06T19:38:11+00:00\",\"dateModified\":\"2025-11-26T17:01:36+00:00\",\"description\":\"Die GSM-Wanze wird an eine direkte Stromquelle angeschlossen, z.\u202fB. an eine Autobatterie. Verf\u00fcgt \u00fcber R\u00fcckruf-Funktion und Silikonmikrofon. Gro\u00dfe Auswahl\",\"breadcrumb\":{\"@id\":\"https:\\\/\\\/www.ortungsgerate.de\\\/16-abhoergeraete\\\/21-professionelle-abhoergeraete\\\/abhoerwanze-die-ununterbrochen-ab-12v-betrieben-wird\\\/#breadcrumb\"},\"inLanguage\":\"ru-RU\",\"potentialAction\":[{\"@type\":\"ReadAction\",\"target\":[\"https:\\\/\\\/www.ortungsgerate.de\\\/16-abhoergeraete\\\/21-professionelle-abhoergeraete\\\/abhoerwanze-die-ununterbrochen-ab-12v-betrieben-wird\\\/\"]}]},{\"@type\":\"ImageObject\",\"inLanguage\":\"ru-RU\",\"@id\":\"https:\\\/\\\/www.ortungsgerate.de\\\/16-abhoergeraete\\\/21-professionelle-abhoergeraete\\\/abhoerwanze-die-ununterbrochen-ab-12v-betrieben-wird\\\/#primaryimage\",\"url\":\"https:\\\/\\\/www.ortungsgerate.de\\\/wp-content\\\/uploads\\\/pasiklausymo-blake-veikianti-nepertraukiamai-nuo-12v-4.jpg\",\"contentUrl\":\"https:\\\/\\\/www.ortungsgerate.de\\\/wp-content\\\/uploads\\\/pasiklausymo-blake-veikianti-nepertraukiamai-nuo-12v-4.jpg\",\"width\":1000,\"height\":1000,\"caption\":\"GSM Wanze, die an die Batterie angeschlossen wird\"},{\"@type\":\"BreadcrumbList\",\"@id\":\"https:\\\/\\\/www.ortungsgerate.de\\\/16-abhoergeraete\\\/21-professionelle-abhoergeraete\\\/abhoerwanze-die-ununterbrochen-ab-12v-betrieben-wird\\\/#breadcrumb\",\"itemListElement\":[{\"@type\":\"ListItem\",\"position\":1,\"name\":\"Startseite\",\"item\":\"https:\\\/\\\/www.ortungsgerate.de\\\/\"},{\"@type\":\"ListItem\",\"position\":2,\"name\":\"Shop\",\"item\":\"https:\\\/\\\/www.ortungsgerate.de\\\/shop\\\/\"},{\"@type\":\"ListItem\",\"position\":3,\"name\":\"Abh\u00f6rwanze, die ununterbrochen ab 12V betrieben wird\"}]},{\"@type\":\"WebSite\",\"@id\":\"https:\\\/\\\/www.ortungsgerate.de\\\/#website\",\"url\":\"https:\\\/\\\/www.ortungsgerate.de\\\/\",\"name\":\"Ortungsgerate.de\",\"description\":\"\",\"publisher\":{\"@id\":\"https:\\\/\\\/www.ortungsgerate.de\\\/#organization\"},\"potentialAction\":[{\"@type\":\"SearchAction\",\"target\":{\"@type\":\"EntryPoint\",\"urlTemplate\":\"https:\\\/\\\/www.ortungsgerate.de\\\/?s={search_term_string}\"},\"query-input\":{\"@type\":\"PropertyValueSpecification\",\"valueRequired\":true,\"valueName\":\"search_term_string\"}}],\"inLanguage\":\"ru-RU\"},{\"@type\":\"Organization\",\"@id\":\"https:\\\/\\\/www.ortungsgerate.de\\\/#organization\",\"name\":\"Ortungsgerate.de\",\"url\":\"https:\\\/\\\/www.ortungsgerate.de\\\/\",\"logo\":{\"@type\":\"ImageObject\",\"inLanguage\":\"ru-RU\",\"@id\":\"https:\\\/\\\/www.ortungsgerate.de\\\/#\\\/schema\\\/logo\\\/image\\\/\",\"url\":\"https:\\\/\\\/www.ortungsgerate.de\\\/wp-content\\\/uploads\\\/ortungsgerate.png\",\"contentUrl\":\"https:\\\/\\\/www.ortungsgerate.de\\\/wp-content\\\/uploads\\\/ortungsgerate.png\",\"width\":500,\"height\":135,\"caption\":\"Ortungsgerate.de\"},\"image\":{\"@id\":\"https:\\\/\\\/www.ortungsgerate.de\\\/#\\\/schema\\\/logo\\\/image\\\/\"}}]}<\/script>\n<!-- \/ Yoast SEO Premium plugin. -->","yoast_head_json":{"title":"GSM-Wanze anschlie\u00dfbar an eine Batterie von 12V bis 96V","description":"Die GSM-Wanze wird an eine direkte Stromquelle angeschlossen, z.\u202fB. an eine Autobatterie. Verf\u00fcgt \u00fcber R\u00fcckruf-Funktion und Silikonmikrofon. Gro\u00dfe Auswahl","robots":{"index":"index","follow":"follow","max-snippet":"max-snippet:-1","max-image-preview":"max-image-preview:large","max-video-preview":"max-video-preview:-1"},"canonical":"https:\/\/www.ortungsgerate.de\/ru\/16-proslushivayushcheye-oborudovaniye-2\/21-profesionalnoje-proslushivayushcheye-oborudovaniye\/podslushivayuschee-ustroystvo-rabotayuschee-nepreryvno-ot-12v\/","og_locale":"ru_RU","og_type":"article","og_title":"Abh\u00f6rwanze, die ununterbrochen ab 12V betrieben wird","og_description":"Die GSM-Wanze wird an eine direkte Stromquelle angeschlossen, z.\u202fB. an eine Autobatterie. Verf\u00fcgt \u00fcber R\u00fcckruf-Funktion und Silikonmikrofon. Gro\u00dfe Auswahl","og_url":"https:\/\/www.ortungsgerate.de\/ru\/16-proslushivayushcheye-oborudovaniye-2\/21-profesionalnoje-proslushivayushcheye-oborudovaniye\/podslushivayuschee-ustroystvo-rabotayuschee-nepreryvno-ot-12v\/","og_site_name":"Ortungsger\u00e4te.de","article_modified_time":"2025-11-26T17:01:36+00:00","og_image":[{"width":1000,"height":1000,"url":"https:\/\/www.ortungsgerate.de\/wp-content\/uploads\/pasiklausymo-blake-veikianti-nepertraukiamai-nuo-12v-4.jpg","type":"image\/jpeg"}],"twitter_card":"summary_large_image","twitter_misc":{"\u041f\u0440\u0438\u043c\u0435\u0440\u043d\u043e\u0435 \u0432\u0440\u0435\u043c\u044f \u0434\u043b\u044f \u0447\u0442\u0435\u043d\u0438\u044f":"1 \u043c\u0438\u043d\u0443\u0442\u0430"},"schema":{"@context":"https:\/\/schema.org","@graph":[{"@type":"WebPage","@id":"https:\/\/www.ortungsgerate.de\/16-abhoergeraete\/21-professionelle-abhoergeraete\/abhoerwanze-die-ununterbrochen-ab-12v-betrieben-wird\/","url":"https:\/\/www.ortungsgerate.de\/16-abhoergeraete\/21-professionelle-abhoergeraete\/abhoerwanze-die-ununterbrochen-ab-12v-betrieben-wird\/","name":"GSM-Wanze anschlie\u00dfbar an eine Batterie von 12V bis 96V","isPartOf":{"@id":"https:\/\/www.ortungsgerate.de\/#website"},"primaryImageOfPage":{"@id":"https:\/\/www.ortungsgerate.de\/16-abhoergeraete\/21-professionelle-abhoergeraete\/abhoerwanze-die-ununterbrochen-ab-12v-betrieben-wird\/#primaryimage"},"image":{"@id":"https:\/\/www.ortungsgerate.de\/16-abhoergeraete\/21-professionelle-abhoergeraete\/abhoerwanze-die-ununterbrochen-ab-12v-betrieben-wird\/#primaryimage"},"thumbnailUrl":"https:\/\/www.ortungsgerate.de\/wp-content\/uploads\/pasiklausymo-blake-veikianti-nepertraukiamai-nuo-12v-4.jpg","datePublished":"2024-02-06T19:38:11+00:00","dateModified":"2025-11-26T17:01:36+00:00","description":"Die GSM-Wanze wird an eine direkte Stromquelle angeschlossen, z.\u202fB. an eine Autobatterie. Verf\u00fcgt \u00fcber R\u00fcckruf-Funktion und Silikonmikrofon. Gro\u00dfe Auswahl","breadcrumb":{"@id":"https:\/\/www.ortungsgerate.de\/16-abhoergeraete\/21-professionelle-abhoergeraete\/abhoerwanze-die-ununterbrochen-ab-12v-betrieben-wird\/#breadcrumb"},"inLanguage":"ru-RU","potentialAction":[{"@type":"ReadAction","target":["https:\/\/www.ortungsgerate.de\/16-abhoergeraete\/21-professionelle-abhoergeraete\/abhoerwanze-die-ununterbrochen-ab-12v-betrieben-wird\/"]}]},{"@type":"ImageObject","inLanguage":"ru-RU","@id":"https:\/\/www.ortungsgerate.de\/16-abhoergeraete\/21-professionelle-abhoergeraete\/abhoerwanze-die-ununterbrochen-ab-12v-betrieben-wird\/#primaryimage","url":"https:\/\/www.ortungsgerate.de\/wp-content\/uploads\/pasiklausymo-blake-veikianti-nepertraukiamai-nuo-12v-4.jpg","contentUrl":"https:\/\/www.ortungsgerate.de\/wp-content\/uploads\/pasiklausymo-blake-veikianti-nepertraukiamai-nuo-12v-4.jpg","width":1000,"height":1000,"caption":"GSM Wanze, die an die Batterie angeschlossen wird"},{"@type":"BreadcrumbList","@id":"https:\/\/www.ortungsgerate.de\/16-abhoergeraete\/21-professionelle-abhoergeraete\/abhoerwanze-die-ununterbrochen-ab-12v-betrieben-wird\/#breadcrumb","itemListElement":[{"@type":"ListItem","position":1,"name":"Startseite","item":"https:\/\/www.ortungsgerate.de\/"},{"@type":"ListItem","position":2,"name":"Shop","item":"https:\/\/www.ortungsgerate.de\/shop\/"},{"@type":"ListItem","position":3,"name":"Abh\u00f6rwanze, die ununterbrochen ab 12V betrieben wird"}]},{"@type":"WebSite","@id":"https:\/\/www.ortungsgerate.de\/#website","url":"https:\/\/www.ortungsgerate.de\/","name":"Ortungsgerate.de","description":"","publisher":{"@id":"https:\/\/www.ortungsgerate.de\/#organization"},"potentialAction":[{"@type":"SearchAction","target":{"@type":"EntryPoint","urlTemplate":"https:\/\/www.ortungsgerate.de\/?s={search_term_string}"},"query-input":{"@type":"PropertyValueSpecification","valueRequired":true,"valueName":"search_term_string"}}],"inLanguage":"ru-RU"},{"@type":"Organization","@id":"https:\/\/www.ortungsgerate.de\/#organization","name":"Ortungsgerate.de","url":"https:\/\/www.ortungsgerate.de\/","logo":{"@type":"ImageObject","inLanguage":"ru-RU","@id":"https:\/\/www.ortungsgerate.de\/#\/schema\/logo\/image\/","url":"https:\/\/www.ortungsgerate.de\/wp-content\/uploads\/ortungsgerate.png","contentUrl":"https:\/\/www.ortungsgerate.de\/wp-content\/uploads\/ortungsgerate.png","width":500,"height":135,"caption":"Ortungsgerate.de"},"image":{"@id":"https:\/\/www.ortungsgerate.de\/#\/schema\/logo\/image\/"}}]}},"_links":{"self":[{"href":"https:\/\/www.ortungsgerate.de\/ru\/wp-json\/wp\/v2\/product\/16376","targetHints":{"allow":["GET"]}}],"collection":[{"href":"https:\/\/www.ortungsgerate.de\/ru\/wp-json\/wp\/v2\/product"}],"about":[{"href":"https:\/\/www.ortungsgerate.de\/ru\/wp-json\/wp\/v2\/types\/product"}],"version-history":[{"count":0,"href":"https:\/\/www.ortungsgerate.de\/ru\/wp-json\/wp\/v2\/product\/16376\/revisions"}],"wp:featuredmedia":[{"embeddable":true,"href":"https:\/\/www.ortungsgerate.de\/ru\/wp-json\/wp\/v2\/media\/27649"}],"wp:attachment":[{"href":"https:\/\/www.ortungsgerate.de\/ru\/wp-json\/wp\/v2\/media?parent=16376"}],"wp:term":[{"taxonomy":"brand","embeddable":true,"href":"https:\/\/www.ortungsgerate.de\/ru\/wp-json\/wp\/v2\/etheme_brands?post=16376"},{"taxonomy":"product_brand","embeddable":true,"href":"https:\/\/www.ortungsgerate.de\/ru\/wp-json\/wp\/v2\/product_brand?post=16376"},{"taxonomy":"product_cat","embeddable":true,"href":"https:\/\/www.ortungsgerate.de\/ru\/wp-json\/wp\/v2\/product_cat?post=16376"},{"taxonomy":"product_tag","embeddable":true,"href":"https:\/\/www.ortungsgerate.de\/ru\/wp-json\/wp\/v2\/product_tag?post=16376"}],"curies":[{"name":"wp","href":"https:\/\/api.w.org\/{rel}","templated":true}]}}