{"id":16377,"date":"2024-02-06T21:37:07","date_gmt":"2024-02-06T19:37:07","guid":{"rendered":"https:\/\/ortungsgerate.de\/be-kategorijos\/profesionalus-sekimo-irangos-detektorius-aptinka-1mhz-12000mhz\/"},"modified":"2025-11-26T19:07:36","modified_gmt":"2025-11-26T17:07:36","slug":"poiskovik-zhuchkov","status":"publish","type":"product","link":"https:\/\/www.ortungsgerate.de\/ru\/26-detektory-2\/poiskovik-zhuchkov\/","title":{"rendered":"\u041f\u0420\u041e\u0424\u0415\u0421\u0421\u0418\u041e\u041d\u0410\u041b\u042c\u041d\u042b\u0419 \u0434\u0435\u0442\u0435\u043a\u0442\u043e\u0440 \u0443\u0441\u0442\u0440\u043e\u0439\u0441\u0442\u0432 \u043d\u0430\u0431\u043b\u044e\u0434\u0435\u043d\u0438\u044f \u043e\u0431\u043d\u0430\u0440\u0443\u0436\u0438\u0432\u0430\u0435\u0442 1 mHz \u2013 12000 mHz"},"content":{"rendered":"<h3><strong>\u0422\u0435\u0445\u043d\u0438\u0447\u0435\u0441\u043a\u0438\u0435 \u043f\u0430\u0440\u0430\u043c\u0435\u0442\u0440\u044b:<\/strong><\/h3>\n<ul>\n<li>Erfassbarer Frequenzbereich 1MHz-12000MHz<\/li>\n<li>Erfassbare Signale: GSM, WIFI BT, FM, VHF, UH<\/li>\n<li>Dynamische Suche: &gt;73Db<\/li>\n<li>Erfassungsempfindlichkeit: \u22640,03mw<\/li>\n<li>Aufsp\u00fcren versteckter Kameras: JA<\/li>\n<li>2,4GHZ-Wi-Fi-Kameras: Raum 25 m\u00b2 (Standardkamera 10mW)<\/li>\n<li>1,2GHZ-Wi-Fi-Kameras: Raum 25 m\u00b2 (Standardkamera 10mW)<\/li>\n<li>Mobiltelefonsignale: 2G, 3G, 4G: 5-25 m\u00b2 in Innenr\u00e4umen<\/li>\n<li>Empfindlichkeit der Magneterkennung: 50mm-150mm<\/li>\n<li>Alarm: LED und akustisch<\/li>\n<li>\u0414\u0435\u0442\u0435\u043a\u0442\u043e\u0440 \u0441\u043a\u0440\u044b\u0442\u044b\u0445 \u043a\u0430\u043c\u0435\u0440<\/li>\n<li>\u0418\u043d\u0434\u0438\u043a\u0430\u0442\u043e\u0440 \u0441\u0438\u043b\u044b \u0441\u0438\u0433\u043d\u0430\u043b\u0430: 4 \u0434\u0438\u043e\u0434\u0430<\/li>\n<li>Zus\u00e4tzliche Eigenschaften: Antenne (abnehmbar)<\/li>\n<li>Zus\u00e4tzliche Eigenschaften: Antenne zur Magneterkennung<\/li>\n<li>Erfassungsbereich: 5cm bis 10 m<\/li>\n<li>\u0420\u0435\u0433\u0443\u043b\u0438\u0440\u043e\u0432\u043a\u0430 \u0447\u0443\u0432\u0441\u0442\u0432\u0438\u0442\u0435\u043b\u044c\u043d\u043e\u0441\u0442\u0438: \u0414\u0410<\/li>\n<li>Stromversorgung: interne wiederaufladbare Batterie 1500Mah<\/li>\n<li>Geh\u00e4use: Metall<\/li>\n<li>Gr\u00f6\u00dfe: 125 mm x 52,5mm x 21,5 mm<\/li>\n<li>Gewicht: 145gr<\/li>\n<li>\u0426\u0432\u0435\u0442: \u0447\u0435\u0440\u043d\u044b\u0439<\/li>\n<li>Lieferumfang: Detektor, Benutzerhandbuch, Originalverpackung<\/li>\n<li><strong>\u0413\u0410\u0420\u0410\u041d\u0422\u0418\u042f 12 \u043c\u0435\u0441\u044f\u0446\u0435\u0432<\/strong><\/li>\n<\/ul>\n<p><span style=\"color: #d0121a;\"><\/span><\/p>\n<p><strong>ACHTUNG: Der Detektor erkennt nur eingeschaltete Ger\u00e4te (GSM, GPS, WANZEN, Wi-Fi)<\/strong><\/p>\n<p><strong><span lang=\"lt\">PROFESIONELLER <a href=\"https:\/\/www.ortungsgerate.de\/ru\/26-detektory-2\/\">Wanzendetektor<\/a> f\u00fcr \u00dcberwachungstechnik (erkennt 1mHz \u2013 12000 mHz)<\/span><\/strong><\/p>\n<p><span lang=\"lt\">Das Aufsp\u00fcren von \u00dcberwachungsger\u00e4ten erm\u00f6glicht es stets, Verletzungen der Privatsph\u00e4re zu vermeiden, daher ist es nicht verwunderlich, dass diese Ausr\u00fcstung auf immer gr\u00f6\u00dferes Interesse st\u00f6\u00dft. Ein professioneller Detektor f\u00fcr \u00dcberwachungstechnik erm\u00f6glicht es, verschiedenste getarnte Ger\u00e4te schnell und effizient zu lokalisieren, sodass Sie eine Aufzeichnung oder Videoaufnahme Ihrer Gespr\u00e4che vermeiden k\u00f6nnen. Situationen, in denen ein Detektor f\u00fcr \u00dcberwachungstechnik n\u00fctzlich sein kann, gibt es wirklich viele. Lassen Sie nicht zu, dass Ihre Privatsph\u00e4re verletzt wird, und testen Sie dieses professionelle Ger\u00e4t.<\/span><\/p>\n<p><strong><span lang=\"lt\">Erkennung verschiedener Ger\u00e4te<\/span><\/strong><\/p>\n<p><span lang=\"lt\">Der professionelle Detektor f\u00fcr \u00dcberwachungstechnik erkennt GSM-, WIFI BT-, FM-, VHF- und UH-Signale, und der Frequenzbereich ist sehr breit (von 1MHz bis 12000MHz). Dieses Ger\u00e4t zeichnet sich durch eine besonders hohe Empfindlichkeit (\u22640,03mw) aus, sodass Sie sicher sein k\u00f6nnen, dass Sie verschiedenste verdeckte Technik ohne Schwierigkeiten finden k\u00f6nnen. Vorteilhaft ist auch, dass dieser professionelle Detektor f\u00fcr \u00dcberwachungstechnik Magnete erkennt, mit denen Wanzen oder andere \u00dcberwachungsger\u00e4te h\u00e4ufig befestigt werden. Detektoren f\u00fcr verdeckte Technik k\u00f6nnen nur eingeschaltete Ger\u00e4te erkennen, daher haben Sie bessere Chancen, auch solche Ger\u00e4te aufzusp\u00fcren.<\/span><\/p>\n<p><strong><span lang=\"lt\">Einfache Bedienung des Detektors<\/span><\/strong><\/p>\n<p><span lang=\"lt\">Die Nutzung des professionellen Detektors f\u00fcr \u00dcberwachungstechnik ist sehr einfach: Sie m\u00fcssen das Ger\u00e4t lediglich einschalten und die R\u00e4umlichkeiten abgehen. Es ist wichtig zu wissen, dass einige verdeckte Ger\u00e4te im Standby-Modus arbeiten k\u00f6nnen, daher k\u00f6nnen L\u00e4rm oder Bewegung sie \u201eaufwecken\u201c. \u00dcber gefundene Ger\u00e4te werden Sie mittels LED- und akustischem Signal informiert, sodass Sie entsprechende Ma\u00dfnahmen ergreifen k\u00f6nnen. Dieser professionelle Detektor erkennt verschiedene verdeckte Ger\u00e4te in einer Entfernung von 5 cm bis 10 m, daher finden Sie unterschiedlichste \u00dcberwachungstechnik m\u00fchelos auch in relativ gro\u00dfen R\u00e4umen.<\/span><\/p>\n<p><strong><span lang=\"lt\">Weitere Ger\u00e4teeigenschaften<\/span><\/strong><\/p>\n<p><span lang=\"lt\">Der professionelle Detektor f\u00fcr \u00dcberwachungstechnik ist kompakt (125 mm x 52,5mm x 21,5 mm) und wiegt ohne Batterie lediglich 145 Gramm. Der Detektor verf\u00fcgt \u00fcber einen integrierten wiederaufladbaren 1500 mAh Akku, eine abnehmbare Antenne sowie eine zus\u00e4tzliche Antenne zur Magneterkennung (Empfindlichkeit der Magneterkennung 50-150 mm). Das Geh\u00e4use des Ger\u00e4ts ist aus Metall gefertigt (schwarze Farbe).<\/span><\/p>\n<p><strong><span lang=\"lt\">Lieferumfang des Detektors<\/span><\/strong><\/p>\n<p><span lang=\"lt\">Zum Lieferumfang des professionellen Detektors f\u00fcr \u00dcberwachungstechnik geh\u00f6ren ein <a href=\"https:\/\/www.ortungsgerate.de\/ru\/26-detektory-2\/\">\u041f\u043e\u0438\u0441\u043a\u043e\u0432\u0438\u043a \u0436\u0443\u0447\u043a\u043e\u0432<\/a> f\u00fcr verdeckte Ger\u00e4te, eine Bedienungsanleitung sowie die Originalverpackung. F\u00fcr dieses Produkt gilt eine Garantie innerhalb der vorgesehenen Frist, sodass Sie im Falle eines Defekts innerhalb dieses Zeitraums die Reparatur v\u00f6llig kostenlos in Anspruch nehmen k\u00f6nnen.<\/span><\/p>","protected":false},"excerpt":{"rendered":"<p>Technische Parameter: Erfassbarer Frequenzbereich 1MHz-12000MHz Erfassbare Signale: GSM, WIFI BT, FM, VHF, UH Dynamische Suche: &gt;73Db Erfassungsempfindlichkeit: \u22640,03mw Aufsp\u00fcren versteckter Kameras: JA 2,4GHZ-Wi-Fi-Kameras: Raum 25&#8230;<\/p>","protected":false},"featured_media":1606,"template":"","meta":[],"etheme_brands":[],"product_brand":[],"product_cat":[215],"product_tag":[],"class_list":{"0":"post-16377","1":"product","2":"type-product","3":"status-publish","4":"has-post-thumbnail","6":"product_cat-26-detektoren","8":"first","9":"instock","10":"taxable","11":"shipping-taxable","12":"purchasable","13":"product-type-simple"},"yoast_head":"<!-- This site is optimized with the Yoast SEO Premium plugin v25.9 (Yoast SEO v27.4) - https:\/\/yoast.com\/product\/yoast-seo-premium-wordpress\/ -->\n<title>Professioneller Wanzen- und versteckte Kameras-Detektor erkennt: GPS GSM WI FI<\/title>\n<meta name=\"description\" content=\"Detektor von h\u00f6chster Qualit\u00e4t, erkennt GSM-Telefone, GPS Tracking Ger\u00e4te sowie versteckte Kameras mit WI fi. M\u00f6glichkeit, automatisch Tracking Ger\u00e4te zu erkennen\" \/>\n<meta name=\"robots\" content=\"index, follow, max-snippet:-1, max-image-preview:large, max-video-preview:-1\" \/>\n<link rel=\"canonical\" href=\"https:\/\/www.ortungsgerate.de\/ru\/26-detektory-2\/poiskovik-zhuchkov\/\" \/>\n<meta property=\"og:locale\" content=\"ru_RU\" \/>\n<meta property=\"og:type\" content=\"article\" \/>\n<meta property=\"og:title\" content=\"PROFESSIONELLER Detektor f\u00fcr \u00dcberwachungsger\u00e4te erkennt 1 mHz - 12000 mHz\" \/>\n<meta property=\"og:description\" content=\"Detektor von h\u00f6chster Qualit\u00e4t, erkennt GSM-Telefone, GPS Tracking Ger\u00e4te sowie versteckte Kameras mit WI fi. M\u00f6glichkeit, automatisch Tracking Ger\u00e4te zu erkennen\" \/>\n<meta property=\"og:url\" content=\"https:\/\/www.ortungsgerate.de\/ru\/26-detektory-2\/poiskovik-zhuchkov\/\" \/>\n<meta property=\"og:site_name\" content=\"Ortungsger\u00e4te.de\" \/>\n<meta property=\"article:modified_time\" content=\"2025-11-26T17:07:36+00:00\" \/>\n<meta property=\"og:image\" content=\"https:\/\/www.ortungsgerate.de\/wp-content\/uploads\/sekimo-irangos-detektorius-aptinka-gps-gsm-wi-fi-kameras-magnetus.jpg\" \/>\n\t<meta property=\"og:image:width\" content=\"1000\" \/>\n\t<meta property=\"og:image:height\" content=\"1000\" \/>\n\t<meta property=\"og:image:type\" content=\"image\/jpeg\" \/>\n<meta name=\"twitter:card\" content=\"summary_large_image\" \/>\n<meta name=\"twitter:label1\" content=\"\u041f\u0440\u0438\u043c\u0435\u0440\u043d\u043e\u0435 \u0432\u0440\u0435\u043c\u044f \u0434\u043b\u044f \u0447\u0442\u0435\u043d\u0438\u044f\" \/>\n\t<meta name=\"twitter:data1\" content=\"3 \u043c\u0438\u043d\u0443\u0442\u044b\" \/>\n<script type=\"application\/ld+json\" class=\"yoast-schema-graph\">{\"@context\":\"https:\\\/\\\/schema.org\",\"@graph\":[{\"@type\":\"WebPage\",\"@id\":\"https:\\\/\\\/www.ortungsgerate.de\\\/26-detektoren\\\/professioneller-detektor-fuer-ueberwachungsgeraete-erkennt-1-mhz-12000-mhz\\\/\",\"url\":\"https:\\\/\\\/www.ortungsgerate.de\\\/26-detektoren\\\/professioneller-detektor-fuer-ueberwachungsgeraete-erkennt-1-mhz-12000-mhz\\\/\",\"name\":\"Professioneller Wanzen- und versteckte Kameras-Detektor erkennt: GPS GSM WI FI\",\"isPartOf\":{\"@id\":\"https:\\\/\\\/www.ortungsgerate.de\\\/#website\"},\"primaryImageOfPage\":{\"@id\":\"https:\\\/\\\/www.ortungsgerate.de\\\/26-detektoren\\\/professioneller-detektor-fuer-ueberwachungsgeraete-erkennt-1-mhz-12000-mhz\\\/#primaryimage\"},\"image\":{\"@id\":\"https:\\\/\\\/www.ortungsgerate.de\\\/26-detektoren\\\/professioneller-detektor-fuer-ueberwachungsgeraete-erkennt-1-mhz-12000-mhz\\\/#primaryimage\"},\"thumbnailUrl\":\"https:\\\/\\\/www.ortungsgerate.de\\\/wp-content\\\/uploads\\\/sekimo-irangos-detektorius-aptinka-gps-gsm-wi-fi-kameras-magnetus.jpg\",\"datePublished\":\"2024-02-06T19:37:07+00:00\",\"dateModified\":\"2025-11-26T17:07:36+00:00\",\"description\":\"Detektor von h\u00f6chster Qualit\u00e4t, erkennt GSM-Telefone, GPS Tracking Ger\u00e4te sowie versteckte Kameras mit WI fi. M\u00f6glichkeit, automatisch Tracking Ger\u00e4te zu erkennen\",\"breadcrumb\":{\"@id\":\"https:\\\/\\\/www.ortungsgerate.de\\\/26-detektoren\\\/professioneller-detektor-fuer-ueberwachungsgeraete-erkennt-1-mhz-12000-mhz\\\/#breadcrumb\"},\"inLanguage\":\"ru-RU\",\"potentialAction\":[{\"@type\":\"ReadAction\",\"target\":[\"https:\\\/\\\/www.ortungsgerate.de\\\/26-detektoren\\\/professioneller-detektor-fuer-ueberwachungsgeraete-erkennt-1-mhz-12000-mhz\\\/\"]}]},{\"@type\":\"ImageObject\",\"inLanguage\":\"ru-RU\",\"@id\":\"https:\\\/\\\/www.ortungsgerate.de\\\/26-detektoren\\\/professioneller-detektor-fuer-ueberwachungsgeraete-erkennt-1-mhz-12000-mhz\\\/#primaryimage\",\"url\":\"https:\\\/\\\/www.ortungsgerate.de\\\/wp-content\\\/uploads\\\/sekimo-irangos-detektorius-aptinka-gps-gsm-wi-fi-kameras-magnetus.jpg\",\"contentUrl\":\"https:\\\/\\\/www.ortungsgerate.de\\\/wp-content\\\/uploads\\\/sekimo-irangos-detektorius-aptinka-gps-gsm-wi-fi-kameras-magnetus.jpg\",\"width\":1000,\"height\":1000,\"caption\":\"Der Detektor f\u00fcr \u00dcberwachungsausr\u00fcstung erkennt \u2013 GPS | GSM | Wi-Fi | KAMERAS | Magnete\"},{\"@type\":\"BreadcrumbList\",\"@id\":\"https:\\\/\\\/www.ortungsgerate.de\\\/26-detektoren\\\/professioneller-detektor-fuer-ueberwachungsgeraete-erkennt-1-mhz-12000-mhz\\\/#breadcrumb\",\"itemListElement\":[{\"@type\":\"ListItem\",\"position\":1,\"name\":\"Startseite\",\"item\":\"https:\\\/\\\/www.ortungsgerate.de\\\/\"},{\"@type\":\"ListItem\",\"position\":2,\"name\":\"Shop\",\"item\":\"https:\\\/\\\/www.ortungsgerate.de\\\/shop\\\/\"},{\"@type\":\"ListItem\",\"position\":3,\"name\":\"PROFESSIONELLER Detektor f\u00fcr \u00dcberwachungsger\u00e4te erkennt 1 mHz &#8211; 12000 mHz\"}]},{\"@type\":\"WebSite\",\"@id\":\"https:\\\/\\\/www.ortungsgerate.de\\\/#website\",\"url\":\"https:\\\/\\\/www.ortungsgerate.de\\\/\",\"name\":\"Ortungsgerate.de\",\"description\":\"\",\"publisher\":{\"@id\":\"https:\\\/\\\/www.ortungsgerate.de\\\/#organization\"},\"potentialAction\":[{\"@type\":\"SearchAction\",\"target\":{\"@type\":\"EntryPoint\",\"urlTemplate\":\"https:\\\/\\\/www.ortungsgerate.de\\\/?s={search_term_string}\"},\"query-input\":{\"@type\":\"PropertyValueSpecification\",\"valueRequired\":true,\"valueName\":\"search_term_string\"}}],\"inLanguage\":\"ru-RU\"},{\"@type\":\"Organization\",\"@id\":\"https:\\\/\\\/www.ortungsgerate.de\\\/#organization\",\"name\":\"Ortungsgerate.de\",\"url\":\"https:\\\/\\\/www.ortungsgerate.de\\\/\",\"logo\":{\"@type\":\"ImageObject\",\"inLanguage\":\"ru-RU\",\"@id\":\"https:\\\/\\\/www.ortungsgerate.de\\\/#\\\/schema\\\/logo\\\/image\\\/\",\"url\":\"https:\\\/\\\/www.ortungsgerate.de\\\/wp-content\\\/uploads\\\/ortungsgerate.png\",\"contentUrl\":\"https:\\\/\\\/www.ortungsgerate.de\\\/wp-content\\\/uploads\\\/ortungsgerate.png\",\"width\":500,\"height\":135,\"caption\":\"Ortungsgerate.de\"},\"image\":{\"@id\":\"https:\\\/\\\/www.ortungsgerate.de\\\/#\\\/schema\\\/logo\\\/image\\\/\"}}]}<\/script>\n<!-- \/ Yoast SEO Premium plugin. -->","yoast_head_json":{"title":"Professioneller Wanzen- und versteckte Kameras-Detektor erkennt: GPS GSM WI FI","description":"Detektor von h\u00f6chster Qualit\u00e4t, erkennt GSM-Telefone, GPS Tracking Ger\u00e4te sowie versteckte Kameras mit WI fi. M\u00f6glichkeit, automatisch Tracking Ger\u00e4te zu erkennen","robots":{"index":"index","follow":"follow","max-snippet":"max-snippet:-1","max-image-preview":"max-image-preview:large","max-video-preview":"max-video-preview:-1"},"canonical":"https:\/\/www.ortungsgerate.de\/ru\/26-detektory-2\/poiskovik-zhuchkov\/","og_locale":"ru_RU","og_type":"article","og_title":"PROFESSIONELLER Detektor f\u00fcr \u00dcberwachungsger\u00e4te erkennt 1 mHz - 12000 mHz","og_description":"Detektor von h\u00f6chster Qualit\u00e4t, erkennt GSM-Telefone, GPS Tracking Ger\u00e4te sowie versteckte Kameras mit WI fi. M\u00f6glichkeit, automatisch Tracking Ger\u00e4te zu erkennen","og_url":"https:\/\/www.ortungsgerate.de\/ru\/26-detektory-2\/poiskovik-zhuchkov\/","og_site_name":"Ortungsger\u00e4te.de","article_modified_time":"2025-11-26T17:07:36+00:00","og_image":[{"width":1000,"height":1000,"url":"https:\/\/www.ortungsgerate.de\/wp-content\/uploads\/sekimo-irangos-detektorius-aptinka-gps-gsm-wi-fi-kameras-magnetus.jpg","type":"image\/jpeg"}],"twitter_card":"summary_large_image","twitter_misc":{"\u041f\u0440\u0438\u043c\u0435\u0440\u043d\u043e\u0435 \u0432\u0440\u0435\u043c\u044f \u0434\u043b\u044f \u0447\u0442\u0435\u043d\u0438\u044f":"3 \u043c\u0438\u043d\u0443\u0442\u044b"},"schema":{"@context":"https:\/\/schema.org","@graph":[{"@type":"WebPage","@id":"https:\/\/www.ortungsgerate.de\/26-detektoren\/professioneller-detektor-fuer-ueberwachungsgeraete-erkennt-1-mhz-12000-mhz\/","url":"https:\/\/www.ortungsgerate.de\/26-detektoren\/professioneller-detektor-fuer-ueberwachungsgeraete-erkennt-1-mhz-12000-mhz\/","name":"Professioneller Wanzen- und versteckte Kameras-Detektor erkennt: GPS GSM WI FI","isPartOf":{"@id":"https:\/\/www.ortungsgerate.de\/#website"},"primaryImageOfPage":{"@id":"https:\/\/www.ortungsgerate.de\/26-detektoren\/professioneller-detektor-fuer-ueberwachungsgeraete-erkennt-1-mhz-12000-mhz\/#primaryimage"},"image":{"@id":"https:\/\/www.ortungsgerate.de\/26-detektoren\/professioneller-detektor-fuer-ueberwachungsgeraete-erkennt-1-mhz-12000-mhz\/#primaryimage"},"thumbnailUrl":"https:\/\/www.ortungsgerate.de\/wp-content\/uploads\/sekimo-irangos-detektorius-aptinka-gps-gsm-wi-fi-kameras-magnetus.jpg","datePublished":"2024-02-06T19:37:07+00:00","dateModified":"2025-11-26T17:07:36+00:00","description":"Detektor von h\u00f6chster Qualit\u00e4t, erkennt GSM-Telefone, GPS Tracking Ger\u00e4te sowie versteckte Kameras mit WI fi. M\u00f6glichkeit, automatisch Tracking Ger\u00e4te zu erkennen","breadcrumb":{"@id":"https:\/\/www.ortungsgerate.de\/26-detektoren\/professioneller-detektor-fuer-ueberwachungsgeraete-erkennt-1-mhz-12000-mhz\/#breadcrumb"},"inLanguage":"ru-RU","potentialAction":[{"@type":"ReadAction","target":["https:\/\/www.ortungsgerate.de\/26-detektoren\/professioneller-detektor-fuer-ueberwachungsgeraete-erkennt-1-mhz-12000-mhz\/"]}]},{"@type":"ImageObject","inLanguage":"ru-RU","@id":"https:\/\/www.ortungsgerate.de\/26-detektoren\/professioneller-detektor-fuer-ueberwachungsgeraete-erkennt-1-mhz-12000-mhz\/#primaryimage","url":"https:\/\/www.ortungsgerate.de\/wp-content\/uploads\/sekimo-irangos-detektorius-aptinka-gps-gsm-wi-fi-kameras-magnetus.jpg","contentUrl":"https:\/\/www.ortungsgerate.de\/wp-content\/uploads\/sekimo-irangos-detektorius-aptinka-gps-gsm-wi-fi-kameras-magnetus.jpg","width":1000,"height":1000,"caption":"Der Detektor f\u00fcr \u00dcberwachungsausr\u00fcstung erkennt \u2013 GPS | GSM | Wi-Fi | KAMERAS | Magnete"},{"@type":"BreadcrumbList","@id":"https:\/\/www.ortungsgerate.de\/26-detektoren\/professioneller-detektor-fuer-ueberwachungsgeraete-erkennt-1-mhz-12000-mhz\/#breadcrumb","itemListElement":[{"@type":"ListItem","position":1,"name":"Startseite","item":"https:\/\/www.ortungsgerate.de\/"},{"@type":"ListItem","position":2,"name":"Shop","item":"https:\/\/www.ortungsgerate.de\/shop\/"},{"@type":"ListItem","position":3,"name":"PROFESSIONELLER Detektor f\u00fcr \u00dcberwachungsger\u00e4te erkennt 1 mHz &#8211; 12000 mHz"}]},{"@type":"WebSite","@id":"https:\/\/www.ortungsgerate.de\/#website","url":"https:\/\/www.ortungsgerate.de\/","name":"Ortungsgerate.de","description":"","publisher":{"@id":"https:\/\/www.ortungsgerate.de\/#organization"},"potentialAction":[{"@type":"SearchAction","target":{"@type":"EntryPoint","urlTemplate":"https:\/\/www.ortungsgerate.de\/?s={search_term_string}"},"query-input":{"@type":"PropertyValueSpecification","valueRequired":true,"valueName":"search_term_string"}}],"inLanguage":"ru-RU"},{"@type":"Organization","@id":"https:\/\/www.ortungsgerate.de\/#organization","name":"Ortungsgerate.de","url":"https:\/\/www.ortungsgerate.de\/","logo":{"@type":"ImageObject","inLanguage":"ru-RU","@id":"https:\/\/www.ortungsgerate.de\/#\/schema\/logo\/image\/","url":"https:\/\/www.ortungsgerate.de\/wp-content\/uploads\/ortungsgerate.png","contentUrl":"https:\/\/www.ortungsgerate.de\/wp-content\/uploads\/ortungsgerate.png","width":500,"height":135,"caption":"Ortungsgerate.de"},"image":{"@id":"https:\/\/www.ortungsgerate.de\/#\/schema\/logo\/image\/"}}]}},"_links":{"self":[{"href":"https:\/\/www.ortungsgerate.de\/ru\/wp-json\/wp\/v2\/product\/16377","targetHints":{"allow":["GET"]}}],"collection":[{"href":"https:\/\/www.ortungsgerate.de\/ru\/wp-json\/wp\/v2\/product"}],"about":[{"href":"https:\/\/www.ortungsgerate.de\/ru\/wp-json\/wp\/v2\/types\/product"}],"version-history":[{"count":0,"href":"https:\/\/www.ortungsgerate.de\/ru\/wp-json\/wp\/v2\/product\/16377\/revisions"}],"wp:featuredmedia":[{"embeddable":true,"href":"https:\/\/www.ortungsgerate.de\/ru\/wp-json\/wp\/v2\/media\/1606"}],"wp:attachment":[{"href":"https:\/\/www.ortungsgerate.de\/ru\/wp-json\/wp\/v2\/media?parent=16377"}],"wp:term":[{"taxonomy":"brand","embeddable":true,"href":"https:\/\/www.ortungsgerate.de\/ru\/wp-json\/wp\/v2\/etheme_brands?post=16377"},{"taxonomy":"product_brand","embeddable":true,"href":"https:\/\/www.ortungsgerate.de\/ru\/wp-json\/wp\/v2\/product_brand?post=16377"},{"taxonomy":"product_cat","embeddable":true,"href":"https:\/\/www.ortungsgerate.de\/ru\/wp-json\/wp\/v2\/product_cat?post=16377"},{"taxonomy":"product_tag","embeddable":true,"href":"https:\/\/www.ortungsgerate.de\/ru\/wp-json\/wp\/v2\/product_tag?post=16377"}],"curies":[{"name":"wp","href":"https:\/\/api.w.org\/{rel}","templated":true}]}}