{"id":16378,"date":"2024-02-06T21:38:11","date_gmt":"2024-02-06T19:38:11","guid":{"rendered":"https:\/\/ortungsgerate.de\/be-kategorijos\/gps-seklys-rele-galimybe-uzgesinti-varikli-su-variklio-blokavimu\/"},"modified":"2025-12-19T09:44:16","modified_gmt":"2025-12-19T08:44:16","slug":"gps-treker-rele-s-vozmozhnostyu-zaglushit-dvigatel-i-blokirovkoy-dvigatelya","status":"publish","type":"product","link":"https:\/\/www.ortungsgerate.de\/ru\/15-gps-treker\/gps-treker-rele-s-vozmozhnostyu-zaglushit-dvigatel-i-blokirovkoy-dvigatelya\/","title":{"rendered":"GPS-\u0442\u0440\u0435\u043a\u0435\u0440-\u0440\u0435\u043b\u0435 \u0441 \u0432\u043e\u0437\u043c\u043e\u0436\u043d\u043e\u0441\u0442\u044c\u044e \u0437\u0430\u0433\u043b\u0443\u0448\u0438\u0442\u044c \u0434\u0432\u0438\u0433\u0430\u0442\u0435\u043b\u044c \u0438 \u0431\u043b\u043e\u043a\u0438\u0440\u043e\u0432\u043a\u043e\u0439 \u0434\u0432\u0438\u0433\u0430\u0442\u0435\u043b\u044f"},"content":{"rendered":"<h3><strong>\u0422\u0435\u0445\u043d\u0438\u0447\u0435\u0441\u043a\u0438\u0435 \u043f\u0430\u0440\u0430\u043c\u0435\u0442\u0440\u044b:<\/strong><\/h3>\n<ul>\n<li>Netze: GSM \/ GPRS<\/li>\n<li>M\u00f6glichkeit, den Motor abzuschalten<\/li>\n<li>\u0415\u0432\u0440\u043e\u043f\u0435\u0439\u0441\u043a\u0438\u0439 \u0441\u0435\u0440\u0432\u0435\u0440<\/li>\n<li>SIM-Karte im Lieferumfang<\/li>\n<li>Sie erhalten das Ger\u00e4t vollst\u00e4ndig einsatzbereit<\/li>\n<li>Gewicht des GPS-Trackers ohne Verpackung: 35 g<\/li>\n<li>Abmessungen L\u00e4nge 35,7 cm x Breite 3,1 cm x St\u00e4rke 3,1 cm<\/li>\n<li>Unterst\u00fctzte Frequenzen: 850\/900\/1800\/1900 MHz<\/li>\n<li>GPS-Chipsatz: SIRF3-Chip<\/li>\n<li>GPS-Empfindlichkeit: 159 dBm<\/li>\n<li>GPS-Genauigkeit: bis zu 10 Meter<\/li>\n<li>Akku: 3,7 V 100 mAh<\/li>\n<li>Online-\u00dcberwachung: vorhanden<\/li>\n<li>Abh\u00f6ren von Gespr\u00e4chen \u2013 nein<\/li>\n<li>GSM-Abh\u00f6rfunktion: vorhanden<\/li>\n<li>\u0411\u0435\u0441\u043f\u043b\u0430\u0442\u043d\u044b\u0439 \u043e\u043d\u043b\u0430\u0439\u043d-\u043c\u043e\u043d\u0438\u0442\u043e\u0440\u0438\u043d\u0433<\/li>\n<li>Kostenlose Software zur \u00dcberwachung<\/li>\n<\/ul>\n<p><strong>\u041a\u043e\u043c\u043f\u043b\u0435\u043a\u0442\u0430\u0446\u0438\u044f:<\/strong><\/p>\n<ul>\n<li>GPS-\u0442\u0440\u0435\u043a\u0435\u0440;<\/li>\n<li>USB-\u043a\u0430\u0431\u0435\u043b\u044c<\/li>\n<li>Halterung<\/li>\n<li>\u0418\u043d\u0441\u0442\u0440\u0443\u043a\u0446\u0438\u044f \u043d\u0430 \u043b\u0438\u0442\u043e\u0432\u0441\u043a\u043e\u043c \u044f\u0437\u044b\u043a\u0435<\/li>\n<li>\u0414\u0430\u043d\u043d\u044b\u0435 \u0434\u043b\u044f \u0434\u043e\u0441\u0442\u0443\u043f\u0430 \u043a \u0430\u043a\u043a\u0430\u0443\u043d\u0442\u0443 (\u0438\u043c\u044f \u043f\u043e\u043b\u044c\u0437\u043e\u0432\u0430\u0442\u0435\u043b\u044f + \u043f\u0430\u0440\u043e\u043b\u044c)<\/li>\n<li><strong>\u0413\u0410\u0420\u0410\u041d\u0422\u0418\u042f 12 \u043c\u0435\u0441\u044f\u0446\u0435\u0432<\/strong><\/li>\n<\/ul>\n<p><span style=\"color: #d0121a;\"><\/span><\/p>\n<h3>Einsatzgebiet: F\u00fcr die Sicherheit Ihres Autos und Ihrer Wertsachen<\/h3>\n<p>Unser Angebot ist ein \u00e4u\u00dferst effektives Mittel, um die Sicherheit Ihres Fahrzeugs zu gew\u00e4hrleisten. Dieser <a href=\"https:\/\/www.ortungsgerate.de\/ru\/15-gps-treker\/\">GPS-\u0442\u0440\u0435\u043a\u0435\u0440<\/a> (GPS-Ortungsger\u00e4t), der in Ihr Fahrzeug eingebaut werden kann, bietet Ihnen zahlreiche n\u00fctzliche Funktionen.<\/p>\n<p>Eine der Hauptfunktionen ist die M\u00f6glichkeit, den Fahrzeugmotor aus der Ferne abzuschalten. Dies ist sehr hilfreich, wenn Sie die Nutzung des Fahrzeugs unterbinden m\u00fcssen, zum Beispiel wenn Ihr Auto gestohlen wurde oder wenn ein Kunde die Miete nicht bezahlt. Sie m\u00fcssen sich lediglich \u00fcber Ihr Mobiltelefon mit dem Ortungsger\u00e4t verbinden und eine Taste dr\u00fccken, um den Motor abzuschalten. Dies ist ein hervorragendes Mittel, um Ihr Eigentum zu sch\u00fctzen und eine missbr\u00e4uchliche Nutzung des Fahrzeugs zu verhindern.<\/p>\n<p>Dar\u00fcber hinaus eignet sich dieses Ger\u00e4t auch hervorragend f\u00fcr den Schutz Ihres eigenen Fahrzeugs. Es erm\u00f6glicht Ihnen, den Standort des Autos in Echtzeit \u00fcber Ihr Mobiltelefon zu verfolgen. So sind Sie stets \u00fcber den Aufenthaltsort des Fahrzeugs informiert und k\u00f6nnen es leicht finden, falls es gestohlen oder verloren wird. Dies gibt Ihnen ein gr\u00f6\u00dferes Gef\u00fchl der Sicherheit, da Sie Ihr Auto jederzeit problemlos verfolgen k\u00f6nnen.<\/p>\n<p>Die gesamte Ausr\u00fcstung wird f\u00fcr Sie einsatzbereit vorbereitet und entsprechend Ihren Anforderungen konfiguriert. Wir gew\u00e4hrleisten eine zuverl\u00e4ssige und effiziente L\u00f6sung, die hilft, die Sicherheit Ihres Fahrzeugs und Ihrer pers\u00f6nlichen Gegenst\u00e4nde zu gew\u00e4hrleisten.<\/p>\n<p>Mit diesem GPS-Tracker k\u00f6nnen Sie den Fahrzeugmotor aus der Ferne abschalten. Diese L\u00f6sung eignet sich hervorragend f\u00fcr Autovermietungen: Wenn der Kunde die Miete nicht bezahlt, k\u00f6nnen Sie den Motor aus der Ferne abstellen. Ebenso eignet sich das System perfekt f\u00fcr den Schutz Ihres eigenen Fahrzeugs. Sie erhalten die Ausr\u00fcstung vollst\u00e4ndig einsatzbereit.<\/p>","protected":false},"excerpt":{"rendered":"<p>Technische Parameter: Netze: GSM \/ GPRS M\u00f6glichkeit, den Motor abzuschalten Europ\u00e4ischer Server SIM-Karte im Lieferumfang Sie erhalten das Ger\u00e4t vollst\u00e4ndig einsatzbereit Gewicht des GPS-Trackers ohne&#8230;<\/p>","protected":false},"featured_media":2009,"template":"","meta":[],"etheme_brands":[],"product_brand":[],"product_cat":[213],"product_tag":[758],"class_list":{"0":"post-16378","1":"product","2":"type-product","3":"status-publish","4":"has-post-thumbnail","6":"product_cat-15-gps-ueberwachungsgeraete","7":"product_tag-gps-tracker-fuer-personen","8":"pa_typ-fuer-autos-fuer-motorraeder","9":"pa_typ-fuer-e-bikes-e-scooter","10":"pa_typ-fuer-landmaschinen","12":"first","13":"instock","14":"sale","15":"taxable","16":"shipping-taxable","17":"purchasable","18":"product-type-simple"},"yoast_head":"<!-- This site is optimized with the Yoast SEO Premium plugin v25.9 (Yoast SEO v27.4) - https:\/\/yoast.com\/product\/yoast-seo-premium-wordpress\/ -->\n<title>GPS-Tracker mit Motorblockierung KOSTENLOSER EU-Server<\/title>\n<meta name=\"description\" content=\"GPS Tracker mit Motorblockierung. EU-Server, Genauigkeit bis zu 5 Metern. GPS Tracker wird direkt an die Fahrzeugbatterie angeschlossen. Kostenlose SIM-Karte mit Internet.\" \/>\n<meta name=\"robots\" content=\"index, follow, max-snippet:-1, max-image-preview:large, max-video-preview:-1\" \/>\n<link rel=\"canonical\" href=\"https:\/\/www.ortungsgerate.de\/ru\/15-gps-treker\/gps-treker-rele-s-vozmozhnostyu-zaglushit-dvigatel-i-blokirovkoy-dvigatelya\/\" \/>\n<meta property=\"og:locale\" content=\"ru_RU\" \/>\n<meta property=\"og:type\" content=\"article\" \/>\n<meta property=\"og:title\" content=\"GPS-Tracker-Relais mit der M\u00f6glichkeit, den Motor abzustellen und mit Motorblockierung\" \/>\n<meta property=\"og:description\" content=\"GPS Tracker mit Motorblockierung. EU-Server, Genauigkeit bis zu 5 Metern. GPS Tracker wird direkt an die Fahrzeugbatterie angeschlossen. Kostenlose SIM-Karte mit Internet.\" \/>\n<meta property=\"og:url\" content=\"https:\/\/www.ortungsgerate.de\/ru\/15-gps-treker\/gps-treker-rele-s-vozmozhnostyu-zaglushit-dvigatel-i-blokirovkoy-dvigatelya\/\" \/>\n<meta property=\"og:site_name\" content=\"Ortungsger\u00e4te.de\" \/>\n<meta property=\"article:modified_time\" content=\"2025-12-19T08:44:16+00:00\" \/>\n<meta property=\"og:image\" content=\"https:\/\/www.ortungsgerate.de\/wp-content\/uploads\/gps-seklys-rele-su-galimybe-uzgesinti-varikli.jpg\" \/>\n\t<meta property=\"og:image:width\" content=\"660\" \/>\n\t<meta property=\"og:image:height\" content=\"513\" \/>\n\t<meta property=\"og:image:type\" content=\"image\/jpeg\" \/>\n<meta name=\"twitter:card\" content=\"summary_large_image\" \/>\n<meta name=\"twitter:label1\" content=\"\u041f\u0440\u0438\u043c\u0435\u0440\u043d\u043e\u0435 \u0432\u0440\u0435\u043c\u044f \u0434\u043b\u044f \u0447\u0442\u0435\u043d\u0438\u044f\" \/>\n\t<meta name=\"twitter:data1\" content=\"3 \u043c\u0438\u043d\u0443\u0442\u044b\" \/>\n<script type=\"application\/ld+json\" class=\"yoast-schema-graph\">{\"@context\":\"https:\\\/\\\/schema.org\",\"@graph\":[{\"@type\":\"WebPage\",\"@id\":\"https:\\\/\\\/www.ortungsgerate.de\\\/15-gps-ueberwachungsgeraete\\\/gps-tracker-relais-mit-der-moeglichkeit-den-motor-abzustellen-und-mit-motorblockierung\\\/\",\"url\":\"https:\\\/\\\/www.ortungsgerate.de\\\/15-gps-ueberwachungsgeraete\\\/gps-tracker-relais-mit-der-moeglichkeit-den-motor-abzustellen-und-mit-motorblockierung\\\/\",\"name\":\"GPS-Tracker mit Motorblockierung KOSTENLOSER EU-Server\",\"isPartOf\":{\"@id\":\"https:\\\/\\\/www.ortungsgerate.de\\\/#website\"},\"primaryImageOfPage\":{\"@id\":\"https:\\\/\\\/www.ortungsgerate.de\\\/15-gps-ueberwachungsgeraete\\\/gps-tracker-relais-mit-der-moeglichkeit-den-motor-abzustellen-und-mit-motorblockierung\\\/#primaryimage\"},\"image\":{\"@id\":\"https:\\\/\\\/www.ortungsgerate.de\\\/15-gps-ueberwachungsgeraete\\\/gps-tracker-relais-mit-der-moeglichkeit-den-motor-abzustellen-und-mit-motorblockierung\\\/#primaryimage\"},\"thumbnailUrl\":\"https:\\\/\\\/www.ortungsgerate.de\\\/wp-content\\\/uploads\\\/gps-seklys-rele-su-galimybe-uzgesinti-varikli.jpg\",\"datePublished\":\"2024-02-06T19:38:11+00:00\",\"dateModified\":\"2025-12-19T08:44:16+00:00\",\"description\":\"GPS Tracker mit Motorblockierung. EU-Server, Genauigkeit bis zu 5 Metern. GPS Tracker wird direkt an die Fahrzeugbatterie angeschlossen. Kostenlose SIM-Karte mit Internet.\",\"breadcrumb\":{\"@id\":\"https:\\\/\\\/www.ortungsgerate.de\\\/15-gps-ueberwachungsgeraete\\\/gps-tracker-relais-mit-der-moeglichkeit-den-motor-abzustellen-und-mit-motorblockierung\\\/#breadcrumb\"},\"inLanguage\":\"ru-RU\",\"potentialAction\":[{\"@type\":\"ReadAction\",\"target\":[\"https:\\\/\\\/www.ortungsgerate.de\\\/15-gps-ueberwachungsgeraete\\\/gps-tracker-relais-mit-der-moeglichkeit-den-motor-abzustellen-und-mit-motorblockierung\\\/\"]}]},{\"@type\":\"ImageObject\",\"inLanguage\":\"ru-RU\",\"@id\":\"https:\\\/\\\/www.ortungsgerate.de\\\/15-gps-ueberwachungsgeraete\\\/gps-tracker-relais-mit-der-moeglichkeit-den-motor-abzustellen-und-mit-motorblockierung\\\/#primaryimage\",\"url\":\"https:\\\/\\\/www.ortungsgerate.de\\\/wp-content\\\/uploads\\\/gps-seklys-rele-su-galimybe-uzgesinti-varikli.jpg\",\"contentUrl\":\"https:\\\/\\\/www.ortungsgerate.de\\\/wp-content\\\/uploads\\\/gps-seklys-rele-su-galimybe-uzgesinti-varikli.jpg\",\"width\":660,\"height\":513,\"caption\":\"GPS-Tracker mit Motorblockierung\"},{\"@type\":\"BreadcrumbList\",\"@id\":\"https:\\\/\\\/www.ortungsgerate.de\\\/15-gps-ueberwachungsgeraete\\\/gps-tracker-relais-mit-der-moeglichkeit-den-motor-abzustellen-und-mit-motorblockierung\\\/#breadcrumb\",\"itemListElement\":[{\"@type\":\"ListItem\",\"position\":1,\"name\":\"Startseite\",\"item\":\"https:\\\/\\\/www.ortungsgerate.de\\\/\"},{\"@type\":\"ListItem\",\"position\":2,\"name\":\"Shop\",\"item\":\"https:\\\/\\\/www.ortungsgerate.de\\\/shop\\\/\"},{\"@type\":\"ListItem\",\"position\":3,\"name\":\"GPS-Tracker-Relais mit der M\u00f6glichkeit, den Motor abzustellen und mit Motorblockierung\"}]},{\"@type\":\"WebSite\",\"@id\":\"https:\\\/\\\/www.ortungsgerate.de\\\/#website\",\"url\":\"https:\\\/\\\/www.ortungsgerate.de\\\/\",\"name\":\"Ortungsgerate.de\",\"description\":\"\",\"publisher\":{\"@id\":\"https:\\\/\\\/www.ortungsgerate.de\\\/#organization\"},\"potentialAction\":[{\"@type\":\"SearchAction\",\"target\":{\"@type\":\"EntryPoint\",\"urlTemplate\":\"https:\\\/\\\/www.ortungsgerate.de\\\/?s={search_term_string}\"},\"query-input\":{\"@type\":\"PropertyValueSpecification\",\"valueRequired\":true,\"valueName\":\"search_term_string\"}}],\"inLanguage\":\"ru-RU\"},{\"@type\":\"Organization\",\"@id\":\"https:\\\/\\\/www.ortungsgerate.de\\\/#organization\",\"name\":\"Ortungsgerate.de\",\"url\":\"https:\\\/\\\/www.ortungsgerate.de\\\/\",\"logo\":{\"@type\":\"ImageObject\",\"inLanguage\":\"ru-RU\",\"@id\":\"https:\\\/\\\/www.ortungsgerate.de\\\/#\\\/schema\\\/logo\\\/image\\\/\",\"url\":\"https:\\\/\\\/www.ortungsgerate.de\\\/wp-content\\\/uploads\\\/ortungsgerate.png\",\"contentUrl\":\"https:\\\/\\\/www.ortungsgerate.de\\\/wp-content\\\/uploads\\\/ortungsgerate.png\",\"width\":500,\"height\":135,\"caption\":\"Ortungsgerate.de\"},\"image\":{\"@id\":\"https:\\\/\\\/www.ortungsgerate.de\\\/#\\\/schema\\\/logo\\\/image\\\/\"}}]}<\/script>\n<!-- \/ Yoast SEO Premium plugin. -->","yoast_head_json":{"title":"GPS-Tracker mit Motorblockierung KOSTENLOSER EU-Server","description":"GPS Tracker mit Motorblockierung. EU-Server, Genauigkeit bis zu 5 Metern. GPS Tracker wird direkt an die Fahrzeugbatterie angeschlossen. Kostenlose SIM-Karte mit Internet.","robots":{"index":"index","follow":"follow","max-snippet":"max-snippet:-1","max-image-preview":"max-image-preview:large","max-video-preview":"max-video-preview:-1"},"canonical":"https:\/\/www.ortungsgerate.de\/ru\/15-gps-treker\/gps-treker-rele-s-vozmozhnostyu-zaglushit-dvigatel-i-blokirovkoy-dvigatelya\/","og_locale":"ru_RU","og_type":"article","og_title":"GPS-Tracker-Relais mit der M\u00f6glichkeit, den Motor abzustellen und mit Motorblockierung","og_description":"GPS Tracker mit Motorblockierung. EU-Server, Genauigkeit bis zu 5 Metern. GPS Tracker wird direkt an die Fahrzeugbatterie angeschlossen. Kostenlose SIM-Karte mit Internet.","og_url":"https:\/\/www.ortungsgerate.de\/ru\/15-gps-treker\/gps-treker-rele-s-vozmozhnostyu-zaglushit-dvigatel-i-blokirovkoy-dvigatelya\/","og_site_name":"Ortungsger\u00e4te.de","article_modified_time":"2025-12-19T08:44:16+00:00","og_image":[{"width":660,"height":513,"url":"https:\/\/www.ortungsgerate.de\/wp-content\/uploads\/gps-seklys-rele-su-galimybe-uzgesinti-varikli.jpg","type":"image\/jpeg"}],"twitter_card":"summary_large_image","twitter_misc":{"\u041f\u0440\u0438\u043c\u0435\u0440\u043d\u043e\u0435 \u0432\u0440\u0435\u043c\u044f \u0434\u043b\u044f \u0447\u0442\u0435\u043d\u0438\u044f":"3 \u043c\u0438\u043d\u0443\u0442\u044b"},"schema":{"@context":"https:\/\/schema.org","@graph":[{"@type":"WebPage","@id":"https:\/\/www.ortungsgerate.de\/15-gps-ueberwachungsgeraete\/gps-tracker-relais-mit-der-moeglichkeit-den-motor-abzustellen-und-mit-motorblockierung\/","url":"https:\/\/www.ortungsgerate.de\/15-gps-ueberwachungsgeraete\/gps-tracker-relais-mit-der-moeglichkeit-den-motor-abzustellen-und-mit-motorblockierung\/","name":"GPS-Tracker mit Motorblockierung KOSTENLOSER EU-Server","isPartOf":{"@id":"https:\/\/www.ortungsgerate.de\/#website"},"primaryImageOfPage":{"@id":"https:\/\/www.ortungsgerate.de\/15-gps-ueberwachungsgeraete\/gps-tracker-relais-mit-der-moeglichkeit-den-motor-abzustellen-und-mit-motorblockierung\/#primaryimage"},"image":{"@id":"https:\/\/www.ortungsgerate.de\/15-gps-ueberwachungsgeraete\/gps-tracker-relais-mit-der-moeglichkeit-den-motor-abzustellen-und-mit-motorblockierung\/#primaryimage"},"thumbnailUrl":"https:\/\/www.ortungsgerate.de\/wp-content\/uploads\/gps-seklys-rele-su-galimybe-uzgesinti-varikli.jpg","datePublished":"2024-02-06T19:38:11+00:00","dateModified":"2025-12-19T08:44:16+00:00","description":"GPS Tracker mit Motorblockierung. EU-Server, Genauigkeit bis zu 5 Metern. GPS Tracker wird direkt an die Fahrzeugbatterie angeschlossen. Kostenlose SIM-Karte mit Internet.","breadcrumb":{"@id":"https:\/\/www.ortungsgerate.de\/15-gps-ueberwachungsgeraete\/gps-tracker-relais-mit-der-moeglichkeit-den-motor-abzustellen-und-mit-motorblockierung\/#breadcrumb"},"inLanguage":"ru-RU","potentialAction":[{"@type":"ReadAction","target":["https:\/\/www.ortungsgerate.de\/15-gps-ueberwachungsgeraete\/gps-tracker-relais-mit-der-moeglichkeit-den-motor-abzustellen-und-mit-motorblockierung\/"]}]},{"@type":"ImageObject","inLanguage":"ru-RU","@id":"https:\/\/www.ortungsgerate.de\/15-gps-ueberwachungsgeraete\/gps-tracker-relais-mit-der-moeglichkeit-den-motor-abzustellen-und-mit-motorblockierung\/#primaryimage","url":"https:\/\/www.ortungsgerate.de\/wp-content\/uploads\/gps-seklys-rele-su-galimybe-uzgesinti-varikli.jpg","contentUrl":"https:\/\/www.ortungsgerate.de\/wp-content\/uploads\/gps-seklys-rele-su-galimybe-uzgesinti-varikli.jpg","width":660,"height":513,"caption":"GPS-Tracker mit Motorblockierung"},{"@type":"BreadcrumbList","@id":"https:\/\/www.ortungsgerate.de\/15-gps-ueberwachungsgeraete\/gps-tracker-relais-mit-der-moeglichkeit-den-motor-abzustellen-und-mit-motorblockierung\/#breadcrumb","itemListElement":[{"@type":"ListItem","position":1,"name":"Startseite","item":"https:\/\/www.ortungsgerate.de\/"},{"@type":"ListItem","position":2,"name":"Shop","item":"https:\/\/www.ortungsgerate.de\/shop\/"},{"@type":"ListItem","position":3,"name":"GPS-Tracker-Relais mit der M\u00f6glichkeit, den Motor abzustellen und mit Motorblockierung"}]},{"@type":"WebSite","@id":"https:\/\/www.ortungsgerate.de\/#website","url":"https:\/\/www.ortungsgerate.de\/","name":"Ortungsgerate.de","description":"","publisher":{"@id":"https:\/\/www.ortungsgerate.de\/#organization"},"potentialAction":[{"@type":"SearchAction","target":{"@type":"EntryPoint","urlTemplate":"https:\/\/www.ortungsgerate.de\/?s={search_term_string}"},"query-input":{"@type":"PropertyValueSpecification","valueRequired":true,"valueName":"search_term_string"}}],"inLanguage":"ru-RU"},{"@type":"Organization","@id":"https:\/\/www.ortungsgerate.de\/#organization","name":"Ortungsgerate.de","url":"https:\/\/www.ortungsgerate.de\/","logo":{"@type":"ImageObject","inLanguage":"ru-RU","@id":"https:\/\/www.ortungsgerate.de\/#\/schema\/logo\/image\/","url":"https:\/\/www.ortungsgerate.de\/wp-content\/uploads\/ortungsgerate.png","contentUrl":"https:\/\/www.ortungsgerate.de\/wp-content\/uploads\/ortungsgerate.png","width":500,"height":135,"caption":"Ortungsgerate.de"},"image":{"@id":"https:\/\/www.ortungsgerate.de\/#\/schema\/logo\/image\/"}}]}},"_links":{"self":[{"href":"https:\/\/www.ortungsgerate.de\/ru\/wp-json\/wp\/v2\/product\/16378","targetHints":{"allow":["GET"]}}],"collection":[{"href":"https:\/\/www.ortungsgerate.de\/ru\/wp-json\/wp\/v2\/product"}],"about":[{"href":"https:\/\/www.ortungsgerate.de\/ru\/wp-json\/wp\/v2\/types\/product"}],"version-history":[{"count":0,"href":"https:\/\/www.ortungsgerate.de\/ru\/wp-json\/wp\/v2\/product\/16378\/revisions"}],"wp:featuredmedia":[{"embeddable":true,"href":"https:\/\/www.ortungsgerate.de\/ru\/wp-json\/wp\/v2\/media\/2009"}],"wp:attachment":[{"href":"https:\/\/www.ortungsgerate.de\/ru\/wp-json\/wp\/v2\/media?parent=16378"}],"wp:term":[{"taxonomy":"brand","embeddable":true,"href":"https:\/\/www.ortungsgerate.de\/ru\/wp-json\/wp\/v2\/etheme_brands?post=16378"},{"taxonomy":"product_brand","embeddable":true,"href":"https:\/\/www.ortungsgerate.de\/ru\/wp-json\/wp\/v2\/product_brand?post=16378"},{"taxonomy":"product_cat","embeddable":true,"href":"https:\/\/www.ortungsgerate.de\/ru\/wp-json\/wp\/v2\/product_cat?post=16378"},{"taxonomy":"product_tag","embeddable":true,"href":"https:\/\/www.ortungsgerate.de\/ru\/wp-json\/wp\/v2\/product_tag?post=16378"}],"curies":[{"name":"wp","href":"https:\/\/api.w.org\/{rel}","templated":true}]}}