{"id":16380,"date":"2024-02-06T21:36:22","date_gmt":"2024-02-06T19:36:22","guid":{"rendered":"https:\/\/ortungsgerate.de\/be-kategorijos\/profesionali-pasiklausymo-iranga-gsm-blake-iki-20-paru-veikimo-laikas\/"},"modified":"2026-03-15T23:30:51","modified_gmt":"2026-03-15T22:30:51","slug":"professionalnaya-gsm-proslushivayuschaya-sistema-zhuchok-s-vremenem-raboty-do-20-dney","status":"publish","type":"product","link":"https:\/\/www.ortungsgerate.de\/ru\/16-proslushivayushcheye-oborudovaniye-2\/22-gsm-podslushivayushcheye-ustroystvo-zhuchki-2\/professionalnaya-gsm-proslushivayuschaya-sistema-zhuchok-s-vremenem-raboty-do-20-dney\/","title":{"rendered":"\u041f\u0440\u043e\u0444\u0435\u0441\u0441\u0438\u043e\u043d\u0430\u043b\u044c\u043d\u0430\u044f GSM \u043f\u0440\u043e\u0441\u043b\u0443\u0448\u0438\u0432\u0430\u044e\u0449\u0430\u044f \u0441\u0438\u0441\u0442\u0435\u043c\u0430 \u0436\u0443\u0447\u043e\u043a \u0441 \u0432\u0440\u0435\u043c\u0435\u043d\u0435\u043c \u0440\u0430\u0431\u043e\u0442\u044b \u0434\u043e 20 \u0434\u043d\u0435\u0439"},"content":{"rendered":"<h3><strong>\u0422\u0435\u0445\u043d\u0438\u0447\u0435\u0441\u043a\u0438\u0435 \u043f\u0430\u0440\u0430\u043c\u0435\u0442\u0440\u044b:<\/strong><\/h3>\n<ul>\n<li>Frequenzwahl: 4 (850 MHz \/ 900 MHz \/ 1800 MHz \/ 1900 MHz)<\/li>\n<li>Reichweite: m\u00f6gliche internationale Audio\u00fcbertragung<\/li>\n<li>\u0424\u0443\u043d\u043a\u0446\u0438\u044f \u043f\u0435\u0440\u0435\u0434\u0430\u0447\u0438 \u0430\u0443\u0434\u0438\u043e: \u0447\u0435\u0440\u0435\u0437 GSM-\u0441\u0435\u0442\u044c<\/li>\n<li>Mikrofon: hohe Qualit\u00e4t; sehr klarer Klang<\/li>\n<li>Akkutyp: interner Lithium-Ionen-Akku, aufladbar wie ein Mobiltelefon<\/li>\n<li>Akkustandby: bis zu 20 Tage<\/li>\n<li>Abh\u00f6rzeit bei Gespr\u00e4chen: 8-10 Stunden (w\u00e4hrend des Abh\u00f6rens)<\/li>\n<li>Abmessungen des Ger\u00e4ts: 40mm x 27mm x 7mm<\/li>\n<li><strong>\u0413\u0410\u0420\u0410\u041d\u0422\u0418\u042f 12 \u043c\u0435\u0441\u044f\u0446\u0435\u0432<\/strong><\/li>\n<\/ul>\n<p><span style=\"color: #d0121a;\"><strong> (auch an Wochenenden)  <\/strong><\/span><\/p>\n<p>Einsatzbereich: F\u00fcr die eigene Sicherheit und die Sicherheit der Kinder.<\/p>\n<p><strong>Im Set enthalten:<\/strong><\/p>\n<ul>\n<li>Professionelle GSM-Wanze<\/li>\n<li>USB-\u043a\u0430\u0431\u0435\u043b\u044c<\/li>\n<li>\u0420\u0443\u043a\u043e\u0432\u043e\u0434\u0441\u0442\u0432\u043e \u043f\u043e\u043b\u044c\u0437\u043e\u0432\u0430\u0442\u0435\u043b\u044f<\/li>\n<\/ul>\n<p>Einsatzbereich f\u00fcr die eigene Sicherheit und die Sicherheit der Kinder<\/p>\n<h2>\u041f\u043e\u0434\u0441\u043b\u0443\u0448\u0438\u0432\u0430\u044e\u0449\u0435\u0435 \u0443\u0441\u0442\u0440\u043e\u0439\u0441\u0442\u0432\u043e<\/h2>\n<p>Professionelle Abh\u00f6rwanze, deren Funktionsprinzip auf dem mobilen GSM-Netz basiert. Das Ger\u00e4t gew\u00e4hrleistet Vertraulichkeit und eine hochwertige Tonaufzeichnung. Im Vergleich zu anderen Ger\u00e4ten zeichnet sich diese Abh\u00f6rwanze durch einen besonders langen Standby-Modus aus, der bis zu zwanzig Tage betr\u00e4gt (das ist sogar sechsmal l\u00e4nger als die durchschnittliche Betriebsdauer \u00e4hnlicher Ger\u00e4te).<\/p>\n<p>Die GSM-<strong>\u041f\u043e\u0434\u0441\u043b\u0443\u0448\u0438\u0432\u0430\u044e\u0449\u0435\u0435 \u0443\u0441\u0442\u0440\u043e\u0439\u0441\u0442\u0432\u043e<\/strong> funktioniert nach einem \u00e4hnlichen Prinzip wie ein Mobiltelefon \u2013 in das Ger\u00e4t muss eine SIM-Karte eingelegt werden, und um mitzuh\u00f6ren, was in der Umgebung der Wanze geschieht, gen\u00fcgt es, die mit der eingelegten SIM-Karte verkn\u00fcpfte Nummer anzurufen (es ist auch internationales Abh\u00f6ren m\u00f6glich, wenn sich Wanze und Zuh\u00f6rer in verschiedenen L\u00e4ndern befinden). Es kann eine Option gew\u00e4hlt werden, die bei Ger\u00e4uschen im \u00dcberwachungsbereich informiert (nach Erfassung eines Ger\u00e4usches sendet die Wanze ein Mobilfunksignal an die zugewiesene Telefonnummer).<\/p>\n<div class=\"iframe-container\"><iframe src=\"https:\/\/www.youtube.com\/embed\/s05oUbCLC_0\" width=\"560\" height=\"315\" frameborder=\"0\"><\/iframe><\/div>\n<div class=\"iframe-container\">\n<h2><strong>Professionelle Abh\u00f6rwanze GSM-Ausr\u00fcstung \u2013 Wanze mit bis zu 20 Tagen Betriebszeit<\/strong><\/h2>\n<p>Professionelle <a href=\"https:\/\/www.ortungsgerate.de\/ru\/16-proslushivayushcheye-oborudovaniye-2\/\">\u041f\u043e\u0434\u0441\u043b\u0443\u0448\u0438\u0432\u0430\u044e\u0449\u0435\u0435 \u043e\u0431\u043e\u0440\u0443\u0434\u043e\u0432\u0430\u043d\u0438\u0435<\/a> ist in verschiedenen Situationen hilfreich \u2013 etwa wenn es darum geht, die Sicherheit minderj\u00e4hriger Kinder zu sch\u00fctzen usw. Die Auswahl solcher Ger\u00e4te ist derzeit recht gro\u00df, daher ist es nicht immer einfach, die am besten geeignete Abh\u00f6rausr\u00fcstung auszuw\u00e4hlen. In der Regel wird erwartet, dass die Ger\u00e4te \u00fcber eine ausreichend lange Standby-Zeit verf\u00fcgen und bei Bedarf die M\u00f6glichkeit zur Informationsgewinnung bieten.<\/p>\n<p>Die professionelle GSM-Abh\u00f6rwanze ist eine der vorteilhaftesten Optionen, wenn bestimmte, interessierende Informationen erlangt werden sollen. Diese Ausr\u00fcstung zeichnet sich durch eine sehr einfache Bedienung aus: In dieses Ger\u00e4t wird eine SIM-Karte mit der ihr zugewiesenen Telefonnummer eingelegt, und wenn Sie abh\u00f6ren m\u00f6chten, was in der Umgebung der Wanze geschieht (in der N\u00e4he der Kinder), k\u00f6nnen Sie einfach diese Nummer anrufen.<\/p>\n<h2><strong>Wie w\u00e4hlt man eine Abh\u00f6rwanze aus?<\/strong><\/h2>\n<p>Bei der Auswahl von Abh\u00f6rger\u00e4ten wird auch die Standby-Zeit des Wanzenakkus zu einem wichtigen Kriterium. \u00dcblicherweise wird erwartet, dass das Ger\u00e4t \u00fcber einen ausreichend langen Zeitraum arbeitet, daher wird Sie dieses Ger\u00e4t sicherlich nicht entt\u00e4uschen. Die professionelle Wanze funktioniert im Standby-Modus bis zu 20 Tage, und eine solche Zeitspanne ist in der Regel v\u00f6llig ausreichend. Wenn Sie ununterbrochen abh\u00f6ren m\u00fcssen, erm\u00f6glicht Ihnen dieses Ger\u00e4t dies sogar 8-10 Stunden lang. Wichtig ist auch zu erw\u00e4hnen, dass die professionelle Wanze einen Klang von sehr hoher Qualit\u00e4t sicherstellt, sodass Sie sich einer hohen Tonqualit\u00e4t gewiss sein k\u00f6nnen.<\/p>\n<p>Die professionelle Abh\u00f6rausr\u00fcstung hat kompakte Abmessungen (40mm x 27mm x 7mm), daher wird es wirklich nicht schwierig sein, eine solche Wanze zu platzieren. G<\/p>\n<p>Zum Lieferumfang der Wanze geh\u00f6ren ein professionelles Abh\u00f6rger\u00e4t, ein Ladeger\u00e4t, ein USB-Kabel sowie eine Anleitung, sodass Sie dieses Ger\u00e4t ohne jegliche Schwierigkeiten nutzen k\u00f6nnen. Obwohl h\u00e4ufig angenommen wird, dass in unserem Land gekaufte Wanzen nur auf dem Gebiet Litauens verwendet werden d\u00fcrfen, entspricht dies nicht der Wahrheit \u2013 diese Ausr\u00fcstung kann auch dann erfolgreich eingesetzt werden, wenn Sie ins Ausland reisen oder die \u00fcberwachte Person unser Land verl\u00e4sst. Wenn Sie also anstreben, dass die Ausr\u00fcstung ohne jegliche Schwierigkeiten genutzt werden kann, kann sich dieses Abh\u00f6rger\u00e4t als eine wirklich ausgezeichnete Wahl erweisen.<\/p>\n<\/div>","protected":false},"excerpt":{"rendered":"<p>Technische Parameter: Frequenzwahl: 4 (850 MHz \/ 900 MHz \/ 1800 MHz \/ 1900 MHz) Reichweite: m\u00f6gliche internationale Audio\u00fcbertragung Audio\u00fcbertragungsfunktion: \u00fcber GSM-Mobilfunknetz Mikrofon: hohe Qualit\u00e4t;&#8230;<\/p>","protected":false},"featured_media":1328,"template":"","meta":[],"etheme_brands":[],"product_brand":[],"product_cat":[208,211,214],"product_tag":[79],"class_list":{"0":"post-16380","1":"product","2":"type-product","3":"status-publish","4":"has-post-thumbnail","6":"product_cat-16-abhoergeraete","7":"product_cat-22-gsm-abhoergeraete-wanzen","8":"product_cat-21-professionelle-abhoergeraete","9":"product_tag-gsm-wanze","10":"pa_typ-abhoerwanze","12":"first","13":"instock","14":"sale","15":"taxable","16":"shipping-taxable","17":"purchasable","18":"product-type-simple"},"yoast_head":"<!-- This site is optimized with the Yoast SEO Premium plugin v25.9 (Yoast SEO v27.4) - https:\/\/yoast.com\/product\/yoast-seo-premium-wordpress\/ -->\n<title>Professioneller GSM-Abh\u00f6rsender mit 20 Tagen Standby-Modus<\/title>\n<meta name=\"description\" content=\"Professionelle Abh\u00f6rwanze f\u00fcr das verdeckte Mith\u00f6ren von Gespr\u00e4chen. Beste Qualit\u00e4t auf dem Markt, R\u00fcckruffunktion, 20 Tage Standby-Zeit, 8 Stunden Betriebsdauer.\" \/>\n<meta name=\"robots\" content=\"index, follow, max-snippet:-1, max-image-preview:large, max-video-preview:-1\" \/>\n<link rel=\"canonical\" href=\"https:\/\/www.ortungsgerate.de\/ru\/16-proslushivayushcheye-oborudovaniye-2\/21-profesionalnoje-proslushivayushcheye-oborudovaniye\/professionalnaya-gsm-proslushivayuschaya-sistema-zhuchok-s-vremenem-raboty-do-20-dney\/\" \/>\n<meta property=\"og:locale\" content=\"ru_RU\" \/>\n<meta property=\"og:type\" content=\"article\" \/>\n<meta property=\"og:title\" content=\"Professionelle GSM-Abh\u00f6ranlage Wanze mit bis zu 20 Tagen Betriebszeit\" \/>\n<meta property=\"og:description\" content=\"Professionelle Abh\u00f6rwanze f\u00fcr das verdeckte Mith\u00f6ren von Gespr\u00e4chen. Beste Qualit\u00e4t auf dem Markt, R\u00fcckruffunktion, 20 Tage Standby-Zeit, 8 Stunden Betriebsdauer.\" \/>\n<meta property=\"og:url\" content=\"https:\/\/www.ortungsgerate.de\/ru\/16-proslushivayushcheye-oborudovaniye-2\/21-profesionalnoje-proslushivayushcheye-oborudovaniye\/professionalnaya-gsm-proslushivayuschaya-sistema-zhuchok-s-vremenem-raboty-do-20-dney\/\" \/>\n<meta property=\"og:site_name\" content=\"Ortungsger\u00e4te.de\" \/>\n<meta property=\"article:modified_time\" content=\"2026-03-15T22:30:51+00:00\" \/>\n<meta property=\"og:image\" content=\"https:\/\/www.ortungsgerate.de\/wp-content\/uploads\/profesionali-pasiklausymo-iranga-gsm-blake-iki-20-paru-veikimo-laikas.jpg\" \/>\n\t<meta property=\"og:image:width\" content=\"800\" \/>\n\t<meta property=\"og:image:height\" content=\"800\" \/>\n\t<meta property=\"og:image:type\" content=\"image\/jpeg\" \/>\n<meta name=\"twitter:card\" content=\"summary_large_image\" \/>\n<meta name=\"twitter:label1\" content=\"\u041f\u0440\u0438\u043c\u0435\u0440\u043d\u043e\u0435 \u0432\u0440\u0435\u043c\u044f \u0434\u043b\u044f \u0447\u0442\u0435\u043d\u0438\u044f\" \/>\n\t<meta name=\"twitter:data1\" content=\"3 \u043c\u0438\u043d\u0443\u0442\u044b\" \/>\n<script type=\"application\/ld+json\" class=\"yoast-schema-graph\">{\"@context\":\"https:\\\/\\\/schema.org\",\"@graph\":[{\"@type\":\"WebPage\",\"@id\":\"https:\\\/\\\/www.ortungsgerate.de\\\/16-abhoergeraete\\\/21-professionelle-abhoergeraete\\\/professionelle-gsm-abhoeranlage-wanze-mit-bis-zu-20-tagen-betriebszeit\\\/\",\"url\":\"https:\\\/\\\/www.ortungsgerate.de\\\/16-abhoergeraete\\\/21-professionelle-abhoergeraete\\\/professionelle-gsm-abhoeranlage-wanze-mit-bis-zu-20-tagen-betriebszeit\\\/\",\"name\":\"Professioneller GSM-Abh\u00f6rsender mit 20 Tagen Standby-Modus\",\"isPartOf\":{\"@id\":\"https:\\\/\\\/www.ortungsgerate.de\\\/#website\"},\"primaryImageOfPage\":{\"@id\":\"https:\\\/\\\/www.ortungsgerate.de\\\/16-abhoergeraete\\\/21-professionelle-abhoergeraete\\\/professionelle-gsm-abhoeranlage-wanze-mit-bis-zu-20-tagen-betriebszeit\\\/#primaryimage\"},\"image\":{\"@id\":\"https:\\\/\\\/www.ortungsgerate.de\\\/16-abhoergeraete\\\/21-professionelle-abhoergeraete\\\/professionelle-gsm-abhoeranlage-wanze-mit-bis-zu-20-tagen-betriebszeit\\\/#primaryimage\"},\"thumbnailUrl\":\"https:\\\/\\\/www.ortungsgerate.de\\\/wp-content\\\/uploads\\\/profesionali-pasiklausymo-iranga-gsm-blake-iki-20-paru-veikimo-laikas.jpg\",\"datePublished\":\"2024-02-06T19:36:22+00:00\",\"dateModified\":\"2026-03-15T22:30:51+00:00\",\"description\":\"Professionelle Abh\u00f6rwanze f\u00fcr das verdeckte Mith\u00f6ren von Gespr\u00e4chen. Beste Qualit\u00e4t auf dem Markt, R\u00fcckruffunktion, 20 Tage Standby-Zeit, 8 Stunden Betriebsdauer.\",\"breadcrumb\":{\"@id\":\"https:\\\/\\\/www.ortungsgerate.de\\\/16-abhoergeraete\\\/21-professionelle-abhoergeraete\\\/professionelle-gsm-abhoeranlage-wanze-mit-bis-zu-20-tagen-betriebszeit\\\/#breadcrumb\"},\"inLanguage\":\"ru-RU\",\"potentialAction\":[{\"@type\":\"ReadAction\",\"target\":[\"https:\\\/\\\/www.ortungsgerate.de\\\/16-abhoergeraete\\\/21-professionelle-abhoergeraete\\\/professionelle-gsm-abhoeranlage-wanze-mit-bis-zu-20-tagen-betriebszeit\\\/\"]}]},{\"@type\":\"ImageObject\",\"inLanguage\":\"ru-RU\",\"@id\":\"https:\\\/\\\/www.ortungsgerate.de\\\/16-abhoergeraete\\\/21-professionelle-abhoergeraete\\\/professionelle-gsm-abhoeranlage-wanze-mit-bis-zu-20-tagen-betriebszeit\\\/#primaryimage\",\"url\":\"https:\\\/\\\/www.ortungsgerate.de\\\/wp-content\\\/uploads\\\/profesionali-pasiklausymo-iranga-gsm-blake-iki-20-paru-veikimo-laikas.jpg\",\"contentUrl\":\"https:\\\/\\\/www.ortungsgerate.de\\\/wp-content\\\/uploads\\\/profesionali-pasiklausymo-iranga-gsm-blake-iki-20-paru-veikimo-laikas.jpg\",\"width\":800,\"height\":800,\"caption\":\"Professionelle GSM-Abh\u00f6rausr\u00fcstung Wanze 20 Tage Betriebsdauer\"},{\"@type\":\"BreadcrumbList\",\"@id\":\"https:\\\/\\\/www.ortungsgerate.de\\\/16-abhoergeraete\\\/21-professionelle-abhoergeraete\\\/professionelle-gsm-abhoeranlage-wanze-mit-bis-zu-20-tagen-betriebszeit\\\/#breadcrumb\",\"itemListElement\":[{\"@type\":\"ListItem\",\"position\":1,\"name\":\"Startseite\",\"item\":\"https:\\\/\\\/www.ortungsgerate.de\\\/\"},{\"@type\":\"ListItem\",\"position\":2,\"name\":\"Shop\",\"item\":\"https:\\\/\\\/www.ortungsgerate.de\\\/shop\\\/\"},{\"@type\":\"ListItem\",\"position\":3,\"name\":\"Professionelle GSM-Abh\u00f6ranlage Wanze mit bis zu 20 Tagen Betriebszeit\"}]},{\"@type\":\"WebSite\",\"@id\":\"https:\\\/\\\/www.ortungsgerate.de\\\/#website\",\"url\":\"https:\\\/\\\/www.ortungsgerate.de\\\/\",\"name\":\"Ortungsgerate.de\",\"description\":\"\",\"publisher\":{\"@id\":\"https:\\\/\\\/www.ortungsgerate.de\\\/#organization\"},\"potentialAction\":[{\"@type\":\"SearchAction\",\"target\":{\"@type\":\"EntryPoint\",\"urlTemplate\":\"https:\\\/\\\/www.ortungsgerate.de\\\/?s={search_term_string}\"},\"query-input\":{\"@type\":\"PropertyValueSpecification\",\"valueRequired\":true,\"valueName\":\"search_term_string\"}}],\"inLanguage\":\"ru-RU\"},{\"@type\":\"Organization\",\"@id\":\"https:\\\/\\\/www.ortungsgerate.de\\\/#organization\",\"name\":\"Ortungsgerate.de\",\"url\":\"https:\\\/\\\/www.ortungsgerate.de\\\/\",\"logo\":{\"@type\":\"ImageObject\",\"inLanguage\":\"ru-RU\",\"@id\":\"https:\\\/\\\/www.ortungsgerate.de\\\/#\\\/schema\\\/logo\\\/image\\\/\",\"url\":\"https:\\\/\\\/www.ortungsgerate.de\\\/wp-content\\\/uploads\\\/ortungsgerate.png\",\"contentUrl\":\"https:\\\/\\\/www.ortungsgerate.de\\\/wp-content\\\/uploads\\\/ortungsgerate.png\",\"width\":500,\"height\":135,\"caption\":\"Ortungsgerate.de\"},\"image\":{\"@id\":\"https:\\\/\\\/www.ortungsgerate.de\\\/#\\\/schema\\\/logo\\\/image\\\/\"}}]}<\/script>\n<!-- \/ Yoast SEO Premium plugin. -->","yoast_head_json":{"title":"Professioneller GSM-Abh\u00f6rsender mit 20 Tagen Standby-Modus","description":"Professionelle Abh\u00f6rwanze f\u00fcr das verdeckte Mith\u00f6ren von Gespr\u00e4chen. Beste Qualit\u00e4t auf dem Markt, R\u00fcckruffunktion, 20 Tage Standby-Zeit, 8 Stunden Betriebsdauer.","robots":{"index":"index","follow":"follow","max-snippet":"max-snippet:-1","max-image-preview":"max-image-preview:large","max-video-preview":"max-video-preview:-1"},"canonical":"https:\/\/www.ortungsgerate.de\/ru\/16-proslushivayushcheye-oborudovaniye-2\/21-profesionalnoje-proslushivayushcheye-oborudovaniye\/professionalnaya-gsm-proslushivayuschaya-sistema-zhuchok-s-vremenem-raboty-do-20-dney\/","og_locale":"ru_RU","og_type":"article","og_title":"Professionelle GSM-Abh\u00f6ranlage Wanze mit bis zu 20 Tagen Betriebszeit","og_description":"Professionelle Abh\u00f6rwanze f\u00fcr das verdeckte Mith\u00f6ren von Gespr\u00e4chen. Beste Qualit\u00e4t auf dem Markt, R\u00fcckruffunktion, 20 Tage Standby-Zeit, 8 Stunden Betriebsdauer.","og_url":"https:\/\/www.ortungsgerate.de\/ru\/16-proslushivayushcheye-oborudovaniye-2\/21-profesionalnoje-proslushivayushcheye-oborudovaniye\/professionalnaya-gsm-proslushivayuschaya-sistema-zhuchok-s-vremenem-raboty-do-20-dney\/","og_site_name":"Ortungsger\u00e4te.de","article_modified_time":"2026-03-15T22:30:51+00:00","og_image":[{"width":800,"height":800,"url":"https:\/\/www.ortungsgerate.de\/wp-content\/uploads\/profesionali-pasiklausymo-iranga-gsm-blake-iki-20-paru-veikimo-laikas.jpg","type":"image\/jpeg"}],"twitter_card":"summary_large_image","twitter_misc":{"\u041f\u0440\u0438\u043c\u0435\u0440\u043d\u043e\u0435 \u0432\u0440\u0435\u043c\u044f \u0434\u043b\u044f \u0447\u0442\u0435\u043d\u0438\u044f":"3 \u043c\u0438\u043d\u0443\u0442\u044b"},"schema":{"@context":"https:\/\/schema.org","@graph":[{"@type":"WebPage","@id":"https:\/\/www.ortungsgerate.de\/16-abhoergeraete\/21-professionelle-abhoergeraete\/professionelle-gsm-abhoeranlage-wanze-mit-bis-zu-20-tagen-betriebszeit\/","url":"https:\/\/www.ortungsgerate.de\/16-abhoergeraete\/21-professionelle-abhoergeraete\/professionelle-gsm-abhoeranlage-wanze-mit-bis-zu-20-tagen-betriebszeit\/","name":"Professioneller GSM-Abh\u00f6rsender mit 20 Tagen Standby-Modus","isPartOf":{"@id":"https:\/\/www.ortungsgerate.de\/#website"},"primaryImageOfPage":{"@id":"https:\/\/www.ortungsgerate.de\/16-abhoergeraete\/21-professionelle-abhoergeraete\/professionelle-gsm-abhoeranlage-wanze-mit-bis-zu-20-tagen-betriebszeit\/#primaryimage"},"image":{"@id":"https:\/\/www.ortungsgerate.de\/16-abhoergeraete\/21-professionelle-abhoergeraete\/professionelle-gsm-abhoeranlage-wanze-mit-bis-zu-20-tagen-betriebszeit\/#primaryimage"},"thumbnailUrl":"https:\/\/www.ortungsgerate.de\/wp-content\/uploads\/profesionali-pasiklausymo-iranga-gsm-blake-iki-20-paru-veikimo-laikas.jpg","datePublished":"2024-02-06T19:36:22+00:00","dateModified":"2026-03-15T22:30:51+00:00","description":"Professionelle Abh\u00f6rwanze f\u00fcr das verdeckte Mith\u00f6ren von Gespr\u00e4chen. Beste Qualit\u00e4t auf dem Markt, R\u00fcckruffunktion, 20 Tage Standby-Zeit, 8 Stunden Betriebsdauer.","breadcrumb":{"@id":"https:\/\/www.ortungsgerate.de\/16-abhoergeraete\/21-professionelle-abhoergeraete\/professionelle-gsm-abhoeranlage-wanze-mit-bis-zu-20-tagen-betriebszeit\/#breadcrumb"},"inLanguage":"ru-RU","potentialAction":[{"@type":"ReadAction","target":["https:\/\/www.ortungsgerate.de\/16-abhoergeraete\/21-professionelle-abhoergeraete\/professionelle-gsm-abhoeranlage-wanze-mit-bis-zu-20-tagen-betriebszeit\/"]}]},{"@type":"ImageObject","inLanguage":"ru-RU","@id":"https:\/\/www.ortungsgerate.de\/16-abhoergeraete\/21-professionelle-abhoergeraete\/professionelle-gsm-abhoeranlage-wanze-mit-bis-zu-20-tagen-betriebszeit\/#primaryimage","url":"https:\/\/www.ortungsgerate.de\/wp-content\/uploads\/profesionali-pasiklausymo-iranga-gsm-blake-iki-20-paru-veikimo-laikas.jpg","contentUrl":"https:\/\/www.ortungsgerate.de\/wp-content\/uploads\/profesionali-pasiklausymo-iranga-gsm-blake-iki-20-paru-veikimo-laikas.jpg","width":800,"height":800,"caption":"Professionelle GSM-Abh\u00f6rausr\u00fcstung Wanze 20 Tage Betriebsdauer"},{"@type":"BreadcrumbList","@id":"https:\/\/www.ortungsgerate.de\/16-abhoergeraete\/21-professionelle-abhoergeraete\/professionelle-gsm-abhoeranlage-wanze-mit-bis-zu-20-tagen-betriebszeit\/#breadcrumb","itemListElement":[{"@type":"ListItem","position":1,"name":"Startseite","item":"https:\/\/www.ortungsgerate.de\/"},{"@type":"ListItem","position":2,"name":"Shop","item":"https:\/\/www.ortungsgerate.de\/shop\/"},{"@type":"ListItem","position":3,"name":"Professionelle GSM-Abh\u00f6ranlage Wanze mit bis zu 20 Tagen Betriebszeit"}]},{"@type":"WebSite","@id":"https:\/\/www.ortungsgerate.de\/#website","url":"https:\/\/www.ortungsgerate.de\/","name":"Ortungsgerate.de","description":"","publisher":{"@id":"https:\/\/www.ortungsgerate.de\/#organization"},"potentialAction":[{"@type":"SearchAction","target":{"@type":"EntryPoint","urlTemplate":"https:\/\/www.ortungsgerate.de\/?s={search_term_string}"},"query-input":{"@type":"PropertyValueSpecification","valueRequired":true,"valueName":"search_term_string"}}],"inLanguage":"ru-RU"},{"@type":"Organization","@id":"https:\/\/www.ortungsgerate.de\/#organization","name":"Ortungsgerate.de","url":"https:\/\/www.ortungsgerate.de\/","logo":{"@type":"ImageObject","inLanguage":"ru-RU","@id":"https:\/\/www.ortungsgerate.de\/#\/schema\/logo\/image\/","url":"https:\/\/www.ortungsgerate.de\/wp-content\/uploads\/ortungsgerate.png","contentUrl":"https:\/\/www.ortungsgerate.de\/wp-content\/uploads\/ortungsgerate.png","width":500,"height":135,"caption":"Ortungsgerate.de"},"image":{"@id":"https:\/\/www.ortungsgerate.de\/#\/schema\/logo\/image\/"}}]}},"_links":{"self":[{"href":"https:\/\/www.ortungsgerate.de\/ru\/wp-json\/wp\/v2\/product\/16380","targetHints":{"allow":["GET"]}}],"collection":[{"href":"https:\/\/www.ortungsgerate.de\/ru\/wp-json\/wp\/v2\/product"}],"about":[{"href":"https:\/\/www.ortungsgerate.de\/ru\/wp-json\/wp\/v2\/types\/product"}],"version-history":[{"count":0,"href":"https:\/\/www.ortungsgerate.de\/ru\/wp-json\/wp\/v2\/product\/16380\/revisions"}],"wp:featuredmedia":[{"embeddable":true,"href":"https:\/\/www.ortungsgerate.de\/ru\/wp-json\/wp\/v2\/media\/1328"}],"wp:attachment":[{"href":"https:\/\/www.ortungsgerate.de\/ru\/wp-json\/wp\/v2\/media?parent=16380"}],"wp:term":[{"taxonomy":"brand","embeddable":true,"href":"https:\/\/www.ortungsgerate.de\/ru\/wp-json\/wp\/v2\/etheme_brands?post=16380"},{"taxonomy":"product_brand","embeddable":true,"href":"https:\/\/www.ortungsgerate.de\/ru\/wp-json\/wp\/v2\/product_brand?post=16380"},{"taxonomy":"product_cat","embeddable":true,"href":"https:\/\/www.ortungsgerate.de\/ru\/wp-json\/wp\/v2\/product_cat?post=16380"},{"taxonomy":"product_tag","embeddable":true,"href":"https:\/\/www.ortungsgerate.de\/ru\/wp-json\/wp\/v2\/product_tag?post=16380"}],"curies":[{"name":"wp","href":"https:\/\/api.w.org\/{rel}","templated":true}]}}