{"id":16381,"date":"2024-02-06T21:39:07","date_gmt":"2024-02-06T19:39:07","guid":{"rendered":"https:\/\/ortungsgerate.de\/be-kategorijos\/pro-serijos-wifi-pasiklausymo-blake-su-isoriniu-mikrofonu-veikimas-iki-4-men\/"},"modified":"2025-11-26T19:01:36","modified_gmt":"2025-11-26T17:01:36","slug":"pro-seriya-wlan-podslushivayuschee-ustroystvo-s-vneshnim-mikrofonom-vremya-raboty-do-4-mesyatsev","status":"publish","type":"product","link":"https:\/\/www.ortungsgerate.de\/ru\/16-proslushivayushcheye-oborudovaniye-2\/21-profesionalnoje-proslushivayushcheye-oborudovaniye\/pro-seriya-wlan-podslushivayuschee-ustroystvo-s-vneshnim-mikrofonom-vremya-raboty-do-4-mesyatsev\/","title":{"rendered":"PRO \u0441\u0435\u0440\u0438\u044f WLAN \u043f\u043e\u0434\u0441\u043b\u0443\u0448\u0438\u0432\u0430\u044e\u0449\u0435\u0435 \u0443\u0441\u0442\u0440\u043e\u0439\u0441\u0442\u0432\u043e \u0441 \u0432\u043d\u0435\u0448\u043d\u0438\u043c \u043c\u0438\u043a\u0440\u043e\u0444\u043e\u043d\u043e\u043c, \u0432\u0440\u0435\u043c\u044f \u0440\u0430\u0431\u043e\u0442\u044b \u0434\u043e 4 \u043c\u0435\u0441\u044f\u0446\u0435\u0432"},"content":{"rendered":"<h3><strong>\u0422\u0435\u0445\u043d\u0438\u0447\u0435\u0441\u043a\u0438\u0435 \u043f\u0430\u0440\u0430\u043c\u0435\u0442\u0440\u044b:<\/strong><\/h3>\n<ul>\n<li>Audio\u00fcbertragung: WI-FI, h\u00f6chste Tonqualit\u00e4t<\/li>\n<li>Im Set enthalten: 32 GB Speicherkarte<\/li>\n<li>\u041d\u0435 \u0438\u0437\u0434\u0430\u0435\u0442 \u043d\u0438\u043a\u0430\u043a\u0438\u0445 \u0437\u0432\u0443\u043a\u043e\u0432<\/li>\n<li>Externe Mikrofonl\u00e4nge 1,5 Meter<\/li>\n<li>Kann ohne externes Mikrofon verwendet werden<\/li>\n<li>Im Set enthalten: externes Mikrofon (praktisch, um das Ger\u00e4t zu verstecken, es wird nur das Mikrofon herausgef\u00fchrt)<\/li>\n<li>Live-Abh\u00f6ren m\u00f6glich<\/li>\n<li>Nimmt Aufnahmen in den internen Speicher 32 GB auf (Aufnahmen k\u00f6nnen aus der Ferne heruntergeladen werden)<\/li>\n<li>\u0414\u043e\u0441\u0442\u0443\u043f\u043d\u043e \u043c\u043e\u0431\u0438\u043b\u044c\u043d\u043e\u0435 \u043f\u0440\u0438\u043b\u043e\u0436\u0435\u043d\u0438\u0435<\/li>\n<li>Mikrofon: \u00fcbertr\u00e4gt T\u00f6ne in besonders hoher Qualit\u00e4t<\/li>\n<li>Betriebsdauer bis zu 4 Monate (von der internen Batterie) \u2013 kann an eine Stromquelle angeschlossen werden (\u00fcber ein Handy-Ladeger\u00e4t oder eine Powerbank), dann ist die Abh\u00f6rzeit unbegrenzt<\/li>\n<li>Kann eine Benachrichtigung an das Telefon senden und eine automatische Tonaufnahme starten (wenn ein Ger\u00e4usch auftritt, ab 50 dB, 60 dB oder 70 dB)<\/li>\n<li>Abmessungen: 9 cm H\u00f6he x 5 cm Breite x 1,5 cm St\u00e4rke<\/li>\n<li><strong>\u0413\u0410\u0420\u0410\u041d\u0422\u0418\u042f 12 \u043c\u0435\u0441\u044f\u0446\u0435\u0432<\/strong><\/li>\n<\/ul>\n<p><span style=\"color: #d0121a;\"><\/span><\/p>\n<p>Verwendung: F\u00fcr die eigene und die Sicherheit der Kinder.<\/p>\n<p><strong>\u041a\u043e\u043c\u043f\u043b\u0435\u043a\u0442\u0430\u0446\u0438\u044f<\/strong><\/p>\n<ul>\n<li>PRO WiFi Abh\u00f6rwanze<\/li>\n<li>\u0418\u043d\u0441\u0442\u0440\u0443\u043a\u0446\u0438\u044f<\/li>\n<\/ul>\n<p>Verwendung f\u00fcr die eigene und die Sicherheit der Kinder<\/p>\n<p>Einzigartige Neuheit auf dem Markt ohne Vergleich: Wifi PRO Abh\u00f6rausr\u00fcstung \u2013 dies ist ein Ger\u00e4t von h\u00f6chster Qualit\u00e4t. Sie erhalten eine hohe Tonqualit\u00e4t, Tonaufnahmen k\u00f6nnen Sie aus der Ferne abrufen (es ist nicht n\u00f6tig, die ganze Zeit zuzuh\u00f6ren), Sie laden sie mithilfe der mobilen App auf Ihr Telefon herunter. Interner Speicher 32 GB. Tonaufnahmen werden z. B. dann erstellt, wenn Personen zu sprechen beginnen (Sie erhalten eine Benachrichtigung auf Ihr Telefon), Sie k\u00f6nnen direkt live zuh\u00f6ren, falls Sie nicht k\u00f6nnen, (wird in den internen Speicher aufgenommen und die Aufnahmen sind f\u00fcr Sie aus der Ferne zug\u00e4nglich).<\/p>\n<p>Zum Beispiel kann man es auch in einem Raum lassen, in dem es keine WiFi-Verbindung gibt \u2013 das Ger\u00e4t wird Tonaufnahmen machen.<\/p>\n<p>Worin ist diese Steckdosenleiste dem GSM \u00fcberlegen?<\/p>\n<p>Nimmt Aufnahmen im internen Speicher auf.<\/p>\n<p>Aufnahmen sind aus der Ferne zug\u00e4nglich.<\/p>\n<p>H\u00f6here Tonqualit\u00e4t.<\/p>\n<p>Diese neue Abh\u00f6rwanze ist ein praktisches und funktionales Ger\u00e4t, das \u00fcber ein Wi-Fi-Netzwerk arbeitet. Sie kann Gespr\u00e4che aufzeichnen und erm\u00f6glicht es Ihnen, diese \u00fcber eine mobile App abzuh\u00f6ren oder herunterzuladen und in Ihrem Speicher zu sichern. Die Wanze verf\u00fcgt \u00fcber ganze 32 GB Speicher, sodass ausreichend Kapazit\u00e4t f\u00fcr lange Aufnahmen vorhanden ist. Au\u00dferdem nutzt sie moderne Technologien und verbraucht wenig Strom, sodass sie lange ohne Aufladen arbeiten kann. Dank dieser Wanze m\u00fcssen Sie keine Angst haben, wichtige Gespr\u00e4che oder Informationen zu verlieren, und Sie k\u00f6nnen Gespr\u00e4che live \u00fcber die mobile App mith\u00f6ren.<\/p>","protected":false},"excerpt":{"rendered":"<p>Technische Parameter: Audio\u00fcbertragung: WI-FI, h\u00f6chste Tonqualit\u00e4t Im Set enthalten: 32 GB Speicherkarte Gibt keinerlei Ger\u00e4usche von sich Externe Mikrofonl\u00e4nge 1,5 Meter Kann ohne externes Mikrofon&#8230;<\/p>","protected":false},"featured_media":26433,"template":"","meta":[],"etheme_brands":[],"product_brand":[],"product_cat":[208,214,221,222],"product_tag":[79],"class_list":{"0":"post-16381","1":"product","2":"type-product","3":"status-publish","4":"has-post-thumbnail","6":"product_cat-16-abhoergeraete","7":"product_cat-21-professionelle-abhoergeraete","8":"product_cat-34-verlaengerungskabel-mit-abhoertechnik","9":"product_cat-35-wlan-abhoergeraete-neu","10":"product_tag-gsm-wanze","11":"pa_typ-abhoerwanze","13":"first","14":"instock","15":"taxable","16":"shipping-taxable","17":"purchasable","18":"product-type-simple"},"yoast_head":"<!-- This site is optimized with the Yoast SEO Premium plugin v25.9 (Yoast SEO v27.4) - https:\/\/yoast.com\/product\/yoast-seo-premium-wordpress\/ -->\n<title>Wi-Fi Abh\u00f6rwanze mit externem Mikrofon funktioniert bis zu 4 Monaten ohne Aufladen<\/title>\n<meta name=\"description\" content=\"Abh\u00f6rger\u00e4te funktionieren im Akkubetrieb bis zu 4 Monate ohne Aufladung, mit h\u00f6chster Tonqualit\u00e4t. Es gibt keine vergleichbaren Produkte auf dem Markt. Wir schulen Sie in der Anwendung und konfigurieren die Ortungsger\u00e4te.\" \/>\n<meta name=\"robots\" content=\"index, follow, max-snippet:-1, max-image-preview:large, max-video-preview:-1\" \/>\n<link rel=\"canonical\" href=\"https:\/\/www.ortungsgerate.de\/ru\/16-proslushivayushcheye-oborudovaniye-2\/35-wlan-proslushivayushcheye-oborudovaniye\/pro-seriya-wlan-podslushivayuschee-ustroystvo-s-vneshnim-mikrofonom-vremya-raboty-do-4-mesyatsev\/\" \/>\n<meta property=\"og:locale\" content=\"ru_RU\" \/>\n<meta property=\"og:type\" content=\"article\" \/>\n<meta property=\"og:title\" content=\"PRO Serie WLAN Abh\u00f6rwanze mit externem Mikrofon, Betriebsdauer bis zu 4 Monaten\" \/>\n<meta property=\"og:description\" content=\"Abh\u00f6rger\u00e4te funktionieren im Akkubetrieb bis zu 4 Monate ohne Aufladung, mit h\u00f6chster Tonqualit\u00e4t. Es gibt keine vergleichbaren Produkte auf dem Markt. Wir schulen Sie in der Anwendung und konfigurieren die Ortungsger\u00e4te.\" \/>\n<meta property=\"og:url\" content=\"https:\/\/www.ortungsgerate.de\/ru\/16-proslushivayushcheye-oborudovaniye-2\/35-wlan-proslushivayushcheye-oborudovaniye\/pro-seriya-wlan-podslushivayuschee-ustroystvo-s-vneshnim-mikrofonom-vremya-raboty-do-4-mesyatsev\/\" \/>\n<meta property=\"og:site_name\" content=\"Ortungsger\u00e4te.de\" \/>\n<meta property=\"article:modified_time\" content=\"2025-11-26T17:01:36+00:00\" \/>\n<meta property=\"og:image\" content=\"https:\/\/www.ortungsgerate.de\/wp-content\/uploads\/wifi-pasiklausymo-blake-diktofonas-veikia-iki-4-menesiu-be-pakrovimo.jpg\" \/>\n\t<meta property=\"og:image:width\" content=\"731\" \/>\n\t<meta property=\"og:image:height\" content=\"791\" \/>\n\t<meta property=\"og:image:type\" content=\"image\/jpeg\" \/>\n<meta name=\"twitter:card\" content=\"summary_large_image\" \/>\n<meta name=\"twitter:label1\" content=\"\u041f\u0440\u0438\u043c\u0435\u0440\u043d\u043e\u0435 \u0432\u0440\u0435\u043c\u044f \u0434\u043b\u044f \u0447\u0442\u0435\u043d\u0438\u044f\" \/>\n\t<meta name=\"twitter:data1\" content=\"2 \u043c\u0438\u043d\u0443\u0442\u044b\" \/>\n<script type=\"application\/ld+json\" class=\"yoast-schema-graph\">{\"@context\":\"https:\\\/\\\/schema.org\",\"@graph\":[{\"@type\":\"WebPage\",\"@id\":\"https:\\\/\\\/www.ortungsgerate.de\\\/16-abhoergeraete\\\/35-wlan-abhoergeraete-neu\\\/pro-serie-wlan-abhoerwanze-mit-externem-mikrofon-betriebsdauer-bis-zu-4-monaten\\\/\",\"url\":\"https:\\\/\\\/www.ortungsgerate.de\\\/16-abhoergeraete\\\/35-wlan-abhoergeraete-neu\\\/pro-serie-wlan-abhoerwanze-mit-externem-mikrofon-betriebsdauer-bis-zu-4-monaten\\\/\",\"name\":\"Wi-Fi Abh\u00f6rwanze mit externem Mikrofon funktioniert bis zu 4 Monaten ohne Aufladen\",\"isPartOf\":{\"@id\":\"https:\\\/\\\/www.ortungsgerate.de\\\/#website\"},\"primaryImageOfPage\":{\"@id\":\"https:\\\/\\\/www.ortungsgerate.de\\\/16-abhoergeraete\\\/35-wlan-abhoergeraete-neu\\\/pro-serie-wlan-abhoerwanze-mit-externem-mikrofon-betriebsdauer-bis-zu-4-monaten\\\/#primaryimage\"},\"image\":{\"@id\":\"https:\\\/\\\/www.ortungsgerate.de\\\/16-abhoergeraete\\\/35-wlan-abhoergeraete-neu\\\/pro-serie-wlan-abhoerwanze-mit-externem-mikrofon-betriebsdauer-bis-zu-4-monaten\\\/#primaryimage\"},\"thumbnailUrl\":\"https:\\\/\\\/www.ortungsgerate.de\\\/wp-content\\\/uploads\\\/wifi-pasiklausymo-blake-diktofonas-veikia-iki-4-menesiu-be-pakrovimo.jpg\",\"datePublished\":\"2024-02-06T19:39:07+00:00\",\"dateModified\":\"2025-11-26T17:01:36+00:00\",\"description\":\"Abh\u00f6rger\u00e4te funktionieren im Akkubetrieb bis zu 4 Monate ohne Aufladung, mit h\u00f6chster Tonqualit\u00e4t. Es gibt keine vergleichbaren Produkte auf dem Markt. Wir schulen Sie in der Anwendung und konfigurieren die Ortungsger\u00e4te.\",\"breadcrumb\":{\"@id\":\"https:\\\/\\\/www.ortungsgerate.de\\\/16-abhoergeraete\\\/35-wlan-abhoergeraete-neu\\\/pro-serie-wlan-abhoerwanze-mit-externem-mikrofon-betriebsdauer-bis-zu-4-monaten\\\/#breadcrumb\"},\"inLanguage\":\"ru-RU\",\"potentialAction\":[{\"@type\":\"ReadAction\",\"target\":[\"https:\\\/\\\/www.ortungsgerate.de\\\/16-abhoergeraete\\\/35-wlan-abhoergeraete-neu\\\/pro-serie-wlan-abhoerwanze-mit-externem-mikrofon-betriebsdauer-bis-zu-4-monaten\\\/\"]}]},{\"@type\":\"ImageObject\",\"inLanguage\":\"ru-RU\",\"@id\":\"https:\\\/\\\/www.ortungsgerate.de\\\/16-abhoergeraete\\\/35-wlan-abhoergeraete-neu\\\/pro-serie-wlan-abhoerwanze-mit-externem-mikrofon-betriebsdauer-bis-zu-4-monaten\\\/#primaryimage\",\"url\":\"https:\\\/\\\/www.ortungsgerate.de\\\/wp-content\\\/uploads\\\/wifi-pasiklausymo-blake-diktofonas-veikia-iki-4-menesiu-be-pakrovimo.jpg\",\"contentUrl\":\"https:\\\/\\\/www.ortungsgerate.de\\\/wp-content\\\/uploads\\\/wifi-pasiklausymo-blake-diktofonas-veikia-iki-4-menesiu-be-pakrovimo.jpg\",\"width\":731,\"height\":791,\"caption\":\"WLAN Abh\u00f6rwanze Diktierger\u00e4t funktioniert bis zu 4 Monaten ohne Aufladen\"},{\"@type\":\"BreadcrumbList\",\"@id\":\"https:\\\/\\\/www.ortungsgerate.de\\\/16-abhoergeraete\\\/35-wlan-abhoergeraete-neu\\\/pro-serie-wlan-abhoerwanze-mit-externem-mikrofon-betriebsdauer-bis-zu-4-monaten\\\/#breadcrumb\",\"itemListElement\":[{\"@type\":\"ListItem\",\"position\":1,\"name\":\"Startseite\",\"item\":\"https:\\\/\\\/www.ortungsgerate.de\\\/\"},{\"@type\":\"ListItem\",\"position\":2,\"name\":\"Shop\",\"item\":\"https:\\\/\\\/www.ortungsgerate.de\\\/shop\\\/\"},{\"@type\":\"ListItem\",\"position\":3,\"name\":\"PRO Serie WLAN Abh\u00f6rwanze mit externem Mikrofon, Betriebsdauer bis zu 4 Monaten\"}]},{\"@type\":\"WebSite\",\"@id\":\"https:\\\/\\\/www.ortungsgerate.de\\\/#website\",\"url\":\"https:\\\/\\\/www.ortungsgerate.de\\\/\",\"name\":\"Ortungsgerate.de\",\"description\":\"\",\"publisher\":{\"@id\":\"https:\\\/\\\/www.ortungsgerate.de\\\/#organization\"},\"potentialAction\":[{\"@type\":\"SearchAction\",\"target\":{\"@type\":\"EntryPoint\",\"urlTemplate\":\"https:\\\/\\\/www.ortungsgerate.de\\\/?s={search_term_string}\"},\"query-input\":{\"@type\":\"PropertyValueSpecification\",\"valueRequired\":true,\"valueName\":\"search_term_string\"}}],\"inLanguage\":\"ru-RU\"},{\"@type\":\"Organization\",\"@id\":\"https:\\\/\\\/www.ortungsgerate.de\\\/#organization\",\"name\":\"Ortungsgerate.de\",\"url\":\"https:\\\/\\\/www.ortungsgerate.de\\\/\",\"logo\":{\"@type\":\"ImageObject\",\"inLanguage\":\"ru-RU\",\"@id\":\"https:\\\/\\\/www.ortungsgerate.de\\\/#\\\/schema\\\/logo\\\/image\\\/\",\"url\":\"https:\\\/\\\/www.ortungsgerate.de\\\/wp-content\\\/uploads\\\/ortungsgerate.png\",\"contentUrl\":\"https:\\\/\\\/www.ortungsgerate.de\\\/wp-content\\\/uploads\\\/ortungsgerate.png\",\"width\":500,\"height\":135,\"caption\":\"Ortungsgerate.de\"},\"image\":{\"@id\":\"https:\\\/\\\/www.ortungsgerate.de\\\/#\\\/schema\\\/logo\\\/image\\\/\"}}]}<\/script>\n<!-- \/ Yoast SEO Premium plugin. -->","yoast_head_json":{"title":"Wi-Fi Abh\u00f6rwanze mit externem Mikrofon funktioniert bis zu 4 Monaten ohne Aufladen","description":"Abh\u00f6rger\u00e4te funktionieren im Akkubetrieb bis zu 4 Monate ohne Aufladung, mit h\u00f6chster Tonqualit\u00e4t. Es gibt keine vergleichbaren Produkte auf dem Markt. Wir schulen Sie in der Anwendung und konfigurieren die Ortungsger\u00e4te.","robots":{"index":"index","follow":"follow","max-snippet":"max-snippet:-1","max-image-preview":"max-image-preview:large","max-video-preview":"max-video-preview:-1"},"canonical":"https:\/\/www.ortungsgerate.de\/ru\/16-proslushivayushcheye-oborudovaniye-2\/35-wlan-proslushivayushcheye-oborudovaniye\/pro-seriya-wlan-podslushivayuschee-ustroystvo-s-vneshnim-mikrofonom-vremya-raboty-do-4-mesyatsev\/","og_locale":"ru_RU","og_type":"article","og_title":"PRO Serie WLAN Abh\u00f6rwanze mit externem Mikrofon, Betriebsdauer bis zu 4 Monaten","og_description":"Abh\u00f6rger\u00e4te funktionieren im Akkubetrieb bis zu 4 Monate ohne Aufladung, mit h\u00f6chster Tonqualit\u00e4t. Es gibt keine vergleichbaren Produkte auf dem Markt. Wir schulen Sie in der Anwendung und konfigurieren die Ortungsger\u00e4te.","og_url":"https:\/\/www.ortungsgerate.de\/ru\/16-proslushivayushcheye-oborudovaniye-2\/35-wlan-proslushivayushcheye-oborudovaniye\/pro-seriya-wlan-podslushivayuschee-ustroystvo-s-vneshnim-mikrofonom-vremya-raboty-do-4-mesyatsev\/","og_site_name":"Ortungsger\u00e4te.de","article_modified_time":"2025-11-26T17:01:36+00:00","og_image":[{"width":731,"height":791,"url":"https:\/\/www.ortungsgerate.de\/wp-content\/uploads\/wifi-pasiklausymo-blake-diktofonas-veikia-iki-4-menesiu-be-pakrovimo.jpg","type":"image\/jpeg"}],"twitter_card":"summary_large_image","twitter_misc":{"\u041f\u0440\u0438\u043c\u0435\u0440\u043d\u043e\u0435 \u0432\u0440\u0435\u043c\u044f \u0434\u043b\u044f \u0447\u0442\u0435\u043d\u0438\u044f":"2 \u043c\u0438\u043d\u0443\u0442\u044b"},"schema":{"@context":"https:\/\/schema.org","@graph":[{"@type":"WebPage","@id":"https:\/\/www.ortungsgerate.de\/16-abhoergeraete\/35-wlan-abhoergeraete-neu\/pro-serie-wlan-abhoerwanze-mit-externem-mikrofon-betriebsdauer-bis-zu-4-monaten\/","url":"https:\/\/www.ortungsgerate.de\/16-abhoergeraete\/35-wlan-abhoergeraete-neu\/pro-serie-wlan-abhoerwanze-mit-externem-mikrofon-betriebsdauer-bis-zu-4-monaten\/","name":"Wi-Fi Abh\u00f6rwanze mit externem Mikrofon funktioniert bis zu 4 Monaten ohne Aufladen","isPartOf":{"@id":"https:\/\/www.ortungsgerate.de\/#website"},"primaryImageOfPage":{"@id":"https:\/\/www.ortungsgerate.de\/16-abhoergeraete\/35-wlan-abhoergeraete-neu\/pro-serie-wlan-abhoerwanze-mit-externem-mikrofon-betriebsdauer-bis-zu-4-monaten\/#primaryimage"},"image":{"@id":"https:\/\/www.ortungsgerate.de\/16-abhoergeraete\/35-wlan-abhoergeraete-neu\/pro-serie-wlan-abhoerwanze-mit-externem-mikrofon-betriebsdauer-bis-zu-4-monaten\/#primaryimage"},"thumbnailUrl":"https:\/\/www.ortungsgerate.de\/wp-content\/uploads\/wifi-pasiklausymo-blake-diktofonas-veikia-iki-4-menesiu-be-pakrovimo.jpg","datePublished":"2024-02-06T19:39:07+00:00","dateModified":"2025-11-26T17:01:36+00:00","description":"Abh\u00f6rger\u00e4te funktionieren im Akkubetrieb bis zu 4 Monate ohne Aufladung, mit h\u00f6chster Tonqualit\u00e4t. Es gibt keine vergleichbaren Produkte auf dem Markt. Wir schulen Sie in der Anwendung und konfigurieren die Ortungsger\u00e4te.","breadcrumb":{"@id":"https:\/\/www.ortungsgerate.de\/16-abhoergeraete\/35-wlan-abhoergeraete-neu\/pro-serie-wlan-abhoerwanze-mit-externem-mikrofon-betriebsdauer-bis-zu-4-monaten\/#breadcrumb"},"inLanguage":"ru-RU","potentialAction":[{"@type":"ReadAction","target":["https:\/\/www.ortungsgerate.de\/16-abhoergeraete\/35-wlan-abhoergeraete-neu\/pro-serie-wlan-abhoerwanze-mit-externem-mikrofon-betriebsdauer-bis-zu-4-monaten\/"]}]},{"@type":"ImageObject","inLanguage":"ru-RU","@id":"https:\/\/www.ortungsgerate.de\/16-abhoergeraete\/35-wlan-abhoergeraete-neu\/pro-serie-wlan-abhoerwanze-mit-externem-mikrofon-betriebsdauer-bis-zu-4-monaten\/#primaryimage","url":"https:\/\/www.ortungsgerate.de\/wp-content\/uploads\/wifi-pasiklausymo-blake-diktofonas-veikia-iki-4-menesiu-be-pakrovimo.jpg","contentUrl":"https:\/\/www.ortungsgerate.de\/wp-content\/uploads\/wifi-pasiklausymo-blake-diktofonas-veikia-iki-4-menesiu-be-pakrovimo.jpg","width":731,"height":791,"caption":"WLAN Abh\u00f6rwanze Diktierger\u00e4t funktioniert bis zu 4 Monaten ohne Aufladen"},{"@type":"BreadcrumbList","@id":"https:\/\/www.ortungsgerate.de\/16-abhoergeraete\/35-wlan-abhoergeraete-neu\/pro-serie-wlan-abhoerwanze-mit-externem-mikrofon-betriebsdauer-bis-zu-4-monaten\/#breadcrumb","itemListElement":[{"@type":"ListItem","position":1,"name":"Startseite","item":"https:\/\/www.ortungsgerate.de\/"},{"@type":"ListItem","position":2,"name":"Shop","item":"https:\/\/www.ortungsgerate.de\/shop\/"},{"@type":"ListItem","position":3,"name":"PRO Serie WLAN Abh\u00f6rwanze mit externem Mikrofon, Betriebsdauer bis zu 4 Monaten"}]},{"@type":"WebSite","@id":"https:\/\/www.ortungsgerate.de\/#website","url":"https:\/\/www.ortungsgerate.de\/","name":"Ortungsgerate.de","description":"","publisher":{"@id":"https:\/\/www.ortungsgerate.de\/#organization"},"potentialAction":[{"@type":"SearchAction","target":{"@type":"EntryPoint","urlTemplate":"https:\/\/www.ortungsgerate.de\/?s={search_term_string}"},"query-input":{"@type":"PropertyValueSpecification","valueRequired":true,"valueName":"search_term_string"}}],"inLanguage":"ru-RU"},{"@type":"Organization","@id":"https:\/\/www.ortungsgerate.de\/#organization","name":"Ortungsgerate.de","url":"https:\/\/www.ortungsgerate.de\/","logo":{"@type":"ImageObject","inLanguage":"ru-RU","@id":"https:\/\/www.ortungsgerate.de\/#\/schema\/logo\/image\/","url":"https:\/\/www.ortungsgerate.de\/wp-content\/uploads\/ortungsgerate.png","contentUrl":"https:\/\/www.ortungsgerate.de\/wp-content\/uploads\/ortungsgerate.png","width":500,"height":135,"caption":"Ortungsgerate.de"},"image":{"@id":"https:\/\/www.ortungsgerate.de\/#\/schema\/logo\/image\/"}}]}},"_links":{"self":[{"href":"https:\/\/www.ortungsgerate.de\/ru\/wp-json\/wp\/v2\/product\/16381","targetHints":{"allow":["GET"]}}],"collection":[{"href":"https:\/\/www.ortungsgerate.de\/ru\/wp-json\/wp\/v2\/product"}],"about":[{"href":"https:\/\/www.ortungsgerate.de\/ru\/wp-json\/wp\/v2\/types\/product"}],"version-history":[{"count":0,"href":"https:\/\/www.ortungsgerate.de\/ru\/wp-json\/wp\/v2\/product\/16381\/revisions"}],"wp:featuredmedia":[{"embeddable":true,"href":"https:\/\/www.ortungsgerate.de\/ru\/wp-json\/wp\/v2\/media\/26433"}],"wp:attachment":[{"href":"https:\/\/www.ortungsgerate.de\/ru\/wp-json\/wp\/v2\/media?parent=16381"}],"wp:term":[{"taxonomy":"brand","embeddable":true,"href":"https:\/\/www.ortungsgerate.de\/ru\/wp-json\/wp\/v2\/etheme_brands?post=16381"},{"taxonomy":"product_brand","embeddable":true,"href":"https:\/\/www.ortungsgerate.de\/ru\/wp-json\/wp\/v2\/product_brand?post=16381"},{"taxonomy":"product_cat","embeddable":true,"href":"https:\/\/www.ortungsgerate.de\/ru\/wp-json\/wp\/v2\/product_cat?post=16381"},{"taxonomy":"product_tag","embeddable":true,"href":"https:\/\/www.ortungsgerate.de\/ru\/wp-json\/wp\/v2\/product_tag?post=16381"}],"curies":[{"name":"wp","href":"https:\/\/api.w.org\/{rel}","templated":true}]}}