{"id":16385,"date":"2024-02-07T11:40:07","date_gmt":"2024-02-07T09:40:07","guid":{"rendered":"https:\/\/ortungsgerate.de\/be-kategorijos\/wifi-marsrutizatorius-tp-link-su-imontuota-slapta-kamera-32gb\/"},"modified":"2025-12-01T11:26:01","modified_gmt":"2025-12-01T10:26:01","slug":"wifi-router-tp-link-s-vstroennoy-skrytoy-kameroy-32gb","status":"publish","type":"product","link":"https:\/\/www.ortungsgerate.de\/ru\/12-skrytyje-kamery\/17-zamaskirovanyje-kamery\/wifi-router-tp-link-s-vstroennoy-skrytoy-kameroy-32gb\/","title":{"rendered":"WIFI \u0440\u043e\u0443\u0442\u0435\u0440 TP-LINK \u0441 \u0432\u0441\u0442\u0440\u043e\u0435\u043d\u043d\u043e\u0439 \u0441\u043a\u0440\u044b\u0442\u043e\u0439 \u043a\u0430\u043c\u0435\u0440\u043e\u0439 32GB"},"content":{"rendered":"<p><strong>\u0410\u041a\u0426\u0418\u042f: Micro SD 32GB \u0432 \u043f\u043e\u0434\u0430\u0440\u043e\u043a<\/strong><\/p>\n<p><strong>\u0422\u0435\u0445\u043d\u0438\u0447\u0435\u0441\u043a\u0438\u0435 \u043f\u0430\u0440\u0430\u043c\u0435\u0442\u0440\u044b:<\/strong><\/p>\n<ul>\n<li>Router TP-LINK<\/li>\n<li>\u0412\u0438\u0434\u0435\u043e\u0437\u0430\u043f\u0438\u0441\u044c \u0441\u043e \u0437\u0432\u0443\u043a\u043e\u043c<\/li>\n<li>Bewegungserkennung (es kommt eine Benachrichtigung auf das Telefon, wenn sich jemand im Raum bewegt)<\/li>\n<li>Unterst\u00fctzung von Speicherkarten: micro SD von 16 bis 128 GB<\/li>\n<li>Aufl\u00f6sung der Aufzeichnung: FULL HD<\/li>\n<li>\u0423\u0433\u043e\u043b: 110 \u00b0<\/li>\n<li>Nachtsicht: Keine<\/li>\n<li>\u041e\u043d\u043b\u0430\u0439\u043d-\u043c\u043e\u043d\u0438\u0442\u043e\u0440\u0438\u043d\u0433 \u0447\u0435\u0440\u0435\u0437 \u0438\u043d\u0442\u0435\u0440\u043d\u0435\u0442 (\u0447\u0435\u0440\u0435\u0437 \u043c\u043e\u0431\u0438\u043b\u044c\u043d\u043e\u0435 \u043f\u0440\u0438\u043b\u043e\u0436\u0435\u043d\u0438\u0435)<\/li>\n<li>Kontinuierliche Videoaufzeichnung (\u00fcberschreibend)<\/li>\n<li>\u0412\u0438\u0434\u0435\u043e\u043a\u043e\u0434\u0438\u0440\u043e\u0432\u0430\u043d\u0438\u0435: H264<\/li>\n<li>Lieferumfang: Wifi-Kamera, Anleitung<\/li>\n<li><strong>\u0413\u0410\u0420\u0410\u041d\u0422\u0418\u042f 12 \u043c\u0435\u0441\u044f\u0446\u0435\u0432<\/strong><\/li>\n<\/ul>\n<p>Verwendung: Zum Schutz Ihrer selbst und Ihrer Kinder.<\/p>\n<p>TP Link funktionsf\u00e4higer Router, keine Attrappe, mit versteckter Videokamera. Das Bild k\u00f6nnen Sie live \u00fcber die mobile App verfolgen. Es gibt viele verschiedene Einstellungen, das Bild kann ab Bewegung oder dauerhaft aufgezeichnet werden (ich empfehle die Aufzeichnung ab Bewegung, so m\u00fcssen Sie keine Aufnahmen ohne Ereignisse ansehen). Die versteckte Kamera nimmt Videoaufnahmen mit Ton auf. Im Set ist eine 32-GB-Speicherkarte enthalten, die f\u00fcr eine ununterbrochene Daueraufzeichnung von etwa 4 Tagen ausreicht. Wenn wir ab Bewegung aufzeichnen, nimmt 1 Stunde Aufnahme etwa 350\u2013400 MB ein (abh\u00e4ngig von der Farbpalette). Die versteckte Kamera ist einsatzbereit, Sie m\u00fcssen nur den TP LINK Wifi-Router an das Netz anschlie\u00dfen.<\/p>\n<p><strong>WIFI-Router TP-LINK mit integrierter versteckter Kamera 32GB<\/strong><\/p>\n<p>Zwar werden recht h\u00e4ufig <a href=\"https:\/\/www.ortungsgerate.de\/ru\/12-skrytyje-kamery\/\">\u0441\u043a\u0440\u044b\u0442\u044b\u0435 \u043a\u0430\u043c\u0435\u0440\u044b<\/a> verwendet, die nur andere Haushaltsger\u00e4te imitieren, jedoch erf\u00fcllt der TP Link Router mit versteckter Kamera eine doppelte Funktion: Er funktioniert als normaler Router und zeichnet Videoaufnahmen auf. Die aufgezeichneten Videos k\u00f6nnen Sie in Echtzeit \u00fcber die Smartphone-App verfolgen.<\/p>\n<p>Dieses Ger\u00e4t kann zum Schutz Ihrer selbst oder Ihrer Kinder eingesetzt werden. Zum Beispiel k\u00f6nnen Sie diese Kamera verwenden, wenn Sie herausfinden m\u00f6chten, was die Kinder tun, wenn sie alleine zu Hause bleiben. Wenn Sie bef\u00fcrchten, dass sich bestimmte Personen (z. B. Handwerker, Babysitter oder Haushaltshilfen) in Ihrem Zuhause unangemessen verhalten, hilft Ihnen die versteckte Kamera, Zweifel auszur\u00e4umen. Videoaufnahmen k\u00f6nnen kontinuierlich oder nur dann aufgezeichnet werden, wenn im Raum eine Bewegung erkannt wird. Wenn Sie die Sichtung zahlreicher leerer Aufnahmen vermeiden m\u00f6chten, stellen Sie die Kamera so ein, dass sie nur bei Bewegung aktiviert wird.<\/p>\n<p>Der TP Link Router mit versteckter Kamera zeichnet mit Ton auf, sodass Sie noch mehr n\u00fctzliche Informationen dar\u00fcber erhalten k\u00f6nnen, was im \u00fcberwachten Raum geschieht.<\/p>\n<p>Im Lieferumfang des Router-Versteckte-Kamera-Sets ist eine 32-GB-Speicherkarte enthalten, deren Kapazit\u00e4t ausreicht, um 4 Tage lang ununterbrochen Videoaufnahmen zu speichern. Eine Stunde Videoaufnahme belegt etwa 350\u2013400 MB Speicherplatz, sp\u00e4ter werden die Aufnahmen \u00fcber die \u00e4ltesten Dateien gespeichert. Es kann auch eine Speicherkarte mit gr\u00f6\u00dferer Kapazit\u00e4t verwendet werden (bis zu 128 MB). Wenn Sie aus Angst vor Platzmangel auf der Speicherkarte nichts Wichtiges verpassen m\u00f6chten, w\u00e4hlen Sie die Aufzeichnung nur bei erkannter Bewegung.<\/p>\n<p>Der Router mit versteckter Kamera ist sehr einfach zu bedienen: Es gen\u00fcgt, den Router an das Netz anzuschlie\u00dfen.<\/p>","protected":false},"excerpt":{"rendered":"<p>AKTION: Micro SD 32GB als Geschenk Technische Parameter: Router TP-LINK Videoaufzeichnung mit Ton Bewegungserkennung (es kommt eine Benachrichtigung auf das Telefon, wenn sich jemand im&#8230;<\/p>","protected":false},"featured_media":2263,"template":"","meta":[],"etheme_brands":[],"product_brand":[],"product_cat":[204,203,205],"product_tag":[42,707,705,690,693],"class_list":{"0":"post-16385","1":"product","2":"type-product","3":"status-publish","4":"has-post-thumbnail","6":"product_cat-17-getarnte-kameras","7":"product_cat-12-versteckte-kameras","8":"product_cat-27-wlan-minikameras","9":"product_tag-kamera","10":"product_tag-kamera-uhr","11":"product_tag-ueberwachungskamera","12":"product_tag-versteckte-kamera","13":"product_tag-wlan-kamera","14":"pa_typ-wlan-router-repeater","16":"first","17":"instock","18":"sale","19":"taxable","20":"shipping-taxable","21":"purchasable","22":"product-type-simple"},"yoast_head":"<!-- This site is optimized with the Yoast SEO Premium plugin v25.9 (Yoast SEO v27.4) - https:\/\/yoast.com\/product\/yoast-seo-premium-wordpress\/ -->\n<title>TP LINK WIFI Router Modem mit versteckter Kamera 32GB<\/title>\n<meta name=\"description\" content=\"WIFI Modem Router mit integrierter versteckter \u00dcberwachungskamera. Mini Kamera mit hochaufl\u00f6sender Bildqualit\u00e4t. 32GB interner Speicher, funktionsf\u00e4higer Modem\" \/>\n<meta name=\"robots\" content=\"index, follow, max-snippet:-1, max-image-preview:large, max-video-preview:-1\" \/>\n<link rel=\"canonical\" href=\"https:\/\/www.ortungsgerate.de\/ru\/12-skrytyje-kamery\/27-wlan-mini-kamery\/wifi-router-tp-link-s-vstroennoy-skrytoy-kameroy-32gb\/\" \/>\n<meta property=\"og:locale\" content=\"ru_RU\" \/>\n<meta property=\"og:type\" content=\"article\" \/>\n<meta property=\"og:title\" content=\"WIFI Router TP-LINK mit integrierter versteckter Kamera 32GB\" \/>\n<meta property=\"og:description\" content=\"WIFI Modem Router mit integrierter versteckter \u00dcberwachungskamera. Mini Kamera mit hochaufl\u00f6sender Bildqualit\u00e4t. 32GB interner Speicher, funktionsf\u00e4higer Modem\" \/>\n<meta property=\"og:url\" content=\"https:\/\/www.ortungsgerate.de\/ru\/12-skrytyje-kamery\/27-wlan-mini-kamery\/wifi-router-tp-link-s-vstroennoy-skrytoy-kameroy-32gb\/\" \/>\n<meta property=\"og:site_name\" content=\"Ortungsger\u00e4te.de\" \/>\n<meta property=\"article:modified_time\" content=\"2025-12-01T10:26:01+00:00\" \/>\n<meta property=\"og:image\" content=\"https:\/\/www.ortungsgerate.de\/wp-content\/uploads\/wifi-marsrutizatorius-tp-link-su-imontuota-slapta-kamera-32gb-1.jpg\" \/>\n\t<meta property=\"og:image:width\" content=\"1020\" \/>\n\t<meta property=\"og:image:height\" content=\"570\" \/>\n\t<meta property=\"og:image:type\" content=\"image\/jpeg\" \/>\n<meta name=\"twitter:card\" content=\"summary_large_image\" \/>\n<meta name=\"twitter:label1\" content=\"\u041f\u0440\u0438\u043c\u0435\u0440\u043d\u043e\u0435 \u0432\u0440\u0435\u043c\u044f \u0434\u043b\u044f \u0447\u0442\u0435\u043d\u0438\u044f\" \/>\n\t<meta name=\"twitter:data1\" content=\"3 \u043c\u0438\u043d\u0443\u0442\u044b\" \/>\n<script type=\"application\/ld+json\" class=\"yoast-schema-graph\">{\"@context\":\"https:\\\/\\\/schema.org\",\"@graph\":[{\"@type\":\"WebPage\",\"@id\":\"https:\\\/\\\/www.ortungsgerate.de\\\/12-versteckte-kameras\\\/27-wlan-minikameras\\\/wifi-router-tp-link-mit-integrierter-versteckter-kamera-32gb\\\/\",\"url\":\"https:\\\/\\\/www.ortungsgerate.de\\\/12-versteckte-kameras\\\/27-wlan-minikameras\\\/wifi-router-tp-link-mit-integrierter-versteckter-kamera-32gb\\\/\",\"name\":\"TP LINK WIFI Router Modem mit versteckter Kamera 32GB\",\"isPartOf\":{\"@id\":\"https:\\\/\\\/www.ortungsgerate.de\\\/#website\"},\"primaryImageOfPage\":{\"@id\":\"https:\\\/\\\/www.ortungsgerate.de\\\/12-versteckte-kameras\\\/27-wlan-minikameras\\\/wifi-router-tp-link-mit-integrierter-versteckter-kamera-32gb\\\/#primaryimage\"},\"image\":{\"@id\":\"https:\\\/\\\/www.ortungsgerate.de\\\/12-versteckte-kameras\\\/27-wlan-minikameras\\\/wifi-router-tp-link-mit-integrierter-versteckter-kamera-32gb\\\/#primaryimage\"},\"thumbnailUrl\":\"https:\\\/\\\/www.ortungsgerate.de\\\/wp-content\\\/uploads\\\/wifi-marsrutizatorius-tp-link-su-imontuota-slapta-kamera-32gb-1.jpg\",\"datePublished\":\"2024-02-07T09:40:07+00:00\",\"dateModified\":\"2025-12-01T10:26:01+00:00\",\"description\":\"WIFI Modem Router mit integrierter versteckter \u00dcberwachungskamera. Mini Kamera mit hochaufl\u00f6sender Bildqualit\u00e4t. 32GB interner Speicher, funktionsf\u00e4higer Modem\",\"breadcrumb\":{\"@id\":\"https:\\\/\\\/www.ortungsgerate.de\\\/12-versteckte-kameras\\\/27-wlan-minikameras\\\/wifi-router-tp-link-mit-integrierter-versteckter-kamera-32gb\\\/#breadcrumb\"},\"inLanguage\":\"ru-RU\",\"potentialAction\":[{\"@type\":\"ReadAction\",\"target\":[\"https:\\\/\\\/www.ortungsgerate.de\\\/12-versteckte-kameras\\\/27-wlan-minikameras\\\/wifi-router-tp-link-mit-integrierter-versteckter-kamera-32gb\\\/\"]}]},{\"@type\":\"ImageObject\",\"inLanguage\":\"ru-RU\",\"@id\":\"https:\\\/\\\/www.ortungsgerate.de\\\/12-versteckte-kameras\\\/27-wlan-minikameras\\\/wifi-router-tp-link-mit-integrierter-versteckter-kamera-32gb\\\/#primaryimage\",\"url\":\"https:\\\/\\\/www.ortungsgerate.de\\\/wp-content\\\/uploads\\\/wifi-marsrutizatorius-tp-link-su-imontuota-slapta-kamera-32gb-1.jpg\",\"contentUrl\":\"https:\\\/\\\/www.ortungsgerate.de\\\/wp-content\\\/uploads\\\/wifi-marsrutizatorius-tp-link-su-imontuota-slapta-kamera-32gb-1.jpg\",\"width\":1020,\"height\":570,\"caption\":\"TP Link Modem mit versteckter Kamera\"},{\"@type\":\"BreadcrumbList\",\"@id\":\"https:\\\/\\\/www.ortungsgerate.de\\\/12-versteckte-kameras\\\/27-wlan-minikameras\\\/wifi-router-tp-link-mit-integrierter-versteckter-kamera-32gb\\\/#breadcrumb\",\"itemListElement\":[{\"@type\":\"ListItem\",\"position\":1,\"name\":\"Startseite\",\"item\":\"https:\\\/\\\/www.ortungsgerate.de\\\/\"},{\"@type\":\"ListItem\",\"position\":2,\"name\":\"Shop\",\"item\":\"https:\\\/\\\/www.ortungsgerate.de\\\/shop\\\/\"},{\"@type\":\"ListItem\",\"position\":3,\"name\":\"WIFI Router TP-LINK mit integrierter versteckter Kamera 32GB\"}]},{\"@type\":\"WebSite\",\"@id\":\"https:\\\/\\\/www.ortungsgerate.de\\\/#website\",\"url\":\"https:\\\/\\\/www.ortungsgerate.de\\\/\",\"name\":\"Ortungsgerate.de\",\"description\":\"\",\"publisher\":{\"@id\":\"https:\\\/\\\/www.ortungsgerate.de\\\/#organization\"},\"potentialAction\":[{\"@type\":\"SearchAction\",\"target\":{\"@type\":\"EntryPoint\",\"urlTemplate\":\"https:\\\/\\\/www.ortungsgerate.de\\\/?s={search_term_string}\"},\"query-input\":{\"@type\":\"PropertyValueSpecification\",\"valueRequired\":true,\"valueName\":\"search_term_string\"}}],\"inLanguage\":\"ru-RU\"},{\"@type\":\"Organization\",\"@id\":\"https:\\\/\\\/www.ortungsgerate.de\\\/#organization\",\"name\":\"Ortungsgerate.de\",\"url\":\"https:\\\/\\\/www.ortungsgerate.de\\\/\",\"logo\":{\"@type\":\"ImageObject\",\"inLanguage\":\"ru-RU\",\"@id\":\"https:\\\/\\\/www.ortungsgerate.de\\\/#\\\/schema\\\/logo\\\/image\\\/\",\"url\":\"https:\\\/\\\/www.ortungsgerate.de\\\/wp-content\\\/uploads\\\/ortungsgerate.png\",\"contentUrl\":\"https:\\\/\\\/www.ortungsgerate.de\\\/wp-content\\\/uploads\\\/ortungsgerate.png\",\"width\":500,\"height\":135,\"caption\":\"Ortungsgerate.de\"},\"image\":{\"@id\":\"https:\\\/\\\/www.ortungsgerate.de\\\/#\\\/schema\\\/logo\\\/image\\\/\"}}]}<\/script>\n<!-- \/ Yoast SEO Premium plugin. -->","yoast_head_json":{"title":"TP LINK WIFI Router Modem mit versteckter Kamera 32GB","description":"WIFI Modem Router mit integrierter versteckter \u00dcberwachungskamera. Mini Kamera mit hochaufl\u00f6sender Bildqualit\u00e4t. 32GB interner Speicher, funktionsf\u00e4higer Modem","robots":{"index":"index","follow":"follow","max-snippet":"max-snippet:-1","max-image-preview":"max-image-preview:large","max-video-preview":"max-video-preview:-1"},"canonical":"https:\/\/www.ortungsgerate.de\/ru\/12-skrytyje-kamery\/27-wlan-mini-kamery\/wifi-router-tp-link-s-vstroennoy-skrytoy-kameroy-32gb\/","og_locale":"ru_RU","og_type":"article","og_title":"WIFI Router TP-LINK mit integrierter versteckter Kamera 32GB","og_description":"WIFI Modem Router mit integrierter versteckter \u00dcberwachungskamera. Mini Kamera mit hochaufl\u00f6sender Bildqualit\u00e4t. 32GB interner Speicher, funktionsf\u00e4higer Modem","og_url":"https:\/\/www.ortungsgerate.de\/ru\/12-skrytyje-kamery\/27-wlan-mini-kamery\/wifi-router-tp-link-s-vstroennoy-skrytoy-kameroy-32gb\/","og_site_name":"Ortungsger\u00e4te.de","article_modified_time":"2025-12-01T10:26:01+00:00","og_image":[{"width":1020,"height":570,"url":"https:\/\/www.ortungsgerate.de\/wp-content\/uploads\/wifi-marsrutizatorius-tp-link-su-imontuota-slapta-kamera-32gb-1.jpg","type":"image\/jpeg"}],"twitter_card":"summary_large_image","twitter_misc":{"\u041f\u0440\u0438\u043c\u0435\u0440\u043d\u043e\u0435 \u0432\u0440\u0435\u043c\u044f \u0434\u043b\u044f \u0447\u0442\u0435\u043d\u0438\u044f":"3 \u043c\u0438\u043d\u0443\u0442\u044b"},"schema":{"@context":"https:\/\/schema.org","@graph":[{"@type":"WebPage","@id":"https:\/\/www.ortungsgerate.de\/12-versteckte-kameras\/27-wlan-minikameras\/wifi-router-tp-link-mit-integrierter-versteckter-kamera-32gb\/","url":"https:\/\/www.ortungsgerate.de\/12-versteckte-kameras\/27-wlan-minikameras\/wifi-router-tp-link-mit-integrierter-versteckter-kamera-32gb\/","name":"TP LINK WIFI Router Modem mit versteckter Kamera 32GB","isPartOf":{"@id":"https:\/\/www.ortungsgerate.de\/#website"},"primaryImageOfPage":{"@id":"https:\/\/www.ortungsgerate.de\/12-versteckte-kameras\/27-wlan-minikameras\/wifi-router-tp-link-mit-integrierter-versteckter-kamera-32gb\/#primaryimage"},"image":{"@id":"https:\/\/www.ortungsgerate.de\/12-versteckte-kameras\/27-wlan-minikameras\/wifi-router-tp-link-mit-integrierter-versteckter-kamera-32gb\/#primaryimage"},"thumbnailUrl":"https:\/\/www.ortungsgerate.de\/wp-content\/uploads\/wifi-marsrutizatorius-tp-link-su-imontuota-slapta-kamera-32gb-1.jpg","datePublished":"2024-02-07T09:40:07+00:00","dateModified":"2025-12-01T10:26:01+00:00","description":"WIFI Modem Router mit integrierter versteckter \u00dcberwachungskamera. Mini Kamera mit hochaufl\u00f6sender Bildqualit\u00e4t. 32GB interner Speicher, funktionsf\u00e4higer Modem","breadcrumb":{"@id":"https:\/\/www.ortungsgerate.de\/12-versteckte-kameras\/27-wlan-minikameras\/wifi-router-tp-link-mit-integrierter-versteckter-kamera-32gb\/#breadcrumb"},"inLanguage":"ru-RU","potentialAction":[{"@type":"ReadAction","target":["https:\/\/www.ortungsgerate.de\/12-versteckte-kameras\/27-wlan-minikameras\/wifi-router-tp-link-mit-integrierter-versteckter-kamera-32gb\/"]}]},{"@type":"ImageObject","inLanguage":"ru-RU","@id":"https:\/\/www.ortungsgerate.de\/12-versteckte-kameras\/27-wlan-minikameras\/wifi-router-tp-link-mit-integrierter-versteckter-kamera-32gb\/#primaryimage","url":"https:\/\/www.ortungsgerate.de\/wp-content\/uploads\/wifi-marsrutizatorius-tp-link-su-imontuota-slapta-kamera-32gb-1.jpg","contentUrl":"https:\/\/www.ortungsgerate.de\/wp-content\/uploads\/wifi-marsrutizatorius-tp-link-su-imontuota-slapta-kamera-32gb-1.jpg","width":1020,"height":570,"caption":"TP Link Modem mit versteckter Kamera"},{"@type":"BreadcrumbList","@id":"https:\/\/www.ortungsgerate.de\/12-versteckte-kameras\/27-wlan-minikameras\/wifi-router-tp-link-mit-integrierter-versteckter-kamera-32gb\/#breadcrumb","itemListElement":[{"@type":"ListItem","position":1,"name":"Startseite","item":"https:\/\/www.ortungsgerate.de\/"},{"@type":"ListItem","position":2,"name":"Shop","item":"https:\/\/www.ortungsgerate.de\/shop\/"},{"@type":"ListItem","position":3,"name":"WIFI Router TP-LINK mit integrierter versteckter Kamera 32GB"}]},{"@type":"WebSite","@id":"https:\/\/www.ortungsgerate.de\/#website","url":"https:\/\/www.ortungsgerate.de\/","name":"Ortungsgerate.de","description":"","publisher":{"@id":"https:\/\/www.ortungsgerate.de\/#organization"},"potentialAction":[{"@type":"SearchAction","target":{"@type":"EntryPoint","urlTemplate":"https:\/\/www.ortungsgerate.de\/?s={search_term_string}"},"query-input":{"@type":"PropertyValueSpecification","valueRequired":true,"valueName":"search_term_string"}}],"inLanguage":"ru-RU"},{"@type":"Organization","@id":"https:\/\/www.ortungsgerate.de\/#organization","name":"Ortungsgerate.de","url":"https:\/\/www.ortungsgerate.de\/","logo":{"@type":"ImageObject","inLanguage":"ru-RU","@id":"https:\/\/www.ortungsgerate.de\/#\/schema\/logo\/image\/","url":"https:\/\/www.ortungsgerate.de\/wp-content\/uploads\/ortungsgerate.png","contentUrl":"https:\/\/www.ortungsgerate.de\/wp-content\/uploads\/ortungsgerate.png","width":500,"height":135,"caption":"Ortungsgerate.de"},"image":{"@id":"https:\/\/www.ortungsgerate.de\/#\/schema\/logo\/image\/"}}]}},"_links":{"self":[{"href":"https:\/\/www.ortungsgerate.de\/ru\/wp-json\/wp\/v2\/product\/16385","targetHints":{"allow":["GET"]}}],"collection":[{"href":"https:\/\/www.ortungsgerate.de\/ru\/wp-json\/wp\/v2\/product"}],"about":[{"href":"https:\/\/www.ortungsgerate.de\/ru\/wp-json\/wp\/v2\/types\/product"}],"version-history":[{"count":0,"href":"https:\/\/www.ortungsgerate.de\/ru\/wp-json\/wp\/v2\/product\/16385\/revisions"}],"wp:featuredmedia":[{"embeddable":true,"href":"https:\/\/www.ortungsgerate.de\/ru\/wp-json\/wp\/v2\/media\/2263"}],"wp:attachment":[{"href":"https:\/\/www.ortungsgerate.de\/ru\/wp-json\/wp\/v2\/media?parent=16385"}],"wp:term":[{"taxonomy":"brand","embeddable":true,"href":"https:\/\/www.ortungsgerate.de\/ru\/wp-json\/wp\/v2\/etheme_brands?post=16385"},{"taxonomy":"product_brand","embeddable":true,"href":"https:\/\/www.ortungsgerate.de\/ru\/wp-json\/wp\/v2\/product_brand?post=16385"},{"taxonomy":"product_cat","embeddable":true,"href":"https:\/\/www.ortungsgerate.de\/ru\/wp-json\/wp\/v2\/product_cat?post=16385"},{"taxonomy":"product_tag","embeddable":true,"href":"https:\/\/www.ortungsgerate.de\/ru\/wp-json\/wp\/v2\/product_tag?post=16385"}],"curies":[{"name":"wp","href":"https:\/\/api.w.org\/{rel}","templated":true}]}}