{"id":16390,"date":"2024-02-06T21:36:22","date_gmt":"2024-02-06T19:36:22","guid":{"rendered":"https:\/\/ortungsgerate.de\/be-kategorijos\/profesionali-gsm-blake-su-isorinu-mikrofonu-lengvai-paslepiama-20-paru-budejimas\/"},"modified":"2025-11-26T19:01:36","modified_gmt":"2025-11-26T17:01:36","slug":"professionalnoe-gsm-podslushivayuschee-ustroystvo-s-vneshnim-mikrofonom-legko-skryt-bolee-20-dney-v-rezhime-ozhidaniya","status":"publish","type":"product","link":"https:\/\/www.ortungsgerate.de\/ru\/16-proslushivayushcheye-oborudovaniye-2\/22-gsm-podslushivayushcheye-ustroystvo-zhuchki-2\/professionalnoe-gsm-podslushivayuschee-ustroystvo-s-vneshnim-mikrofonom-legko-skryt-bolee-20-dney-v-rezhime-ozhidaniya\/","title":{"rendered":"\u041f\u0440\u043e\u0444\u0435\u0441\u0441\u0438\u043e\u043d\u0430\u043b\u044c\u043d\u043e\u0435 GSM-\u043f\u043e\u0434\u0441\u043b\u0443\u0448\u0438\u0432\u0430\u044e\u0449\u0435\u0435 \u0443\u0441\u0442\u0440\u043e\u0439\u0441\u0442\u0432\u043e \u0441 \u0432\u043d\u0435\u0448\u043d\u0438\u043c \u043c\u0438\u043a\u0440\u043e\u0444\u043e\u043d\u043e\u043c, \u043b\u0435\u0433\u043a\u043e \u0441\u043a\u0440\u044b\u0442\u044c, \u0431\u043e\u043b\u0435\u0435 20 \u0434\u043d\u0435\u0439 \u0432 \u0440\u0435\u0436\u0438\u043c\u0435 \u043e\u0436\u0438\u0434\u0430\u043d\u0438\u044f"},"content":{"rendered":"<p><strong>\u0422\u0435\u0445\u043d\u0438\u0447\u0435\u0441\u043a\u0438\u0435 \u043f\u0430\u0440\u0430\u043c\u0435\u0442\u0440\u044b:<\/strong><\/p>\n<ul>\n<li>Art der Audio\u00fcbertragung: \u00fcber GSM-Netz<\/li>\n<li>Frequenzen: vier m\u00f6gliche, funktioniert international: 850 MHz, 900 MHz, 1800 MHz und 1900 MHz<\/li>\n<li>\u0422\u0438\u043f \u0431\u0430\u0442\u0430\u0440\u0435\u0438: \u043b\u0438\u0442\u0438\u0439-\u0438\u043e\u043d\u043d\u0430\u044f (\u0432\u043d\u0443\u0442\u0440\u0435\u043d\u043d\u044f\u044f)<\/li>\n<li>Mikrofon: 9 cm, leicht zu verbergen; hochwertige Tonqualit\u00e4t<\/li>\n<li>Akkulaufzeit: im Standby-Modus bis zu 20 Tage; beim Abh\u00f6ren 8-10 Stunden<\/li>\n<li>Abh\u00f6rger\u00e4t Abmessungen: 40mm x 27mm x 7mm<\/li>\n<li><strong>\u0413\u0410\u0420\u0410\u041d\u0422\u0418\u042f 12 \u043c\u0435\u0441\u044f\u0446\u0435\u0432<\/strong><\/li>\n<\/ul>\n<p><span style=\"color: #d0121a;\"><strong>   <\/strong><\/span><\/p>\n<p>\u0418\u0441\u043f\u043e\u043b\u044c\u0437\u043e\u0432\u0430\u043d\u0438\u0435: \u0414\u043b\u044f \u0432\u0430\u0448\u0435\u0439 \u0441\u043e\u0431\u0441\u0442\u0432\u0435\u043d\u043d\u043e\u0439 \u0431\u0435\u0437\u043e\u043f\u0430\u0441\u043d\u043e\u0441\u0442\u0438 \u0438 \u0431\u0435\u0437\u043e\u043f\u0430\u0441\u043d\u043e\u0441\u0442\u0438 \u0432\u0430\u0448\u0438\u0445 \u0434\u0435\u0442\u0435\u0439.<\/p>\n<p><strong>\u041a\u043e\u043c\u043f\u043b\u0435\u043a\u0442\u0430\u0446\u0438\u044f<\/strong><\/p>\n<ul>\n<li>Abh\u00f6rger\u00e4t (GSM-Wanze; \u201eLONGLIFE 20 +\u201c)<\/li>\n<li>Mikrofon (extern; 9 cm)<\/li>\n<li>Ladeger\u00e4t (Kabel und Adapter)<\/li>\n<li>Befestigungsaufkleber<\/li>\n<\/ul>\n<p>Leicht zu verbergende, hochwertige GSM-Abh\u00f6rwanze. In das Geh\u00e4use der Wanze wird eine Mobilfunkkarte eingelegt, die ein \u00e4u\u00dferst einfaches Abh\u00f6ren erm\u00f6glicht \u2013 Sie m\u00fcssen lediglich die mit der SIM-Karte verkn\u00fcpfte Nummer anrufen, und k\u00f6nnen mit Ihrem Mobiltelefon anh\u00f6ren, was in der Umgebung des Ger\u00e4ts geschieht. Das Mikrofon der Wanze befindet sich an einem Kabel, daher ist es sehr einfach zu verstecken und so maximale Vertraulichkeit zu gew\u00e4hrleisten.<br \/>\nDie Abh\u00f6rwanze ist zuverl\u00e4ssig und funktional \u2013 ihre Akkulaufzeit \u00fcbertrifft Standardger\u00e4te dieser Art sogar um das Sechsfache und kann im Standby-Modus bis zu zwanzig Tage betragen. Zus\u00e4tzlich kann eine Funktion gew\u00e4hlt werden, bei der das Ger\u00e4t \u00fcber erkannte Ger\u00e4usche in der Umgebung informiert (ein Anruf an die angegebene Nummer wird ausgel\u00f6st).<br \/>\nIn das Abh\u00f6rger\u00e4t muss eine SIM-Karte eingesetzt werden. Das Abh\u00f6ren ist auch dann aktiv, wenn Sie sich in einem anderen Land befinden (nach dem Anrufprinzip k\u00f6nnen Umgebungsger\u00e4usche auch im Ausland abgeh\u00f6rt werden).<\/p>\n<p>&nbsp;<\/p>\n<div class=\"iframe-container\"><iframe src=\"https:\/\/www.youtube.com\/embed\/FNJygHL6gfQ\" width=\"560\" height=\"315\" frameborder=\"0\"><\/iframe><\/div>\n<div class=\"iframe-container\">\n<p><strong>Professionelle GSM-Wanze mit externem Mikrofon, leicht zu verbergen, bis zu 20+ Tage Standby<\/strong><\/p>\n<p>Die \u00fcber Mobilfunk arbeitende Abh\u00f6rwanze ist eine der beliebtesten L\u00f6sungen. Ein solches Ger\u00e4t bew\u00e4hrt sich aus verschiedenen Gr\u00fcnden: Gespr\u00e4che minderj\u00e4hriger Kinder k\u00f6nnen nicht nur in Litauen, sondern auch im Ausland abgeh\u00f6rt werden, das Ger\u00e4t ist sehr einfach zu bedienen und der \u00fcbertragene Klang ist sehr klar und hochwertig. Die professionelle GSM-Abh\u00f6rwanze ist sehr leicht zu verbergen, es kann der geeignetste Standby-Modus des Ger\u00e4ts gew\u00e4hlt werden usw. Wenn Sie also bestimmte vertrauliche Informationen sammeln m\u00f6chten, k\u00f6nnen Sie den Kauf eines solchen Ger\u00e4ts in Betracht ziehen \u2013 es ist seinen Preis auf jeden Fall wert.<\/p>\n<p>Die professionelle GSM-Wanze hat sehr geringe Abmessungen (40mm x 27mm x 7mm), sodass Sie sie problemlos in einem Raum, in einer Tasche oder anderswo platzieren k\u00f6nnen. Die Funktionsweise des Ger\u00e4ts ist sehr einfach: In die GSM-Wanze wird eine SIM-Karte des gew\u00e4hlten Anbieters eingesetzt, und durch Anruf der ihr zugewiesenen Nummer k\u00f6nnen Sie anh\u00f6ren, was in der Umgebung dieses Ger\u00e4ts geschieht. Es kann n\u00fctzlich sein, nicht nur Gespr\u00e4che, sondern auch Umgebungsger\u00e4usche abzuh\u00f6ren, da dies hilft festzustellen, wo sich die beobachtete Person gerade befindet usw. Die Ger\u00e4usche k\u00f6nnen Sie selbst anh\u00f6ren, indem Sie die dem Ger\u00e4t zugewiesene Telefonnummer anrufen, oder Sie k\u00f6nnen sie ununterbrochen abh\u00f6ren. Der gew\u00e4hlte Modus beeinflusst die Standby-Dauer des Akkus: Wenn Sie die Ger\u00e4usche ununterbrochen abh\u00f6ren, ist der Akku des Ger\u00e4ts nach 8-10 Stunden entladen, und wenn Sie sich f\u00fcr den Standby-Modus entscheiden, funktioniert der Akku bis zu 20 Tage.<\/p>\n<p>Die professionelle GSM-Wanze funktioniert nicht nur in Litauen, sondern auch in anderen L\u00e4ndern, sodass Sie auch dann weiterhin Gespr\u00e4che abh\u00f6ren k\u00f6nnen, wenn sich die beobachtete Person au\u00dferhalb des Staatsgebiets befindet. Dieses Ger\u00e4t arbeitet mit vier Frequenzen (850 MHz, 900 MHz, 1800 MHz und 1900 MHz), sodass Sie sicher sein k\u00f6nnen, dass Sie die gew\u00fcnschte Information erhalten, selbst wenn Sie sich nicht im selben Land befinden.<\/p>\n<p>Zum Lieferumfang des Ger\u00e4ts geh\u00f6ren eine professionelle GSM-Wanze, ein externes 9 cm langes Mikrofon, das eine besonders hochwertige Audio\u00fcbertragung gew\u00e4hrleistet, ein Ladeger\u00e4t sowie Befestigungsaufkleber. Dieses Ger\u00e4t l\u00e4sst sich sehr einfach in verschiedenen R\u00e4umen, im Auto oder an bestimmten Gegenst\u00e4nden befestigen, sodass Sie sicher sein k\u00f6nnen, dass die Verwendung dieses Ger\u00e4ts keinerlei Unannehmlichkeiten verursacht.<\/p>\n<\/div>","protected":false},"excerpt":{"rendered":"<p>Technische Parameter: Art der Audio\u00fcbertragung: \u00fcber GSM-Netz Frequenzen: vier m\u00f6gliche, funktioniert international: 850 MHz, 900 MHz, 1800 MHz und 1900 MHz Batterietyp: Lithium-Ionen (intern) Mikrofon:&#8230;<\/p>","protected":false},"featured_media":1331,"template":"","meta":[],"etheme_brands":[],"product_brand":[],"product_cat":[208,211,214],"product_tag":[79],"class_list":{"0":"post-16390","1":"product","2":"type-product","3":"status-publish","4":"has-post-thumbnail","6":"product_cat-16-abhoergeraete","7":"product_cat-22-gsm-abhoergeraete-wanzen","8":"product_cat-21-professionelle-abhoergeraete","9":"product_tag-gsm-wanze","10":"pa_typ-abhoerwanze","12":"first","13":"instock","14":"sale","15":"taxable","16":"shipping-taxable","17":"purchasable","18":"product-type-simple"},"yoast_head":"<!-- This site is optimized with the Yoast SEO Premium plugin v25.9 (Yoast SEO v27.4) - https:\/\/yoast.com\/product\/yoast-seo-premium-wordpress\/ -->\n<title>Professioneller GSM-Abh\u00f6rsender mit externem Mikrofon 9 cm<\/title>\n<meta name=\"description\" content=\"Professionelle Abh\u00f6rtechnik GSM Wanze mit externem Mikrofon, 9 cm lang. 20 Tage Standby-Zeit, ideale Tonqualit\u00e4t. Die beste auf dem Markt erh\u00e4ltliche Wanze\" \/>\n<meta name=\"robots\" content=\"index, follow, max-snippet:-1, max-image-preview:large, max-video-preview:-1\" \/>\n<link rel=\"canonical\" href=\"https:\/\/www.ortungsgerate.de\/ru\/16-proslushivayushcheye-oborudovaniye-2\/21-profesionalnoje-proslushivayushcheye-oborudovaniye\/professionalnoe-gsm-podslushivayuschee-ustroystvo-s-vneshnim-mikrofonom-legko-skryt-bolee-20-dney-v-rezhime-ozhidaniya\/\" \/>\n<meta property=\"og:locale\" content=\"ru_RU\" \/>\n<meta property=\"og:type\" content=\"article\" \/>\n<meta property=\"og:title\" content=\"Professionelle GSM-Wanze mit externem Mikrofon, leicht zu verbergen, \u00fcber 20 Tage Standby-Betrieb\" \/>\n<meta property=\"og:description\" content=\"Professionelle Abh\u00f6rtechnik GSM Wanze mit externem Mikrofon, 9 cm lang. 20 Tage Standby-Zeit, ideale Tonqualit\u00e4t. Die beste auf dem Markt erh\u00e4ltliche Wanze\" \/>\n<meta property=\"og:url\" content=\"https:\/\/www.ortungsgerate.de\/ru\/16-proslushivayushcheye-oborudovaniye-2\/21-profesionalnoje-proslushivayushcheye-oborudovaniye\/professionalnoe-gsm-podslushivayuschee-ustroystvo-s-vneshnim-mikrofonom-legko-skryt-bolee-20-dney-v-rezhime-ozhidaniya\/\" \/>\n<meta property=\"og:site_name\" content=\"Ortungsger\u00e4te.de\" \/>\n<meta property=\"article:modified_time\" content=\"2025-11-26T17:01:36+00:00\" \/>\n<meta property=\"og:image\" content=\"https:\/\/www.ortungsgerate.de\/wp-content\/uploads\/profesionali-pasiklausymo-gsm-blake-su-isoriniu-mikrofonu-9cm-ilgio.jpg\" \/>\n\t<meta property=\"og:image:width\" content=\"473\" \/>\n\t<meta property=\"og:image:height\" content=\"321\" \/>\n\t<meta property=\"og:image:type\" content=\"image\/jpeg\" \/>\n<meta name=\"twitter:card\" content=\"summary_large_image\" \/>\n<meta name=\"twitter:label1\" content=\"\u041f\u0440\u0438\u043c\u0435\u0440\u043d\u043e\u0435 \u0432\u0440\u0435\u043c\u044f \u0434\u043b\u044f \u0447\u0442\u0435\u043d\u0438\u044f\" \/>\n\t<meta name=\"twitter:data1\" content=\"4 \u043c\u0438\u043d\u0443\u0442\u044b\" \/>\n<script type=\"application\/ld+json\" class=\"yoast-schema-graph\">{\"@context\":\"https:\\\/\\\/schema.org\",\"@graph\":[{\"@type\":\"WebPage\",\"@id\":\"https:\\\/\\\/www.ortungsgerate.de\\\/16-abhoergeraete\\\/21-professionelle-abhoergeraete\\\/professionelle-gsm-wanze-mit-externem-mikrofon-leicht-zu-verbergen-ueber-20-tage-standby-betrieb\\\/\",\"url\":\"https:\\\/\\\/www.ortungsgerate.de\\\/16-abhoergeraete\\\/21-professionelle-abhoergeraete\\\/professionelle-gsm-wanze-mit-externem-mikrofon-leicht-zu-verbergen-ueber-20-tage-standby-betrieb\\\/\",\"name\":\"Professioneller GSM-Abh\u00f6rsender mit externem Mikrofon 9 cm\",\"isPartOf\":{\"@id\":\"https:\\\/\\\/www.ortungsgerate.de\\\/#website\"},\"primaryImageOfPage\":{\"@id\":\"https:\\\/\\\/www.ortungsgerate.de\\\/16-abhoergeraete\\\/21-professionelle-abhoergeraete\\\/professionelle-gsm-wanze-mit-externem-mikrofon-leicht-zu-verbergen-ueber-20-tage-standby-betrieb\\\/#primaryimage\"},\"image\":{\"@id\":\"https:\\\/\\\/www.ortungsgerate.de\\\/16-abhoergeraete\\\/21-professionelle-abhoergeraete\\\/professionelle-gsm-wanze-mit-externem-mikrofon-leicht-zu-verbergen-ueber-20-tage-standby-betrieb\\\/#primaryimage\"},\"thumbnailUrl\":\"https:\\\/\\\/www.ortungsgerate.de\\\/wp-content\\\/uploads\\\/profesionali-pasiklausymo-gsm-blake-su-isoriniu-mikrofonu-9cm-ilgio.jpg\",\"datePublished\":\"2024-02-06T19:36:22+00:00\",\"dateModified\":\"2025-11-26T17:01:36+00:00\",\"description\":\"Professionelle Abh\u00f6rtechnik GSM Wanze mit externem Mikrofon, 9 cm lang. 20 Tage Standby-Zeit, ideale Tonqualit\u00e4t. Die beste auf dem Markt erh\u00e4ltliche Wanze\",\"breadcrumb\":{\"@id\":\"https:\\\/\\\/www.ortungsgerate.de\\\/16-abhoergeraete\\\/21-professionelle-abhoergeraete\\\/professionelle-gsm-wanze-mit-externem-mikrofon-leicht-zu-verbergen-ueber-20-tage-standby-betrieb\\\/#breadcrumb\"},\"inLanguage\":\"ru-RU\",\"potentialAction\":[{\"@type\":\"ReadAction\",\"target\":[\"https:\\\/\\\/www.ortungsgerate.de\\\/16-abhoergeraete\\\/21-professionelle-abhoergeraete\\\/professionelle-gsm-wanze-mit-externem-mikrofon-leicht-zu-verbergen-ueber-20-tage-standby-betrieb\\\/\"]}]},{\"@type\":\"ImageObject\",\"inLanguage\":\"ru-RU\",\"@id\":\"https:\\\/\\\/www.ortungsgerate.de\\\/16-abhoergeraete\\\/21-professionelle-abhoergeraete\\\/professionelle-gsm-wanze-mit-externem-mikrofon-leicht-zu-verbergen-ueber-20-tage-standby-betrieb\\\/#primaryimage\",\"url\":\"https:\\\/\\\/www.ortungsgerate.de\\\/wp-content\\\/uploads\\\/profesionali-pasiklausymo-gsm-blake-su-isoriniu-mikrofonu-9cm-ilgio.jpg\",\"contentUrl\":\"https:\\\/\\\/www.ortungsgerate.de\\\/wp-content\\\/uploads\\\/profesionali-pasiklausymo-gsm-blake-su-isoriniu-mikrofonu-9cm-ilgio.jpg\",\"width\":473,\"height\":321,\"caption\":\"Professioneller GSM-Abh\u00f6rsender 20 Tage Standby-Zeit\"},{\"@type\":\"BreadcrumbList\",\"@id\":\"https:\\\/\\\/www.ortungsgerate.de\\\/16-abhoergeraete\\\/21-professionelle-abhoergeraete\\\/professionelle-gsm-wanze-mit-externem-mikrofon-leicht-zu-verbergen-ueber-20-tage-standby-betrieb\\\/#breadcrumb\",\"itemListElement\":[{\"@type\":\"ListItem\",\"position\":1,\"name\":\"Startseite\",\"item\":\"https:\\\/\\\/www.ortungsgerate.de\\\/\"},{\"@type\":\"ListItem\",\"position\":2,\"name\":\"Shop\",\"item\":\"https:\\\/\\\/www.ortungsgerate.de\\\/shop\\\/\"},{\"@type\":\"ListItem\",\"position\":3,\"name\":\"Professionelle GSM-Wanze mit externem Mikrofon, leicht zu verbergen, \u00fcber 20 Tage Standby-Betrieb\"}]},{\"@type\":\"WebSite\",\"@id\":\"https:\\\/\\\/www.ortungsgerate.de\\\/#website\",\"url\":\"https:\\\/\\\/www.ortungsgerate.de\\\/\",\"name\":\"Ortungsgerate.de\",\"description\":\"\",\"publisher\":{\"@id\":\"https:\\\/\\\/www.ortungsgerate.de\\\/#organization\"},\"potentialAction\":[{\"@type\":\"SearchAction\",\"target\":{\"@type\":\"EntryPoint\",\"urlTemplate\":\"https:\\\/\\\/www.ortungsgerate.de\\\/?s={search_term_string}\"},\"query-input\":{\"@type\":\"PropertyValueSpecification\",\"valueRequired\":true,\"valueName\":\"search_term_string\"}}],\"inLanguage\":\"ru-RU\"},{\"@type\":\"Organization\",\"@id\":\"https:\\\/\\\/www.ortungsgerate.de\\\/#organization\",\"name\":\"Ortungsgerate.de\",\"url\":\"https:\\\/\\\/www.ortungsgerate.de\\\/\",\"logo\":{\"@type\":\"ImageObject\",\"inLanguage\":\"ru-RU\",\"@id\":\"https:\\\/\\\/www.ortungsgerate.de\\\/#\\\/schema\\\/logo\\\/image\\\/\",\"url\":\"https:\\\/\\\/www.ortungsgerate.de\\\/wp-content\\\/uploads\\\/ortungsgerate.png\",\"contentUrl\":\"https:\\\/\\\/www.ortungsgerate.de\\\/wp-content\\\/uploads\\\/ortungsgerate.png\",\"width\":500,\"height\":135,\"caption\":\"Ortungsgerate.de\"},\"image\":{\"@id\":\"https:\\\/\\\/www.ortungsgerate.de\\\/#\\\/schema\\\/logo\\\/image\\\/\"}}]}<\/script>\n<!-- \/ Yoast SEO Premium plugin. -->","yoast_head_json":{"title":"Professioneller GSM-Abh\u00f6rsender mit externem Mikrofon 9 cm","description":"Professionelle Abh\u00f6rtechnik GSM Wanze mit externem Mikrofon, 9 cm lang. 20 Tage Standby-Zeit, ideale Tonqualit\u00e4t. Die beste auf dem Markt erh\u00e4ltliche Wanze","robots":{"index":"index","follow":"follow","max-snippet":"max-snippet:-1","max-image-preview":"max-image-preview:large","max-video-preview":"max-video-preview:-1"},"canonical":"https:\/\/www.ortungsgerate.de\/ru\/16-proslushivayushcheye-oborudovaniye-2\/21-profesionalnoje-proslushivayushcheye-oborudovaniye\/professionalnoe-gsm-podslushivayuschee-ustroystvo-s-vneshnim-mikrofonom-legko-skryt-bolee-20-dney-v-rezhime-ozhidaniya\/","og_locale":"ru_RU","og_type":"article","og_title":"Professionelle GSM-Wanze mit externem Mikrofon, leicht zu verbergen, \u00fcber 20 Tage Standby-Betrieb","og_description":"Professionelle Abh\u00f6rtechnik GSM Wanze mit externem Mikrofon, 9 cm lang. 20 Tage Standby-Zeit, ideale Tonqualit\u00e4t. Die beste auf dem Markt erh\u00e4ltliche Wanze","og_url":"https:\/\/www.ortungsgerate.de\/ru\/16-proslushivayushcheye-oborudovaniye-2\/21-profesionalnoje-proslushivayushcheye-oborudovaniye\/professionalnoe-gsm-podslushivayuschee-ustroystvo-s-vneshnim-mikrofonom-legko-skryt-bolee-20-dney-v-rezhime-ozhidaniya\/","og_site_name":"Ortungsger\u00e4te.de","article_modified_time":"2025-11-26T17:01:36+00:00","og_image":[{"width":473,"height":321,"url":"https:\/\/www.ortungsgerate.de\/wp-content\/uploads\/profesionali-pasiklausymo-gsm-blake-su-isoriniu-mikrofonu-9cm-ilgio.jpg","type":"image\/jpeg"}],"twitter_card":"summary_large_image","twitter_misc":{"\u041f\u0440\u0438\u043c\u0435\u0440\u043d\u043e\u0435 \u0432\u0440\u0435\u043c\u044f \u0434\u043b\u044f \u0447\u0442\u0435\u043d\u0438\u044f":"4 \u043c\u0438\u043d\u0443\u0442\u044b"},"schema":{"@context":"https:\/\/schema.org","@graph":[{"@type":"WebPage","@id":"https:\/\/www.ortungsgerate.de\/16-abhoergeraete\/21-professionelle-abhoergeraete\/professionelle-gsm-wanze-mit-externem-mikrofon-leicht-zu-verbergen-ueber-20-tage-standby-betrieb\/","url":"https:\/\/www.ortungsgerate.de\/16-abhoergeraete\/21-professionelle-abhoergeraete\/professionelle-gsm-wanze-mit-externem-mikrofon-leicht-zu-verbergen-ueber-20-tage-standby-betrieb\/","name":"Professioneller GSM-Abh\u00f6rsender mit externem Mikrofon 9 cm","isPartOf":{"@id":"https:\/\/www.ortungsgerate.de\/#website"},"primaryImageOfPage":{"@id":"https:\/\/www.ortungsgerate.de\/16-abhoergeraete\/21-professionelle-abhoergeraete\/professionelle-gsm-wanze-mit-externem-mikrofon-leicht-zu-verbergen-ueber-20-tage-standby-betrieb\/#primaryimage"},"image":{"@id":"https:\/\/www.ortungsgerate.de\/16-abhoergeraete\/21-professionelle-abhoergeraete\/professionelle-gsm-wanze-mit-externem-mikrofon-leicht-zu-verbergen-ueber-20-tage-standby-betrieb\/#primaryimage"},"thumbnailUrl":"https:\/\/www.ortungsgerate.de\/wp-content\/uploads\/profesionali-pasiklausymo-gsm-blake-su-isoriniu-mikrofonu-9cm-ilgio.jpg","datePublished":"2024-02-06T19:36:22+00:00","dateModified":"2025-11-26T17:01:36+00:00","description":"Professionelle Abh\u00f6rtechnik GSM Wanze mit externem Mikrofon, 9 cm lang. 20 Tage Standby-Zeit, ideale Tonqualit\u00e4t. Die beste auf dem Markt erh\u00e4ltliche Wanze","breadcrumb":{"@id":"https:\/\/www.ortungsgerate.de\/16-abhoergeraete\/21-professionelle-abhoergeraete\/professionelle-gsm-wanze-mit-externem-mikrofon-leicht-zu-verbergen-ueber-20-tage-standby-betrieb\/#breadcrumb"},"inLanguage":"ru-RU","potentialAction":[{"@type":"ReadAction","target":["https:\/\/www.ortungsgerate.de\/16-abhoergeraete\/21-professionelle-abhoergeraete\/professionelle-gsm-wanze-mit-externem-mikrofon-leicht-zu-verbergen-ueber-20-tage-standby-betrieb\/"]}]},{"@type":"ImageObject","inLanguage":"ru-RU","@id":"https:\/\/www.ortungsgerate.de\/16-abhoergeraete\/21-professionelle-abhoergeraete\/professionelle-gsm-wanze-mit-externem-mikrofon-leicht-zu-verbergen-ueber-20-tage-standby-betrieb\/#primaryimage","url":"https:\/\/www.ortungsgerate.de\/wp-content\/uploads\/profesionali-pasiklausymo-gsm-blake-su-isoriniu-mikrofonu-9cm-ilgio.jpg","contentUrl":"https:\/\/www.ortungsgerate.de\/wp-content\/uploads\/profesionali-pasiklausymo-gsm-blake-su-isoriniu-mikrofonu-9cm-ilgio.jpg","width":473,"height":321,"caption":"Professioneller GSM-Abh\u00f6rsender 20 Tage Standby-Zeit"},{"@type":"BreadcrumbList","@id":"https:\/\/www.ortungsgerate.de\/16-abhoergeraete\/21-professionelle-abhoergeraete\/professionelle-gsm-wanze-mit-externem-mikrofon-leicht-zu-verbergen-ueber-20-tage-standby-betrieb\/#breadcrumb","itemListElement":[{"@type":"ListItem","position":1,"name":"Startseite","item":"https:\/\/www.ortungsgerate.de\/"},{"@type":"ListItem","position":2,"name":"Shop","item":"https:\/\/www.ortungsgerate.de\/shop\/"},{"@type":"ListItem","position":3,"name":"Professionelle GSM-Wanze mit externem Mikrofon, leicht zu verbergen, \u00fcber 20 Tage Standby-Betrieb"}]},{"@type":"WebSite","@id":"https:\/\/www.ortungsgerate.de\/#website","url":"https:\/\/www.ortungsgerate.de\/","name":"Ortungsgerate.de","description":"","publisher":{"@id":"https:\/\/www.ortungsgerate.de\/#organization"},"potentialAction":[{"@type":"SearchAction","target":{"@type":"EntryPoint","urlTemplate":"https:\/\/www.ortungsgerate.de\/?s={search_term_string}"},"query-input":{"@type":"PropertyValueSpecification","valueRequired":true,"valueName":"search_term_string"}}],"inLanguage":"ru-RU"},{"@type":"Organization","@id":"https:\/\/www.ortungsgerate.de\/#organization","name":"Ortungsgerate.de","url":"https:\/\/www.ortungsgerate.de\/","logo":{"@type":"ImageObject","inLanguage":"ru-RU","@id":"https:\/\/www.ortungsgerate.de\/#\/schema\/logo\/image\/","url":"https:\/\/www.ortungsgerate.de\/wp-content\/uploads\/ortungsgerate.png","contentUrl":"https:\/\/www.ortungsgerate.de\/wp-content\/uploads\/ortungsgerate.png","width":500,"height":135,"caption":"Ortungsgerate.de"},"image":{"@id":"https:\/\/www.ortungsgerate.de\/#\/schema\/logo\/image\/"}}]}},"_links":{"self":[{"href":"https:\/\/www.ortungsgerate.de\/ru\/wp-json\/wp\/v2\/product\/16390","targetHints":{"allow":["GET"]}}],"collection":[{"href":"https:\/\/www.ortungsgerate.de\/ru\/wp-json\/wp\/v2\/product"}],"about":[{"href":"https:\/\/www.ortungsgerate.de\/ru\/wp-json\/wp\/v2\/types\/product"}],"version-history":[{"count":0,"href":"https:\/\/www.ortungsgerate.de\/ru\/wp-json\/wp\/v2\/product\/16390\/revisions"}],"wp:featuredmedia":[{"embeddable":true,"href":"https:\/\/www.ortungsgerate.de\/ru\/wp-json\/wp\/v2\/media\/1331"}],"wp:attachment":[{"href":"https:\/\/www.ortungsgerate.de\/ru\/wp-json\/wp\/v2\/media?parent=16390"}],"wp:term":[{"taxonomy":"brand","embeddable":true,"href":"https:\/\/www.ortungsgerate.de\/ru\/wp-json\/wp\/v2\/etheme_brands?post=16390"},{"taxonomy":"product_brand","embeddable":true,"href":"https:\/\/www.ortungsgerate.de\/ru\/wp-json\/wp\/v2\/product_brand?post=16390"},{"taxonomy":"product_cat","embeddable":true,"href":"https:\/\/www.ortungsgerate.de\/ru\/wp-json\/wp\/v2\/product_cat?post=16390"},{"taxonomy":"product_tag","embeddable":true,"href":"https:\/\/www.ortungsgerate.de\/ru\/wp-json\/wp\/v2\/product_tag?post=16390"}],"curies":[{"name":"wp","href":"https:\/\/api.w.org\/{rel}","templated":true}]}}