{"id":16393,"date":"2024-02-06T21:37:07","date_gmt":"2024-02-06T19:37:07","guid":{"rendered":"https:\/\/ortungsgerate.de\/be-kategorijos\/raksa-idet-selektyvinis-rf-detektorius\/"},"modified":"2025-11-26T19:07:36","modified_gmt":"2025-11-26T17:07:36","slug":"raksa-idet-selektivnyy-rf-detektor-2","status":"publish","type":"product","link":"https:\/\/www.ortungsgerate.de\/ru\/26-detektory-2\/raksa-idet-selektivnyy-rf-detektor-2\/","title":{"rendered":"Raksa iDET \u0441\u0435\u043b\u0435\u043a\u0442\u0438\u0432\u043d\u044b\u0439 RF-\u0434\u0435\u0442\u0435\u043a\u0442\u043e\u0440"},"content":{"rendered":"<h3><strong>\u0422\u0435\u0445\u043d\u0438\u0447\u0435\u0441\u043a\u0438\u0435 \u043f\u0430\u0440\u0430\u043c\u0435\u0442\u0440\u044b:<\/strong><\/h3>\n<ul>\n<li><span style=\"color: #ff0000;\"><strong>EUROP\u00c4ISCHE VERSION 2024 \u2013 Raksa 121 LTE<\/strong><\/span><\/li>\n<li>LTE 4G \/4G + Volte<\/li>\n<li>GSM: 850\/ 900E\/ 1800 \/1900<\/li>\n<li>UMTS: 850\/ 900\/ 1800\/ 1900\/ 2100<\/li>\n<li>CMDA: 450(A-H) 800\/ 1900<\/li>\n<li>DECT:\u00a0schnurlose Telefone<\/li>\n<li>Bluetooth\u2011Ger\u00e4te<\/li>\n<li>Wi\u2011Fi\u2011Ger\u00e4te<\/li>\n<li>Funksender: AM, FM, PM<\/li>\n<li>Digitale Sender: FSK, PSK und andere<\/li>\n<li>Sender mit einer Frequenz bis zu 10 MHz<\/li>\n<li><strong>\u0413\u0410\u0420\u0410\u041d\u0422\u0418\u042f 12 \u043c\u0435\u0441\u044f\u0446\u0435\u0432<\/strong><\/li>\n<\/ul>\n<p><span style=\"color: #d0121a;\"><\/span><\/p>\n<p>Sehr kleiner und einfach zu bedienender <a href=\"https:\/\/www.ortungsgerate.de\/ru\/26-detektory-2\/\">\u041f\u043e\u0438\u0441\u043a\u043e\u0432\u0438\u043a \u0436\u0443\u0447\u043a\u043e\u0432<\/a> (Detektor) f\u00fcr GPS\u2011Wanzen, versteckte Kameras<\/p>\n<p>Es gibt einen Schutzmodus: Der <a href=\"https:\/\/www.ortungsgerate.de\/ru\/26-detektory-2\/\">Wanzendetektor<\/a> scannt alle vorhandenen Signale im Raum, und wenn ein neues Signal erscheint (z.\u00a0B. GSM, Wi\u2011Fi oder ein anderes), informiert er Sie mit einem akustischen Signal. So k\u00f6nnen Sie sich vor Personen sch\u00fctzen, die zu einem Gespr\u00e4ch mit Abh\u00f6rtechnik erscheinen. Mit diesem Ger\u00e4t finden Sie au\u00dferdem leicht im Fahrzeug versteckte GPS\u2011Tracker und GSM\u2011Abh\u00f6rwanzen.<\/p>\n<p>\u00dcberwachungsmodus: Alle analogen und digitalen Signale werden erfasst. In diesem Modus sehen Sie auf dem Display die vollst\u00e4ndige Liste der erkannten Signale, sortiert nach Frequenz oder Signaltyp.<\/p>\n<p>\u00dcberwachung digitaler Signale: vorgesehen zum Erkennen mobiler Ger\u00e4te, die (GSM\u2011Signale) aussenden, z.\u00a0B. GSM 900\/1800, UMTS (3G), CDMA450, schnurlose Telefone nach DECT\u2011Standard, Bluetooth\u2011Ger\u00e4te, Wi\u2011Fi und andere Ger\u00e4te, die Funkfrequenzen im 2,4\u2011GHz\u2011Spektrum abstrahlen. In diesem Modus werden auf dem Display alle vorhandenen digitalen Signale angezeigt.<\/p>\n<p>ACHTUNG: Kaution f\u00fcr Mietware 600\u00a0\u20ac \u2013 nach R\u00fcckgabe der Ware wird die Kaution erstattet.<\/p>\n<p><strong><span lang=\"lt\">Raksa iDET selektyvinis RF detektorius<\/span><\/strong><\/p>\n<p><span lang=\"lt\">Wenn Sie Ihre Privatsph\u00e4re sch\u00fctzen m\u00f6chten, jedoch den Verdacht haben, \u00fcberwacht zu werden, kann der selektive RF\u2011Detektor Raksa iDET helfen, Zweifel auszur\u00e4umen. Die Bedienung dieses Ger\u00e4ts ist sehr einfach, sodass Sie sicher sein k\u00f6nnen, bei Bedarf GPS\u2011Wanzen, versteckte Kameras und andere verdeckte Ger\u00e4te aufsp\u00fcren zu k\u00f6nnen.<\/span><\/p>\n<p><strong><span lang=\"lt\">Komfortable Bedienung<\/span><\/strong><\/p>\n<p><span lang=\"lt\">Der selektive RF\u2011Detektor Raksa iDET ist sehr kompakt, daher ist seine Nutzung einfach und bequem. Das Ger\u00e4t scannt die Signale von GSM\u2011, Wi\u2011Fi\u2011 und anderen Ger\u00e4ten in den R\u00e4umen und meldet gefundene Ger\u00e4te mit einem akustischen Signal. Vorteilhaft ist au\u00dferdem, dass das Ger\u00e4t \u00fcber neu im Raum auftauchende Ger\u00e4te informiert, weshalb dieses Ger\u00e4t ein ausgezeichnetes Pr\u00e4ventionsmittel darstellt. Wenn Sie beispielsweise nicht w\u00fcnschen, dass ein Gespr\u00e4ch aufgezeichnet wird, warnt Sie der selektive RF\u2011Detektor Raksa iDET vor dem Einsatz bestimmter Ger\u00e4te.<\/span><\/p>\n<p><strong><span lang=\"lt\">Gro\u00dfe Einsatzm\u00f6glichkeiten<\/span><\/strong><\/p>\n<p><span lang=\"lt\">Der Schutz der Privatsph\u00e4re ist f\u00fcr jeden von uns wichtig, doch in bestimmten Situationen ist es einfach unerl\u00e4sslich, eine m\u00f6gliche Gespr\u00e4chsaufzeichnung zu verhindern. Dieses Ger\u00e4t hilft, schnurlose Telefone, Wi\u2011Fi\u2011Ger\u00e4te, Funksender, digitale Sender usw. zu erkennen, sodass Sie mit der Wahl dieses Ger\u00e4ts vollkommen sicher sein k\u00f6nnen, dass keine vertraulichen Informationen aufgezeichnet oder auf andere Weise an Dritte \u00fcbermittelt werden. Wenn Sie bef\u00fcrchten, dass in Ihrem Fahrzeug ein GPS\u2011Tracker oder Abh\u00f6rwanzen versteckt sein k\u00f6nnten, kann Ihnen dieses Ger\u00e4t in einem solchen Fall wirklich helfen.<\/span><\/p>\n<p><strong><span lang=\"lt\">Anzeige aller gefundenen Signale<\/span><\/strong><\/p>\n<p><span lang=\"lt\">In R\u00e4umen werden h\u00e4ufig mehrere analoge oder digitale Signale gleichzeitig erkannt, daher ist es praktisch, dass auf dem Display des Ger\u00e4ts eine vollst\u00e4ndige Liste der Signale angezeigt wird (die Signale werden nach Typ und Frequenz sortiert). Der selektive RF\u2011Detektor Raksa iDET arbeitet schnell und zuverl\u00e4ssig, sodass Sie vollkommen sicher sein k\u00f6nnen, \u00fcber eine m\u00f6gliche Gespr\u00e4chsaufzeichnung oder heimliche Videoaufnahmen informiert zu werden.<\/span><\/p>\n<p><strong><span lang=\"lt\">M\u00f6glichkeit, das Ger\u00e4t zu mieten<\/span><\/strong><\/p>\n<p><span lang=\"lt\">Nicht immer besteht die Notwendigkeit, einen professionellen Detektor zu kaufen: Wenn Sie ihn nur ein- oder mehrmals nutzen, kann die Miete dieses Ger\u00e4ts eine wesentlich vorteilhaftere L\u00f6sung sein, da Sie so zu hohe Kosten vermeiden. Wenn Sie diese M\u00f6glichkeit w\u00e4hlen, m\u00fcssen Sie lediglich die Mietgeb\u00fchr und die vorgesehene Kaution bezahlen (die Kaution wird zur\u00fcckerstattet, sobald Sie das gemietete Ger\u00e4t zur\u00fcckgeben).<\/span><\/p>","protected":false},"excerpt":{"rendered":"<p>Technische Parameter: EUROP\u00c4ISCHE VERSION 2024 \u2013 Raksa 121 LTE LTE 4G \/4G + Volte GSM: 850\/ 900E\/ 1800 \/1900 UMTS: 850\/ 900\/ 1800\/ 1900\/ 2100&#8230;<\/p>","protected":false},"featured_media":1556,"template":"","meta":[],"etheme_brands":[],"product_brand":[],"product_cat":[215],"product_tag":[173],"class_list":{"0":"post-16393","1":"product","2":"type-product","3":"status-publish","4":"has-post-thumbnail","6":"product_cat-26-detektoren","7":"product_tag-raksa-idet","9":"first","10":"instock","11":"taxable","12":"shipping-taxable","13":"purchasable","14":"product-type-simple"},"yoast_head":"<!-- This site is optimized with the Yoast SEO Premium plugin v25.9 (Yoast SEO v27.4) - https:\/\/yoast.com\/product\/yoast-seo-premium-wordpress\/ -->\n<title>Raksa iDET selektiver RF-Detektor GSM GPS WI FI BLUETOOTH 2,4Ghz<\/title>\n<meta name=\"robots\" content=\"index, follow, max-snippet:-1, max-image-preview:large, max-video-preview:-1\" \/>\n<link rel=\"canonical\" href=\"https:\/\/www.ortungsgerate.de\/ru\/26-detektory-2\/raksa-idet-selektivnyy-rf-detektor-2\/\" \/>\n<meta property=\"og:locale\" content=\"ru_RU\" \/>\n<meta property=\"og:type\" content=\"article\" \/>\n<meta property=\"og:title\" content=\"Raksa iDET selektiver RF-Detektor\" \/>\n<meta property=\"og:description\" content=\"Technische Parameter: EUROP\u00c4ISCHE VERSION 2024 \u2013 Raksa 121 LTE LTE 4G \/4G + Volte GSM: 850\/ 900E\/ 1800 \/1900 UMTS: 850\/ 900\/ 1800\/ 1900\/ 2100...\" \/>\n<meta property=\"og:url\" content=\"https:\/\/www.ortungsgerate.de\/ru\/26-detektory-2\/raksa-idet-selektivnyy-rf-detektor-2\/\" \/>\n<meta property=\"og:site_name\" content=\"Ortungsger\u00e4te.de\" \/>\n<meta property=\"article:modified_time\" content=\"2025-11-26T17:07:36+00:00\" \/>\n<meta property=\"og:image\" content=\"https:\/\/www.ortungsgerate.de\/wp-content\/uploads\/raksa-idet-selektyvinis-rf-detektorius-gsm-gps-wi-fi-bluetooth-24ghz.jpg\" \/>\n\t<meta property=\"og:image:width\" content=\"472\" \/>\n\t<meta property=\"og:image:height\" content=\"250\" \/>\n\t<meta property=\"og:image:type\" content=\"image\/jpeg\" \/>\n<meta name=\"twitter:card\" content=\"summary_large_image\" \/>\n<meta name=\"twitter:label1\" content=\"\u041f\u0440\u0438\u043c\u0435\u0440\u043d\u043e\u0435 \u0432\u0440\u0435\u043c\u044f \u0434\u043b\u044f \u0447\u0442\u0435\u043d\u0438\u044f\" \/>\n\t<meta name=\"twitter:data1\" content=\"3 \u043c\u0438\u043d\u0443\u0442\u044b\" \/>\n<script type=\"application\/ld+json\" class=\"yoast-schema-graph\">{\"@context\":\"https:\\\/\\\/schema.org\",\"@graph\":[{\"@type\":\"WebPage\",\"@id\":\"https:\\\/\\\/www.ortungsgerate.de\\\/26-detektoren\\\/raksa-idet-selektiver-rf-detektor\\\/\",\"url\":\"https:\\\/\\\/www.ortungsgerate.de\\\/26-detektoren\\\/raksa-idet-selektiver-rf-detektor\\\/\",\"name\":\"Raksa iDET selektiver RF-Detektor GSM GPS WI FI BLUETOOTH 2,4Ghz\",\"isPartOf\":{\"@id\":\"https:\\\/\\\/www.ortungsgerate.de\\\/#website\"},\"primaryImageOfPage\":{\"@id\":\"https:\\\/\\\/www.ortungsgerate.de\\\/26-detektoren\\\/raksa-idet-selektiver-rf-detektor\\\/#primaryimage\"},\"image\":{\"@id\":\"https:\\\/\\\/www.ortungsgerate.de\\\/26-detektoren\\\/raksa-idet-selektiver-rf-detektor\\\/#primaryimage\"},\"thumbnailUrl\":\"https:\\\/\\\/www.ortungsgerate.de\\\/wp-content\\\/uploads\\\/raksa-idet-selektyvinis-rf-detektorius-gsm-gps-wi-fi-bluetooth-24ghz.jpg\",\"datePublished\":\"2024-02-06T19:37:07+00:00\",\"dateModified\":\"2025-11-26T17:07:36+00:00\",\"breadcrumb\":{\"@id\":\"https:\\\/\\\/www.ortungsgerate.de\\\/26-detektoren\\\/raksa-idet-selektiver-rf-detektor\\\/#breadcrumb\"},\"inLanguage\":\"ru-RU\",\"potentialAction\":[{\"@type\":\"ReadAction\",\"target\":[\"https:\\\/\\\/www.ortungsgerate.de\\\/26-detektoren\\\/raksa-idet-selektiver-rf-detektor\\\/\"]}]},{\"@type\":\"ImageObject\",\"inLanguage\":\"ru-RU\",\"@id\":\"https:\\\/\\\/www.ortungsgerate.de\\\/26-detektoren\\\/raksa-idet-selektiver-rf-detektor\\\/#primaryimage\",\"url\":\"https:\\\/\\\/www.ortungsgerate.de\\\/wp-content\\\/uploads\\\/raksa-idet-selektyvinis-rf-detektorius-gsm-gps-wi-fi-bluetooth-24ghz.jpg\",\"contentUrl\":\"https:\\\/\\\/www.ortungsgerate.de\\\/wp-content\\\/uploads\\\/raksa-idet-selektyvinis-rf-detektorius-gsm-gps-wi-fi-bluetooth-24ghz.jpg\",\"width\":472,\"height\":250,\"caption\":\"Raksa iDET selektiver RF-Detektor\"},{\"@type\":\"BreadcrumbList\",\"@id\":\"https:\\\/\\\/www.ortungsgerate.de\\\/26-detektoren\\\/raksa-idet-selektiver-rf-detektor\\\/#breadcrumb\",\"itemListElement\":[{\"@type\":\"ListItem\",\"position\":1,\"name\":\"Startseite\",\"item\":\"https:\\\/\\\/www.ortungsgerate.de\\\/\"},{\"@type\":\"ListItem\",\"position\":2,\"name\":\"Shop\",\"item\":\"https:\\\/\\\/www.ortungsgerate.de\\\/shop\\\/\"},{\"@type\":\"ListItem\",\"position\":3,\"name\":\"Raksa iDET selektiver RF-Detektor\"}]},{\"@type\":\"WebSite\",\"@id\":\"https:\\\/\\\/www.ortungsgerate.de\\\/#website\",\"url\":\"https:\\\/\\\/www.ortungsgerate.de\\\/\",\"name\":\"Ortungsgerate.de\",\"description\":\"\",\"publisher\":{\"@id\":\"https:\\\/\\\/www.ortungsgerate.de\\\/#organization\"},\"potentialAction\":[{\"@type\":\"SearchAction\",\"target\":{\"@type\":\"EntryPoint\",\"urlTemplate\":\"https:\\\/\\\/www.ortungsgerate.de\\\/?s={search_term_string}\"},\"query-input\":{\"@type\":\"PropertyValueSpecification\",\"valueRequired\":true,\"valueName\":\"search_term_string\"}}],\"inLanguage\":\"ru-RU\"},{\"@type\":\"Organization\",\"@id\":\"https:\\\/\\\/www.ortungsgerate.de\\\/#organization\",\"name\":\"Ortungsgerate.de\",\"url\":\"https:\\\/\\\/www.ortungsgerate.de\\\/\",\"logo\":{\"@type\":\"ImageObject\",\"inLanguage\":\"ru-RU\",\"@id\":\"https:\\\/\\\/www.ortungsgerate.de\\\/#\\\/schema\\\/logo\\\/image\\\/\",\"url\":\"https:\\\/\\\/www.ortungsgerate.de\\\/wp-content\\\/uploads\\\/ortungsgerate.png\",\"contentUrl\":\"https:\\\/\\\/www.ortungsgerate.de\\\/wp-content\\\/uploads\\\/ortungsgerate.png\",\"width\":500,\"height\":135,\"caption\":\"Ortungsgerate.de\"},\"image\":{\"@id\":\"https:\\\/\\\/www.ortungsgerate.de\\\/#\\\/schema\\\/logo\\\/image\\\/\"}}]}<\/script>\n<!-- \/ Yoast SEO Premium plugin. -->","yoast_head_json":{"title":"Raksa iDET selektiver RF-Detektor GSM GPS WI FI BLUETOOTH 2,4Ghz","robots":{"index":"index","follow":"follow","max-snippet":"max-snippet:-1","max-image-preview":"max-image-preview:large","max-video-preview":"max-video-preview:-1"},"canonical":"https:\/\/www.ortungsgerate.de\/ru\/26-detektory-2\/raksa-idet-selektivnyy-rf-detektor-2\/","og_locale":"ru_RU","og_type":"article","og_title":"Raksa iDET selektiver RF-Detektor","og_description":"Technische Parameter: EUROP\u00c4ISCHE VERSION 2024 \u2013 Raksa 121 LTE LTE 4G \/4G + Volte GSM: 850\/ 900E\/ 1800 \/1900 UMTS: 850\/ 900\/ 1800\/ 1900\/ 2100...","og_url":"https:\/\/www.ortungsgerate.de\/ru\/26-detektory-2\/raksa-idet-selektivnyy-rf-detektor-2\/","og_site_name":"Ortungsger\u00e4te.de","article_modified_time":"2025-11-26T17:07:36+00:00","og_image":[{"width":472,"height":250,"url":"https:\/\/www.ortungsgerate.de\/wp-content\/uploads\/raksa-idet-selektyvinis-rf-detektorius-gsm-gps-wi-fi-bluetooth-24ghz.jpg","type":"image\/jpeg"}],"twitter_card":"summary_large_image","twitter_misc":{"\u041f\u0440\u0438\u043c\u0435\u0440\u043d\u043e\u0435 \u0432\u0440\u0435\u043c\u044f \u0434\u043b\u044f \u0447\u0442\u0435\u043d\u0438\u044f":"3 \u043c\u0438\u043d\u0443\u0442\u044b"},"schema":{"@context":"https:\/\/schema.org","@graph":[{"@type":"WebPage","@id":"https:\/\/www.ortungsgerate.de\/26-detektoren\/raksa-idet-selektiver-rf-detektor\/","url":"https:\/\/www.ortungsgerate.de\/26-detektoren\/raksa-idet-selektiver-rf-detektor\/","name":"Raksa iDET selektiver RF-Detektor GSM GPS WI FI BLUETOOTH 2,4Ghz","isPartOf":{"@id":"https:\/\/www.ortungsgerate.de\/#website"},"primaryImageOfPage":{"@id":"https:\/\/www.ortungsgerate.de\/26-detektoren\/raksa-idet-selektiver-rf-detektor\/#primaryimage"},"image":{"@id":"https:\/\/www.ortungsgerate.de\/26-detektoren\/raksa-idet-selektiver-rf-detektor\/#primaryimage"},"thumbnailUrl":"https:\/\/www.ortungsgerate.de\/wp-content\/uploads\/raksa-idet-selektyvinis-rf-detektorius-gsm-gps-wi-fi-bluetooth-24ghz.jpg","datePublished":"2024-02-06T19:37:07+00:00","dateModified":"2025-11-26T17:07:36+00:00","breadcrumb":{"@id":"https:\/\/www.ortungsgerate.de\/26-detektoren\/raksa-idet-selektiver-rf-detektor\/#breadcrumb"},"inLanguage":"ru-RU","potentialAction":[{"@type":"ReadAction","target":["https:\/\/www.ortungsgerate.de\/26-detektoren\/raksa-idet-selektiver-rf-detektor\/"]}]},{"@type":"ImageObject","inLanguage":"ru-RU","@id":"https:\/\/www.ortungsgerate.de\/26-detektoren\/raksa-idet-selektiver-rf-detektor\/#primaryimage","url":"https:\/\/www.ortungsgerate.de\/wp-content\/uploads\/raksa-idet-selektyvinis-rf-detektorius-gsm-gps-wi-fi-bluetooth-24ghz.jpg","contentUrl":"https:\/\/www.ortungsgerate.de\/wp-content\/uploads\/raksa-idet-selektyvinis-rf-detektorius-gsm-gps-wi-fi-bluetooth-24ghz.jpg","width":472,"height":250,"caption":"Raksa iDET selektiver RF-Detektor"},{"@type":"BreadcrumbList","@id":"https:\/\/www.ortungsgerate.de\/26-detektoren\/raksa-idet-selektiver-rf-detektor\/#breadcrumb","itemListElement":[{"@type":"ListItem","position":1,"name":"Startseite","item":"https:\/\/www.ortungsgerate.de\/"},{"@type":"ListItem","position":2,"name":"Shop","item":"https:\/\/www.ortungsgerate.de\/shop\/"},{"@type":"ListItem","position":3,"name":"Raksa iDET selektiver RF-Detektor"}]},{"@type":"WebSite","@id":"https:\/\/www.ortungsgerate.de\/#website","url":"https:\/\/www.ortungsgerate.de\/","name":"Ortungsgerate.de","description":"","publisher":{"@id":"https:\/\/www.ortungsgerate.de\/#organization"},"potentialAction":[{"@type":"SearchAction","target":{"@type":"EntryPoint","urlTemplate":"https:\/\/www.ortungsgerate.de\/?s={search_term_string}"},"query-input":{"@type":"PropertyValueSpecification","valueRequired":true,"valueName":"search_term_string"}}],"inLanguage":"ru-RU"},{"@type":"Organization","@id":"https:\/\/www.ortungsgerate.de\/#organization","name":"Ortungsgerate.de","url":"https:\/\/www.ortungsgerate.de\/","logo":{"@type":"ImageObject","inLanguage":"ru-RU","@id":"https:\/\/www.ortungsgerate.de\/#\/schema\/logo\/image\/","url":"https:\/\/www.ortungsgerate.de\/wp-content\/uploads\/ortungsgerate.png","contentUrl":"https:\/\/www.ortungsgerate.de\/wp-content\/uploads\/ortungsgerate.png","width":500,"height":135,"caption":"Ortungsgerate.de"},"image":{"@id":"https:\/\/www.ortungsgerate.de\/#\/schema\/logo\/image\/"}}]}},"_links":{"self":[{"href":"https:\/\/www.ortungsgerate.de\/ru\/wp-json\/wp\/v2\/product\/16393","targetHints":{"allow":["GET"]}}],"collection":[{"href":"https:\/\/www.ortungsgerate.de\/ru\/wp-json\/wp\/v2\/product"}],"about":[{"href":"https:\/\/www.ortungsgerate.de\/ru\/wp-json\/wp\/v2\/types\/product"}],"version-history":[{"count":0,"href":"https:\/\/www.ortungsgerate.de\/ru\/wp-json\/wp\/v2\/product\/16393\/revisions"}],"wp:featuredmedia":[{"embeddable":true,"href":"https:\/\/www.ortungsgerate.de\/ru\/wp-json\/wp\/v2\/media\/1556"}],"wp:attachment":[{"href":"https:\/\/www.ortungsgerate.de\/ru\/wp-json\/wp\/v2\/media?parent=16393"}],"wp:term":[{"taxonomy":"brand","embeddable":true,"href":"https:\/\/www.ortungsgerate.de\/ru\/wp-json\/wp\/v2\/etheme_brands?post=16393"},{"taxonomy":"product_brand","embeddable":true,"href":"https:\/\/www.ortungsgerate.de\/ru\/wp-json\/wp\/v2\/product_brand?post=16393"},{"taxonomy":"product_cat","embeddable":true,"href":"https:\/\/www.ortungsgerate.de\/ru\/wp-json\/wp\/v2\/product_cat?post=16393"},{"taxonomy":"product_tag","embeddable":true,"href":"https:\/\/www.ortungsgerate.de\/ru\/wp-json\/wp\/v2\/product_tag?post=16393"}],"curies":[{"name":"wp","href":"https:\/\/api.w.org\/{rel}","templated":true}]}}