{"id":16394,"date":"2024-07-23T12:37:52","date_gmt":"2024-07-23T09:37:52","guid":{"rendered":"https:\/\/ortungsgerate.de\/be-kategorijos\/pro-diktofonas-aktyvuojamas-nuo-garso-97gr-veikimo-laikas-30val\/"},"modified":"2025-11-26T19:01:36","modified_gmt":"2025-11-26T17:01:36","slug":"professionalnyy-diktofon-s-aktivatsiey-zvukom-97gr-vremya-raboty-30-chasov","status":"publish","type":"product","link":"https:\/\/www.ortungsgerate.de\/ru\/16-proslushivayushcheye-oborudovaniye-2\/professionalnyy-diktofon-s-aktivatsiey-zvukom-97gr-vremya-raboty-30-chasov\/","title":{"rendered":"\u041f\u0440\u043e\u0444\u0435\u0441\u0441\u0438\u043e\u043d\u0430\u043b\u044c\u043d\u044b\u0439 \u0434\u0438\u043a\u0442\u043e\u0444\u043e\u043d \u0441 \u0430\u043a\u0442\u0438\u0432\u0430\u0446\u0438\u0435\u0439 \u0437\u0432\u0443\u043a\u043e\u043c 9,7\u0433\u0440. \u0412\u0440\u0435\u043c\u044f \u0440\u0430\u0431\u043e\u0442\u044b 30 \u0447\u0430\u0441\u043e\u0432."},"content":{"rendered":"<h3><strong>\u0422\u0435\u0445\u043d\u0438\u0447\u0435\u0441\u043a\u0438\u0435 \u0434\u0430\u043d\u043d\u044b\u0435:<\/strong><\/h3>\n<ul>\n<li>Bereich: 10-15<\/li>\n<li>\u0421 \u043c\u0430\u0433\u043d\u0438\u0442\u043e\u043c<\/li>\n<li>Zeitstempel<\/li>\n<li>VOS (Aufnahme von Ger\u00e4uschen) \u2013 wird mit einem Knopf aktiviert<\/li>\n<li>\u041f\u043e\u0441\u043b\u0435\u0434\u043d\u0438\u0439 \u043f\u0440\u043e\u0446\u0435\u0441\u0441\u043e\u0440 \u0434\u043b\u044f \u043f\u043e\u0434\u0430\u0432\u043b\u0435\u043d\u0438\u044f \u0448\u0443\u043c\u0430<\/li>\n<li>\u041a\u0430\u0447\u0435\u0441\u0442\u0432\u043e \u0437\u0430\u043f\u0438\u0441\u0438: \u043e\u0442 192 \u043a\u0431\u0438\u0442\/\u0441 \u0434\u043e 512 \u043a\u0431\u0438\u0442\/\u0441<\/li>\n<li>\u0412\u0440\u0435\u043c\u044f \u0437\u0430\u0440\u044f\u0434\u043a\u0438: +- 1 \u0447\u0430\u0441<\/li>\n<li>\u0412\u043d\u0443\u0442\u0440\u0435\u043d\u043d\u044f\u044f \u043f\u0430\u043c\u044f\u0442\u044c: 8GB<\/li>\n<li>Arbeitszeit: etwa 30 Stunden (nimmt ohne Aufladen auf)<\/li>\n<li>\u041a\u043e\u0440\u043f\u0443\u0441: \u0430\u043b\u044e\u043c\u0438\u043d\u0438\u0439<\/li>\n<li>DSP-Ger\u00e4uschunterdr\u00fcckung<\/li>\n<li>OTG: kann an das Mobiltelefon zum Anh\u00f6ren von Audioaufnahmen angeschlossen werden<\/li>\n<li>\u0412\u0441\u0435 \u0437\u0430\u043f\u0438\u0441\u0438 \u0441 \u0432\u0440\u0435\u043c\u0435\u043d\u043d\u043e\u0439 \u043c\u0435\u0442\u043a\u043e\u0439<\/li>\n<li>Wenn der Akku leer ist, gibt es keine Ger\u00e4usche von sich<\/li>\n<li>\u0412\u043e\u0437\u043c\u043e\u0436\u043d\u043e\u0441\u0442\u044c \u0440\u0430\u0441\u043f\u043e\u0437\u043d\u0430\u0432\u0430\u043d\u0438\u044f \u0440\u0435\u0447\u0438: \u0414\u0410<\/li>\n<li>\u0417\u0430\u043f\u0438\u0441\u044c \u0437\u0432\u0443\u043a\u043e\u0432: \u0414\u0410<\/li>\n<li>\u0424\u043e\u0440\u043c\u0430\u0442 \u0437\u0430\u043f\u0438\u0441\u0438: WAV<\/li>\n<li>Gewicht: 9,7 Gramm<\/li>\n<li>Unterst\u00fctzte Systeme: Alle<\/li>\n<li>Abmessungen: 3,9 cm x 3,9 cm x 0,8 cm Dicke<\/li>\n<li><strong>\u0413\u0410\u0420\u0410\u041d\u0422\u0418\u042f 12 \u043c\u0435\u0441\u044f\u0446\u0435\u0432<\/strong><\/li>\n<\/ul>\n<p><span style=\"color: #d0121a;\"><\/span><\/p>\n<p>Verwendung: F\u00fcr den eigenen Schutz, den Schutz der Kinder.<\/p>","protected":false},"excerpt":{"rendered":"<p>Technische Daten: Bereich: 10-15 Mit Magnet Zeitstempel VOS (Aufnahme von Ger\u00e4uschen) &#8211; wird mit einem Knopf aktiviert Neuester Prozessor zur Ger\u00e4uschunterdr\u00fcckung Aufnahmequalit\u00e4t: 192 kbps bis&#8230;<\/p>","protected":false},"featured_media":27639,"template":"","meta":[],"etheme_brands":[],"product_brand":[],"product_cat":[208,207],"product_tag":[],"class_list":{"0":"post-16394","1":"product","2":"type-product","3":"status-publish","4":"has-post-thumbnail","6":"product_cat-16-abhoergeraete","7":"product_cat-13-diktiergeraete","8":"pa_typ-pro-diktiergeraet","10":"first","11":"instock","12":"taxable","13":"shipping-taxable","14":"purchasable","15":"product-type-simple"},"yoast_head":"<!-- This site is optimized with the Yoast SEO Premium plugin v25.9 (Yoast SEO v27.4) - https:\/\/yoast.com\/product\/yoast-seo-premium-wordpress\/ -->\n<title>Pro Diktierger\u00e4t mit Ger\u00e4uschaktivierung 9,7gr. Betriebszeit 30Std.<\/title>\n<meta name=\"robots\" content=\"index, follow, max-snippet:-1, max-image-preview:large, max-video-preview:-1\" \/>\n<link rel=\"canonical\" href=\"https:\/\/www.ortungsgerate.de\/ru\/16-proslushivayushcheye-oborudovaniye-2\/professionalnyy-diktofon-s-aktivatsiey-zvukom-97gr-vremya-raboty-30-chasov\/\" \/>\n<meta property=\"og:locale\" content=\"ru_RU\" \/>\n<meta property=\"og:type\" content=\"article\" \/>\n<meta property=\"og:title\" content=\"Pro Diktierger\u00e4t mit Ger\u00e4uschaktivierung 9,7gr. Betriebszeit 30Std.\" \/>\n<meta property=\"og:description\" content=\"Technische Daten: Bereich: 10-15 Mit Magnet Zeitstempel VOS (Aufnahme von Ger\u00e4uschen) &#8211; wird mit einem Knopf aktiviert Neuester Prozessor zur Ger\u00e4uschunterdr\u00fcckung Aufnahmequalit\u00e4t: 192 kbps bis...\" \/>\n<meta property=\"og:url\" content=\"https:\/\/www.ortungsgerate.de\/ru\/16-proslushivayushcheye-oborudovaniye-2\/professionalnyy-diktofon-s-aktivatsiey-zvukom-97gr-vremya-raboty-30-chasov\/\" \/>\n<meta property=\"og:site_name\" content=\"Ortungsger\u00e4te.de\" \/>\n<meta property=\"article:modified_time\" content=\"2025-11-26T17:01:36+00:00\" \/>\n<meta property=\"og:image\" content=\"https:\/\/www.ortungsgerate.de\/wp-content\/uploads\/slaptas-diktofonas-VOX.jpg\" \/>\n\t<meta property=\"og:image:width\" content=\"1000\" \/>\n\t<meta property=\"og:image:height\" content=\"1000\" \/>\n\t<meta property=\"og:image:type\" content=\"image\/jpeg\" \/>\n<meta name=\"twitter:card\" content=\"summary_large_image\" \/>\n<meta name=\"twitter:label1\" content=\"\u041f\u0440\u0438\u043c\u0435\u0440\u043d\u043e\u0435 \u0432\u0440\u0435\u043c\u044f \u0434\u043b\u044f \u0447\u0442\u0435\u043d\u0438\u044f\" \/>\n\t<meta name=\"twitter:data1\" content=\"1 \u043c\u0438\u043d\u0443\u0442\u0430\" \/>\n<script type=\"application\/ld+json\" class=\"yoast-schema-graph\">{\"@context\":\"https:\\\/\\\/schema.org\",\"@graph\":[{\"@type\":\"WebPage\",\"@id\":\"https:\\\/\\\/www.ortungsgerate.de\\\/16-abhoergeraete\\\/pro-diktiergeraet-mit-geraeuschaktivierung-97gr-betriebszeit-30std\\\/\",\"url\":\"https:\\\/\\\/www.ortungsgerate.de\\\/16-abhoergeraete\\\/pro-diktiergeraet-mit-geraeuschaktivierung-97gr-betriebszeit-30std\\\/\",\"name\":\"Pro Diktierger\u00e4t mit Ger\u00e4uschaktivierung 9,7gr. Betriebszeit 30Std.\",\"isPartOf\":{\"@id\":\"https:\\\/\\\/www.ortungsgerate.de\\\/#website\"},\"primaryImageOfPage\":{\"@id\":\"https:\\\/\\\/www.ortungsgerate.de\\\/16-abhoergeraete\\\/pro-diktiergeraet-mit-geraeuschaktivierung-97gr-betriebszeit-30std\\\/#primaryimage\"},\"image\":{\"@id\":\"https:\\\/\\\/www.ortungsgerate.de\\\/16-abhoergeraete\\\/pro-diktiergeraet-mit-geraeuschaktivierung-97gr-betriebszeit-30std\\\/#primaryimage\"},\"thumbnailUrl\":\"https:\\\/\\\/www.ortungsgerate.de\\\/wp-content\\\/uploads\\\/slaptas-diktofonas-VOX.jpg\",\"datePublished\":\"2024-07-23T09:37:52+00:00\",\"dateModified\":\"2025-11-26T17:01:36+00:00\",\"breadcrumb\":{\"@id\":\"https:\\\/\\\/www.ortungsgerate.de\\\/16-abhoergeraete\\\/pro-diktiergeraet-mit-geraeuschaktivierung-97gr-betriebszeit-30std\\\/#breadcrumb\"},\"inLanguage\":\"ru-RU\",\"potentialAction\":[{\"@type\":\"ReadAction\",\"target\":[\"https:\\\/\\\/www.ortungsgerate.de\\\/16-abhoergeraete\\\/pro-diktiergeraet-mit-geraeuschaktivierung-97gr-betriebszeit-30std\\\/\"]}]},{\"@type\":\"ImageObject\",\"inLanguage\":\"ru-RU\",\"@id\":\"https:\\\/\\\/www.ortungsgerate.de\\\/16-abhoergeraete\\\/pro-diktiergeraet-mit-geraeuschaktivierung-97gr-betriebszeit-30std\\\/#primaryimage\",\"url\":\"https:\\\/\\\/www.ortungsgerate.de\\\/wp-content\\\/uploads\\\/slaptas-diktofonas-VOX.jpg\",\"contentUrl\":\"https:\\\/\\\/www.ortungsgerate.de\\\/wp-content\\\/uploads\\\/slaptas-diktofonas-VOX.jpg\",\"width\":1000,\"height\":1000,\"caption\":\"geheimer Diktierger\u00e4t VOX\"},{\"@type\":\"BreadcrumbList\",\"@id\":\"https:\\\/\\\/www.ortungsgerate.de\\\/16-abhoergeraete\\\/pro-diktiergeraet-mit-geraeuschaktivierung-97gr-betriebszeit-30std\\\/#breadcrumb\",\"itemListElement\":[{\"@type\":\"ListItem\",\"position\":1,\"name\":\"Startseite\",\"item\":\"https:\\\/\\\/www.ortungsgerate.de\\\/\"},{\"@type\":\"ListItem\",\"position\":2,\"name\":\"Shop\",\"item\":\"https:\\\/\\\/www.ortungsgerate.de\\\/shop\\\/\"},{\"@type\":\"ListItem\",\"position\":3,\"name\":\"Pro Diktierger\u00e4t mit Ger\u00e4uschaktivierung 9,7gr. Betriebszeit 30Std.\"}]},{\"@type\":\"WebSite\",\"@id\":\"https:\\\/\\\/www.ortungsgerate.de\\\/#website\",\"url\":\"https:\\\/\\\/www.ortungsgerate.de\\\/\",\"name\":\"Ortungsgerate.de\",\"description\":\"\",\"publisher\":{\"@id\":\"https:\\\/\\\/www.ortungsgerate.de\\\/#organization\"},\"potentialAction\":[{\"@type\":\"SearchAction\",\"target\":{\"@type\":\"EntryPoint\",\"urlTemplate\":\"https:\\\/\\\/www.ortungsgerate.de\\\/?s={search_term_string}\"},\"query-input\":{\"@type\":\"PropertyValueSpecification\",\"valueRequired\":true,\"valueName\":\"search_term_string\"}}],\"inLanguage\":\"ru-RU\"},{\"@type\":\"Organization\",\"@id\":\"https:\\\/\\\/www.ortungsgerate.de\\\/#organization\",\"name\":\"Ortungsgerate.de\",\"url\":\"https:\\\/\\\/www.ortungsgerate.de\\\/\",\"logo\":{\"@type\":\"ImageObject\",\"inLanguage\":\"ru-RU\",\"@id\":\"https:\\\/\\\/www.ortungsgerate.de\\\/#\\\/schema\\\/logo\\\/image\\\/\",\"url\":\"https:\\\/\\\/www.ortungsgerate.de\\\/wp-content\\\/uploads\\\/ortungsgerate.png\",\"contentUrl\":\"https:\\\/\\\/www.ortungsgerate.de\\\/wp-content\\\/uploads\\\/ortungsgerate.png\",\"width\":500,\"height\":135,\"caption\":\"Ortungsgerate.de\"},\"image\":{\"@id\":\"https:\\\/\\\/www.ortungsgerate.de\\\/#\\\/schema\\\/logo\\\/image\\\/\"}}]}<\/script>\n<!-- \/ Yoast SEO Premium plugin. -->","yoast_head_json":{"title":"\u041f\u0440\u043e\u0444\u0435\u0441\u0441\u0438\u043e\u043d\u0430\u043b\u044c\u043d\u044b\u0439 \u0434\u0438\u043a\u0442\u043e\u0444\u043e\u043d \u0441 \u0430\u043a\u0442\u0438\u0432\u0430\u0446\u0438\u0435\u0439 \u0437\u0432\u0443\u043a\u043e\u043c 9,7\u0433\u0440. \u0412\u0440\u0435\u043c\u044f \u0440\u0430\u0431\u043e\u0442\u044b 30 \u0447\u0430\u0441\u043e\u0432.","robots":{"index":"index","follow":"follow","max-snippet":"max-snippet:-1","max-image-preview":"max-image-preview:large","max-video-preview":"max-video-preview:-1"},"canonical":"https:\/\/www.ortungsgerate.de\/ru\/16-proslushivayushcheye-oborudovaniye-2\/professionalnyy-diktofon-s-aktivatsiey-zvukom-97gr-vremya-raboty-30-chasov\/","og_locale":"ru_RU","og_type":"article","og_title":"Pro Diktierger\u00e4t mit Ger\u00e4uschaktivierung 9,7gr. Betriebszeit 30Std.","og_description":"Technische Daten: Bereich: 10-15 Mit Magnet Zeitstempel VOS (Aufnahme von Ger\u00e4uschen) &#8211; wird mit einem Knopf aktiviert Neuester Prozessor zur Ger\u00e4uschunterdr\u00fcckung Aufnahmequalit\u00e4t: 192 kbps bis...","og_url":"https:\/\/www.ortungsgerate.de\/ru\/16-proslushivayushcheye-oborudovaniye-2\/professionalnyy-diktofon-s-aktivatsiey-zvukom-97gr-vremya-raboty-30-chasov\/","og_site_name":"Ortungsger\u00e4te.de","article_modified_time":"2025-11-26T17:01:36+00:00","og_image":[{"width":1000,"height":1000,"url":"https:\/\/www.ortungsgerate.de\/wp-content\/uploads\/slaptas-diktofonas-VOX.jpg","type":"image\/jpeg"}],"twitter_card":"summary_large_image","twitter_misc":{"\u041f\u0440\u0438\u043c\u0435\u0440\u043d\u043e\u0435 \u0432\u0440\u0435\u043c\u044f \u0434\u043b\u044f \u0447\u0442\u0435\u043d\u0438\u044f":"1 \u043c\u0438\u043d\u0443\u0442\u0430"},"schema":{"@context":"https:\/\/schema.org","@graph":[{"@type":"WebPage","@id":"https:\/\/www.ortungsgerate.de\/16-abhoergeraete\/pro-diktiergeraet-mit-geraeuschaktivierung-97gr-betriebszeit-30std\/","url":"https:\/\/www.ortungsgerate.de\/16-abhoergeraete\/pro-diktiergeraet-mit-geraeuschaktivierung-97gr-betriebszeit-30std\/","name":"\u041f\u0440\u043e\u0444\u0435\u0441\u0441\u0438\u043e\u043d\u0430\u043b\u044c\u043d\u044b\u0439 \u0434\u0438\u043a\u0442\u043e\u0444\u043e\u043d \u0441 \u0430\u043a\u0442\u0438\u0432\u0430\u0446\u0438\u0435\u0439 \u0437\u0432\u0443\u043a\u043e\u043c 9,7\u0433\u0440. \u0412\u0440\u0435\u043c\u044f \u0440\u0430\u0431\u043e\u0442\u044b 30 \u0447\u0430\u0441\u043e\u0432.","isPartOf":{"@id":"https:\/\/www.ortungsgerate.de\/#website"},"primaryImageOfPage":{"@id":"https:\/\/www.ortungsgerate.de\/16-abhoergeraete\/pro-diktiergeraet-mit-geraeuschaktivierung-97gr-betriebszeit-30std\/#primaryimage"},"image":{"@id":"https:\/\/www.ortungsgerate.de\/16-abhoergeraete\/pro-diktiergeraet-mit-geraeuschaktivierung-97gr-betriebszeit-30std\/#primaryimage"},"thumbnailUrl":"https:\/\/www.ortungsgerate.de\/wp-content\/uploads\/slaptas-diktofonas-VOX.jpg","datePublished":"2024-07-23T09:37:52+00:00","dateModified":"2025-11-26T17:01:36+00:00","breadcrumb":{"@id":"https:\/\/www.ortungsgerate.de\/16-abhoergeraete\/pro-diktiergeraet-mit-geraeuschaktivierung-97gr-betriebszeit-30std\/#breadcrumb"},"inLanguage":"ru-RU","potentialAction":[{"@type":"ReadAction","target":["https:\/\/www.ortungsgerate.de\/16-abhoergeraete\/pro-diktiergeraet-mit-geraeuschaktivierung-97gr-betriebszeit-30std\/"]}]},{"@type":"ImageObject","inLanguage":"ru-RU","@id":"https:\/\/www.ortungsgerate.de\/16-abhoergeraete\/pro-diktiergeraet-mit-geraeuschaktivierung-97gr-betriebszeit-30std\/#primaryimage","url":"https:\/\/www.ortungsgerate.de\/wp-content\/uploads\/slaptas-diktofonas-VOX.jpg","contentUrl":"https:\/\/www.ortungsgerate.de\/wp-content\/uploads\/slaptas-diktofonas-VOX.jpg","width":1000,"height":1000,"caption":"geheimer Diktierger\u00e4t VOX"},{"@type":"BreadcrumbList","@id":"https:\/\/www.ortungsgerate.de\/16-abhoergeraete\/pro-diktiergeraet-mit-geraeuschaktivierung-97gr-betriebszeit-30std\/#breadcrumb","itemListElement":[{"@type":"ListItem","position":1,"name":"Startseite","item":"https:\/\/www.ortungsgerate.de\/"},{"@type":"ListItem","position":2,"name":"Shop","item":"https:\/\/www.ortungsgerate.de\/shop\/"},{"@type":"ListItem","position":3,"name":"Pro Diktierger\u00e4t mit Ger\u00e4uschaktivierung 9,7gr. Betriebszeit 30Std."}]},{"@type":"WebSite","@id":"https:\/\/www.ortungsgerate.de\/#website","url":"https:\/\/www.ortungsgerate.de\/","name":"Ortungsgerate.de","description":"","publisher":{"@id":"https:\/\/www.ortungsgerate.de\/#organization"},"potentialAction":[{"@type":"SearchAction","target":{"@type":"EntryPoint","urlTemplate":"https:\/\/www.ortungsgerate.de\/?s={search_term_string}"},"query-input":{"@type":"PropertyValueSpecification","valueRequired":true,"valueName":"search_term_string"}}],"inLanguage":"ru-RU"},{"@type":"Organization","@id":"https:\/\/www.ortungsgerate.de\/#organization","name":"Ortungsgerate.de","url":"https:\/\/www.ortungsgerate.de\/","logo":{"@type":"ImageObject","inLanguage":"ru-RU","@id":"https:\/\/www.ortungsgerate.de\/#\/schema\/logo\/image\/","url":"https:\/\/www.ortungsgerate.de\/wp-content\/uploads\/ortungsgerate.png","contentUrl":"https:\/\/www.ortungsgerate.de\/wp-content\/uploads\/ortungsgerate.png","width":500,"height":135,"caption":"Ortungsgerate.de"},"image":{"@id":"https:\/\/www.ortungsgerate.de\/#\/schema\/logo\/image\/"}}]}},"_links":{"self":[{"href":"https:\/\/www.ortungsgerate.de\/ru\/wp-json\/wp\/v2\/product\/16394","targetHints":{"allow":["GET"]}}],"collection":[{"href":"https:\/\/www.ortungsgerate.de\/ru\/wp-json\/wp\/v2\/product"}],"about":[{"href":"https:\/\/www.ortungsgerate.de\/ru\/wp-json\/wp\/v2\/types\/product"}],"version-history":[{"count":0,"href":"https:\/\/www.ortungsgerate.de\/ru\/wp-json\/wp\/v2\/product\/16394\/revisions"}],"wp:featuredmedia":[{"embeddable":true,"href":"https:\/\/www.ortungsgerate.de\/ru\/wp-json\/wp\/v2\/media\/27639"}],"wp:attachment":[{"href":"https:\/\/www.ortungsgerate.de\/ru\/wp-json\/wp\/v2\/media?parent=16394"}],"wp:term":[{"taxonomy":"brand","embeddable":true,"href":"https:\/\/www.ortungsgerate.de\/ru\/wp-json\/wp\/v2\/etheme_brands?post=16394"},{"taxonomy":"product_brand","embeddable":true,"href":"https:\/\/www.ortungsgerate.de\/ru\/wp-json\/wp\/v2\/product_brand?post=16394"},{"taxonomy":"product_cat","embeddable":true,"href":"https:\/\/www.ortungsgerate.de\/ru\/wp-json\/wp\/v2\/product_cat?post=16394"},{"taxonomy":"product_tag","embeddable":true,"href":"https:\/\/www.ortungsgerate.de\/ru\/wp-json\/wp\/v2\/product_tag?post=16394"}],"curies":[{"name":"wp","href":"https:\/\/api.w.org\/{rel}","templated":true}]}}