{"id":16395,"date":"2024-02-06T21:38:42","date_gmt":"2024-02-06T19:38:42","guid":{"rendered":"https:\/\/ortungsgerate.de\/be-kategorijos\/elektros-lizdo-sakotuvas-2ju-lizdu-ir-usb-su-slapta-kamera-32gb-wifi\/"},"modified":"2025-12-01T11:26:01","modified_gmt":"2025-12-01T10:26:01","slug":"steckdosen-verteiler-mit-2-steckplaetzen-und-usb-mit-versteckter-kamera-32gb-wlan","status":"publish","type":"product","link":"https:\/\/www.ortungsgerate.de\/ru\/12-skrytyje-kamery\/17-zamaskirovanyje-kamery\/steckdosen-verteiler-mit-2-steckplaetzen-und-usb-mit-versteckter-kamera-32gb-wlan\/","title":{"rendered":"\u0420\u0430\u0437\u0432\u0435\u0442\u0432\u0438\u0442\u0435\u043b\u044c \u0440\u043e\u0437\u0435\u0442\u043e\u043a \u0441 2 \u0441\u043b\u043e\u0442\u0430\u043c\u0438 \u0438 USB \u0441\u043e \u0441\u043a\u0440\u044b\u0442\u043e\u0439 \u043a\u0430\u043c\u0435\u0440\u043e\u0439 32GB WLAN"},"content":{"rendered":"<p><strong>\u0410\u041a\u0426\u0418\u042f: Micro SD 32GB \u0432 \u043f\u043e\u0434\u0430\u0440\u043e\u043a<\/strong><\/p>\n<p><strong>\u0422\u0435\u0445\u043d\u0438\u0447\u0435\u0441\u043a\u0438\u0435 \u043f\u0430\u0440\u0430\u043c\u0435\u0442\u0440\u044b:<\/strong><\/p>\n<ul>\n<li>Unterst\u00fctzung f\u00fcr Speicherkarten: Micro SD \/ SDHC bis 128GB (nicht enthalten)<\/li>\n<li>M\u00f6glichkeit, das Bild live auf dem Telefon zu sehen<\/li>\n<li>Geeignet f\u00fcr Android- und iPhone-Telefone<\/li>\n<li>\u0412\u0438\u0434\u0435\u043e\u0437\u0430\u043f\u0438\u0441\u044c \u0441\u043e \u0437\u0432\u0443\u043a\u043e\u043c<\/li>\n<li>Aufnahmeaufl\u00f6sung: Full HD 1920x1080px<\/li>\n<li>Steckdosenleiste mit zwei Steckpl\u00e4tzen + zwei zus\u00e4tzlichen USB-Ladeanschl\u00fcssen<\/li>\n<li>Bildaufl\u00f6sung: JPEG 1280 x 1024 px<\/li>\n<li>\u0417\u0432\u0443\u043a: \u043c\u0438\u043a\u0440\u043e\u0444\u043e\u043d \u0441 \u0444\u0443\u043d\u043a\u0446\u0438\u0435\u0439 \u0448\u0443\u043c\u043e\u043f\u043e\u0434\u0430\u0432\u043b\u0435\u043d\u0438\u044f<\/li>\n<li>Anschlussstandard: USB und Standard-Netzsteckdose<\/li>\n<li>Nachtsicht: Keine<\/li>\n<li>\u041e\u043d\u043b\u0430\u0439\u043d-\u043c\u043e\u043d\u0438\u0442\u043e\u0440\u0438\u043d\u0433 \u0447\u0435\u0440\u0435\u0437 \u0438\u043d\u0442\u0435\u0440\u043d\u0435\u0442 (\u0447\u0435\u0440\u0435\u0437 \u043c\u043e\u0431\u0438\u043b\u044c\u043d\u043e\u0435 \u043f\u0440\u0438\u043b\u043e\u0436\u0435\u043d\u0438\u0435)<\/li>\n<li>Bewegungssensor \u2013 kann ab Bewegung aufzeichnen<\/li>\n<li>Benachrichtigungen auf dem Telefon, wenn sich jemand im Raum bewegt<\/li>\n<li>Dauerhafte Videoaufzeichnung oder \u00dcberschreiben (Loop-Aufnahme)<\/li>\n<li>\u0412\u0438\u0434\u0435\u043e\u043a\u043e\u0434\u0438\u0440\u043e\u0432\u0430\u043d\u0438\u0435: H264<\/li>\n<li>Lieferumfang: Wifi-Kamera, Micro-SD-Kartenleser,<\/li>\n<li><strong>\u0413\u0410\u0420\u0410\u041d\u0422\u0418\u042f 12 \u043c\u0435\u0441\u044f\u0446\u0435\u0432<\/strong><\/li>\n<\/ul>\n<p><span style=\"color: #d0121a;\"><\/span><\/p>\n<p>Verwendung: Zum Schutz von Ihnen selbst und Ihrer Kinder.<\/p>\n<p><strong>Steckdosenleiste mit USB und versteckter Kamera 32 Gb Wi-Fi<\/strong><\/p>\n<p>Die Steckdosenleiste mit versteckter Kamera kann Ihnen helfen, relevante Informationen zu sammeln. Die versteckte Kamera ist n\u00fctzlich, wenn Sie Sicherheit zu Hause oder im B\u00fcro gew\u00e4hrleisten m\u00f6chten. Das Ger\u00e4t sieht aus wie jede andere Steckdosenleiste, sodass Sie damit unauff\u00e4llig Videoaufnahmen machen k\u00f6nnen. Niemand wird vermuten, dass der Raum von einer versteckten Kamera \u00fcberwacht wird. Diese versteckte Kamera wird h\u00e4ufig eingesetzt, wenn man sich von der Ehrlichkeit bestimmter Personen \u00fcberzeugen oder die Sicherheit minderj\u00e4hriger Kinder gew\u00e4hrleisten m\u00f6chte usw.<\/p>\n<p>Videoaufnahmen k\u00f6nnen dauerhaft oder nur dann aufgezeichnet werden, wenn eine Bewegung erkannt wird. Die versteckte Kamera verf\u00fcgt \u00fcber Bewegungssensoren, sodass Sie \u00fcber erkannte Bewegungen per Benachrichtigung informiert werden. Die aufgezeichneten Videos k\u00f6nnen Sie in Echtzeit ansehen, sobald jemand den Raum betritt. Die Videoaufnahmen k\u00f6nnen Sie \u00fcber die mobile App in Echtzeit ansehen.<\/p>\n<p>Die Steckdosenleiste mit versteckter Kamera kann mit einer Micro SD\/SDHC-Speicherkarte mit einer Kapazit\u00e4t von bis zu 128 Gb verwendet werden. Wenn Sie keine M\u00f6glichkeit haben, sich mit dem Live-Video-Stream zu verbinden, k\u00f6nnen Sie die aufgezeichneten Videos sp\u00e4ter ansehen. Wenn der Speicherplatz auf der Speicherkarte knapp wird, werden neue Daten anstelle der \u00e4ltesten Aufzeichnungen gespeichert.<\/p>\n<p>Das Ger\u00e4t erf\u00fcllt nicht nur die Funktion einer versteckten Kamera: Es verf\u00fcgt au\u00dferdem \u00fcber zwei normale Steckdosen und zwei zus\u00e4tzliche USB-Anschl\u00fcsse. Die versteckte Kamera hat eine Ger\u00e4uschunterdr\u00fcckungsfunktion: Dies gew\u00e4hrleistet eine noch bessere Qualit\u00e4t der Videoaufnahmen und einen noch h\u00f6heren Informationsgehalt.<\/p>\n<p>Die Steckdosenleiste mit integrierter versteckter Kamera ist ein Ger\u00e4t, das wie eine gew\u00f6hnliche Steckdosenleiste aussieht, jedoch eine integrierte versteckte Kamera besitzt, die unbemerkt \u00fcberwachen und aufzeichnen kann. Die Steckdosenleiste mit versteckter Kamera kann als Sicherheitsl\u00f6sung im Zuhause eingesetzt werden. Geeignet f\u00fcr den Schutz des Hauses und die \u00dcberwachung minderj\u00e4hriger Kinder.<\/p>","protected":false},"excerpt":{"rendered":"<p>AKTION: Micro SD 32GB als Geschenk Technische Parameter: Unterst\u00fctzung f\u00fcr Speicherkarten: Micro SD \/ SDHC bis 128GB (nicht enthalten) M\u00f6glichkeit, das Bild live auf dem&#8230;<\/p>","protected":false},"featured_media":27662,"template":"","meta":[],"etheme_brands":[],"product_brand":[],"product_cat":[204,203,205],"product_tag":[42,707,705,690,693],"class_list":{"0":"post-16395","1":"product","2":"type-product","3":"status-publish","4":"has-post-thumbnail","6":"product_cat-17-getarnte-kameras","7":"product_cat-12-versteckte-kameras","8":"product_cat-27-wlan-minikameras","9":"product_tag-kamera","10":"product_tag-kamera-uhr","11":"product_tag-ueberwachungskamera","12":"product_tag-versteckte-kamera","13":"product_tag-wlan-kamera","14":"pa_typ-ladegeraete-verlaengerungskabel-mehrfachsteckdosen","16":"first","17":"instock","18":"sale","19":"taxable","20":"shipping-taxable","21":"purchasable","22":"product-type-simple"},"yoast_head":"<!-- This site is optimized with the Yoast SEO Premium plugin v25.9 (Yoast SEO v27.4) - https:\/\/yoast.com\/product\/yoast-seo-premium-wordpress\/ -->\n<title>Steckdosenverteiler mit versteckter WLAN-Videokamera<\/title>\n<meta name=\"description\" content=\"Versteckte Kamera im Reise-Handyladeger\u00e4t integriert. Hochwertige Bildqualit\u00e4t, einfache Bedienung. M\u00f6glichkeit zur Fern\u00fcberwachung des Videos. Kostenloser Versand\" \/>\n<meta name=\"robots\" content=\"index, follow, max-snippet:-1, max-image-preview:large, max-video-preview:-1\" \/>\n<link rel=\"canonical\" href=\"https:\/\/www.ortungsgerate.de\/ru\/12-skrytyje-kamery\/27-wlan-mini-kamery\/steckdosen-verteiler-mit-2-steckplaetzen-und-usb-mit-versteckter-kamera-32gb-wlan\/\" \/>\n<meta property=\"og:locale\" content=\"ru_RU\" \/>\n<meta property=\"og:type\" content=\"article\" \/>\n<meta property=\"og:title\" content=\"Steckdosen\u2011Verteiler mit 2 Steckpl\u00e4tzen und USB mit versteckter Kamera 32GB WLAN\" \/>\n<meta property=\"og:description\" content=\"Versteckte Kamera im Reise-Handyladeger\u00e4t integriert. Hochwertige Bildqualit\u00e4t, einfache Bedienung. M\u00f6glichkeit zur Fern\u00fcberwachung des Videos. Kostenloser Versand\" \/>\n<meta property=\"og:url\" content=\"https:\/\/www.ortungsgerate.de\/ru\/12-skrytyje-kamery\/27-wlan-mini-kamery\/steckdosen-verteiler-mit-2-steckplaetzen-und-usb-mit-versteckter-kamera-32gb-wlan\/\" \/>\n<meta property=\"og:site_name\" content=\"Ortungsger\u00e4te.de\" \/>\n<meta property=\"article:modified_time\" content=\"2025-12-01T10:26:01+00:00\" \/>\n<meta property=\"og:image\" content=\"https:\/\/www.ortungsgerate.de\/wp-content\/uploads\/slapta-kamera-elektros-sakotuvas-2-ju-lizdu-1.jpg\" \/>\n\t<meta property=\"og:image:width\" content=\"1000\" \/>\n\t<meta property=\"og:image:height\" content=\"1000\" \/>\n\t<meta property=\"og:image:type\" content=\"image\/jpeg\" \/>\n<meta name=\"twitter:card\" content=\"summary_large_image\" \/>\n<meta name=\"twitter:label1\" content=\"\u041f\u0440\u0438\u043c\u0435\u0440\u043d\u043e\u0435 \u0432\u0440\u0435\u043c\u044f \u0434\u043b\u044f \u0447\u0442\u0435\u043d\u0438\u044f\" \/>\n\t<meta name=\"twitter:data1\" content=\"3 \u043c\u0438\u043d\u0443\u0442\u044b\" \/>\n<script type=\"application\/ld+json\" class=\"yoast-schema-graph\">{\"@context\":\"https:\\\/\\\/schema.org\",\"@graph\":[{\"@type\":\"WebPage\",\"@id\":\"https:\\\/\\\/www.ortungsgerate.de\\\/12-versteckte-kameras\\\/27-wlan-minikameras\\\/steckdosen%e2%80%91verteiler-mit-2-steckplaetzen-und-usb-mit-versteckter-kamera-32gb-wlan\\\/\",\"url\":\"https:\\\/\\\/www.ortungsgerate.de\\\/12-versteckte-kameras\\\/27-wlan-minikameras\\\/steckdosen%e2%80%91verteiler-mit-2-steckplaetzen-und-usb-mit-versteckter-kamera-32gb-wlan\\\/\",\"name\":\"Steckdosenverteiler mit versteckter WLAN-Videokamera\",\"isPartOf\":{\"@id\":\"https:\\\/\\\/www.ortungsgerate.de\\\/#website\"},\"primaryImageOfPage\":{\"@id\":\"https:\\\/\\\/www.ortungsgerate.de\\\/12-versteckte-kameras\\\/27-wlan-minikameras\\\/steckdosen%e2%80%91verteiler-mit-2-steckplaetzen-und-usb-mit-versteckter-kamera-32gb-wlan\\\/#primaryimage\"},\"image\":{\"@id\":\"https:\\\/\\\/www.ortungsgerate.de\\\/12-versteckte-kameras\\\/27-wlan-minikameras\\\/steckdosen%e2%80%91verteiler-mit-2-steckplaetzen-und-usb-mit-versteckter-kamera-32gb-wlan\\\/#primaryimage\"},\"thumbnailUrl\":\"https:\\\/\\\/www.ortungsgerate.de\\\/wp-content\\\/uploads\\\/slapta-kamera-elektros-sakotuvas-2-ju-lizdu-1.jpg\",\"datePublished\":\"2024-02-06T19:38:42+00:00\",\"dateModified\":\"2025-12-01T10:26:01+00:00\",\"description\":\"Versteckte Kamera im Reise-Handyladeger\u00e4t integriert. Hochwertige Bildqualit\u00e4t, einfache Bedienung. M\u00f6glichkeit zur Fern\u00fcberwachung des Videos. Kostenloser Versand\",\"breadcrumb\":{\"@id\":\"https:\\\/\\\/www.ortungsgerate.de\\\/12-versteckte-kameras\\\/27-wlan-minikameras\\\/steckdosen%e2%80%91verteiler-mit-2-steckplaetzen-und-usb-mit-versteckter-kamera-32gb-wlan\\\/#breadcrumb\"},\"inLanguage\":\"ru-RU\",\"potentialAction\":[{\"@type\":\"ReadAction\",\"target\":[\"https:\\\/\\\/www.ortungsgerate.de\\\/12-versteckte-kameras\\\/27-wlan-minikameras\\\/steckdosen%e2%80%91verteiler-mit-2-steckplaetzen-und-usb-mit-versteckter-kamera-32gb-wlan\\\/\"]}]},{\"@type\":\"ImageObject\",\"inLanguage\":\"ru-RU\",\"@id\":\"https:\\\/\\\/www.ortungsgerate.de\\\/12-versteckte-kameras\\\/27-wlan-minikameras\\\/steckdosen%e2%80%91verteiler-mit-2-steckplaetzen-und-usb-mit-versteckter-kamera-32gb-wlan\\\/#primaryimage\",\"url\":\"https:\\\/\\\/www.ortungsgerate.de\\\/wp-content\\\/uploads\\\/slapta-kamera-elektros-sakotuvas-2-ju-lizdu-1.jpg\",\"contentUrl\":\"https:\\\/\\\/www.ortungsgerate.de\\\/wp-content\\\/uploads\\\/slapta-kamera-elektros-sakotuvas-2-ju-lizdu-1.jpg\",\"width\":1000,\"height\":1000,\"caption\":\"versteckte Kamera Elektro-Steckdosenleiste mit 2 Buchsen\"},{\"@type\":\"BreadcrumbList\",\"@id\":\"https:\\\/\\\/www.ortungsgerate.de\\\/12-versteckte-kameras\\\/27-wlan-minikameras\\\/steckdosen%e2%80%91verteiler-mit-2-steckplaetzen-und-usb-mit-versteckter-kamera-32gb-wlan\\\/#breadcrumb\",\"itemListElement\":[{\"@type\":\"ListItem\",\"position\":1,\"name\":\"Startseite\",\"item\":\"https:\\\/\\\/www.ortungsgerate.de\\\/\"},{\"@type\":\"ListItem\",\"position\":2,\"name\":\"Shop\",\"item\":\"https:\\\/\\\/www.ortungsgerate.de\\\/shop\\\/\"},{\"@type\":\"ListItem\",\"position\":3,\"name\":\"Steckdosen\u2011Verteiler mit 2 Steckpl\u00e4tzen und USB mit versteckter Kamera 32GB WLAN\"}]},{\"@type\":\"WebSite\",\"@id\":\"https:\\\/\\\/www.ortungsgerate.de\\\/#website\",\"url\":\"https:\\\/\\\/www.ortungsgerate.de\\\/\",\"name\":\"Ortungsgerate.de\",\"description\":\"\",\"publisher\":{\"@id\":\"https:\\\/\\\/www.ortungsgerate.de\\\/#organization\"},\"potentialAction\":[{\"@type\":\"SearchAction\",\"target\":{\"@type\":\"EntryPoint\",\"urlTemplate\":\"https:\\\/\\\/www.ortungsgerate.de\\\/?s={search_term_string}\"},\"query-input\":{\"@type\":\"PropertyValueSpecification\",\"valueRequired\":true,\"valueName\":\"search_term_string\"}}],\"inLanguage\":\"ru-RU\"},{\"@type\":\"Organization\",\"@id\":\"https:\\\/\\\/www.ortungsgerate.de\\\/#organization\",\"name\":\"Ortungsgerate.de\",\"url\":\"https:\\\/\\\/www.ortungsgerate.de\\\/\",\"logo\":{\"@type\":\"ImageObject\",\"inLanguage\":\"ru-RU\",\"@id\":\"https:\\\/\\\/www.ortungsgerate.de\\\/#\\\/schema\\\/logo\\\/image\\\/\",\"url\":\"https:\\\/\\\/www.ortungsgerate.de\\\/wp-content\\\/uploads\\\/ortungsgerate.png\",\"contentUrl\":\"https:\\\/\\\/www.ortungsgerate.de\\\/wp-content\\\/uploads\\\/ortungsgerate.png\",\"width\":500,\"height\":135,\"caption\":\"Ortungsgerate.de\"},\"image\":{\"@id\":\"https:\\\/\\\/www.ortungsgerate.de\\\/#\\\/schema\\\/logo\\\/image\\\/\"}}]}<\/script>\n<!-- \/ Yoast SEO Premium plugin. -->","yoast_head_json":{"title":"Steckdosenverteiler mit versteckter WLAN-Videokamera","description":"Versteckte Kamera im Reise-Handyladeger\u00e4t integriert. Hochwertige Bildqualit\u00e4t, einfache Bedienung. M\u00f6glichkeit zur Fern\u00fcberwachung des Videos. Kostenloser Versand","robots":{"index":"index","follow":"follow","max-snippet":"max-snippet:-1","max-image-preview":"max-image-preview:large","max-video-preview":"max-video-preview:-1"},"canonical":"https:\/\/www.ortungsgerate.de\/ru\/12-skrytyje-kamery\/27-wlan-mini-kamery\/steckdosen-verteiler-mit-2-steckplaetzen-und-usb-mit-versteckter-kamera-32gb-wlan\/","og_locale":"ru_RU","og_type":"article","og_title":"Steckdosen\u2011Verteiler mit 2 Steckpl\u00e4tzen und USB mit versteckter Kamera 32GB WLAN","og_description":"Versteckte Kamera im Reise-Handyladeger\u00e4t integriert. Hochwertige Bildqualit\u00e4t, einfache Bedienung. M\u00f6glichkeit zur Fern\u00fcberwachung des Videos. Kostenloser Versand","og_url":"https:\/\/www.ortungsgerate.de\/ru\/12-skrytyje-kamery\/27-wlan-mini-kamery\/steckdosen-verteiler-mit-2-steckplaetzen-und-usb-mit-versteckter-kamera-32gb-wlan\/","og_site_name":"Ortungsger\u00e4te.de","article_modified_time":"2025-12-01T10:26:01+00:00","og_image":[{"width":1000,"height":1000,"url":"https:\/\/www.ortungsgerate.de\/wp-content\/uploads\/slapta-kamera-elektros-sakotuvas-2-ju-lizdu-1.jpg","type":"image\/jpeg"}],"twitter_card":"summary_large_image","twitter_misc":{"\u041f\u0440\u0438\u043c\u0435\u0440\u043d\u043e\u0435 \u0432\u0440\u0435\u043c\u044f \u0434\u043b\u044f \u0447\u0442\u0435\u043d\u0438\u044f":"3 \u043c\u0438\u043d\u0443\u0442\u044b"},"schema":{"@context":"https:\/\/schema.org","@graph":[{"@type":"WebPage","@id":"https:\/\/www.ortungsgerate.de\/12-versteckte-kameras\/27-wlan-minikameras\/steckdosen%e2%80%91verteiler-mit-2-steckplaetzen-und-usb-mit-versteckter-kamera-32gb-wlan\/","url":"https:\/\/www.ortungsgerate.de\/12-versteckte-kameras\/27-wlan-minikameras\/steckdosen%e2%80%91verteiler-mit-2-steckplaetzen-und-usb-mit-versteckter-kamera-32gb-wlan\/","name":"Steckdosenverteiler mit versteckter WLAN-Videokamera","isPartOf":{"@id":"https:\/\/www.ortungsgerate.de\/#website"},"primaryImageOfPage":{"@id":"https:\/\/www.ortungsgerate.de\/12-versteckte-kameras\/27-wlan-minikameras\/steckdosen%e2%80%91verteiler-mit-2-steckplaetzen-und-usb-mit-versteckter-kamera-32gb-wlan\/#primaryimage"},"image":{"@id":"https:\/\/www.ortungsgerate.de\/12-versteckte-kameras\/27-wlan-minikameras\/steckdosen%e2%80%91verteiler-mit-2-steckplaetzen-und-usb-mit-versteckter-kamera-32gb-wlan\/#primaryimage"},"thumbnailUrl":"https:\/\/www.ortungsgerate.de\/wp-content\/uploads\/slapta-kamera-elektros-sakotuvas-2-ju-lizdu-1.jpg","datePublished":"2024-02-06T19:38:42+00:00","dateModified":"2025-12-01T10:26:01+00:00","description":"Versteckte Kamera im Reise-Handyladeger\u00e4t integriert. Hochwertige Bildqualit\u00e4t, einfache Bedienung. M\u00f6glichkeit zur Fern\u00fcberwachung des Videos. Kostenloser Versand","breadcrumb":{"@id":"https:\/\/www.ortungsgerate.de\/12-versteckte-kameras\/27-wlan-minikameras\/steckdosen%e2%80%91verteiler-mit-2-steckplaetzen-und-usb-mit-versteckter-kamera-32gb-wlan\/#breadcrumb"},"inLanguage":"ru-RU","potentialAction":[{"@type":"ReadAction","target":["https:\/\/www.ortungsgerate.de\/12-versteckte-kameras\/27-wlan-minikameras\/steckdosen%e2%80%91verteiler-mit-2-steckplaetzen-und-usb-mit-versteckter-kamera-32gb-wlan\/"]}]},{"@type":"ImageObject","inLanguage":"ru-RU","@id":"https:\/\/www.ortungsgerate.de\/12-versteckte-kameras\/27-wlan-minikameras\/steckdosen%e2%80%91verteiler-mit-2-steckplaetzen-und-usb-mit-versteckter-kamera-32gb-wlan\/#primaryimage","url":"https:\/\/www.ortungsgerate.de\/wp-content\/uploads\/slapta-kamera-elektros-sakotuvas-2-ju-lizdu-1.jpg","contentUrl":"https:\/\/www.ortungsgerate.de\/wp-content\/uploads\/slapta-kamera-elektros-sakotuvas-2-ju-lizdu-1.jpg","width":1000,"height":1000,"caption":"versteckte Kamera Elektro-Steckdosenleiste mit 2 Buchsen"},{"@type":"BreadcrumbList","@id":"https:\/\/www.ortungsgerate.de\/12-versteckte-kameras\/27-wlan-minikameras\/steckdosen%e2%80%91verteiler-mit-2-steckplaetzen-und-usb-mit-versteckter-kamera-32gb-wlan\/#breadcrumb","itemListElement":[{"@type":"ListItem","position":1,"name":"Startseite","item":"https:\/\/www.ortungsgerate.de\/"},{"@type":"ListItem","position":2,"name":"Shop","item":"https:\/\/www.ortungsgerate.de\/shop\/"},{"@type":"ListItem","position":3,"name":"Steckdosen\u2011Verteiler mit 2 Steckpl\u00e4tzen und USB mit versteckter Kamera 32GB WLAN"}]},{"@type":"WebSite","@id":"https:\/\/www.ortungsgerate.de\/#website","url":"https:\/\/www.ortungsgerate.de\/","name":"Ortungsgerate.de","description":"","publisher":{"@id":"https:\/\/www.ortungsgerate.de\/#organization"},"potentialAction":[{"@type":"SearchAction","target":{"@type":"EntryPoint","urlTemplate":"https:\/\/www.ortungsgerate.de\/?s={search_term_string}"},"query-input":{"@type":"PropertyValueSpecification","valueRequired":true,"valueName":"search_term_string"}}],"inLanguage":"ru-RU"},{"@type":"Organization","@id":"https:\/\/www.ortungsgerate.de\/#organization","name":"Ortungsgerate.de","url":"https:\/\/www.ortungsgerate.de\/","logo":{"@type":"ImageObject","inLanguage":"ru-RU","@id":"https:\/\/www.ortungsgerate.de\/#\/schema\/logo\/image\/","url":"https:\/\/www.ortungsgerate.de\/wp-content\/uploads\/ortungsgerate.png","contentUrl":"https:\/\/www.ortungsgerate.de\/wp-content\/uploads\/ortungsgerate.png","width":500,"height":135,"caption":"Ortungsgerate.de"},"image":{"@id":"https:\/\/www.ortungsgerate.de\/#\/schema\/logo\/image\/"}}]}},"_links":{"self":[{"href":"https:\/\/www.ortungsgerate.de\/ru\/wp-json\/wp\/v2\/product\/16395","targetHints":{"allow":["GET"]}}],"collection":[{"href":"https:\/\/www.ortungsgerate.de\/ru\/wp-json\/wp\/v2\/product"}],"about":[{"href":"https:\/\/www.ortungsgerate.de\/ru\/wp-json\/wp\/v2\/types\/product"}],"version-history":[{"count":0,"href":"https:\/\/www.ortungsgerate.de\/ru\/wp-json\/wp\/v2\/product\/16395\/revisions"}],"wp:featuredmedia":[{"embeddable":true,"href":"https:\/\/www.ortungsgerate.de\/ru\/wp-json\/wp\/v2\/media\/27662"}],"wp:attachment":[{"href":"https:\/\/www.ortungsgerate.de\/ru\/wp-json\/wp\/v2\/media?parent=16395"}],"wp:term":[{"taxonomy":"brand","embeddable":true,"href":"https:\/\/www.ortungsgerate.de\/ru\/wp-json\/wp\/v2\/etheme_brands?post=16395"},{"taxonomy":"product_brand","embeddable":true,"href":"https:\/\/www.ortungsgerate.de\/ru\/wp-json\/wp\/v2\/product_brand?post=16395"},{"taxonomy":"product_cat","embeddable":true,"href":"https:\/\/www.ortungsgerate.de\/ru\/wp-json\/wp\/v2\/product_cat?post=16395"},{"taxonomy":"product_tag","embeddable":true,"href":"https:\/\/www.ortungsgerate.de\/ru\/wp-json\/wp\/v2\/product_tag?post=16395"}],"curies":[{"name":"wp","href":"https:\/\/api.w.org\/{rel}","templated":true}]}}