{"id":16399,"date":"2024-02-06T21:36:05","date_gmt":"2024-02-06T19:36:05","guid":{"rendered":"https:\/\/ortungsgerate.de\/be-kategorijos\/slaptas-diktofonas-su-magnetu-aktyvuojamas-balsu-8gb-11dienu-veikimas\/"},"modified":"2025-11-26T19:01:36","modified_gmt":"2025-11-26T17:01:36","slug":"skrytyy-diktofon-s-magnitom-aktivatsiya-golosom-8gb-11-dney-raboty","status":"publish","type":"product","link":"https:\/\/www.ortungsgerate.de\/ru\/13-diktofony-2\/skrytyy-diktofon-s-magnitom-aktivatsiya-golosom-8gb-11-dney-raboty\/","title":{"rendered":"\u0421\u043a\u0440\u044b\u0442\u044b\u0439 \u0434\u0438\u043a\u0442\u043e\u0444\u043e\u043d \u0441 \u043c\u0430\u0433\u043d\u0438\u0442\u043e\u043c, \u0430\u043a\u0442\u0438\u0432\u0430\u0446\u0438\u044f \u0433\u043e\u043b\u043e\u0441\u043e\u043c, 8\u0413\u0411, 11 \u0434\u043d\u0435\u0439 \u0440\u0430\u0431\u043e\u0442\u044b"},"content":{"rendered":"<h3><strong>\u0422\u0435\u0445\u043d\u0438\u0447\u0435\u0441\u043a\u0438\u0435 \u043f\u0430\u0440\u0430\u043c\u0435\u0442\u0440\u044b:<\/strong><\/h3>\n<ul>\n<li>Reichweite: bis zu 6\u201312 m<\/li>\n<li>Aufnahmequalit\u00e4t: 192 kbps<\/li>\n<li>Interner Speicher: 8 GB<\/li>\n<li>Betriebszeit: ca. 280 Stunden<\/li>\n<li>\u0412\u043e\u0437\u043c\u043e\u0436\u043d\u043e\u0441\u0442\u044c \u0440\u0430\u0441\u043f\u043e\u0437\u043d\u0430\u0432\u0430\u043d\u0438\u044f \u0440\u0435\u0447\u0438: \u0414\u0410<\/li>\n<li>Dauerhafte Tonaufnahme: JA<\/li>\n<li>\u0424\u043e\u0440\u043c\u0430\u0442 \u0437\u0430\u043f\u0438\u0441\u0438: WAV<\/li>\n<li>Dateiaufteilung: JA (in 4\u2011Stunden-Aufnahmen)<\/li>\n<li>Akkukapazit\u00e4t: 3000 mAh<\/li>\n<li>Unterst\u00fctzte Systeme: Windows 7 \/ 8 \/ 10<\/li>\n<li>Geh\u00e4usegr\u00f6\u00dfe: 110 mm x 22 mm x 22 mm<\/li>\n<li><strong>\u0413\u0410\u0420\u0410\u041d\u0422\u0418\u042f 12 \u043c\u0435\u0441\u044f\u0446\u0435\u0432<\/strong><\/li>\n<\/ul>\n<p><span style=\"color: #d0121a;\"><strong>Wenn Sie eine schnelle Lieferung am selben Tag ben\u00f6tigen   <\/strong><\/span><\/p>\n<p>Einsatz: F\u00fcr Ihre eigene Sicherheit und die Sicherheit Ihrer Kinder.<\/p>\n<p><strong>Diktierger\u00e4t mit Spracherkennungsfunktion<\/strong><\/p>\n<p>Das Diktierger\u00e4t ist eine der besten Optionen auf dem heutigen Markt \u2013 das kleine, robuste Geh\u00e4use gew\u00e4hrleistet nicht nur vollst\u00e4ndige Diskretion, sondern auch Sicherheit, dass das Ger\u00e4t nicht besch\u00e4digt wird und seine Funktionen auch dann erf\u00fcllt, wenn es zwischen Gegenst\u00e4nden platziert wird (z.\u202fB. in einer Tasche). Der leistungsstarke Akku, der interne 8\u2011GB\u2011Speicher des Diktierger\u00e4ts und das kompakte Design erm\u00f6glichen die Aufzeichnung von Gespr\u00e4chen unterschiedlicher Dauer in verschiedenen Umgebungen \u2013 dieses Diktierger\u00e4t eignet sich ideal sowohl f\u00fcr den Einsatz zu Hause als auch im B\u00fcro oder sogar im Auto. Die Diktierger\u00e4te dieses Modells zeichnen sich durch eine sehr lange Betriebszeit aus \u2013 die Aufnahme kann bis zu 100 Stunden dauern. Au\u00dferdem verf\u00fcgt das Ger\u00e4t \u00fcber fortschrittliche Funktionen \u2013 es ist m\u00f6glich, den Aufnahmemodus mit Spracherkennung zu w\u00e4hlen und so die Aufzeichnung von Stille zu vermeiden (das Diktierger\u00e4t beginnt nur dann aufzuzeichnen, wenn im Raum ein Ger\u00e4usch zu h\u00f6ren ist) oder eine ununterbrochene Aufnahme zu w\u00e4hlen und absolut alles zu erfassen, was im Raum oder im Auto geschieht. Die einfache Bedienung ist ein weiterer Vorteil dieses Ger\u00e4ts. Alles, was Sie tun m\u00fcssen, ist, das Diktierger\u00e4t einzuschalten (mit dem Schieberegler die Position ON w\u00e4hlen). Sehr wichtig ist, dass die aufgezeichneten Dateien vor unbefugten Dritten gesch\u00fctzt sind \u2013 um sie abzuspielen, muss ein spezieller, f\u00fcr das Ger\u00e4t geeigneter USB\u2011Anschluss verwendet werden (im Lieferumfang enthalten). Das durchdachte Design des Diktierger\u00e4ts (das Ger\u00e4t sieht wie eine externe Powerbank aus), der leistungsstarke Akku, die Widerstandsf\u00e4higkeit und die unkomplizierte Bedienung sind eine Garantie daf\u00fcr, dass die Aufzeichnung diskret und zuverl\u00e4ssig ist. Die Bedienungsanleitung des Ger\u00e4ts liegt der Verpackung bei.<\/p>\n<p><strong>BETRIEBSZEIT<\/strong><\/p>\n<p>Der besonders leistungsstarke Akku des Diktierger\u00e4ts \u2013 in dieses Ger\u00e4t ist ein 3000\u2011mAh\u2011Akku integriert, der ausreicht, um Aufnahmen von ca. 280 Stunden (etwa 10 Tage) zu erfassen. Der interne Speicher des Diktierger\u00e4ts (8 GB) reicht aus, um etwa 100 Stunden aufzunehmen (im WAV\u2011Format). M\u00f6glichkeit, die bequemste Lademethode zu w\u00e4hlen \u2013 das Ger\u00e4t kann \u00fcber einen speziellen, f\u00fcr das Diktierger\u00e4t angepassten USB\u2011Anschluss (angeschlossen an einen Computer) oder \u00fcber ein Ladeger\u00e4t (5 V) aufgeladen werden.<\/p>\n<p><strong>WEITERE FUNKTIONEN<\/strong><\/p>\n<p>Im Geh\u00e4use des verdeckten Diktierger\u00e4ts ist ein leichter Magnet integriert, der die M\u00f6glichkeit bietet, das Ger\u00e4t an einer Metalloberfl\u00e4che zu befestigen (so, dass es v\u00f6llig unauff\u00e4llig bleibt). Das Ger\u00e4t kann Ton auch aus der Entfernung erfassen \u2013 wenn es an eine Steckdose angeschlossen ist und Netzstrom verwendet. Damit lange Tonaufnahmen einfacher wiedergegeben und auf andere Ger\u00e4te heruntergeladen werden k\u00f6nnen, werden die aufgezeichneten Dateien aufgeteilt (in Aufnahmen von 4 Stunden Dauer).<\/p>\n<p><strong>\u0422\u0415\u0425\u041d\u0418\u0427\u0415\u0421\u041a\u0418\u0415 \u041f\u0410\u0420\u0410\u041c\u0415\u0422\u0420\u042b:<\/strong><\/p>\n<ul>\n<li>Reichweite: bis zu 6\u201310 m<\/li>\n<li>Aufnahmequalit\u00e4t: 192 kbps<\/li>\n<li>Interner Speicher: 8 GB<\/li>\n<li>Betriebszeit: ca. 280 Stunden<\/li>\n<li>\u0412\u043e\u0437\u043c\u043e\u0436\u043d\u043e\u0441\u0442\u044c \u0440\u0430\u0441\u043f\u043e\u0437\u043d\u0430\u0432\u0430\u043d\u0438\u044f \u0440\u0435\u0447\u0438: \u0414\u0410<\/li>\n<li>Dauerhafte Tonaufnahme: JA<\/li>\n<li>\u0424\u043e\u0440\u043c\u0430\u0442 \u0437\u0430\u043f\u0438\u0441\u0438: WAV<\/li>\n<li>Dateiaufteilung: JA (in 4\u2011Stunden-Aufnahmen)<\/li>\n<li>Akkukapazit\u00e4t: 3000 mAh<\/li>\n<li>Unterst\u00fctzte Systeme: Windows 7 \/ 8 \/ 10<\/li>\n<li>Geh\u00e4usegr\u00f6\u00dfe: 110 mm x 22 mm x 22 mm<\/li>\n<\/ul>\n<div class=\"iframe-container\"><iframe src=\"https:\/\/www.youtube.com\/embed\/iv_mAmoUxQM\" width=\"560\" height=\"315\" frameborder=\"0\"><\/iframe><\/div>","protected":false},"excerpt":{"rendered":"<p>Technische Parameter: Reichweite: bis zu 6\u201312 m Aufnahmequalit\u00e4t: 192 kbps Interner Speicher: 8 GB Betriebszeit: ca. 280 Stunden Spracherkennungsm\u00f6glichkeit: JA Dauerhafte Tonaufnahme: JA Aufnahmeformat: WAV&#8230;<\/p>","protected":false},"featured_media":27641,"template":"","meta":[],"etheme_brands":[],"product_brand":[],"product_cat":[208,207],"product_tag":[787],"class_list":{"0":"post-16399","1":"product","2":"type-product","3":"status-publish","4":"has-post-thumbnail","6":"product_cat-16-abhoergeraete","7":"product_cat-13-diktiergeraete","8":"product_tag-digitales-diktiergeraet","9":"pa_typ-pro-diktiergeraet","11":"first","12":"instock","13":"taxable","14":"shipping-taxable","15":"purchasable","16":"product-type-simple"},"yoast_head":"<!-- This site is optimized with the Yoast SEO Premium plugin v25.9 (Yoast SEO v27.4) - https:\/\/yoast.com\/product\/yoast-seo-premium-wordpress\/ -->\n<title>Geheimer Diktierger\u00e4t mit Magnet, sprachaktiviert, 8GB<\/title>\n<meta name=\"description\" content=\"Versteckter Diktierger\u00e4t mit Magnet, sprachaktiviert. Hochwertiger Diktierger\u00e4t f\u00fcr die verdeckte Aufzeichnung von Gespr\u00e4chen. Der versteckte Diktierger\u00e4t l\u00e4sst sich leicht verbergen.\" \/>\n<meta name=\"robots\" content=\"index, follow, max-snippet:-1, max-image-preview:large, max-video-preview:-1\" \/>\n<link rel=\"canonical\" href=\"https:\/\/www.ortungsgerate.de\/ru\/16-proslushivayushcheye-oborudovaniye-2\/skrytyy-diktofon-s-magnitom-aktivatsiya-golosom-8gb-11-dney-raboty\/\" \/>\n<meta property=\"og:locale\" content=\"ru_RU\" \/>\n<meta property=\"og:type\" content=\"article\" \/>\n<meta property=\"og:title\" content=\"Versteckter Diktierger\u00e4t mit Magnet, sprachaktiviert, 8GB, 11 Tage Betriebsdauer\" \/>\n<meta property=\"og:description\" content=\"Versteckter Diktierger\u00e4t mit Magnet, sprachaktiviert. Hochwertiger Diktierger\u00e4t f\u00fcr die verdeckte Aufzeichnung von Gespr\u00e4chen. Der versteckte Diktierger\u00e4t l\u00e4sst sich leicht verbergen.\" \/>\n<meta property=\"og:url\" content=\"https:\/\/www.ortungsgerate.de\/ru\/16-proslushivayushcheye-oborudovaniye-2\/skrytyy-diktofon-s-magnitom-aktivatsiya-golosom-8gb-11-dney-raboty\/\" \/>\n<meta property=\"og:site_name\" content=\"Ortungsger\u00e4te.de\" \/>\n<meta property=\"article:modified_time\" content=\"2025-11-26T17:01:36+00:00\" \/>\n<meta property=\"og:image\" content=\"https:\/\/www.ortungsgerate.de\/wp-content\/uploads\/slaptas-diktofonas-su-magnetu-aktyvuojamas-balsu-8gb-3.jpg\" \/>\n\t<meta property=\"og:image:width\" content=\"1000\" \/>\n\t<meta property=\"og:image:height\" content=\"1000\" \/>\n\t<meta property=\"og:image:type\" content=\"image\/jpeg\" \/>\n<meta name=\"twitter:card\" content=\"summary_large_image\" \/>\n<meta name=\"twitter:label1\" content=\"\u041f\u0440\u0438\u043c\u0435\u0440\u043d\u043e\u0435 \u0432\u0440\u0435\u043c\u044f \u0434\u043b\u044f \u0447\u0442\u0435\u043d\u0438\u044f\" \/>\n\t<meta name=\"twitter:data1\" content=\"3 \u043c\u0438\u043d\u0443\u0442\u044b\" \/>\n<script type=\"application\/ld+json\" class=\"yoast-schema-graph\">{\"@context\":\"https:\\\/\\\/schema.org\",\"@graph\":[{\"@type\":\"WebPage\",\"@id\":\"https:\\\/\\\/www.ortungsgerate.de\\\/16-abhoergeraete\\\/versteckter-diktiergeraet-mit-magnet-sprachaktiviert-8gb-11-tage-betriebsdauer\\\/\",\"url\":\"https:\\\/\\\/www.ortungsgerate.de\\\/16-abhoergeraete\\\/versteckter-diktiergeraet-mit-magnet-sprachaktiviert-8gb-11-tage-betriebsdauer\\\/\",\"name\":\"Geheimer Diktierger\u00e4t mit Magnet, sprachaktiviert, 8GB\",\"isPartOf\":{\"@id\":\"https:\\\/\\\/www.ortungsgerate.de\\\/#website\"},\"primaryImageOfPage\":{\"@id\":\"https:\\\/\\\/www.ortungsgerate.de\\\/16-abhoergeraete\\\/versteckter-diktiergeraet-mit-magnet-sprachaktiviert-8gb-11-tage-betriebsdauer\\\/#primaryimage\"},\"image\":{\"@id\":\"https:\\\/\\\/www.ortungsgerate.de\\\/16-abhoergeraete\\\/versteckter-diktiergeraet-mit-magnet-sprachaktiviert-8gb-11-tage-betriebsdauer\\\/#primaryimage\"},\"thumbnailUrl\":\"https:\\\/\\\/www.ortungsgerate.de\\\/wp-content\\\/uploads\\\/slaptas-diktofonas-su-magnetu-aktyvuojamas-balsu-8gb-3.jpg\",\"datePublished\":\"2024-02-06T19:36:05+00:00\",\"dateModified\":\"2025-11-26T17:01:36+00:00\",\"description\":\"Versteckter Diktierger\u00e4t mit Magnet, sprachaktiviert. Hochwertiger Diktierger\u00e4t f\u00fcr die verdeckte Aufzeichnung von Gespr\u00e4chen. Der versteckte Diktierger\u00e4t l\u00e4sst sich leicht verbergen.\",\"breadcrumb\":{\"@id\":\"https:\\\/\\\/www.ortungsgerate.de\\\/16-abhoergeraete\\\/versteckter-diktiergeraet-mit-magnet-sprachaktiviert-8gb-11-tage-betriebsdauer\\\/#breadcrumb\"},\"inLanguage\":\"ru-RU\",\"potentialAction\":[{\"@type\":\"ReadAction\",\"target\":[\"https:\\\/\\\/www.ortungsgerate.de\\\/16-abhoergeraete\\\/versteckter-diktiergeraet-mit-magnet-sprachaktiviert-8gb-11-tage-betriebsdauer\\\/\"]}]},{\"@type\":\"ImageObject\",\"inLanguage\":\"ru-RU\",\"@id\":\"https:\\\/\\\/www.ortungsgerate.de\\\/16-abhoergeraete\\\/versteckter-diktiergeraet-mit-magnet-sprachaktiviert-8gb-11-tage-betriebsdauer\\\/#primaryimage\",\"url\":\"https:\\\/\\\/www.ortungsgerate.de\\\/wp-content\\\/uploads\\\/slaptas-diktofonas-su-magnetu-aktyvuojamas-balsu-8gb-3.jpg\",\"contentUrl\":\"https:\\\/\\\/www.ortungsgerate.de\\\/wp-content\\\/uploads\\\/slaptas-diktofonas-su-magnetu-aktyvuojamas-balsu-8gb-3.jpg\",\"width\":1000,\"height\":1000,\"caption\":\"Diktierger\u00e4t mit Magnet langer Betriebszeit\"},{\"@type\":\"BreadcrumbList\",\"@id\":\"https:\\\/\\\/www.ortungsgerate.de\\\/16-abhoergeraete\\\/versteckter-diktiergeraet-mit-magnet-sprachaktiviert-8gb-11-tage-betriebsdauer\\\/#breadcrumb\",\"itemListElement\":[{\"@type\":\"ListItem\",\"position\":1,\"name\":\"Startseite\",\"item\":\"https:\\\/\\\/www.ortungsgerate.de\\\/\"},{\"@type\":\"ListItem\",\"position\":2,\"name\":\"Shop\",\"item\":\"https:\\\/\\\/www.ortungsgerate.de\\\/shop\\\/\"},{\"@type\":\"ListItem\",\"position\":3,\"name\":\"Versteckter Diktierger\u00e4t mit Magnet, sprachaktiviert, 8GB, 11 Tage Betriebsdauer\"}]},{\"@type\":\"WebSite\",\"@id\":\"https:\\\/\\\/www.ortungsgerate.de\\\/#website\",\"url\":\"https:\\\/\\\/www.ortungsgerate.de\\\/\",\"name\":\"Ortungsgerate.de\",\"description\":\"\",\"publisher\":{\"@id\":\"https:\\\/\\\/www.ortungsgerate.de\\\/#organization\"},\"potentialAction\":[{\"@type\":\"SearchAction\",\"target\":{\"@type\":\"EntryPoint\",\"urlTemplate\":\"https:\\\/\\\/www.ortungsgerate.de\\\/?s={search_term_string}\"},\"query-input\":{\"@type\":\"PropertyValueSpecification\",\"valueRequired\":true,\"valueName\":\"search_term_string\"}}],\"inLanguage\":\"ru-RU\"},{\"@type\":\"Organization\",\"@id\":\"https:\\\/\\\/www.ortungsgerate.de\\\/#organization\",\"name\":\"Ortungsgerate.de\",\"url\":\"https:\\\/\\\/www.ortungsgerate.de\\\/\",\"logo\":{\"@type\":\"ImageObject\",\"inLanguage\":\"ru-RU\",\"@id\":\"https:\\\/\\\/www.ortungsgerate.de\\\/#\\\/schema\\\/logo\\\/image\\\/\",\"url\":\"https:\\\/\\\/www.ortungsgerate.de\\\/wp-content\\\/uploads\\\/ortungsgerate.png\",\"contentUrl\":\"https:\\\/\\\/www.ortungsgerate.de\\\/wp-content\\\/uploads\\\/ortungsgerate.png\",\"width\":500,\"height\":135,\"caption\":\"Ortungsgerate.de\"},\"image\":{\"@id\":\"https:\\\/\\\/www.ortungsgerate.de\\\/#\\\/schema\\\/logo\\\/image\\\/\"}}]}<\/script>\n<!-- \/ Yoast SEO Premium plugin. -->","yoast_head_json":{"title":"Geheimer Diktierger\u00e4t mit Magnet, sprachaktiviert, 8GB","description":"Versteckter Diktierger\u00e4t mit Magnet, sprachaktiviert. Hochwertiger Diktierger\u00e4t f\u00fcr die verdeckte Aufzeichnung von Gespr\u00e4chen. Der versteckte Diktierger\u00e4t l\u00e4sst sich leicht verbergen.","robots":{"index":"index","follow":"follow","max-snippet":"max-snippet:-1","max-image-preview":"max-image-preview:large","max-video-preview":"max-video-preview:-1"},"canonical":"https:\/\/www.ortungsgerate.de\/ru\/16-proslushivayushcheye-oborudovaniye-2\/skrytyy-diktofon-s-magnitom-aktivatsiya-golosom-8gb-11-dney-raboty\/","og_locale":"ru_RU","og_type":"article","og_title":"Versteckter Diktierger\u00e4t mit Magnet, sprachaktiviert, 8GB, 11 Tage Betriebsdauer","og_description":"Versteckter Diktierger\u00e4t mit Magnet, sprachaktiviert. Hochwertiger Diktierger\u00e4t f\u00fcr die verdeckte Aufzeichnung von Gespr\u00e4chen. Der versteckte Diktierger\u00e4t l\u00e4sst sich leicht verbergen.","og_url":"https:\/\/www.ortungsgerate.de\/ru\/16-proslushivayushcheye-oborudovaniye-2\/skrytyy-diktofon-s-magnitom-aktivatsiya-golosom-8gb-11-dney-raboty\/","og_site_name":"Ortungsger\u00e4te.de","article_modified_time":"2025-11-26T17:01:36+00:00","og_image":[{"width":1000,"height":1000,"url":"https:\/\/www.ortungsgerate.de\/wp-content\/uploads\/slaptas-diktofonas-su-magnetu-aktyvuojamas-balsu-8gb-3.jpg","type":"image\/jpeg"}],"twitter_card":"summary_large_image","twitter_misc":{"\u041f\u0440\u0438\u043c\u0435\u0440\u043d\u043e\u0435 \u0432\u0440\u0435\u043c\u044f \u0434\u043b\u044f \u0447\u0442\u0435\u043d\u0438\u044f":"3 \u043c\u0438\u043d\u0443\u0442\u044b"},"schema":{"@context":"https:\/\/schema.org","@graph":[{"@type":"WebPage","@id":"https:\/\/www.ortungsgerate.de\/16-abhoergeraete\/versteckter-diktiergeraet-mit-magnet-sprachaktiviert-8gb-11-tage-betriebsdauer\/","url":"https:\/\/www.ortungsgerate.de\/16-abhoergeraete\/versteckter-diktiergeraet-mit-magnet-sprachaktiviert-8gb-11-tage-betriebsdauer\/","name":"Geheimer Diktierger\u00e4t mit Magnet, sprachaktiviert, 8GB","isPartOf":{"@id":"https:\/\/www.ortungsgerate.de\/#website"},"primaryImageOfPage":{"@id":"https:\/\/www.ortungsgerate.de\/16-abhoergeraete\/versteckter-diktiergeraet-mit-magnet-sprachaktiviert-8gb-11-tage-betriebsdauer\/#primaryimage"},"image":{"@id":"https:\/\/www.ortungsgerate.de\/16-abhoergeraete\/versteckter-diktiergeraet-mit-magnet-sprachaktiviert-8gb-11-tage-betriebsdauer\/#primaryimage"},"thumbnailUrl":"https:\/\/www.ortungsgerate.de\/wp-content\/uploads\/slaptas-diktofonas-su-magnetu-aktyvuojamas-balsu-8gb-3.jpg","datePublished":"2024-02-06T19:36:05+00:00","dateModified":"2025-11-26T17:01:36+00:00","description":"Versteckter Diktierger\u00e4t mit Magnet, sprachaktiviert. Hochwertiger Diktierger\u00e4t f\u00fcr die verdeckte Aufzeichnung von Gespr\u00e4chen. Der versteckte Diktierger\u00e4t l\u00e4sst sich leicht verbergen.","breadcrumb":{"@id":"https:\/\/www.ortungsgerate.de\/16-abhoergeraete\/versteckter-diktiergeraet-mit-magnet-sprachaktiviert-8gb-11-tage-betriebsdauer\/#breadcrumb"},"inLanguage":"ru-RU","potentialAction":[{"@type":"ReadAction","target":["https:\/\/www.ortungsgerate.de\/16-abhoergeraete\/versteckter-diktiergeraet-mit-magnet-sprachaktiviert-8gb-11-tage-betriebsdauer\/"]}]},{"@type":"ImageObject","inLanguage":"ru-RU","@id":"https:\/\/www.ortungsgerate.de\/16-abhoergeraete\/versteckter-diktiergeraet-mit-magnet-sprachaktiviert-8gb-11-tage-betriebsdauer\/#primaryimage","url":"https:\/\/www.ortungsgerate.de\/wp-content\/uploads\/slaptas-diktofonas-su-magnetu-aktyvuojamas-balsu-8gb-3.jpg","contentUrl":"https:\/\/www.ortungsgerate.de\/wp-content\/uploads\/slaptas-diktofonas-su-magnetu-aktyvuojamas-balsu-8gb-3.jpg","width":1000,"height":1000,"caption":"Diktierger\u00e4t mit Magnet langer Betriebszeit"},{"@type":"BreadcrumbList","@id":"https:\/\/www.ortungsgerate.de\/16-abhoergeraete\/versteckter-diktiergeraet-mit-magnet-sprachaktiviert-8gb-11-tage-betriebsdauer\/#breadcrumb","itemListElement":[{"@type":"ListItem","position":1,"name":"Startseite","item":"https:\/\/www.ortungsgerate.de\/"},{"@type":"ListItem","position":2,"name":"Shop","item":"https:\/\/www.ortungsgerate.de\/shop\/"},{"@type":"ListItem","position":3,"name":"Versteckter Diktierger\u00e4t mit Magnet, sprachaktiviert, 8GB, 11 Tage Betriebsdauer"}]},{"@type":"WebSite","@id":"https:\/\/www.ortungsgerate.de\/#website","url":"https:\/\/www.ortungsgerate.de\/","name":"Ortungsgerate.de","description":"","publisher":{"@id":"https:\/\/www.ortungsgerate.de\/#organization"},"potentialAction":[{"@type":"SearchAction","target":{"@type":"EntryPoint","urlTemplate":"https:\/\/www.ortungsgerate.de\/?s={search_term_string}"},"query-input":{"@type":"PropertyValueSpecification","valueRequired":true,"valueName":"search_term_string"}}],"inLanguage":"ru-RU"},{"@type":"Organization","@id":"https:\/\/www.ortungsgerate.de\/#organization","name":"Ortungsgerate.de","url":"https:\/\/www.ortungsgerate.de\/","logo":{"@type":"ImageObject","inLanguage":"ru-RU","@id":"https:\/\/www.ortungsgerate.de\/#\/schema\/logo\/image\/","url":"https:\/\/www.ortungsgerate.de\/wp-content\/uploads\/ortungsgerate.png","contentUrl":"https:\/\/www.ortungsgerate.de\/wp-content\/uploads\/ortungsgerate.png","width":500,"height":135,"caption":"Ortungsgerate.de"},"image":{"@id":"https:\/\/www.ortungsgerate.de\/#\/schema\/logo\/image\/"}}]}},"_links":{"self":[{"href":"https:\/\/www.ortungsgerate.de\/ru\/wp-json\/wp\/v2\/product\/16399","targetHints":{"allow":["GET"]}}],"collection":[{"href":"https:\/\/www.ortungsgerate.de\/ru\/wp-json\/wp\/v2\/product"}],"about":[{"href":"https:\/\/www.ortungsgerate.de\/ru\/wp-json\/wp\/v2\/types\/product"}],"version-history":[{"count":0,"href":"https:\/\/www.ortungsgerate.de\/ru\/wp-json\/wp\/v2\/product\/16399\/revisions"}],"wp:featuredmedia":[{"embeddable":true,"href":"https:\/\/www.ortungsgerate.de\/ru\/wp-json\/wp\/v2\/media\/27641"}],"wp:attachment":[{"href":"https:\/\/www.ortungsgerate.de\/ru\/wp-json\/wp\/v2\/media?parent=16399"}],"wp:term":[{"taxonomy":"brand","embeddable":true,"href":"https:\/\/www.ortungsgerate.de\/ru\/wp-json\/wp\/v2\/etheme_brands?post=16399"},{"taxonomy":"product_brand","embeddable":true,"href":"https:\/\/www.ortungsgerate.de\/ru\/wp-json\/wp\/v2\/product_brand?post=16399"},{"taxonomy":"product_cat","embeddable":true,"href":"https:\/\/www.ortungsgerate.de\/ru\/wp-json\/wp\/v2\/product_cat?post=16399"},{"taxonomy":"product_tag","embeddable":true,"href":"https:\/\/www.ortungsgerate.de\/ru\/wp-json\/wp\/v2\/product_tag?post=16399"}],"curies":[{"name":"wp","href":"https:\/\/api.w.org\/{rel}","templated":true}]}}