{"id":16401,"date":"2024-02-06T21:37:51","date_gmt":"2024-02-06T19:37:51","guid":{"rendered":"https:\/\/ortungsgerate.de\/be-kategorijos\/nesiojamas-pakrovejas-powerbank-su-imontuota-kamera-ir-wi-fi\/"},"modified":"2025-12-01T11:26:01","modified_gmt":"2025-12-01T10:26:01","slug":"portativnoe-zaryadnoe-ustroystvo-powerbank-s-vstroennoy-kameroy-i-wi-fi","status":"publish","type":"product","link":"https:\/\/www.ortungsgerate.de\/ru\/12-skrytyje-kamery\/17-zamaskirovanyje-kamery\/portativnoe-zaryadnoe-ustroystvo-powerbank-s-vstroennoy-kameroy-i-wi-fi\/","title":{"rendered":"\u041f\u043e\u0440\u0442\u0430\u0442\u0438\u0432\u043d\u043e\u0435 \u0437\u0430\u0440\u044f\u0434\u043d\u043e\u0435 \u0443\u0441\u0442\u0440\u043e\u0439\u0441\u0442\u0432\u043e POWERBANK \u0441 \u0432\u0441\u0442\u0440\u043e\u0435\u043d\u043d\u043e\u0439 \u043a\u0430\u043c\u0435\u0440\u043e\u0439 \u0438 Wi-Fi"},"content":{"rendered":"<h3><strong>\u0422\u0435\u0445\u043d\u0438\u0447\u0435\u0441\u043a\u0438\u0435 \u043f\u0430\u0440\u0430\u043c\u0435\u0442\u0440\u044b:<\/strong><\/h3>\n<ul>\n<li>Unterst\u00fctzung f\u00fcr Speicherkarten: Micro SD \/ SDHC bis 128 GB (nicht enthalten)<\/li>\n<li>2-Mpx-Kamerasensor<\/li>\n<li>Videoaufnahme mit Ton<\/li>\n<li>Aufl\u00f6sungsqualit\u00e4t der Aufnahme: Full HD 1920x1080px<\/li>\n<li>Ohne Verbindung zu Wi-Fi ist eine \u00dcberwachung in bis zu 30 m Entfernung m\u00f6glich<\/li>\n<li>Bei Anschluss an ein Wi-Fi-Netzwerk ist die \u00dcberwachungsentfernung unbegrenzt<\/li>\n<li>Videoformat: AVI | max. 20 fps<\/li>\n<li>Akkukapazit\u00e4t 2800 mAh<\/li>\n<li>Sichtwinkel: 120 \u00b0<\/li>\n<li>LED-Taschenlampe<\/li>\n<li>\u0417\u0432\u0443\u043a: \u043c\u0438\u043a\u0440\u043e\u0444\u043e\u043d \u0441 \u0444\u0443\u043d\u043a\u0446\u0438\u0435\u0439 \u0448\u0443\u043c\u043e\u043f\u043e\u0434\u0430\u0432\u043b\u0435\u043d\u0438\u044f<\/li>\n<li>Nachtsicht: keine<\/li>\n<li>Live-\u00dcberwachung \u00fcber das Internet (\u00fcber mobile App) aus jedem Land der Welt<\/li>\n<li>Bewegungserkennung, in der App erscheint eine Meldung, dass sich jemand im Raum bewegt<\/li>\n<li>Dauerhafte Videoaufzeichnung (\u00dcberschreibmodus)<\/li>\n<li>\u0412\u0438\u0434\u0435\u043e\u043a\u043e\u0434\u0438\u0440\u043e\u0432\u0430\u043d\u0438\u0435: H264<\/li>\n<li>Lieferumfang: Uhr, Micro-SD-Kartenleser, USB-Kabel, Netzteil<\/li>\n<li>Abmessungen: 11,3x6x1,4 cm<\/li>\n<li><strong>\u0413\u0410\u0420\u0410\u041d\u0422\u0418\u042f 12 \u043c\u0435\u0441\u044f\u0446\u0435\u0432<\/strong><\/li>\n<\/ul>\n<p><span style=\"color: #d0121a;\"><\/span><\/p>","protected":false},"excerpt":{"rendered":"<p>Technische Parameter: Unterst\u00fctzung f\u00fcr Speicherkarten: Micro SD \/ SDHC bis 128 GB (nicht enthalten) 2-Mpx-Kamerasensor Videoaufnahme mit Ton Aufl\u00f6sungsqualit\u00e4t der Aufnahme: Full HD 1920x1080px Ohne&#8230;<\/p>","protected":false},"featured_media":26341,"template":"","meta":[],"etheme_brands":[],"product_brand":[],"product_cat":[204,203,205],"product_tag":[753,42,707,705,690,693],"class_list":{"0":"post-16401","1":"product","2":"type-product","3":"status-publish","4":"has-post-thumbnail","6":"product_cat-17-getarnte-kameras","7":"product_cat-12-versteckte-kameras","8":"product_cat-27-wlan-minikameras","9":"product_tag-getarnte-kamera","10":"product_tag-kamera","11":"product_tag-kamera-uhr","12":"product_tag-ueberwachungskamera","13":"product_tag-versteckte-kamera","14":"product_tag-wlan-kamera","15":"pa_typ-externe-akkus-powerbank","17":"first","18":"instock","19":"taxable","20":"shipping-taxable","21":"purchasable","22":"product-type-simple"},"yoast_head":"<!-- This site is optimized with the Yoast SEO Premium plugin v25.9 (Yoast SEO v27.4) - https:\/\/yoast.com\/product\/yoast-seo-premium-wordpress\/ -->\n<title>Powerbank mit versteckter integrierter Kamera mit Wi-Fi - Sekimoiranga.lt<\/title>\n<meta name=\"description\" content=\"Powerbank tragbare Batterie mit versteckter Kamera. Unauff\u00e4llige Kamera 5000mAh. Das Bild kann von jedem Land der Welt aus 24\/7 \u00fcberwacht werden\" \/>\n<meta name=\"robots\" content=\"index, follow, max-snippet:-1, max-image-preview:large, max-video-preview:-1\" \/>\n<link rel=\"canonical\" href=\"https:\/\/www.ortungsgerate.de\/ru\/12-skrytyje-kamery\/27-wlan-mini-kamery\/portativnoe-zaryadnoe-ustroystvo-powerbank-s-vstroennoy-kameroy-i-wi-fi\/\" \/>\n<meta property=\"og:locale\" content=\"ru_RU\" \/>\n<meta property=\"og:type\" content=\"article\" \/>\n<meta property=\"og:title\" content=\"Tragbares Ladeger\u00e4t POWERBANK mit integrierter Kamera und WLAN\" \/>\n<meta property=\"og:description\" content=\"Powerbank tragbare Batterie mit versteckter Kamera. Unauff\u00e4llige Kamera 5000mAh. Das Bild kann von jedem Land der Welt aus 24\/7 \u00fcberwacht werden\" \/>\n<meta property=\"og:url\" content=\"https:\/\/www.ortungsgerate.de\/ru\/12-skrytyje-kamery\/27-wlan-mini-kamery\/portativnoe-zaryadnoe-ustroystvo-powerbank-s-vstroennoy-kameroy-i-wi-fi\/\" \/>\n<meta property=\"og:site_name\" content=\"Ortungsger\u00e4te.de\" \/>\n<meta property=\"article:modified_time\" content=\"2025-12-01T10:26:01+00:00\" \/>\n<meta property=\"og:image\" content=\"https:\/\/www.ortungsgerate.de\/wp-content\/uploads\/powerbnak-slapta-kamera-nesiojama-baterija.jpg\" \/>\n\t<meta property=\"og:image:width\" content=\"424\" \/>\n\t<meta property=\"og:image:height\" content=\"475\" \/>\n\t<meta property=\"og:image:type\" content=\"image\/jpeg\" \/>\n<meta name=\"twitter:card\" content=\"summary_large_image\" \/>\n<meta name=\"twitter:label1\" content=\"\u041f\u0440\u0438\u043c\u0435\u0440\u043d\u043e\u0435 \u0432\u0440\u0435\u043c\u044f \u0434\u043b\u044f \u0447\u0442\u0435\u043d\u0438\u044f\" \/>\n\t<meta name=\"twitter:data1\" content=\"1 \u043c\u0438\u043d\u0443\u0442\u0430\" \/>\n<script type=\"application\/ld+json\" class=\"yoast-schema-graph\">{\"@context\":\"https:\\\/\\\/schema.org\",\"@graph\":[{\"@type\":\"WebPage\",\"@id\":\"https:\\\/\\\/www.ortungsgerate.de\\\/12-versteckte-kameras\\\/27-wlan-minikameras\\\/tragbares-ladegeraet-powerbank-mit-integrierter-kamera-und-wlan\\\/\",\"url\":\"https:\\\/\\\/www.ortungsgerate.de\\\/12-versteckte-kameras\\\/27-wlan-minikameras\\\/tragbares-ladegeraet-powerbank-mit-integrierter-kamera-und-wlan\\\/\",\"name\":\"Powerbank mit versteckter integrierter Kamera mit Wi-Fi - Sekimoiranga.lt\",\"isPartOf\":{\"@id\":\"https:\\\/\\\/www.ortungsgerate.de\\\/#website\"},\"primaryImageOfPage\":{\"@id\":\"https:\\\/\\\/www.ortungsgerate.de\\\/12-versteckte-kameras\\\/27-wlan-minikameras\\\/tragbares-ladegeraet-powerbank-mit-integrierter-kamera-und-wlan\\\/#primaryimage\"},\"image\":{\"@id\":\"https:\\\/\\\/www.ortungsgerate.de\\\/12-versteckte-kameras\\\/27-wlan-minikameras\\\/tragbares-ladegeraet-powerbank-mit-integrierter-kamera-und-wlan\\\/#primaryimage\"},\"thumbnailUrl\":\"https:\\\/\\\/www.ortungsgerate.de\\\/wp-content\\\/uploads\\\/powerbnak-slapta-kamera-nesiojama-baterija.jpg\",\"datePublished\":\"2024-02-06T19:37:51+00:00\",\"dateModified\":\"2025-12-01T10:26:01+00:00\",\"description\":\"Powerbank tragbare Batterie mit versteckter Kamera. Unauff\u00e4llige Kamera 5000mAh. Das Bild kann von jedem Land der Welt aus 24\\\/7 \u00fcberwacht werden\",\"breadcrumb\":{\"@id\":\"https:\\\/\\\/www.ortungsgerate.de\\\/12-versteckte-kameras\\\/27-wlan-minikameras\\\/tragbares-ladegeraet-powerbank-mit-integrierter-kamera-und-wlan\\\/#breadcrumb\"},\"inLanguage\":\"ru-RU\",\"potentialAction\":[{\"@type\":\"ReadAction\",\"target\":[\"https:\\\/\\\/www.ortungsgerate.de\\\/12-versteckte-kameras\\\/27-wlan-minikameras\\\/tragbares-ladegeraet-powerbank-mit-integrierter-kamera-und-wlan\\\/\"]}]},{\"@type\":\"ImageObject\",\"inLanguage\":\"ru-RU\",\"@id\":\"https:\\\/\\\/www.ortungsgerate.de\\\/12-versteckte-kameras\\\/27-wlan-minikameras\\\/tragbares-ladegeraet-powerbank-mit-integrierter-kamera-und-wlan\\\/#primaryimage\",\"url\":\"https:\\\/\\\/www.ortungsgerate.de\\\/wp-content\\\/uploads\\\/powerbnak-slapta-kamera-nesiojama-baterija.jpg\",\"contentUrl\":\"https:\\\/\\\/www.ortungsgerate.de\\\/wp-content\\\/uploads\\\/powerbnak-slapta-kamera-nesiojama-baterija.jpg\",\"width\":424,\"height\":475,\"caption\":\"Powerbank versteckte Kamera tragbare Batterie\"},{\"@type\":\"BreadcrumbList\",\"@id\":\"https:\\\/\\\/www.ortungsgerate.de\\\/12-versteckte-kameras\\\/27-wlan-minikameras\\\/tragbares-ladegeraet-powerbank-mit-integrierter-kamera-und-wlan\\\/#breadcrumb\",\"itemListElement\":[{\"@type\":\"ListItem\",\"position\":1,\"name\":\"Startseite\",\"item\":\"https:\\\/\\\/www.ortungsgerate.de\\\/\"},{\"@type\":\"ListItem\",\"position\":2,\"name\":\"Shop\",\"item\":\"https:\\\/\\\/www.ortungsgerate.de\\\/shop\\\/\"},{\"@type\":\"ListItem\",\"position\":3,\"name\":\"Tragbares Ladeger\u00e4t POWERBANK mit integrierter Kamera und WLAN\"}]},{\"@type\":\"WebSite\",\"@id\":\"https:\\\/\\\/www.ortungsgerate.de\\\/#website\",\"url\":\"https:\\\/\\\/www.ortungsgerate.de\\\/\",\"name\":\"Ortungsgerate.de\",\"description\":\"\",\"publisher\":{\"@id\":\"https:\\\/\\\/www.ortungsgerate.de\\\/#organization\"},\"potentialAction\":[{\"@type\":\"SearchAction\",\"target\":{\"@type\":\"EntryPoint\",\"urlTemplate\":\"https:\\\/\\\/www.ortungsgerate.de\\\/?s={search_term_string}\"},\"query-input\":{\"@type\":\"PropertyValueSpecification\",\"valueRequired\":true,\"valueName\":\"search_term_string\"}}],\"inLanguage\":\"ru-RU\"},{\"@type\":\"Organization\",\"@id\":\"https:\\\/\\\/www.ortungsgerate.de\\\/#organization\",\"name\":\"Ortungsgerate.de\",\"url\":\"https:\\\/\\\/www.ortungsgerate.de\\\/\",\"logo\":{\"@type\":\"ImageObject\",\"inLanguage\":\"ru-RU\",\"@id\":\"https:\\\/\\\/www.ortungsgerate.de\\\/#\\\/schema\\\/logo\\\/image\\\/\",\"url\":\"https:\\\/\\\/www.ortungsgerate.de\\\/wp-content\\\/uploads\\\/ortungsgerate.png\",\"contentUrl\":\"https:\\\/\\\/www.ortungsgerate.de\\\/wp-content\\\/uploads\\\/ortungsgerate.png\",\"width\":500,\"height\":135,\"caption\":\"Ortungsgerate.de\"},\"image\":{\"@id\":\"https:\\\/\\\/www.ortungsgerate.de\\\/#\\\/schema\\\/logo\\\/image\\\/\"}}]}<\/script>\n<!-- \/ Yoast SEO Premium plugin. -->","yoast_head_json":{"title":"Powerbank mit versteckter integrierter Kamera mit Wi-Fi - Sekimoiranga.lt","description":"Powerbank tragbare Batterie mit versteckter Kamera. Unauff\u00e4llige Kamera 5000mAh. Das Bild kann von jedem Land der Welt aus 24\/7 \u00fcberwacht werden","robots":{"index":"index","follow":"follow","max-snippet":"max-snippet:-1","max-image-preview":"max-image-preview:large","max-video-preview":"max-video-preview:-1"},"canonical":"https:\/\/www.ortungsgerate.de\/ru\/12-skrytyje-kamery\/27-wlan-mini-kamery\/portativnoe-zaryadnoe-ustroystvo-powerbank-s-vstroennoy-kameroy-i-wi-fi\/","og_locale":"ru_RU","og_type":"article","og_title":"Tragbares Ladeger\u00e4t POWERBANK mit integrierter Kamera und WLAN","og_description":"Powerbank tragbare Batterie mit versteckter Kamera. Unauff\u00e4llige Kamera 5000mAh. Das Bild kann von jedem Land der Welt aus 24\/7 \u00fcberwacht werden","og_url":"https:\/\/www.ortungsgerate.de\/ru\/12-skrytyje-kamery\/27-wlan-mini-kamery\/portativnoe-zaryadnoe-ustroystvo-powerbank-s-vstroennoy-kameroy-i-wi-fi\/","og_site_name":"Ortungsger\u00e4te.de","article_modified_time":"2025-12-01T10:26:01+00:00","og_image":[{"width":424,"height":475,"url":"https:\/\/www.ortungsgerate.de\/wp-content\/uploads\/powerbnak-slapta-kamera-nesiojama-baterija.jpg","type":"image\/jpeg"}],"twitter_card":"summary_large_image","twitter_misc":{"\u041f\u0440\u0438\u043c\u0435\u0440\u043d\u043e\u0435 \u0432\u0440\u0435\u043c\u044f \u0434\u043b\u044f \u0447\u0442\u0435\u043d\u0438\u044f":"1 \u043c\u0438\u043d\u0443\u0442\u0430"},"schema":{"@context":"https:\/\/schema.org","@graph":[{"@type":"WebPage","@id":"https:\/\/www.ortungsgerate.de\/12-versteckte-kameras\/27-wlan-minikameras\/tragbares-ladegeraet-powerbank-mit-integrierter-kamera-und-wlan\/","url":"https:\/\/www.ortungsgerate.de\/12-versteckte-kameras\/27-wlan-minikameras\/tragbares-ladegeraet-powerbank-mit-integrierter-kamera-und-wlan\/","name":"Powerbank mit versteckter integrierter Kamera mit Wi-Fi - Sekimoiranga.lt","isPartOf":{"@id":"https:\/\/www.ortungsgerate.de\/#website"},"primaryImageOfPage":{"@id":"https:\/\/www.ortungsgerate.de\/12-versteckte-kameras\/27-wlan-minikameras\/tragbares-ladegeraet-powerbank-mit-integrierter-kamera-und-wlan\/#primaryimage"},"image":{"@id":"https:\/\/www.ortungsgerate.de\/12-versteckte-kameras\/27-wlan-minikameras\/tragbares-ladegeraet-powerbank-mit-integrierter-kamera-und-wlan\/#primaryimage"},"thumbnailUrl":"https:\/\/www.ortungsgerate.de\/wp-content\/uploads\/powerbnak-slapta-kamera-nesiojama-baterija.jpg","datePublished":"2024-02-06T19:37:51+00:00","dateModified":"2025-12-01T10:26:01+00:00","description":"Powerbank tragbare Batterie mit versteckter Kamera. Unauff\u00e4llige Kamera 5000mAh. Das Bild kann von jedem Land der Welt aus 24\/7 \u00fcberwacht werden","breadcrumb":{"@id":"https:\/\/www.ortungsgerate.de\/12-versteckte-kameras\/27-wlan-minikameras\/tragbares-ladegeraet-powerbank-mit-integrierter-kamera-und-wlan\/#breadcrumb"},"inLanguage":"ru-RU","potentialAction":[{"@type":"ReadAction","target":["https:\/\/www.ortungsgerate.de\/12-versteckte-kameras\/27-wlan-minikameras\/tragbares-ladegeraet-powerbank-mit-integrierter-kamera-und-wlan\/"]}]},{"@type":"ImageObject","inLanguage":"ru-RU","@id":"https:\/\/www.ortungsgerate.de\/12-versteckte-kameras\/27-wlan-minikameras\/tragbares-ladegeraet-powerbank-mit-integrierter-kamera-und-wlan\/#primaryimage","url":"https:\/\/www.ortungsgerate.de\/wp-content\/uploads\/powerbnak-slapta-kamera-nesiojama-baterija.jpg","contentUrl":"https:\/\/www.ortungsgerate.de\/wp-content\/uploads\/powerbnak-slapta-kamera-nesiojama-baterija.jpg","width":424,"height":475,"caption":"Powerbank versteckte Kamera tragbare Batterie"},{"@type":"BreadcrumbList","@id":"https:\/\/www.ortungsgerate.de\/12-versteckte-kameras\/27-wlan-minikameras\/tragbares-ladegeraet-powerbank-mit-integrierter-kamera-und-wlan\/#breadcrumb","itemListElement":[{"@type":"ListItem","position":1,"name":"Startseite","item":"https:\/\/www.ortungsgerate.de\/"},{"@type":"ListItem","position":2,"name":"Shop","item":"https:\/\/www.ortungsgerate.de\/shop\/"},{"@type":"ListItem","position":3,"name":"Tragbares Ladeger\u00e4t POWERBANK mit integrierter Kamera und WLAN"}]},{"@type":"WebSite","@id":"https:\/\/www.ortungsgerate.de\/#website","url":"https:\/\/www.ortungsgerate.de\/","name":"Ortungsgerate.de","description":"","publisher":{"@id":"https:\/\/www.ortungsgerate.de\/#organization"},"potentialAction":[{"@type":"SearchAction","target":{"@type":"EntryPoint","urlTemplate":"https:\/\/www.ortungsgerate.de\/?s={search_term_string}"},"query-input":{"@type":"PropertyValueSpecification","valueRequired":true,"valueName":"search_term_string"}}],"inLanguage":"ru-RU"},{"@type":"Organization","@id":"https:\/\/www.ortungsgerate.de\/#organization","name":"Ortungsgerate.de","url":"https:\/\/www.ortungsgerate.de\/","logo":{"@type":"ImageObject","inLanguage":"ru-RU","@id":"https:\/\/www.ortungsgerate.de\/#\/schema\/logo\/image\/","url":"https:\/\/www.ortungsgerate.de\/wp-content\/uploads\/ortungsgerate.png","contentUrl":"https:\/\/www.ortungsgerate.de\/wp-content\/uploads\/ortungsgerate.png","width":500,"height":135,"caption":"Ortungsgerate.de"},"image":{"@id":"https:\/\/www.ortungsgerate.de\/#\/schema\/logo\/image\/"}}]}},"_links":{"self":[{"href":"https:\/\/www.ortungsgerate.de\/ru\/wp-json\/wp\/v2\/product\/16401","targetHints":{"allow":["GET"]}}],"collection":[{"href":"https:\/\/www.ortungsgerate.de\/ru\/wp-json\/wp\/v2\/product"}],"about":[{"href":"https:\/\/www.ortungsgerate.de\/ru\/wp-json\/wp\/v2\/types\/product"}],"version-history":[{"count":0,"href":"https:\/\/www.ortungsgerate.de\/ru\/wp-json\/wp\/v2\/product\/16401\/revisions"}],"wp:featuredmedia":[{"embeddable":true,"href":"https:\/\/www.ortungsgerate.de\/ru\/wp-json\/wp\/v2\/media\/26341"}],"wp:attachment":[{"href":"https:\/\/www.ortungsgerate.de\/ru\/wp-json\/wp\/v2\/media?parent=16401"}],"wp:term":[{"taxonomy":"brand","embeddable":true,"href":"https:\/\/www.ortungsgerate.de\/ru\/wp-json\/wp\/v2\/etheme_brands?post=16401"},{"taxonomy":"product_brand","embeddable":true,"href":"https:\/\/www.ortungsgerate.de\/ru\/wp-json\/wp\/v2\/product_brand?post=16401"},{"taxonomy":"product_cat","embeddable":true,"href":"https:\/\/www.ortungsgerate.de\/ru\/wp-json\/wp\/v2\/product_cat?post=16401"},{"taxonomy":"product_tag","embeddable":true,"href":"https:\/\/www.ortungsgerate.de\/ru\/wp-json\/wp\/v2\/product_tag?post=16401"}],"curies":[{"name":"wp","href":"https:\/\/api.w.org\/{rel}","templated":true}]}}