{"id":16409,"date":"2024-02-06T21:36:05","date_gmt":"2024-02-06T19:36:05","guid":{"rendered":"https:\/\/ortungsgerate.de\/be-kategorijos\/mini-wifi-full-hd-sekimo-kameros-su-naktiniu-matymu\/"},"modified":"2025-12-01T11:26:01","modified_gmt":"2025-12-01T10:26:01","slug":"mini-wifi-full-hd-kamery-nablyudeniya-s-nochnym-videniem","status":"publish","type":"product","link":"https:\/\/www.ortungsgerate.de\/ru\/12-skrytyje-kamery\/17-zamaskirovanyje-kamery\/mini-wifi-full-hd-kamery-nablyudeniya-s-nochnym-videniem\/","title":{"rendered":"\u041c\u0438\u043d\u0438 WiFi Full HD \u043a\u0430\u043c\u0435\u0440\u044b \u043d\u0430\u0431\u043b\u044e\u0434\u0435\u043d\u0438\u044f \u0441 \u043d\u043e\u0447\u043d\u044b\u043c \u0432\u0438\u0434\u0435\u043d\u0438\u0435\u043c"},"content":{"rendered":"<h3><strong>\u0422\u0435\u0445\u043d\u0438\u0447\u0435\u0441\u043a\u0438\u0435 \u043f\u0430\u0440\u0430\u043c\u0435\u0442\u0440\u044b:<\/strong><\/h3>\n<ul>\n<li>Videofernansicht: VORHANDEN<\/li>\n<li>Video wird mit Ton aufgezeichnet<\/li>\n<li>Parameter der Videoqualit\u00e4t: Vorschau: FULL HD1080P, HD und QVGA, Aufzeichnung: HD 720P und QVGA<\/li>\n<li>Anzeigem\u00f6glichkeiten: per Telefon; Tablet<\/li>\n<li>Betriebszeit: ca. 3,5 Stunden<\/li>\n<li>Aufnahme bei Nacht: VORHANDEN (4 Infrarot-LEDs)<\/li>\n<li>Aufnahme im Zyklus: VORHANDEN<\/li>\n<li>Bewegungserkennung: VORHANDEN (digital)<\/li>\n<li>Aufnahmewinkel: 120 \u00b0<\/li>\n<li>Speicherkartenunterst\u00fctzung: 8-32 GB (Karte nicht im Lieferumfang enthalten)<\/li>\n<li>Kompressionsformat: MP4 H.264<\/li>\n<li>Betriebssysteme: iOS und Android<\/li>\n<li>Anwendung: TT CAM<\/li>\n<li>Stromversorgung: Akku \/ Steckdose<\/li>\n<li>Wi-Fi-Verbindungsdaten: IEEE802.11 b \/ g \/ n<\/li>\n<li>Akku: Kapazit\u00e4t 2500 mAh<\/li>\n<li>Adapter 220 V (f\u00fcr den dauerhaften Anschluss an das Stromnetz)<\/li>\n<li>Abmessungen: 3 cm x 3 cm x 3.4 cm<\/li>\n<li>Steuerung der Aufnahmeoptionen: per Telefon oder Tablet<\/li>\n<li>\u0413\u0430\u0440\u0430\u043d\u0442\u0438\u044f 12 \u043c\u0435\u0441\u044f\u0446\u0435\u0432<\/li>\n<\/ul>\n<p>\u0418\u0441\u043f\u043e\u043b\u044c\u0437\u043e\u0432\u0430\u043d\u0438\u0435: \u0414\u043b\u044f \u0432\u0430\u0448\u0435\u0439 \u0441\u043e\u0431\u0441\u0442\u0432\u0435\u043d\u043d\u043e\u0439 \u0431\u0435\u0437\u043e\u043f\u0430\u0441\u043d\u043e\u0441\u0442\u0438 \u0438 \u0431\u0435\u0437\u043e\u043f\u0430\u0441\u043d\u043e\u0441\u0442\u0438 \u0432\u0430\u0448\u0438\u0445 \u0434\u0435\u0442\u0435\u0439.<\/p>\n<p>Funktionale und effiziente \u00dcberwachungskamera, die sich ideal zur Bild\u00fcberwachung in R\u00e4umen mit unterschiedlicher Zweckbestimmung eignet (sowohl privat als auch gewerblich usw.). Das Bild wird sowohl bei Tageslicht als auch im Dunkeln in hoher Qualit\u00e4t aufgezeichnet (dies wird durch die in die Kamera integrierten 4 Infrarot-LEDs gew\u00e4hrleistet). Ein leistungsstarker Akku (Kapazit\u00e4t 2500 mAh) sorgt daf\u00fcr, dass diese \u00dcberwachungskamera eine relativ lange Betriebsdauer aufweist (ca. 3,5 Stunden nur mit der Energie des internen Akkus). Bei Bedarf kann die \u00dcberwachungskamera auch direkt aus der Steckdose mit Strom versorgt werden, wodurch ihre Betriebsdauer unbegrenzt wird. Die von der Kamera aufgezeichneten Aufnahmen k\u00f6nnen per Fernzugriff \u00fcber eine Wi-Fi-Verbindung angesehen werden. Die Bilder werden in Echtzeit \u00fcbertragen und k\u00f6nnen auf dem Bildschirm eines Computers, Mobiltelefons oder eines \u00e4hnlichen Ger\u00e4ts betrachtet werden. \u00dcberwachen Sie die ben\u00f6tigten Bereiche so bequem wie nie zuvor.<\/p>\n<p><strong>SEHEN SIE LIVE<\/strong><\/p>\n<p>Hochwertige Bilder (1080P FULL HD), die von dieser \u00dcberwachungskamera aufgezeichnet werden, k\u00f6nnen Sie von jedem Ort der Welt aus ansehen. Live-Video\u00fcbertragungen k\u00f6nnen Sie komfortabel sowohl auf dem Bildschirm Ihres Telefons als auch auf dem Tablet verfolgen \u2013 \u00fcberall dort, wo ein Zugang zu LTE-, 3G- oder Wi-Fi-Verbindung besteht. Alle von der \u00dcberwachungskamera aufgezeichneten Bilder k\u00f6nnen im Speicher Ihres Computers oder eines anderen Ger\u00e4ts gespeichert werden. Ebenso k\u00f6nnen sie auf einer Speicherkarte aufgezeichnet werden (erforderlich ist eine \u201eMicroSD\u201c). Eine Stunde Videoaufnahme belegt etwa 400 MB Speicherplatz.<\/p>\n<p><strong>BETRIEBSDAUER<\/strong><\/p>\n<p>Bei Nutzung ausschlie\u00dflich der Akkuleistung (Kapazit\u00e4t 2500 mAh) arbeitet die \u00dcberwachungskamera bis zu 3,5 Stunden, diese Dauer kann jedoch verl\u00e4ngert werden, wenn die Stromversorgung \u00fcber eine Steckdose oder eine externe Powerbank erfolgt.<\/p>\n<p><strong>VIDEOQUALIT\u00c4T<\/strong><\/p>\n<p>Videoaufnahmen k\u00f6nnen im gew\u00fcnschten Format angesehen werden: FULL HD, HD oder QVGA. Das Bild wird in hoher Qualit\u00e4t aufgezeichnet. Es besteht die M\u00f6glichkeit, auf QVGA zu wechseln.<\/p>\n<p><strong>AUFNAHMEFUNKTIONEN<\/strong><\/p>\n<p>Die \u00dcberwachungskamera kann kontinuierlich Video aufzeichnen, Fotos erstellen oder mit der Aufnahme beginnen, sobald eine Bewegung im Raum erkannt wird. Die \u00dcberwachungskamera eignet sich hervorragend f\u00fcr den Einsatz zu Hause, im B\u00fcro oder sogar in Lagerr\u00e4umen. Das beste Aufzeichnungsergebnis wird in einer Entfernung von bis zu f\u00fcnf Metern erzielt, die Kamera ist jedoch in der Lage, auch in einer gr\u00f6\u00dferen Entfernung von 10\u201315 Metern zu filmen. Mit diesem Ger\u00e4t k\u00f6nnen Sie problemlos Ereignisse in R\u00e4umen mit einer Fl\u00e4che von 20\u201330 m2 \u00fcberwachen.<\/p>\n<p><strong>NACHTMODUS<\/strong><\/p>\n<p>Der Nachtaufnahmemodus zeichnet sich dadurch aus, dass die vier im Geh\u00e4use der \u00dcberwachungskamera befindlichen Infrarot-LEDs eine hohe Aufnahmequalit\u00e4t selbst im Dunkeln gew\u00e4hrleisten. Aufgrund dieser Produkteigenschaft werden Missverst\u00e4ndnisse und Unklarheiten in den Videoaufnahmen vermieden.<\/p>\n<p><strong>SORGENFREIE NUTZUNG<\/strong><\/p>\n<p>Verfolgen Sie Ereignisse in den R\u00e4umen ohne jede Anstrengung bequem und einfach \u2013 ganz gleich, wo Sie sich befinden. Installieren Sie die App auf Ihrem Smartphone oder Computer (kostenloser Download im \u201eAppStore\u201c oder bei \u201eGoogle Play\u201c (verwenden Sie den QR-Code auf der Ger\u00e4teverpackung)), verbinden Sie sich mit dem Internet und beobachten Sie bereits nach wenigen Sekunden die Live-\u00dcbertragung.<\/p>\n<p><strong>VERBINDUNG PER TELEFON<\/strong><\/p>\n<p>Auf die \u00dcberwachungskamera k\u00f6nnen Sie auch komfortabel \u00fcber Ihr Mobiltelefon zugreifen \u2013 die Konfiguration ist schnell und einfach. Auf dem Telefonbildschirm k\u00f6nnen Sie nicht nur die aufgezeichneten Bilder ansehen, sondern auch die Einstellungen anpassen: Bewegungserkennung, LEDs usw. Auf Ihr Mobiltelefon k\u00f6nnen Sie auch die auf der Speicherkarte gespeicherten Dateien herunterladen (Karte nicht im Lieferumfang enthalten).<\/p>\n<p><strong>BEWEGUNGSERKENNUNGSMODUS<\/strong><\/p>\n<p>Sobald die \u00dcberwachungskamera eine Bewegung im \u00fcberwachten Raum erkennt, wird die Videoaufzeichnung aktiviert (wenn die Funktion eingeschaltet ist). Diese Funktion bietet die M\u00f6glichkeit, unn\u00f6tige Aufnahmen zu vermeiden, wenn sich in den R\u00e4umen nichts abspielt.<\/p>\n<p>Steuerung der Aufnahmeoptionen: per Telefon oder Tablet<\/p>\n<div class=\"iframe-container\"><iframe src=\"https:\/\/www.youtube.com\/embed\/qWz7BE2cJe0\" width=\"560\" height=\"315\" frameborder=\"0\"><\/iframe><\/div>","protected":false},"excerpt":{"rendered":"<p>Technische Parameter: Videofernansicht: VORHANDEN Video wird mit Ton aufgezeichnet Parameter der Videoqualit\u00e4t: Vorschau: FULL HD1080P, HD und QVGA, Aufzeichnung: HD 720P und QVGA Anzeigem\u00f6glichkeiten: per&#8230;<\/p>","protected":false},"featured_media":26350,"template":"","meta":[],"etheme_brands":[],"product_brand":[],"product_cat":[204,203,205],"product_tag":[788,687,789,739,705,690,693],"class_list":{"0":"post-16409","1":"product","2":"type-product","3":"status-publish","4":"has-post-thumbnail","6":"product_cat-17-getarnte-kameras","7":"product_cat-12-versteckte-kameras","8":"product_cat-27-wlan-minikameras","9":"product_tag-kamera-mit-nachtsicht","10":"product_tag-kamera-zur-ueberwachung","11":"product_tag-nachtsichtkamera","12":"product_tag-spionagekamera","13":"product_tag-ueberwachungskamera","14":"product_tag-versteckte-kamera","15":"product_tag-wlan-kamera","16":"pa_typ-mini-kameras","18":"first","19":"instock","20":"sale","21":"taxable","22":"shipping-taxable","23":"purchasable","24":"product-type-simple"},"yoast_head":"<!-- This site is optimized with the Yoast SEO Premium plugin v25.9 (Yoast SEO v27.4) - https:\/\/yoast.com\/product\/yoast-seo-premium-wordpress\/ -->\n<title>Mini Wifi Full HD \u00dcberwachungskameras mit Nachtsicht<\/title>\n<meta name=\"description\" content=\"Hochwertige MIni Wifi kamera mit Nachtsicht. Die Kamera filmt in Full HD Qualit\u00e4t. M\u00f6glichkeit, das Livebild direkt auf Ihrem Telefon oder Computer zu \u00fcberwachen.\" \/>\n<meta name=\"robots\" content=\"index, follow, max-snippet:-1, max-image-preview:large, max-video-preview:-1\" \/>\n<link rel=\"canonical\" href=\"https:\/\/www.ortungsgerate.de\/ru\/12-skrytyje-kamery\/27-wlan-mini-kamery\/mini-wifi-full-hd-kamery-nablyudeniya-s-nochnym-videniem\/\" \/>\n<meta property=\"og:locale\" content=\"ru_RU\" \/>\n<meta property=\"og:type\" content=\"article\" \/>\n<meta property=\"og:title\" content=\"Mini Wifi Full HD \u00dcberwachungskameras mit Nachtsicht\" \/>\n<meta property=\"og:description\" content=\"Hochwertige MIni Wifi kamera mit Nachtsicht. Die Kamera filmt in Full HD Qualit\u00e4t. M\u00f6glichkeit, das Livebild direkt auf Ihrem Telefon oder Computer zu \u00fcberwachen.\" \/>\n<meta property=\"og:url\" content=\"https:\/\/www.ortungsgerate.de\/ru\/12-skrytyje-kamery\/27-wlan-mini-kamery\/mini-wifi-full-hd-kamery-nablyudeniya-s-nochnym-videniem\/\" \/>\n<meta property=\"og:site_name\" content=\"Ortungsger\u00e4te.de\" \/>\n<meta property=\"article:modified_time\" content=\"2025-12-01T10:26:01+00:00\" \/>\n<meta property=\"og:image\" content=\"https:\/\/www.ortungsgerate.de\/wp-content\/uploads\/mini-kamera-su-wifi.jpg\" \/>\n\t<meta property=\"og:image:width\" content=\"458\" \/>\n\t<meta property=\"og:image:height\" content=\"458\" \/>\n\t<meta property=\"og:image:type\" content=\"image\/jpeg\" \/>\n<meta name=\"twitter:card\" content=\"summary_large_image\" \/>\n<meta name=\"twitter:label1\" content=\"\u041f\u0440\u0438\u043c\u0435\u0440\u043d\u043e\u0435 \u0432\u0440\u0435\u043c\u044f \u0434\u043b\u044f \u0447\u0442\u0435\u043d\u0438\u044f\" \/>\n\t<meta name=\"twitter:data1\" content=\"4 \u043c\u0438\u043d\u0443\u0442\u044b\" \/>\n<script type=\"application\/ld+json\" class=\"yoast-schema-graph\">{\"@context\":\"https:\\\/\\\/schema.org\",\"@graph\":[{\"@type\":\"WebPage\",\"@id\":\"https:\\\/\\\/www.ortungsgerate.de\\\/12-versteckte-kameras\\\/27-wlan-minikameras\\\/mini-wifi-full-hd-ueberwachungskameras-mit-nachtsicht\\\/\",\"url\":\"https:\\\/\\\/www.ortungsgerate.de\\\/12-versteckte-kameras\\\/27-wlan-minikameras\\\/mini-wifi-full-hd-ueberwachungskameras-mit-nachtsicht\\\/\",\"name\":\"Mini Wifi Full HD \u00dcberwachungskameras mit Nachtsicht\",\"isPartOf\":{\"@id\":\"https:\\\/\\\/www.ortungsgerate.de\\\/#website\"},\"primaryImageOfPage\":{\"@id\":\"https:\\\/\\\/www.ortungsgerate.de\\\/12-versteckte-kameras\\\/27-wlan-minikameras\\\/mini-wifi-full-hd-ueberwachungskameras-mit-nachtsicht\\\/#primaryimage\"},\"image\":{\"@id\":\"https:\\\/\\\/www.ortungsgerate.de\\\/12-versteckte-kameras\\\/27-wlan-minikameras\\\/mini-wifi-full-hd-ueberwachungskameras-mit-nachtsicht\\\/#primaryimage\"},\"thumbnailUrl\":\"https:\\\/\\\/www.ortungsgerate.de\\\/wp-content\\\/uploads\\\/mini-kamera-su-wifi.jpg\",\"datePublished\":\"2024-02-06T19:36:05+00:00\",\"dateModified\":\"2025-12-01T10:26:01+00:00\",\"description\":\"Hochwertige MIni Wifi kamera mit Nachtsicht. Die Kamera filmt in Full HD Qualit\u00e4t. M\u00f6glichkeit, das Livebild direkt auf Ihrem Telefon oder Computer zu \u00fcberwachen.\",\"breadcrumb\":{\"@id\":\"https:\\\/\\\/www.ortungsgerate.de\\\/12-versteckte-kameras\\\/27-wlan-minikameras\\\/mini-wifi-full-hd-ueberwachungskameras-mit-nachtsicht\\\/#breadcrumb\"},\"inLanguage\":\"ru-RU\",\"potentialAction\":[{\"@type\":\"ReadAction\",\"target\":[\"https:\\\/\\\/www.ortungsgerate.de\\\/12-versteckte-kameras\\\/27-wlan-minikameras\\\/mini-wifi-full-hd-ueberwachungskameras-mit-nachtsicht\\\/\"]}]},{\"@type\":\"ImageObject\",\"inLanguage\":\"ru-RU\",\"@id\":\"https:\\\/\\\/www.ortungsgerate.de\\\/12-versteckte-kameras\\\/27-wlan-minikameras\\\/mini-wifi-full-hd-ueberwachungskameras-mit-nachtsicht\\\/#primaryimage\",\"url\":\"https:\\\/\\\/www.ortungsgerate.de\\\/wp-content\\\/uploads\\\/mini-kamera-su-wifi.jpg\",\"contentUrl\":\"https:\\\/\\\/www.ortungsgerate.de\\\/wp-content\\\/uploads\\\/mini-kamera-su-wifi.jpg\",\"width\":458,\"height\":458,\"caption\":\"Mini Kamera mit WLAN\"},{\"@type\":\"BreadcrumbList\",\"@id\":\"https:\\\/\\\/www.ortungsgerate.de\\\/12-versteckte-kameras\\\/27-wlan-minikameras\\\/mini-wifi-full-hd-ueberwachungskameras-mit-nachtsicht\\\/#breadcrumb\",\"itemListElement\":[{\"@type\":\"ListItem\",\"position\":1,\"name\":\"Startseite\",\"item\":\"https:\\\/\\\/www.ortungsgerate.de\\\/\"},{\"@type\":\"ListItem\",\"position\":2,\"name\":\"Shop\",\"item\":\"https:\\\/\\\/www.ortungsgerate.de\\\/shop\\\/\"},{\"@type\":\"ListItem\",\"position\":3,\"name\":\"Mini Wifi Full HD \u00dcberwachungskameras mit Nachtsicht\"}]},{\"@type\":\"WebSite\",\"@id\":\"https:\\\/\\\/www.ortungsgerate.de\\\/#website\",\"url\":\"https:\\\/\\\/www.ortungsgerate.de\\\/\",\"name\":\"Ortungsgerate.de\",\"description\":\"\",\"publisher\":{\"@id\":\"https:\\\/\\\/www.ortungsgerate.de\\\/#organization\"},\"potentialAction\":[{\"@type\":\"SearchAction\",\"target\":{\"@type\":\"EntryPoint\",\"urlTemplate\":\"https:\\\/\\\/www.ortungsgerate.de\\\/?s={search_term_string}\"},\"query-input\":{\"@type\":\"PropertyValueSpecification\",\"valueRequired\":true,\"valueName\":\"search_term_string\"}}],\"inLanguage\":\"ru-RU\"},{\"@type\":\"Organization\",\"@id\":\"https:\\\/\\\/www.ortungsgerate.de\\\/#organization\",\"name\":\"Ortungsgerate.de\",\"url\":\"https:\\\/\\\/www.ortungsgerate.de\\\/\",\"logo\":{\"@type\":\"ImageObject\",\"inLanguage\":\"ru-RU\",\"@id\":\"https:\\\/\\\/www.ortungsgerate.de\\\/#\\\/schema\\\/logo\\\/image\\\/\",\"url\":\"https:\\\/\\\/www.ortungsgerate.de\\\/wp-content\\\/uploads\\\/ortungsgerate.png\",\"contentUrl\":\"https:\\\/\\\/www.ortungsgerate.de\\\/wp-content\\\/uploads\\\/ortungsgerate.png\",\"width\":500,\"height\":135,\"caption\":\"Ortungsgerate.de\"},\"image\":{\"@id\":\"https:\\\/\\\/www.ortungsgerate.de\\\/#\\\/schema\\\/logo\\\/image\\\/\"}}]}<\/script>\n<!-- \/ Yoast SEO Premium plugin. -->","yoast_head_json":{"title":"\u041c\u0438\u043d\u0438 WiFi Full HD \u043a\u0430\u043c\u0435\u0440\u044b \u043d\u0430\u0431\u043b\u044e\u0434\u0435\u043d\u0438\u044f \u0441 \u043d\u043e\u0447\u043d\u044b\u043c \u0432\u0438\u0434\u0435\u043d\u0438\u0435\u043c","description":"Hochwertige MIni Wifi kamera mit Nachtsicht. Die Kamera filmt in Full HD Qualit\u00e4t. M\u00f6glichkeit, das Livebild direkt auf Ihrem Telefon oder Computer zu \u00fcberwachen.","robots":{"index":"index","follow":"follow","max-snippet":"max-snippet:-1","max-image-preview":"max-image-preview:large","max-video-preview":"max-video-preview:-1"},"canonical":"https:\/\/www.ortungsgerate.de\/ru\/12-skrytyje-kamery\/27-wlan-mini-kamery\/mini-wifi-full-hd-kamery-nablyudeniya-s-nochnym-videniem\/","og_locale":"ru_RU","og_type":"article","og_title":"Mini Wifi Full HD \u00dcberwachungskameras mit Nachtsicht","og_description":"Hochwertige MIni Wifi kamera mit Nachtsicht. Die Kamera filmt in Full HD Qualit\u00e4t. M\u00f6glichkeit, das Livebild direkt auf Ihrem Telefon oder Computer zu \u00fcberwachen.","og_url":"https:\/\/www.ortungsgerate.de\/ru\/12-skrytyje-kamery\/27-wlan-mini-kamery\/mini-wifi-full-hd-kamery-nablyudeniya-s-nochnym-videniem\/","og_site_name":"Ortungsger\u00e4te.de","article_modified_time":"2025-12-01T10:26:01+00:00","og_image":[{"width":458,"height":458,"url":"https:\/\/www.ortungsgerate.de\/wp-content\/uploads\/mini-kamera-su-wifi.jpg","type":"image\/jpeg"}],"twitter_card":"summary_large_image","twitter_misc":{"\u041f\u0440\u0438\u043c\u0435\u0440\u043d\u043e\u0435 \u0432\u0440\u0435\u043c\u044f \u0434\u043b\u044f \u0447\u0442\u0435\u043d\u0438\u044f":"4 \u043c\u0438\u043d\u0443\u0442\u044b"},"schema":{"@context":"https:\/\/schema.org","@graph":[{"@type":"WebPage","@id":"https:\/\/www.ortungsgerate.de\/12-versteckte-kameras\/27-wlan-minikameras\/mini-wifi-full-hd-ueberwachungskameras-mit-nachtsicht\/","url":"https:\/\/www.ortungsgerate.de\/12-versteckte-kameras\/27-wlan-minikameras\/mini-wifi-full-hd-ueberwachungskameras-mit-nachtsicht\/","name":"\u041c\u0438\u043d\u0438 WiFi Full HD \u043a\u0430\u043c\u0435\u0440\u044b \u043d\u0430\u0431\u043b\u044e\u0434\u0435\u043d\u0438\u044f \u0441 \u043d\u043e\u0447\u043d\u044b\u043c \u0432\u0438\u0434\u0435\u043d\u0438\u0435\u043c","isPartOf":{"@id":"https:\/\/www.ortungsgerate.de\/#website"},"primaryImageOfPage":{"@id":"https:\/\/www.ortungsgerate.de\/12-versteckte-kameras\/27-wlan-minikameras\/mini-wifi-full-hd-ueberwachungskameras-mit-nachtsicht\/#primaryimage"},"image":{"@id":"https:\/\/www.ortungsgerate.de\/12-versteckte-kameras\/27-wlan-minikameras\/mini-wifi-full-hd-ueberwachungskameras-mit-nachtsicht\/#primaryimage"},"thumbnailUrl":"https:\/\/www.ortungsgerate.de\/wp-content\/uploads\/mini-kamera-su-wifi.jpg","datePublished":"2024-02-06T19:36:05+00:00","dateModified":"2025-12-01T10:26:01+00:00","description":"Hochwertige MIni Wifi kamera mit Nachtsicht. Die Kamera filmt in Full HD Qualit\u00e4t. M\u00f6glichkeit, das Livebild direkt auf Ihrem Telefon oder Computer zu \u00fcberwachen.","breadcrumb":{"@id":"https:\/\/www.ortungsgerate.de\/12-versteckte-kameras\/27-wlan-minikameras\/mini-wifi-full-hd-ueberwachungskameras-mit-nachtsicht\/#breadcrumb"},"inLanguage":"ru-RU","potentialAction":[{"@type":"ReadAction","target":["https:\/\/www.ortungsgerate.de\/12-versteckte-kameras\/27-wlan-minikameras\/mini-wifi-full-hd-ueberwachungskameras-mit-nachtsicht\/"]}]},{"@type":"ImageObject","inLanguage":"ru-RU","@id":"https:\/\/www.ortungsgerate.de\/12-versteckte-kameras\/27-wlan-minikameras\/mini-wifi-full-hd-ueberwachungskameras-mit-nachtsicht\/#primaryimage","url":"https:\/\/www.ortungsgerate.de\/wp-content\/uploads\/mini-kamera-su-wifi.jpg","contentUrl":"https:\/\/www.ortungsgerate.de\/wp-content\/uploads\/mini-kamera-su-wifi.jpg","width":458,"height":458,"caption":"Mini Kamera mit WLAN"},{"@type":"BreadcrumbList","@id":"https:\/\/www.ortungsgerate.de\/12-versteckte-kameras\/27-wlan-minikameras\/mini-wifi-full-hd-ueberwachungskameras-mit-nachtsicht\/#breadcrumb","itemListElement":[{"@type":"ListItem","position":1,"name":"Startseite","item":"https:\/\/www.ortungsgerate.de\/"},{"@type":"ListItem","position":2,"name":"Shop","item":"https:\/\/www.ortungsgerate.de\/shop\/"},{"@type":"ListItem","position":3,"name":"Mini Wifi Full HD \u00dcberwachungskameras mit Nachtsicht"}]},{"@type":"WebSite","@id":"https:\/\/www.ortungsgerate.de\/#website","url":"https:\/\/www.ortungsgerate.de\/","name":"Ortungsgerate.de","description":"","publisher":{"@id":"https:\/\/www.ortungsgerate.de\/#organization"},"potentialAction":[{"@type":"SearchAction","target":{"@type":"EntryPoint","urlTemplate":"https:\/\/www.ortungsgerate.de\/?s={search_term_string}"},"query-input":{"@type":"PropertyValueSpecification","valueRequired":true,"valueName":"search_term_string"}}],"inLanguage":"ru-RU"},{"@type":"Organization","@id":"https:\/\/www.ortungsgerate.de\/#organization","name":"Ortungsgerate.de","url":"https:\/\/www.ortungsgerate.de\/","logo":{"@type":"ImageObject","inLanguage":"ru-RU","@id":"https:\/\/www.ortungsgerate.de\/#\/schema\/logo\/image\/","url":"https:\/\/www.ortungsgerate.de\/wp-content\/uploads\/ortungsgerate.png","contentUrl":"https:\/\/www.ortungsgerate.de\/wp-content\/uploads\/ortungsgerate.png","width":500,"height":135,"caption":"Ortungsgerate.de"},"image":{"@id":"https:\/\/www.ortungsgerate.de\/#\/schema\/logo\/image\/"}}]}},"_links":{"self":[{"href":"https:\/\/www.ortungsgerate.de\/ru\/wp-json\/wp\/v2\/product\/16409","targetHints":{"allow":["GET"]}}],"collection":[{"href":"https:\/\/www.ortungsgerate.de\/ru\/wp-json\/wp\/v2\/product"}],"about":[{"href":"https:\/\/www.ortungsgerate.de\/ru\/wp-json\/wp\/v2\/types\/product"}],"version-history":[{"count":0,"href":"https:\/\/www.ortungsgerate.de\/ru\/wp-json\/wp\/v2\/product\/16409\/revisions"}],"wp:featuredmedia":[{"embeddable":true,"href":"https:\/\/www.ortungsgerate.de\/ru\/wp-json\/wp\/v2\/media\/26350"}],"wp:attachment":[{"href":"https:\/\/www.ortungsgerate.de\/ru\/wp-json\/wp\/v2\/media?parent=16409"}],"wp:term":[{"taxonomy":"brand","embeddable":true,"href":"https:\/\/www.ortungsgerate.de\/ru\/wp-json\/wp\/v2\/etheme_brands?post=16409"},{"taxonomy":"product_brand","embeddable":true,"href":"https:\/\/www.ortungsgerate.de\/ru\/wp-json\/wp\/v2\/product_brand?post=16409"},{"taxonomy":"product_cat","embeddable":true,"href":"https:\/\/www.ortungsgerate.de\/ru\/wp-json\/wp\/v2\/product_cat?post=16409"},{"taxonomy":"product_tag","embeddable":true,"href":"https:\/\/www.ortungsgerate.de\/ru\/wp-json\/wp\/v2\/product_tag?post=16409"}],"curies":[{"name":"wp","href":"https:\/\/api.w.org\/{rel}","templated":true}]}}