{"id":16414,"date":"2024-02-06T21:37:30","date_gmt":"2024-02-06T19:37:30","guid":{"rendered":"https:\/\/ortungsgerate.de\/be-kategorijos\/mobilaus-telefono-pakrovejas-ikroviklis-su-slapta-pasiklausymo-iranga\/"},"modified":"2026-02-13T12:33:57","modified_gmt":"2026-02-13T11:33:57","slug":"mobilnyy-adapter-dlya-zaryadki-telefona-s-skrytym-podslushivayuschim-ustroystvom","status":"publish","type":"product","link":"https:\/\/www.ortungsgerate.de\/ru\/16-proslushivayushcheye-oborudovaniye-2\/22-gsm-podslushivayushcheye-ustroystvo-zhuchki-2\/mobilnyy-adapter-dlya-zaryadki-telefona-s-skrytym-podslushivayuschim-ustroystvom\/","title":{"rendered":"\u041c\u043e\u0431\u0438\u043b\u044c\u043d\u044b\u0439 \u0430\u0434\u0430\u043f\u0442\u0435\u0440 \u0434\u043b\u044f \u0437\u0430\u0440\u044f\u0434\u043a\u0438 \u0442\u0435\u043b\u0435\u0444\u043e\u043d\u0430 \u0441 \u0441\u043a\u0440\u044b\u0442\u044b\u043c \u043f\u043e\u0434\u0441\u043b\u0443\u0448\u0438\u0432\u0430\u044e\u0449\u0438\u043c \u0443\u0441\u0442\u0440\u043e\u0439\u0441\u0442\u0432\u043e\u043c"},"content":{"rendered":"<h3><strong>\u0422\u0435\u0445\u043d\u0438\u0447\u0435\u0441\u043a\u0438\u0435 \u043f\u0430\u0440\u0430\u043c\u0435\u0442\u0440\u044b:<\/strong><\/h3>\n<ul>\n<li>\u0427\u0430\u0441\u0442\u043e\u0442\u044b: 4, \u0434\u043e\u0441\u0442\u0443\u043f\u043d\u043e \u043f\u043e \u0432\u0441\u0435\u043c\u0443 \u043c\u0438\u0440\u0443 (850 \u041c\u0413\u0446 \/ 900 \u041c\u0413\u0446 \/ 1800 \u041c\u0413\u0446 \/ 1900 \u041c\u0413\u0446)<\/li>\n<li><strong><span style=\"color: #ff0000;\">\u0412 \u041a\u041e\u041c\u041f\u041b\u0415\u041a\u0422\u0415 \u0422\u0418\u041f C-\u041a\u0410\u0411\u0415\u041b\u042c \u0414\u041b\u042f \u0417\u0410\u0420\u042f\u0414\u041a\u0418 \u2013 \u043f\u043e\u0434\u0445\u043e\u0434\u0438\u0442 \u0434\u043b\u044f \u0432\u0441\u0435\u0445 \u043c\u043e\u0431\u0438\u043b\u044c\u043d\u044b\u0445 \u0442\u0435\u043b\u0435\u0444\u043e\u043d\u043e\u0432<\/span><\/strong><\/li>\n<li>\u041f\u043e\u0434\u0445\u043e\u0434\u0438\u0442 \u0434\u043b\u044f \u0437\u0430\u0440\u044f\u0434\u043a\u0438: \u0442\u0435\u043b\u0435\u0444\u043e\u043d\u043e\u0432, \u043f\u043b\u0430\u043d\u0448\u0435\u0442\u043e\u0432, \u0444\u043e\u0442\u043e\u0430\u043f\u043f\u0430\u0440\u0430\u0442\u043e\u0432 \u0438 \u0434\u0440\u0443\u0433\u0438\u0445 \u0443\u0441\u0442\u0440\u043e\u0439\u0441\u0442\u0432<\/li>\n<li>\u041f\u0435\u0440\u0435\u0434\u0430\u0447\u0430 \u0430\u0443\u0434\u0438\u043e: \u0447\u0435\u0440\u0435\u0437 GSM-\u0441\u0435\u0442\u044c<\/li>\n<li>\u041c\u0438\u043a\u0440\u043e\u0444\u043e\u043d: \u0432\u044b\u0441\u043e\u043a\u043e\u0435 \u043a\u0430\u0447\u0435\u0441\u0442\u0432\u043e; \u0447\u0438\u0441\u0442\u044b\u0439 \u0437\u0432\u0443\u043a<\/li>\n<li>\u0411\u0430\u0442\u0430\u0440\u0435\u044f: \u0432\u043d\u0443\u0442\u0440\u0435\u043d\u043d\u044f\u044f (\u043b\u0438\u0442\u0438\u0439-\u0438\u043e\u043d\u043d\u0430\u044f) \u0420\u0430\u0431\u043e\u0442\u0430\u0435\u0442 \u0434\u0430\u0436\u0435 \u043f\u0440\u0438 \u043e\u0442\u043a\u043b\u044e\u0447\u0435\u043d\u0438\u0438 \u043e\u0442 \u044d\u043b\u0435\u043a\u0442\u0440\u043e\u0441\u0435\u0442\u0438<\/li>\n<li>\u0412\u043e\u0437\u043c\u043e\u0436\u043d\u043e\u0441\u0442\u044c \u043f\u0440\u043e\u0441\u043b\u0443\u0448\u0438\u0432\u0430\u043d\u0438\u044f \u0440\u0430\u0437\u0433\u043e\u0432\u043e\u0440\u043e\u0432 \u0432 \u0440\u0435\u0430\u043b\u044c\u043d\u043e\u043c \u0432\u0440\u0435\u043c\u0435\u043d\u0438.<\/li>\n<li>\u0412\u044b \u043f\u043e\u043b\u0443\u0447\u0430\u0435\u0442\u0435 \u0443\u0432\u0435\u0434\u043e\u043c\u043b\u0435\u043d\u0438\u044f, \u043a\u043e\u0433\u0434\u0430 \u0437\u0430\u0440\u044f\u0434\u043d\u043e\u0435 \u0443\u0441\u0442\u0440\u043e\u0439\u0441\u0442\u0432\u043e \u0432\u043a\u043b\u044e\u0447\u0430\u0435\u0442\u0441\u044f \u0438\u043b\u0438 \u0432\u044b\u043a\u043b\u044e\u0447\u0430\u0435\u0442\u0441\u044f<\/li>\n<li>\u041d\u0435 \u043e\u0442\u043b\u0438\u0447\u0430\u0435\u0442\u0441\u044f \u043e\u0442 \u043e\u0431\u044b\u0447\u043d\u043e\u0433\u043e \u0437\u0430\u0440\u044f\u0434\u043d\u043e\u0433\u043e \u0443\u0441\u0442\u0440\u043e\u0439\u0441\u0442\u0432\u0430<\/li>\n<li>\u041d\u0435 \u0438\u0437\u0434\u0430\u0435\u0442 \u043d\u0438\u043a\u0430\u043a\u0438\u0445 \u0437\u0432\u0443\u043a\u043e\u0432 \u0438\u043b\u0438 \u0441\u0432\u0435\u0442\u043e\u0432\u044b\u0445 \u0441\u0438\u0433\u043d\u0430\u043b\u043e\u0432<\/li>\n<li><strong>\u0413\u0410\u0420\u0410\u041d\u0422\u0418\u042f 12 \u043c\u0435\u0441\u044f\u0446\u0435\u0432<\/strong><\/li>\n<\/ul>\n<p>&nbsp;<\/p>\n<p>Verwendung: Zum Schutz Ihrer selbst und Ihrer Kinder.<\/p>\n<p><strong>\u0421\u043e\u0441\u0442\u0430\u0432 \u043a\u043e\u043c\u043f\u043b\u0435\u043a\u0442\u0430<\/strong><\/p>\n<ul>\n<li>\u0417\u0430\u0440\u044f\u0434\u043d\u043e\u0435 \u0443\u0441\u0442\u0440\u043e\u0439\u0441\u0442\u0432\u043e<\/li>\n<li>\u0420\u0443\u043a\u043e\u0432\u043e\u0434\u0441\u0442\u0432\u043e \u043f\u043e\u043b\u044c\u0437\u043e\u0432\u0430\u0442\u0435\u043b\u044f<\/li>\n<\/ul>\n<p>USB-\u0437\u0430\u0440\u044f\u0434\u043d\u043e\u0435 \u0443\u0441\u0442\u0440\u043e\u0439\u0441\u0442\u0432\u043e (\u0437\u0430\u0440\u044f\u0434\u043a\u0430) \u0434\u043b\u044f \u043c\u043e\u0431\u0438\u043b\u044c\u043d\u044b\u0445 \u0442\u0435\u043b\u0435\u0444\u043e\u043d\u043e\u0432 \u0438\u043b\u0438 \u0434\u0440\u0443\u0433\u0438\u0445 \u0443\u0441\u0442\u0440\u043e\u0439\u0441\u0442\u0432. \u0418\u0434\u0435\u0430\u043b\u044c\u043d\u043e \u043f\u043e\u0434\u0445\u043e\u0434\u0438\u0442, \u0435\u0441\u043b\u0438 \u0432\u0430\u043c \u043d\u0443\u0436\u043d\u043e \u0443\u0434\u0430\u043b\u0435\u043d\u043d\u043e \u043f\u0440\u043e\u0441\u043b\u0443\u0448\u0438\u0432\u0430\u0442\u044c \u0440\u0430\u0437\u0433\u043e\u0432\u043e\u0440\u044b \u043d\u0435\u0441\u043e\u0432\u0435\u0440\u0448\u0435\u043d\u043d\u043e\u043b\u0435\u0442\u043d\u0438\u0445 \u0434\u0435\u0442\u0435\u0439. \u0412 \u043d\u0430\u0448\u0438 \u0434\u043d\u0438 \u043c\u043e\u0431\u0438\u043b\u044c\u043d\u044b\u0435 \u0442\u0435\u043b\u0435\u0444\u043e\u043d\u044b \u0437\u0430\u0440\u044f\u0436\u0430\u044e\u0442\u0441\u044f \u0435\u0436\u0435\u0434\u043d\u0435\u0432\u043d\u043e, \u0438 90% \u043b\u044e\u0434\u0435\u0439 \u043d\u0435 \u0432\u044b\u043d\u0438\u043c\u0430\u044e\u0442 \u0441\u0432\u043e\u0438 \u0437\u0430\u0440\u044f\u0434\u043d\u044b\u0435 \u0443\u0441\u0442\u0440\u043e\u0439\u0441\u0442\u0432\u0430 \u0438\u0437 \u0440\u043e\u0437\u0435\u0442\u043a\u0438. \u0412\u044b \u043c\u043e\u0436\u0435\u0442\u0435 \u043f\u0440\u043e\u0441\u043b\u0443\u0448\u0438\u0432\u0430\u0442\u044c, \u0447\u0442\u043e \u0433\u043e\u0432\u043e\u0440\u0438\u0442\u0441\u044f \u0432 \u043e\u043a\u0440\u0443\u0436\u0430\u044e\u0449\u0435\u0439 \u0441\u0440\u0435\u0434\u0435.<\/p>\n<p>\u042d\u0442\u043e \u0443\u0441\u0442\u0440\u043e\u0439\u0441\u0442\u0432\u043e \u043b\u0435\u0433\u043a\u043e \u0438\u0441\u043f\u043e\u043b\u044c\u0437\u043e\u0432\u0430\u0442\u044c, \u0434\u043e\u0441\u0442\u0430\u0442\u043e\u0447\u043d\u043e \u0432\u0441\u0442\u0430\u0432\u0438\u0442\u044c SIM-\u043a\u0430\u0440\u0442\u0443 \u2013 \u0432\u044b \u043c\u043e\u0436\u0435\u0442\u0435 \u0437\u0432\u043e\u043d\u0438\u0442\u044c \u0438 \u043f\u0440\u043e\u0441\u043b\u0443\u0448\u0438\u0432\u0430\u0442\u044c \u0440\u0430\u0437\u0433\u043e\u0432\u043e\u0440\u044b.<\/p>\n<p>\u0423\u0441\u0442\u0440\u043e\u0439\u0441\u0442\u0432\u043e \u0440\u0430\u0431\u043e\u0442\u0430\u0435\u0442 \u043f\u043e \u0432\u0441\u0435\u043c\u0443 \u043c\u0438\u0440\u0443, \u0432\u044b \u043c\u043e\u0436\u0435\u0442\u0435 \u043f\u0440\u043e\u0441\u043b\u0443\u0448\u0438\u0432\u0430\u0442\u044c \u0440\u0430\u0437\u0433\u043e\u0432\u043e\u0440\u044b \u0434\u0430\u0436\u0435 \u0438\u0437-\u0437\u0430 \u0433\u0440\u0430\u043d\u0438\u0446\u044b \u2013 \u0440\u0430\u0441\u0441\u0442\u043e\u044f\u043d\u0438\u0435 \u043d\u0435 \u043e\u0433\u0440\u0430\u043d\u0438\u0447\u0435\u043d\u043e.<\/p>\n<p>\u0421\u043b\u0443\u0448\u0430\u0439\u0442\u0435, \u0447\u0442\u043e \u0433\u043e\u0432\u043e\u0440\u044f\u0442 \u0432\u0430\u0448\u0438 \u0434\u0435\u0442\u0438 \u0434\u043e\u043c\u0430, \u043a\u043e\u0433\u0434\u0430 \u0432\u044b \u043d\u0430 \u0440\u0430\u0431\u043e\u0442\u0435. \u0427\u0430\u0441\u0442\u043e \u0431\u044b\u0432\u0430\u0435\u0442, \u0447\u0442\u043e \u043d\u044f\u043d\u0438 \u0432\u0435\u0434\u0443\u0442 \u0441\u0435\u0431\u044f \u043d\u0435\u043f\u043e\u0434\u043e\u0431\u0430\u044e\u0449\u0438\u043c \u043e\u0431\u0440\u0430\u0437\u043e\u043c \u0441 \u043c\u0430\u043b\u0435\u043d\u044c\u043a\u0438\u043c\u0438 \u0434\u0435\u0442\u044c\u043c\u0438, \u0434\u0435\u0442\u0438 \u0435\u0449\u0435 \u043d\u0435 \u043c\u043e\u0433\u0443\u0442 \u0433\u043e\u0432\u043e\u0440\u0438\u0442\u044c \u0438 \u0441\u043e\u043e\u0431\u0449\u0438\u0442\u044c \u043e\u0431 \u044d\u0442\u043e\u043c \u0440\u043e\u0434\u0438\u0442\u0435\u043b\u044f\u043c. \u0412\u043e\u0437\u043c\u043e\u0436\u043d\u043e, \u0432\u044b \u043f\u043e\u0434\u043e\u0437\u0440\u0435\u0432\u0430\u0435\u0442\u0435 \u0441\u0432\u043e\u044e \u0432\u0442\u043e\u0440\u0443\u044e \u043f\u043e\u043b\u043e\u0432\u0438\u043d\u0443? \u041e\u0442\u043b\u0438\u0447\u043d\u0430\u044f \u0432\u043e\u0437\u043c\u043e\u0436\u043d\u043e\u0441\u0442\u044c \u0443\u0437\u043d\u0430\u0442\u044c \u0432\u0441\u044e \u043f\u0440\u0430\u0432\u0434\u0443.<\/p>\n<p>\u0417\u0430\u0440\u044f\u0436\u0430\u0439\u0442\u0435 \u043b\u044e\u0431\u044b\u0435 \u0443\u0441\u0442\u0440\u043e\u0439\u0441\u0442\u0432\u0430 \u2013 \u043f\u043e\u0434\u0445\u043e\u0434\u0438\u0442 \u0434\u043b\u044f \u0432\u0441\u0435\u0445 \u0443\u0441\u0442\u0440\u043e\u0439\u0441\u0442\u0432<\/p>","protected":false},"excerpt":{"rendered":"<p>Technische Parameter: Frequenzen: 4, weltweit verf\u00fcgbar (850 MHz \/ 900 MHz \/ 1800 MHz \/ 1900 MHz) IM SET ENTHALTEN TYPE C-LADEKABEL \u2013 geeignet f\u00fcr&#8230;<\/p>","protected":false},"featured_media":9894,"template":"","meta":[],"etheme_brands":[],"product_brand":[],"product_cat":[208,211,214],"product_tag":[79,763],"class_list":{"0":"post-16414","1":"product","2":"type-product","3":"status-publish","4":"has-post-thumbnail","6":"product_cat-16-abhoergeraete","7":"product_cat-22-gsm-abhoergeraete-wanzen","8":"product_cat-21-professionelle-abhoergeraete","9":"product_tag-gsm-wanze","10":"product_tag-ladegeraet-versteckter-wanze","11":"pa_typ-ladegeraete-verlaengerungskabel-mehrfachsteckdosen","13":"first","14":"instock","15":"taxable","16":"shipping-taxable","17":"purchasable","18":"product-type-simple"},"yoast_head":"<!-- This site is optimized with the Yoast SEO Premium plugin v25.9 (Yoast SEO v27.4) - https:\/\/yoast.com\/product\/yoast-seo-premium-wordpress\/ -->\n<title>USB-Ladeger\u00e4t mit integrierter Abh\u00f6rausr\u00fcstung (GSM-Wanze)<\/title>\n<meta name=\"description\" content=\"Hochwertige Abh\u00f6rtechnik im Handy-Ladeger\u00e4t, geeignet f\u00fcr alle Ger\u00e4te. M\u00f6glichkeit, Gespr\u00e4che aus der Ferne mitzuh\u00f6ren. Kostenloser Versand\" \/>\n<meta name=\"robots\" content=\"index, follow, max-snippet:-1, max-image-preview:large, max-video-preview:-1\" \/>\n<link rel=\"canonical\" href=\"https:\/\/www.ortungsgerate.de\/ru\/16-proslushivayushcheye-oborudovaniye-2\/22-gsm-podslushivayushcheye-ustroystvo-zhuchki-2\/mobilnyy-adapter-dlya-zaryadki-telefona-s-skrytym-podslushivayuschim-ustroystvom\/\" \/>\n<meta property=\"og:locale\" content=\"ru_RU\" \/>\n<meta property=\"og:type\" content=\"article\" \/>\n<meta property=\"og:title\" content=\"Mobiler Telefonladeadapter Ladeger\u00e4t mit versteckter Abh\u00f6reinrichtung\" \/>\n<meta property=\"og:description\" content=\"Hochwertige Abh\u00f6rtechnik im Handy-Ladeger\u00e4t, geeignet f\u00fcr alle Ger\u00e4te. M\u00f6glichkeit, Gespr\u00e4che aus der Ferne mitzuh\u00f6ren. Kostenloser Versand\" \/>\n<meta property=\"og:url\" content=\"https:\/\/www.ortungsgerate.de\/ru\/16-proslushivayushcheye-oborudovaniye-2\/22-gsm-podslushivayushcheye-ustroystvo-zhuchki-2\/mobilnyy-adapter-dlya-zaryadki-telefona-s-skrytym-podslushivayuschim-ustroystvom\/\" \/>\n<meta property=\"og:site_name\" content=\"Ortungsger\u00e4te.de\" \/>\n<meta property=\"article:modified_time\" content=\"2026-02-13T11:33:57+00:00\" \/>\n<meta property=\"og:image\" content=\"https:\/\/www.ortungsgerate.de\/wp-content\/uploads\/mobilaus-telefono-pakrovejas-ikroviklis-su-slapta-pasiklausymo-iranga.jpeg\" \/>\n\t<meta property=\"og:image:width\" content=\"813\" \/>\n\t<meta property=\"og:image:height\" content=\"822\" \/>\n\t<meta property=\"og:image:type\" content=\"image\/jpeg\" \/>\n<meta name=\"twitter:card\" content=\"summary_large_image\" \/>\n<meta name=\"twitter:label1\" content=\"\u041f\u0440\u0438\u043c\u0435\u0440\u043d\u043e\u0435 \u0432\u0440\u0435\u043c\u044f \u0434\u043b\u044f \u0447\u0442\u0435\u043d\u0438\u044f\" \/>\n\t<meta name=\"twitter:data1\" content=\"2 \u043c\u0438\u043d\u0443\u0442\u044b\" \/>\n<script type=\"application\/ld+json\" class=\"yoast-schema-graph\">{\"@context\":\"https:\\\/\\\/schema.org\",\"@graph\":[{\"@type\":\"WebPage\",\"@id\":\"https:\\\/\\\/www.ortungsgerate.de\\\/16-abhoergeraete\\\/22-gsm-abhoergeraete-wanzen\\\/mobiler-telefonladeadapter-ladegeraet-mit-versteckter-abhoereinrichtung\\\/\",\"url\":\"https:\\\/\\\/www.ortungsgerate.de\\\/16-abhoergeraete\\\/22-gsm-abhoergeraete-wanzen\\\/mobiler-telefonladeadapter-ladegeraet-mit-versteckter-abhoereinrichtung\\\/\",\"name\":\"USB-Ladeger\u00e4t mit integrierter Abh\u00f6rausr\u00fcstung (GSM-Wanze)\",\"isPartOf\":{\"@id\":\"https:\\\/\\\/www.ortungsgerate.de\\\/#website\"},\"primaryImageOfPage\":{\"@id\":\"https:\\\/\\\/www.ortungsgerate.de\\\/16-abhoergeraete\\\/22-gsm-abhoergeraete-wanzen\\\/mobiler-telefonladeadapter-ladegeraet-mit-versteckter-abhoereinrichtung\\\/#primaryimage\"},\"image\":{\"@id\":\"https:\\\/\\\/www.ortungsgerate.de\\\/16-abhoergeraete\\\/22-gsm-abhoergeraete-wanzen\\\/mobiler-telefonladeadapter-ladegeraet-mit-versteckter-abhoereinrichtung\\\/#primaryimage\"},\"thumbnailUrl\":\"https:\\\/\\\/www.ortungsgerate.de\\\/wp-content\\\/uploads\\\/mobilaus-telefono-pakrovejas-ikroviklis-su-slapta-pasiklausymo-iranga.jpeg\",\"datePublished\":\"2024-02-06T19:37:30+00:00\",\"dateModified\":\"2026-02-13T11:33:57+00:00\",\"description\":\"Hochwertige Abh\u00f6rtechnik im Handy-Ladeger\u00e4t, geeignet f\u00fcr alle Ger\u00e4te. M\u00f6glichkeit, Gespr\u00e4che aus der Ferne mitzuh\u00f6ren. Kostenloser Versand\",\"breadcrumb\":{\"@id\":\"https:\\\/\\\/www.ortungsgerate.de\\\/16-abhoergeraete\\\/22-gsm-abhoergeraete-wanzen\\\/mobiler-telefonladeadapter-ladegeraet-mit-versteckter-abhoereinrichtung\\\/#breadcrumb\"},\"inLanguage\":\"ru-RU\",\"potentialAction\":[{\"@type\":\"ReadAction\",\"target\":[\"https:\\\/\\\/www.ortungsgerate.de\\\/16-abhoergeraete\\\/22-gsm-abhoergeraete-wanzen\\\/mobiler-telefonladeadapter-ladegeraet-mit-versteckter-abhoereinrichtung\\\/\"]}]},{\"@type\":\"ImageObject\",\"inLanguage\":\"ru-RU\",\"@id\":\"https:\\\/\\\/www.ortungsgerate.de\\\/16-abhoergeraete\\\/22-gsm-abhoergeraete-wanzen\\\/mobiler-telefonladeadapter-ladegeraet-mit-versteckter-abhoereinrichtung\\\/#primaryimage\",\"url\":\"https:\\\/\\\/www.ortungsgerate.de\\\/wp-content\\\/uploads\\\/mobilaus-telefono-pakrovejas-ikroviklis-su-slapta-pasiklausymo-iranga.jpeg\",\"contentUrl\":\"https:\\\/\\\/www.ortungsgerate.de\\\/wp-content\\\/uploads\\\/mobilaus-telefono-pakrovejas-ikroviklis-su-slapta-pasiklausymo-iranga.jpeg\",\"width\":813,\"height\":822,\"caption\":\"Ladeger\u00e4t f\u00fcr Mobiltelefon mit versteckter Abh\u00f6rtechnik\"},{\"@type\":\"BreadcrumbList\",\"@id\":\"https:\\\/\\\/www.ortungsgerate.de\\\/16-abhoergeraete\\\/22-gsm-abhoergeraete-wanzen\\\/mobiler-telefonladeadapter-ladegeraet-mit-versteckter-abhoereinrichtung\\\/#breadcrumb\",\"itemListElement\":[{\"@type\":\"ListItem\",\"position\":1,\"name\":\"Startseite\",\"item\":\"https:\\\/\\\/www.ortungsgerate.de\\\/\"},{\"@type\":\"ListItem\",\"position\":2,\"name\":\"Shop\",\"item\":\"https:\\\/\\\/www.ortungsgerate.de\\\/shop\\\/\"},{\"@type\":\"ListItem\",\"position\":3,\"name\":\"Mobiler Telefonladeadapter Ladeger\u00e4t mit versteckter Abh\u00f6reinrichtung\"}]},{\"@type\":\"WebSite\",\"@id\":\"https:\\\/\\\/www.ortungsgerate.de\\\/#website\",\"url\":\"https:\\\/\\\/www.ortungsgerate.de\\\/\",\"name\":\"Ortungsgerate.de\",\"description\":\"\",\"publisher\":{\"@id\":\"https:\\\/\\\/www.ortungsgerate.de\\\/#organization\"},\"potentialAction\":[{\"@type\":\"SearchAction\",\"target\":{\"@type\":\"EntryPoint\",\"urlTemplate\":\"https:\\\/\\\/www.ortungsgerate.de\\\/?s={search_term_string}\"},\"query-input\":{\"@type\":\"PropertyValueSpecification\",\"valueRequired\":true,\"valueName\":\"search_term_string\"}}],\"inLanguage\":\"ru-RU\"},{\"@type\":\"Organization\",\"@id\":\"https:\\\/\\\/www.ortungsgerate.de\\\/#organization\",\"name\":\"Ortungsgerate.de\",\"url\":\"https:\\\/\\\/www.ortungsgerate.de\\\/\",\"logo\":{\"@type\":\"ImageObject\",\"inLanguage\":\"ru-RU\",\"@id\":\"https:\\\/\\\/www.ortungsgerate.de\\\/#\\\/schema\\\/logo\\\/image\\\/\",\"url\":\"https:\\\/\\\/www.ortungsgerate.de\\\/wp-content\\\/uploads\\\/ortungsgerate.png\",\"contentUrl\":\"https:\\\/\\\/www.ortungsgerate.de\\\/wp-content\\\/uploads\\\/ortungsgerate.png\",\"width\":500,\"height\":135,\"caption\":\"Ortungsgerate.de\"},\"image\":{\"@id\":\"https:\\\/\\\/www.ortungsgerate.de\\\/#\\\/schema\\\/logo\\\/image\\\/\"}}]}<\/script>\n<!-- \/ Yoast SEO Premium plugin. -->","yoast_head_json":{"title":"USB-\u0437\u0430\u0440\u044f\u0434\u043d\u043e\u0435 \u0443\u0441\u0442\u0440\u043e\u0439\u0441\u0442\u0432\u043e \u0441 \u0438\u043d\u0442\u0435\u0433\u0440\u0438\u0440\u043e\u0432\u0430\u043d\u043d\u044b\u043c \u043f\u043e\u0434\u0441\u043b\u0443\u0448\u0438\u0432\u0430\u044e\u0449\u0438\u043c \u0443\u0441\u0442\u0440\u043e\u0439\u0441\u0442\u0432\u043e\u043c (GSM-\u0436\u0443\u0447\u043e\u043a)","description":"\u0412\u044b\u0441\u043e\u043a\u043e\u043a\u0430\u0447\u0435\u0441\u0442\u0432\u0435\u043d\u043d\u0430\u044f \u0442\u0435\u0445\u043d\u0438\u043a\u0430 \u043f\u0440\u043e\u0441\u043b\u0443\u0448\u0438\u0432\u0430\u043d\u0438\u044f \u0432 \u0437\u0430\u0440\u044f\u0434\u043d\u043e\u043c \u0443\u0441\u0442\u0440\u043e\u0439\u0441\u0442\u0432\u0435 \u0434\u043b\u044f \u0442\u0435\u043b\u0435\u0444\u043e\u043d\u0430, \u043f\u043e\u0434\u0445\u043e\u0434\u0438\u0442 \u0434\u043b\u044f \u0432\u0441\u0435\u0445 \u0443\u0441\u0442\u0440\u043e\u0439\u0441\u0442\u0432.","robots":{"index":"index","follow":"follow","max-snippet":"max-snippet:-1","max-image-preview":"max-image-preview:large","max-video-preview":"max-video-preview:-1"},"canonical":"https:\/\/www.ortungsgerate.de\/ru\/16-proslushivayushcheye-oborudovaniye-2\/22-gsm-podslushivayushcheye-ustroystvo-zhuchki-2\/mobilnyy-adapter-dlya-zaryadki-telefona-s-skrytym-podslushivayuschim-ustroystvom\/","og_locale":"ru_RU","og_type":"article","og_title":"Mobiler Telefonladeadapter Ladeger\u00e4t mit versteckter Abh\u00f6reinrichtung","og_description":"Hochwertige Abh\u00f6rtechnik im Handy-Ladeger\u00e4t, geeignet f\u00fcr alle Ger\u00e4te. M\u00f6glichkeit, Gespr\u00e4che aus der Ferne mitzuh\u00f6ren. Kostenloser Versand","og_url":"https:\/\/www.ortungsgerate.de\/ru\/16-proslushivayushcheye-oborudovaniye-2\/22-gsm-podslushivayushcheye-ustroystvo-zhuchki-2\/mobilnyy-adapter-dlya-zaryadki-telefona-s-skrytym-podslushivayuschim-ustroystvom\/","og_site_name":"Ortungsger\u00e4te.de","article_modified_time":"2026-02-13T11:33:57+00:00","og_image":[{"width":813,"height":822,"url":"https:\/\/www.ortungsgerate.de\/wp-content\/uploads\/mobilaus-telefono-pakrovejas-ikroviklis-su-slapta-pasiklausymo-iranga.jpeg","type":"image\/jpeg"}],"twitter_card":"summary_large_image","twitter_misc":{"\u041f\u0440\u0438\u043c\u0435\u0440\u043d\u043e\u0435 \u0432\u0440\u0435\u043c\u044f \u0434\u043b\u044f \u0447\u0442\u0435\u043d\u0438\u044f":"2 \u043c\u0438\u043d\u0443\u0442\u044b"},"schema":{"@context":"https:\/\/schema.org","@graph":[{"@type":"WebPage","@id":"https:\/\/www.ortungsgerate.de\/16-abhoergeraete\/22-gsm-abhoergeraete-wanzen\/mobiler-telefonladeadapter-ladegeraet-mit-versteckter-abhoereinrichtung\/","url":"https:\/\/www.ortungsgerate.de\/16-abhoergeraete\/22-gsm-abhoergeraete-wanzen\/mobiler-telefonladeadapter-ladegeraet-mit-versteckter-abhoereinrichtung\/","name":"USB-\u0437\u0430\u0440\u044f\u0434\u043d\u043e\u0435 \u0443\u0441\u0442\u0440\u043e\u0439\u0441\u0442\u0432\u043e \u0441 \u0438\u043d\u0442\u0435\u0433\u0440\u0438\u0440\u043e\u0432\u0430\u043d\u043d\u044b\u043c \u043f\u043e\u0434\u0441\u043b\u0443\u0448\u0438\u0432\u0430\u044e\u0449\u0438\u043c \u0443\u0441\u0442\u0440\u043e\u0439\u0441\u0442\u0432\u043e\u043c (GSM-\u0436\u0443\u0447\u043e\u043a)","isPartOf":{"@id":"https:\/\/www.ortungsgerate.de\/#website"},"primaryImageOfPage":{"@id":"https:\/\/www.ortungsgerate.de\/16-abhoergeraete\/22-gsm-abhoergeraete-wanzen\/mobiler-telefonladeadapter-ladegeraet-mit-versteckter-abhoereinrichtung\/#primaryimage"},"image":{"@id":"https:\/\/www.ortungsgerate.de\/16-abhoergeraete\/22-gsm-abhoergeraete-wanzen\/mobiler-telefonladeadapter-ladegeraet-mit-versteckter-abhoereinrichtung\/#primaryimage"},"thumbnailUrl":"https:\/\/www.ortungsgerate.de\/wp-content\/uploads\/mobilaus-telefono-pakrovejas-ikroviklis-su-slapta-pasiklausymo-iranga.jpeg","datePublished":"2024-02-06T19:37:30+00:00","dateModified":"2026-02-13T11:33:57+00:00","description":"\u0412\u044b\u0441\u043e\u043a\u043e\u043a\u0430\u0447\u0435\u0441\u0442\u0432\u0435\u043d\u043d\u0430\u044f \u0442\u0435\u0445\u043d\u0438\u043a\u0430 \u043f\u0440\u043e\u0441\u043b\u0443\u0448\u0438\u0432\u0430\u043d\u0438\u044f \u0432 \u0437\u0430\u0440\u044f\u0434\u043d\u043e\u043c \u0443\u0441\u0442\u0440\u043e\u0439\u0441\u0442\u0432\u0435 \u0434\u043b\u044f \u0442\u0435\u043b\u0435\u0444\u043e\u043d\u0430, \u043f\u043e\u0434\u0445\u043e\u0434\u0438\u0442 \u0434\u043b\u044f \u0432\u0441\u0435\u0445 \u0443\u0441\u0442\u0440\u043e\u0439\u0441\u0442\u0432.","breadcrumb":{"@id":"https:\/\/www.ortungsgerate.de\/16-abhoergeraete\/22-gsm-abhoergeraete-wanzen\/mobiler-telefonladeadapter-ladegeraet-mit-versteckter-abhoereinrichtung\/#breadcrumb"},"inLanguage":"ru-RU","potentialAction":[{"@type":"ReadAction","target":["https:\/\/www.ortungsgerate.de\/16-abhoergeraete\/22-gsm-abhoergeraete-wanzen\/mobiler-telefonladeadapter-ladegeraet-mit-versteckter-abhoereinrichtung\/"]}]},{"@type":"ImageObject","inLanguage":"ru-RU","@id":"https:\/\/www.ortungsgerate.de\/16-abhoergeraete\/22-gsm-abhoergeraete-wanzen\/mobiler-telefonladeadapter-ladegeraet-mit-versteckter-abhoereinrichtung\/#primaryimage","url":"https:\/\/www.ortungsgerate.de\/wp-content\/uploads\/mobilaus-telefono-pakrovejas-ikroviklis-su-slapta-pasiklausymo-iranga.jpeg","contentUrl":"https:\/\/www.ortungsgerate.de\/wp-content\/uploads\/mobilaus-telefono-pakrovejas-ikroviklis-su-slapta-pasiklausymo-iranga.jpeg","width":813,"height":822,"caption":"Ladeger\u00e4t f\u00fcr Mobiltelefon mit versteckter Abh\u00f6rtechnik"},{"@type":"BreadcrumbList","@id":"https:\/\/www.ortungsgerate.de\/16-abhoergeraete\/22-gsm-abhoergeraete-wanzen\/mobiler-telefonladeadapter-ladegeraet-mit-versteckter-abhoereinrichtung\/#breadcrumb","itemListElement":[{"@type":"ListItem","position":1,"name":"Startseite","item":"https:\/\/www.ortungsgerate.de\/"},{"@type":"ListItem","position":2,"name":"Shop","item":"https:\/\/www.ortungsgerate.de\/shop\/"},{"@type":"ListItem","position":3,"name":"Mobiler Telefonladeadapter Ladeger\u00e4t mit versteckter Abh\u00f6reinrichtung"}]},{"@type":"WebSite","@id":"https:\/\/www.ortungsgerate.de\/#website","url":"https:\/\/www.ortungsgerate.de\/","name":"Ortungsgerate.de","description":"","publisher":{"@id":"https:\/\/www.ortungsgerate.de\/#organization"},"potentialAction":[{"@type":"SearchAction","target":{"@type":"EntryPoint","urlTemplate":"https:\/\/www.ortungsgerate.de\/?s={search_term_string}"},"query-input":{"@type":"PropertyValueSpecification","valueRequired":true,"valueName":"search_term_string"}}],"inLanguage":"ru-RU"},{"@type":"Organization","@id":"https:\/\/www.ortungsgerate.de\/#organization","name":"Ortungsgerate.de","url":"https:\/\/www.ortungsgerate.de\/","logo":{"@type":"ImageObject","inLanguage":"ru-RU","@id":"https:\/\/www.ortungsgerate.de\/#\/schema\/logo\/image\/","url":"https:\/\/www.ortungsgerate.de\/wp-content\/uploads\/ortungsgerate.png","contentUrl":"https:\/\/www.ortungsgerate.de\/wp-content\/uploads\/ortungsgerate.png","width":500,"height":135,"caption":"Ortungsgerate.de"},"image":{"@id":"https:\/\/www.ortungsgerate.de\/#\/schema\/logo\/image\/"}}]}},"_links":{"self":[{"href":"https:\/\/www.ortungsgerate.de\/ru\/wp-json\/wp\/v2\/product\/16414","targetHints":{"allow":["GET"]}}],"collection":[{"href":"https:\/\/www.ortungsgerate.de\/ru\/wp-json\/wp\/v2\/product"}],"about":[{"href":"https:\/\/www.ortungsgerate.de\/ru\/wp-json\/wp\/v2\/types\/product"}],"version-history":[{"count":0,"href":"https:\/\/www.ortungsgerate.de\/ru\/wp-json\/wp\/v2\/product\/16414\/revisions"}],"wp:featuredmedia":[{"embeddable":true,"href":"https:\/\/www.ortungsgerate.de\/ru\/wp-json\/wp\/v2\/media\/9894"}],"wp:attachment":[{"href":"https:\/\/www.ortungsgerate.de\/ru\/wp-json\/wp\/v2\/media?parent=16414"}],"wp:term":[{"taxonomy":"brand","embeddable":true,"href":"https:\/\/www.ortungsgerate.de\/ru\/wp-json\/wp\/v2\/etheme_brands?post=16414"},{"taxonomy":"product_brand","embeddable":true,"href":"https:\/\/www.ortungsgerate.de\/ru\/wp-json\/wp\/v2\/product_brand?post=16414"},{"taxonomy":"product_cat","embeddable":true,"href":"https:\/\/www.ortungsgerate.de\/ru\/wp-json\/wp\/v2\/product_cat?post=16414"},{"taxonomy":"product_tag","embeddable":true,"href":"https:\/\/www.ortungsgerate.de\/ru\/wp-json\/wp\/v2\/product_tag?post=16414"}],"curies":[{"name":"wp","href":"https:\/\/api.w.org\/{rel}","templated":true}]}}