{"id":16415,"date":"2024-02-06T21:37:51","date_gmt":"2024-02-06T19:37:51","guid":{"rendered":"https:\/\/ortungsgerate.de\/be-kategorijos\/dumu-daviklio-imitacija-su-wi-fi-veikia-iki-2ju-metu-be-pakrovimo\/"},"modified":"2025-12-01T11:26:01","modified_gmt":"2025-12-01T10:26:01","slug":"imitatsiya-dymovogo-izveschatelya-s-wi-fi-rabotaet-do-2-let-bez-podzaryadki","status":"publish","type":"product","link":"https:\/\/www.ortungsgerate.de\/ru\/12-skrytyje-kamery\/17-zamaskirovanyje-kamery\/imitatsiya-dymovogo-izveschatelya-s-wi-fi-rabotaet-do-2-let-bez-podzaryadki\/","title":{"rendered":"\u0418\u043c\u0438\u0442\u0430\u0446\u0438\u044f \u0434\u044b\u043c\u043e\u0432\u043e\u0433\u043e \u0438\u0437\u0432\u0435\u0449\u0430\u0442\u0435\u043b\u044f \u0441 Wi-Fi, \u0440\u0430\u0431\u043e\u0442\u0430\u0435\u0442 \u0434\u043e 2 \u043b\u0435\u0442 \u0431\u0435\u0437 \u043f\u043e\u0434\u0437\u0430\u0440\u044f\u0434\u043a\u0438"},"content":{"rendered":"<p><strong>\u0410\u041a\u0426\u0418\u042f: Micro SD 32GB \u0432 \u043f\u043e\u0434\u0430\u0440\u043e\u043a<\/strong><\/p>\n<p><strong>\u0422\u0435\u0445\u043d\u0438\u0447\u0435\u0441\u043a\u0438\u0435 \u043f\u0430\u0440\u0430\u043c\u0435\u0442\u0440\u044b:<\/strong><\/p>\n<ul>\n<li>Unterst\u00fctzung von Speicherkarten: micro SD \/ SDHC bis zu 64GB<\/li>\n<li>\u0412\u0438\u0434\u0435\u043e\u0437\u0430\u043f\u0438\u0441\u044c \u0441\u043e \u0437\u0432\u0443\u043a\u043e\u043c<\/li>\n<li>\u0420\u0430\u0437\u0440\u0435\u0448\u0435\u043d\u0438\u0435 \u0437\u0430\u043f\u0438\u0441\u0438: Full HD 1920x1080px<\/li>\n<li>Rauchmelder-Imitation<\/li>\n<li>Funktioniert bis zu 2 Jahre ohne Aufladen (im Standby-Modus)<\/li>\n<li>Videoformat: AVI | max. 25fps<\/li>\n<li>Videoaufl\u00f6sung:\u00a01920 x\u00a01080\u00a0px<\/li>\n<li>Blickwinkel: 145 \u00b0 sehr gro\u00dfer Weitwinkel<\/li>\n<li>Ton: Mikrofon mit Rauschunterdr\u00fcckungsfunktion<\/li>\n<li>Verbindungsstandard: USB<\/li>\n<li>Nachtsicht 5 Meter<\/li>\n<li>Live-\u00dcberwachung \u00fcber Internet (per mobiler App)<\/li>\n<li>Bewegungsmelder (PIR)<\/li>\n<li>Videocodierung: H264<\/li>\n<li>Lieferumfang: Wifi-Kamera (Imitation), micro SD Kartenleser, USB-Kabel, Netzteil<\/li>\n<li>Abmessungen:\u00a053x36x34cm<\/li>\n<li><strong>\u0413\u0410\u0420\u0410\u041d\u0422\u0418\u042f 12 \u043c\u0435\u0441\u044f\u0446\u0435\u0432<\/strong><\/li>\n<\/ul>\n<p><span style=\"color: #d0121a;\"><\/span><\/p>\n<p><strong><span lang=\"lt\">Rauchmelder mit Bewegungsmelder und Nachtsichtfunktion<\/span><\/strong><\/p>\n<p><span lang=\"lt\">Ein Rauchmelder ist eines jener Ger\u00e4te, das sich in nahezu jedem Haushalt findet. Solche Ger\u00e4te helfen, rechtzeitig vor einem ausgebrochenen Brand zu warnen und erm\u00f6glichen es, ein gro\u00dfes Ungl\u00fcck zu vermeiden. Wahrscheinlich w\u00fcrde sich keiner von uns wundern, einen solchen Rauchmelder bei einem Besuch, im B\u00fcro oder in einer bestimmten Einrichtung zu sehen, daher ist es nicht verwunderlich, dass versteckte Kameras immer h\u00e4ufiger genau in solchen Ger\u00e4ten getarnt werden. Ein Rauchmelder mit versteckter Kamera wird keinerlei Verdacht erregen, sodass wir sicher sein k\u00f6nnen, dass diese Ger\u00e4te ihre Hauptfunktion erf\u00fcllen. Es ist wahrscheinlich, dass sich die Personen in den R\u00e4umlichkeiten so verhalten, wie sie es gewohnt sind, sodass bestimmte Verst\u00f6\u00dfe rechtzeitig bemerkt und umgehend verhindert werden k\u00f6nnen.<\/span><\/p>\n<p><strong><span lang=\"lt\">Gro\u00dfe Einsatzm\u00f6glichkeiten<\/span><\/strong><\/p>\n<p><span lang=\"lt\">Ein Rauchmelder mit versteckter Kamerafunktion kann in sehr unterschiedlichen Situationen eingesetzt werden. Ein solches Ger\u00e4t kann das Zuhause vor Einbrechern sch\u00fctzen, die Sicherheit von Kindern oder \u00e4lteren Menschen gew\u00e4hrleisten usw. Wenn Sie vermuten, dass Ihr Lebenspartner Ihnen untreu ist, kann eine versteckte Kamera helfen, Zweifel auszur\u00e4umen. Au\u00dferdem kann die im Rauchmelder integrierte versteckte Kamera an verschiedenen Arbeitspl\u00e4tzen eingesetzt werden, an denen sichergestellt werden soll, dass sich alle Mitarbeiter korrekt verhalten. Wenn Sie bestimmte Verst\u00f6\u00dfe rechtzeitig bemerken, k\u00f6nnen Sie sofort entsprechende Ma\u00dfnahmen ergreifen, sodass eine versteckte Kamera eine der besten L\u00f6sungen sein kann.<\/span><\/p>\n<p><strong><span lang=\"lt\">Lange Betriebsdauer der Kamera<\/span><\/strong><\/p>\n<p><span lang=\"lt\">Die im Rauchmelder getarnte Kamera kann \u00fcber Jahre hinweg funktionieren. Wenn Sie sich f\u00fcr den Standby-Modus entscheiden, kann die Kamera ein bis zwei Jahre lang arbeiten, sodass Sie sich nicht st\u00e4ndig Sorgen machen m\u00fcssen, dass die Kamera einfach leer wird. Die Bewegungsmelder-Funktion erm\u00f6glicht es Ihnen, in Echtzeit zu erfahren, dass sich derzeit etwas im Raum abspielt: Sie erhalten eine Benachrichtigung in der App und k\u00f6nnen sofort die Video\u00fcberwachung einschalten. Wenn Sie bestimmte rechtswidrige Handlungen bemerken, k\u00f6nnen Sie die Polizei rufen und die T\u00e4ter werden bald gefasst. Video\u00fcberwachungskameras erweisen sich oft als wesentlich effektiver als eine Alarmanlage: Kameras helfen, rechtswidrige Handlungen zu dokumentieren, w\u00e4hrend eine Alarmanlage in der Regel nur Einbrecher abschreckt.<\/span><\/p>\n<p><strong><span lang=\"lt\">App f\u00fcr verschiedene Telefone geeignet<\/span><\/strong><\/p>\n<p><span lang=\"lt\">Mit dem Rauchmelder mit versteckter Kamera k\u00f6nnen Sie sich \u00fcber eine App auf Ihrem Smartphone verbinden und die aufgezeichneten Bilder von jedem Ort der Welt aus ansehen. Die mobile Applikation ist sowohl f\u00fcr Smartger\u00e4te mit \u201eAndroid\u201c-Betriebssystem als auch f\u00fcr Smartphones des Herstellers \u201eApple\u201c geeignet.<\/span><\/p>\n<p><strong><span lang=\"lt\">Hohe Bildqualit\u00e4t<\/span><\/strong><\/p>\n<p><span lang=\"lt\">Die im Rauchmelder versteckte Kamera \u00fcberzeugt durch eine sehr hohe Bildqualit\u00e4t, sodass Sie sich wirklich keine Sorgen machen m\u00fcssen, dass das Bild einfach unverst\u00e4ndlich sein k\u00f6nnte. Obwohl die getarnte versteckte Kamera relativ klein ist, k\u00f6nnen Sie v\u00f6llig sicher sein, dass das Bild vollkommen klar ist und hilft, bestimmte f\u00fcr Sie wichtige Details zu erkennen. Wenn Sie sich mit der App verbinden, k\u00f6nnen Sie in Echtzeit verfolgen, was in den R\u00e4umen geschieht, sodass Sie sicher sein k\u00f6nnen, nichts Wichtiges zu verpassen. Auf bestimmte Ereignisse muss blitzschnell reagiert werden, daher hilft Ihnen diese versteckte Kamera, verschiedene Handlungen rechtzeitig zu erfassen.<\/span><\/p>\n<p><strong><span lang=\"lt\">Nachtsichtfunktion<\/span><\/strong><\/p>\n<p><span lang=\"lt\">Mit diesem verdeckten Aufnahmeger\u00e4t k\u00f6nnen Sie die aufgezeichneten Bilder nicht nur bei Tageslicht beobachten: der Rauchmelder mit versteckter Kamera verf\u00fcgt \u00fcber eine Nachtsichtfunktion, die Bilder aus einer Entfernung von bis zu f\u00fcnf Metern aufzeichnen kann. Sie m\u00fcssen keine Angst haben, dass die Dunkelheit der Nacht die Aufzeichnung von etwas Wichtigem verhindern k\u00f6nnte, daher wird eine solche Kamera zweifellos eine der besten Wahlm\u00f6glichkeiten sein.<\/span><\/p>\n<p><strong><span lang=\"lt\">Attraktiver Ger\u00e4tepreis<\/span><\/strong><\/p>\n<p><span lang=\"lt\">Obwohl oft angenommen wird, dass die Preise f\u00fcr in Haushaltsger\u00e4ten getarnte versteckte Kameras zu hoch sein k\u00f6nnen, werden Sie feststellen, dass dies nicht der Fall ist. Heute wird solche Ausr\u00fcstung zu sehr attraktiven Preisen angeboten, sodass eine solche versteckte Kamera Ihre Erwartungen auf jeden Fall erf\u00fcllen wird, wenn Sie die Sicherheit Ihres Zuhauses oder Ihrer Familienmitglieder erh\u00f6hen m\u00f6chten.<\/span><\/p>","protected":false},"excerpt":{"rendered":"<p>AKTION: Micro SD 32GB als Geschenk Technische\u00a0Parameter: Unterst\u00fctzung von Speicherkarten: micro SD \/ SDHC bis zu 64GB Videoaufzeichnung mit Ton Aufl\u00f6sung der Aufnahme: Full HD&#8230;<\/p>","protected":false},"featured_media":26351,"template":"","meta":[],"etheme_brands":[],"product_brand":[],"product_cat":[204,203,205],"product_tag":[753,42,707,705,690,693],"class_list":{"0":"post-16415","1":"product","2":"type-product","3":"status-publish","4":"has-post-thumbnail","6":"product_cat-17-getarnte-kameras","7":"product_cat-12-versteckte-kameras","8":"product_cat-27-wlan-minikameras","9":"product_tag-getarnte-kamera","10":"product_tag-kamera","11":"product_tag-kamera-uhr","12":"product_tag-ueberwachungskamera","13":"product_tag-versteckte-kamera","14":"product_tag-wlan-kamera","15":"pa_typ-rauchmelder-alarmmelder","17":"first","18":"instock","19":"taxable","20":"shipping-taxable","21":"purchasable","22":"product-type-simple"},"yoast_head":"<!-- This site is optimized with the Yoast SEO Premium plugin v25.9 (Yoast SEO v27.4) - https:\/\/yoast.com\/product\/yoast-seo-premium-wordpress\/ -->\n<title>Rauchmelder-Imitation mit Wi\u2011Fi, funktioniert bis zu 2 Jahren ohne Aufladen<\/title>\n<meta name=\"description\" content=\"Attrappe eines Rauchmelders mit integrierter versteckter \u00dcberwachungskamera \u2013 Sie k\u00f6nnen das Bild aus jedem Land der Welt sehen. Verf\u00fcgt \u00fcber einen PIR-Sensor (Bewegung). Besonders hohe Qualit\u00e4t\" \/>\n<meta name=\"robots\" content=\"index, follow, max-snippet:-1, max-image-preview:large, max-video-preview:-1\" \/>\n<link rel=\"canonical\" href=\"https:\/\/ortungsgerate.de\/12-slaptos-kameros\/\" \/>\n<meta property=\"og:locale\" content=\"ru_RU\" \/>\n<meta property=\"og:type\" content=\"article\" \/>\n<meta property=\"og:title\" content=\"Rauchmelder-Imitation mit WLAN, funktioniert bis zu 2 Jahren ohne Aufladen\" \/>\n<meta property=\"og:description\" content=\"Attrappe eines Rauchmelders mit integrierter versteckter \u00dcberwachungskamera \u2013 Sie k\u00f6nnen das Bild aus jedem Land der Welt sehen. Verf\u00fcgt \u00fcber einen PIR-Sensor (Bewegung). Besonders hohe Qualit\u00e4t\" \/>\n<meta property=\"og:url\" content=\"https:\/\/ortungsgerate.de\/12-slaptos-kameros\/\" \/>\n<meta property=\"og:site_name\" content=\"Ortungsger\u00e4te.de\" \/>\n<meta property=\"article:modified_time\" content=\"2025-12-01T10:26:01+00:00\" \/>\n<meta property=\"og:image\" content=\"https:\/\/www.ortungsgerate.de\/wp-content\/uploads\/dumu-daviklis-su-kamera.jpg\" \/>\n\t<meta property=\"og:image:width\" content=\"800\" \/>\n\t<meta property=\"og:image:height\" content=\"800\" \/>\n\t<meta property=\"og:image:type\" content=\"image\/jpeg\" \/>\n<meta name=\"twitter:card\" content=\"summary_large_image\" \/>\n<meta name=\"twitter:label1\" content=\"\u041f\u0440\u0438\u043c\u0435\u0440\u043d\u043e\u0435 \u0432\u0440\u0435\u043c\u044f \u0434\u043b\u044f \u0447\u0442\u0435\u043d\u0438\u044f\" \/>\n\t<meta name=\"twitter:data1\" content=\"4 \u043c\u0438\u043d\u0443\u0442\u044b\" \/>\n<script type=\"application\/ld+json\" class=\"yoast-schema-graph\">{\"@context\":\"https:\\\/\\\/schema.org\",\"@graph\":[{\"@type\":\"WebPage\",\"@id\":\"https:\\\/\\\/www.ortungsgerate.de\\\/12-versteckte-kameras\\\/27-wlan-minikameras\\\/rauchmelder-imitation-mit-wlan-funktioniert-bis-zu-2-jahren-ohne-aufladen\\\/\",\"url\":\"https:\\\/\\\/ortungsgerate.de\\\/12-slaptos-kameros\\\/\",\"name\":\"Rauchmelder-Imitation mit Wi\u2011Fi, funktioniert bis zu 2 Jahren ohne Aufladen\",\"isPartOf\":{\"@id\":\"https:\\\/\\\/www.ortungsgerate.de\\\/#website\"},\"primaryImageOfPage\":{\"@id\":\"https:\\\/\\\/ortungsgerate.de\\\/12-slaptos-kameros\\\/#primaryimage\"},\"image\":{\"@id\":\"https:\\\/\\\/ortungsgerate.de\\\/12-slaptos-kameros\\\/#primaryimage\"},\"thumbnailUrl\":\"https:\\\/\\\/www.ortungsgerate.de\\\/wp-content\\\/uploads\\\/dumu-daviklis-su-kamera.jpg\",\"datePublished\":\"2024-02-06T19:37:51+00:00\",\"dateModified\":\"2025-12-01T10:26:01+00:00\",\"description\":\"Attrappe eines Rauchmelders mit integrierter versteckter \u00dcberwachungskamera \u2013 Sie k\u00f6nnen das Bild aus jedem Land der Welt sehen. Verf\u00fcgt \u00fcber einen PIR-Sensor (Bewegung). Besonders hohe Qualit\u00e4t\",\"breadcrumb\":{\"@id\":\"https:\\\/\\\/ortungsgerate.de\\\/12-slaptos-kameros\\\/#breadcrumb\"},\"inLanguage\":\"ru-RU\",\"potentialAction\":[{\"@type\":\"ReadAction\",\"target\":[\"https:\\\/\\\/ortungsgerate.de\\\/12-slaptos-kameros\\\/\"]}]},{\"@type\":\"ImageObject\",\"inLanguage\":\"ru-RU\",\"@id\":\"https:\\\/\\\/ortungsgerate.de\\\/12-slaptos-kameros\\\/#primaryimage\",\"url\":\"https:\\\/\\\/www.ortungsgerate.de\\\/wp-content\\\/uploads\\\/dumu-daviklis-su-kamera.jpg\",\"contentUrl\":\"https:\\\/\\\/www.ortungsgerate.de\\\/wp-content\\\/uploads\\\/dumu-daviklis-su-kamera.jpg\",\"width\":800,\"height\":800,\"caption\":\"Rauchmelder mit Kamera\"},{\"@type\":\"BreadcrumbList\",\"@id\":\"https:\\\/\\\/ortungsgerate.de\\\/12-slaptos-kameros\\\/#breadcrumb\",\"itemListElement\":[{\"@type\":\"ListItem\",\"position\":1,\"name\":\"Startseite\",\"item\":\"https:\\\/\\\/www.ortungsgerate.de\\\/\"},{\"@type\":\"ListItem\",\"position\":2,\"name\":\"Shop\",\"item\":\"https:\\\/\\\/www.ortungsgerate.de\\\/shop\\\/\"},{\"@type\":\"ListItem\",\"position\":3,\"name\":\"Rauchmelder-Imitation mit WLAN, funktioniert bis zu 2 Jahren ohne Aufladen\"}]},{\"@type\":\"WebSite\",\"@id\":\"https:\\\/\\\/www.ortungsgerate.de\\\/#website\",\"url\":\"https:\\\/\\\/www.ortungsgerate.de\\\/\",\"name\":\"Ortungsgerate.de\",\"description\":\"\",\"publisher\":{\"@id\":\"https:\\\/\\\/www.ortungsgerate.de\\\/#organization\"},\"potentialAction\":[{\"@type\":\"SearchAction\",\"target\":{\"@type\":\"EntryPoint\",\"urlTemplate\":\"https:\\\/\\\/www.ortungsgerate.de\\\/?s={search_term_string}\"},\"query-input\":{\"@type\":\"PropertyValueSpecification\",\"valueRequired\":true,\"valueName\":\"search_term_string\"}}],\"inLanguage\":\"ru-RU\"},{\"@type\":\"Organization\",\"@id\":\"https:\\\/\\\/www.ortungsgerate.de\\\/#organization\",\"name\":\"Ortungsgerate.de\",\"url\":\"https:\\\/\\\/www.ortungsgerate.de\\\/\",\"logo\":{\"@type\":\"ImageObject\",\"inLanguage\":\"ru-RU\",\"@id\":\"https:\\\/\\\/www.ortungsgerate.de\\\/#\\\/schema\\\/logo\\\/image\\\/\",\"url\":\"https:\\\/\\\/www.ortungsgerate.de\\\/wp-content\\\/uploads\\\/ortungsgerate.png\",\"contentUrl\":\"https:\\\/\\\/www.ortungsgerate.de\\\/wp-content\\\/uploads\\\/ortungsgerate.png\",\"width\":500,\"height\":135,\"caption\":\"Ortungsgerate.de\"},\"image\":{\"@id\":\"https:\\\/\\\/www.ortungsgerate.de\\\/#\\\/schema\\\/logo\\\/image\\\/\"}}]}<\/script>\n<!-- \/ Yoast SEO Premium plugin. -->","yoast_head_json":{"title":"Rauchmelder-Imitation mit Wi\u2011Fi, funktioniert bis zu 2 Jahren ohne Aufladen","description":"Attrappe eines Rauchmelders mit integrierter versteckter \u00dcberwachungskamera \u2013 Sie k\u00f6nnen das Bild aus jedem Land der Welt sehen. Verf\u00fcgt \u00fcber einen PIR-Sensor (Bewegung). Besonders hohe Qualit\u00e4t","robots":{"index":"index","follow":"follow","max-snippet":"max-snippet:-1","max-image-preview":"max-image-preview:large","max-video-preview":"max-video-preview:-1"},"canonical":"https:\/\/ortungsgerate.de\/12-slaptos-kameros\/","og_locale":"ru_RU","og_type":"article","og_title":"Rauchmelder-Imitation mit WLAN, funktioniert bis zu 2 Jahren ohne Aufladen","og_description":"Attrappe eines Rauchmelders mit integrierter versteckter \u00dcberwachungskamera \u2013 Sie k\u00f6nnen das Bild aus jedem Land der Welt sehen. Verf\u00fcgt \u00fcber einen PIR-Sensor (Bewegung). Besonders hohe Qualit\u00e4t","og_url":"https:\/\/ortungsgerate.de\/12-slaptos-kameros\/","og_site_name":"Ortungsger\u00e4te.de","article_modified_time":"2025-12-01T10:26:01+00:00","og_image":[{"width":800,"height":800,"url":"https:\/\/www.ortungsgerate.de\/wp-content\/uploads\/dumu-daviklis-su-kamera.jpg","type":"image\/jpeg"}],"twitter_card":"summary_large_image","twitter_misc":{"\u041f\u0440\u0438\u043c\u0435\u0440\u043d\u043e\u0435 \u0432\u0440\u0435\u043c\u044f \u0434\u043b\u044f \u0447\u0442\u0435\u043d\u0438\u044f":"4 \u043c\u0438\u043d\u0443\u0442\u044b"},"schema":{"@context":"https:\/\/schema.org","@graph":[{"@type":"WebPage","@id":"https:\/\/www.ortungsgerate.de\/12-versteckte-kameras\/27-wlan-minikameras\/rauchmelder-imitation-mit-wlan-funktioniert-bis-zu-2-jahren-ohne-aufladen\/","url":"https:\/\/ortungsgerate.de\/12-slaptos-kameros\/","name":"Rauchmelder-Imitation mit Wi\u2011Fi, funktioniert bis zu 2 Jahren ohne Aufladen","isPartOf":{"@id":"https:\/\/www.ortungsgerate.de\/#website"},"primaryImageOfPage":{"@id":"https:\/\/ortungsgerate.de\/12-slaptos-kameros\/#primaryimage"},"image":{"@id":"https:\/\/ortungsgerate.de\/12-slaptos-kameros\/#primaryimage"},"thumbnailUrl":"https:\/\/www.ortungsgerate.de\/wp-content\/uploads\/dumu-daviklis-su-kamera.jpg","datePublished":"2024-02-06T19:37:51+00:00","dateModified":"2025-12-01T10:26:01+00:00","description":"Attrappe eines Rauchmelders mit integrierter versteckter \u00dcberwachungskamera \u2013 Sie k\u00f6nnen das Bild aus jedem Land der Welt sehen. Verf\u00fcgt \u00fcber einen PIR-Sensor (Bewegung). Besonders hohe Qualit\u00e4t","breadcrumb":{"@id":"https:\/\/ortungsgerate.de\/12-slaptos-kameros\/#breadcrumb"},"inLanguage":"ru-RU","potentialAction":[{"@type":"ReadAction","target":["https:\/\/ortungsgerate.de\/12-slaptos-kameros\/"]}]},{"@type":"ImageObject","inLanguage":"ru-RU","@id":"https:\/\/ortungsgerate.de\/12-slaptos-kameros\/#primaryimage","url":"https:\/\/www.ortungsgerate.de\/wp-content\/uploads\/dumu-daviklis-su-kamera.jpg","contentUrl":"https:\/\/www.ortungsgerate.de\/wp-content\/uploads\/dumu-daviklis-su-kamera.jpg","width":800,"height":800,"caption":"Rauchmelder mit Kamera"},{"@type":"BreadcrumbList","@id":"https:\/\/ortungsgerate.de\/12-slaptos-kameros\/#breadcrumb","itemListElement":[{"@type":"ListItem","position":1,"name":"Startseite","item":"https:\/\/www.ortungsgerate.de\/"},{"@type":"ListItem","position":2,"name":"Shop","item":"https:\/\/www.ortungsgerate.de\/shop\/"},{"@type":"ListItem","position":3,"name":"Rauchmelder-Imitation mit WLAN, funktioniert bis zu 2 Jahren ohne Aufladen"}]},{"@type":"WebSite","@id":"https:\/\/www.ortungsgerate.de\/#website","url":"https:\/\/www.ortungsgerate.de\/","name":"Ortungsgerate.de","description":"","publisher":{"@id":"https:\/\/www.ortungsgerate.de\/#organization"},"potentialAction":[{"@type":"SearchAction","target":{"@type":"EntryPoint","urlTemplate":"https:\/\/www.ortungsgerate.de\/?s={search_term_string}"},"query-input":{"@type":"PropertyValueSpecification","valueRequired":true,"valueName":"search_term_string"}}],"inLanguage":"ru-RU"},{"@type":"Organization","@id":"https:\/\/www.ortungsgerate.de\/#organization","name":"Ortungsgerate.de","url":"https:\/\/www.ortungsgerate.de\/","logo":{"@type":"ImageObject","inLanguage":"ru-RU","@id":"https:\/\/www.ortungsgerate.de\/#\/schema\/logo\/image\/","url":"https:\/\/www.ortungsgerate.de\/wp-content\/uploads\/ortungsgerate.png","contentUrl":"https:\/\/www.ortungsgerate.de\/wp-content\/uploads\/ortungsgerate.png","width":500,"height":135,"caption":"Ortungsgerate.de"},"image":{"@id":"https:\/\/www.ortungsgerate.de\/#\/schema\/logo\/image\/"}}]}},"_links":{"self":[{"href":"https:\/\/www.ortungsgerate.de\/ru\/wp-json\/wp\/v2\/product\/16415","targetHints":{"allow":["GET"]}}],"collection":[{"href":"https:\/\/www.ortungsgerate.de\/ru\/wp-json\/wp\/v2\/product"}],"about":[{"href":"https:\/\/www.ortungsgerate.de\/ru\/wp-json\/wp\/v2\/types\/product"}],"version-history":[{"count":0,"href":"https:\/\/www.ortungsgerate.de\/ru\/wp-json\/wp\/v2\/product\/16415\/revisions"}],"wp:featuredmedia":[{"embeddable":true,"href":"https:\/\/www.ortungsgerate.de\/ru\/wp-json\/wp\/v2\/media\/26351"}],"wp:attachment":[{"href":"https:\/\/www.ortungsgerate.de\/ru\/wp-json\/wp\/v2\/media?parent=16415"}],"wp:term":[{"taxonomy":"brand","embeddable":true,"href":"https:\/\/www.ortungsgerate.de\/ru\/wp-json\/wp\/v2\/etheme_brands?post=16415"},{"taxonomy":"product_brand","embeddable":true,"href":"https:\/\/www.ortungsgerate.de\/ru\/wp-json\/wp\/v2\/product_brand?post=16415"},{"taxonomy":"product_cat","embeddable":true,"href":"https:\/\/www.ortungsgerate.de\/ru\/wp-json\/wp\/v2\/product_cat?post=16415"},{"taxonomy":"product_tag","embeddable":true,"href":"https:\/\/www.ortungsgerate.de\/ru\/wp-json\/wp\/v2\/product_tag?post=16415"}],"curies":[{"name":"wp","href":"https:\/\/api.w.org\/{rel}","templated":true}]}}