{"id":16419,"date":"2024-02-06T21:38:42","date_gmt":"2024-02-06T19:38:42","guid":{"rendered":"https:\/\/ortungsgerate.de\/be-kategorijos\/aukstos-kokybes-slapta-ausine-egzaminams-bluetooth\/"},"modified":"2025-11-26T19:01:36","modified_gmt":"2025-11-26T17:01:36","slug":"vysokokachestvennyy-sekretnyy-bluetooth-naushnik-dlya-ekzamenov","status":"publish","type":"product","link":"https:\/\/www.ortungsgerate.de\/ru\/16-proslushivayushcheye-oborudovaniye-2\/19-naushniki-dlia-egzamenov-2\/vysokokachestvennyy-sekretnyy-bluetooth-naushnik-dlya-ekzamenov\/","title":{"rendered":"\u0412\u044b\u0441\u043e\u043a\u043e\u043a\u0430\u0447\u0435\u0441\u0442\u0432\u0435\u043d\u043d\u044b\u0439 \u0441\u0435\u043a\u0440\u0435\u0442\u043d\u044b\u0439 Bluetooth-\u043d\u0430\u0443\u0448\u043d\u0438\u043a \u0434\u043b\u044f \u044d\u043a\u0437\u0430\u043c\u0435\u043d\u043e\u0432"},"content":{"rendered":"<h3><strong>\u0422\u0435\u0445\u043d\u0438\u0447\u0435\u0441\u043a\u0438\u0435 \u043f\u0430\u0440\u0430\u043c\u0435\u0442\u0440\u044b:<\/strong><\/h3>\n<ul>\n<li>Verbindet sich \u00fcber BLUETOOTH mit dem Telefon<\/li>\n<li>Bluetooth-Ger\u00e4tebetriebsdauer: bis zu 8 Stunden<\/li>\n<li>Lautst\u00e4rke einstellbar<\/li>\n<li>Eingebautes empfindliches Mikrofon (die Person, die Ihnen den Text diktiert, kann Sie h\u00f6ren. Oder die Person, die Ihnen Fragen stellt \u2013 so hilft sie Ihnen, diese zu beantworten)<\/li>\n<li>Mit einem Knopfdruck kann ein Gespr\u00e4ch angenommen werden<\/li>\n<li>Es ist ein internes Mikrofon integriert<\/li>\n<li>H\u00f6chste Klangqualit\u00e4t<\/li>\n<li>Betriebsdauer der Mini-Ohrh\u00f6rer (Batterie): etwa 2\u20133 Stunden<\/li>\n<li>Abmessungen des geheimen Ohrh\u00f6rers nur 4 mm, unauff\u00e4llig<\/li>\n<li>Abmessungen des Senders der Induktionsspule: 60 mm \u00d7 10 mm \u00d7 15 mm<\/li>\n<li>Ger\u00e4t in Originalverpackung. Anleitung liegt bei. Set besteht aus: Ohrh\u00f6rer, Induktionsspule mit Bluetooth-Sender, Ladekabel, 2 Stk. Batterien f\u00fcr den Ohrh\u00f6rer.<\/li>\n<li><strong>\u0413\u0410\u0420\u0410\u041d\u0422\u0418\u042f 12 \u043c\u0435\u0441\u044f\u0446\u0435\u0432<\/strong><\/li>\n<\/ul>\n<p><span style=\"color: #d0121a;\"><\/span><\/p>\n<p>Dies ist ein Mini-Ohrh\u00f6rer f\u00fcr Pr\u00fcfungen von h\u00f6chster Qualit\u00e4t, nicht zu vergleichen mit chinesischen Ohrh\u00f6rern, diese werden in Europa hergestellt. Der geheime Ohrh\u00f6rer ist eine ausgezeichnete Wahl, wenn eine andere Person Ihnen helfen und Ihnen den Text diktieren soll. Der Ohrh\u00f6rer ist sehr klein \u2013 nur 4 mm \u2013 und nach dem Einsetzen ins Ohr h\u00f6ren Sie alles, was Ihnen die andere Person diktiert. Sie k\u00f6nnen beruhigt zu einer Pr\u00fcfung oder zu einem sehr wichtigen Treffen gehen. Er verbindet sich \u00fcber Bluetooth mit dem Mobiltelefon, wie eine Freisprecheinrichtung, und die Vorbereitung des Ger\u00e4ts f\u00fcr die Nutzung ist einfach. Sie legen die Induktionsspule mit Bluetooth-Sender um den Hals (sie ist unsichtbar), setzen den Mikro-Ohrh\u00f6rer ins Ohr ein \u2013 alles ist einsatzbereit. Der geheime Ohrh\u00f6rer ist f\u00fcr alle Mobiltelefone geeignet \u2013 Android, iPhone und Tastenhandys.<\/p>","protected":false},"excerpt":{"rendered":"<p>Technische Parameter: Verbindet sich \u00fcber BLUETOOTH mit dem Telefon Bluetooth-Ger\u00e4tebetriebsdauer: bis zu 8 Stunden Lautst\u00e4rke einstellbar Eingebautes empfindliches Mikrofon (die Person, die Ihnen den Text&#8230;<\/p>","protected":false},"featured_media":26480,"template":"","meta":[],"etheme_brands":[],"product_brand":[],"product_cat":[208,206],"product_tag":[740,741],"class_list":{"0":"post-16419","1":"product","2":"type-product","3":"status-publish","4":"has-post-thumbnail","6":"product_cat-16-abhoergeraete","7":"product_cat-19-pruefungsohrhoerer-fuer-pruefungen","8":"product_tag-mikro-ohrhoerer","9":"product_tag-mini-ohrhoerer","11":"first","12":"instock","13":"taxable","14":"shipping-taxable","15":"purchasable","16":"product-type-simple"},"yoast_head":"<!-- This site is optimized with the Yoast SEO Premium plugin v25.9 (Yoast SEO v27.4) - https:\/\/yoast.com\/product\/yoast-seo-premium-wordpress\/ -->\n<title>Verborgener Ohrh\u00f6rer f\u00fcr Pr\u00fcfungen Mikro - Sekimoiranga.lt<\/title>\n<meta name=\"description\" content=\"Verborgener Mini-Ohrh\u00f6rer f\u00fcr Pr\u00fcfungen. Hohe Klangqualit\u00e4t, funktioniert st\u00f6rungsfrei. Einfache Handhabung, Ohrh\u00f6rergr\u00f6\u00dfe nur 4 mm. Kostenloser Versand innerhalb von 2 Tagen.\" \/>\n<meta name=\"robots\" content=\"index, follow, max-snippet:-1, max-image-preview:large, max-video-preview:-1\" \/>\n<link rel=\"canonical\" href=\"https:\/\/www.ortungsgerate.de\/ru\/16-proslushivayushcheye-oborudovaniye-2\/vysokokachestvennyy-sekretnyy-bluetooth-naushnik-dlya-ekzamenov\/\" \/>\n<meta property=\"og:locale\" content=\"ru_RU\" \/>\n<meta property=\"og:type\" content=\"article\" \/>\n<meta property=\"og:title\" content=\"Hochwertiger geheimer Bluetooth-Ohrh\u00f6rer f\u00fcr Pr\u00fcfungen\" \/>\n<meta property=\"og:description\" content=\"Verborgener Mini-Ohrh\u00f6rer f\u00fcr Pr\u00fcfungen. Hohe Klangqualit\u00e4t, funktioniert st\u00f6rungsfrei. Einfache Handhabung, Ohrh\u00f6rergr\u00f6\u00dfe nur 4 mm. Kostenloser Versand innerhalb von 2 Tagen.\" \/>\n<meta property=\"og:url\" content=\"https:\/\/www.ortungsgerate.de\/ru\/16-proslushivayushcheye-oborudovaniye-2\/vysokokachestvennyy-sekretnyy-bluetooth-naushnik-dlya-ekzamenov\/\" \/>\n<meta property=\"og:site_name\" content=\"Ortungsger\u00e4te.de\" \/>\n<meta property=\"article:modified_time\" content=\"2025-11-26T17:01:36+00:00\" \/>\n<meta property=\"og:image\" content=\"https:\/\/www.ortungsgerate.de\/wp-content\/uploads\/ausine-egzaminams-mini-blueatooth.jpg\" \/>\n\t<meta property=\"og:image:width\" content=\"463\" \/>\n\t<meta property=\"og:image:height\" content=\"644\" \/>\n\t<meta property=\"og:image:type\" content=\"image\/jpeg\" \/>\n<meta name=\"twitter:card\" content=\"summary_large_image\" \/>\n<meta name=\"twitter:label1\" content=\"\u041f\u0440\u0438\u043c\u0435\u0440\u043d\u043e\u0435 \u0432\u0440\u0435\u043c\u044f \u0434\u043b\u044f \u0447\u0442\u0435\u043d\u0438\u044f\" \/>\n\t<meta name=\"twitter:data1\" content=\"2 \u043c\u0438\u043d\u0443\u0442\u044b\" \/>\n<script type=\"application\/ld+json\" class=\"yoast-schema-graph\">{\"@context\":\"https:\\\/\\\/schema.org\",\"@graph\":[{\"@type\":\"WebPage\",\"@id\":\"https:\\\/\\\/www.ortungsgerate.de\\\/16-abhoergeraete\\\/hochwertiger-geheimer-bluetooth-ohrhoerer-fuer-pruefungen\\\/\",\"url\":\"https:\\\/\\\/www.ortungsgerate.de\\\/16-abhoergeraete\\\/hochwertiger-geheimer-bluetooth-ohrhoerer-fuer-pruefungen\\\/\",\"name\":\"Verborgener Ohrh\u00f6rer f\u00fcr Pr\u00fcfungen Mikro - Sekimoiranga.lt\",\"isPartOf\":{\"@id\":\"https:\\\/\\\/www.ortungsgerate.de\\\/#website\"},\"primaryImageOfPage\":{\"@id\":\"https:\\\/\\\/www.ortungsgerate.de\\\/16-abhoergeraete\\\/hochwertiger-geheimer-bluetooth-ohrhoerer-fuer-pruefungen\\\/#primaryimage\"},\"image\":{\"@id\":\"https:\\\/\\\/www.ortungsgerate.de\\\/16-abhoergeraete\\\/hochwertiger-geheimer-bluetooth-ohrhoerer-fuer-pruefungen\\\/#primaryimage\"},\"thumbnailUrl\":\"https:\\\/\\\/www.ortungsgerate.de\\\/wp-content\\\/uploads\\\/ausine-egzaminams-mini-blueatooth.jpg\",\"datePublished\":\"2024-02-06T19:38:42+00:00\",\"dateModified\":\"2025-11-26T17:01:36+00:00\",\"description\":\"Verborgener Mini-Ohrh\u00f6rer f\u00fcr Pr\u00fcfungen. Hohe Klangqualit\u00e4t, funktioniert st\u00f6rungsfrei. Einfache Handhabung, Ohrh\u00f6rergr\u00f6\u00dfe nur 4 mm. Kostenloser Versand innerhalb von 2 Tagen.\",\"breadcrumb\":{\"@id\":\"https:\\\/\\\/www.ortungsgerate.de\\\/16-abhoergeraete\\\/hochwertiger-geheimer-bluetooth-ohrhoerer-fuer-pruefungen\\\/#breadcrumb\"},\"inLanguage\":\"ru-RU\",\"potentialAction\":[{\"@type\":\"ReadAction\",\"target\":[\"https:\\\/\\\/www.ortungsgerate.de\\\/16-abhoergeraete\\\/hochwertiger-geheimer-bluetooth-ohrhoerer-fuer-pruefungen\\\/\"]}]},{\"@type\":\"ImageObject\",\"inLanguage\":\"ru-RU\",\"@id\":\"https:\\\/\\\/www.ortungsgerate.de\\\/16-abhoergeraete\\\/hochwertiger-geheimer-bluetooth-ohrhoerer-fuer-pruefungen\\\/#primaryimage\",\"url\":\"https:\\\/\\\/www.ortungsgerate.de\\\/wp-content\\\/uploads\\\/ausine-egzaminams-mini-blueatooth.jpg\",\"contentUrl\":\"https:\\\/\\\/www.ortungsgerate.de\\\/wp-content\\\/uploads\\\/ausine-egzaminams-mini-blueatooth.jpg\",\"width\":463,\"height\":644,\"caption\":\"Mini Bluetooth-Pr\u00fcfungsohrh\u00f6rer\"},{\"@type\":\"BreadcrumbList\",\"@id\":\"https:\\\/\\\/www.ortungsgerate.de\\\/16-abhoergeraete\\\/hochwertiger-geheimer-bluetooth-ohrhoerer-fuer-pruefungen\\\/#breadcrumb\",\"itemListElement\":[{\"@type\":\"ListItem\",\"position\":1,\"name\":\"Startseite\",\"item\":\"https:\\\/\\\/www.ortungsgerate.de\\\/\"},{\"@type\":\"ListItem\",\"position\":2,\"name\":\"Shop\",\"item\":\"https:\\\/\\\/www.ortungsgerate.de\\\/shop\\\/\"},{\"@type\":\"ListItem\",\"position\":3,\"name\":\"Hochwertiger geheimer Bluetooth-Ohrh\u00f6rer f\u00fcr Pr\u00fcfungen\"}]},{\"@type\":\"WebSite\",\"@id\":\"https:\\\/\\\/www.ortungsgerate.de\\\/#website\",\"url\":\"https:\\\/\\\/www.ortungsgerate.de\\\/\",\"name\":\"Ortungsgerate.de\",\"description\":\"\",\"publisher\":{\"@id\":\"https:\\\/\\\/www.ortungsgerate.de\\\/#organization\"},\"potentialAction\":[{\"@type\":\"SearchAction\",\"target\":{\"@type\":\"EntryPoint\",\"urlTemplate\":\"https:\\\/\\\/www.ortungsgerate.de\\\/?s={search_term_string}\"},\"query-input\":{\"@type\":\"PropertyValueSpecification\",\"valueRequired\":true,\"valueName\":\"search_term_string\"}}],\"inLanguage\":\"ru-RU\"},{\"@type\":\"Organization\",\"@id\":\"https:\\\/\\\/www.ortungsgerate.de\\\/#organization\",\"name\":\"Ortungsgerate.de\",\"url\":\"https:\\\/\\\/www.ortungsgerate.de\\\/\",\"logo\":{\"@type\":\"ImageObject\",\"inLanguage\":\"ru-RU\",\"@id\":\"https:\\\/\\\/www.ortungsgerate.de\\\/#\\\/schema\\\/logo\\\/image\\\/\",\"url\":\"https:\\\/\\\/www.ortungsgerate.de\\\/wp-content\\\/uploads\\\/ortungsgerate.png\",\"contentUrl\":\"https:\\\/\\\/www.ortungsgerate.de\\\/wp-content\\\/uploads\\\/ortungsgerate.png\",\"width\":500,\"height\":135,\"caption\":\"Ortungsgerate.de\"},\"image\":{\"@id\":\"https:\\\/\\\/www.ortungsgerate.de\\\/#\\\/schema\\\/logo\\\/image\\\/\"}}]}<\/script>\n<!-- \/ Yoast SEO Premium plugin. -->","yoast_head_json":{"title":"Verborgener Ohrh\u00f6rer f\u00fcr Pr\u00fcfungen Mikro - Sekimoiranga.lt","description":"Verborgener Mini-Ohrh\u00f6rer f\u00fcr Pr\u00fcfungen. Hohe Klangqualit\u00e4t, funktioniert st\u00f6rungsfrei. Einfache Handhabung, Ohrh\u00f6rergr\u00f6\u00dfe nur 4 mm. Kostenloser Versand innerhalb von 2 Tagen.","robots":{"index":"index","follow":"follow","max-snippet":"max-snippet:-1","max-image-preview":"max-image-preview:large","max-video-preview":"max-video-preview:-1"},"canonical":"https:\/\/www.ortungsgerate.de\/ru\/16-proslushivayushcheye-oborudovaniye-2\/vysokokachestvennyy-sekretnyy-bluetooth-naushnik-dlya-ekzamenov\/","og_locale":"ru_RU","og_type":"article","og_title":"Hochwertiger geheimer Bluetooth-Ohrh\u00f6rer f\u00fcr Pr\u00fcfungen","og_description":"Verborgener Mini-Ohrh\u00f6rer f\u00fcr Pr\u00fcfungen. Hohe Klangqualit\u00e4t, funktioniert st\u00f6rungsfrei. Einfache Handhabung, Ohrh\u00f6rergr\u00f6\u00dfe nur 4 mm. Kostenloser Versand innerhalb von 2 Tagen.","og_url":"https:\/\/www.ortungsgerate.de\/ru\/16-proslushivayushcheye-oborudovaniye-2\/vysokokachestvennyy-sekretnyy-bluetooth-naushnik-dlya-ekzamenov\/","og_site_name":"Ortungsger\u00e4te.de","article_modified_time":"2025-11-26T17:01:36+00:00","og_image":[{"width":463,"height":644,"url":"https:\/\/www.ortungsgerate.de\/wp-content\/uploads\/ausine-egzaminams-mini-blueatooth.jpg","type":"image\/jpeg"}],"twitter_card":"summary_large_image","twitter_misc":{"\u041f\u0440\u0438\u043c\u0435\u0440\u043d\u043e\u0435 \u0432\u0440\u0435\u043c\u044f \u0434\u043b\u044f \u0447\u0442\u0435\u043d\u0438\u044f":"2 \u043c\u0438\u043d\u0443\u0442\u044b"},"schema":{"@context":"https:\/\/schema.org","@graph":[{"@type":"WebPage","@id":"https:\/\/www.ortungsgerate.de\/16-abhoergeraete\/hochwertiger-geheimer-bluetooth-ohrhoerer-fuer-pruefungen\/","url":"https:\/\/www.ortungsgerate.de\/16-abhoergeraete\/hochwertiger-geheimer-bluetooth-ohrhoerer-fuer-pruefungen\/","name":"Verborgener Ohrh\u00f6rer f\u00fcr Pr\u00fcfungen Mikro - Sekimoiranga.lt","isPartOf":{"@id":"https:\/\/www.ortungsgerate.de\/#website"},"primaryImageOfPage":{"@id":"https:\/\/www.ortungsgerate.de\/16-abhoergeraete\/hochwertiger-geheimer-bluetooth-ohrhoerer-fuer-pruefungen\/#primaryimage"},"image":{"@id":"https:\/\/www.ortungsgerate.de\/16-abhoergeraete\/hochwertiger-geheimer-bluetooth-ohrhoerer-fuer-pruefungen\/#primaryimage"},"thumbnailUrl":"https:\/\/www.ortungsgerate.de\/wp-content\/uploads\/ausine-egzaminams-mini-blueatooth.jpg","datePublished":"2024-02-06T19:38:42+00:00","dateModified":"2025-11-26T17:01:36+00:00","description":"Verborgener Mini-Ohrh\u00f6rer f\u00fcr Pr\u00fcfungen. Hohe Klangqualit\u00e4t, funktioniert st\u00f6rungsfrei. Einfache Handhabung, Ohrh\u00f6rergr\u00f6\u00dfe nur 4 mm. Kostenloser Versand innerhalb von 2 Tagen.","breadcrumb":{"@id":"https:\/\/www.ortungsgerate.de\/16-abhoergeraete\/hochwertiger-geheimer-bluetooth-ohrhoerer-fuer-pruefungen\/#breadcrumb"},"inLanguage":"ru-RU","potentialAction":[{"@type":"ReadAction","target":["https:\/\/www.ortungsgerate.de\/16-abhoergeraete\/hochwertiger-geheimer-bluetooth-ohrhoerer-fuer-pruefungen\/"]}]},{"@type":"ImageObject","inLanguage":"ru-RU","@id":"https:\/\/www.ortungsgerate.de\/16-abhoergeraete\/hochwertiger-geheimer-bluetooth-ohrhoerer-fuer-pruefungen\/#primaryimage","url":"https:\/\/www.ortungsgerate.de\/wp-content\/uploads\/ausine-egzaminams-mini-blueatooth.jpg","contentUrl":"https:\/\/www.ortungsgerate.de\/wp-content\/uploads\/ausine-egzaminams-mini-blueatooth.jpg","width":463,"height":644,"caption":"Mini Bluetooth-Pr\u00fcfungsohrh\u00f6rer"},{"@type":"BreadcrumbList","@id":"https:\/\/www.ortungsgerate.de\/16-abhoergeraete\/hochwertiger-geheimer-bluetooth-ohrhoerer-fuer-pruefungen\/#breadcrumb","itemListElement":[{"@type":"ListItem","position":1,"name":"Startseite","item":"https:\/\/www.ortungsgerate.de\/"},{"@type":"ListItem","position":2,"name":"Shop","item":"https:\/\/www.ortungsgerate.de\/shop\/"},{"@type":"ListItem","position":3,"name":"Hochwertiger geheimer Bluetooth-Ohrh\u00f6rer f\u00fcr Pr\u00fcfungen"}]},{"@type":"WebSite","@id":"https:\/\/www.ortungsgerate.de\/#website","url":"https:\/\/www.ortungsgerate.de\/","name":"Ortungsgerate.de","description":"","publisher":{"@id":"https:\/\/www.ortungsgerate.de\/#organization"},"potentialAction":[{"@type":"SearchAction","target":{"@type":"EntryPoint","urlTemplate":"https:\/\/www.ortungsgerate.de\/?s={search_term_string}"},"query-input":{"@type":"PropertyValueSpecification","valueRequired":true,"valueName":"search_term_string"}}],"inLanguage":"ru-RU"},{"@type":"Organization","@id":"https:\/\/www.ortungsgerate.de\/#organization","name":"Ortungsgerate.de","url":"https:\/\/www.ortungsgerate.de\/","logo":{"@type":"ImageObject","inLanguage":"ru-RU","@id":"https:\/\/www.ortungsgerate.de\/#\/schema\/logo\/image\/","url":"https:\/\/www.ortungsgerate.de\/wp-content\/uploads\/ortungsgerate.png","contentUrl":"https:\/\/www.ortungsgerate.de\/wp-content\/uploads\/ortungsgerate.png","width":500,"height":135,"caption":"Ortungsgerate.de"},"image":{"@id":"https:\/\/www.ortungsgerate.de\/#\/schema\/logo\/image\/"}}]}},"_links":{"self":[{"href":"https:\/\/www.ortungsgerate.de\/ru\/wp-json\/wp\/v2\/product\/16419","targetHints":{"allow":["GET"]}}],"collection":[{"href":"https:\/\/www.ortungsgerate.de\/ru\/wp-json\/wp\/v2\/product"}],"about":[{"href":"https:\/\/www.ortungsgerate.de\/ru\/wp-json\/wp\/v2\/types\/product"}],"version-history":[{"count":0,"href":"https:\/\/www.ortungsgerate.de\/ru\/wp-json\/wp\/v2\/product\/16419\/revisions"}],"wp:featuredmedia":[{"embeddable":true,"href":"https:\/\/www.ortungsgerate.de\/ru\/wp-json\/wp\/v2\/media\/26480"}],"wp:attachment":[{"href":"https:\/\/www.ortungsgerate.de\/ru\/wp-json\/wp\/v2\/media?parent=16419"}],"wp:term":[{"taxonomy":"brand","embeddable":true,"href":"https:\/\/www.ortungsgerate.de\/ru\/wp-json\/wp\/v2\/etheme_brands?post=16419"},{"taxonomy":"product_brand","embeddable":true,"href":"https:\/\/www.ortungsgerate.de\/ru\/wp-json\/wp\/v2\/product_brand?post=16419"},{"taxonomy":"product_cat","embeddable":true,"href":"https:\/\/www.ortungsgerate.de\/ru\/wp-json\/wp\/v2\/product_cat?post=16419"},{"taxonomy":"product_tag","embeddable":true,"href":"https:\/\/www.ortungsgerate.de\/ru\/wp-json\/wp\/v2\/product_tag?post=16419"}],"curies":[{"name":"wp","href":"https:\/\/api.w.org\/{rel}","templated":true}]}}