{"id":16421,"date":"2024-02-06T21:37:30","date_gmt":"2024-02-06T19:37:30","guid":{"rendered":"https:\/\/ortungsgerate.de\/be-kategorijos\/powerbank-5000mah-su-imontuota-slapta-kamera-wi-fi\/"},"modified":"2025-12-01T11:26:01","modified_gmt":"2025-12-01T10:26:01","slug":"powerbank-5000mah-s-vstroennoy-skrytoy-wi-fi-kameroy","status":"publish","type":"product","link":"https:\/\/www.ortungsgerate.de\/ru\/12-skrytyje-kamery\/17-zamaskirovanyje-kamery\/powerbank-5000mah-s-vstroennoy-skrytoy-wi-fi-kameroy\/","title":{"rendered":"Powerbank 5000mAh \u0441 \u0432\u0441\u0442\u0440\u043e\u0435\u043d\u043d\u043e\u0439 \u0441\u043a\u0440\u044b\u0442\u043e\u0439 Wi\u2011Fi \u043a\u0430\u043c\u0435\u0440\u043e\u0439"},"content":{"rendered":"<h3><strong>\u0422\u0435\u0445\u043d\u0438\u0447\u0435\u0441\u043a\u0438\u0435 \u043f\u0430\u0440\u0430\u043c\u0435\u0442\u0440\u044b:<\/strong><\/h3>\n<ul>\n<li>Fernansicht des Videos: JA<\/li>\n<li>Videoaufzeichnung mit Ton (gibt keinerlei Ger\u00e4usche von sich)<\/li>\n<li>Prozessor: GM8135<\/li>\n<li>Optik: 1\/3 CMOS<\/li>\n<li>3 Nachtsicht-LEDs<\/li>\n<li>Videoqualit\u00e4t: Live-Ansicht: HD 1920*1080<\/li>\n<li>Sichtwinkel: 120 Grad<\/li>\n<li>Bildrate: 15FPS<\/li>\n<li>\u0423\u0432\u0435\u0434\u043e\u043c\u043b\u0435\u043d\u0438\u044f \u043f\u0440\u0438 \u043e\u0431\u043d\u0430\u0440\u0443\u0436\u0435\u043d\u0438\u0438 \u0434\u0432\u0438\u0436\u0435\u043d\u0438\u044f (Push-\u0443\u0432\u0435\u0434\u043e\u043c\u043b\u0435\u043d\u0438\u0435)<\/li>\n<li>Speicherkartenunterst\u00fctzung: von 4GB bis 128 GB (Speicherkarte nicht im Set enthalten)<\/li>\n<li>Video\u00fcberwachung: per Telefon oder Computer (Live \u00fcber das Internet)<\/li>\n<li>Kann als Ladeger\u00e4t f\u00fcr Mobiltelefone verwendet werden<\/li>\n<li>Videoaufzeichnung bei Bewegung<\/li>\n<li>\u041e\u0431\u043d\u0430\u0440\u0443\u0436\u0435\u043d\u0438\u0435 \u0434\u0432\u0438\u0436\u0435\u043d\u0438\u044f: \u0414\u0410, \u0446\u0438\u0444\u0440\u043e\u0432\u043e\u0435<\/li>\n<li>\u0424\u043e\u0440\u043c\u0430\u0442 \u0441\u0436\u0430\u0442\u0438\u044f: AVI H.264<\/li>\n<li>\u0412\u0438\u0434\u0435\u043e \u0444\u043e\u0440\u043c\u0430\u0442: Avi<\/li>\n<li>Systeme: \u201eiOS\u201d, \u201eAndroid\u201d, \u201eWindows\u201d, \u201eWindows 7 \/ 8 \/ 10\u201d<\/li>\n<li>App: vorhanden<\/li>\n<li>Stromversorgung: \u00fcber Netzstrom (Steckdose) oder \u00fcber den internen Akku<\/li>\n<li>Ohne externe Stromquelle kann das Ger\u00e4t ca. 10 Stunden arbeiten<\/li>\n<li>Wi-Fi: Vorhanden<\/li>\n<li><strong>\u0413\u0410\u0420\u0410\u041d\u0422\u0418\u042f 12 \u043c\u0435\u0441\u044f\u0446\u0435\u0432<\/strong><\/li>\n<\/ul>\n<p><span style=\"color: #d0121a;\"><\/span><\/p>\n<p><strong>PowerBank mit versteckter Kamera und Wi-Fi-Funktion<\/strong><\/p>\n<p>PowerBank \u2013 das ist ein externer Akku, der beim Aufladen verschiedener Ger\u00e4te hilft, wenn Sie keine M\u00f6glichkeit haben, eine Steckdose zu nutzen. Dieses Ger\u00e4t wird im Alltag immer h\u00e4ufiger eingesetzt, daher kann ein externer Akku mit integrierter, getarnter Kamerafunktion auch dann eine der vorteilhaftesten Optionen sein, wenn Sie eine versteckte Kamera verwenden m\u00f6chten. Ein solches Ger\u00e4t kann in sehr vielen Situationen eingesetzt werden, sodass diese Wahl besonders g\u00fcnstig ist, wenn Sie Beweise sammeln oder Ihre Zweifel ausr\u00e4umen m\u00f6chten.<\/p>\n<p><strong>M\u00f6glichkeit zur Live-Ansicht der Aufnahmen<\/strong><\/p>\n<p>Die Kamera mit Wi-Fi-Funktion bietet die M\u00f6glichkeit, die aufgezeichneten Bilder in Echtzeit zu verfolgen. Ganz gleich, wo Sie sich befinden, Sie m\u00fcssen sich nur mit dem Internet verbinden, um zu sehen, was gerade in der \u00fcberwachten Umgebung geschieht. Nat\u00fcrlich ist es nicht immer erforderlich, die \u00fcberwachte Umgebung permanent zu kontrollieren, daher verf\u00fcgt diese versteckte Kamera \u00fcber eine weitere sehr wichtige Funktion \u2013 die Bewegungserkennung. Diese Funktion erkennt Bewegungen im \u00fcberwachten Bereich und informiert Sie dar\u00fcber per Benachrichtigung, sodass Sie sicher sein k\u00f6nnen, nichts Wichtiges zu verpassen. Sobald Sie eine Benachrichtigung auf Ihrem Telefon erhalten, k\u00f6nnen Sie sofort pr\u00fcfen, was gerade im \u00fcberwachten Raum passiert; so k\u00f6nnen Sie die Video\u00fcberwachung genau dann einschalten, wenn es am n\u00f6tigsten ist.<\/p>\n<p><strong>Hochwertige Videoaufzeichnung<\/strong><\/p>\n<p>Bei der Videoaufzeichnung ist es immer wichtig, dass die Qualit\u00e4t der Aufnahmen ausreichend hoch ist \u2013 diese in den externen Akku integrierte versteckte Kamera wird Sie in dieser Hinsicht nicht entt\u00e4uschen. Sie \u00fcberzeugt nicht nur dadurch, dass sie bei guter Ausleuchtung hochwertige Videoaufnahmen liefert: Das Ger\u00e4t verf\u00fcgt zudem \u00fcber eine Nachtsichtfunktion, die gew\u00e4hrleistet, dass Bilder zu jeder Tages- und Nachtzeit aufgezeichnet werden k\u00f6nnen. W\u00e4hrend einige versteckte Kameras nur bei guter Beleuchtung aufnehmen k\u00f6nnen, darf man nicht vergessen, dass auch in der Dunkelheit etwas Wichtiges passieren kann. Diese \u00dcberwachungskamera kann daher rund um die Uhr kontinuierlich Videoaufnahmen aufzeichnen.<\/p>\n<p><strong>Lange Standby-Zeit des Akkus<\/strong><\/p>\n<p>Der externe Akku mit versteckter Kamera \u00fcberzeugt zudem durch eine sehr lange Standby-Zeit. Die versteckte Kamera zeichnet ununterbrochen bis zu 8 Stunden Video auf, sodass Sie in diesem Zeitraum tats\u00e4chlich eine gro\u00dfe Menge an Informationen sammeln k\u00f6nnen. Unabh\u00e4ngig davon, zu welchen Zwecken Sie dieses verdeckte Ger\u00e4t einsetzen, k\u00f6nnen Sie sicher sein, dass es Ihnen hilft, Zweifel zu zerstreuen. Manchmal kommt es vor, dass die Videoaufzeichnung einer Kamera durch einen leeren Akku unterbrochen wird, doch in diesem Fall wird das ganz sicher nicht passieren.<\/p>\n<p><strong>Vielf\u00e4ltige Einsatzm\u00f6glichkeiten<\/strong><\/p>\n<p>In verschiedene Alltagsgegenst\u00e4nde integrierte versteckte Kameras k\u00f6nnen in sehr vielen Situationen n\u00fctzlich sein; ihre Einsatzm\u00f6glichkeiten werden im Wesentlichen nur durch Ihre Bed\u00fcrfnisse und Ihre Fantasie begrenzt. Zum Beispiel kann ein externer Akku mit versteckter Kamera im B\u00fcro eingesetzt werden: Wenn Sie sicherstellen m\u00f6chten, dass sich die Mitarbeiter wirklich ehrlich verhalten, hilft Ihnen dieses Ger\u00e4t, dies herauszufinden. Die versteckte Kamera kann auch in Ihrem Zuhause verwendet werden: Dieses Ger\u00e4t hilft zu kl\u00e4ren, ob Ihr Partner treu ist, und tr\u00e4gt dazu bei, Zweifel auszur\u00e4umen, ob Personen, die zu Ihnen nach Hause kommen (Babysitter, Haushaltshilfen usw.), sich ehrlich verhalten. Alle Eltern wollen die Sicherheit ihrer Kinder gew\u00e4hrleisten, daher erm\u00f6glicht diese versteckte Kamera auch herauszufinden, womit sich die Kinder besch\u00e4ftigen, wenn sie allein zu Hause bleiben.<\/p>\n<p><strong>Funktionales Ger\u00e4t<\/strong><\/p>\n<p>Der externe Akku mit versteckter Kamera dient nicht nur als verdecktes Aufzeichnungsger\u00e4t, sondern auch als herk\u00f6mmlicher PowerBank. Sie k\u00f6nnen dieses Ger\u00e4t nicht nur verwenden, wenn Sie heimlich Videoaufnahmen machen m\u00f6chten, sondern auch dann, wenn Sie Ihr Telefon oder ein anderes t\u00e4glich genutztes Ger\u00e4t aufladen m\u00fcssen.<\/p>","protected":false},"excerpt":{"rendered":"<p>Technische Parameter: Fernansicht des Videos: JA Videoaufzeichnung mit Ton (gibt keinerlei Ger\u00e4usche von sich) Prozessor: GM8135 Optik: 1\/3 CMOS 3 Nachtsicht-LEDs Videoqualit\u00e4t: Live-Ansicht: HD 1920*1080&#8230;<\/p>","protected":false},"featured_media":26360,"template":"","meta":[],"etheme_brands":[],"product_brand":[],"product_cat":[204,203,205],"product_tag":[42,707,705,690,693],"class_list":{"0":"post-16421","1":"product","2":"type-product","3":"status-publish","4":"has-post-thumbnail","6":"product_cat-17-getarnte-kameras","7":"product_cat-12-versteckte-kameras","8":"product_cat-27-wlan-minikameras","9":"product_tag-kamera","10":"product_tag-kamera-uhr","11":"product_tag-ueberwachungskamera","12":"product_tag-versteckte-kamera","13":"product_tag-wlan-kamera","14":"pa_typ-externe-akkus-powerbank","16":"first","17":"instock","18":"taxable","19":"shipping-taxable","20":"purchasable","21":"product-type-simple"},"yoast_head":"<!-- This site is optimized with the Yoast SEO Premium plugin v25.9 (Yoast SEO v27.4) - https:\/\/yoast.com\/product\/yoast-seo-premium-wordpress\/ -->\n<title>Powerbank 5000mAh versteckte Kamera Wi Fi Sekimoiranga.lt<\/title>\n<meta name=\"description\" content=\"Versteckte Video\u00fcberwachungskamera, in eine Powerbank\u2011Powerbank integriert. Live\u2011Bild\u00fcbertragung \u00fcber das Internet m\u00f6glich, ger\u00e4uschloser Betrieb. Artikel auf Lager\" \/>\n<meta name=\"robots\" content=\"index, follow, max-snippet:-1, max-image-preview:large, max-video-preview:-1\" \/>\n<link rel=\"canonical\" href=\"https:\/\/www.ortungsgerate.de\/ru\/12-skrytyje-kamery\/27-wlan-mini-kamery\/powerbank-5000mah-s-vstroennoy-skrytoy-wi-fi-kameroy\/\" \/>\n<meta property=\"og:locale\" content=\"ru_RU\" \/>\n<meta property=\"og:type\" content=\"article\" \/>\n<meta property=\"og:title\" content=\"Powerbank 5000mAh mit integrierter versteckter Wi\u2011Fi Kamera\" \/>\n<meta property=\"og:description\" content=\"Versteckte Video\u00fcberwachungskamera, in eine Powerbank\u2011Powerbank integriert. Live\u2011Bild\u00fcbertragung \u00fcber das Internet m\u00f6glich, ger\u00e4uschloser Betrieb. Artikel auf Lager\" \/>\n<meta property=\"og:url\" content=\"https:\/\/www.ortungsgerate.de\/ru\/12-skrytyje-kamery\/27-wlan-mini-kamery\/powerbank-5000mah-s-vstroennoy-skrytoy-wi-fi-kameroy\/\" \/>\n<meta property=\"og:site_name\" content=\"Ortungsger\u00e4te.de\" \/>\n<meta property=\"article:modified_time\" content=\"2025-12-01T10:26:01+00:00\" \/>\n<meta property=\"og:image\" content=\"https:\/\/www.ortungsgerate.de\/wp-content\/uploads\/isorine-baterija-powerbank-slapta-kamera.jpg\" \/>\n\t<meta property=\"og:image:width\" content=\"458\" \/>\n\t<meta property=\"og:image:height\" content=\"458\" \/>\n\t<meta property=\"og:image:type\" content=\"image\/jpeg\" \/>\n<meta name=\"twitter:card\" content=\"summary_large_image\" \/>\n<meta name=\"twitter:label1\" content=\"\u041f\u0440\u0438\u043c\u0435\u0440\u043d\u043e\u0435 \u0432\u0440\u0435\u043c\u044f \u0434\u043b\u044f \u0447\u0442\u0435\u043d\u0438\u044f\" \/>\n\t<meta name=\"twitter:data1\" content=\"4 \u043c\u0438\u043d\u0443\u0442\u044b\" \/>\n<script type=\"application\/ld+json\" class=\"yoast-schema-graph\">{\"@context\":\"https:\\\/\\\/schema.org\",\"@graph\":[{\"@type\":\"WebPage\",\"@id\":\"https:\\\/\\\/www.ortungsgerate.de\\\/12-versteckte-kameras\\\/27-wlan-minikameras\\\/powerbank-5000mah-mit-integrierter-versteckter-wi%e2%80%91fi-kamera\\\/\",\"url\":\"https:\\\/\\\/www.ortungsgerate.de\\\/12-versteckte-kameras\\\/27-wlan-minikameras\\\/powerbank-5000mah-mit-integrierter-versteckter-wi%e2%80%91fi-kamera\\\/\",\"name\":\"Powerbank 5000mAh versteckte Kamera Wi Fi Sekimoiranga.lt\",\"isPartOf\":{\"@id\":\"https:\\\/\\\/www.ortungsgerate.de\\\/#website\"},\"primaryImageOfPage\":{\"@id\":\"https:\\\/\\\/www.ortungsgerate.de\\\/12-versteckte-kameras\\\/27-wlan-minikameras\\\/powerbank-5000mah-mit-integrierter-versteckter-wi%e2%80%91fi-kamera\\\/#primaryimage\"},\"image\":{\"@id\":\"https:\\\/\\\/www.ortungsgerate.de\\\/12-versteckte-kameras\\\/27-wlan-minikameras\\\/powerbank-5000mah-mit-integrierter-versteckter-wi%e2%80%91fi-kamera\\\/#primaryimage\"},\"thumbnailUrl\":\"https:\\\/\\\/www.ortungsgerate.de\\\/wp-content\\\/uploads\\\/isorine-baterija-powerbank-slapta-kamera.jpg\",\"datePublished\":\"2024-02-06T19:37:30+00:00\",\"dateModified\":\"2025-12-01T10:26:01+00:00\",\"description\":\"Versteckte Video\u00fcberwachungskamera, in eine Powerbank\u2011Powerbank integriert. Live\u2011Bild\u00fcbertragung \u00fcber das Internet m\u00f6glich, ger\u00e4uschloser Betrieb. Artikel auf Lager\",\"breadcrumb\":{\"@id\":\"https:\\\/\\\/www.ortungsgerate.de\\\/12-versteckte-kameras\\\/27-wlan-minikameras\\\/powerbank-5000mah-mit-integrierter-versteckter-wi%e2%80%91fi-kamera\\\/#breadcrumb\"},\"inLanguage\":\"ru-RU\",\"potentialAction\":[{\"@type\":\"ReadAction\",\"target\":[\"https:\\\/\\\/www.ortungsgerate.de\\\/12-versteckte-kameras\\\/27-wlan-minikameras\\\/powerbank-5000mah-mit-integrierter-versteckter-wi%e2%80%91fi-kamera\\\/\"]}]},{\"@type\":\"ImageObject\",\"inLanguage\":\"ru-RU\",\"@id\":\"https:\\\/\\\/www.ortungsgerate.de\\\/12-versteckte-kameras\\\/27-wlan-minikameras\\\/powerbank-5000mah-mit-integrierter-versteckter-wi%e2%80%91fi-kamera\\\/#primaryimage\",\"url\":\"https:\\\/\\\/www.ortungsgerate.de\\\/wp-content\\\/uploads\\\/isorine-baterija-powerbank-slapta-kamera.jpg\",\"contentUrl\":\"https:\\\/\\\/www.ortungsgerate.de\\\/wp-content\\\/uploads\\\/isorine-baterija-powerbank-slapta-kamera.jpg\",\"width\":458,\"height\":458,\"caption\":\"Externe Batterie Powerbank versteckte Kamera\"},{\"@type\":\"BreadcrumbList\",\"@id\":\"https:\\\/\\\/www.ortungsgerate.de\\\/12-versteckte-kameras\\\/27-wlan-minikameras\\\/powerbank-5000mah-mit-integrierter-versteckter-wi%e2%80%91fi-kamera\\\/#breadcrumb\",\"itemListElement\":[{\"@type\":\"ListItem\",\"position\":1,\"name\":\"Startseite\",\"item\":\"https:\\\/\\\/www.ortungsgerate.de\\\/\"},{\"@type\":\"ListItem\",\"position\":2,\"name\":\"Shop\",\"item\":\"https:\\\/\\\/www.ortungsgerate.de\\\/shop\\\/\"},{\"@type\":\"ListItem\",\"position\":3,\"name\":\"Powerbank 5000mAh mit integrierter versteckter Wi\u2011Fi Kamera\"}]},{\"@type\":\"WebSite\",\"@id\":\"https:\\\/\\\/www.ortungsgerate.de\\\/#website\",\"url\":\"https:\\\/\\\/www.ortungsgerate.de\\\/\",\"name\":\"Ortungsgerate.de\",\"description\":\"\",\"publisher\":{\"@id\":\"https:\\\/\\\/www.ortungsgerate.de\\\/#organization\"},\"potentialAction\":[{\"@type\":\"SearchAction\",\"target\":{\"@type\":\"EntryPoint\",\"urlTemplate\":\"https:\\\/\\\/www.ortungsgerate.de\\\/?s={search_term_string}\"},\"query-input\":{\"@type\":\"PropertyValueSpecification\",\"valueRequired\":true,\"valueName\":\"search_term_string\"}}],\"inLanguage\":\"ru-RU\"},{\"@type\":\"Organization\",\"@id\":\"https:\\\/\\\/www.ortungsgerate.de\\\/#organization\",\"name\":\"Ortungsgerate.de\",\"url\":\"https:\\\/\\\/www.ortungsgerate.de\\\/\",\"logo\":{\"@type\":\"ImageObject\",\"inLanguage\":\"ru-RU\",\"@id\":\"https:\\\/\\\/www.ortungsgerate.de\\\/#\\\/schema\\\/logo\\\/image\\\/\",\"url\":\"https:\\\/\\\/www.ortungsgerate.de\\\/wp-content\\\/uploads\\\/ortungsgerate.png\",\"contentUrl\":\"https:\\\/\\\/www.ortungsgerate.de\\\/wp-content\\\/uploads\\\/ortungsgerate.png\",\"width\":500,\"height\":135,\"caption\":\"Ortungsgerate.de\"},\"image\":{\"@id\":\"https:\\\/\\\/www.ortungsgerate.de\\\/#\\\/schema\\\/logo\\\/image\\\/\"}}]}<\/script>\n<!-- \/ Yoast SEO Premium plugin. -->","yoast_head_json":{"title":"Powerbank 5000mAh versteckte Kamera Wi Fi Sekimoiranga.lt","description":"Versteckte Video\u00fcberwachungskamera, in eine Powerbank\u2011Powerbank integriert. Live\u2011Bild\u00fcbertragung \u00fcber das Internet m\u00f6glich, ger\u00e4uschloser Betrieb. Artikel auf Lager","robots":{"index":"index","follow":"follow","max-snippet":"max-snippet:-1","max-image-preview":"max-image-preview:large","max-video-preview":"max-video-preview:-1"},"canonical":"https:\/\/www.ortungsgerate.de\/ru\/12-skrytyje-kamery\/27-wlan-mini-kamery\/powerbank-5000mah-s-vstroennoy-skrytoy-wi-fi-kameroy\/","og_locale":"ru_RU","og_type":"article","og_title":"Powerbank 5000mAh mit integrierter versteckter Wi\u2011Fi Kamera","og_description":"Versteckte Video\u00fcberwachungskamera, in eine Powerbank\u2011Powerbank integriert. Live\u2011Bild\u00fcbertragung \u00fcber das Internet m\u00f6glich, ger\u00e4uschloser Betrieb. Artikel auf Lager","og_url":"https:\/\/www.ortungsgerate.de\/ru\/12-skrytyje-kamery\/27-wlan-mini-kamery\/powerbank-5000mah-s-vstroennoy-skrytoy-wi-fi-kameroy\/","og_site_name":"Ortungsger\u00e4te.de","article_modified_time":"2025-12-01T10:26:01+00:00","og_image":[{"width":458,"height":458,"url":"https:\/\/www.ortungsgerate.de\/wp-content\/uploads\/isorine-baterija-powerbank-slapta-kamera.jpg","type":"image\/jpeg"}],"twitter_card":"summary_large_image","twitter_misc":{"\u041f\u0440\u0438\u043c\u0435\u0440\u043d\u043e\u0435 \u0432\u0440\u0435\u043c\u044f \u0434\u043b\u044f \u0447\u0442\u0435\u043d\u0438\u044f":"4 \u043c\u0438\u043d\u0443\u0442\u044b"},"schema":{"@context":"https:\/\/schema.org","@graph":[{"@type":"WebPage","@id":"https:\/\/www.ortungsgerate.de\/12-versteckte-kameras\/27-wlan-minikameras\/powerbank-5000mah-mit-integrierter-versteckter-wi%e2%80%91fi-kamera\/","url":"https:\/\/www.ortungsgerate.de\/12-versteckte-kameras\/27-wlan-minikameras\/powerbank-5000mah-mit-integrierter-versteckter-wi%e2%80%91fi-kamera\/","name":"Powerbank 5000mAh versteckte Kamera Wi Fi Sekimoiranga.lt","isPartOf":{"@id":"https:\/\/www.ortungsgerate.de\/#website"},"primaryImageOfPage":{"@id":"https:\/\/www.ortungsgerate.de\/12-versteckte-kameras\/27-wlan-minikameras\/powerbank-5000mah-mit-integrierter-versteckter-wi%e2%80%91fi-kamera\/#primaryimage"},"image":{"@id":"https:\/\/www.ortungsgerate.de\/12-versteckte-kameras\/27-wlan-minikameras\/powerbank-5000mah-mit-integrierter-versteckter-wi%e2%80%91fi-kamera\/#primaryimage"},"thumbnailUrl":"https:\/\/www.ortungsgerate.de\/wp-content\/uploads\/isorine-baterija-powerbank-slapta-kamera.jpg","datePublished":"2024-02-06T19:37:30+00:00","dateModified":"2025-12-01T10:26:01+00:00","description":"Versteckte Video\u00fcberwachungskamera, in eine Powerbank\u2011Powerbank integriert. Live\u2011Bild\u00fcbertragung \u00fcber das Internet m\u00f6glich, ger\u00e4uschloser Betrieb. Artikel auf Lager","breadcrumb":{"@id":"https:\/\/www.ortungsgerate.de\/12-versteckte-kameras\/27-wlan-minikameras\/powerbank-5000mah-mit-integrierter-versteckter-wi%e2%80%91fi-kamera\/#breadcrumb"},"inLanguage":"ru-RU","potentialAction":[{"@type":"ReadAction","target":["https:\/\/www.ortungsgerate.de\/12-versteckte-kameras\/27-wlan-minikameras\/powerbank-5000mah-mit-integrierter-versteckter-wi%e2%80%91fi-kamera\/"]}]},{"@type":"ImageObject","inLanguage":"ru-RU","@id":"https:\/\/www.ortungsgerate.de\/12-versteckte-kameras\/27-wlan-minikameras\/powerbank-5000mah-mit-integrierter-versteckter-wi%e2%80%91fi-kamera\/#primaryimage","url":"https:\/\/www.ortungsgerate.de\/wp-content\/uploads\/isorine-baterija-powerbank-slapta-kamera.jpg","contentUrl":"https:\/\/www.ortungsgerate.de\/wp-content\/uploads\/isorine-baterija-powerbank-slapta-kamera.jpg","width":458,"height":458,"caption":"Externe Batterie Powerbank versteckte Kamera"},{"@type":"BreadcrumbList","@id":"https:\/\/www.ortungsgerate.de\/12-versteckte-kameras\/27-wlan-minikameras\/powerbank-5000mah-mit-integrierter-versteckter-wi%e2%80%91fi-kamera\/#breadcrumb","itemListElement":[{"@type":"ListItem","position":1,"name":"Startseite","item":"https:\/\/www.ortungsgerate.de\/"},{"@type":"ListItem","position":2,"name":"Shop","item":"https:\/\/www.ortungsgerate.de\/shop\/"},{"@type":"ListItem","position":3,"name":"Powerbank 5000mAh mit integrierter versteckter Wi\u2011Fi Kamera"}]},{"@type":"WebSite","@id":"https:\/\/www.ortungsgerate.de\/#website","url":"https:\/\/www.ortungsgerate.de\/","name":"Ortungsgerate.de","description":"","publisher":{"@id":"https:\/\/www.ortungsgerate.de\/#organization"},"potentialAction":[{"@type":"SearchAction","target":{"@type":"EntryPoint","urlTemplate":"https:\/\/www.ortungsgerate.de\/?s={search_term_string}"},"query-input":{"@type":"PropertyValueSpecification","valueRequired":true,"valueName":"search_term_string"}}],"inLanguage":"ru-RU"},{"@type":"Organization","@id":"https:\/\/www.ortungsgerate.de\/#organization","name":"Ortungsgerate.de","url":"https:\/\/www.ortungsgerate.de\/","logo":{"@type":"ImageObject","inLanguage":"ru-RU","@id":"https:\/\/www.ortungsgerate.de\/#\/schema\/logo\/image\/","url":"https:\/\/www.ortungsgerate.de\/wp-content\/uploads\/ortungsgerate.png","contentUrl":"https:\/\/www.ortungsgerate.de\/wp-content\/uploads\/ortungsgerate.png","width":500,"height":135,"caption":"Ortungsgerate.de"},"image":{"@id":"https:\/\/www.ortungsgerate.de\/#\/schema\/logo\/image\/"}}]}},"_links":{"self":[{"href":"https:\/\/www.ortungsgerate.de\/ru\/wp-json\/wp\/v2\/product\/16421","targetHints":{"allow":["GET"]}}],"collection":[{"href":"https:\/\/www.ortungsgerate.de\/ru\/wp-json\/wp\/v2\/product"}],"about":[{"href":"https:\/\/www.ortungsgerate.de\/ru\/wp-json\/wp\/v2\/types\/product"}],"version-history":[{"count":0,"href":"https:\/\/www.ortungsgerate.de\/ru\/wp-json\/wp\/v2\/product\/16421\/revisions"}],"wp:featuredmedia":[{"embeddable":true,"href":"https:\/\/www.ortungsgerate.de\/ru\/wp-json\/wp\/v2\/media\/26360"}],"wp:attachment":[{"href":"https:\/\/www.ortungsgerate.de\/ru\/wp-json\/wp\/v2\/media?parent=16421"}],"wp:term":[{"taxonomy":"brand","embeddable":true,"href":"https:\/\/www.ortungsgerate.de\/ru\/wp-json\/wp\/v2\/etheme_brands?post=16421"},{"taxonomy":"product_brand","embeddable":true,"href":"https:\/\/www.ortungsgerate.de\/ru\/wp-json\/wp\/v2\/product_brand?post=16421"},{"taxonomy":"product_cat","embeddable":true,"href":"https:\/\/www.ortungsgerate.de\/ru\/wp-json\/wp\/v2\/product_cat?post=16421"},{"taxonomy":"product_tag","embeddable":true,"href":"https:\/\/www.ortungsgerate.de\/ru\/wp-json\/wp\/v2\/product_tag?post=16421"}],"curies":[{"name":"wp","href":"https:\/\/api.w.org\/{rel}","templated":true}]}}