{"id":16422,"date":"2024-02-06T21:37:30","date_gmt":"2024-02-06T19:37:30","guid":{"rendered":"https:\/\/ortungsgerate.de\/be-kategorijos\/slaptas-mini-diktofonas-uzmaskuotas-raktu-pakabuke\/"},"modified":"2025-11-26T19:01:36","modified_gmt":"2025-11-26T17:01:36","slug":"skrytyy-mini-diktofon-zamaskirovannyy-pod-brelok","status":"publish","type":"product","link":"https:\/\/www.ortungsgerate.de\/ru\/13-diktofony-2\/skrytyy-mini-diktofon-zamaskirovannyy-pod-brelok\/","title":{"rendered":"\u0421\u043a\u0440\u044b\u0442\u044b\u0439 \u043c\u0438\u043d\u0438-\u0434\u0438\u043a\u0442\u043e\u0444\u043e\u043d, \u0437\u0430\u043c\u0430\u0441\u043a\u0438\u0440\u043e\u0432\u0430\u043d\u043d\u044b\u0439 \u043f\u043e\u0434 \u0431\u0440\u0435\u043b\u043e\u043a"},"content":{"rendered":"<h3>TECHNISCHE PARAMETER<\/h3>\n<ul>\n<li>Reichweite: ca. 8 m \u2013 15 m<\/li>\n<li>\u041d\u0435 \u0438\u0437\u0434\u0430\u0435\u0442 \u043d\u0438\u043a\u0430\u043a\u0438\u0445 \u0437\u0432\u0443\u043a\u043e\u0432<\/li>\n<li>Aufnahmequalit\u00e4t: 192 kbps<\/li>\n<li>Aufnahme wird ab 45 dB Schallpegel aktiviert<\/li>\n<li>Interner Speicher: 8 GB<\/li>\n<li>Betriebszeit: ca. 20 Stunden<\/li>\n<li>Spracherkennungsfunktion: JA<\/li>\n<li>\u0424\u043e\u0440\u043c\u0430\u0442 \u0437\u0430\u043f\u0438\u0441\u0438: WAV<\/li>\n<li>Akkukapazit\u00e4t: 110 mAh<\/li>\n<li>System: \u201eWindows\u201c: 7, 8, 10 \/ \u201eMacOS\u201c<\/li>\n<li>Ger\u00e4tegr\u00f6\u00dfe: 45 mm x 16 mm<\/li>\n<li>Gewicht: 18 g<\/li>\n<li><strong>\u0413\u0410\u0420\u0410\u041d\u0422\u0418\u042f 12 \u043c\u0435\u0441\u044f\u0446\u0435\u0432<\/strong><\/li>\n<\/ul>\n<p>Einsatzbereich: Zum Schutz Ihrer selbst und Ihrer Kinder.<\/p>\n<p><strong>Verwenden Sie den Sprachrekorder genau dann, wenn Sie ihn brauchen<\/strong><\/p>\n<p>Es ist selbstverst\u00e4ndlich, dass jeder von uns Schl\u00fcssel bei sich tr\u00e4gt, daher ist ein Schl\u00fcsselanh\u00e4nger mit verstecktem Sprachrekorder ebenfalls immer griffbereit. Sie k\u00f6nnen den Rekorder sowohl nutzen, wenn Sie dies im Voraus planen, als auch dann, wenn eine Gespr\u00e4chsaufzeichnung v\u00f6llig unerwartet erforderlich wird. Wenn Menschen wissen, dass ihre Gespr\u00e4che aufgezeichnet werden, verhalten sie sich nie so, wie sie es gewohnt sind. Anders ist es, wenn ein verdecktes Ger\u00e4t verwendet wird \u2013 dadurch k\u00f6nnen die gew\u00fcnschten Informationen diskret gesammelt werden. Optisch unterscheidet sich der Schl\u00fcsselanh\u00e4nger mit Rekorder in keiner Weise von anderen h\u00e4ufig verwendeten Schl\u00fcsselaccessoires, sodass ein solches Ger\u00e4t keinerlei Verdacht erregt.<\/p>\n<p><strong>Das Ger\u00e4t ist \u00e4u\u00dferst einfach zu bedienen<\/strong><\/p>\n<p>Wenn Sie mit der Gespr\u00e4chsaufzeichnung beginnen m\u00f6chten, brauchen Sie nur eine Taste zu dr\u00fccken, und in K\u00fcrze wird die Audioaufzeichnungsfunktion aktiviert. Sie k\u00f6nnen auch die automatische Audioaufzeichnung nutzen: Der Rekorder wird aktiviert, sobald im Raum ein Ger\u00e4usch erkannt wird, sodass Sie den Schl\u00fcsselanh\u00e4nger nicht erst suchen m\u00fcssen, um die Aufnahme zu starten. Dieses Accessoire mit verstecktem Sprachrekorder k\u00f6nnen Sie auch im Raum liegen lassen: Schl\u00fcssel, die auf dem Tisch liegen, erregen normalerweise keinen Verdacht, sodass sich die anwesenden Personen so verhalten, wie sie es gewohnt sind. Sobald das Ger\u00e4t einen Ton erkennt, schaltet sich der Rekorder automatisch ein: So werden Stille-Aufnahmen vermieden, und Sie k\u00f6nnen sicher sein, dass Ihnen nichts Wichtiges entgeht.<\/p>\n<p><strong>Vielf\u00e4ltige Einsatzm\u00f6glichkeiten<\/strong><\/p>\n<p>Den Schl\u00fcsselanh\u00e4nger mit versteckter Kamera k\u00f6nnen Sie in sehr unterschiedlichen Situationen einsetzen. Sie k\u00f6nnen ihn verwenden, wenn Sie bestimmte Beweise sammeln m\u00f6chten oder wenn Sie einfach die Sicherheit Ihrer Kinder gew\u00e4hrleisten wollen. Es ist kein Geheimnis, dass nicht alle Kinder ihren Eltern erz\u00e4hlen, wie es ihnen in der Schule geht, wer ihre neuen Freunde sind usw. Ein Schl\u00fcsselanh\u00e4nger mit verstecktem Sprachrekorder kann helfen, Zweifel der Eltern auszur\u00e4umen: Sie k\u00f6nnen dieses Ger\u00e4t zum Beispiel in den Rucksack Ihres Kindes legen und sp\u00e4ter anh\u00f6ren, mit wem das Kind gesprochen hat, was in der Umgebung passiert ist usw. Nat\u00fcrlich sollte man nicht vergessen, dass die Privatsph\u00e4re der Kinder respektiert werden muss, doch in bestimmten Situationen ist es deutlich wichtiger, ihre Sicherheit zu gew\u00e4hrleisten.<\/p>\n<p><strong>Lange Standby- und Betriebsdauer des Akkus<\/strong><\/p>\n<p>Die Akkulaufzeit des geladenen Schl\u00fcsselanh\u00e4nger-Sprachrekorders ist sehr lang, sodass Sie sicher sein k\u00f6nnen, nicht in eine unangenehme Situation zu geraten, in der aufgrund eines entladenen Akkus keine Audioaufnahmen m\u00f6glich sind. Der verdeckte Sprachrekorder kann bis zu 20 Stunden lang Ton aufzeichnen, wodurch eine gro\u00dfe Menge an n\u00fctzlichem Material gesammelt werden kann. Wenn Sie die automatische Ger\u00e4uscherkennungsfunktion verwenden, kann der Zeitraum der Aufzeichnung noch l\u00e4nger sein: Wenn im Raum v\u00f6llige Stille herrscht, wird die Aufzeichnungsfunktion nicht aktiviert.<\/p>\n<p><strong>Audioaufnahmen lassen sich einfach auf den Computer \u00fcbertragen<\/strong><\/p>\n<p>Die mit dem Rekorder erfassten Audioaufnahmen k\u00f6nnen Sie auf den Computer \u00fcbertragen und dort anh\u00f6ren. Erfreulich ist, dass die von diesem Ger\u00e4t aufgezeichneten Audiodateien eine sehr hohe Qualit\u00e4t aufweisen, sodass kein zus\u00e4tzlicher Aufwand erforderlich ist. Die aufgezeichneten Gespr\u00e4che sind klar verst\u00e4ndlich, wodurch sich Zweifel ausr\u00e4umen lassen oder die Gespr\u00e4chsaufzeichnungen als Beweismittel genutzt werden k\u00f6nnen.<\/p>","protected":false},"excerpt":{"rendered":"<p>TECHNISCHE PARAMETER Reichweite: ca. 8 m &#8211; 15 m Gibt keinerlei Ger\u00e4usche von sich Aufnahmequalit\u00e4t: 192 kbps Aufnahme wird ab 45 dB Schallpegel aktiviert Interner&#8230;<\/p>","protected":false},"featured_media":1746,"template":"","meta":[],"etheme_brands":[],"product_brand":[],"product_cat":[207],"product_tag":[709,757],"class_list":{"0":"post-16422","1":"product","2":"type-product","3":"status-publish","4":"has-post-thumbnail","6":"product_cat-13-diktiergeraete","7":"product_tag-gespraechsaufzeichnung","8":"product_tag-professioneller-diktiergeraet","9":"pa_typ-anhaenger","11":"first","12":"instock","13":"taxable","14":"shipping-taxable","15":"purchasable","16":"product-type-simple"},"yoast_head":"<!-- This site is optimized with the Yoast SEO Premium plugin v25.9 (Yoast SEO v27.4) - https:\/\/yoast.com\/product\/yoast-seo-premium-wordpress\/ -->\n<title>Versteckter Diktierger\u00e4t-Schl\u00fcsselanh\u00e4nger mit Sprachaktivierung<\/title>\n<meta name=\"description\" content=\"Versteckter Diktierger\u00e4t-Schl\u00fcsselanh\u00e4nger mit nur 18 g Gewicht. Sprachaktivierung, lange Betriebsdauer bis zu 20 Stunden, 192 kbps Tonqualit\u00e4t. Sie werden \u00fcberrascht sein, wie klar der Klang ist\" \/>\n<meta name=\"robots\" content=\"index, follow, max-snippet:-1, max-image-preview:large, max-video-preview:-1\" \/>\n<link rel=\"canonical\" href=\"https:\/\/www.ortungsgerate.de\/ru\/13-diktofony-2\/skrytyy-mini-diktofon-zamaskirovannyy-pod-brelok\/\" \/>\n<meta property=\"og:locale\" content=\"ru_RU\" \/>\n<meta property=\"og:type\" content=\"article\" \/>\n<meta property=\"og:title\" content=\"Verdeckter Mini-Diktierger\u00e4t getarnt als Schl\u00fcsselanh\u00e4nger\" \/>\n<meta property=\"og:description\" content=\"Versteckter Diktierger\u00e4t-Schl\u00fcsselanh\u00e4nger mit nur 18 g Gewicht. Sprachaktivierung, lange Betriebsdauer bis zu 20 Stunden, 192 kbps Tonqualit\u00e4t. Sie werden \u00fcberrascht sein, wie klar der Klang ist\" \/>\n<meta property=\"og:url\" content=\"https:\/\/www.ortungsgerate.de\/ru\/13-diktofony-2\/skrytyy-mini-diktofon-zamaskirovannyy-pod-brelok\/\" \/>\n<meta property=\"og:site_name\" content=\"Ortungsger\u00e4te.de\" \/>\n<meta property=\"article:modified_time\" content=\"2025-11-26T17:01:36+00:00\" \/>\n<meta property=\"og:image\" content=\"https:\/\/www.ortungsgerate.de\/wp-content\/uploads\/slaptas-mini-diktofonas-uzmaskuotas-raktu-pakabuke.jpg\" \/>\n\t<meta property=\"og:image:width\" content=\"475\" \/>\n\t<meta property=\"og:image:height\" content=\"391\" \/>\n\t<meta property=\"og:image:type\" content=\"image\/jpeg\" \/>\n<meta name=\"twitter:card\" content=\"summary_large_image\" \/>\n<meta name=\"twitter:label1\" content=\"\u041f\u0440\u0438\u043c\u0435\u0440\u043d\u043e\u0435 \u0432\u0440\u0435\u043c\u044f \u0434\u043b\u044f \u0447\u0442\u0435\u043d\u0438\u044f\" \/>\n\t<meta name=\"twitter:data1\" content=\"3 \u043c\u0438\u043d\u0443\u0442\u044b\" \/>\n<script type=\"application\/ld+json\" class=\"yoast-schema-graph\">{\"@context\":\"https:\\\/\\\/schema.org\",\"@graph\":[{\"@type\":\"WebPage\",\"@id\":\"https:\\\/\\\/www.ortungsgerate.de\\\/13-diktiergeraete\\\/verdeckter-mini-diktiergeraet-getarnt-als-schluesselanhaenger\\\/\",\"url\":\"https:\\\/\\\/www.ortungsgerate.de\\\/13-diktiergeraete\\\/verdeckter-mini-diktiergeraet-getarnt-als-schluesselanhaenger\\\/\",\"name\":\"Versteckter Diktierger\u00e4t-Schl\u00fcsselanh\u00e4nger mit Sprachaktivierung\",\"isPartOf\":{\"@id\":\"https:\\\/\\\/www.ortungsgerate.de\\\/#website\"},\"primaryImageOfPage\":{\"@id\":\"https:\\\/\\\/www.ortungsgerate.de\\\/13-diktiergeraete\\\/verdeckter-mini-diktiergeraet-getarnt-als-schluesselanhaenger\\\/#primaryimage\"},\"image\":{\"@id\":\"https:\\\/\\\/www.ortungsgerate.de\\\/13-diktiergeraete\\\/verdeckter-mini-diktiergeraet-getarnt-als-schluesselanhaenger\\\/#primaryimage\"},\"thumbnailUrl\":\"https:\\\/\\\/www.ortungsgerate.de\\\/wp-content\\\/uploads\\\/slaptas-mini-diktofonas-uzmaskuotas-raktu-pakabuke.jpg\",\"datePublished\":\"2024-02-06T19:37:30+00:00\",\"dateModified\":\"2025-11-26T17:01:36+00:00\",\"description\":\"Versteckter Diktierger\u00e4t-Schl\u00fcsselanh\u00e4nger mit nur 18 g Gewicht. Sprachaktivierung, lange Betriebsdauer bis zu 20 Stunden, 192 kbps Tonqualit\u00e4t. Sie werden \u00fcberrascht sein, wie klar der Klang ist\",\"breadcrumb\":{\"@id\":\"https:\\\/\\\/www.ortungsgerate.de\\\/13-diktiergeraete\\\/verdeckter-mini-diktiergeraet-getarnt-als-schluesselanhaenger\\\/#breadcrumb\"},\"inLanguage\":\"ru-RU\",\"potentialAction\":[{\"@type\":\"ReadAction\",\"target\":[\"https:\\\/\\\/www.ortungsgerate.de\\\/13-diktiergeraete\\\/verdeckter-mini-diktiergeraet-getarnt-als-schluesselanhaenger\\\/\"]}]},{\"@type\":\"ImageObject\",\"inLanguage\":\"ru-RU\",\"@id\":\"https:\\\/\\\/www.ortungsgerate.de\\\/13-diktiergeraete\\\/verdeckter-mini-diktiergeraet-getarnt-als-schluesselanhaenger\\\/#primaryimage\",\"url\":\"https:\\\/\\\/www.ortungsgerate.de\\\/wp-content\\\/uploads\\\/slaptas-mini-diktofonas-uzmaskuotas-raktu-pakabuke.jpg\",\"contentUrl\":\"https:\\\/\\\/www.ortungsgerate.de\\\/wp-content\\\/uploads\\\/slaptas-mini-diktofonas-uzmaskuotas-raktu-pakabuke.jpg\",\"width\":475,\"height\":391,\"caption\":\"Versteckter Mini-Diktierger\u00e4t getarnt als Schl\u00fcsselanh\u00e4nger\"},{\"@type\":\"BreadcrumbList\",\"@id\":\"https:\\\/\\\/www.ortungsgerate.de\\\/13-diktiergeraete\\\/verdeckter-mini-diktiergeraet-getarnt-als-schluesselanhaenger\\\/#breadcrumb\",\"itemListElement\":[{\"@type\":\"ListItem\",\"position\":1,\"name\":\"Startseite\",\"item\":\"https:\\\/\\\/www.ortungsgerate.de\\\/\"},{\"@type\":\"ListItem\",\"position\":2,\"name\":\"Shop\",\"item\":\"https:\\\/\\\/www.ortungsgerate.de\\\/shop\\\/\"},{\"@type\":\"ListItem\",\"position\":3,\"name\":\"Verdeckter Mini-Diktierger\u00e4t getarnt als Schl\u00fcsselanh\u00e4nger\"}]},{\"@type\":\"WebSite\",\"@id\":\"https:\\\/\\\/www.ortungsgerate.de\\\/#website\",\"url\":\"https:\\\/\\\/www.ortungsgerate.de\\\/\",\"name\":\"Ortungsgerate.de\",\"description\":\"\",\"publisher\":{\"@id\":\"https:\\\/\\\/www.ortungsgerate.de\\\/#organization\"},\"potentialAction\":[{\"@type\":\"SearchAction\",\"target\":{\"@type\":\"EntryPoint\",\"urlTemplate\":\"https:\\\/\\\/www.ortungsgerate.de\\\/?s={search_term_string}\"},\"query-input\":{\"@type\":\"PropertyValueSpecification\",\"valueRequired\":true,\"valueName\":\"search_term_string\"}}],\"inLanguage\":\"ru-RU\"},{\"@type\":\"Organization\",\"@id\":\"https:\\\/\\\/www.ortungsgerate.de\\\/#organization\",\"name\":\"Ortungsgerate.de\",\"url\":\"https:\\\/\\\/www.ortungsgerate.de\\\/\",\"logo\":{\"@type\":\"ImageObject\",\"inLanguage\":\"ru-RU\",\"@id\":\"https:\\\/\\\/www.ortungsgerate.de\\\/#\\\/schema\\\/logo\\\/image\\\/\",\"url\":\"https:\\\/\\\/www.ortungsgerate.de\\\/wp-content\\\/uploads\\\/ortungsgerate.png\",\"contentUrl\":\"https:\\\/\\\/www.ortungsgerate.de\\\/wp-content\\\/uploads\\\/ortungsgerate.png\",\"width\":500,\"height\":135,\"caption\":\"Ortungsgerate.de\"},\"image\":{\"@id\":\"https:\\\/\\\/www.ortungsgerate.de\\\/#\\\/schema\\\/logo\\\/image\\\/\"}}]}<\/script>\n<!-- \/ Yoast SEO Premium plugin. -->","yoast_head_json":{"title":"Versteckter Diktierger\u00e4t-Schl\u00fcsselanh\u00e4nger mit Sprachaktivierung","description":"Versteckter Diktierger\u00e4t-Schl\u00fcsselanh\u00e4nger mit nur 18 g Gewicht. Sprachaktivierung, lange Betriebsdauer bis zu 20 Stunden, 192 kbps Tonqualit\u00e4t. Sie werden \u00fcberrascht sein, wie klar der Klang ist","robots":{"index":"index","follow":"follow","max-snippet":"max-snippet:-1","max-image-preview":"max-image-preview:large","max-video-preview":"max-video-preview:-1"},"canonical":"https:\/\/www.ortungsgerate.de\/ru\/13-diktofony-2\/skrytyy-mini-diktofon-zamaskirovannyy-pod-brelok\/","og_locale":"ru_RU","og_type":"article","og_title":"Verdeckter Mini-Diktierger\u00e4t getarnt als Schl\u00fcsselanh\u00e4nger","og_description":"Versteckter Diktierger\u00e4t-Schl\u00fcsselanh\u00e4nger mit nur 18 g Gewicht. Sprachaktivierung, lange Betriebsdauer bis zu 20 Stunden, 192 kbps Tonqualit\u00e4t. Sie werden \u00fcberrascht sein, wie klar der Klang ist","og_url":"https:\/\/www.ortungsgerate.de\/ru\/13-diktofony-2\/skrytyy-mini-diktofon-zamaskirovannyy-pod-brelok\/","og_site_name":"Ortungsger\u00e4te.de","article_modified_time":"2025-11-26T17:01:36+00:00","og_image":[{"width":475,"height":391,"url":"https:\/\/www.ortungsgerate.de\/wp-content\/uploads\/slaptas-mini-diktofonas-uzmaskuotas-raktu-pakabuke.jpg","type":"image\/jpeg"}],"twitter_card":"summary_large_image","twitter_misc":{"\u041f\u0440\u0438\u043c\u0435\u0440\u043d\u043e\u0435 \u0432\u0440\u0435\u043c\u044f \u0434\u043b\u044f \u0447\u0442\u0435\u043d\u0438\u044f":"3 \u043c\u0438\u043d\u0443\u0442\u044b"},"schema":{"@context":"https:\/\/schema.org","@graph":[{"@type":"WebPage","@id":"https:\/\/www.ortungsgerate.de\/13-diktiergeraete\/verdeckter-mini-diktiergeraet-getarnt-als-schluesselanhaenger\/","url":"https:\/\/www.ortungsgerate.de\/13-diktiergeraete\/verdeckter-mini-diktiergeraet-getarnt-als-schluesselanhaenger\/","name":"Versteckter Diktierger\u00e4t-Schl\u00fcsselanh\u00e4nger mit Sprachaktivierung","isPartOf":{"@id":"https:\/\/www.ortungsgerate.de\/#website"},"primaryImageOfPage":{"@id":"https:\/\/www.ortungsgerate.de\/13-diktiergeraete\/verdeckter-mini-diktiergeraet-getarnt-als-schluesselanhaenger\/#primaryimage"},"image":{"@id":"https:\/\/www.ortungsgerate.de\/13-diktiergeraete\/verdeckter-mini-diktiergeraet-getarnt-als-schluesselanhaenger\/#primaryimage"},"thumbnailUrl":"https:\/\/www.ortungsgerate.de\/wp-content\/uploads\/slaptas-mini-diktofonas-uzmaskuotas-raktu-pakabuke.jpg","datePublished":"2024-02-06T19:37:30+00:00","dateModified":"2025-11-26T17:01:36+00:00","description":"Versteckter Diktierger\u00e4t-Schl\u00fcsselanh\u00e4nger mit nur 18 g Gewicht. Sprachaktivierung, lange Betriebsdauer bis zu 20 Stunden, 192 kbps Tonqualit\u00e4t. Sie werden \u00fcberrascht sein, wie klar der Klang ist","breadcrumb":{"@id":"https:\/\/www.ortungsgerate.de\/13-diktiergeraete\/verdeckter-mini-diktiergeraet-getarnt-als-schluesselanhaenger\/#breadcrumb"},"inLanguage":"ru-RU","potentialAction":[{"@type":"ReadAction","target":["https:\/\/www.ortungsgerate.de\/13-diktiergeraete\/verdeckter-mini-diktiergeraet-getarnt-als-schluesselanhaenger\/"]}]},{"@type":"ImageObject","inLanguage":"ru-RU","@id":"https:\/\/www.ortungsgerate.de\/13-diktiergeraete\/verdeckter-mini-diktiergeraet-getarnt-als-schluesselanhaenger\/#primaryimage","url":"https:\/\/www.ortungsgerate.de\/wp-content\/uploads\/slaptas-mini-diktofonas-uzmaskuotas-raktu-pakabuke.jpg","contentUrl":"https:\/\/www.ortungsgerate.de\/wp-content\/uploads\/slaptas-mini-diktofonas-uzmaskuotas-raktu-pakabuke.jpg","width":475,"height":391,"caption":"Versteckter Mini-Diktierger\u00e4t getarnt als Schl\u00fcsselanh\u00e4nger"},{"@type":"BreadcrumbList","@id":"https:\/\/www.ortungsgerate.de\/13-diktiergeraete\/verdeckter-mini-diktiergeraet-getarnt-als-schluesselanhaenger\/#breadcrumb","itemListElement":[{"@type":"ListItem","position":1,"name":"Startseite","item":"https:\/\/www.ortungsgerate.de\/"},{"@type":"ListItem","position":2,"name":"Shop","item":"https:\/\/www.ortungsgerate.de\/shop\/"},{"@type":"ListItem","position":3,"name":"Verdeckter Mini-Diktierger\u00e4t getarnt als Schl\u00fcsselanh\u00e4nger"}]},{"@type":"WebSite","@id":"https:\/\/www.ortungsgerate.de\/#website","url":"https:\/\/www.ortungsgerate.de\/","name":"Ortungsgerate.de","description":"","publisher":{"@id":"https:\/\/www.ortungsgerate.de\/#organization"},"potentialAction":[{"@type":"SearchAction","target":{"@type":"EntryPoint","urlTemplate":"https:\/\/www.ortungsgerate.de\/?s={search_term_string}"},"query-input":{"@type":"PropertyValueSpecification","valueRequired":true,"valueName":"search_term_string"}}],"inLanguage":"ru-RU"},{"@type":"Organization","@id":"https:\/\/www.ortungsgerate.de\/#organization","name":"Ortungsgerate.de","url":"https:\/\/www.ortungsgerate.de\/","logo":{"@type":"ImageObject","inLanguage":"ru-RU","@id":"https:\/\/www.ortungsgerate.de\/#\/schema\/logo\/image\/","url":"https:\/\/www.ortungsgerate.de\/wp-content\/uploads\/ortungsgerate.png","contentUrl":"https:\/\/www.ortungsgerate.de\/wp-content\/uploads\/ortungsgerate.png","width":500,"height":135,"caption":"Ortungsgerate.de"},"image":{"@id":"https:\/\/www.ortungsgerate.de\/#\/schema\/logo\/image\/"}}]}},"_links":{"self":[{"href":"https:\/\/www.ortungsgerate.de\/ru\/wp-json\/wp\/v2\/product\/16422","targetHints":{"allow":["GET"]}}],"collection":[{"href":"https:\/\/www.ortungsgerate.de\/ru\/wp-json\/wp\/v2\/product"}],"about":[{"href":"https:\/\/www.ortungsgerate.de\/ru\/wp-json\/wp\/v2\/types\/product"}],"version-history":[{"count":0,"href":"https:\/\/www.ortungsgerate.de\/ru\/wp-json\/wp\/v2\/product\/16422\/revisions"}],"wp:featuredmedia":[{"embeddable":true,"href":"https:\/\/www.ortungsgerate.de\/ru\/wp-json\/wp\/v2\/media\/1746"}],"wp:attachment":[{"href":"https:\/\/www.ortungsgerate.de\/ru\/wp-json\/wp\/v2\/media?parent=16422"}],"wp:term":[{"taxonomy":"brand","embeddable":true,"href":"https:\/\/www.ortungsgerate.de\/ru\/wp-json\/wp\/v2\/etheme_brands?post=16422"},{"taxonomy":"product_brand","embeddable":true,"href":"https:\/\/www.ortungsgerate.de\/ru\/wp-json\/wp\/v2\/product_brand?post=16422"},{"taxonomy":"product_cat","embeddable":true,"href":"https:\/\/www.ortungsgerate.de\/ru\/wp-json\/wp\/v2\/product_cat?post=16422"},{"taxonomy":"product_tag","embeddable":true,"href":"https:\/\/www.ortungsgerate.de\/ru\/wp-json\/wp\/v2\/product_tag?post=16422"}],"curies":[{"name":"wp","href":"https:\/\/api.w.org\/{rel}","templated":true}]}}