{"id":16423,"date":"2020-01-15T12:47:57","date_gmt":"2020-01-15T10:47:57","guid":{"rendered":"https:\/\/ortungsgerate.de\/be-kategorijos\/jungtis-diktofono-prijungimui-prie-telefono-irasu-perklausymui\/"},"modified":"2025-11-26T19:01:36","modified_gmt":"2025-11-26T17:01:36","slug":"razem-dlya-podklyucheniya-diktofona-k-telefonu-dlya-vosproizvedeniya-zapisey","status":"publish","type":"product","link":"https:\/\/www.ortungsgerate.de\/ru\/13-diktofony-2\/razem-dlya-podklyucheniya-diktofona-k-telefonu-dlya-vosproizvedeniya-zapisey\/","title":{"rendered":"\u0420\u0430\u0437\u044a\u0435\u043c \u0434\u043b\u044f \u043f\u043e\u0434\u043a\u043b\u044e\u0447\u0435\u043d\u0438\u044f \u0434\u0438\u043a\u0442\u043e\u0444\u043e\u043d\u0430 \u043a \u0442\u0435\u043b\u0435\u0444\u043e\u043d\u0443 \u0434\u043b\u044f \u0432\u043e\u0441\u043f\u0440\u043e\u0438\u0437\u0432\u0435\u0434\u0435\u043d\u0438\u044f \u0437\u0430\u043f\u0438\u0441\u0435\u0439"},"content":{"rendered":"<h3><strong>\u0422\u0435\u0445\u043d\u0438\u0447\u0435\u0441\u043a\u0438\u0435 \u043f\u0430\u0440\u0430\u043c\u0435\u0442\u0440\u044b:<\/strong><\/h3>\n<ul>\n<li>Adapter zum Anschluss des Diktierger\u00e4ts an ein Mobiltelefon<\/li>\n<li>Sie ben\u00f6tigen keinen Computer, um die Aufnahmen abzuh\u00f6ren<\/li>\n<li>Geeignet f\u00fcr alle Android-Telefone mit TYPE-C-Ladeanschluss<\/li>\n<li><span style=\"color: #ff0000\"><strong>Nicht geeignet f\u00fcr iPhone-Telefone<\/strong><\/span><\/li>\n<li>Einfache Bedienung<\/li>\n<li>Gewicht 10 g<\/li>\n<li><strong>\u0413\u0410\u0420\u0410\u041d\u0422\u0418\u042f 12 \u043c\u0435\u0441\u044f\u0446\u0435\u0432<\/strong><\/li>\n<\/ul>\n<p>Verwendung: Zum Schutz von Ihnen selbst und Ihren Kindern.<\/p>\n<div class=\"group\/conversation-turn relative flex w-full min-w-0 flex-col agent-turn\">\n<div class=\"flex-col gap-1 md:gap-3\">\n<div class=\"flex max-w-full flex-col flex-grow\">\n<div class=\"min-h-8 text-message flex w-full flex-col items-end gap-2 whitespace-normal break-words text-start [.text-message+&#038;]:mt-5\" dir=\"auto\" data-message-author-role=\"assistant\" data-message-id=\"95b84b49-b078-4cc1-b304-f8bf94ae0fa7\" data-message-model-slug=\"gpt-4o\">\n<div class=\"flex w-full flex-col gap-1 empty:hidden first:pt-[3px]\">\n<div class=\"markdown prose w-full break-words dark:prose-invert light\">\n<div class=\"flex max-w-full flex-col flex-grow\">\n<div class=\"min-h-8 text-message flex w-full flex-col items-end gap-2 whitespace-normal break-words text-start [.text-message+&#038;]:mt-5\" dir=\"auto\" data-message-author-role=\"assistant\" data-message-id=\"fd4174d8-6c5b-49d4-9405-829269e64bd8\" data-message-model-slug=\"gpt-4o\">\n<div class=\"flex w-full flex-col gap-1 empty:hidden first:pt-[3px]\">\n<p style=\"text-align: left\">Sie haben keinen Computer, um das Diktierger\u00e4t anzuschlie\u00dfen? Das ist kein Problem \u2013 Sie k\u00f6nnen den OTG-Adapter verwenden!<\/p>\n<p style=\"text-align: left\">Der OTG-Adapter f\u00fcr Mobiltelefone mit Android-Betriebssystem ist eine praktische und komfortable L\u00f6sung. Er erm\u00f6glicht es, das Diktierger\u00e4t schnell und einfach anzuschlie\u00dfen und Aufnahmen direkt auf das Telefon zu \u00fcbertragen. Mit dem OTG-Adapter f\u00fchren Sie all diese Vorg\u00e4nge ohne Computer durch.<\/p>\n<p style=\"text-align: left\">Daf\u00fcr sind keine besonderen Kenntnisse erforderlich \u2013 das kann jeder. Einfach, schnell und bequem!<\/p>\n<\/div>\n<\/div>\n<\/div>\n<\/div>\n<\/div>\n<\/div>\n<\/div>\n<\/div>\n<\/div>","protected":false},"excerpt":{"rendered":"<p>Technische Parameter: Adapter zum Anschluss des Diktierger\u00e4ts an ein Mobiltelefon Sie ben\u00f6tigen keinen Computer, um die Aufnahmen abzuh\u00f6ren Geeignet f\u00fcr alle Android-Telefone mit TYPE-C-Ladeanschluss Nicht&#8230;<\/p>","protected":false},"featured_media":13518,"template":"","meta":[],"etheme_brands":[],"product_brand":[],"product_cat":[207],"product_tag":[772,798,721,722,723],"class_list":{"0":"post-16423","1":"product","2":"type-product","3":"status-publish","4":"has-post-thumbnail","6":"product_cat-13-diktiergeraete","7":"product_tag-getarnter-diktiergeraet","8":"product_tag-otg-anschluss","9":"product_tag-schluessel-diktiergeraet","10":"product_tag-usb-diktiergeraet","11":"product_tag-usb-stick-diktiergeraet","13":"first","14":"instock","15":"taxable","16":"shipping-taxable","17":"purchasable","18":"product-type-simple"},"yoast_head":"<!-- This site is optimized with the Yoast SEO Premium plugin v25.9 (Yoast SEO v27.4) - https:\/\/yoast.com\/product\/yoast-seo-premium-wordpress\/ -->\n<title>Anschluss zur Verbindung eines Diktierger\u00e4ts mit dem Telefon zur Wiedergabe von Aufzeichnungen<\/title>\n<meta name=\"description\" content=\"OTG-Anschluss zum Verbinden eines verdeckten Mini-Diktierger\u00e4ts mit einem Mobiltelefon. Sie k\u00f6nnen die Aufnahmen auf Ihr Mobiltelefon kopieren und ohne Computerunterst\u00fctzung abh\u00f6ren.\" \/>\n<meta name=\"robots\" content=\"index, follow, max-snippet:-1, max-image-preview:large, max-video-preview:-1\" \/>\n<link rel=\"canonical\" href=\"https:\/\/www.ortungsgerate.de\/ru\/13-diktofony-2\/razem-dlya-podklyucheniya-diktofona-k-telefonu-dlya-vosproizvedeniya-zapisey\/\" \/>\n<meta property=\"og:locale\" content=\"ru_RU\" \/>\n<meta property=\"og:type\" content=\"article\" \/>\n<meta property=\"og:title\" content=\"Anschluss zur Verbindung eines Diktierger\u00e4ts mit dem Telefon zur Wiedergabe von Aufnahmen\" \/>\n<meta property=\"og:description\" content=\"OTG-Anschluss zum Verbinden eines verdeckten Mini-Diktierger\u00e4ts mit einem Mobiltelefon. Sie k\u00f6nnen die Aufnahmen auf Ihr Mobiltelefon kopieren und ohne Computerunterst\u00fctzung abh\u00f6ren.\" \/>\n<meta property=\"og:url\" content=\"https:\/\/www.ortungsgerate.de\/ru\/13-diktofony-2\/razem-dlya-podklyucheniya-diktofona-k-telefonu-dlya-vosproizvedeniya-zapisey\/\" \/>\n<meta property=\"og:site_name\" content=\"Ortungsger\u00e4te.de\" \/>\n<meta property=\"article:modified_time\" content=\"2025-11-26T17:01:36+00:00\" \/>\n<meta property=\"og:image\" content=\"https:\/\/www.ortungsgerate.de\/wp-content\/uploads\/usb-otg-perejimas-mobiliam-telefonui-duomenu-perdavimui.jpg\" \/>\n\t<meta property=\"og:image:width\" content=\"1600\" \/>\n\t<meta property=\"og:image:height\" content=\"1600\" \/>\n\t<meta property=\"og:image:type\" content=\"image\/jpeg\" \/>\n<meta name=\"twitter:card\" content=\"summary_large_image\" \/>\n<meta name=\"twitter:label1\" content=\"\u041f\u0440\u0438\u043c\u0435\u0440\u043d\u043e\u0435 \u0432\u0440\u0435\u043c\u044f \u0434\u043b\u044f \u0447\u0442\u0435\u043d\u0438\u044f\" \/>\n\t<meta name=\"twitter:data1\" content=\"1 \u043c\u0438\u043d\u0443\u0442\u0430\" \/>\n<script type=\"application\/ld+json\" class=\"yoast-schema-graph\">{\"@context\":\"https:\\\/\\\/schema.org\",\"@graph\":[{\"@type\":\"WebPage\",\"@id\":\"https:\\\/\\\/www.ortungsgerate.de\\\/13-diktiergeraete\\\/anschluss-zur-verbindung-eines-diktiergeraets-mit-dem-telefon-zur-wiedergabe-von-aufnahmen\\\/\",\"url\":\"https:\\\/\\\/www.ortungsgerate.de\\\/13-diktiergeraete\\\/anschluss-zur-verbindung-eines-diktiergeraets-mit-dem-telefon-zur-wiedergabe-von-aufnahmen\\\/\",\"name\":\"Anschluss zur Verbindung eines Diktierger\u00e4ts mit dem Telefon zur Wiedergabe von Aufzeichnungen\",\"isPartOf\":{\"@id\":\"https:\\\/\\\/www.ortungsgerate.de\\\/#website\"},\"primaryImageOfPage\":{\"@id\":\"https:\\\/\\\/www.ortungsgerate.de\\\/13-diktiergeraete\\\/anschluss-zur-verbindung-eines-diktiergeraets-mit-dem-telefon-zur-wiedergabe-von-aufnahmen\\\/#primaryimage\"},\"image\":{\"@id\":\"https:\\\/\\\/www.ortungsgerate.de\\\/13-diktiergeraete\\\/anschluss-zur-verbindung-eines-diktiergeraets-mit-dem-telefon-zur-wiedergabe-von-aufnahmen\\\/#primaryimage\"},\"thumbnailUrl\":\"https:\\\/\\\/www.ortungsgerate.de\\\/wp-content\\\/uploads\\\/usb-otg-perejimas-mobiliam-telefonui-duomenu-perdavimui.jpg\",\"datePublished\":\"2020-01-15T10:47:57+00:00\",\"dateModified\":\"2025-11-26T17:01:36+00:00\",\"description\":\"OTG-Anschluss zum Verbinden eines verdeckten Mini-Diktierger\u00e4ts mit einem Mobiltelefon. Sie k\u00f6nnen die Aufnahmen auf Ihr Mobiltelefon kopieren und ohne Computerunterst\u00fctzung abh\u00f6ren.\",\"breadcrumb\":{\"@id\":\"https:\\\/\\\/www.ortungsgerate.de\\\/13-diktiergeraete\\\/anschluss-zur-verbindung-eines-diktiergeraets-mit-dem-telefon-zur-wiedergabe-von-aufnahmen\\\/#breadcrumb\"},\"inLanguage\":\"ru-RU\",\"potentialAction\":[{\"@type\":\"ReadAction\",\"target\":[\"https:\\\/\\\/www.ortungsgerate.de\\\/13-diktiergeraete\\\/anschluss-zur-verbindung-eines-diktiergeraets-mit-dem-telefon-zur-wiedergabe-von-aufnahmen\\\/\"]}]},{\"@type\":\"ImageObject\",\"inLanguage\":\"ru-RU\",\"@id\":\"https:\\\/\\\/www.ortungsgerate.de\\\/13-diktiergeraete\\\/anschluss-zur-verbindung-eines-diktiergeraets-mit-dem-telefon-zur-wiedergabe-von-aufnahmen\\\/#primaryimage\",\"url\":\"https:\\\/\\\/www.ortungsgerate.de\\\/wp-content\\\/uploads\\\/usb-otg-perejimas-mobiliam-telefonui-duomenu-perdavimui.jpg\",\"contentUrl\":\"https:\\\/\\\/www.ortungsgerate.de\\\/wp-content\\\/uploads\\\/usb-otg-perejimas-mobiliam-telefonui-duomenu-perdavimui.jpg\",\"width\":1600,\"height\":1600,\"caption\":\"USB OTG Adapter f\u00fcr Mobiltelefon zur Daten\u00fcbertragung\"},{\"@type\":\"BreadcrumbList\",\"@id\":\"https:\\\/\\\/www.ortungsgerate.de\\\/13-diktiergeraete\\\/anschluss-zur-verbindung-eines-diktiergeraets-mit-dem-telefon-zur-wiedergabe-von-aufnahmen\\\/#breadcrumb\",\"itemListElement\":[{\"@type\":\"ListItem\",\"position\":1,\"name\":\"Startseite\",\"item\":\"https:\\\/\\\/www.ortungsgerate.de\\\/\"},{\"@type\":\"ListItem\",\"position\":2,\"name\":\"Shop\",\"item\":\"https:\\\/\\\/www.ortungsgerate.de\\\/shop\\\/\"},{\"@type\":\"ListItem\",\"position\":3,\"name\":\"Anschluss zur Verbindung eines Diktierger\u00e4ts mit dem Telefon zur Wiedergabe von Aufnahmen\"}]},{\"@type\":\"WebSite\",\"@id\":\"https:\\\/\\\/www.ortungsgerate.de\\\/#website\",\"url\":\"https:\\\/\\\/www.ortungsgerate.de\\\/\",\"name\":\"Ortungsgerate.de\",\"description\":\"\",\"publisher\":{\"@id\":\"https:\\\/\\\/www.ortungsgerate.de\\\/#organization\"},\"potentialAction\":[{\"@type\":\"SearchAction\",\"target\":{\"@type\":\"EntryPoint\",\"urlTemplate\":\"https:\\\/\\\/www.ortungsgerate.de\\\/?s={search_term_string}\"},\"query-input\":{\"@type\":\"PropertyValueSpecification\",\"valueRequired\":true,\"valueName\":\"search_term_string\"}}],\"inLanguage\":\"ru-RU\"},{\"@type\":\"Organization\",\"@id\":\"https:\\\/\\\/www.ortungsgerate.de\\\/#organization\",\"name\":\"Ortungsgerate.de\",\"url\":\"https:\\\/\\\/www.ortungsgerate.de\\\/\",\"logo\":{\"@type\":\"ImageObject\",\"inLanguage\":\"ru-RU\",\"@id\":\"https:\\\/\\\/www.ortungsgerate.de\\\/#\\\/schema\\\/logo\\\/image\\\/\",\"url\":\"https:\\\/\\\/www.ortungsgerate.de\\\/wp-content\\\/uploads\\\/ortungsgerate.png\",\"contentUrl\":\"https:\\\/\\\/www.ortungsgerate.de\\\/wp-content\\\/uploads\\\/ortungsgerate.png\",\"width\":500,\"height\":135,\"caption\":\"Ortungsgerate.de\"},\"image\":{\"@id\":\"https:\\\/\\\/www.ortungsgerate.de\\\/#\\\/schema\\\/logo\\\/image\\\/\"}}]}<\/script>\n<!-- \/ Yoast SEO Premium plugin. -->","yoast_head_json":{"title":"Anschluss zur Verbindung eines Diktierger\u00e4ts mit dem Telefon zur Wiedergabe von Aufzeichnungen","description":"OTG-Anschluss zum Verbinden eines verdeckten Mini-Diktierger\u00e4ts mit einem Mobiltelefon. Sie k\u00f6nnen die Aufnahmen auf Ihr Mobiltelefon kopieren und ohne Computerunterst\u00fctzung abh\u00f6ren.","robots":{"index":"index","follow":"follow","max-snippet":"max-snippet:-1","max-image-preview":"max-image-preview:large","max-video-preview":"max-video-preview:-1"},"canonical":"https:\/\/www.ortungsgerate.de\/ru\/13-diktofony-2\/razem-dlya-podklyucheniya-diktofona-k-telefonu-dlya-vosproizvedeniya-zapisey\/","og_locale":"ru_RU","og_type":"article","og_title":"Anschluss zur Verbindung eines Diktierger\u00e4ts mit dem Telefon zur Wiedergabe von Aufnahmen","og_description":"OTG-Anschluss zum Verbinden eines verdeckten Mini-Diktierger\u00e4ts mit einem Mobiltelefon. Sie k\u00f6nnen die Aufnahmen auf Ihr Mobiltelefon kopieren und ohne Computerunterst\u00fctzung abh\u00f6ren.","og_url":"https:\/\/www.ortungsgerate.de\/ru\/13-diktofony-2\/razem-dlya-podklyucheniya-diktofona-k-telefonu-dlya-vosproizvedeniya-zapisey\/","og_site_name":"Ortungsger\u00e4te.de","article_modified_time":"2025-11-26T17:01:36+00:00","og_image":[{"width":1600,"height":1600,"url":"https:\/\/www.ortungsgerate.de\/wp-content\/uploads\/usb-otg-perejimas-mobiliam-telefonui-duomenu-perdavimui.jpg","type":"image\/jpeg"}],"twitter_card":"summary_large_image","twitter_misc":{"\u041f\u0440\u0438\u043c\u0435\u0440\u043d\u043e\u0435 \u0432\u0440\u0435\u043c\u044f \u0434\u043b\u044f \u0447\u0442\u0435\u043d\u0438\u044f":"1 \u043c\u0438\u043d\u0443\u0442\u0430"},"schema":{"@context":"https:\/\/schema.org","@graph":[{"@type":"WebPage","@id":"https:\/\/www.ortungsgerate.de\/13-diktiergeraete\/anschluss-zur-verbindung-eines-diktiergeraets-mit-dem-telefon-zur-wiedergabe-von-aufnahmen\/","url":"https:\/\/www.ortungsgerate.de\/13-diktiergeraete\/anschluss-zur-verbindung-eines-diktiergeraets-mit-dem-telefon-zur-wiedergabe-von-aufnahmen\/","name":"Anschluss zur Verbindung eines Diktierger\u00e4ts mit dem Telefon zur Wiedergabe von Aufzeichnungen","isPartOf":{"@id":"https:\/\/www.ortungsgerate.de\/#website"},"primaryImageOfPage":{"@id":"https:\/\/www.ortungsgerate.de\/13-diktiergeraete\/anschluss-zur-verbindung-eines-diktiergeraets-mit-dem-telefon-zur-wiedergabe-von-aufnahmen\/#primaryimage"},"image":{"@id":"https:\/\/www.ortungsgerate.de\/13-diktiergeraete\/anschluss-zur-verbindung-eines-diktiergeraets-mit-dem-telefon-zur-wiedergabe-von-aufnahmen\/#primaryimage"},"thumbnailUrl":"https:\/\/www.ortungsgerate.de\/wp-content\/uploads\/usb-otg-perejimas-mobiliam-telefonui-duomenu-perdavimui.jpg","datePublished":"2020-01-15T10:47:57+00:00","dateModified":"2025-11-26T17:01:36+00:00","description":"OTG-Anschluss zum Verbinden eines verdeckten Mini-Diktierger\u00e4ts mit einem Mobiltelefon. Sie k\u00f6nnen die Aufnahmen auf Ihr Mobiltelefon kopieren und ohne Computerunterst\u00fctzung abh\u00f6ren.","breadcrumb":{"@id":"https:\/\/www.ortungsgerate.de\/13-diktiergeraete\/anschluss-zur-verbindung-eines-diktiergeraets-mit-dem-telefon-zur-wiedergabe-von-aufnahmen\/#breadcrumb"},"inLanguage":"ru-RU","potentialAction":[{"@type":"ReadAction","target":["https:\/\/www.ortungsgerate.de\/13-diktiergeraete\/anschluss-zur-verbindung-eines-diktiergeraets-mit-dem-telefon-zur-wiedergabe-von-aufnahmen\/"]}]},{"@type":"ImageObject","inLanguage":"ru-RU","@id":"https:\/\/www.ortungsgerate.de\/13-diktiergeraete\/anschluss-zur-verbindung-eines-diktiergeraets-mit-dem-telefon-zur-wiedergabe-von-aufnahmen\/#primaryimage","url":"https:\/\/www.ortungsgerate.de\/wp-content\/uploads\/usb-otg-perejimas-mobiliam-telefonui-duomenu-perdavimui.jpg","contentUrl":"https:\/\/www.ortungsgerate.de\/wp-content\/uploads\/usb-otg-perejimas-mobiliam-telefonui-duomenu-perdavimui.jpg","width":1600,"height":1600,"caption":"USB OTG Adapter f\u00fcr Mobiltelefon zur Daten\u00fcbertragung"},{"@type":"BreadcrumbList","@id":"https:\/\/www.ortungsgerate.de\/13-diktiergeraete\/anschluss-zur-verbindung-eines-diktiergeraets-mit-dem-telefon-zur-wiedergabe-von-aufnahmen\/#breadcrumb","itemListElement":[{"@type":"ListItem","position":1,"name":"Startseite","item":"https:\/\/www.ortungsgerate.de\/"},{"@type":"ListItem","position":2,"name":"Shop","item":"https:\/\/www.ortungsgerate.de\/shop\/"},{"@type":"ListItem","position":3,"name":"Anschluss zur Verbindung eines Diktierger\u00e4ts mit dem Telefon zur Wiedergabe von Aufnahmen"}]},{"@type":"WebSite","@id":"https:\/\/www.ortungsgerate.de\/#website","url":"https:\/\/www.ortungsgerate.de\/","name":"Ortungsgerate.de","description":"","publisher":{"@id":"https:\/\/www.ortungsgerate.de\/#organization"},"potentialAction":[{"@type":"SearchAction","target":{"@type":"EntryPoint","urlTemplate":"https:\/\/www.ortungsgerate.de\/?s={search_term_string}"},"query-input":{"@type":"PropertyValueSpecification","valueRequired":true,"valueName":"search_term_string"}}],"inLanguage":"ru-RU"},{"@type":"Organization","@id":"https:\/\/www.ortungsgerate.de\/#organization","name":"Ortungsgerate.de","url":"https:\/\/www.ortungsgerate.de\/","logo":{"@type":"ImageObject","inLanguage":"ru-RU","@id":"https:\/\/www.ortungsgerate.de\/#\/schema\/logo\/image\/","url":"https:\/\/www.ortungsgerate.de\/wp-content\/uploads\/ortungsgerate.png","contentUrl":"https:\/\/www.ortungsgerate.de\/wp-content\/uploads\/ortungsgerate.png","width":500,"height":135,"caption":"Ortungsgerate.de"},"image":{"@id":"https:\/\/www.ortungsgerate.de\/#\/schema\/logo\/image\/"}}]}},"_links":{"self":[{"href":"https:\/\/www.ortungsgerate.de\/ru\/wp-json\/wp\/v2\/product\/16423","targetHints":{"allow":["GET"]}}],"collection":[{"href":"https:\/\/www.ortungsgerate.de\/ru\/wp-json\/wp\/v2\/product"}],"about":[{"href":"https:\/\/www.ortungsgerate.de\/ru\/wp-json\/wp\/v2\/types\/product"}],"version-history":[{"count":0,"href":"https:\/\/www.ortungsgerate.de\/ru\/wp-json\/wp\/v2\/product\/16423\/revisions"}],"wp:featuredmedia":[{"embeddable":true,"href":"https:\/\/www.ortungsgerate.de\/ru\/wp-json\/wp\/v2\/media\/13518"}],"wp:attachment":[{"href":"https:\/\/www.ortungsgerate.de\/ru\/wp-json\/wp\/v2\/media?parent=16423"}],"wp:term":[{"taxonomy":"brand","embeddable":true,"href":"https:\/\/www.ortungsgerate.de\/ru\/wp-json\/wp\/v2\/etheme_brands?post=16423"},{"taxonomy":"product_brand","embeddable":true,"href":"https:\/\/www.ortungsgerate.de\/ru\/wp-json\/wp\/v2\/product_brand?post=16423"},{"taxonomy":"product_cat","embeddable":true,"href":"https:\/\/www.ortungsgerate.de\/ru\/wp-json\/wp\/v2\/product_cat?post=16423"},{"taxonomy":"product_tag","embeddable":true,"href":"https:\/\/www.ortungsgerate.de\/ru\/wp-json\/wp\/v2\/product_tag?post=16423"}],"curies":[{"name":"wp","href":"https:\/\/api.w.org\/{rel}","templated":true}]}}