{"id":16424,"date":"2024-10-03T15:11:08","date_gmt":"2024-10-03T12:11:08","guid":{"rendered":"https:\/\/ortungsgerate.de\/be-kategorijos\/wifi-pasiklausymo-blake-diktofonas-veikimas-iki-7men-be-krovimo\/"},"modified":"2025-11-26T19:01:36","modified_gmt":"2025-11-26T17:01:36","slug":"wifi-proslushivayuschee-ustroystvo-shpionskiy-diktofon-s-prodolzhitelnostyu-raboty-do-7-mesyatsev-bez-podzaryadki","status":"publish","type":"product","link":"https:\/\/www.ortungsgerate.de\/ru\/16-proslushivayushcheye-oborudovaniye-2\/wifi-proslushivayuschee-ustroystvo-shpionskiy-diktofon-s-prodolzhitelnostyu-raboty-do-7-mesyatsev-bez-podzaryadki\/","title":{"rendered":"WiFi \u043f\u0440\u043e\u0441\u043b\u0443\u0448\u0438\u0432\u0430\u044e\u0449\u0435\u0435 \u0443\u0441\u0442\u0440\u043e\u0439\u0441\u0442\u0432\u043e \u0448\u043f\u0438\u043e\u043d\u0441\u043a\u0438\u0439 \u0434\u0438\u043a\u0442\u043e\u0444\u043e\u043d \u0441 \u043f\u0440\u043e\u0434\u043e\u043b\u0436\u0438\u0442\u0435\u043b\u044c\u043d\u043e\u0441\u0442\u044c\u044e \u0440\u0430\u0431\u043e\u0442\u044b \u0434\u043e 7 \u043c\u0435\u0441\u044f\u0446\u0435\u0432 \u0431\u0435\u0437 \u043f\u043e\u0434\u0437\u0430\u0440\u044f\u0434\u043a\u0438"},"content":{"rendered":"<h3><strong>\u0422\u0435\u0445\u043d\u0438\u0447\u0435\u0441\u043a\u0438\u0435 \u043f\u0430\u0440\u0430\u043c\u0435\u0442\u0440\u044b:<\/strong><\/h3>\n<ul>\n<li>\u0410\u0443\u0434\u0438\u043e\u043f\u0435\u0440\u0435\u0434\u0430\u0447\u0430: WI FI \u0432\u044b\u0441\u043e\u0447\u0430\u0439\u0448\u0435\u0435 \u043a\u0430\u0447\u0435\u0441\u0442\u0432\u043e \u0437\u0432\u0443\u043a\u0430<\/li>\n<li>Funktioniert bis zu 7 Monate im Standby-Modus<\/li>\n<li>Die M\u00f6glichkeit, st\u00e4ndig mit dem Netzwerk verbunden zu sein<\/li>\n<li>Mobile App f\u00fcr Live-Zuh\u00f6ren und Fernherunterladen von Aufnahmen<\/li>\n<li>Batterie 560mAh<\/li>\n<li>\u0412 \u043a\u043e\u043c\u043f\u043b\u0435\u043a\u0442\u0435: \u043a\u0430\u0440\u0442\u0430 \u043f\u0430\u043c\u044f\u0442\u0438 32GB<\/li>\n<li>\u041d\u0435 \u0438\u0437\u0434\u0430\u0435\u0442 \u0437\u0432\u0443\u043a\u043e\u0432<\/li>\n<li>\u0427\u0443\u0432\u0441\u0442\u0432\u0438\u0442\u0435\u043b\u044c\u043d\u044b\u0439 \u043c\u0438\u043a\u0440\u043e\u0444\u043e\u043d<\/li>\n<li>\u0412\u043e\u0437\u043c\u043e\u0436\u043d\u043e\u0441\u0442\u044c \u043f\u0440\u043e\u0441\u043b\u0443\u0448\u0438\u0432\u0430\u043d\u0438\u044f \u0432 \u0440\u0435\u0430\u043b\u044c\u043d\u043e\u043c \u0432\u0440\u0435\u043c\u0435\u043d\u0438<\/li>\n<li>\u0421\u043e\u0445\u0440\u0430\u043d\u044f\u0435\u0442 \u0437\u0430\u043f\u0438\u0441\u0438 \u0432\u043e \u0432\u043d\u0443\u0442\u0440\u0435\u043d\u043d\u0435\u0439 \u043f\u0430\u043c\u044f\u0442\u0438 32GB (\u0437\u0430\u043f\u0438\u0441\u0438 \u043c\u043e\u0433\u0443\u0442 \u0431\u044b\u0442\u044c \u0437\u0430\u0433\u0440\u0443\u0436\u0435\u043d\u044b \u0443\u0434\u0430\u043b\u0435\u043d\u043d\u043e)<\/li>\n<li>\u0414\u043e\u0441\u0442\u0443\u043f\u043d\u043e \u043c\u043e\u0431\u0438\u043b\u044c\u043d\u043e\u0435 \u043f\u0440\u0438\u043b\u043e\u0436\u0435\u043d\u0438\u0435<\/li>\n<li>\u041c\u0438\u043a\u0440\u043e\u0444\u043e\u043d: \u043f\u0435\u0440\u0435\u0434\u0430\u0435\u0442 \u0437\u0432\u0443\u043a\u0438 \u0432 \u0432\u044b\u0441\u043e\u0447\u0430\u0439\u0448\u0435\u043c \u043a\u0430\u0447\u0435\u0441\u0442\u0432\u0435<\/li>\n<li>\u041c\u043e\u0436\u0435\u0442 \u043e\u0442\u043f\u0440\u0430\u0432\u043b\u044f\u0442\u044c \u0443\u0432\u0435\u0434\u043e\u043c\u043b\u0435\u043d\u0438\u0435 \u043d\u0430 \u0442\u0435\u043b\u0435\u0444\u043e\u043d \u0438 \u0430\u0432\u0442\u043e\u043c\u0430\u0442\u0438\u0447\u0435\u0441\u043a\u0438 \u0437\u0430\u043f\u0438\u0441\u044b\u0432\u0430\u0442\u044c \u0437\u0432\u0443\u043a (\u043f\u0440\u0438 \u043f\u043e\u044f\u0432\u043b\u0435\u043d\u0438\u0438 \u0448\u0443\u043c\u0430 \u043e\u0442 50 \u0434\u0411, 60 \u0434\u0411 \u0438\u043b\u0438 70 \u0434\u0411)<\/li>\n<li>Abmessungen: 96mm H\u00f6he, 76mm Breite, 76mm Tiefe<\/li>\n<li><strong>\u0413\u0410\u0420\u0410\u041d\u0422\u0418\u042f 12 \u043c\u0435\u0441\u044f\u0446\u0435\u0432<\/strong><\/li>\n<\/ul>\n<p><span style=\"color: #d0121a;\"><\/span><\/p>\n<p>Verwendung: F\u00fcr die Sicherheit von Ihnen und Ihren Kindern.<\/p>\n<p><strong>\u041a\u043e\u043c\u043f\u043b\u0435\u043a\u0442\u0430\u0446\u0438\u044f<\/strong><\/p>\n<ul>\n<li>PRO Wifi Abh\u00f6rwanze<\/li>\n<li>\u0420\u0443\u043a\u043e\u0432\u043e\u0434\u0441\u0442\u0432\u043e \u043f\u043e\u043b\u044c\u0437\u043e\u0432\u0430\u0442\u0435\u043b\u044f<\/li>\n<\/ul>","protected":false},"excerpt":{"rendered":"<p>Technische Parameter: Audio\u00fcbertragung: WI FI h\u00f6chste Audioqualit\u00e4t Funktioniert bis zu 7 Monate im Standby-Modus Die M\u00f6glichkeit, st\u00e4ndig mit dem Netzwerk verbunden zu sein Mobile App&#8230;<\/p>","protected":false},"featured_media":26429,"template":"","meta":[],"etheme_brands":[],"product_brand":[],"product_cat":[208,214,222],"product_tag":[],"class_list":{"0":"post-16424","1":"product","2":"type-product","3":"status-publish","4":"has-post-thumbnail","6":"product_cat-16-abhoergeraete","7":"product_cat-21-professionelle-abhoergeraete","8":"product_cat-35-wlan-abhoergeraete-neu","9":"pa_typ-diffusoren-fuer-aetherische-oele","11":"first","12":"instock","13":"taxable","14":"shipping-taxable","15":"purchasable","16":"product-type-simple"},"yoast_head":"<!-- This site is optimized with the Yoast SEO Premium plugin v25.9 (Yoast SEO v27.4) - https:\/\/yoast.com\/product\/yoast-seo-premium-wordpress\/ -->\n<title>WiFi Lauscher Spionageger\u00e4t Diktierger\u00e4t mit einer Betriebsdauer von bis zu 7 Monaten ohne Aufladung<\/title>\n<meta name=\"robots\" content=\"index, follow, max-snippet:-1, max-image-preview:large, max-video-preview:-1\" \/>\n<link rel=\"canonical\" href=\"https:\/\/www.ortungsgerate.de\/ru\/16-proslushivayushcheye-oborudovaniye-2\/wifi-proslushivayuschee-ustroystvo-shpionskiy-diktofon-s-prodolzhitelnostyu-raboty-do-7-mesyatsev-bez-podzaryadki\/\" \/>\n<meta property=\"og:locale\" content=\"ru_RU\" \/>\n<meta property=\"og:type\" content=\"article\" \/>\n<meta property=\"og:title\" content=\"WiFi Lauscher Spionageger\u00e4t Diktierger\u00e4t mit einer Betriebsdauer von bis zu 7 Monaten ohne Aufladung\" \/>\n<meta property=\"og:description\" content=\"Technische Parameter: Audio\u00fcbertragung: WI FI h\u00f6chste Audioqualit\u00e4t Funktioniert bis zu 7 Monate im Standby-Modus Die M\u00f6glichkeit, st\u00e4ndig mit dem Netzwerk verbunden zu sein Mobile App...\" \/>\n<meta property=\"og:url\" content=\"https:\/\/www.ortungsgerate.de\/ru\/16-proslushivayushcheye-oborudovaniye-2\/wifi-proslushivayuschee-ustroystvo-shpionskiy-diktofon-s-prodolzhitelnostyu-raboty-do-7-mesyatsev-bez-podzaryadki\/\" \/>\n<meta property=\"og:site_name\" content=\"Ortungsger\u00e4te.de\" \/>\n<meta property=\"article:modified_time\" content=\"2025-11-26T17:01:36+00:00\" \/>\n<meta property=\"og:image\" content=\"https:\/\/www.ortungsgerate.de\/wp-content\/uploads\/wifi-diktofonas-pasiklausymo-blake.jpg\" \/>\n\t<meta property=\"og:image:width\" content=\"500\" \/>\n\t<meta property=\"og:image:height\" content=\"500\" \/>\n\t<meta property=\"og:image:type\" content=\"image\/jpeg\" \/>\n<meta name=\"twitter:card\" content=\"summary_large_image\" \/>\n<meta name=\"twitter:label1\" content=\"\u041f\u0440\u0438\u043c\u0435\u0440\u043d\u043e\u0435 \u0432\u0440\u0435\u043c\u044f \u0434\u043b\u044f \u0447\u0442\u0435\u043d\u0438\u044f\" \/>\n\t<meta name=\"twitter:data1\" content=\"1 \u043c\u0438\u043d\u0443\u0442\u0430\" \/>\n<script type=\"application\/ld+json\" class=\"yoast-schema-graph\">{\"@context\":\"https:\\\/\\\/schema.org\",\"@graph\":[{\"@type\":\"WebPage\",\"@id\":\"https:\\\/\\\/www.ortungsgerate.de\\\/16-abhoergeraete\\\/wifi-lauscher-spionagegeraet-diktiergeraet-mit-einer-betriebsdauer-von-bis-zu-7-monaten-ohne-aufladung\\\/\",\"url\":\"https:\\\/\\\/www.ortungsgerate.de\\\/16-abhoergeraete\\\/wifi-lauscher-spionagegeraet-diktiergeraet-mit-einer-betriebsdauer-von-bis-zu-7-monaten-ohne-aufladung\\\/\",\"name\":\"WiFi Lauscher Spionageger\u00e4t Diktierger\u00e4t mit einer Betriebsdauer von bis zu 7 Monaten ohne Aufladung\",\"isPartOf\":{\"@id\":\"https:\\\/\\\/www.ortungsgerate.de\\\/#website\"},\"primaryImageOfPage\":{\"@id\":\"https:\\\/\\\/www.ortungsgerate.de\\\/16-abhoergeraete\\\/wifi-lauscher-spionagegeraet-diktiergeraet-mit-einer-betriebsdauer-von-bis-zu-7-monaten-ohne-aufladung\\\/#primaryimage\"},\"image\":{\"@id\":\"https:\\\/\\\/www.ortungsgerate.de\\\/16-abhoergeraete\\\/wifi-lauscher-spionagegeraet-diktiergeraet-mit-einer-betriebsdauer-von-bis-zu-7-monaten-ohne-aufladung\\\/#primaryimage\"},\"thumbnailUrl\":\"https:\\\/\\\/www.ortungsgerate.de\\\/wp-content\\\/uploads\\\/wifi-diktofonas-pasiklausymo-blake.jpg\",\"datePublished\":\"2024-10-03T12:11:08+00:00\",\"dateModified\":\"2025-11-26T17:01:36+00:00\",\"breadcrumb\":{\"@id\":\"https:\\\/\\\/www.ortungsgerate.de\\\/16-abhoergeraete\\\/wifi-lauscher-spionagegeraet-diktiergeraet-mit-einer-betriebsdauer-von-bis-zu-7-monaten-ohne-aufladung\\\/#breadcrumb\"},\"inLanguage\":\"ru-RU\",\"potentialAction\":[{\"@type\":\"ReadAction\",\"target\":[\"https:\\\/\\\/www.ortungsgerate.de\\\/16-abhoergeraete\\\/wifi-lauscher-spionagegeraet-diktiergeraet-mit-einer-betriebsdauer-von-bis-zu-7-monaten-ohne-aufladung\\\/\"]}]},{\"@type\":\"ImageObject\",\"inLanguage\":\"ru-RU\",\"@id\":\"https:\\\/\\\/www.ortungsgerate.de\\\/16-abhoergeraete\\\/wifi-lauscher-spionagegeraet-diktiergeraet-mit-einer-betriebsdauer-von-bis-zu-7-monaten-ohne-aufladung\\\/#primaryimage\",\"url\":\"https:\\\/\\\/www.ortungsgerate.de\\\/wp-content\\\/uploads\\\/wifi-diktofonas-pasiklausymo-blake.jpg\",\"contentUrl\":\"https:\\\/\\\/www.ortungsgerate.de\\\/wp-content\\\/uploads\\\/wifi-diktofonas-pasiklausymo-blake.jpg\",\"width\":500,\"height\":500,\"caption\":\"WLAN Diktierger\u00e4t Abh\u00f6rwanze\"},{\"@type\":\"BreadcrumbList\",\"@id\":\"https:\\\/\\\/www.ortungsgerate.de\\\/16-abhoergeraete\\\/wifi-lauscher-spionagegeraet-diktiergeraet-mit-einer-betriebsdauer-von-bis-zu-7-monaten-ohne-aufladung\\\/#breadcrumb\",\"itemListElement\":[{\"@type\":\"ListItem\",\"position\":1,\"name\":\"Startseite\",\"item\":\"https:\\\/\\\/www.ortungsgerate.de\\\/\"},{\"@type\":\"ListItem\",\"position\":2,\"name\":\"Shop\",\"item\":\"https:\\\/\\\/www.ortungsgerate.de\\\/shop\\\/\"},{\"@type\":\"ListItem\",\"position\":3,\"name\":\"WiFi Lauscher Spionageger\u00e4t Diktierger\u00e4t mit einer Betriebsdauer von bis zu 7 Monaten ohne Aufladung\"}]},{\"@type\":\"WebSite\",\"@id\":\"https:\\\/\\\/www.ortungsgerate.de\\\/#website\",\"url\":\"https:\\\/\\\/www.ortungsgerate.de\\\/\",\"name\":\"Ortungsgerate.de\",\"description\":\"\",\"publisher\":{\"@id\":\"https:\\\/\\\/www.ortungsgerate.de\\\/#organization\"},\"potentialAction\":[{\"@type\":\"SearchAction\",\"target\":{\"@type\":\"EntryPoint\",\"urlTemplate\":\"https:\\\/\\\/www.ortungsgerate.de\\\/?s={search_term_string}\"},\"query-input\":{\"@type\":\"PropertyValueSpecification\",\"valueRequired\":true,\"valueName\":\"search_term_string\"}}],\"inLanguage\":\"ru-RU\"},{\"@type\":\"Organization\",\"@id\":\"https:\\\/\\\/www.ortungsgerate.de\\\/#organization\",\"name\":\"Ortungsgerate.de\",\"url\":\"https:\\\/\\\/www.ortungsgerate.de\\\/\",\"logo\":{\"@type\":\"ImageObject\",\"inLanguage\":\"ru-RU\",\"@id\":\"https:\\\/\\\/www.ortungsgerate.de\\\/#\\\/schema\\\/logo\\\/image\\\/\",\"url\":\"https:\\\/\\\/www.ortungsgerate.de\\\/wp-content\\\/uploads\\\/ortungsgerate.png\",\"contentUrl\":\"https:\\\/\\\/www.ortungsgerate.de\\\/wp-content\\\/uploads\\\/ortungsgerate.png\",\"width\":500,\"height\":135,\"caption\":\"Ortungsgerate.de\"},\"image\":{\"@id\":\"https:\\\/\\\/www.ortungsgerate.de\\\/#\\\/schema\\\/logo\\\/image\\\/\"}}]}<\/script>\n<!-- \/ Yoast SEO Premium plugin. -->","yoast_head_json":{"title":"WiFi \u043f\u0440\u043e\u0441\u043b\u0443\u0448\u0438\u0432\u0430\u044e\u0449\u0435\u0435 \u0443\u0441\u0442\u0440\u043e\u0439\u0441\u0442\u0432\u043e \u0448\u043f\u0438\u043e\u043d\u0441\u043a\u0438\u0439 \u0434\u0438\u043a\u0442\u043e\u0444\u043e\u043d \u0441 \u043f\u0440\u043e\u0434\u043e\u043b\u0436\u0438\u0442\u0435\u043b\u044c\u043d\u043e\u0441\u0442\u044c\u044e \u0440\u0430\u0431\u043e\u0442\u044b \u0434\u043e 7 \u043c\u0435\u0441\u044f\u0446\u0435\u0432 \u0431\u0435\u0437 \u043f\u043e\u0434\u0437\u0430\u0440\u044f\u0434\u043a\u0438","robots":{"index":"index","follow":"follow","max-snippet":"max-snippet:-1","max-image-preview":"max-image-preview:large","max-video-preview":"max-video-preview:-1"},"canonical":"https:\/\/www.ortungsgerate.de\/ru\/16-proslushivayushcheye-oborudovaniye-2\/wifi-proslushivayuschee-ustroystvo-shpionskiy-diktofon-s-prodolzhitelnostyu-raboty-do-7-mesyatsev-bez-podzaryadki\/","og_locale":"ru_RU","og_type":"article","og_title":"WiFi Lauscher Spionageger\u00e4t Diktierger\u00e4t mit einer Betriebsdauer von bis zu 7 Monaten ohne Aufladung","og_description":"Technische Parameter: Audio\u00fcbertragung: WI FI h\u00f6chste Audioqualit\u00e4t Funktioniert bis zu 7 Monate im Standby-Modus Die M\u00f6glichkeit, st\u00e4ndig mit dem Netzwerk verbunden zu sein Mobile App...","og_url":"https:\/\/www.ortungsgerate.de\/ru\/16-proslushivayushcheye-oborudovaniye-2\/wifi-proslushivayuschee-ustroystvo-shpionskiy-diktofon-s-prodolzhitelnostyu-raboty-do-7-mesyatsev-bez-podzaryadki\/","og_site_name":"Ortungsger\u00e4te.de","article_modified_time":"2025-11-26T17:01:36+00:00","og_image":[{"width":500,"height":500,"url":"https:\/\/www.ortungsgerate.de\/wp-content\/uploads\/wifi-diktofonas-pasiklausymo-blake.jpg","type":"image\/jpeg"}],"twitter_card":"summary_large_image","twitter_misc":{"\u041f\u0440\u0438\u043c\u0435\u0440\u043d\u043e\u0435 \u0432\u0440\u0435\u043c\u044f \u0434\u043b\u044f \u0447\u0442\u0435\u043d\u0438\u044f":"1 \u043c\u0438\u043d\u0443\u0442\u0430"},"schema":{"@context":"https:\/\/schema.org","@graph":[{"@type":"WebPage","@id":"https:\/\/www.ortungsgerate.de\/16-abhoergeraete\/wifi-lauscher-spionagegeraet-diktiergeraet-mit-einer-betriebsdauer-von-bis-zu-7-monaten-ohne-aufladung\/","url":"https:\/\/www.ortungsgerate.de\/16-abhoergeraete\/wifi-lauscher-spionagegeraet-diktiergeraet-mit-einer-betriebsdauer-von-bis-zu-7-monaten-ohne-aufladung\/","name":"WiFi \u043f\u0440\u043e\u0441\u043b\u0443\u0448\u0438\u0432\u0430\u044e\u0449\u0435\u0435 \u0443\u0441\u0442\u0440\u043e\u0439\u0441\u0442\u0432\u043e \u0448\u043f\u0438\u043e\u043d\u0441\u043a\u0438\u0439 \u0434\u0438\u043a\u0442\u043e\u0444\u043e\u043d \u0441 \u043f\u0440\u043e\u0434\u043e\u043b\u0436\u0438\u0442\u0435\u043b\u044c\u043d\u043e\u0441\u0442\u044c\u044e \u0440\u0430\u0431\u043e\u0442\u044b \u0434\u043e 7 \u043c\u0435\u0441\u044f\u0446\u0435\u0432 \u0431\u0435\u0437 \u043f\u043e\u0434\u0437\u0430\u0440\u044f\u0434\u043a\u0438","isPartOf":{"@id":"https:\/\/www.ortungsgerate.de\/#website"},"primaryImageOfPage":{"@id":"https:\/\/www.ortungsgerate.de\/16-abhoergeraete\/wifi-lauscher-spionagegeraet-diktiergeraet-mit-einer-betriebsdauer-von-bis-zu-7-monaten-ohne-aufladung\/#primaryimage"},"image":{"@id":"https:\/\/www.ortungsgerate.de\/16-abhoergeraete\/wifi-lauscher-spionagegeraet-diktiergeraet-mit-einer-betriebsdauer-von-bis-zu-7-monaten-ohne-aufladung\/#primaryimage"},"thumbnailUrl":"https:\/\/www.ortungsgerate.de\/wp-content\/uploads\/wifi-diktofonas-pasiklausymo-blake.jpg","datePublished":"2024-10-03T12:11:08+00:00","dateModified":"2025-11-26T17:01:36+00:00","breadcrumb":{"@id":"https:\/\/www.ortungsgerate.de\/16-abhoergeraete\/wifi-lauscher-spionagegeraet-diktiergeraet-mit-einer-betriebsdauer-von-bis-zu-7-monaten-ohne-aufladung\/#breadcrumb"},"inLanguage":"ru-RU","potentialAction":[{"@type":"ReadAction","target":["https:\/\/www.ortungsgerate.de\/16-abhoergeraete\/wifi-lauscher-spionagegeraet-diktiergeraet-mit-einer-betriebsdauer-von-bis-zu-7-monaten-ohne-aufladung\/"]}]},{"@type":"ImageObject","inLanguage":"ru-RU","@id":"https:\/\/www.ortungsgerate.de\/16-abhoergeraete\/wifi-lauscher-spionagegeraet-diktiergeraet-mit-einer-betriebsdauer-von-bis-zu-7-monaten-ohne-aufladung\/#primaryimage","url":"https:\/\/www.ortungsgerate.de\/wp-content\/uploads\/wifi-diktofonas-pasiklausymo-blake.jpg","contentUrl":"https:\/\/www.ortungsgerate.de\/wp-content\/uploads\/wifi-diktofonas-pasiklausymo-blake.jpg","width":500,"height":500,"caption":"WLAN Diktierger\u00e4t Abh\u00f6rwanze"},{"@type":"BreadcrumbList","@id":"https:\/\/www.ortungsgerate.de\/16-abhoergeraete\/wifi-lauscher-spionagegeraet-diktiergeraet-mit-einer-betriebsdauer-von-bis-zu-7-monaten-ohne-aufladung\/#breadcrumb","itemListElement":[{"@type":"ListItem","position":1,"name":"Startseite","item":"https:\/\/www.ortungsgerate.de\/"},{"@type":"ListItem","position":2,"name":"Shop","item":"https:\/\/www.ortungsgerate.de\/shop\/"},{"@type":"ListItem","position":3,"name":"WiFi Lauscher Spionageger\u00e4t Diktierger\u00e4t mit einer Betriebsdauer von bis zu 7 Monaten ohne Aufladung"}]},{"@type":"WebSite","@id":"https:\/\/www.ortungsgerate.de\/#website","url":"https:\/\/www.ortungsgerate.de\/","name":"Ortungsgerate.de","description":"","publisher":{"@id":"https:\/\/www.ortungsgerate.de\/#organization"},"potentialAction":[{"@type":"SearchAction","target":{"@type":"EntryPoint","urlTemplate":"https:\/\/www.ortungsgerate.de\/?s={search_term_string}"},"query-input":{"@type":"PropertyValueSpecification","valueRequired":true,"valueName":"search_term_string"}}],"inLanguage":"ru-RU"},{"@type":"Organization","@id":"https:\/\/www.ortungsgerate.de\/#organization","name":"Ortungsgerate.de","url":"https:\/\/www.ortungsgerate.de\/","logo":{"@type":"ImageObject","inLanguage":"ru-RU","@id":"https:\/\/www.ortungsgerate.de\/#\/schema\/logo\/image\/","url":"https:\/\/www.ortungsgerate.de\/wp-content\/uploads\/ortungsgerate.png","contentUrl":"https:\/\/www.ortungsgerate.de\/wp-content\/uploads\/ortungsgerate.png","width":500,"height":135,"caption":"Ortungsgerate.de"},"image":{"@id":"https:\/\/www.ortungsgerate.de\/#\/schema\/logo\/image\/"}}]}},"_links":{"self":[{"href":"https:\/\/www.ortungsgerate.de\/ru\/wp-json\/wp\/v2\/product\/16424","targetHints":{"allow":["GET"]}}],"collection":[{"href":"https:\/\/www.ortungsgerate.de\/ru\/wp-json\/wp\/v2\/product"}],"about":[{"href":"https:\/\/www.ortungsgerate.de\/ru\/wp-json\/wp\/v2\/types\/product"}],"version-history":[{"count":0,"href":"https:\/\/www.ortungsgerate.de\/ru\/wp-json\/wp\/v2\/product\/16424\/revisions"}],"wp:featuredmedia":[{"embeddable":true,"href":"https:\/\/www.ortungsgerate.de\/ru\/wp-json\/wp\/v2\/media\/26429"}],"wp:attachment":[{"href":"https:\/\/www.ortungsgerate.de\/ru\/wp-json\/wp\/v2\/media?parent=16424"}],"wp:term":[{"taxonomy":"brand","embeddable":true,"href":"https:\/\/www.ortungsgerate.de\/ru\/wp-json\/wp\/v2\/etheme_brands?post=16424"},{"taxonomy":"product_brand","embeddable":true,"href":"https:\/\/www.ortungsgerate.de\/ru\/wp-json\/wp\/v2\/product_brand?post=16424"},{"taxonomy":"product_cat","embeddable":true,"href":"https:\/\/www.ortungsgerate.de\/ru\/wp-json\/wp\/v2\/product_cat?post=16424"},{"taxonomy":"product_tag","embeddable":true,"href":"https:\/\/www.ortungsgerate.de\/ru\/wp-json\/wp\/v2\/product_tag?post=16424"}],"curies":[{"name":"wp","href":"https:\/\/api.w.org\/{rel}","templated":true}]}}