{"id":16425,"date":"2024-11-07T11:35:47","date_gmt":"2024-11-07T09:35:47","guid":{"rendered":"https:\/\/ortungsgerate.de\/be-kategorijos\/duru-skambutis-i-buta-su-slapta-kamera-wifi-32gb\/"},"modified":"2025-11-26T19:01:36","modified_gmt":"2025-11-26T17:01:36","slug":"dvernoy-zvonok-dlya-kvartiry-s-skrytoy-kameroy-wifi-32gb","status":"publish","type":"product","link":"https:\/\/www.ortungsgerate.de\/ru\/12-skrytyje-kamery\/dvernoy-zvonok-dlya-kvartiry-s-skrytoy-kameroy-wifi-32gb\/","title":{"rendered":"\u0414\u0432\u0435\u0440\u043d\u043e\u0439 \u0437\u0432\u043e\u043d\u043e\u043a \u0434\u043b\u044f \u043a\u0432\u0430\u0440\u0442\u0438\u0440\u044b \u0441 \u0441\u043a\u0440\u044b\u0442\u043e\u0439 \u043a\u0430\u043c\u0435\u0440\u043e\u0439 WiFi 32GB"},"content":{"rendered":"<h3><strong>\u0422\u0435\u0445\u043d\u0438\u0447\u0435\u0441\u043a\u0438\u0435 \u043f\u0430\u0440\u0430\u043c\u0435\u0442\u0440\u044b:<\/strong><\/h3>\n<ul>\n<li>Fernansicht: JA<\/li>\n<li>\u041d\u0430\u0441\u0442\u043e\u044f\u0449\u0438\u0439 \u0440\u0430\u0431\u043e\u0442\u0430\u044e\u0449\u0438\u0439 \u0434\u0432\u0435\u0440\u043d\u043e\u0439 \u0437\u0432\u043e\u043d\u043e\u043a<\/li>\n<li>\u041f\u043e\u0434\u043a\u043b\u044e\u0447\u0435\u043d\u0438\u0435 \u043a 220v<\/li>\n<li>\u041f\u043e\u0434\u043a\u043b\u044e\u0447\u0430\u0435\u0442\u0441\u044f \u0432\u043c\u0435\u0441\u0442\u043e \u0441\u0442\u0430\u0440\u043e\u0433\u043e \u0434\u0432\u0435\u0440\u043d\u043e\u0433\u043e \u0437\u0432\u043e\u043d\u043a\u0430<\/li>\n<li>\u0418\u0437\u043e\u0431\u0440\u0430\u0436\u0435\u043d\u0438\u0435 \u0437\u0430\u043f\u0438\u0441\u044b\u0432\u0430\u0435\u0442\u0441\u044f \u0441\u043e \u0437\u0432\u0443\u043a\u043e\u043c<\/li>\n<li>\u041a\u0430\u0447\u0435\u0441\u0442\u0432\u043e \u0432\u0438\u0434\u0435\u043e: FULL HD 1920*1080<\/li>\n<li>\u041f\u0440\u043e\u0441\u043c\u043e\u0442\u0440 \u0438\u0437\u043e\u0431\u0440\u0430\u0436\u0435\u043d\u0438\u044f \u0432\u043e\u0437\u043c\u043e\u0436\u0435\u043d: \u0441 \u0442\u0435\u043b\u0435\u0444\u043e\u043d\u0430, \u043a\u043e\u043c\u043f\u044c\u044e\u0442\u0435\u0440\u0430 \u0438 \u043f\u043b\u0430\u043d\u0448\u0435\u0442\u0430<\/li>\n<li>\u0420\u0435\u0436\u0438\u043c \u043e\u0431\u043d\u0430\u0440\u0443\u0436\u0435\u043d\u0438\u044f \u0434\u0432\u0438\u0436\u0435\u043d\u0438\u044f: \u0414\u0410 (\u0446\u0438\u0444\u0440\u043e\u0432\u043e\u0439)<\/li>\n<li>\u0423\u0433\u043e\u043b \u043e\u0431\u0437\u043e\u0440\u0430: 90 \u00b0<\/li>\n<li>\u041f\u043e\u0434\u0434\u0435\u0440\u0436\u0438\u0432\u0430\u0435\u043c\u0430\u044f \u043a\u0430\u0440\u0442\u0430: 32GB-128 GB (\u043a\u0430\u0440\u0442\u0430 \u043d\u0435 \u0432\u0445\u043e\u0434\u0438\u0442 \u0432 \u043a\u043e\u043c\u043f\u043b\u0435\u043a\u0442)<\/li>\n<li>1 \u0447\u0430\u0441 \u0432\u0438\u0434\u0435\u043e\u0437\u0430\u043f\u0438\u0441\u0438 \u0442\u0440\u0435\u0431\u0443\u0435\u0442 310 \u041c\u0411<\/li>\n<li>\u0424\u043e\u0440\u043c\u0430\u0442 \u0441\u0436\u0430\u0442\u0438\u044f: AVI H.264<\/li>\n<li>\u041f\u043e\u0434\u0434\u0435\u0440\u0436\u0438\u0432\u0430\u0435\u043c\u044b\u0435 \u0441\u0438\u0441\u0442\u0435\u043c\u044b: \u201eiOS\u201c \u201eAndroid\u201c<\/li>\n<li>\u041f\u0440\u0438\u043b\u043e\u0436\u0435\u043d\u0438\u044f: Android \/ iPhone<\/li>\n<li>Wi-Fi-\u0441\u043e\u0435\u0434\u0438\u043d\u0435\u043d\u0438\u0435: IEEE802.11 b \/ g \/ n<\/li>\n<li>\u0414\u043b\u0438\u043d\u0430 \u043b\u0435\u043d\u0442\u044b: 10 \u0441\u043c<\/li>\n<li>\u0420\u0430\u0437\u043c\u0435\u0440\u044b: 125\u043c\u043c x 155\u043c\u043c x 40\u043c\u043c<\/li>\n<li>Aufnahmeverwaltung: \u00a0mit jedem Smart-Ger\u00e4t (Telefon, Computer oder Tablet).<\/li>\n<li><strong>\u0413\u0430\u0440\u0430\u043d\u0442\u0438\u044f 12 \u043c\u0435\u0441\u044f\u0446\u0435\u0432.<\/strong><\/li>\n<\/ul>\n<p>\u0418\u0441\u043f\u043e\u043b\u044c\u0437\u043e\u0432\u0430\u043d\u0438\u0435: \u0414\u043b\u044f \u0432\u0430\u0448\u0435\u0439 \u0431\u0435\u0437\u043e\u043f\u0430\u0441\u043d\u043e\u0441\u0442\u0438 \u0438 \u0431\u0435\u0437\u043e\u043f\u0430\u0441\u043d\u043e\u0441\u0442\u0438 \u0432\u0430\u0448\u0438\u0445 \u0434\u0435\u0442\u0435\u0439.<\/p>\n<p><span style=\"color: #d0121a;\"><strong><\/strong><\/span><\/p>\n<p>\u0412\u044b\u0441\u043e\u043a\u043e\u043a\u0430\u0447\u0435\u0441\u0442\u0432\u0435\u043d\u043d\u043e\u0435 \u0438\u0437\u043e\u0431\u0440\u0430\u0436\u0435\u043d\u0438\u0435 \u0441\u043e \u0437\u0432\u0443\u043a\u043e\u043c. \u042d\u0442\u043e\u0442 \u0434\u0432\u0435\u0440\u043d\u043e\u0439 \u0437\u0432\u043e\u043d\u043e\u043a \u0443\u0441\u0442\u0430\u043d\u0430\u0432\u043b\u0438\u0432\u0430\u0435\u0442\u0441\u044f \u0432\u043c\u0435\u0441\u0442\u043e \u0441\u0442\u0430\u0440\u043e\u0433\u043e \u0437\u0432\u043e\u043d\u043a\u0430. \u041e\u043d \u043e\u0441\u043d\u0430\u0449\u0435\u043d \u0432\u0441\u0442\u0440\u043e\u0435\u043d\u043d\u043e\u0439 \u0441\u043a\u0440\u044b\u0442\u043e\u0439 \u043a\u0430\u043c\u0435\u0440\u043e\u0439, \u0441 \u043f\u043e\u043c\u043e\u0449\u044c\u044e \u043a\u043e\u0442\u043e\u0440\u043e\u0439 \u0432\u044b \u043c\u043e\u0436\u0435\u0442\u0435 \u0432\u0438\u0434\u0435\u0442\u044c, \u043a\u0442\u043e \u043f\u0440\u0438\u0445\u043e\u0434\u0438\u0442 \u043a \u0432\u0430\u043c \u0434\u043e\u043c\u043e\u0439 (\u044f\u0432\u043b\u044f\u044e\u0442\u0441\u044f \u043b\u0438 \u044d\u0442\u043e \u043d\u0435\u0436\u0435\u043b\u0430\u0442\u0435\u043b\u044c\u043d\u044b\u0435 \u043b\u0438\u0446\u0430 (\u0432\u043e\u0440\u044b)). \u0412 \u043a\u043e\u043c\u043f\u043b\u0435\u043a\u0442 \u0432\u0445\u043e\u0434\u0438\u0442 \u043a\u0430\u0440\u0442\u0430 \u043f\u0430\u043c\u044f\u0442\u0438 \u043d\u0430 32 \u0413\u0411, \u043a\u043e\u0442\u043e\u0440\u043e\u0439 \u0434\u043e\u0441\u0442\u0430\u0442\u043e\u0447\u043d\u043e \u0434\u043b\u044f \u043d\u0435\u043f\u0440\u0435\u0440\u044b\u0432\u043d\u043e\u0439 \u0437\u0430\u043f\u0438\u0441\u0438 \u0432 \u0442\u0435\u0447\u0435\u043d\u0438\u0435 4 \u0434\u043d\u0435\u0439. \u042d\u0442\u0430 \u043a\u0430\u043c\u0435\u0440\u0430 \u043e\u0441\u043d\u0430\u0449\u0435\u043d\u0430 \u0434\u0435\u0442\u0435\u043a\u0442\u043e\u0440\u043e\u043c \u0434\u0432\u0438\u0436\u0435\u043d\u0438\u044f \u0438 \u043c\u043e\u0436\u0435\u0442 \u0437\u0430\u043f\u0438\u0441\u044b\u0432\u0430\u0442\u044c \u0432\u0438\u0434\u0435\u043e, \u043a\u043e\u0433\u0434\u0430 \u043a\u0442\u043e-\u0442\u043e \u043f\u0440\u0438\u0445\u043e\u0434\u0438\u0442 \u043a \u0432\u0430\u043c \u0434\u043e\u043c\u043e\u0439, \u0447\u0442\u043e \u044d\u043a\u043e\u043d\u043e\u043c\u0438\u0442 \u043c\u0435\u0441\u0442\u043e \u0438 \u043e\u0431\u043b\u0435\u0433\u0447\u0430\u0435\u0442 \u043f\u043e\u0438\u0441\u043a \u0437\u0430\u043f\u0438\u0441\u0435\u0439, \u0435\u0441\u043b\u0438 \u043a\u0442\u043e-\u0442\u043e \u0432\u043e\u0448\u0435\u043b \u0432 \u0432\u0430\u0448 \u0434\u043e\u043c.<\/p>\n<p>\u0414\u043e\u043f\u043e\u043b\u043d\u0438\u0442\u0435\u043b\u044c\u043d\u043e \u0432\u0430\u043c \u043d\u0435 \u043d\u0443\u0436\u043d\u043e \u043d\u0438\u0447\u0435\u0433\u043e \u043f\u043e\u043a\u0443\u043f\u0430\u0442\u044c, \u0432\u044b \u043f\u043e\u043b\u0443\u0447\u0430\u0435\u0442\u0435 \u043f\u043e\u043b\u043d\u043e\u0441\u0442\u044c\u044e \u043f\u043e\u0434\u0433\u043e\u0442\u043e\u0432\u043b\u0435\u043d\u043d\u043e\u0435 \u043e\u0431\u043e\u0440\u0443\u0434\u043e\u0432\u0430\u043d\u0438\u0435.<\/p>\n<p>\u0423\u0441\u0442\u0430\u043d\u043e\u0432\u043a\u0430 \u043d\u0430 \u0432\u0430\u0448 \u043c\u043e\u0431\u0438\u043b\u044c\u043d\u044b\u0439 \u0442\u0435\u043b\u0435\u0444\u043e\u043d \u0437\u0430\u043d\u0438\u043c\u0430\u0435\u0442 \u0432\u0441\u0435\u0433\u043e \u043d\u0435\u0441\u043a\u043e\u043b\u044c\u043a\u043e \u043c\u0438\u043d\u0443\u0442 \u2013 \u0432\u044b \u043f\u043e\u043b\u0443\u0447\u0438\u0442\u0435 \u0432\u0438\u0434\u0435\u043e\u0438\u043d\u0441\u0442\u0440\u0443\u043a\u0446\u0438\u044e, \u043a\u0430\u043a \u044d\u0442\u043e \u0441\u0434\u0435\u043b\u0430\u0442\u044c, \u0432\u0441\u0435 \u043e\u0447\u0435\u043d\u044c \u043f\u0440\u043e\u0441\u0442\u043e.<\/p>\n<div class=\"iframe-container\"><\/div>","protected":false},"excerpt":{"rendered":"<p>Technische\u00a0Parameter: Fernansicht: JA Echter funktionierender T\u00fcrgong Anschluss an 220v Wird anstelle des alten T\u00fcrgongs angeschlossen Bild wird mit Ton aufgezeichnet Videoqualit\u00e4t:\u00a0 FULL HD 1920*1080 Bildansicht&#8230;<\/p>","protected":false},"featured_media":26358,"template":"","meta":[],"etheme_brands":[],"product_brand":[],"product_cat":[204,203,205],"product_tag":[687,692,688,705,690,691,693],"class_list":{"0":"post-16425","1":"product","2":"type-product","3":"status-publish","4":"has-post-thumbnail","6":"product_cat-17-getarnte-kameras","7":"product_cat-12-versteckte-kameras","8":"product_cat-27-wlan-minikameras","9":"product_tag-kamera-zur-ueberwachung","10":"product_tag-schneidekamera","11":"product_tag-tarnkappen-kamera","12":"product_tag-ueberwachungskamera","13":"product_tag-versteckte-kamera","14":"product_tag-versteckte-ueberwachungskamera","15":"product_tag-wlan-kamera","16":"pa_typ-tuerklingel","18":"first","19":"instock","20":"taxable","21":"shipping-taxable","22":"purchasable","23":"product-type-simple"},"yoast_head":"<!-- This site is optimized with the Yoast SEO Premium plugin v25.9 (Yoast SEO v27.4) - https:\/\/yoast.com\/product\/yoast-seo-premium-wordpress\/ -->\n<title>T\u00fcrklingel f\u00fcr die Wohnung mit versteckter Kamera WiFi 32GB<\/title>\n<meta name=\"description\" content=\"Versteckte Kamera in die T\u00fcrklingel eingebaut. H\u00f6chste Videoqualit\u00e4t, einfache Montage. Kostenloser Versand - Lieferung innerhalb von +- 24 Stunden in Litauen.\" \/>\n<meta name=\"robots\" content=\"index, follow, max-snippet:-1, max-image-preview:large, max-video-preview:-1\" \/>\n<link rel=\"canonical\" href=\"https:\/\/www.ortungsgerate.de\/ru\/12-skrytyje-kamery\/dvernoy-zvonok-dlya-kvartiry-s-skrytoy-kameroy-wifi-32gb\/\" \/>\n<meta property=\"og:locale\" content=\"ru_RU\" \/>\n<meta property=\"og:type\" content=\"article\" \/>\n<meta property=\"og:title\" content=\"T\u00fcrklingel f\u00fcr die Wohnung mit versteckter Kamera WiFi 32GB\" \/>\n<meta property=\"og:description\" content=\"Versteckte Kamera in die T\u00fcrklingel eingebaut. H\u00f6chste Videoqualit\u00e4t, einfache Montage. Kostenloser Versand - Lieferung innerhalb von +- 24 Stunden in Litauen.\" \/>\n<meta property=\"og:url\" content=\"https:\/\/www.ortungsgerate.de\/ru\/12-skrytyje-kamery\/dvernoy-zvonok-dlya-kvartiry-s-skrytoy-kameroy-wifi-32gb\/\" \/>\n<meta property=\"og:site_name\" content=\"Ortungsger\u00e4te.de\" \/>\n<meta property=\"article:modified_time\" content=\"2025-11-26T17:01:36+00:00\" \/>\n<meta property=\"og:image\" content=\"https:\/\/www.ortungsgerate.de\/wp-content\/uploads\/slapta-kamera-duru-skambutis.jpg\" \/>\n\t<meta property=\"og:image:width\" content=\"900\" \/>\n\t<meta property=\"og:image:height\" content=\"900\" \/>\n\t<meta property=\"og:image:type\" content=\"image\/jpeg\" \/>\n<meta name=\"twitter:card\" content=\"summary_large_image\" \/>\n<meta name=\"twitter:label1\" content=\"\u041f\u0440\u0438\u043c\u0435\u0440\u043d\u043e\u0435 \u0432\u0440\u0435\u043c\u044f \u0434\u043b\u044f \u0447\u0442\u0435\u043d\u0438\u044f\" \/>\n\t<meta name=\"twitter:data1\" content=\"2 \u043c\u0438\u043d\u0443\u0442\u044b\" \/>\n<script type=\"application\/ld+json\" class=\"yoast-schema-graph\">{\"@context\":\"https:\\\/\\\/schema.org\",\"@graph\":[{\"@type\":\"WebPage\",\"@id\":\"https:\\\/\\\/www.ortungsgerate.de\\\/12-versteckte-kameras\\\/tuerklingel-fuer-die-wohnung-mit-versteckter-kamera-wifi-32gb\\\/\",\"url\":\"https:\\\/\\\/www.ortungsgerate.de\\\/12-versteckte-kameras\\\/tuerklingel-fuer-die-wohnung-mit-versteckter-kamera-wifi-32gb\\\/\",\"name\":\"T\u00fcrklingel f\u00fcr die Wohnung mit versteckter Kamera WiFi 32GB\",\"isPartOf\":{\"@id\":\"https:\\\/\\\/www.ortungsgerate.de\\\/#website\"},\"primaryImageOfPage\":{\"@id\":\"https:\\\/\\\/www.ortungsgerate.de\\\/12-versteckte-kameras\\\/tuerklingel-fuer-die-wohnung-mit-versteckter-kamera-wifi-32gb\\\/#primaryimage\"},\"image\":{\"@id\":\"https:\\\/\\\/www.ortungsgerate.de\\\/12-versteckte-kameras\\\/tuerklingel-fuer-die-wohnung-mit-versteckter-kamera-wifi-32gb\\\/#primaryimage\"},\"thumbnailUrl\":\"https:\\\/\\\/www.ortungsgerate.de\\\/wp-content\\\/uploads\\\/slapta-kamera-duru-skambutis.jpg\",\"datePublished\":\"2024-11-07T09:35:47+00:00\",\"dateModified\":\"2025-11-26T17:01:36+00:00\",\"description\":\"Versteckte Kamera in die T\u00fcrklingel eingebaut. H\u00f6chste Videoqualit\u00e4t, einfache Montage. Kostenloser Versand - Lieferung innerhalb von +- 24 Stunden in Litauen.\",\"breadcrumb\":{\"@id\":\"https:\\\/\\\/www.ortungsgerate.de\\\/12-versteckte-kameras\\\/tuerklingel-fuer-die-wohnung-mit-versteckter-kamera-wifi-32gb\\\/#breadcrumb\"},\"inLanguage\":\"ru-RU\",\"potentialAction\":[{\"@type\":\"ReadAction\",\"target\":[\"https:\\\/\\\/www.ortungsgerate.de\\\/12-versteckte-kameras\\\/tuerklingel-fuer-die-wohnung-mit-versteckter-kamera-wifi-32gb\\\/\"]}]},{\"@type\":\"ImageObject\",\"inLanguage\":\"ru-RU\",\"@id\":\"https:\\\/\\\/www.ortungsgerate.de\\\/12-versteckte-kameras\\\/tuerklingel-fuer-die-wohnung-mit-versteckter-kamera-wifi-32gb\\\/#primaryimage\",\"url\":\"https:\\\/\\\/www.ortungsgerate.de\\\/wp-content\\\/uploads\\\/slapta-kamera-duru-skambutis.jpg\",\"contentUrl\":\"https:\\\/\\\/www.ortungsgerate.de\\\/wp-content\\\/uploads\\\/slapta-kamera-duru-skambutis.jpg\",\"width\":900,\"height\":900,\"caption\":\"versteckte Kamera T\u00fcrklingel\"},{\"@type\":\"BreadcrumbList\",\"@id\":\"https:\\\/\\\/www.ortungsgerate.de\\\/12-versteckte-kameras\\\/tuerklingel-fuer-die-wohnung-mit-versteckter-kamera-wifi-32gb\\\/#breadcrumb\",\"itemListElement\":[{\"@type\":\"ListItem\",\"position\":1,\"name\":\"Startseite\",\"item\":\"https:\\\/\\\/www.ortungsgerate.de\\\/\"},{\"@type\":\"ListItem\",\"position\":2,\"name\":\"Shop\",\"item\":\"https:\\\/\\\/www.ortungsgerate.de\\\/shop\\\/\"},{\"@type\":\"ListItem\",\"position\":3,\"name\":\"T\u00fcrklingel f\u00fcr die Wohnung mit versteckter Kamera WiFi 32GB\"}]},{\"@type\":\"WebSite\",\"@id\":\"https:\\\/\\\/www.ortungsgerate.de\\\/#website\",\"url\":\"https:\\\/\\\/www.ortungsgerate.de\\\/\",\"name\":\"Ortungsgerate.de\",\"description\":\"\",\"publisher\":{\"@id\":\"https:\\\/\\\/www.ortungsgerate.de\\\/#organization\"},\"potentialAction\":[{\"@type\":\"SearchAction\",\"target\":{\"@type\":\"EntryPoint\",\"urlTemplate\":\"https:\\\/\\\/www.ortungsgerate.de\\\/?s={search_term_string}\"},\"query-input\":{\"@type\":\"PropertyValueSpecification\",\"valueRequired\":true,\"valueName\":\"search_term_string\"}}],\"inLanguage\":\"ru-RU\"},{\"@type\":\"Organization\",\"@id\":\"https:\\\/\\\/www.ortungsgerate.de\\\/#organization\",\"name\":\"Ortungsgerate.de\",\"url\":\"https:\\\/\\\/www.ortungsgerate.de\\\/\",\"logo\":{\"@type\":\"ImageObject\",\"inLanguage\":\"ru-RU\",\"@id\":\"https:\\\/\\\/www.ortungsgerate.de\\\/#\\\/schema\\\/logo\\\/image\\\/\",\"url\":\"https:\\\/\\\/www.ortungsgerate.de\\\/wp-content\\\/uploads\\\/ortungsgerate.png\",\"contentUrl\":\"https:\\\/\\\/www.ortungsgerate.de\\\/wp-content\\\/uploads\\\/ortungsgerate.png\",\"width\":500,\"height\":135,\"caption\":\"Ortungsgerate.de\"},\"image\":{\"@id\":\"https:\\\/\\\/www.ortungsgerate.de\\\/#\\\/schema\\\/logo\\\/image\\\/\"}}]}<\/script>\n<!-- \/ Yoast SEO Premium plugin. -->","yoast_head_json":{"title":"\u0414\u0432\u0435\u0440\u043d\u043e\u0439 \u0437\u0432\u043e\u043d\u043e\u043a \u0434\u043b\u044f \u043a\u0432\u0430\u0440\u0442\u0438\u0440\u044b \u0441 \u0441\u043a\u0440\u044b\u0442\u043e\u0439 \u043a\u0430\u043c\u0435\u0440\u043e\u0439 WiFi 32GB","description":"\u0421\u043a\u0440\u044b\u0442\u0430\u044f \u043a\u0430\u043c\u0435\u0440\u0430 \u0432\u0441\u0442\u0440\u043e\u0435\u043d\u0430 \u0432 \u0434\u0432\u0435\u0440\u043d\u043e\u0439 \u0437\u0432\u043e\u043d\u043e\u043a. \u0412\u044b\u0441\u043e\u0447\u0430\u0439\u0448\u0435\u0435 \u043a\u0430\u0447\u0435\u0441\u0442\u0432\u043e \u0432\u0438\u0434\u0435\u043e, \u043f\u0440\u043e\u0441\u0442\u0430\u044f \u0443\u0441\u0442\u0430\u043d\u043e\u0432\u043a\u0430. \u0411\u0435\u0441\u043f\u043b\u0430\u0442\u043d\u0430\u044f \u0434\u043e\u0441\u0442\u0430\u0432\u043a\u0430 - \u0434\u043e\u0441\u0442\u0430\u0432\u043a\u0430 \u0432 \u0442\u0435\u0447\u0435\u043d\u0438\u0435 +- 24 \u0447\u0430\u0441\u043e\u0432 \u0432 \u041b\u0438\u0442\u0432\u0435.","robots":{"index":"index","follow":"follow","max-snippet":"max-snippet:-1","max-image-preview":"max-image-preview:large","max-video-preview":"max-video-preview:-1"},"canonical":"https:\/\/www.ortungsgerate.de\/ru\/12-skrytyje-kamery\/dvernoy-zvonok-dlya-kvartiry-s-skrytoy-kameroy-wifi-32gb\/","og_locale":"ru_RU","og_type":"article","og_title":"T\u00fcrklingel f\u00fcr die Wohnung mit versteckter Kamera WiFi 32GB","og_description":"Versteckte Kamera in die T\u00fcrklingel eingebaut. H\u00f6chste Videoqualit\u00e4t, einfache Montage. Kostenloser Versand - Lieferung innerhalb von +- 24 Stunden in Litauen.","og_url":"https:\/\/www.ortungsgerate.de\/ru\/12-skrytyje-kamery\/dvernoy-zvonok-dlya-kvartiry-s-skrytoy-kameroy-wifi-32gb\/","og_site_name":"Ortungsger\u00e4te.de","article_modified_time":"2025-11-26T17:01:36+00:00","og_image":[{"width":900,"height":900,"url":"https:\/\/www.ortungsgerate.de\/wp-content\/uploads\/slapta-kamera-duru-skambutis.jpg","type":"image\/jpeg"}],"twitter_card":"summary_large_image","twitter_misc":{"\u041f\u0440\u0438\u043c\u0435\u0440\u043d\u043e\u0435 \u0432\u0440\u0435\u043c\u044f \u0434\u043b\u044f \u0447\u0442\u0435\u043d\u0438\u044f":"2 \u043c\u0438\u043d\u0443\u0442\u044b"},"schema":{"@context":"https:\/\/schema.org","@graph":[{"@type":"WebPage","@id":"https:\/\/www.ortungsgerate.de\/12-versteckte-kameras\/tuerklingel-fuer-die-wohnung-mit-versteckter-kamera-wifi-32gb\/","url":"https:\/\/www.ortungsgerate.de\/12-versteckte-kameras\/tuerklingel-fuer-die-wohnung-mit-versteckter-kamera-wifi-32gb\/","name":"\u0414\u0432\u0435\u0440\u043d\u043e\u0439 \u0437\u0432\u043e\u043d\u043e\u043a \u0434\u043b\u044f \u043a\u0432\u0430\u0440\u0442\u0438\u0440\u044b \u0441 \u0441\u043a\u0440\u044b\u0442\u043e\u0439 \u043a\u0430\u043c\u0435\u0440\u043e\u0439 WiFi 32GB","isPartOf":{"@id":"https:\/\/www.ortungsgerate.de\/#website"},"primaryImageOfPage":{"@id":"https:\/\/www.ortungsgerate.de\/12-versteckte-kameras\/tuerklingel-fuer-die-wohnung-mit-versteckter-kamera-wifi-32gb\/#primaryimage"},"image":{"@id":"https:\/\/www.ortungsgerate.de\/12-versteckte-kameras\/tuerklingel-fuer-die-wohnung-mit-versteckter-kamera-wifi-32gb\/#primaryimage"},"thumbnailUrl":"https:\/\/www.ortungsgerate.de\/wp-content\/uploads\/slapta-kamera-duru-skambutis.jpg","datePublished":"2024-11-07T09:35:47+00:00","dateModified":"2025-11-26T17:01:36+00:00","description":"\u0421\u043a\u0440\u044b\u0442\u0430\u044f \u043a\u0430\u043c\u0435\u0440\u0430 \u0432\u0441\u0442\u0440\u043e\u0435\u043d\u0430 \u0432 \u0434\u0432\u0435\u0440\u043d\u043e\u0439 \u0437\u0432\u043e\u043d\u043e\u043a. \u0412\u044b\u0441\u043e\u0447\u0430\u0439\u0448\u0435\u0435 \u043a\u0430\u0447\u0435\u0441\u0442\u0432\u043e \u0432\u0438\u0434\u0435\u043e, \u043f\u0440\u043e\u0441\u0442\u0430\u044f \u0443\u0441\u0442\u0430\u043d\u043e\u0432\u043a\u0430. \u0411\u0435\u0441\u043f\u043b\u0430\u0442\u043d\u0430\u044f \u0434\u043e\u0441\u0442\u0430\u0432\u043a\u0430 - \u0434\u043e\u0441\u0442\u0430\u0432\u043a\u0430 \u0432 \u0442\u0435\u0447\u0435\u043d\u0438\u0435 +- 24 \u0447\u0430\u0441\u043e\u0432 \u0432 \u041b\u0438\u0442\u0432\u0435.","breadcrumb":{"@id":"https:\/\/www.ortungsgerate.de\/12-versteckte-kameras\/tuerklingel-fuer-die-wohnung-mit-versteckter-kamera-wifi-32gb\/#breadcrumb"},"inLanguage":"ru-RU","potentialAction":[{"@type":"ReadAction","target":["https:\/\/www.ortungsgerate.de\/12-versteckte-kameras\/tuerklingel-fuer-die-wohnung-mit-versteckter-kamera-wifi-32gb\/"]}]},{"@type":"ImageObject","inLanguage":"ru-RU","@id":"https:\/\/www.ortungsgerate.de\/12-versteckte-kameras\/tuerklingel-fuer-die-wohnung-mit-versteckter-kamera-wifi-32gb\/#primaryimage","url":"https:\/\/www.ortungsgerate.de\/wp-content\/uploads\/slapta-kamera-duru-skambutis.jpg","contentUrl":"https:\/\/www.ortungsgerate.de\/wp-content\/uploads\/slapta-kamera-duru-skambutis.jpg","width":900,"height":900,"caption":"versteckte Kamera T\u00fcrklingel"},{"@type":"BreadcrumbList","@id":"https:\/\/www.ortungsgerate.de\/12-versteckte-kameras\/tuerklingel-fuer-die-wohnung-mit-versteckter-kamera-wifi-32gb\/#breadcrumb","itemListElement":[{"@type":"ListItem","position":1,"name":"Startseite","item":"https:\/\/www.ortungsgerate.de\/"},{"@type":"ListItem","position":2,"name":"Shop","item":"https:\/\/www.ortungsgerate.de\/shop\/"},{"@type":"ListItem","position":3,"name":"T\u00fcrklingel f\u00fcr die Wohnung mit versteckter Kamera WiFi 32GB"}]},{"@type":"WebSite","@id":"https:\/\/www.ortungsgerate.de\/#website","url":"https:\/\/www.ortungsgerate.de\/","name":"Ortungsgerate.de","description":"","publisher":{"@id":"https:\/\/www.ortungsgerate.de\/#organization"},"potentialAction":[{"@type":"SearchAction","target":{"@type":"EntryPoint","urlTemplate":"https:\/\/www.ortungsgerate.de\/?s={search_term_string}"},"query-input":{"@type":"PropertyValueSpecification","valueRequired":true,"valueName":"search_term_string"}}],"inLanguage":"ru-RU"},{"@type":"Organization","@id":"https:\/\/www.ortungsgerate.de\/#organization","name":"Ortungsgerate.de","url":"https:\/\/www.ortungsgerate.de\/","logo":{"@type":"ImageObject","inLanguage":"ru-RU","@id":"https:\/\/www.ortungsgerate.de\/#\/schema\/logo\/image\/","url":"https:\/\/www.ortungsgerate.de\/wp-content\/uploads\/ortungsgerate.png","contentUrl":"https:\/\/www.ortungsgerate.de\/wp-content\/uploads\/ortungsgerate.png","width":500,"height":135,"caption":"Ortungsgerate.de"},"image":{"@id":"https:\/\/www.ortungsgerate.de\/#\/schema\/logo\/image\/"}}]}},"_links":{"self":[{"href":"https:\/\/www.ortungsgerate.de\/ru\/wp-json\/wp\/v2\/product\/16425","targetHints":{"allow":["GET"]}}],"collection":[{"href":"https:\/\/www.ortungsgerate.de\/ru\/wp-json\/wp\/v2\/product"}],"about":[{"href":"https:\/\/www.ortungsgerate.de\/ru\/wp-json\/wp\/v2\/types\/product"}],"version-history":[{"count":0,"href":"https:\/\/www.ortungsgerate.de\/ru\/wp-json\/wp\/v2\/product\/16425\/revisions"}],"wp:featuredmedia":[{"embeddable":true,"href":"https:\/\/www.ortungsgerate.de\/ru\/wp-json\/wp\/v2\/media\/26358"}],"wp:attachment":[{"href":"https:\/\/www.ortungsgerate.de\/ru\/wp-json\/wp\/v2\/media?parent=16425"}],"wp:term":[{"taxonomy":"brand","embeddable":true,"href":"https:\/\/www.ortungsgerate.de\/ru\/wp-json\/wp\/v2\/etheme_brands?post=16425"},{"taxonomy":"product_brand","embeddable":true,"href":"https:\/\/www.ortungsgerate.de\/ru\/wp-json\/wp\/v2\/product_brand?post=16425"},{"taxonomy":"product_cat","embeddable":true,"href":"https:\/\/www.ortungsgerate.de\/ru\/wp-json\/wp\/v2\/product_cat?post=16425"},{"taxonomy":"product_tag","embeddable":true,"href":"https:\/\/www.ortungsgerate.de\/ru\/wp-json\/wp\/v2\/product_tag?post=16425"}],"curies":[{"name":"wp","href":"https:\/\/api.w.org\/{rel}","templated":true}]}}