{"id":16426,"date":"2024-02-06T21:37:51","date_gmt":"2024-02-06T19:37:51","guid":{"rendered":"https:\/\/ortungsgerate.de\/be-kategorijos\/rankinis-laikrodis-kamera-su-odine-apyranke-naktinis-matymas-32gb\/"},"modified":"2025-11-26T19:01:36","modified_gmt":"2025-11-26T17:01:36","slug":"naruchnye-chasy-s-kameroy-i-kozhanym-remeshkom-nochnoe-videnie-32gb","status":"publish","type":"product","link":"https:\/\/www.ortungsgerate.de\/ru\/12-skrytyje-kamery\/17-zamaskirovanyje-kamery\/naruchnye-chasy-s-kameroy-i-kozhanym-remeshkom-nochnoe-videnie-32gb\/","title":{"rendered":"\u041d\u0430\u0440\u0443\u0447\u043d\u044b\u0435 \u0447\u0430\u0441\u044b \u0441 \u043a\u0430\u043c\u0435\u0440\u043e\u0439 \u0438 \u043a\u043e\u0436\u0430\u043d\u044b\u043c \u0440\u0435\u043c\u0435\u0448\u043a\u043e\u043c | \u041d\u043e\u0447\u043d\u043e\u0435 \u0432\u0438\u0434\u0435\u043d\u0438\u0435 | 32GB"},"content":{"rendered":"<h3><strong>\u0422\u0435\u0445\u043d\u0438\u0447\u0435\u0441\u043a\u0438\u0435 \u043f\u0430\u0440\u0430\u043c\u0435\u0442\u0440\u044b:<\/strong><\/h3>\n<ul>\n<li>Fotografiert: Ja<\/li>\n<li>Uhrenarmband aus Leder<\/li>\n<li>Diktierger\u00e4t: Vorhanden<\/li>\n<li>Arbeitszeit ohne Aufladen bis zu 150 Min.<\/li>\n<li>Videoaufnahme mit Ton, integriertes Mikrofon<\/li>\n<li>Metallgeh\u00e4use<\/li>\n<li>Interner Speicher 32 GB, 30 Bilder pro Sekunde<\/li>\n<li>Bildqualit\u00e4t: JPG 3840x2880px<\/li>\n<li>Sichtwinkel: 90\u00b0<\/li>\n<li>Nachtsicht (schaltet sich automatisch ein)<\/li>\n<li>Anschl\u00fcsse: USB<\/li>\n<li>Laden: \u00fcber USB<\/li>\n<li>Betriebstemperatur: -10 bis +60<\/li>\n<li>Lieferumfang: Uhr mit Kamera, USB-Kabel, Box<\/li>\n<li><strong>\u0413\u0410\u0420\u0410\u041d\u0422\u0418\u042f 12 \u043c\u0435\u0441\u044f\u0446\u0435\u0432<\/strong><\/li>\n<\/ul>\n<p><span style=\"color: #d0121a;\"><strong>Ben\u00f6tigen Sie eine schnelle Lieferung, am selben Tag? (auch an Wochenenden)  <\/strong><\/span><\/p>\n<p>Einsatzbereich: F\u00fcr Ihre eigene Sicherheit und die Sicherheit Ihrer Kinder.<\/p>\n<p><strong>Armbanduhr \u2013 versteckte Kamera mit Lederarmband, 32 GB internem Speicher und Nachtsichtfunktion<\/strong><\/p>\n<p>Die Armbanduhr mit versteckter Kamera ist ein sehr elegantes und stilvolles Accessoire, das Ihnen gleichzeitig erm\u00f6glicht, bestimmte Beweise oder andere vertrauliche Informationen zu sammeln. Die Armbanduhr mit Lederarmband ist eines jener Accessoires, das die meisten von uns sowohl zu besonderen Anl\u00e4ssen als auch im Alltag w\u00e4hlen, sodass Sie die versteckte Kamera stets bei sich tragen k\u00f6nnen. Wenn Sie unerwartet bestimmte Informationen aufzeichnen m\u00fcssen, l\u00e4sst sich dies mit wenigen Tastendr\u00fccken erledigen.<\/p>\n<p>Die Funktionalit\u00e4t dieser Armbanduhr mit versteckter Kamera wird Sie angenehm \u00fcberraschen: Sie k\u00f6nnen nicht nur verdeckt filmen, sondern auch fotografieren. Obwohl das Kameraobjektiv sehr klein ist, haben die Fotos eine Aufl\u00f6sung von 3840&#215;2880 px. In nur einer Sekunde kann die Kamera bis zu 30 Bilder aufnehmen. In die versteckte Kamera ist ein Mikrofon integriert, sodass Sie Videoaufnahmen mit Ton erstellen k\u00f6nnen.<\/p>\n<p>Das Objektiv der versteckten Kamera ist unauff\u00e4llig, daher besteht kein Grund zur Sorge, dass jemand vermuten k\u00f6nnte, dass Sie filmen. Die versteckte Kamera verf\u00fcgt \u00fcber eine automatisch aktivierte Nachtsichtfunktion: Ohne zus\u00e4tzliche Einstellungen k\u00f6nnen Sie Videoaufnahmen zu jeder Tages- und Nachtzeit machen.<\/p>\n<p>Ohne Aufladen arbeitet die versteckte Kamera bis zu 150 Minuten. Im Lieferumfang der Kamera ist ein USB-Anschluss enthalten, mit dem Sie das Ger\u00e4t aufladen oder die Daten auf einen Computer \u00fcbertragen k\u00f6nnen. Der interne Speicher der versteckten Kamera betr\u00e4gt 32 GB, was Ihnen erm\u00f6glicht, eine betr\u00e4chtliche Menge relevanter Informationen zu speichern. Sollte der Kamera der Speicher ausgehen, \u00fcberschreiben neue Videoaufnahmen automatisch die \u00e4ltesten.<\/p>\n<p>\u0427\u0430\u0441\u044b \u043f\u0440\u043e\u0441\u0442\u044b \u0432 \u0438\u0441\u043f\u043e\u043b\u044c\u0437\u043e\u0432\u0430\u043d\u0438\u0438, \u0441 \u043f\u043e\u043c\u043e\u0449\u044c\u044e \u043d\u0435\u0441\u043a\u043e\u043b\u044c\u043a\u0438\u0445 \u043d\u0430\u0436\u0430\u0442\u0438\u0439 \u043a\u043d\u043e\u043f\u043e\u043a \u0432\u044b \u0430\u043a\u0442\u0438\u0432\u0438\u0440\u0443\u0435\u0442\u0435 \u043d\u0443\u0436\u043d\u044b\u0435 \u0444\u0443\u043d\u043a\u0446\u0438\u0438.<\/p>","protected":false},"excerpt":{"rendered":"<p>Technische Parameter: Fotografiert: Ja Uhrenarmband aus Leder Diktierger\u00e4t: Vorhanden Arbeitszeit ohne Aufladen bis zu 150 Min. Videoaufnahme mit Ton, integriertes Mikrofon Metallgeh\u00e4use Interner Speicher 32&#8230;<\/p>","protected":false},"featured_media":1862,"template":"","meta":[],"etheme_brands":[],"product_brand":[],"product_cat":[210,204,203],"product_tag":[42,754,731,707,705,728,729,690],"class_list":{"0":"post-16426","1":"product","2":"type-product","3":"status-publish","4":"has-post-thumbnail","6":"product_cat-32-armbanduhren-mit-kamera","7":"product_cat-17-getarnte-kameras","8":"product_cat-12-versteckte-kameras","9":"product_tag-kamera","10":"product_tag-kamera-im-wecker","11":"product_tag-kamera-in-der-uhr","12":"product_tag-kamera-uhr","13":"product_tag-ueberwachungskamera","14":"product_tag-uhr","15":"product_tag-uhr-kamera","16":"product_tag-versteckte-kamera","17":"pa_typ-armbanduhren","19":"first","20":"instock","21":"sale","22":"taxable","23":"shipping-taxable","24":"purchasable","25":"product-type-simple"},"yoast_head":"<!-- This site is optimized with the Yoast SEO Premium plugin v25.9 (Yoast SEO v27.4) - https:\/\/yoast.com\/product\/yoast-seo-premium-wordpress\/ -->\n<title>Armbanduhr mit Nachtsicht 32GB Lederarmband<\/title>\n<meta name=\"description\" content=\"Hochwertige Armbanduhr mit Kamera und Nachtsicht. Gro\u00dfer interner Speicher mit bis zu 32GB, Lederarmband. Gro\u00dfe Auswahl an Kameras. Ortungsger\u00e4te\" \/>\n<meta name=\"robots\" content=\"index, follow, max-snippet:-1, max-image-preview:large, max-video-preview:-1\" \/>\n<link rel=\"canonical\" href=\"https:\/\/www.ortungsgerate.de\/ru\/12-skrytyje-kamery\/32-naruchnije-chasy-s-kameroj\/naruchnye-chasy-s-kameroy-i-kozhanym-remeshkom-nochnoe-videnie-32gb\/\" \/>\n<meta property=\"og:locale\" content=\"ru_RU\" \/>\n<meta property=\"og:type\" content=\"article\" \/>\n<meta property=\"og:title\" content=\"Armbanduhr-Kamera mit Lederarmband | Nachtsicht | 32GB\" \/>\n<meta property=\"og:description\" content=\"Hochwertige Armbanduhr mit Kamera und Nachtsicht. Gro\u00dfer interner Speicher mit bis zu 32GB, Lederarmband. Gro\u00dfe Auswahl an Kameras. Ortungsger\u00e4te\" \/>\n<meta property=\"og:url\" content=\"https:\/\/www.ortungsgerate.de\/ru\/12-skrytyje-kamery\/32-naruchnije-chasy-s-kameroj\/naruchnye-chasy-s-kameroy-i-kozhanym-remeshkom-nochnoe-videnie-32gb\/\" \/>\n<meta property=\"og:site_name\" content=\"Ortungsger\u00e4te.de\" \/>\n<meta property=\"article:modified_time\" content=\"2025-11-26T17:01:36+00:00\" \/>\n<meta property=\"og:image\" content=\"https:\/\/www.ortungsgerate.de\/wp-content\/uploads\/rankinis-laikrodis-kamera-su-odine-apyranke-naktinis-matymas-32gb.jpg\" \/>\n\t<meta property=\"og:image:width\" content=\"370\" \/>\n\t<meta property=\"og:image:height\" content=\"472\" \/>\n\t<meta property=\"og:image:type\" content=\"image\/jpeg\" \/>\n<meta name=\"twitter:card\" content=\"summary_large_image\" \/>\n<meta name=\"twitter:label1\" content=\"\u041f\u0440\u0438\u043c\u0435\u0440\u043d\u043e\u0435 \u0432\u0440\u0435\u043c\u044f \u0434\u043b\u044f \u0447\u0442\u0435\u043d\u0438\u044f\" \/>\n\t<meta name=\"twitter:data1\" content=\"2 \u043c\u0438\u043d\u0443\u0442\u044b\" \/>\n<script type=\"application\/ld+json\" class=\"yoast-schema-graph\">{\"@context\":\"https:\\\/\\\/schema.org\",\"@graph\":[{\"@type\":\"WebPage\",\"@id\":\"https:\\\/\\\/www.ortungsgerate.de\\\/12-versteckte-kameras\\\/32-armbanduhren-mit-kamera\\\/armbanduhr-kamera-mit-lederarmband-nachtsicht-32gb\\\/\",\"url\":\"https:\\\/\\\/www.ortungsgerate.de\\\/12-versteckte-kameras\\\/32-armbanduhren-mit-kamera\\\/armbanduhr-kamera-mit-lederarmband-nachtsicht-32gb\\\/\",\"name\":\"Armbanduhr mit Nachtsicht 32GB Lederarmband\",\"isPartOf\":{\"@id\":\"https:\\\/\\\/www.ortungsgerate.de\\\/#website\"},\"primaryImageOfPage\":{\"@id\":\"https:\\\/\\\/www.ortungsgerate.de\\\/12-versteckte-kameras\\\/32-armbanduhren-mit-kamera\\\/armbanduhr-kamera-mit-lederarmband-nachtsicht-32gb\\\/#primaryimage\"},\"image\":{\"@id\":\"https:\\\/\\\/www.ortungsgerate.de\\\/12-versteckte-kameras\\\/32-armbanduhren-mit-kamera\\\/armbanduhr-kamera-mit-lederarmband-nachtsicht-32gb\\\/#primaryimage\"},\"thumbnailUrl\":\"https:\\\/\\\/www.ortungsgerate.de\\\/wp-content\\\/uploads\\\/rankinis-laikrodis-kamera-su-odine-apyranke-naktinis-matymas-32gb.jpg\",\"datePublished\":\"2024-02-06T19:37:51+00:00\",\"dateModified\":\"2025-11-26T17:01:36+00:00\",\"description\":\"Hochwertige Armbanduhr mit Kamera und Nachtsicht. Gro\u00dfer interner Speicher mit bis zu 32GB, Lederarmband. Gro\u00dfe Auswahl an Kameras. Ortungsger\u00e4te\",\"breadcrumb\":{\"@id\":\"https:\\\/\\\/www.ortungsgerate.de\\\/12-versteckte-kameras\\\/32-armbanduhren-mit-kamera\\\/armbanduhr-kamera-mit-lederarmband-nachtsicht-32gb\\\/#breadcrumb\"},\"inLanguage\":\"ru-RU\",\"potentialAction\":[{\"@type\":\"ReadAction\",\"target\":[\"https:\\\/\\\/www.ortungsgerate.de\\\/12-versteckte-kameras\\\/32-armbanduhren-mit-kamera\\\/armbanduhr-kamera-mit-lederarmband-nachtsicht-32gb\\\/\"]}]},{\"@type\":\"ImageObject\",\"inLanguage\":\"ru-RU\",\"@id\":\"https:\\\/\\\/www.ortungsgerate.de\\\/12-versteckte-kameras\\\/32-armbanduhren-mit-kamera\\\/armbanduhr-kamera-mit-lederarmband-nachtsicht-32gb\\\/#primaryimage\",\"url\":\"https:\\\/\\\/www.ortungsgerate.de\\\/wp-content\\\/uploads\\\/rankinis-laikrodis-kamera-su-odine-apyranke-naktinis-matymas-32gb.jpg\",\"contentUrl\":\"https:\\\/\\\/www.ortungsgerate.de\\\/wp-content\\\/uploads\\\/rankinis-laikrodis-kamera-su-odine-apyranke-naktinis-matymas-32gb.jpg\",\"width\":370,\"height\":472,\"caption\":\"Armbanduhr Kamera mit Lederarmband | Nachtsicht | 32GB\"},{\"@type\":\"BreadcrumbList\",\"@id\":\"https:\\\/\\\/www.ortungsgerate.de\\\/12-versteckte-kameras\\\/32-armbanduhren-mit-kamera\\\/armbanduhr-kamera-mit-lederarmband-nachtsicht-32gb\\\/#breadcrumb\",\"itemListElement\":[{\"@type\":\"ListItem\",\"position\":1,\"name\":\"Startseite\",\"item\":\"https:\\\/\\\/www.ortungsgerate.de\\\/\"},{\"@type\":\"ListItem\",\"position\":2,\"name\":\"Shop\",\"item\":\"https:\\\/\\\/www.ortungsgerate.de\\\/shop\\\/\"},{\"@type\":\"ListItem\",\"position\":3,\"name\":\"Armbanduhr-Kamera mit Lederarmband | Nachtsicht | 32GB\"}]},{\"@type\":\"WebSite\",\"@id\":\"https:\\\/\\\/www.ortungsgerate.de\\\/#website\",\"url\":\"https:\\\/\\\/www.ortungsgerate.de\\\/\",\"name\":\"Ortungsgerate.de\",\"description\":\"\",\"publisher\":{\"@id\":\"https:\\\/\\\/www.ortungsgerate.de\\\/#organization\"},\"potentialAction\":[{\"@type\":\"SearchAction\",\"target\":{\"@type\":\"EntryPoint\",\"urlTemplate\":\"https:\\\/\\\/www.ortungsgerate.de\\\/?s={search_term_string}\"},\"query-input\":{\"@type\":\"PropertyValueSpecification\",\"valueRequired\":true,\"valueName\":\"search_term_string\"}}],\"inLanguage\":\"ru-RU\"},{\"@type\":\"Organization\",\"@id\":\"https:\\\/\\\/www.ortungsgerate.de\\\/#organization\",\"name\":\"Ortungsgerate.de\",\"url\":\"https:\\\/\\\/www.ortungsgerate.de\\\/\",\"logo\":{\"@type\":\"ImageObject\",\"inLanguage\":\"ru-RU\",\"@id\":\"https:\\\/\\\/www.ortungsgerate.de\\\/#\\\/schema\\\/logo\\\/image\\\/\",\"url\":\"https:\\\/\\\/www.ortungsgerate.de\\\/wp-content\\\/uploads\\\/ortungsgerate.png\",\"contentUrl\":\"https:\\\/\\\/www.ortungsgerate.de\\\/wp-content\\\/uploads\\\/ortungsgerate.png\",\"width\":500,\"height\":135,\"caption\":\"Ortungsgerate.de\"},\"image\":{\"@id\":\"https:\\\/\\\/www.ortungsgerate.de\\\/#\\\/schema\\\/logo\\\/image\\\/\"}}]}<\/script>\n<!-- \/ Yoast SEO Premium plugin. -->","yoast_head_json":{"title":"Armbanduhr mit Nachtsicht 32GB Lederarmband","description":"Hochwertige Armbanduhr mit Kamera und Nachtsicht. Gro\u00dfer interner Speicher mit bis zu 32GB, Lederarmband. Gro\u00dfe Auswahl an Kameras. Ortungsger\u00e4te","robots":{"index":"index","follow":"follow","max-snippet":"max-snippet:-1","max-image-preview":"max-image-preview:large","max-video-preview":"max-video-preview:-1"},"canonical":"https:\/\/www.ortungsgerate.de\/ru\/12-skrytyje-kamery\/32-naruchnije-chasy-s-kameroj\/naruchnye-chasy-s-kameroy-i-kozhanym-remeshkom-nochnoe-videnie-32gb\/","og_locale":"ru_RU","og_type":"article","og_title":"Armbanduhr-Kamera mit Lederarmband | Nachtsicht | 32GB","og_description":"Hochwertige Armbanduhr mit Kamera und Nachtsicht. Gro\u00dfer interner Speicher mit bis zu 32GB, Lederarmband. Gro\u00dfe Auswahl an Kameras. Ortungsger\u00e4te","og_url":"https:\/\/www.ortungsgerate.de\/ru\/12-skrytyje-kamery\/32-naruchnije-chasy-s-kameroj\/naruchnye-chasy-s-kameroy-i-kozhanym-remeshkom-nochnoe-videnie-32gb\/","og_site_name":"Ortungsger\u00e4te.de","article_modified_time":"2025-11-26T17:01:36+00:00","og_image":[{"width":370,"height":472,"url":"https:\/\/www.ortungsgerate.de\/wp-content\/uploads\/rankinis-laikrodis-kamera-su-odine-apyranke-naktinis-matymas-32gb.jpg","type":"image\/jpeg"}],"twitter_card":"summary_large_image","twitter_misc":{"\u041f\u0440\u0438\u043c\u0435\u0440\u043d\u043e\u0435 \u0432\u0440\u0435\u043c\u044f \u0434\u043b\u044f \u0447\u0442\u0435\u043d\u0438\u044f":"2 \u043c\u0438\u043d\u0443\u0442\u044b"},"schema":{"@context":"https:\/\/schema.org","@graph":[{"@type":"WebPage","@id":"https:\/\/www.ortungsgerate.de\/12-versteckte-kameras\/32-armbanduhren-mit-kamera\/armbanduhr-kamera-mit-lederarmband-nachtsicht-32gb\/","url":"https:\/\/www.ortungsgerate.de\/12-versteckte-kameras\/32-armbanduhren-mit-kamera\/armbanduhr-kamera-mit-lederarmband-nachtsicht-32gb\/","name":"Armbanduhr mit Nachtsicht 32GB Lederarmband","isPartOf":{"@id":"https:\/\/www.ortungsgerate.de\/#website"},"primaryImageOfPage":{"@id":"https:\/\/www.ortungsgerate.de\/12-versteckte-kameras\/32-armbanduhren-mit-kamera\/armbanduhr-kamera-mit-lederarmband-nachtsicht-32gb\/#primaryimage"},"image":{"@id":"https:\/\/www.ortungsgerate.de\/12-versteckte-kameras\/32-armbanduhren-mit-kamera\/armbanduhr-kamera-mit-lederarmband-nachtsicht-32gb\/#primaryimage"},"thumbnailUrl":"https:\/\/www.ortungsgerate.de\/wp-content\/uploads\/rankinis-laikrodis-kamera-su-odine-apyranke-naktinis-matymas-32gb.jpg","datePublished":"2024-02-06T19:37:51+00:00","dateModified":"2025-11-26T17:01:36+00:00","description":"Hochwertige Armbanduhr mit Kamera und Nachtsicht. Gro\u00dfer interner Speicher mit bis zu 32GB, Lederarmband. Gro\u00dfe Auswahl an Kameras. Ortungsger\u00e4te","breadcrumb":{"@id":"https:\/\/www.ortungsgerate.de\/12-versteckte-kameras\/32-armbanduhren-mit-kamera\/armbanduhr-kamera-mit-lederarmband-nachtsicht-32gb\/#breadcrumb"},"inLanguage":"ru-RU","potentialAction":[{"@type":"ReadAction","target":["https:\/\/www.ortungsgerate.de\/12-versteckte-kameras\/32-armbanduhren-mit-kamera\/armbanduhr-kamera-mit-lederarmband-nachtsicht-32gb\/"]}]},{"@type":"ImageObject","inLanguage":"ru-RU","@id":"https:\/\/www.ortungsgerate.de\/12-versteckte-kameras\/32-armbanduhren-mit-kamera\/armbanduhr-kamera-mit-lederarmband-nachtsicht-32gb\/#primaryimage","url":"https:\/\/www.ortungsgerate.de\/wp-content\/uploads\/rankinis-laikrodis-kamera-su-odine-apyranke-naktinis-matymas-32gb.jpg","contentUrl":"https:\/\/www.ortungsgerate.de\/wp-content\/uploads\/rankinis-laikrodis-kamera-su-odine-apyranke-naktinis-matymas-32gb.jpg","width":370,"height":472,"caption":"Armbanduhr Kamera mit Lederarmband | Nachtsicht | 32GB"},{"@type":"BreadcrumbList","@id":"https:\/\/www.ortungsgerate.de\/12-versteckte-kameras\/32-armbanduhren-mit-kamera\/armbanduhr-kamera-mit-lederarmband-nachtsicht-32gb\/#breadcrumb","itemListElement":[{"@type":"ListItem","position":1,"name":"Startseite","item":"https:\/\/www.ortungsgerate.de\/"},{"@type":"ListItem","position":2,"name":"Shop","item":"https:\/\/www.ortungsgerate.de\/shop\/"},{"@type":"ListItem","position":3,"name":"Armbanduhr-Kamera mit Lederarmband | Nachtsicht | 32GB"}]},{"@type":"WebSite","@id":"https:\/\/www.ortungsgerate.de\/#website","url":"https:\/\/www.ortungsgerate.de\/","name":"Ortungsgerate.de","description":"","publisher":{"@id":"https:\/\/www.ortungsgerate.de\/#organization"},"potentialAction":[{"@type":"SearchAction","target":{"@type":"EntryPoint","urlTemplate":"https:\/\/www.ortungsgerate.de\/?s={search_term_string}"},"query-input":{"@type":"PropertyValueSpecification","valueRequired":true,"valueName":"search_term_string"}}],"inLanguage":"ru-RU"},{"@type":"Organization","@id":"https:\/\/www.ortungsgerate.de\/#organization","name":"Ortungsgerate.de","url":"https:\/\/www.ortungsgerate.de\/","logo":{"@type":"ImageObject","inLanguage":"ru-RU","@id":"https:\/\/www.ortungsgerate.de\/#\/schema\/logo\/image\/","url":"https:\/\/www.ortungsgerate.de\/wp-content\/uploads\/ortungsgerate.png","contentUrl":"https:\/\/www.ortungsgerate.de\/wp-content\/uploads\/ortungsgerate.png","width":500,"height":135,"caption":"Ortungsgerate.de"},"image":{"@id":"https:\/\/www.ortungsgerate.de\/#\/schema\/logo\/image\/"}}]}},"_links":{"self":[{"href":"https:\/\/www.ortungsgerate.de\/ru\/wp-json\/wp\/v2\/product\/16426","targetHints":{"allow":["GET"]}}],"collection":[{"href":"https:\/\/www.ortungsgerate.de\/ru\/wp-json\/wp\/v2\/product"}],"about":[{"href":"https:\/\/www.ortungsgerate.de\/ru\/wp-json\/wp\/v2\/types\/product"}],"version-history":[{"count":0,"href":"https:\/\/www.ortungsgerate.de\/ru\/wp-json\/wp\/v2\/product\/16426\/revisions"}],"wp:featuredmedia":[{"embeddable":true,"href":"https:\/\/www.ortungsgerate.de\/ru\/wp-json\/wp\/v2\/media\/1862"}],"wp:attachment":[{"href":"https:\/\/www.ortungsgerate.de\/ru\/wp-json\/wp\/v2\/media?parent=16426"}],"wp:term":[{"taxonomy":"brand","embeddable":true,"href":"https:\/\/www.ortungsgerate.de\/ru\/wp-json\/wp\/v2\/etheme_brands?post=16426"},{"taxonomy":"product_brand","embeddable":true,"href":"https:\/\/www.ortungsgerate.de\/ru\/wp-json\/wp\/v2\/product_brand?post=16426"},{"taxonomy":"product_cat","embeddable":true,"href":"https:\/\/www.ortungsgerate.de\/ru\/wp-json\/wp\/v2\/product_cat?post=16426"},{"taxonomy":"product_tag","embeddable":true,"href":"https:\/\/www.ortungsgerate.de\/ru\/wp-json\/wp\/v2\/product_tag?post=16426"}],"curies":[{"name":"wp","href":"https:\/\/api.w.org\/{rel}","templated":true}]}}