{"id":16436,"date":"2024-02-07T12:25:39","date_gmt":"2024-02-07T10:25:39","guid":{"rendered":"https:\/\/ortungsgerate.de\/be-kategorijos\/bluetooth-garso-kolonele-su-imontuota-slapta-kamera-32gb\/"},"modified":"2025-12-01T11:26:01","modified_gmt":"2025-12-01T10:26:01","slug":"fm-radio-bluetooth-kolonka-so-skrytoy-kameroy-32-gb","status":"publish","type":"product","link":"https:\/\/www.ortungsgerate.de\/ru\/12-skrytyje-kamery\/17-zamaskirovanyje-kamery\/fm-radio-bluetooth-kolonka-so-skrytoy-kameroy-32-gb\/","title":{"rendered":"FM-\u0440\u0430\u0434\u0438\u043e Bluetooth-\u043a\u043e\u043b\u043e\u043d\u043a\u0430 \u0441\u043e \u0441\u043a\u0440\u044b\u0442\u043e\u0439 \u043a\u0430\u043c\u0435\u0440\u043e\u0439, 32 \u0413\u0411"},"content":{"rendered":"<h3><strong>\u0422\u0435\u0445\u043d\u0438\u0447\u0435\u0441\u043a\u0438\u0435 \u043f\u0430\u0440\u0430\u043c\u0435\u0442\u0440\u044b:<\/strong><\/h3>\n<ul>\n<li>Fernzugriff auf die Videoansicht von jedem Ort der Welt<\/li>\n<li>FM-Radio \u2013 M\u00f6glichkeit, Radiosender zu h\u00f6ren<\/li>\n<li>Interner Speicher 32 GB<\/li>\n<li>Videoaufnahme mit Ton<\/li>\n<li>Objektiv: 2px CMOS<\/li>\n<li>Musik: Verbindung \u00fcber BLUETOOTH<\/li>\n<li>Videoqualit\u00e4t: HD 1920*1080<\/li>\n<li>Fotoaufl\u00f6sung: 4032*3024<\/li>\n<li>Videoaufnahme: 1 Std. 360 MB<\/li>\n<li>\u0423\u0432\u0435\u0434\u043e\u043c\u043b\u0435\u043d\u0438\u044f \u043f\u0440\u0438 \u043e\u0431\u043d\u0430\u0440\u0443\u0436\u0435\u043d\u0438\u0438 \u0434\u0432\u0438\u0436\u0435\u043d\u0438\u044f (Push-\u0443\u0432\u0435\u0434\u043e\u043c\u043b\u0435\u043d\u0438\u0435)<\/li>\n<li>Video\u00fcberwachung: per Telefon oder Computer (Live \u00fcber das Internet)<\/li>\n<li>Betriebszeit mit Akku: ca. 3 Stunden \u2013 \u00fcber Stromversorgung 24\/7<\/li>\n<li>Akkukapazit\u00e4t: 2500 mAh<\/li>\n<li>Adapter 220 V (f\u00fcr den dauerhaften Anschluss an das Stromnetz, nicht im Lieferumfang enthalten)<\/li>\n<li>\u041e\u0431\u043d\u0430\u0440\u0443\u0436\u0435\u043d\u0438\u0435 \u0434\u0432\u0438\u0436\u0435\u043d\u0438\u044f: \u0414\u0410, \u0446\u0438\u0444\u0440\u043e\u0432\u043e\u0435<\/li>\n<li>\u0424\u043e\u0440\u043c\u0430\u0442 \u0441\u0436\u0430\u0442\u0438\u044f: AVI H.265<\/li>\n<li>\u0412\u0438\u0434\u0435\u043e \u0444\u043e\u0440\u043c\u0430\u0442: Avi<\/li>\n<li>App: \u201eiOS\u201c, \u201eAndroid\u201c<\/li>\n<li>Wi-Fi: vorhanden<\/li>\n<li><strong>\u0413\u0410\u0420\u0410\u041d\u0422\u0418\u042f 12 \u043c\u0435\u0441\u044f\u0446\u0435\u0432<\/strong><\/li>\n<\/ul>\n<p><strong>Einsatzbereich:<\/strong> F\u00fcr Ihre eigene Sicherheit und die Ihrer Kinder.<\/p>\n<p><a href=\"https:\/\/www.ortungsgerate.de\/ru\/12-skrytyje-kamery\/\">Versteckte Kamera<\/a> mit h\u00f6chster Bildqualit\u00e4t. Diese versteckte Kamera wird von uns selbst hergestellt, sie ist perfekt getarnt, selbst ich (als jemand, der schon lange in diesem Bereich arbeitet) kann sie nicht erkennen.<\/p>\n<p>Sie k\u00f6nnen sicher sein, dass niemand diese Kamera entdeckt.<\/p>\n<p>Die Installation der Kamera auf ein Mobiltelefon dauert 2 Minuten, alles ist sehr einfach.<\/p>\n<p>Dieser Lautsprecher erf\u00fcllt alle Funktionen, Sie k\u00f6nnen Musik h\u00f6ren und Tonaufnahmen vom Mobiltelefon abspielen.3<\/p>","protected":false},"excerpt":{"rendered":"<p>Technische Parameter: Fernzugriff auf die Videoansicht von jedem Ort der Welt FM-Radio \u2013 M\u00f6glichkeit, Radiosender zu h\u00f6ren Interner Speicher 32 GB Videoaufnahme mit Ton Objektiv:&#8230;<\/p>","protected":false},"featured_media":2351,"template":"","meta":[],"etheme_brands":[],"product_brand":[],"product_cat":[204,203,205],"product_tag":[42,707,735,705,690,693],"class_list":{"0":"post-16436","1":"product","2":"type-product","3":"status-publish","4":"has-post-thumbnail","6":"product_cat-17-getarnte-kameras","7":"product_cat-12-versteckte-kameras","8":"product_cat-27-wlan-minikameras","9":"product_tag-kamera","10":"product_tag-kamera-uhr","11":"product_tag-lautsprecher-kamera","12":"product_tag-ueberwachungskamera","13":"product_tag-versteckte-kamera","14":"product_tag-wlan-kamera","15":"pa_typ-lautsprecher","17":"first","18":"instock","19":"sale","20":"taxable","21":"shipping-taxable","22":"purchasable","23":"product-type-simple"},"yoast_head":"<!-- This site is optimized with the Yoast SEO Premium plugin v25.9 (Yoast SEO v27.4) - https:\/\/yoast.com\/product\/yoast-seo-premium-wordpress\/ -->\n<title>FM Radio Lautsprecher Bluetooth Versteckte WLAN Kamera 32GB<\/title>\n<meta name=\"description\" content=\"Hochwertige versteckte Videokamera, in einen Lautsprecher integriert. Ganze 32 GB Speicher, FHD-Videoaufl\u00f6sung. M\u00f6glichkeit zur Fern\u00fcberwachung des Bildes. Schnelle Lieferung.\" \/>\n<meta name=\"robots\" content=\"index, follow, max-snippet:-1, max-image-preview:large, max-video-preview:-1\" \/>\n<link rel=\"canonical\" href=\"https:\/\/www.ortungsgerate.de\/ru\/12-skrytyje-kamery\/27-wlan-mini-kamery\/fm-radio-bluetooth-kolonka-so-skrytoy-kameroy-32-gb\/\" \/>\n<meta property=\"og:locale\" content=\"ru_RU\" \/>\n<meta property=\"og:type\" content=\"article\" \/>\n<meta property=\"og:title\" content=\"FM Radio Bluetooth Lautsprecher mit versteckter Kamera 32GB\" \/>\n<meta property=\"og:description\" content=\"Hochwertige versteckte Videokamera, in einen Lautsprecher integriert. Ganze 32 GB Speicher, FHD-Videoaufl\u00f6sung. M\u00f6glichkeit zur Fern\u00fcberwachung des Bildes. Schnelle Lieferung.\" \/>\n<meta property=\"og:url\" content=\"https:\/\/www.ortungsgerate.de\/ru\/12-skrytyje-kamery\/27-wlan-mini-kamery\/fm-radio-bluetooth-kolonka-so-skrytoy-kameroy-32-gb\/\" \/>\n<meta property=\"og:site_name\" content=\"Ortungsger\u00e4te.de\" \/>\n<meta property=\"article:modified_time\" content=\"2025-12-01T10:26:01+00:00\" \/>\n<meta property=\"og:image\" content=\"https:\/\/www.ortungsgerate.de\/wp-content\/uploads\/bluetooth-garso-kolonele-su-imontuota-slapta-kamera-32gb.jpg\" \/>\n\t<meta property=\"og:image:width\" content=\"800\" \/>\n\t<meta property=\"og:image:height\" content=\"800\" \/>\n\t<meta property=\"og:image:type\" content=\"image\/jpeg\" \/>\n<meta name=\"twitter:card\" content=\"summary_large_image\" \/>\n<meta name=\"twitter:label1\" content=\"\u041f\u0440\u0438\u043c\u0435\u0440\u043d\u043e\u0435 \u0432\u0440\u0435\u043c\u044f \u0434\u043b\u044f \u0447\u0442\u0435\u043d\u0438\u044f\" \/>\n\t<meta name=\"twitter:data1\" content=\"2 \u043c\u0438\u043d\u0443\u0442\u044b\" \/>\n<script type=\"application\/ld+json\" class=\"yoast-schema-graph\">{\"@context\":\"https:\\\/\\\/schema.org\",\"@graph\":[{\"@type\":\"WebPage\",\"@id\":\"https:\\\/\\\/www.ortungsgerate.de\\\/12-versteckte-kameras\\\/27-wlan-minikameras\\\/fm-radio-bluetooth-lautsprecher-mit-versteckter-kamera-32gb\\\/\",\"url\":\"https:\\\/\\\/www.ortungsgerate.de\\\/12-versteckte-kameras\\\/27-wlan-minikameras\\\/fm-radio-bluetooth-lautsprecher-mit-versteckter-kamera-32gb\\\/\",\"name\":\"FM Radio Lautsprecher Bluetooth Versteckte WLAN Kamera 32GB\",\"isPartOf\":{\"@id\":\"https:\\\/\\\/www.ortungsgerate.de\\\/#website\"},\"primaryImageOfPage\":{\"@id\":\"https:\\\/\\\/www.ortungsgerate.de\\\/12-versteckte-kameras\\\/27-wlan-minikameras\\\/fm-radio-bluetooth-lautsprecher-mit-versteckter-kamera-32gb\\\/#primaryimage\"},\"image\":{\"@id\":\"https:\\\/\\\/www.ortungsgerate.de\\\/12-versteckte-kameras\\\/27-wlan-minikameras\\\/fm-radio-bluetooth-lautsprecher-mit-versteckter-kamera-32gb\\\/#primaryimage\"},\"thumbnailUrl\":\"https:\\\/\\\/www.ortungsgerate.de\\\/wp-content\\\/uploads\\\/bluetooth-garso-kolonele-su-imontuota-slapta-kamera-32gb.jpg\",\"datePublished\":\"2024-02-07T10:25:39+00:00\",\"dateModified\":\"2025-12-01T10:26:01+00:00\",\"description\":\"Hochwertige versteckte Videokamera, in einen Lautsprecher integriert. Ganze 32 GB Speicher, FHD-Videoaufl\u00f6sung. M\u00f6glichkeit zur Fern\u00fcberwachung des Bildes. Schnelle Lieferung.\",\"breadcrumb\":{\"@id\":\"https:\\\/\\\/www.ortungsgerate.de\\\/12-versteckte-kameras\\\/27-wlan-minikameras\\\/fm-radio-bluetooth-lautsprecher-mit-versteckter-kamera-32gb\\\/#breadcrumb\"},\"inLanguage\":\"ru-RU\",\"potentialAction\":[{\"@type\":\"ReadAction\",\"target\":[\"https:\\\/\\\/www.ortungsgerate.de\\\/12-versteckte-kameras\\\/27-wlan-minikameras\\\/fm-radio-bluetooth-lautsprecher-mit-versteckter-kamera-32gb\\\/\"]}]},{\"@type\":\"ImageObject\",\"inLanguage\":\"ru-RU\",\"@id\":\"https:\\\/\\\/www.ortungsgerate.de\\\/12-versteckte-kameras\\\/27-wlan-minikameras\\\/fm-radio-bluetooth-lautsprecher-mit-versteckter-kamera-32gb\\\/#primaryimage\",\"url\":\"https:\\\/\\\/www.ortungsgerate.de\\\/wp-content\\\/uploads\\\/bluetooth-garso-kolonele-su-imontuota-slapta-kamera-32gb.jpg\",\"contentUrl\":\"https:\\\/\\\/www.ortungsgerate.de\\\/wp-content\\\/uploads\\\/bluetooth-garso-kolonele-su-imontuota-slapta-kamera-32gb.jpg\",\"width\":800,\"height\":800,\"caption\":\"Lautsprecher mit integrierter versteckter Kamera\"},{\"@type\":\"BreadcrumbList\",\"@id\":\"https:\\\/\\\/www.ortungsgerate.de\\\/12-versteckte-kameras\\\/27-wlan-minikameras\\\/fm-radio-bluetooth-lautsprecher-mit-versteckter-kamera-32gb\\\/#breadcrumb\",\"itemListElement\":[{\"@type\":\"ListItem\",\"position\":1,\"name\":\"Startseite\",\"item\":\"https:\\\/\\\/www.ortungsgerate.de\\\/\"},{\"@type\":\"ListItem\",\"position\":2,\"name\":\"Shop\",\"item\":\"https:\\\/\\\/www.ortungsgerate.de\\\/shop\\\/\"},{\"@type\":\"ListItem\",\"position\":3,\"name\":\"FM Radio Bluetooth Lautsprecher mit versteckter Kamera 32GB\"}]},{\"@type\":\"WebSite\",\"@id\":\"https:\\\/\\\/www.ortungsgerate.de\\\/#website\",\"url\":\"https:\\\/\\\/www.ortungsgerate.de\\\/\",\"name\":\"Ortungsgerate.de\",\"description\":\"\",\"publisher\":{\"@id\":\"https:\\\/\\\/www.ortungsgerate.de\\\/#organization\"},\"potentialAction\":[{\"@type\":\"SearchAction\",\"target\":{\"@type\":\"EntryPoint\",\"urlTemplate\":\"https:\\\/\\\/www.ortungsgerate.de\\\/?s={search_term_string}\"},\"query-input\":{\"@type\":\"PropertyValueSpecification\",\"valueRequired\":true,\"valueName\":\"search_term_string\"}}],\"inLanguage\":\"ru-RU\"},{\"@type\":\"Organization\",\"@id\":\"https:\\\/\\\/www.ortungsgerate.de\\\/#organization\",\"name\":\"Ortungsgerate.de\",\"url\":\"https:\\\/\\\/www.ortungsgerate.de\\\/\",\"logo\":{\"@type\":\"ImageObject\",\"inLanguage\":\"ru-RU\",\"@id\":\"https:\\\/\\\/www.ortungsgerate.de\\\/#\\\/schema\\\/logo\\\/image\\\/\",\"url\":\"https:\\\/\\\/www.ortungsgerate.de\\\/wp-content\\\/uploads\\\/ortungsgerate.png\",\"contentUrl\":\"https:\\\/\\\/www.ortungsgerate.de\\\/wp-content\\\/uploads\\\/ortungsgerate.png\",\"width\":500,\"height\":135,\"caption\":\"Ortungsgerate.de\"},\"image\":{\"@id\":\"https:\\\/\\\/www.ortungsgerate.de\\\/#\\\/schema\\\/logo\\\/image\\\/\"}}]}<\/script>\n<!-- \/ Yoast SEO Premium plugin. -->","yoast_head_json":{"title":"FM Radio Lautsprecher Bluetooth Versteckte WLAN Kamera 32GB","description":"Hochwertige versteckte Videokamera, in einen Lautsprecher integriert. Ganze 32 GB Speicher, FHD-Videoaufl\u00f6sung. M\u00f6glichkeit zur Fern\u00fcberwachung des Bildes. Schnelle Lieferung.","robots":{"index":"index","follow":"follow","max-snippet":"max-snippet:-1","max-image-preview":"max-image-preview:large","max-video-preview":"max-video-preview:-1"},"canonical":"https:\/\/www.ortungsgerate.de\/ru\/12-skrytyje-kamery\/27-wlan-mini-kamery\/fm-radio-bluetooth-kolonka-so-skrytoy-kameroy-32-gb\/","og_locale":"ru_RU","og_type":"article","og_title":"FM Radio Bluetooth Lautsprecher mit versteckter Kamera 32GB","og_description":"Hochwertige versteckte Videokamera, in einen Lautsprecher integriert. Ganze 32 GB Speicher, FHD-Videoaufl\u00f6sung. M\u00f6glichkeit zur Fern\u00fcberwachung des Bildes. Schnelle Lieferung.","og_url":"https:\/\/www.ortungsgerate.de\/ru\/12-skrytyje-kamery\/27-wlan-mini-kamery\/fm-radio-bluetooth-kolonka-so-skrytoy-kameroy-32-gb\/","og_site_name":"Ortungsger\u00e4te.de","article_modified_time":"2025-12-01T10:26:01+00:00","og_image":[{"width":800,"height":800,"url":"https:\/\/www.ortungsgerate.de\/wp-content\/uploads\/bluetooth-garso-kolonele-su-imontuota-slapta-kamera-32gb.jpg","type":"image\/jpeg"}],"twitter_card":"summary_large_image","twitter_misc":{"\u041f\u0440\u0438\u043c\u0435\u0440\u043d\u043e\u0435 \u0432\u0440\u0435\u043c\u044f \u0434\u043b\u044f \u0447\u0442\u0435\u043d\u0438\u044f":"2 \u043c\u0438\u043d\u0443\u0442\u044b"},"schema":{"@context":"https:\/\/schema.org","@graph":[{"@type":"WebPage","@id":"https:\/\/www.ortungsgerate.de\/12-versteckte-kameras\/27-wlan-minikameras\/fm-radio-bluetooth-lautsprecher-mit-versteckter-kamera-32gb\/","url":"https:\/\/www.ortungsgerate.de\/12-versteckte-kameras\/27-wlan-minikameras\/fm-radio-bluetooth-lautsprecher-mit-versteckter-kamera-32gb\/","name":"FM Radio Lautsprecher Bluetooth Versteckte WLAN Kamera 32GB","isPartOf":{"@id":"https:\/\/www.ortungsgerate.de\/#website"},"primaryImageOfPage":{"@id":"https:\/\/www.ortungsgerate.de\/12-versteckte-kameras\/27-wlan-minikameras\/fm-radio-bluetooth-lautsprecher-mit-versteckter-kamera-32gb\/#primaryimage"},"image":{"@id":"https:\/\/www.ortungsgerate.de\/12-versteckte-kameras\/27-wlan-minikameras\/fm-radio-bluetooth-lautsprecher-mit-versteckter-kamera-32gb\/#primaryimage"},"thumbnailUrl":"https:\/\/www.ortungsgerate.de\/wp-content\/uploads\/bluetooth-garso-kolonele-su-imontuota-slapta-kamera-32gb.jpg","datePublished":"2024-02-07T10:25:39+00:00","dateModified":"2025-12-01T10:26:01+00:00","description":"Hochwertige versteckte Videokamera, in einen Lautsprecher integriert. Ganze 32 GB Speicher, FHD-Videoaufl\u00f6sung. M\u00f6glichkeit zur Fern\u00fcberwachung des Bildes. Schnelle Lieferung.","breadcrumb":{"@id":"https:\/\/www.ortungsgerate.de\/12-versteckte-kameras\/27-wlan-minikameras\/fm-radio-bluetooth-lautsprecher-mit-versteckter-kamera-32gb\/#breadcrumb"},"inLanguage":"ru-RU","potentialAction":[{"@type":"ReadAction","target":["https:\/\/www.ortungsgerate.de\/12-versteckte-kameras\/27-wlan-minikameras\/fm-radio-bluetooth-lautsprecher-mit-versteckter-kamera-32gb\/"]}]},{"@type":"ImageObject","inLanguage":"ru-RU","@id":"https:\/\/www.ortungsgerate.de\/12-versteckte-kameras\/27-wlan-minikameras\/fm-radio-bluetooth-lautsprecher-mit-versteckter-kamera-32gb\/#primaryimage","url":"https:\/\/www.ortungsgerate.de\/wp-content\/uploads\/bluetooth-garso-kolonele-su-imontuota-slapta-kamera-32gb.jpg","contentUrl":"https:\/\/www.ortungsgerate.de\/wp-content\/uploads\/bluetooth-garso-kolonele-su-imontuota-slapta-kamera-32gb.jpg","width":800,"height":800,"caption":"Lautsprecher mit integrierter versteckter Kamera"},{"@type":"BreadcrumbList","@id":"https:\/\/www.ortungsgerate.de\/12-versteckte-kameras\/27-wlan-minikameras\/fm-radio-bluetooth-lautsprecher-mit-versteckter-kamera-32gb\/#breadcrumb","itemListElement":[{"@type":"ListItem","position":1,"name":"Startseite","item":"https:\/\/www.ortungsgerate.de\/"},{"@type":"ListItem","position":2,"name":"Shop","item":"https:\/\/www.ortungsgerate.de\/shop\/"},{"@type":"ListItem","position":3,"name":"FM Radio Bluetooth Lautsprecher mit versteckter Kamera 32GB"}]},{"@type":"WebSite","@id":"https:\/\/www.ortungsgerate.de\/#website","url":"https:\/\/www.ortungsgerate.de\/","name":"Ortungsgerate.de","description":"","publisher":{"@id":"https:\/\/www.ortungsgerate.de\/#organization"},"potentialAction":[{"@type":"SearchAction","target":{"@type":"EntryPoint","urlTemplate":"https:\/\/www.ortungsgerate.de\/?s={search_term_string}"},"query-input":{"@type":"PropertyValueSpecification","valueRequired":true,"valueName":"search_term_string"}}],"inLanguage":"ru-RU"},{"@type":"Organization","@id":"https:\/\/www.ortungsgerate.de\/#organization","name":"Ortungsgerate.de","url":"https:\/\/www.ortungsgerate.de\/","logo":{"@type":"ImageObject","inLanguage":"ru-RU","@id":"https:\/\/www.ortungsgerate.de\/#\/schema\/logo\/image\/","url":"https:\/\/www.ortungsgerate.de\/wp-content\/uploads\/ortungsgerate.png","contentUrl":"https:\/\/www.ortungsgerate.de\/wp-content\/uploads\/ortungsgerate.png","width":500,"height":135,"caption":"Ortungsgerate.de"},"image":{"@id":"https:\/\/www.ortungsgerate.de\/#\/schema\/logo\/image\/"}}]}},"_links":{"self":[{"href":"https:\/\/www.ortungsgerate.de\/ru\/wp-json\/wp\/v2\/product\/16436","targetHints":{"allow":["GET"]}}],"collection":[{"href":"https:\/\/www.ortungsgerate.de\/ru\/wp-json\/wp\/v2\/product"}],"about":[{"href":"https:\/\/www.ortungsgerate.de\/ru\/wp-json\/wp\/v2\/types\/product"}],"version-history":[{"count":0,"href":"https:\/\/www.ortungsgerate.de\/ru\/wp-json\/wp\/v2\/product\/16436\/revisions"}],"wp:featuredmedia":[{"embeddable":true,"href":"https:\/\/www.ortungsgerate.de\/ru\/wp-json\/wp\/v2\/media\/2351"}],"wp:attachment":[{"href":"https:\/\/www.ortungsgerate.de\/ru\/wp-json\/wp\/v2\/media?parent=16436"}],"wp:term":[{"taxonomy":"brand","embeddable":true,"href":"https:\/\/www.ortungsgerate.de\/ru\/wp-json\/wp\/v2\/etheme_brands?post=16436"},{"taxonomy":"product_brand","embeddable":true,"href":"https:\/\/www.ortungsgerate.de\/ru\/wp-json\/wp\/v2\/product_brand?post=16436"},{"taxonomy":"product_cat","embeddable":true,"href":"https:\/\/www.ortungsgerate.de\/ru\/wp-json\/wp\/v2\/product_cat?post=16436"},{"taxonomy":"product_tag","embeddable":true,"href":"https:\/\/www.ortungsgerate.de\/ru\/wp-json\/wp\/v2\/product_tag?post=16436"}],"curies":[{"name":"wp","href":"https:\/\/api.w.org\/{rel}","templated":true}]}}