{"id":16440,"date":"2024-02-06T21:37:07","date_gmt":"2024-02-06T19:37:07","guid":{"rendered":"https:\/\/ortungsgerate.de\/be-kategorijos\/laikrodis-slapta-stebejimo-kamera-su-wi-fi\/"},"modified":"2025-12-01T11:26:01","modified_gmt":"2025-12-01T10:26:01","slug":"chasy-skrytaya-kamera-nablyudeniya-s-wi-fi-2","status":"publish","type":"product","link":"https:\/\/www.ortungsgerate.de\/ru\/12-skrytyje-kamery\/17-zamaskirovanyje-kamery\/chasy-skrytaya-kamera-nablyudeniya-s-wi-fi-2\/","title":{"rendered":"\u0427\u0430\u0441\u044b \u0441\u043a\u0440\u044b\u0442\u0430\u044f \u043a\u0430\u043c\u0435\u0440\u0430 \u043d\u0430\u0431\u043b\u044e\u0434\u0435\u043d\u0438\u044f \u0441 WI FI"},"content":{"rendered":"<h3><strong>\u0422\u0435\u0445\u043d\u0438\u0447\u0435\u0441\u043a\u0438\u0435 \u043f\u0430\u0440\u0430\u043c\u0435\u0442\u0440\u044b:<\/strong><\/h3>\n<ul>\n<li>\u0414\u0438\u0441\u0442\u0430\u043d\u0446\u0438\u043e\u043d\u043d\u044b\u0439 \u043f\u0440\u043e\u0441\u043c\u043e\u0442\u0440 \u0432\u0438\u0434\u0435\u043e: \u0414\u0410<\/li>\n<li>\u0412\u0438\u0434\u0435\u043e\u0437\u0430\u043f\u0438\u0441\u044c \u0441\u043e \u0437\u0432\u0443\u043a\u043e\u043c<\/li>\n<li>Videoqualit\u00e4t: Ansicht: HD 1920*1080<\/li>\n<li>Objektiv: 120 Grad<\/li>\n<li>Videoaufnahme: 1 Std. 360 MB<\/li>\n<li>\u0427\u0430\u0441\u0442\u043e\u0442\u0430 \u043a\u0430\u0434\u0440\u043e\u0432: 20 FPS<\/li>\n<li>Micro-SD-Karte: von 16 GB bis 128 GB (Karte nicht im Set enthalten)<\/li>\n<li>Video\u00fcberwachung: per Telefon oder Computer (Live \u00fcber das Internet)<\/li>\n<li>Betriebsdauer mit Akku: ca. 3 Stunden \u2013 \u00fcber Netzteil 24\/7<\/li>\n<li>Akkukapazit\u00e4t: 2500 mAh<\/li>\n<li>220V-Adapter (f\u00fcr den dauerhaften Anschluss an das Stromnetz)<\/li>\n<li>\u041e\u0431\u043d\u0430\u0440\u0443\u0436\u0435\u043d\u0438\u0435 \u0434\u0432\u0438\u0436\u0435\u043d\u0438\u044f: \u0414\u0410, \u0446\u0438\u0444\u0440\u043e\u0432\u043e\u0435<\/li>\n<li>\u0424\u043e\u0440\u043c\u0430\u0442 \u0441\u0436\u0430\u0442\u0438\u044f: AVI H.264<\/li>\n<li>\u0412\u0438\u0434\u0435\u043e \u0444\u043e\u0440\u043c\u0430\u0442: Avi<\/li>\n<li>Systeme: \u201eiOS\u201c, \u201eAndroid\u201c, \u201eWindows\u201c, \u201eWindows 7 \/ 8 \/ 10\u201c<\/li>\n<li>App: p2pLiveCam<\/li>\n<li>Stromversorgung: interner oder externer Akku; 5V-Stromanschluss<\/li>\n<li>Wi-Fi: Vorhanden<\/li>\n<li><strong>\u0413\u0410\u0420\u0410\u041d\u0422\u0418\u042f 12 \u043c\u0435\u0441\u044f\u0446\u0435\u0432<\/strong><\/li>\n<\/ul>\n<p><span style=\"color: #d0121a;\"><\/span><\/p>\n<p><span style=\"color: #000000;\"><strong>Einsatzbereich:<\/strong> F\u00fcr Ihre eigene Sicherheit und die Ihrer Kinder.<\/span><\/p>\n<p><strong><span lang=\"lt\">Uhr \u2013 verdeckte \u00dcberwachungskamera mit Wi-Fi<\/span><\/strong><\/p>\n<p><span lang=\"lt\">Eine Uhr geh\u00f6rt zu den Gegenst\u00e4nden, die sich sehr einfach in jedes Interieur einf\u00fcgen lassen. Daher ist es auch dann besonders vorteilhaft, sich f\u00fcr eine in einer Uhr getarnte Kamera zu entscheiden, wenn \u00fcber den Kauf einer verdeckten Kamera nachgedacht wird. Sie k\u00f6nnen sicher sein, dass Ihre minderj\u00e4hrigen Kinder im Raum nicht einmal ahnen werden, dass sie \u00fcberwacht werden. So k\u00f6nnen Sie herausfinden, ob die Kinder sicher sind und zu Hause keine Gefahr f\u00fcr sie besteht. Verdeckte Kameras k\u00f6nnen aus ganz unterschiedlichen Gr\u00fcnden eingesetzt werden: wenn man sich vor Diebstahl sch\u00fctzen m\u00f6chte, wenn bestimmte Beweise gesammelt werden sollen oder wenn man einfach kl\u00e4ren will, ob bestimmte Personen Ihnen gegen\u00fcber wirklich ehrlich sind. Die Nutzung einer verdeckten Kamera ist \u00e4u\u00dferst einfach, weshalb es nicht verwundert, dass ein solches Ger\u00e4t auf immer gr\u00f6\u00dferes Interesse der Nutzer st\u00f6\u00dft.<\/span><\/p>\n<p><strong><span lang=\"lt\">M\u00f6glichkeit der Fern\u00fcberwachung<\/span><\/strong><\/p>\n<p><span lang=\"lt\">Sie haben nicht nur die M\u00f6glichkeit, Bilder aufzuzeichnen, sondern diese auch aus der Ferne zu \u00fcberwachen (das k\u00f6nnen Sie \u00fcber einen Computer oder ein Smartphone tun). Nach dem Einloggen in das Video\u00fcberwachungssystem sehen Sie in Echtzeit, was geschieht. Wenn Sie dies nicht tun k\u00f6nnen, sehen Sie sich die aufgezeichneten Daten am Computer an. In die verdeckte Kamera wird eine Speicherkarte eingesetzt, deren Kapazit\u00e4t zwischen 16 und 128 GB variieren kann (Speicherkarte nicht im Lieferumfang enthalten). Eine Stunde Videoaufnahme nimmt etwa 360 MB ein, sodass Sie, ohne die gespeicherten Daten zu l\u00f6schen, eine beachtliche Anzahl von Aufnahmen machen k\u00f6nnen.<\/span><\/p>\n<p><strong><span lang=\"lt\">Akku der Kamera<\/span><\/strong><\/p>\n<p><span lang=\"lt\">Die Uhr mit verdeckter Kamera verwendet einen 2500 mAh Akku, dessen Betriebsdauer im Standby-Modus etwa 3 Stunden betr\u00e4gt. Es besteht jedoch auch die M\u00f6glichkeit, die Energie aus dem Stromnetz zu beziehen \u2013 in diesem Fall m\u00fcssen Sie sich keine Sorgen machen, dass die Kamera zum denkbar ung\u00fcnstigsten Zeitpunkt entladen sein k\u00f6nnte.<\/span><\/p>\n<p><strong><span lang=\"lt\">Hochwertige Videoaufnahmen<\/span><\/strong><\/p>\n<p><span lang=\"lt\">Es wird stets angestrebt, dass die von der Kamera aufgezeichneten Videos m\u00f6glichst hochwertig sind. Daher kann diese Uhr mit verdeckter Kamera eine wirklich vorteilhafte Wahl sein. Die Aufnahmen erfolgen in HD-Aufl\u00f6sung (1920&#215;1080 px), und das Objektiv dieses Ger\u00e4ts hat einen Blickwinkel von 120 Grad, sodass Sie sicher sein k\u00f6nnen, dass die Videoaufzeichnungen wirklich klar und hochwertig sind.<\/span><\/p>\n<p><span lang=\"lt\">Die Uhr mit verdeckter Kamera k\u00f6nnen Sie zu einem wirklich attraktiven Preis erwerben, und von der Qualit\u00e4t dieses Ger\u00e4ts werden Sie keinesfalls entt\u00e4uscht sein (f\u00fcr die Kamera wird eine Garantie gew\u00e4hrt).<\/span><\/p>","protected":false},"excerpt":{"rendered":"<p>Technische Parameter: Fernvideoansicht: JA Videoaufzeichnung mit Ton Videoqualit\u00e4t: Ansicht: HD 1920*1080 Objektiv: 120 Grad Videoaufnahme: 1 Std. 360 MB Bildrate: 20 FPS Micro-SD-Karte: von 16&#8230;<\/p>","protected":false},"featured_media":26371,"template":"","meta":[],"etheme_brands":[],"product_brand":[],"product_cat":[204,203,205],"product_tag":[42,707,768,705,690,693],"class_list":{"0":"post-16440","1":"product","2":"type-product","3":"status-publish","4":"has-post-thumbnail","6":"product_cat-17-getarnte-kameras","7":"product_cat-12-versteckte-kameras","8":"product_cat-27-wlan-minikameras","9":"product_tag-kamera","10":"product_tag-kamera-uhr","11":"product_tag-lampe-kamera","12":"product_tag-ueberwachungskamera","13":"product_tag-versteckte-kamera","14":"product_tag-wlan-kamera","15":"pa_typ-wanduhren","17":"first","18":"instock","19":"taxable","20":"shipping-taxable","21":"purchasable","22":"product-type-simple"},"yoast_head":"<!-- This site is optimized with the Yoast SEO Premium plugin v25.9 (Yoast SEO v27.4) - https:\/\/yoast.com\/product\/yoast-seo-premium-wordpress\/ -->\n<title>Wanduhr mit versteckter Kamera Wi Fi<\/title>\n<meta name=\"description\" content=\"Versteckte Kamera Wanduhr mit WIFI \u2013 M\u00f6glichkeit, den Raum unauff\u00e4llig zu \u00fcberwachen, ohne bemerkt zu werden. Das Bild kann rund um die Uhr live auf dem Telefon oder Computer angesehen werden.\" \/>\n<meta name=\"robots\" content=\"index, follow, max-snippet:-1, max-image-preview:large, max-video-preview:-1\" \/>\n<link rel=\"canonical\" href=\"https:\/\/www.ortungsgerate.de\/ru\/12-skrytyje-kamery\/27-wlan-mini-kamery\/chasy-skrytaya-kamera-nablyudeniya-s-wi-fi-2\/\" \/>\n<meta property=\"og:locale\" content=\"ru_RU\" \/>\n<meta property=\"og:type\" content=\"article\" \/>\n<meta property=\"og:title\" content=\"Laikrodis Versteckte \u00dcberwachungskamera mit WI FI\" \/>\n<meta property=\"og:description\" content=\"Versteckte Kamera Wanduhr mit WIFI \u2013 M\u00f6glichkeit, den Raum unauff\u00e4llig zu \u00fcberwachen, ohne bemerkt zu werden. Das Bild kann rund um die Uhr live auf dem Telefon oder Computer angesehen werden.\" \/>\n<meta property=\"og:url\" content=\"https:\/\/www.ortungsgerate.de\/ru\/12-skrytyje-kamery\/27-wlan-mini-kamery\/chasy-skrytaya-kamera-nablyudeniya-s-wi-fi-2\/\" \/>\n<meta property=\"og:site_name\" content=\"Ortungsger\u00e4te.de\" \/>\n<meta property=\"article:modified_time\" content=\"2025-12-01T10:26:01+00:00\" \/>\n<meta property=\"og:image\" content=\"https:\/\/www.ortungsgerate.de\/wp-content\/uploads\/sieninis-laikrodis-slapta-vaizdo-kamera.jpg\" \/>\n\t<meta property=\"og:image:width\" content=\"458\" \/>\n\t<meta property=\"og:image:height\" content=\"458\" \/>\n\t<meta property=\"og:image:type\" content=\"image\/jpeg\" \/>\n<meta name=\"twitter:card\" content=\"summary_large_image\" \/>\n<meta name=\"twitter:label1\" content=\"\u041f\u0440\u0438\u043c\u0435\u0440\u043d\u043e\u0435 \u0432\u0440\u0435\u043c\u044f \u0434\u043b\u044f \u0447\u0442\u0435\u043d\u0438\u044f\" \/>\n\t<meta name=\"twitter:data1\" content=\"3 \u043c\u0438\u043d\u0443\u0442\u044b\" \/>\n<script type=\"application\/ld+json\" class=\"yoast-schema-graph\">{\"@context\":\"https:\\\/\\\/schema.org\",\"@graph\":[{\"@type\":\"WebPage\",\"@id\":\"https:\\\/\\\/www.ortungsgerate.de\\\/12-versteckte-kameras\\\/27-wlan-minikameras\\\/laikrodis-versteckte-ueberwachungskamera-mit-wi-fi\\\/\",\"url\":\"https:\\\/\\\/www.ortungsgerate.de\\\/12-versteckte-kameras\\\/27-wlan-minikameras\\\/laikrodis-versteckte-ueberwachungskamera-mit-wi-fi\\\/\",\"name\":\"Wanduhr mit versteckter Kamera Wi Fi\",\"isPartOf\":{\"@id\":\"https:\\\/\\\/www.ortungsgerate.de\\\/#website\"},\"primaryImageOfPage\":{\"@id\":\"https:\\\/\\\/www.ortungsgerate.de\\\/12-versteckte-kameras\\\/27-wlan-minikameras\\\/laikrodis-versteckte-ueberwachungskamera-mit-wi-fi\\\/#primaryimage\"},\"image\":{\"@id\":\"https:\\\/\\\/www.ortungsgerate.de\\\/12-versteckte-kameras\\\/27-wlan-minikameras\\\/laikrodis-versteckte-ueberwachungskamera-mit-wi-fi\\\/#primaryimage\"},\"thumbnailUrl\":\"https:\\\/\\\/www.ortungsgerate.de\\\/wp-content\\\/uploads\\\/sieninis-laikrodis-slapta-vaizdo-kamera.jpg\",\"datePublished\":\"2024-02-06T19:37:07+00:00\",\"dateModified\":\"2025-12-01T10:26:01+00:00\",\"description\":\"Versteckte Kamera Wanduhr mit WIFI \u2013 M\u00f6glichkeit, den Raum unauff\u00e4llig zu \u00fcberwachen, ohne bemerkt zu werden. Das Bild kann rund um die Uhr live auf dem Telefon oder Computer angesehen werden.\",\"breadcrumb\":{\"@id\":\"https:\\\/\\\/www.ortungsgerate.de\\\/12-versteckte-kameras\\\/27-wlan-minikameras\\\/laikrodis-versteckte-ueberwachungskamera-mit-wi-fi\\\/#breadcrumb\"},\"inLanguage\":\"ru-RU\",\"potentialAction\":[{\"@type\":\"ReadAction\",\"target\":[\"https:\\\/\\\/www.ortungsgerate.de\\\/12-versteckte-kameras\\\/27-wlan-minikameras\\\/laikrodis-versteckte-ueberwachungskamera-mit-wi-fi\\\/\"]}]},{\"@type\":\"ImageObject\",\"inLanguage\":\"ru-RU\",\"@id\":\"https:\\\/\\\/www.ortungsgerate.de\\\/12-versteckte-kameras\\\/27-wlan-minikameras\\\/laikrodis-versteckte-ueberwachungskamera-mit-wi-fi\\\/#primaryimage\",\"url\":\"https:\\\/\\\/www.ortungsgerate.de\\\/wp-content\\\/uploads\\\/sieninis-laikrodis-slapta-vaizdo-kamera.jpg\",\"contentUrl\":\"https:\\\/\\\/www.ortungsgerate.de\\\/wp-content\\\/uploads\\\/sieninis-laikrodis-slapta-vaizdo-kamera.jpg\",\"width\":458,\"height\":458,\"caption\":\"Wanduhr versteckte Videokamera\"},{\"@type\":\"BreadcrumbList\",\"@id\":\"https:\\\/\\\/www.ortungsgerate.de\\\/12-versteckte-kameras\\\/27-wlan-minikameras\\\/laikrodis-versteckte-ueberwachungskamera-mit-wi-fi\\\/#breadcrumb\",\"itemListElement\":[{\"@type\":\"ListItem\",\"position\":1,\"name\":\"Startseite\",\"item\":\"https:\\\/\\\/www.ortungsgerate.de\\\/\"},{\"@type\":\"ListItem\",\"position\":2,\"name\":\"Shop\",\"item\":\"https:\\\/\\\/www.ortungsgerate.de\\\/shop\\\/\"},{\"@type\":\"ListItem\",\"position\":3,\"name\":\"Laikrodis Versteckte \u00dcberwachungskamera mit WI FI\"}]},{\"@type\":\"WebSite\",\"@id\":\"https:\\\/\\\/www.ortungsgerate.de\\\/#website\",\"url\":\"https:\\\/\\\/www.ortungsgerate.de\\\/\",\"name\":\"Ortungsgerate.de\",\"description\":\"\",\"publisher\":{\"@id\":\"https:\\\/\\\/www.ortungsgerate.de\\\/#organization\"},\"potentialAction\":[{\"@type\":\"SearchAction\",\"target\":{\"@type\":\"EntryPoint\",\"urlTemplate\":\"https:\\\/\\\/www.ortungsgerate.de\\\/?s={search_term_string}\"},\"query-input\":{\"@type\":\"PropertyValueSpecification\",\"valueRequired\":true,\"valueName\":\"search_term_string\"}}],\"inLanguage\":\"ru-RU\"},{\"@type\":\"Organization\",\"@id\":\"https:\\\/\\\/www.ortungsgerate.de\\\/#organization\",\"name\":\"Ortungsgerate.de\",\"url\":\"https:\\\/\\\/www.ortungsgerate.de\\\/\",\"logo\":{\"@type\":\"ImageObject\",\"inLanguage\":\"ru-RU\",\"@id\":\"https:\\\/\\\/www.ortungsgerate.de\\\/#\\\/schema\\\/logo\\\/image\\\/\",\"url\":\"https:\\\/\\\/www.ortungsgerate.de\\\/wp-content\\\/uploads\\\/ortungsgerate.png\",\"contentUrl\":\"https:\\\/\\\/www.ortungsgerate.de\\\/wp-content\\\/uploads\\\/ortungsgerate.png\",\"width\":500,\"height\":135,\"caption\":\"Ortungsgerate.de\"},\"image\":{\"@id\":\"https:\\\/\\\/www.ortungsgerate.de\\\/#\\\/schema\\\/logo\\\/image\\\/\"}}]}<\/script>\n<!-- \/ Yoast SEO Premium plugin. -->","yoast_head_json":{"title":"Wanduhr mit versteckter Kamera Wi Fi","description":"Versteckte Kamera Wanduhr mit WIFI \u2013 M\u00f6glichkeit, den Raum unauff\u00e4llig zu \u00fcberwachen, ohne bemerkt zu werden. Das Bild kann rund um die Uhr live auf dem Telefon oder Computer angesehen werden.","robots":{"index":"index","follow":"follow","max-snippet":"max-snippet:-1","max-image-preview":"max-image-preview:large","max-video-preview":"max-video-preview:-1"},"canonical":"https:\/\/www.ortungsgerate.de\/ru\/12-skrytyje-kamery\/27-wlan-mini-kamery\/chasy-skrytaya-kamera-nablyudeniya-s-wi-fi-2\/","og_locale":"ru_RU","og_type":"article","og_title":"Laikrodis Versteckte \u00dcberwachungskamera mit WI FI","og_description":"Versteckte Kamera Wanduhr mit WIFI \u2013 M\u00f6glichkeit, den Raum unauff\u00e4llig zu \u00fcberwachen, ohne bemerkt zu werden. Das Bild kann rund um die Uhr live auf dem Telefon oder Computer angesehen werden.","og_url":"https:\/\/www.ortungsgerate.de\/ru\/12-skrytyje-kamery\/27-wlan-mini-kamery\/chasy-skrytaya-kamera-nablyudeniya-s-wi-fi-2\/","og_site_name":"Ortungsger\u00e4te.de","article_modified_time":"2025-12-01T10:26:01+00:00","og_image":[{"width":458,"height":458,"url":"https:\/\/www.ortungsgerate.de\/wp-content\/uploads\/sieninis-laikrodis-slapta-vaizdo-kamera.jpg","type":"image\/jpeg"}],"twitter_card":"summary_large_image","twitter_misc":{"\u041f\u0440\u0438\u043c\u0435\u0440\u043d\u043e\u0435 \u0432\u0440\u0435\u043c\u044f \u0434\u043b\u044f \u0447\u0442\u0435\u043d\u0438\u044f":"3 \u043c\u0438\u043d\u0443\u0442\u044b"},"schema":{"@context":"https:\/\/schema.org","@graph":[{"@type":"WebPage","@id":"https:\/\/www.ortungsgerate.de\/12-versteckte-kameras\/27-wlan-minikameras\/laikrodis-versteckte-ueberwachungskamera-mit-wi-fi\/","url":"https:\/\/www.ortungsgerate.de\/12-versteckte-kameras\/27-wlan-minikameras\/laikrodis-versteckte-ueberwachungskamera-mit-wi-fi\/","name":"Wanduhr mit versteckter Kamera Wi Fi","isPartOf":{"@id":"https:\/\/www.ortungsgerate.de\/#website"},"primaryImageOfPage":{"@id":"https:\/\/www.ortungsgerate.de\/12-versteckte-kameras\/27-wlan-minikameras\/laikrodis-versteckte-ueberwachungskamera-mit-wi-fi\/#primaryimage"},"image":{"@id":"https:\/\/www.ortungsgerate.de\/12-versteckte-kameras\/27-wlan-minikameras\/laikrodis-versteckte-ueberwachungskamera-mit-wi-fi\/#primaryimage"},"thumbnailUrl":"https:\/\/www.ortungsgerate.de\/wp-content\/uploads\/sieninis-laikrodis-slapta-vaizdo-kamera.jpg","datePublished":"2024-02-06T19:37:07+00:00","dateModified":"2025-12-01T10:26:01+00:00","description":"Versteckte Kamera Wanduhr mit WIFI \u2013 M\u00f6glichkeit, den Raum unauff\u00e4llig zu \u00fcberwachen, ohne bemerkt zu werden. Das Bild kann rund um die Uhr live auf dem Telefon oder Computer angesehen werden.","breadcrumb":{"@id":"https:\/\/www.ortungsgerate.de\/12-versteckte-kameras\/27-wlan-minikameras\/laikrodis-versteckte-ueberwachungskamera-mit-wi-fi\/#breadcrumb"},"inLanguage":"ru-RU","potentialAction":[{"@type":"ReadAction","target":["https:\/\/www.ortungsgerate.de\/12-versteckte-kameras\/27-wlan-minikameras\/laikrodis-versteckte-ueberwachungskamera-mit-wi-fi\/"]}]},{"@type":"ImageObject","inLanguage":"ru-RU","@id":"https:\/\/www.ortungsgerate.de\/12-versteckte-kameras\/27-wlan-minikameras\/laikrodis-versteckte-ueberwachungskamera-mit-wi-fi\/#primaryimage","url":"https:\/\/www.ortungsgerate.de\/wp-content\/uploads\/sieninis-laikrodis-slapta-vaizdo-kamera.jpg","contentUrl":"https:\/\/www.ortungsgerate.de\/wp-content\/uploads\/sieninis-laikrodis-slapta-vaizdo-kamera.jpg","width":458,"height":458,"caption":"Wanduhr versteckte Videokamera"},{"@type":"BreadcrumbList","@id":"https:\/\/www.ortungsgerate.de\/12-versteckte-kameras\/27-wlan-minikameras\/laikrodis-versteckte-ueberwachungskamera-mit-wi-fi\/#breadcrumb","itemListElement":[{"@type":"ListItem","position":1,"name":"Startseite","item":"https:\/\/www.ortungsgerate.de\/"},{"@type":"ListItem","position":2,"name":"Shop","item":"https:\/\/www.ortungsgerate.de\/shop\/"},{"@type":"ListItem","position":3,"name":"Laikrodis Versteckte \u00dcberwachungskamera mit WI FI"}]},{"@type":"WebSite","@id":"https:\/\/www.ortungsgerate.de\/#website","url":"https:\/\/www.ortungsgerate.de\/","name":"Ortungsgerate.de","description":"","publisher":{"@id":"https:\/\/www.ortungsgerate.de\/#organization"},"potentialAction":[{"@type":"SearchAction","target":{"@type":"EntryPoint","urlTemplate":"https:\/\/www.ortungsgerate.de\/?s={search_term_string}"},"query-input":{"@type":"PropertyValueSpecification","valueRequired":true,"valueName":"search_term_string"}}],"inLanguage":"ru-RU"},{"@type":"Organization","@id":"https:\/\/www.ortungsgerate.de\/#organization","name":"Ortungsgerate.de","url":"https:\/\/www.ortungsgerate.de\/","logo":{"@type":"ImageObject","inLanguage":"ru-RU","@id":"https:\/\/www.ortungsgerate.de\/#\/schema\/logo\/image\/","url":"https:\/\/www.ortungsgerate.de\/wp-content\/uploads\/ortungsgerate.png","contentUrl":"https:\/\/www.ortungsgerate.de\/wp-content\/uploads\/ortungsgerate.png","width":500,"height":135,"caption":"Ortungsgerate.de"},"image":{"@id":"https:\/\/www.ortungsgerate.de\/#\/schema\/logo\/image\/"}}]}},"_links":{"self":[{"href":"https:\/\/www.ortungsgerate.de\/ru\/wp-json\/wp\/v2\/product\/16440","targetHints":{"allow":["GET"]}}],"collection":[{"href":"https:\/\/www.ortungsgerate.de\/ru\/wp-json\/wp\/v2\/product"}],"about":[{"href":"https:\/\/www.ortungsgerate.de\/ru\/wp-json\/wp\/v2\/types\/product"}],"version-history":[{"count":0,"href":"https:\/\/www.ortungsgerate.de\/ru\/wp-json\/wp\/v2\/product\/16440\/revisions"}],"wp:featuredmedia":[{"embeddable":true,"href":"https:\/\/www.ortungsgerate.de\/ru\/wp-json\/wp\/v2\/media\/26371"}],"wp:attachment":[{"href":"https:\/\/www.ortungsgerate.de\/ru\/wp-json\/wp\/v2\/media?parent=16440"}],"wp:term":[{"taxonomy":"brand","embeddable":true,"href":"https:\/\/www.ortungsgerate.de\/ru\/wp-json\/wp\/v2\/etheme_brands?post=16440"},{"taxonomy":"product_brand","embeddable":true,"href":"https:\/\/www.ortungsgerate.de\/ru\/wp-json\/wp\/v2\/product_brand?post=16440"},{"taxonomy":"product_cat","embeddable":true,"href":"https:\/\/www.ortungsgerate.de\/ru\/wp-json\/wp\/v2\/product_cat?post=16440"},{"taxonomy":"product_tag","embeddable":true,"href":"https:\/\/www.ortungsgerate.de\/ru\/wp-json\/wp\/v2\/product_tag?post=16440"}],"curies":[{"name":"wp","href":"https:\/\/api.w.org\/{rel}","templated":true}]}}