{"id":16441,"date":"2024-07-05T13:50:39","date_gmt":"2024-07-05T10:50:39","guid":{"rendered":"https:\/\/ortungsgerate.de\/be-kategorijos\/skaiciuotuvas-su-wifi-slapta-vaizdo-kamera\/"},"modified":"2026-03-12T05:30:55","modified_gmt":"2026-03-12T04:30:55","slug":"kalkulyator-s-wifi-skrytoy-kameroy","status":"publish","type":"product","link":"https:\/\/www.ortungsgerate.de\/ru\/12-skrytyje-kamery\/kalkulyator-s-wifi-skrytoy-kameroy\/","title":{"rendered":"\u041a\u0430\u043b\u044c\u043a\u0443\u043b\u044f\u0442\u043e\u0440 \u0441 WiFi \u0441\u043a\u0440\u044b\u0442\u043e\u0439 \u043a\u0430\u043c\u0435\u0440\u043e\u0439"},"content":{"rendered":"<h3><strong>\u0422\u0435\u0445\u043d\u0438\u0447\u0435\u0441\u043a\u0438\u0435 \u043f\u0430\u0440\u0430\u043c\u0435\u0442\u0440\u044b:<\/strong><\/h3>\n<ul>\n<li>Echter Z\u00e4hler<\/li>\n<li>\u0418\u0437\u043e\u0431\u0440\u0430\u0436\u0435\u043d\u0438\u0435 \u0437\u0430\u043f\u0438\u0441\u044b\u0432\u0430\u0435\u0442\u0441\u044f \u0441\u043e \u0437\u0432\u0443\u043a\u043e\u043c<\/li>\n<li>Akku-Laufzeit 2-3 Stunden<\/li>\n<li>Videoqualit\u00e4t:\u00a0 FULL HD1080P, 1920*1080<\/li>\n<li>\u0418\u0437\u043e\u0431\u0440\u0430\u0436\u0435\u043d\u0438\u044f \u043c\u043e\u0436\u043d\u043e \u043f\u0440\u043e\u0441\u043c\u0430\u0442\u0440\u0438\u0432\u0430\u0442\u044c: \u0441 \u0442\u0435\u043b\u0435\u0444\u043e\u043d\u0430, \u043a\u043e\u043c\u043f\u044c\u044e\u0442\u0435\u0440\u0430 \u0438 \u043f\u043b\u0430\u043d\u0448\u0435\u0442\u0430<\/li>\n<li>Aufnahmedauer mit Batterie: etwa 3-4 Stunden (Sie k\u00f6nnen eine Batterie mit h\u00f6herer Kapazit\u00e4t verwenden) z.B. Powerbank<\/li>\n<li>\u0424\u0443\u043d\u043a\u0446\u0438\u044f \u043d\u043e\u0447\u043d\u043e\u0439 \u0441\u044a\u0435\u043c\u043a\u0438: \u041d\u0415\u0422<\/li>\n<li>\u0420\u0435\u0436\u0438\u043c \u043e\u0431\u043d\u0430\u0440\u0443\u0436\u0435\u043d\u0438\u044f \u0434\u0432\u0438\u0436\u0435\u043d\u0438\u044f: \u0414\u0410 (\u0446\u0438\u0444\u0440\u043e\u0432\u043e\u0439)<\/li>\n<li>\u0423\u0433\u043e\u043b \u043e\u0431\u0437\u043e\u0440\u0430: 90 \u00b0<\/li>\n<li>Unterst\u00fctzte Speicherkarte 16-128Gb<\/li>\n<li>1Std. Videoaufnahme 320 MB<\/li>\n<li>\u0424\u043e\u0440\u043c\u0430\u0442 \u0441\u0436\u0430\u0442\u0438\u044f: AVI H.264<\/li>\n<li>\u041f\u043e\u0434\u0434\u0435\u0440\u0436\u0438\u0432\u0430\u0435\u043c\u044b\u0435 \u0441\u0438\u0441\u0442\u0435\u043c\u044b: \u201eiOS\u201c \u201eAndroid\u201c \u201eWindows\u201c<\/li>\n<li>\u041f\u0440\u0438\u043b\u043e\u0436\u0435\u043d\u0438\u044f: Android \/ iPhone<\/li>\n<li>Stromversorgung: Batterie oder\u00a0Netzanschluss\u00a0(z.B. Handy-Ladeger\u00e4t)<\/li>\n<li>Wi-Fi-\u0441\u043e\u0435\u0434\u0438\u043d\u0435\u043d\u0438\u0435: IEEE802.11 b \/ g \/ n<\/li>\n<li>Aufnahmeverwaltung: \u00a0mit jedem Smart-Ger\u00e4t (Telefon, Computer oder Tablet).<\/li>\n<li><strong>\u0413\u0430\u0440\u0430\u043d\u0442\u0438\u044f 24 \u043c\u0435\u0441\u044f\u0446\u0430.<\/strong><\/li>\n<\/ul>\n<p>\u0418\u0441\u043f\u043e\u043b\u044c\u0437\u043e\u0432\u0430\u043d\u0438\u0435: \u0414\u043b\u044f \u0432\u0430\u0448\u0435\u0439 \u0431\u0435\u0437\u043e\u043f\u0430\u0441\u043d\u043e\u0441\u0442\u0438 \u0438 \u0431\u0435\u0437\u043e\u043f\u0430\u0441\u043d\u043e\u0441\u0442\u0438 \u0432\u0430\u0448\u0438\u0445 \u0434\u0435\u0442\u0435\u0439.<\/p>\n<p>&nbsp;<\/p>","protected":false},"excerpt":{"rendered":"<p>Technische\u00a0Parameter: Echter Z\u00e4hler Bild wird mit Ton aufgenommen Akku-Laufzeit 2-3 Stunden Videoqualit\u00e4t:\u00a0 FULL HD1080P, 1920*1080 Bilder k\u00f6nnen angesehen werden: mit Telefon, Computer und Tablet Aufnahmedauer&#8230;<\/p>","protected":false},"featured_media":26370,"template":"","meta":[],"etheme_brands":[],"product_brand":[],"product_cat":[204,203,205],"product_tag":[],"class_list":{"0":"post-16441","1":"product","2":"type-product","3":"status-publish","4":"has-post-thumbnail","6":"product_cat-17-getarnte-kameras","7":"product_cat-12-versteckte-kameras","8":"product_cat-27-wlan-minikameras","9":"pa_typ-taschenrechner","11":"first","12":"outofstock","13":"taxable","14":"shipping-taxable","15":"purchasable","16":"product-type-simple"},"yoast_head":"<!-- This site is optimized with the Yoast SEO Premium plugin v25.9 (Yoast SEO v27.4) - https:\/\/yoast.com\/product\/yoast-seo-premium-wordpress\/ -->\n<title>Rechner mit WiFi versteckter Kamera<\/title>\n<meta name=\"description\" content=\"Rechner mit eingebauter versteckter WiFi-Kamera. Hohe Videoqualit\u00e4t, einfach anzuschlie\u00dfen. Kostenloser Versand, gro\u00dfe Auswahl an versteckten Kameras.\" \/>\n<meta name=\"robots\" content=\"index, follow, max-snippet:-1, max-image-preview:large, max-video-preview:-1\" \/>\n<link rel=\"canonical\" href=\"https:\/\/www.ortungsgerate.de\/ru\/12-skrytyje-kamery\/kalkulyator-s-wifi-skrytoy-kameroy\/\" \/>\n<meta property=\"og:locale\" content=\"ru_RU\" \/>\n<meta property=\"og:type\" content=\"article\" \/>\n<meta property=\"og:title\" content=\"Rechner mit WiFi versteckter Kamera\" \/>\n<meta property=\"og:description\" content=\"Rechner mit eingebauter versteckter WiFi-Kamera. Hohe Videoqualit\u00e4t, einfach anzuschlie\u00dfen. Kostenloser Versand, gro\u00dfe Auswahl an versteckten Kameras.\" \/>\n<meta property=\"og:url\" content=\"https:\/\/www.ortungsgerate.de\/ru\/12-skrytyje-kamery\/kalkulyator-s-wifi-skrytoy-kameroy\/\" \/>\n<meta property=\"og:site_name\" content=\"Ortungsger\u00e4te.de\" \/>\n<meta property=\"article:modified_time\" content=\"2026-03-12T04:30:55+00:00\" \/>\n<meta property=\"og:image\" content=\"https:\/\/www.ortungsgerate.de\/wp-content\/uploads\/skaiciuotuvas-su-slapta-kamera-wifi.jpg\" \/>\n\t<meta property=\"og:image:width\" content=\"600\" \/>\n\t<meta property=\"og:image:height\" content=\"602\" \/>\n\t<meta property=\"og:image:type\" content=\"image\/jpeg\" \/>\n<meta name=\"twitter:card\" content=\"summary_large_image\" \/>\n<meta name=\"twitter:label1\" content=\"\u041f\u0440\u0438\u043c\u0435\u0440\u043d\u043e\u0435 \u0432\u0440\u0435\u043c\u044f \u0434\u043b\u044f \u0447\u0442\u0435\u043d\u0438\u044f\" \/>\n\t<meta name=\"twitter:data1\" content=\"1 \u043c\u0438\u043d\u0443\u0442\u0430\" \/>\n<script type=\"application\/ld+json\" class=\"yoast-schema-graph\">{\"@context\":\"https:\\\/\\\/schema.org\",\"@graph\":[{\"@type\":\"WebPage\",\"@id\":\"https:\\\/\\\/www.ortungsgerate.de\\\/12-versteckte-kameras\\\/rechner-mit-wifi-versteckter-kamera\\\/\",\"url\":\"https:\\\/\\\/www.ortungsgerate.de\\\/12-versteckte-kameras\\\/rechner-mit-wifi-versteckter-kamera\\\/\",\"name\":\"Rechner mit WiFi versteckter Kamera\",\"isPartOf\":{\"@id\":\"https:\\\/\\\/www.ortungsgerate.de\\\/#website\"},\"primaryImageOfPage\":{\"@id\":\"https:\\\/\\\/www.ortungsgerate.de\\\/12-versteckte-kameras\\\/rechner-mit-wifi-versteckter-kamera\\\/#primaryimage\"},\"image\":{\"@id\":\"https:\\\/\\\/www.ortungsgerate.de\\\/12-versteckte-kameras\\\/rechner-mit-wifi-versteckter-kamera\\\/#primaryimage\"},\"thumbnailUrl\":\"https:\\\/\\\/www.ortungsgerate.de\\\/wp-content\\\/uploads\\\/skaiciuotuvas-su-slapta-kamera-wifi.jpg\",\"datePublished\":\"2024-07-05T10:50:39+00:00\",\"dateModified\":\"2026-03-12T04:30:55+00:00\",\"description\":\"Rechner mit eingebauter versteckter WiFi-Kamera. Hohe Videoqualit\u00e4t, einfach anzuschlie\u00dfen. Kostenloser Versand, gro\u00dfe Auswahl an versteckten Kameras.\",\"breadcrumb\":{\"@id\":\"https:\\\/\\\/www.ortungsgerate.de\\\/12-versteckte-kameras\\\/rechner-mit-wifi-versteckter-kamera\\\/#breadcrumb\"},\"inLanguage\":\"ru-RU\",\"potentialAction\":[{\"@type\":\"ReadAction\",\"target\":[\"https:\\\/\\\/www.ortungsgerate.de\\\/12-versteckte-kameras\\\/rechner-mit-wifi-versteckter-kamera\\\/\"]}]},{\"@type\":\"ImageObject\",\"inLanguage\":\"ru-RU\",\"@id\":\"https:\\\/\\\/www.ortungsgerate.de\\\/12-versteckte-kameras\\\/rechner-mit-wifi-versteckter-kamera\\\/#primaryimage\",\"url\":\"https:\\\/\\\/www.ortungsgerate.de\\\/wp-content\\\/uploads\\\/skaiciuotuvas-su-slapta-kamera-wifi.jpg\",\"contentUrl\":\"https:\\\/\\\/www.ortungsgerate.de\\\/wp-content\\\/uploads\\\/skaiciuotuvas-su-slapta-kamera-wifi.jpg\",\"width\":600,\"height\":602,\"caption\":\"Taschenrechner mit versteckter WLAN-Kamera\"},{\"@type\":\"BreadcrumbList\",\"@id\":\"https:\\\/\\\/www.ortungsgerate.de\\\/12-versteckte-kameras\\\/rechner-mit-wifi-versteckter-kamera\\\/#breadcrumb\",\"itemListElement\":[{\"@type\":\"ListItem\",\"position\":1,\"name\":\"Startseite\",\"item\":\"https:\\\/\\\/www.ortungsgerate.de\\\/\"},{\"@type\":\"ListItem\",\"position\":2,\"name\":\"Shop\",\"item\":\"https:\\\/\\\/www.ortungsgerate.de\\\/shop\\\/\"},{\"@type\":\"ListItem\",\"position\":3,\"name\":\"Rechner mit WiFi versteckter Kamera\"}]},{\"@type\":\"WebSite\",\"@id\":\"https:\\\/\\\/www.ortungsgerate.de\\\/#website\",\"url\":\"https:\\\/\\\/www.ortungsgerate.de\\\/\",\"name\":\"Ortungsgerate.de\",\"description\":\"\",\"publisher\":{\"@id\":\"https:\\\/\\\/www.ortungsgerate.de\\\/#organization\"},\"potentialAction\":[{\"@type\":\"SearchAction\",\"target\":{\"@type\":\"EntryPoint\",\"urlTemplate\":\"https:\\\/\\\/www.ortungsgerate.de\\\/?s={search_term_string}\"},\"query-input\":{\"@type\":\"PropertyValueSpecification\",\"valueRequired\":true,\"valueName\":\"search_term_string\"}}],\"inLanguage\":\"ru-RU\"},{\"@type\":\"Organization\",\"@id\":\"https:\\\/\\\/www.ortungsgerate.de\\\/#organization\",\"name\":\"Ortungsgerate.de\",\"url\":\"https:\\\/\\\/www.ortungsgerate.de\\\/\",\"logo\":{\"@type\":\"ImageObject\",\"inLanguage\":\"ru-RU\",\"@id\":\"https:\\\/\\\/www.ortungsgerate.de\\\/#\\\/schema\\\/logo\\\/image\\\/\",\"url\":\"https:\\\/\\\/www.ortungsgerate.de\\\/wp-content\\\/uploads\\\/ortungsgerate.png\",\"contentUrl\":\"https:\\\/\\\/www.ortungsgerate.de\\\/wp-content\\\/uploads\\\/ortungsgerate.png\",\"width\":500,\"height\":135,\"caption\":\"Ortungsgerate.de\"},\"image\":{\"@id\":\"https:\\\/\\\/www.ortungsgerate.de\\\/#\\\/schema\\\/logo\\\/image\\\/\"}}]}<\/script>\n<!-- \/ Yoast SEO Premium plugin. -->","yoast_head_json":{"title":"\u041a\u0430\u043b\u044c\u043a\u0443\u043b\u044f\u0442\u043e\u0440 \u0441 WiFi \u0441\u043a\u0440\u044b\u0442\u043e\u0439 \u043a\u0430\u043c\u0435\u0440\u043e\u0439","description":"Rechner mit eingebauter versteckter WiFi-Kamera. Hohe Videoqualit\u00e4t, einfach anzuschlie\u00dfen. Kostenloser Versand, gro\u00dfe Auswahl an versteckten Kameras.","robots":{"index":"index","follow":"follow","max-snippet":"max-snippet:-1","max-image-preview":"max-image-preview:large","max-video-preview":"max-video-preview:-1"},"canonical":"https:\/\/www.ortungsgerate.de\/ru\/12-skrytyje-kamery\/kalkulyator-s-wifi-skrytoy-kameroy\/","og_locale":"ru_RU","og_type":"article","og_title":"Rechner mit WiFi versteckter Kamera","og_description":"Rechner mit eingebauter versteckter WiFi-Kamera. Hohe Videoqualit\u00e4t, einfach anzuschlie\u00dfen. Kostenloser Versand, gro\u00dfe Auswahl an versteckten Kameras.","og_url":"https:\/\/www.ortungsgerate.de\/ru\/12-skrytyje-kamery\/kalkulyator-s-wifi-skrytoy-kameroy\/","og_site_name":"Ortungsger\u00e4te.de","article_modified_time":"2026-03-12T04:30:55+00:00","og_image":[{"width":600,"height":602,"url":"https:\/\/www.ortungsgerate.de\/wp-content\/uploads\/skaiciuotuvas-su-slapta-kamera-wifi.jpg","type":"image\/jpeg"}],"twitter_card":"summary_large_image","twitter_misc":{"\u041f\u0440\u0438\u043c\u0435\u0440\u043d\u043e\u0435 \u0432\u0440\u0435\u043c\u044f \u0434\u043b\u044f \u0447\u0442\u0435\u043d\u0438\u044f":"1 \u043c\u0438\u043d\u0443\u0442\u0430"},"schema":{"@context":"https:\/\/schema.org","@graph":[{"@type":"WebPage","@id":"https:\/\/www.ortungsgerate.de\/12-versteckte-kameras\/rechner-mit-wifi-versteckter-kamera\/","url":"https:\/\/www.ortungsgerate.de\/12-versteckte-kameras\/rechner-mit-wifi-versteckter-kamera\/","name":"\u041a\u0430\u043b\u044c\u043a\u0443\u043b\u044f\u0442\u043e\u0440 \u0441 WiFi \u0441\u043a\u0440\u044b\u0442\u043e\u0439 \u043a\u0430\u043c\u0435\u0440\u043e\u0439","isPartOf":{"@id":"https:\/\/www.ortungsgerate.de\/#website"},"primaryImageOfPage":{"@id":"https:\/\/www.ortungsgerate.de\/12-versteckte-kameras\/rechner-mit-wifi-versteckter-kamera\/#primaryimage"},"image":{"@id":"https:\/\/www.ortungsgerate.de\/12-versteckte-kameras\/rechner-mit-wifi-versteckter-kamera\/#primaryimage"},"thumbnailUrl":"https:\/\/www.ortungsgerate.de\/wp-content\/uploads\/skaiciuotuvas-su-slapta-kamera-wifi.jpg","datePublished":"2024-07-05T10:50:39+00:00","dateModified":"2026-03-12T04:30:55+00:00","description":"Rechner mit eingebauter versteckter WiFi-Kamera. Hohe Videoqualit\u00e4t, einfach anzuschlie\u00dfen. Kostenloser Versand, gro\u00dfe Auswahl an versteckten Kameras.","breadcrumb":{"@id":"https:\/\/www.ortungsgerate.de\/12-versteckte-kameras\/rechner-mit-wifi-versteckter-kamera\/#breadcrumb"},"inLanguage":"ru-RU","potentialAction":[{"@type":"ReadAction","target":["https:\/\/www.ortungsgerate.de\/12-versteckte-kameras\/rechner-mit-wifi-versteckter-kamera\/"]}]},{"@type":"ImageObject","inLanguage":"ru-RU","@id":"https:\/\/www.ortungsgerate.de\/12-versteckte-kameras\/rechner-mit-wifi-versteckter-kamera\/#primaryimage","url":"https:\/\/www.ortungsgerate.de\/wp-content\/uploads\/skaiciuotuvas-su-slapta-kamera-wifi.jpg","contentUrl":"https:\/\/www.ortungsgerate.de\/wp-content\/uploads\/skaiciuotuvas-su-slapta-kamera-wifi.jpg","width":600,"height":602,"caption":"Taschenrechner mit versteckter WLAN-Kamera"},{"@type":"BreadcrumbList","@id":"https:\/\/www.ortungsgerate.de\/12-versteckte-kameras\/rechner-mit-wifi-versteckter-kamera\/#breadcrumb","itemListElement":[{"@type":"ListItem","position":1,"name":"Startseite","item":"https:\/\/www.ortungsgerate.de\/"},{"@type":"ListItem","position":2,"name":"Shop","item":"https:\/\/www.ortungsgerate.de\/shop\/"},{"@type":"ListItem","position":3,"name":"Rechner mit WiFi versteckter Kamera"}]},{"@type":"WebSite","@id":"https:\/\/www.ortungsgerate.de\/#website","url":"https:\/\/www.ortungsgerate.de\/","name":"Ortungsgerate.de","description":"","publisher":{"@id":"https:\/\/www.ortungsgerate.de\/#organization"},"potentialAction":[{"@type":"SearchAction","target":{"@type":"EntryPoint","urlTemplate":"https:\/\/www.ortungsgerate.de\/?s={search_term_string}"},"query-input":{"@type":"PropertyValueSpecification","valueRequired":true,"valueName":"search_term_string"}}],"inLanguage":"ru-RU"},{"@type":"Organization","@id":"https:\/\/www.ortungsgerate.de\/#organization","name":"Ortungsgerate.de","url":"https:\/\/www.ortungsgerate.de\/","logo":{"@type":"ImageObject","inLanguage":"ru-RU","@id":"https:\/\/www.ortungsgerate.de\/#\/schema\/logo\/image\/","url":"https:\/\/www.ortungsgerate.de\/wp-content\/uploads\/ortungsgerate.png","contentUrl":"https:\/\/www.ortungsgerate.de\/wp-content\/uploads\/ortungsgerate.png","width":500,"height":135,"caption":"Ortungsgerate.de"},"image":{"@id":"https:\/\/www.ortungsgerate.de\/#\/schema\/logo\/image\/"}}]}},"_links":{"self":[{"href":"https:\/\/www.ortungsgerate.de\/ru\/wp-json\/wp\/v2\/product\/16441","targetHints":{"allow":["GET"]}}],"collection":[{"href":"https:\/\/www.ortungsgerate.de\/ru\/wp-json\/wp\/v2\/product"}],"about":[{"href":"https:\/\/www.ortungsgerate.de\/ru\/wp-json\/wp\/v2\/types\/product"}],"version-history":[{"count":1,"href":"https:\/\/www.ortungsgerate.de\/ru\/wp-json\/wp\/v2\/product\/16441\/revisions"}],"predecessor-version":[{"id":31083,"href":"https:\/\/www.ortungsgerate.de\/ru\/wp-json\/wp\/v2\/product\/16441\/revisions\/31083"}],"wp:featuredmedia":[{"embeddable":true,"href":"https:\/\/www.ortungsgerate.de\/ru\/wp-json\/wp\/v2\/media\/26370"}],"wp:attachment":[{"href":"https:\/\/www.ortungsgerate.de\/ru\/wp-json\/wp\/v2\/media?parent=16441"}],"wp:term":[{"taxonomy":"brand","embeddable":true,"href":"https:\/\/www.ortungsgerate.de\/ru\/wp-json\/wp\/v2\/etheme_brands?post=16441"},{"taxonomy":"product_brand","embeddable":true,"href":"https:\/\/www.ortungsgerate.de\/ru\/wp-json\/wp\/v2\/product_brand?post=16441"},{"taxonomy":"product_cat","embeddable":true,"href":"https:\/\/www.ortungsgerate.de\/ru\/wp-json\/wp\/v2\/product_cat?post=16441"},{"taxonomy":"product_tag","embeddable":true,"href":"https:\/\/www.ortungsgerate.de\/ru\/wp-json\/wp\/v2\/product_tag?post=16441"}],"curies":[{"name":"wp","href":"https:\/\/api.w.org\/{rel}","templated":true}]}}