{"id":16443,"date":"2024-02-07T12:10:39","date_gmt":"2024-02-07T10:10:39","guid":{"rendered":"https:\/\/ortungsgerate.de\/be-kategorijos\/mini-kamera-saga-su-wifi-5-sagos-komplekte-powerbank\/"},"modified":"2025-11-26T19:01:36","modified_gmt":"2025-11-26T17:01:36","slug":"mini-kamera-knopka-s-wifi-nabor-iz-5-knopok-powerbank","status":"publish","type":"product","link":"https:\/\/www.ortungsgerate.de\/ru\/16-proslushivayushcheye-oborudovaniye-2\/19-naushniki-dlia-egzamenov-2\/mini-kamera-knopka-s-wifi-nabor-iz-5-knopok-powerbank\/","title":{"rendered":"\u041c\u0438\u043d\u0438 \u043a\u0430\u043c\u0435\u0440\u0430 \u043a\u043d\u043e\u043f\u043a\u0430 \u0441 WiFi + \u043d\u0430\u0431\u043e\u0440 \u0438\u0437 5 \u043a\u043d\u043e\u043f\u043e\u043a + Powerbank"},"content":{"rendered":"<h3><strong>\u0422\u0435\u0445\u043d\u0438\u0447\u0435\u0441\u043a\u0438\u0435 \u043f\u0430\u0440\u0430\u043c\u0435\u0442\u0440\u044b:<\/strong><\/h3>\n<ul>\n<li>Fernansicht: JA<\/li>\n<li>5 Kn\u00f6pfe im Set<\/li>\n<li>POWERBANK NICHT im Set<\/li>\n<li>\u0418\u0437\u043e\u0431\u0440\u0430\u0436\u0435\u043d\u0438\u0435 \u0437\u0430\u043f\u0438\u0441\u044b\u0432\u0430\u0435\u0442\u0441\u044f \u0441\u043e \u0437\u0432\u0443\u043a\u043e\u043c<\/li>\n<li>Videoqualit\u00e4t: FULL HD1080P,<\/li>\n<li>Aufnahmen k\u00f6nnen angesehen werden: per Telefon,<\/li>\n<li>Das Bild kann aus der Ferne \u00fcbertragen werden (z. B. bei Pr\u00fcfungen)<\/li>\n<li>Aufnahmedauer mit Batterie: ca. 3\u20134 Stunden<\/li>\n<li>\u0420\u0435\u0436\u0438\u043c \u043e\u0431\u043d\u0430\u0440\u0443\u0436\u0435\u043d\u0438\u044f \u0434\u0432\u0438\u0436\u0435\u043d\u0438\u044f: \u0414\u0410 (\u0446\u0438\u0444\u0440\u043e\u0432\u043e\u0439)<\/li>\n<li>\u00dcberwachungswinkel: 100\u00b0<\/li>\n<li>Unterst\u00fctzte Karte: 16\u2013128 GB (Karte nicht im Set enthalten)<\/li>\n<li>1 Std. Videoaufnahme 400 MB<\/li>\n<li>\u0424\u043e\u0440\u043c\u0430\u0442 \u0441\u0436\u0430\u0442\u0438\u044f: AVI H.264<\/li>\n<li>\u041f\u043e\u0434\u0434\u0435\u0440\u0436\u0438\u0432\u0430\u0435\u043c\u044b\u0435 \u0441\u0438\u0441\u0442\u0435\u043c\u044b: \u201eiOS\u201c \u201eAndroid\u201c \u201eWindows\u201c<\/li>\n<li>Apps: Android \/ iPhone<\/li>\n<li>Stromversorgung: Batterie oder aus dem Netz (z. B. Ladeger\u00e4t eines Mobiltelefons)<\/li>\n<li>Wi-Fi-\u0441\u043e\u0435\u0434\u0438\u043d\u0435\u043d\u0438\u0435: IEEE802.11 b \/ g \/ n<\/li>\n<li>\u0415\u043c\u043a\u043e\u0441\u0442\u044c \u0431\u0430\u0442\u0430\u0440\u0435\u0438: 4000 \u043c\u0410\u0447<\/li>\n<li>\u0414\u043b\u0438\u043d\u0430 \u043b\u0435\u043d\u0442\u044b: 10 \u0441\u043c<\/li>\n<li>Geh\u00e4useabmessungen: 50 mm x 32 mm x 12 mm<\/li>\n<li>Aufnahmesteuerung: mit jedem Smartger\u00e4t (Telefon, Computer oder Tablet).<\/li>\n<li><strong>Garantie 24 Monate<\/strong><\/li>\n<\/ul>\n<p>Verwendung: F\u00fcr die eigene Sicherheit und die der Kinder.<\/p>\n<p><span style=\"color: #d0121a;\"><strong>Wenn Sie eine schnelle Lieferung am selben Tag ben\u00f6tigen   <\/strong><\/span><\/p>","protected":false},"excerpt":{"rendered":"<p>Technische Parameter: Fernansicht: JA 5 Kn\u00f6pfe im Set POWERBANK NICHT im Set Bild wird mit Ton aufgezeichnet Videoqualit\u00e4t: FULL HD1080P, Aufnahmen k\u00f6nnen angesehen werden: per&#8230;<\/p>","protected":false},"featured_media":27635,"template":"","meta":[],"etheme_brands":[],"product_brand":[],"product_cat":[204,206,203,205],"product_tag":[687,739,705,690,691,693],"class_list":{"0":"post-16443","1":"product","2":"type-product","3":"status-publish","4":"has-post-thumbnail","6":"product_cat-17-getarnte-kameras","7":"product_cat-19-pruefungsohrhoerer-fuer-pruefungen","8":"product_cat-12-versteckte-kameras","9":"product_cat-27-wlan-minikameras","10":"product_tag-kamera-zur-ueberwachung","11":"product_tag-spionagekamera","12":"product_tag-ueberwachungskamera","13":"product_tag-versteckte-kamera","14":"product_tag-versteckte-ueberwachungskamera","15":"product_tag-wlan-kamera","16":"pa_typ-mini-kameras","18":"first","19":"instock","20":"taxable","21":"shipping-taxable","22":"purchasable","23":"product-type-simple"},"yoast_head":"<!-- This site is optimized with the Yoast SEO Premium plugin v25.9 (Yoast SEO v27.4) - https:\/\/yoast.com\/product\/yoast-seo-premium-wordpress\/ -->\n<title>Mini Knopfkamera mit WLAN 5-Knopf-Set + Powerbank<\/title>\n<meta name=\"description\" content=\"Die geheime Mini Kamera in Knopfform eignet sich perfekt zur Bild\u00fcbertragung aus der Ferne. Im Set sind sogar 5 Kn\u00f6pfe enthalten, die zu Ihrer Kleidung passen. Kleine, geheime und unauff\u00e4llige Kamera mit WLAN\" \/>\n<meta name=\"robots\" content=\"index, follow, max-snippet:-1, max-image-preview:large, max-video-preview:-1\" \/>\n<link rel=\"canonical\" href=\"https:\/\/www.ortungsgerate.de\/ru\/16-proslushivayushcheye-oborudovaniye-2\/19-naushniki-dlia-egzamenov-2\/mini-kamera-knopka-s-wifi-nabor-iz-5-knopok-powerbank\/\" \/>\n<meta property=\"og:locale\" content=\"ru_RU\" \/>\n<meta property=\"og:type\" content=\"article\" \/>\n<meta property=\"og:title\" content=\"Mini Kamera Knopf mit WiFi + Set mit 5 Kn\u00f6pfen + Powerbank\" \/>\n<meta property=\"og:description\" content=\"Die geheime Mini Kamera in Knopfform eignet sich perfekt zur Bild\u00fcbertragung aus der Ferne. Im Set sind sogar 5 Kn\u00f6pfe enthalten, die zu Ihrer Kleidung passen. Kleine, geheime und unauff\u00e4llige Kamera mit WLAN\" \/>\n<meta property=\"og:url\" content=\"https:\/\/www.ortungsgerate.de\/ru\/16-proslushivayushcheye-oborudovaniye-2\/19-naushniki-dlia-egzamenov-2\/mini-kamera-knopka-s-wifi-nabor-iz-5-knopok-powerbank\/\" \/>\n<meta property=\"og:site_name\" content=\"Ortungsger\u00e4te.de\" \/>\n<meta property=\"article:modified_time\" content=\"2025-11-26T17:01:36+00:00\" \/>\n<meta property=\"og:image\" content=\"https:\/\/www.ortungsgerate.de\/wp-content\/uploads\/mini-kamera-saga-su-wifi-5-sagos-komplekte-powerbank-9.jpg\" \/>\n\t<meta property=\"og:image:width\" content=\"1000\" \/>\n\t<meta property=\"og:image:height\" content=\"1000\" \/>\n\t<meta property=\"og:image:type\" content=\"image\/jpeg\" \/>\n<meta name=\"twitter:card\" content=\"summary_large_image\" \/>\n<meta name=\"twitter:label1\" content=\"\u041f\u0440\u0438\u043c\u0435\u0440\u043d\u043e\u0435 \u0432\u0440\u0435\u043c\u044f \u0434\u043b\u044f \u0447\u0442\u0435\u043d\u0438\u044f\" \/>\n\t<meta name=\"twitter:data1\" content=\"1 \u043c\u0438\u043d\u0443\u0442\u0430\" \/>\n<script type=\"application\/ld+json\" class=\"yoast-schema-graph\">{\"@context\":\"https:\\\/\\\/schema.org\",\"@graph\":[{\"@type\":\"WebPage\",\"@id\":\"https:\\\/\\\/www.ortungsgerate.de\\\/16-abhoergeraete\\\/19-pruefungsohrhoerer-fuer-pruefungen\\\/mini-kamera-knopf-mit-wifi-set-mit-5-knoepfen-powerbank\\\/\",\"url\":\"https:\\\/\\\/www.ortungsgerate.de\\\/16-abhoergeraete\\\/19-pruefungsohrhoerer-fuer-pruefungen\\\/mini-kamera-knopf-mit-wifi-set-mit-5-knoepfen-powerbank\\\/\",\"name\":\"Mini Knopfkamera mit WLAN 5-Knopf-Set + Powerbank\",\"isPartOf\":{\"@id\":\"https:\\\/\\\/www.ortungsgerate.de\\\/#website\"},\"primaryImageOfPage\":{\"@id\":\"https:\\\/\\\/www.ortungsgerate.de\\\/16-abhoergeraete\\\/19-pruefungsohrhoerer-fuer-pruefungen\\\/mini-kamera-knopf-mit-wifi-set-mit-5-knoepfen-powerbank\\\/#primaryimage\"},\"image\":{\"@id\":\"https:\\\/\\\/www.ortungsgerate.de\\\/16-abhoergeraete\\\/19-pruefungsohrhoerer-fuer-pruefungen\\\/mini-kamera-knopf-mit-wifi-set-mit-5-knoepfen-powerbank\\\/#primaryimage\"},\"thumbnailUrl\":\"https:\\\/\\\/www.ortungsgerate.de\\\/wp-content\\\/uploads\\\/mini-kamera-saga-su-wifi-5-sagos-komplekte-powerbank-9.jpg\",\"datePublished\":\"2024-02-07T10:10:39+00:00\",\"dateModified\":\"2025-11-26T17:01:36+00:00\",\"description\":\"Die geheime Mini Kamera in Knopfform eignet sich perfekt zur Bild\u00fcbertragung aus der Ferne. Im Set sind sogar 5 Kn\u00f6pfe enthalten, die zu Ihrer Kleidung passen. Kleine, geheime und unauff\u00e4llige Kamera mit WLAN\",\"breadcrumb\":{\"@id\":\"https:\\\/\\\/www.ortungsgerate.de\\\/16-abhoergeraete\\\/19-pruefungsohrhoerer-fuer-pruefungen\\\/mini-kamera-knopf-mit-wifi-set-mit-5-knoepfen-powerbank\\\/#breadcrumb\"},\"inLanguage\":\"ru-RU\",\"potentialAction\":[{\"@type\":\"ReadAction\",\"target\":[\"https:\\\/\\\/www.ortungsgerate.de\\\/16-abhoergeraete\\\/19-pruefungsohrhoerer-fuer-pruefungen\\\/mini-kamera-knopf-mit-wifi-set-mit-5-knoepfen-powerbank\\\/\"]}]},{\"@type\":\"ImageObject\",\"inLanguage\":\"ru-RU\",\"@id\":\"https:\\\/\\\/www.ortungsgerate.de\\\/16-abhoergeraete\\\/19-pruefungsohrhoerer-fuer-pruefungen\\\/mini-kamera-knopf-mit-wifi-set-mit-5-knoepfen-powerbank\\\/#primaryimage\",\"url\":\"https:\\\/\\\/www.ortungsgerate.de\\\/wp-content\\\/uploads\\\/mini-kamera-saga-su-wifi-5-sagos-komplekte-powerbank-9.jpg\",\"contentUrl\":\"https:\\\/\\\/www.ortungsgerate.de\\\/wp-content\\\/uploads\\\/mini-kamera-saga-su-wifi-5-sagos-komplekte-powerbank-9.jpg\",\"width\":1000,\"height\":1000,\"caption\":\"Mini Kamera Knopf\"},{\"@type\":\"BreadcrumbList\",\"@id\":\"https:\\\/\\\/www.ortungsgerate.de\\\/16-abhoergeraete\\\/19-pruefungsohrhoerer-fuer-pruefungen\\\/mini-kamera-knopf-mit-wifi-set-mit-5-knoepfen-powerbank\\\/#breadcrumb\",\"itemListElement\":[{\"@type\":\"ListItem\",\"position\":1,\"name\":\"Startseite\",\"item\":\"https:\\\/\\\/www.ortungsgerate.de\\\/\"},{\"@type\":\"ListItem\",\"position\":2,\"name\":\"Shop\",\"item\":\"https:\\\/\\\/www.ortungsgerate.de\\\/shop\\\/\"},{\"@type\":\"ListItem\",\"position\":3,\"name\":\"Mini Kamera Knopf mit WiFi + Set mit 5 Kn\u00f6pfen + Powerbank\"}]},{\"@type\":\"WebSite\",\"@id\":\"https:\\\/\\\/www.ortungsgerate.de\\\/#website\",\"url\":\"https:\\\/\\\/www.ortungsgerate.de\\\/\",\"name\":\"Ortungsgerate.de\",\"description\":\"\",\"publisher\":{\"@id\":\"https:\\\/\\\/www.ortungsgerate.de\\\/#organization\"},\"potentialAction\":[{\"@type\":\"SearchAction\",\"target\":{\"@type\":\"EntryPoint\",\"urlTemplate\":\"https:\\\/\\\/www.ortungsgerate.de\\\/?s={search_term_string}\"},\"query-input\":{\"@type\":\"PropertyValueSpecification\",\"valueRequired\":true,\"valueName\":\"search_term_string\"}}],\"inLanguage\":\"ru-RU\"},{\"@type\":\"Organization\",\"@id\":\"https:\\\/\\\/www.ortungsgerate.de\\\/#organization\",\"name\":\"Ortungsgerate.de\",\"url\":\"https:\\\/\\\/www.ortungsgerate.de\\\/\",\"logo\":{\"@type\":\"ImageObject\",\"inLanguage\":\"ru-RU\",\"@id\":\"https:\\\/\\\/www.ortungsgerate.de\\\/#\\\/schema\\\/logo\\\/image\\\/\",\"url\":\"https:\\\/\\\/www.ortungsgerate.de\\\/wp-content\\\/uploads\\\/ortungsgerate.png\",\"contentUrl\":\"https:\\\/\\\/www.ortungsgerate.de\\\/wp-content\\\/uploads\\\/ortungsgerate.png\",\"width\":500,\"height\":135,\"caption\":\"Ortungsgerate.de\"},\"image\":{\"@id\":\"https:\\\/\\\/www.ortungsgerate.de\\\/#\\\/schema\\\/logo\\\/image\\\/\"}}]}<\/script>\n<!-- \/ Yoast SEO Premium plugin. -->","yoast_head_json":{"title":"Mini Knopfkamera mit WLAN 5-Knopf-Set + Powerbank","description":"Die geheime Mini Kamera in Knopfform eignet sich perfekt zur Bild\u00fcbertragung aus der Ferne. Im Set sind sogar 5 Kn\u00f6pfe enthalten, die zu Ihrer Kleidung passen. Kleine, geheime und unauff\u00e4llige Kamera mit WLAN","robots":{"index":"index","follow":"follow","max-snippet":"max-snippet:-1","max-image-preview":"max-image-preview:large","max-video-preview":"max-video-preview:-1"},"canonical":"https:\/\/www.ortungsgerate.de\/ru\/16-proslushivayushcheye-oborudovaniye-2\/19-naushniki-dlia-egzamenov-2\/mini-kamera-knopka-s-wifi-nabor-iz-5-knopok-powerbank\/","og_locale":"ru_RU","og_type":"article","og_title":"Mini Kamera Knopf mit WiFi + Set mit 5 Kn\u00f6pfen + Powerbank","og_description":"Die geheime Mini Kamera in Knopfform eignet sich perfekt zur Bild\u00fcbertragung aus der Ferne. Im Set sind sogar 5 Kn\u00f6pfe enthalten, die zu Ihrer Kleidung passen. Kleine, geheime und unauff\u00e4llige Kamera mit WLAN","og_url":"https:\/\/www.ortungsgerate.de\/ru\/16-proslushivayushcheye-oborudovaniye-2\/19-naushniki-dlia-egzamenov-2\/mini-kamera-knopka-s-wifi-nabor-iz-5-knopok-powerbank\/","og_site_name":"Ortungsger\u00e4te.de","article_modified_time":"2025-11-26T17:01:36+00:00","og_image":[{"width":1000,"height":1000,"url":"https:\/\/www.ortungsgerate.de\/wp-content\/uploads\/mini-kamera-saga-su-wifi-5-sagos-komplekte-powerbank-9.jpg","type":"image\/jpeg"}],"twitter_card":"summary_large_image","twitter_misc":{"\u041f\u0440\u0438\u043c\u0435\u0440\u043d\u043e\u0435 \u0432\u0440\u0435\u043c\u044f \u0434\u043b\u044f \u0447\u0442\u0435\u043d\u0438\u044f":"1 \u043c\u0438\u043d\u0443\u0442\u0430"},"schema":{"@context":"https:\/\/schema.org","@graph":[{"@type":"WebPage","@id":"https:\/\/www.ortungsgerate.de\/16-abhoergeraete\/19-pruefungsohrhoerer-fuer-pruefungen\/mini-kamera-knopf-mit-wifi-set-mit-5-knoepfen-powerbank\/","url":"https:\/\/www.ortungsgerate.de\/16-abhoergeraete\/19-pruefungsohrhoerer-fuer-pruefungen\/mini-kamera-knopf-mit-wifi-set-mit-5-knoepfen-powerbank\/","name":"Mini Knopfkamera mit WLAN 5-Knopf-Set + Powerbank","isPartOf":{"@id":"https:\/\/www.ortungsgerate.de\/#website"},"primaryImageOfPage":{"@id":"https:\/\/www.ortungsgerate.de\/16-abhoergeraete\/19-pruefungsohrhoerer-fuer-pruefungen\/mini-kamera-knopf-mit-wifi-set-mit-5-knoepfen-powerbank\/#primaryimage"},"image":{"@id":"https:\/\/www.ortungsgerate.de\/16-abhoergeraete\/19-pruefungsohrhoerer-fuer-pruefungen\/mini-kamera-knopf-mit-wifi-set-mit-5-knoepfen-powerbank\/#primaryimage"},"thumbnailUrl":"https:\/\/www.ortungsgerate.de\/wp-content\/uploads\/mini-kamera-saga-su-wifi-5-sagos-komplekte-powerbank-9.jpg","datePublished":"2024-02-07T10:10:39+00:00","dateModified":"2025-11-26T17:01:36+00:00","description":"Die geheime Mini Kamera in Knopfform eignet sich perfekt zur Bild\u00fcbertragung aus der Ferne. Im Set sind sogar 5 Kn\u00f6pfe enthalten, die zu Ihrer Kleidung passen. Kleine, geheime und unauff\u00e4llige Kamera mit WLAN","breadcrumb":{"@id":"https:\/\/www.ortungsgerate.de\/16-abhoergeraete\/19-pruefungsohrhoerer-fuer-pruefungen\/mini-kamera-knopf-mit-wifi-set-mit-5-knoepfen-powerbank\/#breadcrumb"},"inLanguage":"ru-RU","potentialAction":[{"@type":"ReadAction","target":["https:\/\/www.ortungsgerate.de\/16-abhoergeraete\/19-pruefungsohrhoerer-fuer-pruefungen\/mini-kamera-knopf-mit-wifi-set-mit-5-knoepfen-powerbank\/"]}]},{"@type":"ImageObject","inLanguage":"ru-RU","@id":"https:\/\/www.ortungsgerate.de\/16-abhoergeraete\/19-pruefungsohrhoerer-fuer-pruefungen\/mini-kamera-knopf-mit-wifi-set-mit-5-knoepfen-powerbank\/#primaryimage","url":"https:\/\/www.ortungsgerate.de\/wp-content\/uploads\/mini-kamera-saga-su-wifi-5-sagos-komplekte-powerbank-9.jpg","contentUrl":"https:\/\/www.ortungsgerate.de\/wp-content\/uploads\/mini-kamera-saga-su-wifi-5-sagos-komplekte-powerbank-9.jpg","width":1000,"height":1000,"caption":"Mini Kamera Knopf"},{"@type":"BreadcrumbList","@id":"https:\/\/www.ortungsgerate.de\/16-abhoergeraete\/19-pruefungsohrhoerer-fuer-pruefungen\/mini-kamera-knopf-mit-wifi-set-mit-5-knoepfen-powerbank\/#breadcrumb","itemListElement":[{"@type":"ListItem","position":1,"name":"Startseite","item":"https:\/\/www.ortungsgerate.de\/"},{"@type":"ListItem","position":2,"name":"Shop","item":"https:\/\/www.ortungsgerate.de\/shop\/"},{"@type":"ListItem","position":3,"name":"Mini Kamera Knopf mit WiFi + Set mit 5 Kn\u00f6pfen + Powerbank"}]},{"@type":"WebSite","@id":"https:\/\/www.ortungsgerate.de\/#website","url":"https:\/\/www.ortungsgerate.de\/","name":"Ortungsgerate.de","description":"","publisher":{"@id":"https:\/\/www.ortungsgerate.de\/#organization"},"potentialAction":[{"@type":"SearchAction","target":{"@type":"EntryPoint","urlTemplate":"https:\/\/www.ortungsgerate.de\/?s={search_term_string}"},"query-input":{"@type":"PropertyValueSpecification","valueRequired":true,"valueName":"search_term_string"}}],"inLanguage":"ru-RU"},{"@type":"Organization","@id":"https:\/\/www.ortungsgerate.de\/#organization","name":"Ortungsgerate.de","url":"https:\/\/www.ortungsgerate.de\/","logo":{"@type":"ImageObject","inLanguage":"ru-RU","@id":"https:\/\/www.ortungsgerate.de\/#\/schema\/logo\/image\/","url":"https:\/\/www.ortungsgerate.de\/wp-content\/uploads\/ortungsgerate.png","contentUrl":"https:\/\/www.ortungsgerate.de\/wp-content\/uploads\/ortungsgerate.png","width":500,"height":135,"caption":"Ortungsgerate.de"},"image":{"@id":"https:\/\/www.ortungsgerate.de\/#\/schema\/logo\/image\/"}}]}},"_links":{"self":[{"href":"https:\/\/www.ortungsgerate.de\/ru\/wp-json\/wp\/v2\/product\/16443","targetHints":{"allow":["GET"]}}],"collection":[{"href":"https:\/\/www.ortungsgerate.de\/ru\/wp-json\/wp\/v2\/product"}],"about":[{"href":"https:\/\/www.ortungsgerate.de\/ru\/wp-json\/wp\/v2\/types\/product"}],"version-history":[{"count":0,"href":"https:\/\/www.ortungsgerate.de\/ru\/wp-json\/wp\/v2\/product\/16443\/revisions"}],"wp:featuredmedia":[{"embeddable":true,"href":"https:\/\/www.ortungsgerate.de\/ru\/wp-json\/wp\/v2\/media\/27635"}],"wp:attachment":[{"href":"https:\/\/www.ortungsgerate.de\/ru\/wp-json\/wp\/v2\/media?parent=16443"}],"wp:term":[{"taxonomy":"brand","embeddable":true,"href":"https:\/\/www.ortungsgerate.de\/ru\/wp-json\/wp\/v2\/etheme_brands?post=16443"},{"taxonomy":"product_brand","embeddable":true,"href":"https:\/\/www.ortungsgerate.de\/ru\/wp-json\/wp\/v2\/product_brand?post=16443"},{"taxonomy":"product_cat","embeddable":true,"href":"https:\/\/www.ortungsgerate.de\/ru\/wp-json\/wp\/v2\/product_cat?post=16443"},{"taxonomy":"product_tag","embeddable":true,"href":"https:\/\/www.ortungsgerate.de\/ru\/wp-json\/wp\/v2\/product_tag?post=16443"}],"curies":[{"name":"wp","href":"https:\/\/api.w.org\/{rel}","templated":true}]}}