{"id":16445,"date":"2024-07-03T16:11:48","date_gmt":"2024-07-03T13:11:48","guid":{"rendered":"https:\/\/ortungsgerate.de\/be-kategorijos\/bluetooth-garso-kolonele-namu-kino-sistema-su-slapta-kamera\/"},"modified":"2025-11-26T19:01:36","modified_gmt":"2025-11-26T17:01:36","slug":"bluetooth-dinamik-domashnyaya-kinoteatralnaya-sistema-s-skrytoy-kameroy","status":"publish","type":"product","link":"https:\/\/www.ortungsgerate.de\/ru\/12-skrytyje-kamery\/bluetooth-dinamik-domashnyaya-kinoteatralnaya-sistema-s-skrytoy-kameroy\/","title":{"rendered":"Bluetooth \u0434\u0438\u043d\u0430\u043c\u0438\u043a \u0434\u043e\u043c\u0430\u0448\u043d\u044f\u044f \u043a\u0438\u043d\u043e\u0442\u0435\u0430\u0442\u0440\u0430\u043b\u044c\u043d\u0430\u044f \u0441\u0438\u0441\u0442\u0435\u043c\u0430 \u0441 \u0441\u043a\u0440\u044b\u0442\u043e\u0439 \u043a\u0430\u043c\u0435\u0440\u043e\u0439"},"content":{"rendered":"<h3><strong>\u0422\u0435\u0445\u043d\u0438\u0447\u0435\u0441\u043a\u0438\u0435 \u043f\u0430\u0440\u0430\u043c\u0435\u0442\u0440\u044b:<\/strong><\/h3>\n<ul>\n<li>\u0414\u0438\u0441\u0442\u0430\u043d\u0446\u0438\u043e\u043d\u043d\u043e\u0435 \u043d\u0430\u0431\u043b\u044e\u0434\u0435\u043d\u0438\u0435: \u0414\u0410<\/li>\n<li>\u0412\u044b\u0441\u043e\u043a\u043e\u043a\u0430\u0447\u0435\u0441\u0442\u0432\u0435\u043d\u043d\u043e\u0435 \u0438\u0437\u043e\u0431\u0440\u0430\u0436\u0435\u043d\u0438\u0435<\/li>\n<li>Echte Bluetooth-Lautsprecher f\u00fcr das Heimkino<\/li>\n<li>\u00dcber Kabel mit dem Stromnetz verbunden<\/li>\n<li>Kamera nicht erkennbar<\/li>\n<li>\u0418\u0437\u043e\u0431\u0440\u0430\u0436\u0435\u043d\u0438\u0435 \u0437\u0430\u043f\u0438\u0441\u044b\u0432\u0430\u0435\u0442\u0441\u044f \u0441\u043e \u0437\u0432\u0443\u043a\u043e\u043c<\/li>\n<li>Bildqualit\u00e4t: FULL HD1080P, 1920*1080<\/li>\n<li>Bilder k\u00f6nnen angezeigt werden: auf dem Telefon,\u00a0Tablet<\/li>\n<li>Die Kamera muss nicht aufgeladen werden, da sie beim Anschluss an das Stromnetz st\u00e4ndig das Bild anzeigt<\/li>\n<li>\u0420\u0435\u0436\u0438\u043c \u043e\u0431\u043d\u0430\u0440\u0443\u0436\u0435\u043d\u0438\u044f \u0434\u0432\u0438\u0436\u0435\u043d\u0438\u044f: \u0414\u0410 (\u0446\u0438\u0444\u0440\u043e\u0432\u043e\u0439)<\/li>\n<li>\u0423\u0433\u043e\u043b \u043e\u0431\u0437\u043e\u0440\u0430: 90 \u00b0<\/li>\n<li>\u0412\u043d\u0443\u0442\u0440\u0435\u043d\u043d\u044f\u044f \u043f\u0430\u043c\u044f\u0442\u044c 32 \u0413\u0411<\/li>\n<li>1 Stunde Videoaufnahme 400MB<\/li>\n<li>\u041f\u043e\u0434\u0434\u0435\u0440\u0436\u0438\u0432\u0430\u0435\u043c\u044b\u0435 \u0441\u0438\u0441\u0442\u0435\u043c\u044b: \u201eiOS\u201c \u201eAndroid\u201c<\/li>\n<li>\u041f\u0440\u0438\u043b\u043e\u0436\u0435\u043d\u0438\u044f: Android \/ iPhone<\/li>\n<li>Mit WiFi-Netzwerk verbunden, Sie k\u00f6nnen das Bild von \u00fcberall auf der Welt sehen<\/li>\n<li>\u0412\u0435\u0440\u0441\u0438\u044f Bluetooth 5.0<\/li>\n<li>\u0412 \u043a\u043e\u043c\u043f\u043b\u0435\u043a\u0442\u0435: USB- \u0438 AUX-\u043a\u0430\u0431\u0435\u043b\u0438<\/li>\n<li>Abmessungen: 38,5 x 5,5 x 6,5 cm<\/li>\n<li><strong>\u0413\u0430\u0440\u0430\u043d\u0442\u0438\u044f 12 \u043c\u0435\u0441\u044f\u0446\u0435\u0432.<\/strong><\/li>\n<\/ul>\n<p>\u0418\u0441\u043f\u043e\u043b\u044c\u0437\u043e\u0432\u0430\u043d\u0438\u0435: \u0414\u043b\u044f \u0432\u0430\u0448\u0435\u0439 \u0431\u0435\u0437\u043e\u043f\u0430\u0441\u043d\u043e\u0441\u0442\u0438 \u0438 \u0431\u0435\u0437\u043e\u043f\u0430\u0441\u043d\u043e\u0441\u0442\u0438 \u0432\u0430\u0448\u0438\u0445 \u0434\u0435\u0442\u0435\u0439.<\/p>\n<p><span style=\"color: #d0121a;\"><\/span><\/p>\n<p>Der moderne Lautsprecher f\u00fcr das Heimkino mit integrierter Kamera ist eine hervorragende L\u00f6sung f\u00fcr alle, die die Sicherheit ihres Zuhauses gew\u00e4hrleisten und die Aktivit\u00e4ten ihrer minderj\u00e4hrigen Kinder \u00fcberwachen m\u00f6chten. Diese innovative Ausr\u00fcstung bietet nicht nur eine hervorragende Klangqualit\u00e4t f\u00fcr Ihr Heimkinosystem, sondern erm\u00f6glicht auch eine heimliche \u00dcberwachung der Umgebung.<\/p>\n<p>Der Lautsprecher mit integrierter Kamera ist einfach zu bedienen und mit dem Wi-Fi-Netzwerk zu verbinden. Das bedeutet, dass Sie ihn einfach mit Ihrem Internetnetzwerk verbinden k\u00f6nnen und alle Funktionen ohne komplizierte Einrichtung genie\u00dfen k\u00f6nnen. Die Videoaufnahmen werden direkt auf Ihr Smartphone oder Tablet gestreamt, sodass Sie Ihr Zuhause von \u00fcberall auf der Welt \u00fcberwachen k\u00f6nnen.<\/p>\n<p>Dieses Ger\u00e4t ist die ideale L\u00f6sung sowohl f\u00fcr den Schutz des Hauses als auch f\u00fcr die Aufsicht \u00fcber Kinder. Mit diesem Lautsprecher k\u00f6nnen Sie sicher sein, dass Ihr Zuhause gesch\u00fctzt ist und Ihre Kinder sicher sind, auch wenn Sie nicht in der N\u00e4he sind. Dar\u00fcber hinaus ist das Ger\u00e4t ausreichend diskret, um sich nahtlos in Ihr Zuhause zu integrieren und eine vollst\u00e4ndige heimliche Aufnahme zu gew\u00e4hrleisten.<\/p>\n<p>Zusammenfassend l\u00e4sst sich sagen, dass der Lautsprecher f\u00fcr das Heimkino mit integrierter Kamera nicht nur eine gro\u00dfartige Erg\u00e4nzung f\u00fcr Ihr Heimkinosystem ist, sondern auch ein effektives Mittel zum Schutz Ihres Hauses, das einfach mit Wi-Fi verbunden werden kann und es Ihnen erm\u00f6glicht, das Bild von \u00fcberall auf der Welt zu \u00fcberwachen.<\/p>","protected":false},"excerpt":{"rendered":"<p>Technische\u00a0Parameter: Fern\u00fcberwachung: JA Hochwertiges Bild Echte Bluetooth-Lautsprecher f\u00fcr das Heimkino \u00dcber Kabel mit dem Stromnetz verbunden Kamera nicht erkennbar Bild wird mit Ton aufgenommen Bildqualit\u00e4t:&#8230;<\/p>","protected":false},"featured_media":26375,"template":"","meta":[],"etheme_brands":[],"product_brand":[],"product_cat":[204,203,205],"product_tag":[],"class_list":{"0":"post-16445","1":"product","2":"type-product","3":"status-publish","4":"has-post-thumbnail","6":"product_cat-17-getarnte-kameras","7":"product_cat-12-versteckte-kameras","8":"product_cat-27-wlan-minikameras","9":"pa_typ-lautsprecher","11":"first","12":"instock","13":"taxable","14":"shipping-taxable","15":"purchasable","16":"product-type-simple"},"yoast_head":"<!-- This site is optimized with the Yoast SEO Premium plugin v25.9 (Yoast SEO v27.4) - https:\/\/yoast.com\/product\/yoast-seo-premium-wordpress\/ -->\n<title>Bluetooth Lautsprecher Heimkino-System mit versteckter Kamera<\/title>\n<meta name=\"robots\" content=\"index, follow, max-snippet:-1, max-image-preview:large, max-video-preview:-1\" \/>\n<link rel=\"canonical\" href=\"https:\/\/www.ortungsgerate.de\/ru\/12-skrytyje-kamery\/bluetooth-dinamik-domashnyaya-kinoteatralnaya-sistema-s-skrytoy-kameroy\/\" \/>\n<meta property=\"og:locale\" content=\"ru_RU\" \/>\n<meta property=\"og:type\" content=\"article\" \/>\n<meta property=\"og:title\" content=\"Bluetooth Lautsprecher Heimkino-System mit versteckter Kamera\" \/>\n<meta property=\"og:description\" content=\"Technische\u00a0Parameter: Fern\u00fcberwachung: JA Hochwertiges Bild Echte Bluetooth-Lautsprecher f\u00fcr das Heimkino \u00dcber Kabel mit dem Stromnetz verbunden Kamera nicht erkennbar Bild wird mit Ton aufgenommen Bildqualit\u00e4t:...\" \/>\n<meta property=\"og:url\" content=\"https:\/\/www.ortungsgerate.de\/ru\/12-skrytyje-kamery\/bluetooth-dinamik-domashnyaya-kinoteatralnaya-sistema-s-skrytoy-kameroy\/\" \/>\n<meta property=\"og:site_name\" content=\"Ortungsger\u00e4te.de\" \/>\n<meta property=\"article:modified_time\" content=\"2025-11-26T17:01:36+00:00\" \/>\n<meta property=\"og:image\" content=\"https:\/\/www.ortungsgerate.de\/wp-content\/uploads\/namu-kino-garso-sistema-slapta-kamera.jpg\" \/>\n\t<meta property=\"og:image:width\" content=\"916\" \/>\n\t<meta property=\"og:image:height\" content=\"916\" \/>\n\t<meta property=\"og:image:type\" content=\"image\/jpeg\" \/>\n<meta name=\"twitter:card\" content=\"summary_large_image\" \/>\n<meta name=\"twitter:label1\" content=\"\u041f\u0440\u0438\u043c\u0435\u0440\u043d\u043e\u0435 \u0432\u0440\u0435\u043c\u044f \u0434\u043b\u044f \u0447\u0442\u0435\u043d\u0438\u044f\" \/>\n\t<meta name=\"twitter:data1\" content=\"2 \u043c\u0438\u043d\u0443\u0442\u044b\" \/>\n<script type=\"application\/ld+json\" class=\"yoast-schema-graph\">{\"@context\":\"https:\\\/\\\/schema.org\",\"@graph\":[{\"@type\":\"WebPage\",\"@id\":\"https:\\\/\\\/www.ortungsgerate.de\\\/12-versteckte-kameras\\\/bluetooth-lautsprecher-heimkino-system-mit-versteckter-kamera\\\/\",\"url\":\"https:\\\/\\\/www.ortungsgerate.de\\\/12-versteckte-kameras\\\/bluetooth-lautsprecher-heimkino-system-mit-versteckter-kamera\\\/\",\"name\":\"Bluetooth Lautsprecher Heimkino-System mit versteckter Kamera\",\"isPartOf\":{\"@id\":\"https:\\\/\\\/www.ortungsgerate.de\\\/#website\"},\"primaryImageOfPage\":{\"@id\":\"https:\\\/\\\/www.ortungsgerate.de\\\/12-versteckte-kameras\\\/bluetooth-lautsprecher-heimkino-system-mit-versteckter-kamera\\\/#primaryimage\"},\"image\":{\"@id\":\"https:\\\/\\\/www.ortungsgerate.de\\\/12-versteckte-kameras\\\/bluetooth-lautsprecher-heimkino-system-mit-versteckter-kamera\\\/#primaryimage\"},\"thumbnailUrl\":\"https:\\\/\\\/www.ortungsgerate.de\\\/wp-content\\\/uploads\\\/namu-kino-garso-sistema-slapta-kamera.jpg\",\"datePublished\":\"2024-07-03T13:11:48+00:00\",\"dateModified\":\"2025-11-26T17:01:36+00:00\",\"breadcrumb\":{\"@id\":\"https:\\\/\\\/www.ortungsgerate.de\\\/12-versteckte-kameras\\\/bluetooth-lautsprecher-heimkino-system-mit-versteckter-kamera\\\/#breadcrumb\"},\"inLanguage\":\"ru-RU\",\"potentialAction\":[{\"@type\":\"ReadAction\",\"target\":[\"https:\\\/\\\/www.ortungsgerate.de\\\/12-versteckte-kameras\\\/bluetooth-lautsprecher-heimkino-system-mit-versteckter-kamera\\\/\"]}]},{\"@type\":\"ImageObject\",\"inLanguage\":\"ru-RU\",\"@id\":\"https:\\\/\\\/www.ortungsgerate.de\\\/12-versteckte-kameras\\\/bluetooth-lautsprecher-heimkino-system-mit-versteckter-kamera\\\/#primaryimage\",\"url\":\"https:\\\/\\\/www.ortungsgerate.de\\\/wp-content\\\/uploads\\\/namu-kino-garso-sistema-slapta-kamera.jpg\",\"contentUrl\":\"https:\\\/\\\/www.ortungsgerate.de\\\/wp-content\\\/uploads\\\/namu-kino-garso-sistema-slapta-kamera.jpg\",\"width\":916,\"height\":916,\"caption\":\"Heimkino-Soundsystem mit versteckter Kamera\"},{\"@type\":\"BreadcrumbList\",\"@id\":\"https:\\\/\\\/www.ortungsgerate.de\\\/12-versteckte-kameras\\\/bluetooth-lautsprecher-heimkino-system-mit-versteckter-kamera\\\/#breadcrumb\",\"itemListElement\":[{\"@type\":\"ListItem\",\"position\":1,\"name\":\"Startseite\",\"item\":\"https:\\\/\\\/www.ortungsgerate.de\\\/\"},{\"@type\":\"ListItem\",\"position\":2,\"name\":\"Shop\",\"item\":\"https:\\\/\\\/www.ortungsgerate.de\\\/shop\\\/\"},{\"@type\":\"ListItem\",\"position\":3,\"name\":\"Bluetooth Lautsprecher Heimkino-System mit versteckter Kamera\"}]},{\"@type\":\"WebSite\",\"@id\":\"https:\\\/\\\/www.ortungsgerate.de\\\/#website\",\"url\":\"https:\\\/\\\/www.ortungsgerate.de\\\/\",\"name\":\"Ortungsgerate.de\",\"description\":\"\",\"publisher\":{\"@id\":\"https:\\\/\\\/www.ortungsgerate.de\\\/#organization\"},\"potentialAction\":[{\"@type\":\"SearchAction\",\"target\":{\"@type\":\"EntryPoint\",\"urlTemplate\":\"https:\\\/\\\/www.ortungsgerate.de\\\/?s={search_term_string}\"},\"query-input\":{\"@type\":\"PropertyValueSpecification\",\"valueRequired\":true,\"valueName\":\"search_term_string\"}}],\"inLanguage\":\"ru-RU\"},{\"@type\":\"Organization\",\"@id\":\"https:\\\/\\\/www.ortungsgerate.de\\\/#organization\",\"name\":\"Ortungsgerate.de\",\"url\":\"https:\\\/\\\/www.ortungsgerate.de\\\/\",\"logo\":{\"@type\":\"ImageObject\",\"inLanguage\":\"ru-RU\",\"@id\":\"https:\\\/\\\/www.ortungsgerate.de\\\/#\\\/schema\\\/logo\\\/image\\\/\",\"url\":\"https:\\\/\\\/www.ortungsgerate.de\\\/wp-content\\\/uploads\\\/ortungsgerate.png\",\"contentUrl\":\"https:\\\/\\\/www.ortungsgerate.de\\\/wp-content\\\/uploads\\\/ortungsgerate.png\",\"width\":500,\"height\":135,\"caption\":\"Ortungsgerate.de\"},\"image\":{\"@id\":\"https:\\\/\\\/www.ortungsgerate.de\\\/#\\\/schema\\\/logo\\\/image\\\/\"}}]}<\/script>\n<!-- \/ Yoast SEO Premium plugin. -->","yoast_head_json":{"title":"Bluetooth \u0434\u0438\u043d\u0430\u043c\u0438\u043a \u0434\u043e\u043c\u0430\u0448\u043d\u044f\u044f \u043a\u0438\u043d\u043e\u0442\u0435\u0430\u0442\u0440\u0430\u043b\u044c\u043d\u0430\u044f \u0441\u0438\u0441\u0442\u0435\u043c\u0430 \u0441 \u0441\u043a\u0440\u044b\u0442\u043e\u0439 \u043a\u0430\u043c\u0435\u0440\u043e\u0439","robots":{"index":"index","follow":"follow","max-snippet":"max-snippet:-1","max-image-preview":"max-image-preview:large","max-video-preview":"max-video-preview:-1"},"canonical":"https:\/\/www.ortungsgerate.de\/ru\/12-skrytyje-kamery\/bluetooth-dinamik-domashnyaya-kinoteatralnaya-sistema-s-skrytoy-kameroy\/","og_locale":"ru_RU","og_type":"article","og_title":"Bluetooth Lautsprecher Heimkino-System mit versteckter Kamera","og_description":"Technische\u00a0Parameter: Fern\u00fcberwachung: JA Hochwertiges Bild Echte Bluetooth-Lautsprecher f\u00fcr das Heimkino \u00dcber Kabel mit dem Stromnetz verbunden Kamera nicht erkennbar Bild wird mit Ton aufgenommen Bildqualit\u00e4t:...","og_url":"https:\/\/www.ortungsgerate.de\/ru\/12-skrytyje-kamery\/bluetooth-dinamik-domashnyaya-kinoteatralnaya-sistema-s-skrytoy-kameroy\/","og_site_name":"Ortungsger\u00e4te.de","article_modified_time":"2025-11-26T17:01:36+00:00","og_image":[{"width":916,"height":916,"url":"https:\/\/www.ortungsgerate.de\/wp-content\/uploads\/namu-kino-garso-sistema-slapta-kamera.jpg","type":"image\/jpeg"}],"twitter_card":"summary_large_image","twitter_misc":{"\u041f\u0440\u0438\u043c\u0435\u0440\u043d\u043e\u0435 \u0432\u0440\u0435\u043c\u044f \u0434\u043b\u044f \u0447\u0442\u0435\u043d\u0438\u044f":"2 \u043c\u0438\u043d\u0443\u0442\u044b"},"schema":{"@context":"https:\/\/schema.org","@graph":[{"@type":"WebPage","@id":"https:\/\/www.ortungsgerate.de\/12-versteckte-kameras\/bluetooth-lautsprecher-heimkino-system-mit-versteckter-kamera\/","url":"https:\/\/www.ortungsgerate.de\/12-versteckte-kameras\/bluetooth-lautsprecher-heimkino-system-mit-versteckter-kamera\/","name":"Bluetooth \u0434\u0438\u043d\u0430\u043c\u0438\u043a \u0434\u043e\u043c\u0430\u0448\u043d\u044f\u044f \u043a\u0438\u043d\u043e\u0442\u0435\u0430\u0442\u0440\u0430\u043b\u044c\u043d\u0430\u044f \u0441\u0438\u0441\u0442\u0435\u043c\u0430 \u0441 \u0441\u043a\u0440\u044b\u0442\u043e\u0439 \u043a\u0430\u043c\u0435\u0440\u043e\u0439","isPartOf":{"@id":"https:\/\/www.ortungsgerate.de\/#website"},"primaryImageOfPage":{"@id":"https:\/\/www.ortungsgerate.de\/12-versteckte-kameras\/bluetooth-lautsprecher-heimkino-system-mit-versteckter-kamera\/#primaryimage"},"image":{"@id":"https:\/\/www.ortungsgerate.de\/12-versteckte-kameras\/bluetooth-lautsprecher-heimkino-system-mit-versteckter-kamera\/#primaryimage"},"thumbnailUrl":"https:\/\/www.ortungsgerate.de\/wp-content\/uploads\/namu-kino-garso-sistema-slapta-kamera.jpg","datePublished":"2024-07-03T13:11:48+00:00","dateModified":"2025-11-26T17:01:36+00:00","breadcrumb":{"@id":"https:\/\/www.ortungsgerate.de\/12-versteckte-kameras\/bluetooth-lautsprecher-heimkino-system-mit-versteckter-kamera\/#breadcrumb"},"inLanguage":"ru-RU","potentialAction":[{"@type":"ReadAction","target":["https:\/\/www.ortungsgerate.de\/12-versteckte-kameras\/bluetooth-lautsprecher-heimkino-system-mit-versteckter-kamera\/"]}]},{"@type":"ImageObject","inLanguage":"ru-RU","@id":"https:\/\/www.ortungsgerate.de\/12-versteckte-kameras\/bluetooth-lautsprecher-heimkino-system-mit-versteckter-kamera\/#primaryimage","url":"https:\/\/www.ortungsgerate.de\/wp-content\/uploads\/namu-kino-garso-sistema-slapta-kamera.jpg","contentUrl":"https:\/\/www.ortungsgerate.de\/wp-content\/uploads\/namu-kino-garso-sistema-slapta-kamera.jpg","width":916,"height":916,"caption":"Heimkino-Soundsystem mit versteckter Kamera"},{"@type":"BreadcrumbList","@id":"https:\/\/www.ortungsgerate.de\/12-versteckte-kameras\/bluetooth-lautsprecher-heimkino-system-mit-versteckter-kamera\/#breadcrumb","itemListElement":[{"@type":"ListItem","position":1,"name":"Startseite","item":"https:\/\/www.ortungsgerate.de\/"},{"@type":"ListItem","position":2,"name":"Shop","item":"https:\/\/www.ortungsgerate.de\/shop\/"},{"@type":"ListItem","position":3,"name":"Bluetooth Lautsprecher Heimkino-System mit versteckter Kamera"}]},{"@type":"WebSite","@id":"https:\/\/www.ortungsgerate.de\/#website","url":"https:\/\/www.ortungsgerate.de\/","name":"Ortungsgerate.de","description":"","publisher":{"@id":"https:\/\/www.ortungsgerate.de\/#organization"},"potentialAction":[{"@type":"SearchAction","target":{"@type":"EntryPoint","urlTemplate":"https:\/\/www.ortungsgerate.de\/?s={search_term_string}"},"query-input":{"@type":"PropertyValueSpecification","valueRequired":true,"valueName":"search_term_string"}}],"inLanguage":"ru-RU"},{"@type":"Organization","@id":"https:\/\/www.ortungsgerate.de\/#organization","name":"Ortungsgerate.de","url":"https:\/\/www.ortungsgerate.de\/","logo":{"@type":"ImageObject","inLanguage":"ru-RU","@id":"https:\/\/www.ortungsgerate.de\/#\/schema\/logo\/image\/","url":"https:\/\/www.ortungsgerate.de\/wp-content\/uploads\/ortungsgerate.png","contentUrl":"https:\/\/www.ortungsgerate.de\/wp-content\/uploads\/ortungsgerate.png","width":500,"height":135,"caption":"Ortungsgerate.de"},"image":{"@id":"https:\/\/www.ortungsgerate.de\/#\/schema\/logo\/image\/"}}]}},"_links":{"self":[{"href":"https:\/\/www.ortungsgerate.de\/ru\/wp-json\/wp\/v2\/product\/16445","targetHints":{"allow":["GET"]}}],"collection":[{"href":"https:\/\/www.ortungsgerate.de\/ru\/wp-json\/wp\/v2\/product"}],"about":[{"href":"https:\/\/www.ortungsgerate.de\/ru\/wp-json\/wp\/v2\/types\/product"}],"version-history":[{"count":0,"href":"https:\/\/www.ortungsgerate.de\/ru\/wp-json\/wp\/v2\/product\/16445\/revisions"}],"wp:featuredmedia":[{"embeddable":true,"href":"https:\/\/www.ortungsgerate.de\/ru\/wp-json\/wp\/v2\/media\/26375"}],"wp:attachment":[{"href":"https:\/\/www.ortungsgerate.de\/ru\/wp-json\/wp\/v2\/media?parent=16445"}],"wp:term":[{"taxonomy":"brand","embeddable":true,"href":"https:\/\/www.ortungsgerate.de\/ru\/wp-json\/wp\/v2\/etheme_brands?post=16445"},{"taxonomy":"product_brand","embeddable":true,"href":"https:\/\/www.ortungsgerate.de\/ru\/wp-json\/wp\/v2\/product_brand?post=16445"},{"taxonomy":"product_cat","embeddable":true,"href":"https:\/\/www.ortungsgerate.de\/ru\/wp-json\/wp\/v2\/product_cat?post=16445"},{"taxonomy":"product_tag","embeddable":true,"href":"https:\/\/www.ortungsgerate.de\/ru\/wp-json\/wp\/v2\/product_tag?post=16445"}],"curies":[{"name":"wp","href":"https:\/\/api.w.org\/{rel}","templated":true}]}}