{"id":16448,"date":"2024-12-03T16:19:37","date_gmt":"2024-12-03T14:19:37","guid":{"rendered":"https:\/\/ortungsgerate.de\/be-kategorijos\/gsm-4g-kamera-su-vidine-baterija-120dienu-10x-priartinimas\/"},"modified":"2025-11-26T19:01:36","modified_gmt":"2025-11-26T17:01:36","slug":"gsm-4g-kamera-s-vnutrenney-batareey-120-dney-10x-zum","status":"publish","type":"product","link":"https:\/\/www.ortungsgerate.de\/ru\/12-skrytyje-kamery\/30-4g-kamery-2\/gsm-4g-kamera-s-vnutrenney-batareey-120-dney-10x-zum\/","title":{"rendered":"GSM 4G \u043a\u0430\u043c\u0435\u0440\u0430 \u0441 \u0432\u043d\u0443\u0442\u0440\u0435\u043d\u043d\u0435\u0439 \u0431\u0430\u0442\u0430\u0440\u0435\u0435\u0439 120 \u0434\u043d\u0435\u0439 10x \u0437\u0443\u043c"},"content":{"rendered":"<h3><strong>\u0422\u0435\u0445\u043d\u0438\u0447\u0435\u0441\u043a\u0438\u0435 \u043f\u0430\u0440\u0430\u043c\u0435\u0442\u0440\u044b:<\/strong><\/h3>\n<ul>\n<li>Fernansicht: JA<\/li>\n<li>\u0417\u0430\u043f\u0438\u0441\u044c \u0438\u0437\u043e\u0431\u0440\u0430\u0436\u0435\u043d\u0438\u044f \u0441\u043e \u0437\u0432\u0443\u043a\u043e\u043c<\/li>\n<li>10x digitaler Zoom<\/li>\n<li>\u0420\u0435\u0436\u0438\u043c \u043e\u0436\u0438\u0434\u0430\u043d\u0438\u044f \u0434\u043e 120 \u0434\u043d\u0435\u0439 (\u0432 \u0441\u043f\u044f\u0449\u0435\u043c \u0440\u0435\u0436\u0438\u043c\u0435)<\/li>\n<li>PIR-Sensor<\/li>\n<li>\u0421\u0435\u0442\u044c: GSM 4g<\/li>\n<li>Nachtansicht<\/li>\n<li>Videoqualit\u00e4t: Vorschau: 2k Aufl\u00f6sung<\/li>\n<li>\u0412\u0438\u0434\u0435\u043e \u043c\u043e\u0436\u043d\u043e \u0441\u043c\u043e\u0442\u0440\u0435\u0442\u044c: \u0447\u0435\u0440\u0435\u0437 \u0442\u0435\u043b\u0435\u0444\u043e\u043d, \u043a\u043e\u043c\u043f\u044c\u044e\u0442\u0435\u0440 \u0438 \u043f\u043b\u0430\u043d\u0448\u0435\u0442<\/li>\n<li>Optik: 3,7mm<\/li>\n<li>\u0423\u0432\u0435\u0434\u043e\u043c\u043b\u0435\u043d\u0438\u044f \u043d\u0430 \u0442\u0435\u043b\u0435\u0444\u043e\u043d: \u0414\u0430<\/li>\n<li>\u0421\u043b\u043e\u0442 \u0434\u043b\u044f SIM-\u043a\u0430\u0440\u0442\u044b: \u0414\u0430<\/li>\n<li>\u0424\u0443\u043d\u043a\u0446\u0438\u044f \u043d\u043e\u0447\u043d\u043e\u0439 \u0441\u044a\u0435\u043c\u043a\u0438: \u0414\u0430<\/li>\n<li>\u0420\u0435\u0436\u0438\u043c \u043e\u0431\u043d\u0430\u0440\u0443\u0436\u0435\u043d\u0438\u044f \u0434\u0432\u0438\u0436\u0435\u043d\u0438\u044f: \u0414\u0410 (\u0446\u0438\u0444\u0440\u043e\u0432\u043e\u0439)<\/li>\n<li>\u0423\u0433\u043e\u043b \u043e\u0431\u0437\u043e\u0440\u0430: 140 \u00b0<\/li>\n<li>Unterst\u00fctzte Karte: bis zu 128gb (Karte nicht enthalten)<\/li>\n<li>\u0424\u043e\u0440\u043c\u0430\u0442 \u0441\u0436\u0430\u0442\u0438\u044f: AVI H.264<\/li>\n<li>\u041f\u043e\u0434\u0434\u0435\u0440\u0436\u0438\u0432\u0430\u0435\u043c\u044b\u0435 \u0441\u0438\u0441\u0442\u0435\u043c\u044b: \u201eiOS\u201c \u201eAndroid\u201c<\/li>\n<li>\u041f\u0440\u0438\u043b\u043e\u0436\u0435\u043d\u0438\u0435 \u0434\u043b\u044f \u043c\u043e\u0431\u0438\u043b\u044c\u043d\u044b\u0445 \u0443\u0441\u0442\u0440\u043e\u0439\u0441\u0442\u0432: \u0414\u0430<\/li>\n<li>Stromversorgungsmethoden: interne Batterie und Netzbetrieb<\/li>\n<li>\u0423\u043f\u0440\u0430\u0432\u043b\u0435\u043d\u0438\u0435 \u0437\u0430\u043f\u0438\u0441\u044c\u044e: \u0441 \u043b\u044e\u0431\u043e\u0433\u043e \u0443\u043c\u043d\u043e\u0433\u043e \u0443\u0441\u0442\u0440\u043e\u0439\u0441\u0442\u0432\u0430 (\u0442\u0435\u043b\u0435\u0444\u043e\u043d, \u043a\u043e\u043c\u043f\u044c\u044e\u0442\u0435\u0440 \u0438\u043b\u0438 \u043f\u043b\u0430\u043d\u0448\u0435\u0442).<\/li>\n<li>\u0413\u0430\u0440\u0430\u043d\u0442\u0438\u044f 12 \u043c\u0435\u0441\u044f\u0446\u0435\u0432<\/li>\n<\/ul>\n<p><span style=\"color: #d0121a;\"><\/span><\/p>\n<p><strong>Innenkamera 4g mit SIM-Karte<\/strong><\/p>\n<p><strong>4g\u00a0Videoaufnahme Kamera<\/strong><\/p>\n<p>Sicherheit ist f\u00fcr jeden von uns wichtig, daher ist es nicht verwunderlich, dass die Verwendung von \u00dcberwachungskameras immer beliebter wird. Die Anwendung von \u00dcberwachungskameras ist sehr vielf\u00e4ltig: Sie k\u00f6nnen n\u00fctzlich sein, wenn man wissen m\u00f6chte, was drinnen oder drau\u00dfen passiert. Manchmal wird angestrebt, dass die Kamera so unauff\u00e4llig wie m\u00f6glich ist oder sogar verborgen wird, weshalb eine 4g versteckte Kamera eine wirklich vorteilhafte Wahl sein kann. Diese Kamera kann in fast jedem Raum installiert werden und sogar im Auto montiert werden (z.B. in einem Lkw oder anderem schweren Ger\u00e4t).<\/p>\n<p><strong>F\u00fcr die Kamera sind alle\u00a0SIM-Karten geeignet<\/strong><\/p>\n<p>In letzter Zeit erfreuen sich Kameras, die mit SIM-Karten arbeiten, immer gr\u00f6\u00dferer Beliebtheit: Die Nutzung solcher Kameras ist sehr einfach und bequem. Man muss nur eine SIM-Karte eines bestimmten Anbieters ausw\u00e4hlen, und schon kann man mit der Aufnahme von Videos beginnen. Die 4G versteckte Kamera mit SIM-Karte kann sogar in Gebieten verwendet werden, in denen kein Wi-Fi verf\u00fcgbar ist \u2013 wichtig ist, dass der gew\u00e4hlte SIM-Kartenanbieter die mobile Internetverbindung gew\u00e4hrleistet.<\/p>\n<p><strong>Einfache Vorbereitung der Kamera<\/strong><\/p>\n<p>Es ist wirklich nicht n\u00f6tig, sich Sorgen zu machen, dass die Verwendung der Kamera eine zu lange Analyse der Anleitung erfordert: Man muss nur die SIM-Karte des gew\u00e4hlten Anbieters einsetzen, und schon kann man alle Vorteile der Kamera nutzen.<\/p>\n<p><strong>Unbegrenzte Betriebsreichweite<\/strong><\/p>\n<p>Die 4g Kamera erfreut sich auch der Tatsache, dass ihre Betriebsreichweite unbegrenzt ist: Es spielt keine Rolle, wo Sie sich befinden, Sie k\u00f6nnen sich jederzeit mit der App verbinden und sehen, was gerade in dem Raum passiert, den Sie \u00fcberwachen. Sie k\u00f6nnen die aufgenommenen Bilder von jedem Ort der Welt aus beobachten, sodass Sie sich keine Sorgen machen m\u00fcssen, dass Sie w\u00e4hrend Ihres Urlaubs in anderen L\u00e4ndern etwas Wichtiges verpassen.<\/p>\n<p><strong>Bewegungserkennungsfunktion<\/strong><\/p>\n<p>Nat\u00fcrlich hat niemand die Zeit, st\u00e4ndig die aufgenommenen Videos zu \u00fcberwachen, daher ist es n\u00fctzlich, solche versteckten Kameras zu w\u00e4hlen, die \u00fcber eine Bewegungserkennungsfunktion verf\u00fcgen. Wenn Sie die 4g Kamera w\u00e4hlen, erhalten Sie Benachrichtigungen, wenn im Raum Bewegung erkannt wird: Sie m\u00fcssen nicht st\u00e4ndig \u00fcberpr\u00fcfen, ob gerade etwas passiert, sodass Sie wirklich viel Zeit sparen k\u00f6nnen.<\/p>\n<p><strong>M\u00f6glichkeit, eine hochkapazitive Speicherkarte auszuw\u00e4hlen<\/strong><\/p>\n<p>Bei der Auswahl einer \u00dcberwachungskamera wird in vielen F\u00e4llen auch wichtig, wie viel maximaler Speicherplatz f\u00fcr die Speicherkarte unterst\u00fctzt wird. Die Kamera unterst\u00fctzt sogar MicroSD-Karten mit bis zu 128 Gigabyte, was die M\u00f6glichkeit bietet, eine wirklich gro\u00dfe Menge an Videos aufzuzeichnen, die sp\u00e4ter auf den Computer \u00fcbertragen werden k\u00f6nnen.<\/p>","protected":false},"excerpt":{"rendered":"<p>Technische\u00a0Parameter: Fernansicht: JA Bildaufnahme mit Ton 10x digitaler Zoom Standby-Modus bis zu 120 Tage (im Schlafmodus) PIR-Sensor Netzwerk: GSM 4g Nachtansicht Videoqualit\u00e4t: Vorschau: 2k Aufl\u00f6sung&#8230;<\/p>","protected":false},"featured_media":26461,"template":"","meta":[],"etheme_brands":[],"product_brand":[],"product_cat":[219,203],"product_tag":[708,694,689,688,690,691,693],"class_list":{"0":"post-16448","1":"product","2":"type-product","3":"status-publish","4":"has-post-thumbnail","6":"product_cat-30-4g-kameras","7":"product_cat-12-versteckte-kameras","8":"product_tag-kamera-fuer-die-ueberwachung","9":"product_tag-schnappschusskamera","10":"product_tag-sicherheitskamera","11":"product_tag-tarnkappen-kamera","12":"product_tag-versteckte-kamera","13":"product_tag-versteckte-ueberwachungskamera","14":"product_tag-wlan-kamera","15":"pa_typ-mini-kameras","17":"first","18":"instock","19":"taxable","20":"shipping-taxable","21":"purchasable","22":"product-type-simple"},"yoast_head":"<!-- This site is optimized with the Yoast SEO Premium plugin v25.9 (Yoast SEO v27.4) - https:\/\/yoast.com\/product\/yoast-seo-premium-wordpress\/ -->\n<title>GSM 4G Kamera mit interner Batterie 120 Tage mit PIR-Sensor Nachtsicht<\/title>\n<meta name=\"description\" content=\"Hochwertige \u00dcberwachungskamera mit SIM-Karte. Einfach zu bedienen, geeignet f\u00fcr Zuhause, Ferienhaus oder sogar zur Sicherheit der Garage. Das Bild kann live \u00fcber die mobile App \u00fcberwacht werden.\" \/>\n<meta name=\"robots\" content=\"index, follow, max-snippet:-1, max-image-preview:large, max-video-preview:-1\" \/>\n<link rel=\"canonical\" href=\"https:\/\/www.ortungsgerate.de\/ru\/12-skrytyje-kamery\/30-4g-kamery-2\/gsm-4g-kamera-s-vnutrenney-batareey-120-dney-10x-zum\/\" \/>\n<meta property=\"og:locale\" content=\"ru_RU\" \/>\n<meta property=\"og:type\" content=\"article\" \/>\n<meta property=\"og:title\" content=\"GSM 4G Kamera mit interner Batterie 120 Tage 10x Zoom\" \/>\n<meta property=\"og:description\" content=\"Hochwertige \u00dcberwachungskamera mit SIM-Karte. Einfach zu bedienen, geeignet f\u00fcr Zuhause, Ferienhaus oder sogar zur Sicherheit der Garage. Das Bild kann live \u00fcber die mobile App \u00fcberwacht werden.\" \/>\n<meta property=\"og:url\" content=\"https:\/\/www.ortungsgerate.de\/ru\/12-skrytyje-kamery\/30-4g-kamery-2\/gsm-4g-kamera-s-vnutrenney-batareey-120-dney-10x-zum\/\" \/>\n<meta property=\"og:site_name\" content=\"Ortungsger\u00e4te.de\" \/>\n<meta property=\"article:modified_time\" content=\"2025-11-26T17:01:36+00:00\" \/>\n<meta property=\"og:image\" content=\"https:\/\/www.ortungsgerate.de\/wp-content\/uploads\/4g-kamera-su-sim-kortele-10x-priartinimas.jpg\" \/>\n\t<meta property=\"og:image:width\" content=\"800\" \/>\n\t<meta property=\"og:image:height\" content=\"800\" \/>\n\t<meta property=\"og:image:type\" content=\"image\/jpeg\" \/>\n<meta name=\"twitter:card\" content=\"summary_large_image\" \/>\n<meta name=\"twitter:label1\" content=\"\u041f\u0440\u0438\u043c\u0435\u0440\u043d\u043e\u0435 \u0432\u0440\u0435\u043c\u044f \u0434\u043b\u044f \u0447\u0442\u0435\u043d\u0438\u044f\" \/>\n\t<meta name=\"twitter:data1\" content=\"3 \u043c\u0438\u043d\u0443\u0442\u044b\" \/>\n<script type=\"application\/ld+json\" class=\"yoast-schema-graph\">{\"@context\":\"https:\\\/\\\/schema.org\",\"@graph\":[{\"@type\":\"WebPage\",\"@id\":\"https:\\\/\\\/www.ortungsgerate.de\\\/12-versteckte-kameras\\\/30-4g-kameras\\\/gsm-4g-kamera-mit-interner-batterie-120-tage-10x-zoom\\\/\",\"url\":\"https:\\\/\\\/www.ortungsgerate.de\\\/12-versteckte-kameras\\\/30-4g-kameras\\\/gsm-4g-kamera-mit-interner-batterie-120-tage-10x-zoom\\\/\",\"name\":\"GSM 4G Kamera mit interner Batterie 120 Tage mit PIR-Sensor Nachtsicht\",\"isPartOf\":{\"@id\":\"https:\\\/\\\/www.ortungsgerate.de\\\/#website\"},\"primaryImageOfPage\":{\"@id\":\"https:\\\/\\\/www.ortungsgerate.de\\\/12-versteckte-kameras\\\/30-4g-kameras\\\/gsm-4g-kamera-mit-interner-batterie-120-tage-10x-zoom\\\/#primaryimage\"},\"image\":{\"@id\":\"https:\\\/\\\/www.ortungsgerate.de\\\/12-versteckte-kameras\\\/30-4g-kameras\\\/gsm-4g-kamera-mit-interner-batterie-120-tage-10x-zoom\\\/#primaryimage\"},\"thumbnailUrl\":\"https:\\\/\\\/www.ortungsgerate.de\\\/wp-content\\\/uploads\\\/4g-kamera-su-sim-kortele-10x-priartinimas.jpg\",\"datePublished\":\"2024-12-03T14:19:37+00:00\",\"dateModified\":\"2025-11-26T17:01:36+00:00\",\"description\":\"Hochwertige \u00dcberwachungskamera mit SIM-Karte. Einfach zu bedienen, geeignet f\u00fcr Zuhause, Ferienhaus oder sogar zur Sicherheit der Garage. Das Bild kann live \u00fcber die mobile App \u00fcberwacht werden.\",\"breadcrumb\":{\"@id\":\"https:\\\/\\\/www.ortungsgerate.de\\\/12-versteckte-kameras\\\/30-4g-kameras\\\/gsm-4g-kamera-mit-interner-batterie-120-tage-10x-zoom\\\/#breadcrumb\"},\"inLanguage\":\"ru-RU\",\"potentialAction\":[{\"@type\":\"ReadAction\",\"target\":[\"https:\\\/\\\/www.ortungsgerate.de\\\/12-versteckte-kameras\\\/30-4g-kameras\\\/gsm-4g-kamera-mit-interner-batterie-120-tage-10x-zoom\\\/\"]}]},{\"@type\":\"ImageObject\",\"inLanguage\":\"ru-RU\",\"@id\":\"https:\\\/\\\/www.ortungsgerate.de\\\/12-versteckte-kameras\\\/30-4g-kameras\\\/gsm-4g-kamera-mit-interner-batterie-120-tage-10x-zoom\\\/#primaryimage\",\"url\":\"https:\\\/\\\/www.ortungsgerate.de\\\/wp-content\\\/uploads\\\/4g-kamera-su-sim-kortele-10x-priartinimas.jpg\",\"contentUrl\":\"https:\\\/\\\/www.ortungsgerate.de\\\/wp-content\\\/uploads\\\/4g-kamera-su-sim-kortele-10x-priartinimas.jpg\",\"width\":800,\"height\":800,\"caption\":\"4G Kamera mit SIM-Karte 10x Zoom\"},{\"@type\":\"BreadcrumbList\",\"@id\":\"https:\\\/\\\/www.ortungsgerate.de\\\/12-versteckte-kameras\\\/30-4g-kameras\\\/gsm-4g-kamera-mit-interner-batterie-120-tage-10x-zoom\\\/#breadcrumb\",\"itemListElement\":[{\"@type\":\"ListItem\",\"position\":1,\"name\":\"Startseite\",\"item\":\"https:\\\/\\\/www.ortungsgerate.de\\\/\"},{\"@type\":\"ListItem\",\"position\":2,\"name\":\"Shop\",\"item\":\"https:\\\/\\\/www.ortungsgerate.de\\\/shop\\\/\"},{\"@type\":\"ListItem\",\"position\":3,\"name\":\"GSM 4G Kamera mit interner Batterie 120 Tage 10x Zoom\"}]},{\"@type\":\"WebSite\",\"@id\":\"https:\\\/\\\/www.ortungsgerate.de\\\/#website\",\"url\":\"https:\\\/\\\/www.ortungsgerate.de\\\/\",\"name\":\"Ortungsgerate.de\",\"description\":\"\",\"publisher\":{\"@id\":\"https:\\\/\\\/www.ortungsgerate.de\\\/#organization\"},\"potentialAction\":[{\"@type\":\"SearchAction\",\"target\":{\"@type\":\"EntryPoint\",\"urlTemplate\":\"https:\\\/\\\/www.ortungsgerate.de\\\/?s={search_term_string}\"},\"query-input\":{\"@type\":\"PropertyValueSpecification\",\"valueRequired\":true,\"valueName\":\"search_term_string\"}}],\"inLanguage\":\"ru-RU\"},{\"@type\":\"Organization\",\"@id\":\"https:\\\/\\\/www.ortungsgerate.de\\\/#organization\",\"name\":\"Ortungsgerate.de\",\"url\":\"https:\\\/\\\/www.ortungsgerate.de\\\/\",\"logo\":{\"@type\":\"ImageObject\",\"inLanguage\":\"ru-RU\",\"@id\":\"https:\\\/\\\/www.ortungsgerate.de\\\/#\\\/schema\\\/logo\\\/image\\\/\",\"url\":\"https:\\\/\\\/www.ortungsgerate.de\\\/wp-content\\\/uploads\\\/ortungsgerate.png\",\"contentUrl\":\"https:\\\/\\\/www.ortungsgerate.de\\\/wp-content\\\/uploads\\\/ortungsgerate.png\",\"width\":500,\"height\":135,\"caption\":\"Ortungsgerate.de\"},\"image\":{\"@id\":\"https:\\\/\\\/www.ortungsgerate.de\\\/#\\\/schema\\\/logo\\\/image\\\/\"}}]}<\/script>\n<!-- \/ Yoast SEO Premium plugin. -->","yoast_head_json":{"title":"GSM 4G Kamera mit interner Batterie 120 Tage mit PIR-Sensor Nachtsicht","description":"Hochwertige \u00dcberwachungskamera mit SIM-Karte. Einfach zu bedienen, geeignet f\u00fcr Zuhause, Ferienhaus oder sogar zur Sicherheit der Garage. Das Bild kann live \u00fcber die mobile App \u00fcberwacht werden.","robots":{"index":"index","follow":"follow","max-snippet":"max-snippet:-1","max-image-preview":"max-image-preview:large","max-video-preview":"max-video-preview:-1"},"canonical":"https:\/\/www.ortungsgerate.de\/ru\/12-skrytyje-kamery\/30-4g-kamery-2\/gsm-4g-kamera-s-vnutrenney-batareey-120-dney-10x-zum\/","og_locale":"ru_RU","og_type":"article","og_title":"GSM 4G Kamera mit interner Batterie 120 Tage 10x Zoom","og_description":"Hochwertige \u00dcberwachungskamera mit SIM-Karte. Einfach zu bedienen, geeignet f\u00fcr Zuhause, Ferienhaus oder sogar zur Sicherheit der Garage. Das Bild kann live \u00fcber die mobile App \u00fcberwacht werden.","og_url":"https:\/\/www.ortungsgerate.de\/ru\/12-skrytyje-kamery\/30-4g-kamery-2\/gsm-4g-kamera-s-vnutrenney-batareey-120-dney-10x-zum\/","og_site_name":"Ortungsger\u00e4te.de","article_modified_time":"2025-11-26T17:01:36+00:00","og_image":[{"width":800,"height":800,"url":"https:\/\/www.ortungsgerate.de\/wp-content\/uploads\/4g-kamera-su-sim-kortele-10x-priartinimas.jpg","type":"image\/jpeg"}],"twitter_card":"summary_large_image","twitter_misc":{"\u041f\u0440\u0438\u043c\u0435\u0440\u043d\u043e\u0435 \u0432\u0440\u0435\u043c\u044f \u0434\u043b\u044f \u0447\u0442\u0435\u043d\u0438\u044f":"3 \u043c\u0438\u043d\u0443\u0442\u044b"},"schema":{"@context":"https:\/\/schema.org","@graph":[{"@type":"WebPage","@id":"https:\/\/www.ortungsgerate.de\/12-versteckte-kameras\/30-4g-kameras\/gsm-4g-kamera-mit-interner-batterie-120-tage-10x-zoom\/","url":"https:\/\/www.ortungsgerate.de\/12-versteckte-kameras\/30-4g-kameras\/gsm-4g-kamera-mit-interner-batterie-120-tage-10x-zoom\/","name":"GSM 4G Kamera mit interner Batterie 120 Tage mit PIR-Sensor Nachtsicht","isPartOf":{"@id":"https:\/\/www.ortungsgerate.de\/#website"},"primaryImageOfPage":{"@id":"https:\/\/www.ortungsgerate.de\/12-versteckte-kameras\/30-4g-kameras\/gsm-4g-kamera-mit-interner-batterie-120-tage-10x-zoom\/#primaryimage"},"image":{"@id":"https:\/\/www.ortungsgerate.de\/12-versteckte-kameras\/30-4g-kameras\/gsm-4g-kamera-mit-interner-batterie-120-tage-10x-zoom\/#primaryimage"},"thumbnailUrl":"https:\/\/www.ortungsgerate.de\/wp-content\/uploads\/4g-kamera-su-sim-kortele-10x-priartinimas.jpg","datePublished":"2024-12-03T14:19:37+00:00","dateModified":"2025-11-26T17:01:36+00:00","description":"Hochwertige \u00dcberwachungskamera mit SIM-Karte. Einfach zu bedienen, geeignet f\u00fcr Zuhause, Ferienhaus oder sogar zur Sicherheit der Garage. Das Bild kann live \u00fcber die mobile App \u00fcberwacht werden.","breadcrumb":{"@id":"https:\/\/www.ortungsgerate.de\/12-versteckte-kameras\/30-4g-kameras\/gsm-4g-kamera-mit-interner-batterie-120-tage-10x-zoom\/#breadcrumb"},"inLanguage":"ru-RU","potentialAction":[{"@type":"ReadAction","target":["https:\/\/www.ortungsgerate.de\/12-versteckte-kameras\/30-4g-kameras\/gsm-4g-kamera-mit-interner-batterie-120-tage-10x-zoom\/"]}]},{"@type":"ImageObject","inLanguage":"ru-RU","@id":"https:\/\/www.ortungsgerate.de\/12-versteckte-kameras\/30-4g-kameras\/gsm-4g-kamera-mit-interner-batterie-120-tage-10x-zoom\/#primaryimage","url":"https:\/\/www.ortungsgerate.de\/wp-content\/uploads\/4g-kamera-su-sim-kortele-10x-priartinimas.jpg","contentUrl":"https:\/\/www.ortungsgerate.de\/wp-content\/uploads\/4g-kamera-su-sim-kortele-10x-priartinimas.jpg","width":800,"height":800,"caption":"4G Kamera mit SIM-Karte 10x Zoom"},{"@type":"BreadcrumbList","@id":"https:\/\/www.ortungsgerate.de\/12-versteckte-kameras\/30-4g-kameras\/gsm-4g-kamera-mit-interner-batterie-120-tage-10x-zoom\/#breadcrumb","itemListElement":[{"@type":"ListItem","position":1,"name":"Startseite","item":"https:\/\/www.ortungsgerate.de\/"},{"@type":"ListItem","position":2,"name":"Shop","item":"https:\/\/www.ortungsgerate.de\/shop\/"},{"@type":"ListItem","position":3,"name":"GSM 4G Kamera mit interner Batterie 120 Tage 10x Zoom"}]},{"@type":"WebSite","@id":"https:\/\/www.ortungsgerate.de\/#website","url":"https:\/\/www.ortungsgerate.de\/","name":"Ortungsgerate.de","description":"","publisher":{"@id":"https:\/\/www.ortungsgerate.de\/#organization"},"potentialAction":[{"@type":"SearchAction","target":{"@type":"EntryPoint","urlTemplate":"https:\/\/www.ortungsgerate.de\/?s={search_term_string}"},"query-input":{"@type":"PropertyValueSpecification","valueRequired":true,"valueName":"search_term_string"}}],"inLanguage":"ru-RU"},{"@type":"Organization","@id":"https:\/\/www.ortungsgerate.de\/#organization","name":"Ortungsgerate.de","url":"https:\/\/www.ortungsgerate.de\/","logo":{"@type":"ImageObject","inLanguage":"ru-RU","@id":"https:\/\/www.ortungsgerate.de\/#\/schema\/logo\/image\/","url":"https:\/\/www.ortungsgerate.de\/wp-content\/uploads\/ortungsgerate.png","contentUrl":"https:\/\/www.ortungsgerate.de\/wp-content\/uploads\/ortungsgerate.png","width":500,"height":135,"caption":"Ortungsgerate.de"},"image":{"@id":"https:\/\/www.ortungsgerate.de\/#\/schema\/logo\/image\/"}}]}},"_links":{"self":[{"href":"https:\/\/www.ortungsgerate.de\/ru\/wp-json\/wp\/v2\/product\/16448","targetHints":{"allow":["GET"]}}],"collection":[{"href":"https:\/\/www.ortungsgerate.de\/ru\/wp-json\/wp\/v2\/product"}],"about":[{"href":"https:\/\/www.ortungsgerate.de\/ru\/wp-json\/wp\/v2\/types\/product"}],"version-history":[{"count":0,"href":"https:\/\/www.ortungsgerate.de\/ru\/wp-json\/wp\/v2\/product\/16448\/revisions"}],"wp:featuredmedia":[{"embeddable":true,"href":"https:\/\/www.ortungsgerate.de\/ru\/wp-json\/wp\/v2\/media\/26461"}],"wp:attachment":[{"href":"https:\/\/www.ortungsgerate.de\/ru\/wp-json\/wp\/v2\/media?parent=16448"}],"wp:term":[{"taxonomy":"brand","embeddable":true,"href":"https:\/\/www.ortungsgerate.de\/ru\/wp-json\/wp\/v2\/etheme_brands?post=16448"},{"taxonomy":"product_brand","embeddable":true,"href":"https:\/\/www.ortungsgerate.de\/ru\/wp-json\/wp\/v2\/product_brand?post=16448"},{"taxonomy":"product_cat","embeddable":true,"href":"https:\/\/www.ortungsgerate.de\/ru\/wp-json\/wp\/v2\/product_cat?post=16448"},{"taxonomy":"product_tag","embeddable":true,"href":"https:\/\/www.ortungsgerate.de\/ru\/wp-json\/wp\/v2\/product_tag?post=16448"}],"curies":[{"name":"wp","href":"https:\/\/api.w.org\/{rel}","templated":true}]}}