{"id":16449,"date":"2024-08-08T15:52:29","date_gmt":"2024-08-08T12:52:29","guid":{"rendered":"https:\/\/ortungsgerate.de\/be-kategorijos\/diktofonas-su-bluetooth-irasus-galima-atsisiusti-i-telefona\/"},"modified":"2025-11-26T19:01:36","modified_gmt":"2025-11-26T17:01:36","slug":"diktofon-s-bluetooth-zapisi-mozhno-zagruzit-na-telefon-2","status":"publish","type":"product","link":"https:\/\/www.ortungsgerate.de\/ru\/13-diktofony-2\/diktofon-s-bluetooth-zapisi-mozhno-zagruzit-na-telefon-2\/","title":{"rendered":"\u0414\u0438\u043a\u0442\u043e\u0444\u043e\u043d \u0441 BLUETOOTH, \u0437\u0430\u043f\u0438\u0441\u0438 \u043c\u043e\u0436\u043d\u043e \u0437\u0430\u0433\u0440\u0443\u0437\u0438\u0442\u044c \u043d\u0430 \u0442\u0435\u043b\u0435\u0444\u043e\u043d"},"content":{"rendered":"<h3><strong>\u0422\u0435\u0445\u043d\u0438\u0447\u0435\u0441\u043a\u0438\u0435 \u043f\u0430\u0440\u0430\u043c\u0435\u0442\u0440\u044b:<\/strong><\/h3>\n<ul>\n<li>\u0427\u0443\u0432\u0441\u0442\u0432\u0438\u0442\u0435\u043b\u044c\u043d\u043e\u0441\u0442\u044c \u043c\u0438\u043a\u0440\u043e\u0444\u043e\u043d\u0430 10-15 \u043c\u0435\u0442\u0440\u043e\u0432<\/li>\n<li>\u041c\u043e\u0436\u0435\u0442 \u0431\u044b\u0442\u044c \u043f\u043e\u0434\u043a\u043b\u044e\u0447\u0435\u043d \u043a \u043c\u043e\u0431\u0438\u043b\u044c\u043d\u043e\u043c\u0443 \u0442\u0435\u043b\u0435\u0444\u043e\u043d\u0443 \u0447\u0435\u0440\u0435\u0437 \u043f\u0440\u0438\u043b\u043e\u0436\u0435\u043d\u0438\u0435<\/li>\n<li>\u0427\u0435\u0440\u0435\u0437 \u043f\u0440\u0438\u043b\u043e\u0436\u0435\u043d\u0438\u0435 \u0432\u044b \u043c\u043e\u0436\u0435\u0442\u0435 \u043f\u0440\u043e\u0441\u043b\u0443\u0448\u0438\u0432\u0430\u0442\u044c \u0438 \u0437\u0430\u0433\u0440\u0443\u0436\u0430\u0442\u044c \u0437\u0430\u043f\u0438\u0441\u0438<\/li>\n<li>\u041a\u043e\u043c\u043f\u044c\u044e\u0442\u0435\u0440 \u043d\u0435 \u0442\u0440\u0435\u0431\u0443\u0435\u0442\u0441\u044f, \u0432\u044b \u0443\u043f\u0440\u0430\u0432\u043b\u044f\u0435\u0442\u0435 \u0434\u0438\u043a\u0442\u043e\u0444\u043e\u043d\u043e\u043c \u0441 \u0442\u0435\u043b\u0435\u0444\u043e\u043d\u0430.<\/li>\n<li>\u0412\u0441\u0435 \u0437\u0430\u043f\u0438\u0441\u0438 \u0441 \u0432\u0440\u0435\u043c\u0435\u043d\u043d\u043e\u0439 \u043c\u0435\u0442\u043a\u043e\u0439<\/li>\n<li>VOS (\u0437\u0430\u043f\u0438\u0441\u044c \u043f\u0440\u0438 \u0448\u0443\u043c\u0435) \u2013 \u0430\u043a\u0442\u0438\u0432\u0438\u0440\u0443\u0435\u0442\u0441\u044f \u043e\u0434\u043d\u043e\u0439 \u043a\u043d\u043e\u043f\u043a\u043e\u0439<\/li>\n<li>\u041f\u043e\u0441\u043b\u0435\u0434\u043d\u0438\u0439 \u043f\u0440\u043e\u0446\u0435\u0441\u0441\u043e\u0440 \u0434\u043b\u044f \u043f\u043e\u0434\u0430\u0432\u043b\u0435\u043d\u0438\u044f \u0448\u0443\u043c\u0430<\/li>\n<li>\u041a\u0430\u0447\u0435\u0441\u0442\u0432\u043e \u0437\u0430\u043f\u0438\u0441\u0438: \u043e\u0442 192 \u043a\u0431\u0438\u0442\/\u0441 \u0434\u043e 512 \u043a\u0431\u0438\u0442\/\u0441<\/li>\n<li>\u0412\u0440\u0435\u043c\u044f \u0437\u0430\u0440\u044f\u0434\u043a\u0438: +- 1,5 \u0447\u0430\u0441\u0430<\/li>\n<li>\u0412\u043d\u0443\u0442\u0440\u0435\u043d\u043d\u044f\u044f \u043f\u0430\u043c\u044f\u0442\u044c: 32GB<\/li>\n<li>\u0412\u0440\u0435\u043c\u044f \u0440\u0430\u0431\u043e\u0442\u044b: \u043e\u043a\u043e\u043b\u043e 6-7 \u0447\u0430\u0441\u043e\u0432<\/li>\n<li>\u041a\u043e\u0440\u043f\u0443\u0441: \u0430\u043b\u044e\u043c\u0438\u043d\u0438\u0439<\/li>\n<li>DSP-Ger\u00e4uschunterdr\u00fcckung<\/li>\n<li>Wenn der Akku leer ist, gibt es keine Ger\u00e4usche<\/li>\n<li>\u0412\u043e\u0437\u043c\u043e\u0436\u043d\u043e\u0441\u0442\u044c \u0440\u0430\u0441\u043f\u043e\u0437\u043d\u0430\u0432\u0430\u043d\u0438\u044f \u0440\u0435\u0447\u0438: \u0414\u0410<\/li>\n<li>\u0417\u0430\u043f\u0438\u0441\u044c \u0437\u0432\u0443\u043a\u043e\u0432: \u0414\u0410<\/li>\n<li>\u0424\u043e\u0440\u043c\u0430\u0442 \u0437\u0430\u043f\u0438\u0441\u0438: WAV<\/li>\n<li>\u0412\u0435\u0441: 18,7 \u0433<\/li>\n<li>Unterst\u00fctzte Systeme: Alle<\/li>\n<li>\u0420\u0430\u0437\u043c\u0435\u0440\u044b: 55\u043c\u043c x 34\u043c\u043c x 6\u043c\u043c<\/li>\n<li><strong>\u0413\u0410\u0420\u0410\u041d\u0422\u0418\u042f 12 \u043c\u0435\u0441\u044f\u0446\u0435\u0432<\/strong><\/li>\n<\/ul>\n<p><span style=\"color: #d0121a;\"><\/span><\/p>\n<p>\u0418\u0441\u043f\u043e\u043b\u044c\u0437\u043e\u0432\u0430\u043d\u0438\u0435: \u0414\u043b\u044f \u0432\u0430\u0448\u0435\u0439 \u0438 \u0431\u0435\u0437\u043e\u043f\u0430\u0441\u043d\u043e\u0441\u0442\u0438 \u0432\u0430\u0448\u0438\u0445 \u0434\u0435\u0442\u0435\u0439.<\/p>","protected":false},"excerpt":{"rendered":"<p>Technische Parameter: Microfonempfindlichkeit 10-15 Meter Kann mit einem Mobiltelefon \u00fcber eine App verbunden werden \u00dcber die App k\u00f6nnen Sie Aufnahmen anh\u00f6ren und herunterladen Kein Computer&#8230;<\/p>","protected":false},"featured_media":26484,"template":"","meta":[],"etheme_brands":[],"product_brand":[],"product_cat":[207],"product_tag":[],"class_list":{"0":"post-16449","1":"product","2":"type-product","3":"status-publish","4":"has-post-thumbnail","6":"product_cat-13-diktiergeraete","7":"pa_typ-diktiergeraet","9":"first","10":"instock","11":"taxable","12":"shipping-taxable","13":"purchasable","14":"product-type-simple"},"yoast_head":"<!-- This site is optimized with the Yoast SEO Premium plugin v25.9 (Yoast SEO v27.4) - https:\/\/yoast.com\/product\/yoast-seo-premium-wordpress\/ -->\n<title>Diktierger\u00e4t mit BLUETOOTH, Aufnahmen k\u00f6nnen auf das Telefon heruntergeladen werden<\/title>\n<meta name=\"robots\" content=\"index, follow, max-snippet:-1, max-image-preview:large, max-video-preview:-1\" \/>\n<link rel=\"canonical\" href=\"https:\/\/ortungsgerate.de\/13-diktofonai\/\" \/>\n<meta property=\"og:locale\" content=\"ru_RU\" \/>\n<meta property=\"og:type\" content=\"article\" \/>\n<meta property=\"og:title\" content=\"Diktierger\u00e4t mit BLUETOOTH, Aufnahmen k\u00f6nnen auf das Telefon heruntergeladen werden\" \/>\n<meta property=\"og:description\" content=\"Technische Parameter: Microfonempfindlichkeit 10-15 Meter Kann mit einem Mobiltelefon \u00fcber eine App verbunden werden \u00dcber die App k\u00f6nnen Sie Aufnahmen anh\u00f6ren und herunterladen Kein Computer...\" \/>\n<meta property=\"og:url\" content=\"https:\/\/ortungsgerate.de\/13-diktofonai\/\" \/>\n<meta property=\"og:site_name\" content=\"Ortungsger\u00e4te.de\" \/>\n<meta property=\"article:modified_time\" content=\"2025-11-26T17:01:36+00:00\" \/>\n<meta property=\"og:image\" content=\"https:\/\/www.ortungsgerate.de\/wp-content\/uploads\/diktofonas-su-bluetooht-mini-diktofonas-kaina.jpg\" \/>\n\t<meta property=\"og:image:width\" content=\"513\" \/>\n\t<meta property=\"og:image:height\" content=\"505\" \/>\n\t<meta property=\"og:image:type\" content=\"image\/jpeg\" \/>\n<meta name=\"twitter:card\" content=\"summary_large_image\" \/>\n<meta name=\"twitter:label1\" content=\"\u041f\u0440\u0438\u043c\u0435\u0440\u043d\u043e\u0435 \u0432\u0440\u0435\u043c\u044f \u0434\u043b\u044f \u0447\u0442\u0435\u043d\u0438\u044f\" \/>\n\t<meta name=\"twitter:data1\" content=\"1 \u043c\u0438\u043d\u0443\u0442\u0430\" \/>\n<script type=\"application\/ld+json\" class=\"yoast-schema-graph\">{\"@context\":\"https:\\\/\\\/schema.org\",\"@graph\":[{\"@type\":\"WebPage\",\"@id\":\"https:\\\/\\\/www.ortungsgerate.de\\\/13-diktiergeraete\\\/diktiergeraet-mit-bluetooth-aufnahmen-koennen-auf-das-telefon-heruntergeladen-werden\\\/\",\"url\":\"https:\\\/\\\/ortungsgerate.de\\\/13-diktofonai\\\/\",\"name\":\"Diktierger\u00e4t mit BLUETOOTH, Aufnahmen k\u00f6nnen auf das Telefon heruntergeladen werden\",\"isPartOf\":{\"@id\":\"https:\\\/\\\/www.ortungsgerate.de\\\/#website\"},\"primaryImageOfPage\":{\"@id\":\"https:\\\/\\\/ortungsgerate.de\\\/13-diktofonai\\\/#primaryimage\"},\"image\":{\"@id\":\"https:\\\/\\\/ortungsgerate.de\\\/13-diktofonai\\\/#primaryimage\"},\"thumbnailUrl\":\"https:\\\/\\\/www.ortungsgerate.de\\\/wp-content\\\/uploads\\\/diktofonas-su-bluetooht-mini-diktofonas-kaina.jpg\",\"datePublished\":\"2024-08-08T12:52:29+00:00\",\"dateModified\":\"2025-11-26T17:01:36+00:00\",\"breadcrumb\":{\"@id\":\"https:\\\/\\\/ortungsgerate.de\\\/13-diktofonai\\\/#breadcrumb\"},\"inLanguage\":\"ru-RU\",\"potentialAction\":[{\"@type\":\"ReadAction\",\"target\":[\"https:\\\/\\\/ortungsgerate.de\\\/13-diktofonai\\\/\"]}]},{\"@type\":\"ImageObject\",\"inLanguage\":\"ru-RU\",\"@id\":\"https:\\\/\\\/ortungsgerate.de\\\/13-diktofonai\\\/#primaryimage\",\"url\":\"https:\\\/\\\/www.ortungsgerate.de\\\/wp-content\\\/uploads\\\/diktofonas-su-bluetooht-mini-diktofonas-kaina.jpg\",\"contentUrl\":\"https:\\\/\\\/www.ortungsgerate.de\\\/wp-content\\\/uploads\\\/diktofonas-su-bluetooht-mini-diktofonas-kaina.jpg\",\"width\":513,\"height\":505,\"caption\":\"Diktierger\u00e4t mit Bluetooth Mini Diktierger\u00e4t Preis\"},{\"@type\":\"BreadcrumbList\",\"@id\":\"https:\\\/\\\/ortungsgerate.de\\\/13-diktofonai\\\/#breadcrumb\",\"itemListElement\":[{\"@type\":\"ListItem\",\"position\":1,\"name\":\"Startseite\",\"item\":\"https:\\\/\\\/www.ortungsgerate.de\\\/\"},{\"@type\":\"ListItem\",\"position\":2,\"name\":\"Shop\",\"item\":\"https:\\\/\\\/www.ortungsgerate.de\\\/shop\\\/\"},{\"@type\":\"ListItem\",\"position\":3,\"name\":\"Diktierger\u00e4t mit BLUETOOTH, Aufnahmen k\u00f6nnen auf das Telefon heruntergeladen werden\"}]},{\"@type\":\"WebSite\",\"@id\":\"https:\\\/\\\/www.ortungsgerate.de\\\/#website\",\"url\":\"https:\\\/\\\/www.ortungsgerate.de\\\/\",\"name\":\"Ortungsgerate.de\",\"description\":\"\",\"publisher\":{\"@id\":\"https:\\\/\\\/www.ortungsgerate.de\\\/#organization\"},\"potentialAction\":[{\"@type\":\"SearchAction\",\"target\":{\"@type\":\"EntryPoint\",\"urlTemplate\":\"https:\\\/\\\/www.ortungsgerate.de\\\/?s={search_term_string}\"},\"query-input\":{\"@type\":\"PropertyValueSpecification\",\"valueRequired\":true,\"valueName\":\"search_term_string\"}}],\"inLanguage\":\"ru-RU\"},{\"@type\":\"Organization\",\"@id\":\"https:\\\/\\\/www.ortungsgerate.de\\\/#organization\",\"name\":\"Ortungsgerate.de\",\"url\":\"https:\\\/\\\/www.ortungsgerate.de\\\/\",\"logo\":{\"@type\":\"ImageObject\",\"inLanguage\":\"ru-RU\",\"@id\":\"https:\\\/\\\/www.ortungsgerate.de\\\/#\\\/schema\\\/logo\\\/image\\\/\",\"url\":\"https:\\\/\\\/www.ortungsgerate.de\\\/wp-content\\\/uploads\\\/ortungsgerate.png\",\"contentUrl\":\"https:\\\/\\\/www.ortungsgerate.de\\\/wp-content\\\/uploads\\\/ortungsgerate.png\",\"width\":500,\"height\":135,\"caption\":\"Ortungsgerate.de\"},\"image\":{\"@id\":\"https:\\\/\\\/www.ortungsgerate.de\\\/#\\\/schema\\\/logo\\\/image\\\/\"}}]}<\/script>\n<!-- \/ Yoast SEO Premium plugin. -->","yoast_head_json":{"title":"\u0414\u0438\u043a\u0442\u043e\u0444\u043e\u043d \u0441 BLUETOOTH, \u0437\u0430\u043f\u0438\u0441\u0438 \u043c\u043e\u0436\u043d\u043e \u0437\u0430\u0433\u0440\u0443\u0437\u0438\u0442\u044c \u043d\u0430 \u0442\u0435\u043b\u0435\u0444\u043e\u043d","robots":{"index":"index","follow":"follow","max-snippet":"max-snippet:-1","max-image-preview":"max-image-preview:large","max-video-preview":"max-video-preview:-1"},"canonical":"https:\/\/ortungsgerate.de\/13-diktofonai\/","og_locale":"ru_RU","og_type":"article","og_title":"Diktierger\u00e4t mit BLUETOOTH, Aufnahmen k\u00f6nnen auf das Telefon heruntergeladen werden","og_description":"Technische Parameter: Microfonempfindlichkeit 10-15 Meter Kann mit einem Mobiltelefon \u00fcber eine App verbunden werden \u00dcber die App k\u00f6nnen Sie Aufnahmen anh\u00f6ren und herunterladen Kein Computer...","og_url":"https:\/\/ortungsgerate.de\/13-diktofonai\/","og_site_name":"Ortungsger\u00e4te.de","article_modified_time":"2025-11-26T17:01:36+00:00","og_image":[{"width":513,"height":505,"url":"https:\/\/www.ortungsgerate.de\/wp-content\/uploads\/diktofonas-su-bluetooht-mini-diktofonas-kaina.jpg","type":"image\/jpeg"}],"twitter_card":"summary_large_image","twitter_misc":{"\u041f\u0440\u0438\u043c\u0435\u0440\u043d\u043e\u0435 \u0432\u0440\u0435\u043c\u044f \u0434\u043b\u044f \u0447\u0442\u0435\u043d\u0438\u044f":"1 \u043c\u0438\u043d\u0443\u0442\u0430"},"schema":{"@context":"https:\/\/schema.org","@graph":[{"@type":"WebPage","@id":"https:\/\/www.ortungsgerate.de\/13-diktiergeraete\/diktiergeraet-mit-bluetooth-aufnahmen-koennen-auf-das-telefon-heruntergeladen-werden\/","url":"https:\/\/ortungsgerate.de\/13-diktofonai\/","name":"\u0414\u0438\u043a\u0442\u043e\u0444\u043e\u043d \u0441 BLUETOOTH, \u0437\u0430\u043f\u0438\u0441\u0438 \u043c\u043e\u0436\u043d\u043e \u0437\u0430\u0433\u0440\u0443\u0437\u0438\u0442\u044c \u043d\u0430 \u0442\u0435\u043b\u0435\u0444\u043e\u043d","isPartOf":{"@id":"https:\/\/www.ortungsgerate.de\/#website"},"primaryImageOfPage":{"@id":"https:\/\/ortungsgerate.de\/13-diktofonai\/#primaryimage"},"image":{"@id":"https:\/\/ortungsgerate.de\/13-diktofonai\/#primaryimage"},"thumbnailUrl":"https:\/\/www.ortungsgerate.de\/wp-content\/uploads\/diktofonas-su-bluetooht-mini-diktofonas-kaina.jpg","datePublished":"2024-08-08T12:52:29+00:00","dateModified":"2025-11-26T17:01:36+00:00","breadcrumb":{"@id":"https:\/\/ortungsgerate.de\/13-diktofonai\/#breadcrumb"},"inLanguage":"ru-RU","potentialAction":[{"@type":"ReadAction","target":["https:\/\/ortungsgerate.de\/13-diktofonai\/"]}]},{"@type":"ImageObject","inLanguage":"ru-RU","@id":"https:\/\/ortungsgerate.de\/13-diktofonai\/#primaryimage","url":"https:\/\/www.ortungsgerate.de\/wp-content\/uploads\/diktofonas-su-bluetooht-mini-diktofonas-kaina.jpg","contentUrl":"https:\/\/www.ortungsgerate.de\/wp-content\/uploads\/diktofonas-su-bluetooht-mini-diktofonas-kaina.jpg","width":513,"height":505,"caption":"Diktierger\u00e4t mit Bluetooth Mini Diktierger\u00e4t Preis"},{"@type":"BreadcrumbList","@id":"https:\/\/ortungsgerate.de\/13-diktofonai\/#breadcrumb","itemListElement":[{"@type":"ListItem","position":1,"name":"Startseite","item":"https:\/\/www.ortungsgerate.de\/"},{"@type":"ListItem","position":2,"name":"Shop","item":"https:\/\/www.ortungsgerate.de\/shop\/"},{"@type":"ListItem","position":3,"name":"Diktierger\u00e4t mit BLUETOOTH, Aufnahmen k\u00f6nnen auf das Telefon heruntergeladen werden"}]},{"@type":"WebSite","@id":"https:\/\/www.ortungsgerate.de\/#website","url":"https:\/\/www.ortungsgerate.de\/","name":"Ortungsgerate.de","description":"","publisher":{"@id":"https:\/\/www.ortungsgerate.de\/#organization"},"potentialAction":[{"@type":"SearchAction","target":{"@type":"EntryPoint","urlTemplate":"https:\/\/www.ortungsgerate.de\/?s={search_term_string}"},"query-input":{"@type":"PropertyValueSpecification","valueRequired":true,"valueName":"search_term_string"}}],"inLanguage":"ru-RU"},{"@type":"Organization","@id":"https:\/\/www.ortungsgerate.de\/#organization","name":"Ortungsgerate.de","url":"https:\/\/www.ortungsgerate.de\/","logo":{"@type":"ImageObject","inLanguage":"ru-RU","@id":"https:\/\/www.ortungsgerate.de\/#\/schema\/logo\/image\/","url":"https:\/\/www.ortungsgerate.de\/wp-content\/uploads\/ortungsgerate.png","contentUrl":"https:\/\/www.ortungsgerate.de\/wp-content\/uploads\/ortungsgerate.png","width":500,"height":135,"caption":"Ortungsgerate.de"},"image":{"@id":"https:\/\/www.ortungsgerate.de\/#\/schema\/logo\/image\/"}}]}},"_links":{"self":[{"href":"https:\/\/www.ortungsgerate.de\/ru\/wp-json\/wp\/v2\/product\/16449","targetHints":{"allow":["GET"]}}],"collection":[{"href":"https:\/\/www.ortungsgerate.de\/ru\/wp-json\/wp\/v2\/product"}],"about":[{"href":"https:\/\/www.ortungsgerate.de\/ru\/wp-json\/wp\/v2\/types\/product"}],"version-history":[{"count":0,"href":"https:\/\/www.ortungsgerate.de\/ru\/wp-json\/wp\/v2\/product\/16449\/revisions"}],"wp:featuredmedia":[{"embeddable":true,"href":"https:\/\/www.ortungsgerate.de\/ru\/wp-json\/wp\/v2\/media\/26484"}],"wp:attachment":[{"href":"https:\/\/www.ortungsgerate.de\/ru\/wp-json\/wp\/v2\/media?parent=16449"}],"wp:term":[{"taxonomy":"brand","embeddable":true,"href":"https:\/\/www.ortungsgerate.de\/ru\/wp-json\/wp\/v2\/etheme_brands?post=16449"},{"taxonomy":"product_brand","embeddable":true,"href":"https:\/\/www.ortungsgerate.de\/ru\/wp-json\/wp\/v2\/product_brand?post=16449"},{"taxonomy":"product_cat","embeddable":true,"href":"https:\/\/www.ortungsgerate.de\/ru\/wp-json\/wp\/v2\/product_cat?post=16449"},{"taxonomy":"product_tag","embeddable":true,"href":"https:\/\/www.ortungsgerate.de\/ru\/wp-json\/wp\/v2\/product_tag?post=16449"}],"curies":[{"name":"wp","href":"https:\/\/api.w.org\/{rel}","templated":true}]}}