{"id":16451,"date":"2024-02-06T21:37:07","date_gmt":"2024-02-06T19:37:07","guid":{"rendered":"https:\/\/ortungsgerate.de\/be-kategorijos\/wi-fi-modemas-su-slapta-kamera-naktinis-matymas\/"},"modified":"2026-03-16T23:13:38","modified_gmt":"2026-03-16T22:13:38","slug":"wlan-modem-so-skrytoy-kameroy-nochnoe-videnie","status":"publish","type":"product","link":"https:\/\/www.ortungsgerate.de\/ru\/12-skrytyje-kamery\/17-zamaskirovanyje-kamery\/wlan-modem-so-skrytoy-kameroy-nochnoe-videnie\/","title":{"rendered":"WLAN\u2011\u043c\u043e\u0434\u0435\u043c \u0441\u043e \u0441\u043a\u0440\u044b\u0442\u043e\u0439 \u043a\u0430\u043c\u0435\u0440\u043e\u0439 | \u041d\u043e\u0447\u043d\u043e\u0435 \u0432\u0438\u0434\u0435\u043d\u0438\u0435"},"content":{"rendered":"<p><strong>\u0410\u041a\u0426\u0418\u042f: Micro SD 32GB \u0432 \u043f\u043e\u0434\u0430\u0440\u043e\u043a<\/strong><\/p>\n<p><strong>\u0422\u0435\u0445\u043d\u0438\u0447\u0435\u0441\u043a\u0438\u0435 \u043f\u0430\u0440\u0430\u043c\u0435\u0442\u0440\u044b:<\/strong><\/p>\n<ul>\n<li>Unterst\u00fctzung von Speicherkarten: Micro SD \/ SDHC bis 32 GB (nicht enthalten)<\/li>\n<li>\u0412\u0438\u0434\u0435\u043e\u0437\u0430\u043f\u0438\u0441\u044c \u0441\u043e \u0437\u0432\u0443\u043a\u043e\u043c<\/li>\n<li>\u0420\u0430\u0437\u0440\u0435\u0448\u0435\u043d\u0438\u0435 \u0437\u0430\u043f\u0438\u0441\u0438: Full HD 1920x1080px<\/li>\n<li>Modem-Imitation<\/li>\n<li>Videoformat: AVI | 15fps<\/li>\n<li>Bildaufl\u00f6sung: JPEG 1280 x\u00a0\u00a0720 px<\/li>\n<li>Sichtwinkel: 120 \u00b0<\/li>\n<li>\u0417\u0432\u0443\u043a: \u043c\u0438\u043a\u0440\u043e\u0444\u043e\u043d \u0441 \u0444\u0443\u043d\u043a\u0446\u0438\u0435\u0439 \u0448\u0443\u043c\u043e\u043f\u043e\u0434\u0430\u0432\u043b\u0435\u043d\u0438\u044f<\/li>\n<li>\u0421\u0442\u0430\u043d\u0434\u0430\u0440\u0442 \u043f\u043e\u0434\u043a\u043b\u044e\u0447\u0435\u043d\u0438\u044f: USB<\/li>\n<li>Nachtsehen 6 Meter<\/li>\n<li>\u041e\u043d\u043b\u0430\u0439\u043d-\u043c\u043e\u043d\u0438\u0442\u043e\u0440\u0438\u043d\u0433 \u0447\u0435\u0440\u0435\u0437 \u0438\u043d\u0442\u0435\u0440\u043d\u0435\u0442 (\u0447\u0435\u0440\u0435\u0437 \u043c\u043e\u0431\u0438\u043b\u044c\u043d\u043e\u0435 \u043f\u0440\u0438\u043b\u043e\u0436\u0435\u043d\u0438\u0435)<\/li>\n<li>\u0414\u0430\u0442\u0447\u0438\u043a \u0434\u0432\u0438\u0436\u0435\u043d\u0438\u044f<\/li>\n<li>\u041f\u043e\u0441\u0442\u043e\u044f\u043d\u043d\u0430\u044f \u0432\u0438\u0434\u0435\u043e\u0437\u0430\u043f\u0438\u0441\u044c (\u0444\u0443\u043d\u043a\u0446\u0438\u044f \u043f\u0435\u0440\u0435\u0437\u0430\u043f\u0438\u0441\u0438)<\/li>\n<li>\u0412\u0438\u0434\u0435\u043e\u043a\u043e\u0434\u0438\u0440\u043e\u0432\u0430\u043d\u0438\u0435: H264<\/li>\n<li>Lieferumfang: Wifi-Kamera (Imitation), Micro-SD-Kartenleser, USB-Kabel, Netzteil<\/li>\n<li>Abmessungen: 14,9 x15,4 x4,4 cm<\/li>\n<li><strong>\u0413\u0410\u0420\u0410\u041d\u0422\u0418\u042f 12 \u043c\u0435\u0441\u044f\u0446\u0435\u0432<\/strong><\/li>\n<\/ul>\n<p><span style=\"color: #d0121a;\"><\/span><\/p>\n<p><span style=\"color: #d0121a;\"><strong>Einsatzbereich:<\/strong>\u00a0F\u00fcr Ihre eigene und die Sicherheit Ihrer Kinder.<\/span><\/p>\n<p><strong>Im Router getarnte Kamera mit Nachtsichtfunktion \u2013 idealer Schutz f\u00fcr Ihr Zuhause<\/strong><\/p>\n<p>Das Zuhause ist der Ort, an dem sich jeder von uns am sichersten f\u00fchlen m\u00f6chte, dennoch kann es vorkommen, dass Einbrecher ins Haus gelangen. Und oft sind minderj\u00e4hrige Kinder allein zu Hause \u2013 es ist wichtig zu wissen, was sie ohne Eltern im Haus machen und ob keine fremden Personen zu Besuch kommen. Es ist nicht immer m\u00f6glich, zu Hause zu bleiben und ihr Verhalten zu beobachten, jedoch kann man jederzeit eine versteckte Kamera ausprobieren, die hilft, sich von der Zuverl\u00e4ssigkeit verschiedener Personen zu \u00fcberzeugen. Eine im Router getarnte Kamera ist eine der vorteilhaftesten Optionen, da Besucher in Ihrem Zuhause nicht einmal vermuten werden, dass sie \u00fcberwacht werden, und sich so verhalten, als w\u00e4ren sie allein. Moderne Spionagekameras zeichnen sich durch hervorragende technische Eigenschaften aus, sodass Sie sicher sein k\u00f6nnen, dass die Nutzung einer solchen Kamera wirklich klare Informationen liefert, die sp\u00e4ter bei der Entscheidungsfindung helfen k\u00f6nnen.<\/p>\n<p><strong>Hochwertige Videoaufnahmen<\/strong><\/p>\n<p>Der Router mit versteckter Kamera zeichnet Videos in FULL HD 1920\u00d71080 px auf, sodass Sie sicher sein k\u00f6nnen, dass die auf den Computer oder ein Smartger\u00e4t \u00fcbertragenen Aufnahmen klar verst\u00e4ndlich sind. Diese Kamera verf\u00fcgt au\u00dferdem \u00fcber eine Fotofunktion \u2013 Bilder werden mit einer Aufl\u00f6sung von 1280\u00d7720 px aufgenommen. Der Aufnahmewinkel der Kamera betr\u00e4gt ganze 120 Grad, daher spielt es keine Rolle, wo Sie diese Kamera aufstellen \u2013 die aufgezeichneten Videos werden in jedem Fall klar sein. Vorteilhaft ist auch, dass der Router mit versteckter Kamera \u00fcber eine Nachtsichtfunktion verf\u00fcgt \u2013 Videoaufnahmen und Fotos k\u00f6nnen aus einer Entfernung von bis zu 6 Metern aufgezeichnet werden.<\/p>\n<p><strong>Ger\u00e4uschunterdr\u00fcckungsfunktion<\/strong><\/p>\n<p>W\u00e4hrend einige versteckte Kameras nur stumme Videos aufzeichnen k\u00f6nnen, reicht dies nicht immer aus. Wenn Sie m\u00f6glichst viele Informationen dar\u00fcber erhalten m\u00f6chten, was zu Hause geschieht, w\u00e4hrend Sie abwesend sind, kann sich der Router mit versteckter Kamera als ideale L\u00f6sung erweisen: Dieses Ger\u00e4t verf\u00fcgt \u00fcber eine Ger\u00e4uschunterdr\u00fcckungsfunktion, sodass nicht nur die visuellen, sondern auch die akustischen Informationen verst\u00e4ndlich sind.<\/p>\n<p><strong>Komfortable Video-Wiedergabe<\/strong><\/p>\n<p>Der Router mit versteckter Kamera unterst\u00fctzt Micro SD\/SDHC-Karten mit bis zu 32 GB Kapazit\u00e4t (nicht im Lieferumfang enthalten), sodass Sie den Speichertyp w\u00e4hlen k\u00f6nnen, der Ihren Anforderungen am besten entspricht. Videoaufnahmen k\u00f6nnen kontinuierlich aufgezeichnet werden (wenn der Speicherplatz auf der Speicherkarte knapp wird, werden neue Aufnahmen anstelle der \u00e4ltesten gespeichert). Die auf der Karte gespeicherten Daten k\u00f6nnen Sie \u00fcber den USB-Anschluss auf einen Computer \u00fcbertragen, wodurch keinerlei Unannehmlichkeiten entstehen (im Lieferumfang dieses Ger\u00e4ts ist zudem ein Micro-SD-Kartenleser enthalten). Wenn Sie aus bestimmten Gr\u00fcnden nicht warten k\u00f6nnen und die aufgezeichneten Videos so schnell wie m\u00f6glich ansehen m\u00f6chten, haben Sie die M\u00f6glichkeit, die Aufnahmen live zu verfolgen: Sie m\u00fcssen lediglich eine mobile App installieren und k\u00f6nnen jederzeit nachsehen, was gerade in Ihrem Zuhause passiert.<\/p>\n<p><strong>Kamera mit Bewegungssensor<\/strong><\/p>\n<p>Der Router mit versteckter Kamera verf\u00fcgt \u00fcber einen Bewegungssensor, sodass die Videoaufzeichnung nur dann gestartet wird, wenn sich jemand im Raum befindet. Dies hilft, leere Aufnahmen zu vermeiden und erleichtert die Sichtung des aufgezeichneten Materials erheblich. Wenn Sie also m\u00f6chten, dass die Aufzeichnung geheimer Videos so wenig Aufwand wie m\u00f6glich erfordert, kann diese Option eine der vorteilhaftesten sein.<\/p>\n<p><strong>Weitere wichtige Informationen<\/strong><\/p>\n<p>Der Router mit versteckter Kamera hat Abmessungen von 14,9\u00d715,4\u00d74,4 cm, und sein Aussehen unterscheidet sich in keiner Weise von einem herk\u00f6mmlichen im Haushalt verwendeten Router. Dieses Ger\u00e4t wird meist zu Hause eingesetzt, wenn das Verhalten eines Kinderm\u00e4dchens oder anderer Personen, die ins Haus kommen, \u00fcberwacht werden soll. Es bew\u00e4hrt sich jedoch ebenso gut, wenn die Zuverl\u00e4ssigkeit von Mitarbeitern \u00fcberpr\u00fcft werden soll. Zum Lieferumfang geh\u00f6ren eine Router-Imitation, ein Micro-SD-Kartenleser, ein USB-Kabel und ein Stromkabel. Diese versteckte Kamera wird heute zu einem sehr attraktiven Preis angeboten, und f\u00fcr das erworbene Ger\u00e4t wird zudem eine Garantie gew\u00e4hrt.<\/p>","protected":false},"excerpt":{"rendered":"<p>AKTION: Micro SD 32GB als Geschenk Technische\u00a0Parameter: Unterst\u00fctzung von Speicherkarten: Micro SD \/ SDHC bis 32 GB (nicht enthalten) Videoaufzeichnung mit Ton Aufl\u00f6sung der Aufnahme:&#8230;<\/p>","protected":false},"featured_media":26378,"template":"","meta":[],"etheme_brands":[],"product_brand":[],"product_cat":[204,203,205],"product_tag":[42,707,705,690,693],"class_list":{"0":"post-16451","1":"product","2":"type-product","3":"status-publish","4":"has-post-thumbnail","6":"product_cat-17-getarnte-kameras","7":"product_cat-12-versteckte-kameras","8":"product_cat-27-wlan-minikameras","9":"product_tag-kamera","10":"product_tag-kamera-uhr","11":"product_tag-ueberwachungskamera","12":"product_tag-versteckte-kamera","13":"product_tag-wlan-kamera","14":"pa_typ-wlan-router-repeater","16":"first","17":"instock","18":"taxable","19":"shipping-taxable","20":"purchasable","21":"product-type-simple"},"yoast_head":"<!-- This site is optimized with the Yoast SEO Premium plugin v25.9 (Yoast SEO v27.4) - https:\/\/yoast.com\/product\/yoast-seo-premium-wordpress\/ -->\n<title>WLAN Modem-Imitation mit verdeckt integrierter Kamera<\/title>\n<meta name=\"description\" content=\"Diese Kamera erregt keinen Verdacht, ihr Aussehen unterscheidet sich nicht von einem WI FI Router. Bewegungserkennungsfunktion, M\u00f6glichkeit zur Live-Ansicht \u00fcber eine mobile App. Garantie\" \/>\n<meta name=\"robots\" content=\"index, follow, max-snippet:-1, max-image-preview:large, max-video-preview:-1\" \/>\n<link rel=\"canonical\" href=\"https:\/\/www.ortungsgerate.de\/ru\/12-skrytyje-kamery\/27-wlan-mini-kamery\/wlan-modem-so-skrytoy-kameroy-nochnoe-videnie\/\" \/>\n<meta property=\"og:locale\" content=\"ru_RU\" \/>\n<meta property=\"og:type\" content=\"article\" \/>\n<meta property=\"og:title\" content=\"WLAN\u2011Modem mit versteckter Kamera | Nachtsicht\" \/>\n<meta property=\"og:description\" content=\"Diese Kamera erregt keinen Verdacht, ihr Aussehen unterscheidet sich nicht von einem WI FI Router. Bewegungserkennungsfunktion, M\u00f6glichkeit zur Live-Ansicht \u00fcber eine mobile App. Garantie\" \/>\n<meta property=\"og:url\" content=\"https:\/\/www.ortungsgerate.de\/ru\/12-skrytyje-kamery\/27-wlan-mini-kamery\/wlan-modem-so-skrytoy-kameroy-nochnoe-videnie\/\" \/>\n<meta property=\"og:site_name\" content=\"Ortungsger\u00e4te.de\" \/>\n<meta property=\"article:modified_time\" content=\"2026-03-16T22:13:38+00:00\" \/>\n<meta property=\"og:image\" content=\"https:\/\/www.ortungsgerate.de\/wp-content\/uploads\/wifi-marsrutizatorius-su-kamera-slapta.jpg\" \/>\n\t<meta property=\"og:image:width\" content=\"800\" \/>\n\t<meta property=\"og:image:height\" content=\"800\" \/>\n\t<meta property=\"og:image:type\" content=\"image\/jpeg\" \/>\n<meta name=\"twitter:card\" content=\"summary_large_image\" \/>\n<meta name=\"twitter:label1\" content=\"\u041f\u0440\u0438\u043c\u0435\u0440\u043d\u043e\u0435 \u0432\u0440\u0435\u043c\u044f \u0434\u043b\u044f \u0447\u0442\u0435\u043d\u0438\u044f\" \/>\n\t<meta name=\"twitter:data1\" content=\"4 \u043c\u0438\u043d\u0443\u0442\u044b\" \/>\n<script type=\"application\/ld+json\" class=\"yoast-schema-graph\">{\"@context\":\"https:\\\/\\\/schema.org\",\"@graph\":[{\"@type\":\"WebPage\",\"@id\":\"https:\\\/\\\/www.ortungsgerate.de\\\/12-versteckte-kameras\\\/27-wlan-minikameras\\\/wlan%e2%80%91modem-mit-versteckter-kamera-nachtsicht\\\/\",\"url\":\"https:\\\/\\\/www.ortungsgerate.de\\\/12-versteckte-kameras\\\/27-wlan-minikameras\\\/wlan%e2%80%91modem-mit-versteckter-kamera-nachtsicht\\\/\",\"name\":\"WLAN Modem-Imitation mit verdeckt integrierter Kamera\",\"isPartOf\":{\"@id\":\"https:\\\/\\\/www.ortungsgerate.de\\\/#website\"},\"primaryImageOfPage\":{\"@id\":\"https:\\\/\\\/www.ortungsgerate.de\\\/12-versteckte-kameras\\\/27-wlan-minikameras\\\/wlan%e2%80%91modem-mit-versteckter-kamera-nachtsicht\\\/#primaryimage\"},\"image\":{\"@id\":\"https:\\\/\\\/www.ortungsgerate.de\\\/12-versteckte-kameras\\\/27-wlan-minikameras\\\/wlan%e2%80%91modem-mit-versteckter-kamera-nachtsicht\\\/#primaryimage\"},\"thumbnailUrl\":\"https:\\\/\\\/www.ortungsgerate.de\\\/wp-content\\\/uploads\\\/wifi-marsrutizatorius-su-kamera-slapta.jpg\",\"datePublished\":\"2024-02-06T19:37:07+00:00\",\"dateModified\":\"2026-03-16T22:13:38+00:00\",\"description\":\"Diese Kamera erregt keinen Verdacht, ihr Aussehen unterscheidet sich nicht von einem WI FI Router. Bewegungserkennungsfunktion, M\u00f6glichkeit zur Live-Ansicht \u00fcber eine mobile App. Garantie\",\"breadcrumb\":{\"@id\":\"https:\\\/\\\/www.ortungsgerate.de\\\/12-versteckte-kameras\\\/27-wlan-minikameras\\\/wlan%e2%80%91modem-mit-versteckter-kamera-nachtsicht\\\/#breadcrumb\"},\"inLanguage\":\"ru-RU\",\"potentialAction\":[{\"@type\":\"ReadAction\",\"target\":[\"https:\\\/\\\/www.ortungsgerate.de\\\/12-versteckte-kameras\\\/27-wlan-minikameras\\\/wlan%e2%80%91modem-mit-versteckter-kamera-nachtsicht\\\/\"]}]},{\"@type\":\"ImageObject\",\"inLanguage\":\"ru-RU\",\"@id\":\"https:\\\/\\\/www.ortungsgerate.de\\\/12-versteckte-kameras\\\/27-wlan-minikameras\\\/wlan%e2%80%91modem-mit-versteckter-kamera-nachtsicht\\\/#primaryimage\",\"url\":\"https:\\\/\\\/www.ortungsgerate.de\\\/wp-content\\\/uploads\\\/wifi-marsrutizatorius-su-kamera-slapta.jpg\",\"contentUrl\":\"https:\\\/\\\/www.ortungsgerate.de\\\/wp-content\\\/uploads\\\/wifi-marsrutizatorius-su-kamera-slapta.jpg\",\"width\":800,\"height\":800,\"caption\":\"WLAN-Router mit versteckter Kamera\"},{\"@type\":\"BreadcrumbList\",\"@id\":\"https:\\\/\\\/www.ortungsgerate.de\\\/12-versteckte-kameras\\\/27-wlan-minikameras\\\/wlan%e2%80%91modem-mit-versteckter-kamera-nachtsicht\\\/#breadcrumb\",\"itemListElement\":[{\"@type\":\"ListItem\",\"position\":1,\"name\":\"Startseite\",\"item\":\"https:\\\/\\\/www.ortungsgerate.de\\\/\"},{\"@type\":\"ListItem\",\"position\":2,\"name\":\"Shop\",\"item\":\"https:\\\/\\\/www.ortungsgerate.de\\\/shop\\\/\"},{\"@type\":\"ListItem\",\"position\":3,\"name\":\"WLAN\u2011Modem mit versteckter Kamera | Nachtsicht\"}]},{\"@type\":\"WebSite\",\"@id\":\"https:\\\/\\\/www.ortungsgerate.de\\\/#website\",\"url\":\"https:\\\/\\\/www.ortungsgerate.de\\\/\",\"name\":\"Ortungsgerate.de\",\"description\":\"\",\"publisher\":{\"@id\":\"https:\\\/\\\/www.ortungsgerate.de\\\/#organization\"},\"potentialAction\":[{\"@type\":\"SearchAction\",\"target\":{\"@type\":\"EntryPoint\",\"urlTemplate\":\"https:\\\/\\\/www.ortungsgerate.de\\\/?s={search_term_string}\"},\"query-input\":{\"@type\":\"PropertyValueSpecification\",\"valueRequired\":true,\"valueName\":\"search_term_string\"}}],\"inLanguage\":\"ru-RU\"},{\"@type\":\"Organization\",\"@id\":\"https:\\\/\\\/www.ortungsgerate.de\\\/#organization\",\"name\":\"Ortungsgerate.de\",\"url\":\"https:\\\/\\\/www.ortungsgerate.de\\\/\",\"logo\":{\"@type\":\"ImageObject\",\"inLanguage\":\"ru-RU\",\"@id\":\"https:\\\/\\\/www.ortungsgerate.de\\\/#\\\/schema\\\/logo\\\/image\\\/\",\"url\":\"https:\\\/\\\/www.ortungsgerate.de\\\/wp-content\\\/uploads\\\/ortungsgerate.png\",\"contentUrl\":\"https:\\\/\\\/www.ortungsgerate.de\\\/wp-content\\\/uploads\\\/ortungsgerate.png\",\"width\":500,\"height\":135,\"caption\":\"Ortungsgerate.de\"},\"image\":{\"@id\":\"https:\\\/\\\/www.ortungsgerate.de\\\/#\\\/schema\\\/logo\\\/image\\\/\"}}]}<\/script>\n<!-- \/ Yoast SEO Premium plugin. -->","yoast_head_json":{"title":"WLAN Modem-Imitation mit verdeckt integrierter Kamera","description":"Diese Kamera erregt keinen Verdacht, ihr Aussehen unterscheidet sich nicht von einem WI FI Router. Bewegungserkennungsfunktion, M\u00f6glichkeit zur Live-Ansicht \u00fcber eine mobile App. Garantie","robots":{"index":"index","follow":"follow","max-snippet":"max-snippet:-1","max-image-preview":"max-image-preview:large","max-video-preview":"max-video-preview:-1"},"canonical":"https:\/\/www.ortungsgerate.de\/ru\/12-skrytyje-kamery\/27-wlan-mini-kamery\/wlan-modem-so-skrytoy-kameroy-nochnoe-videnie\/","og_locale":"ru_RU","og_type":"article","og_title":"WLAN\u2011Modem mit versteckter Kamera | Nachtsicht","og_description":"Diese Kamera erregt keinen Verdacht, ihr Aussehen unterscheidet sich nicht von einem WI FI Router. Bewegungserkennungsfunktion, M\u00f6glichkeit zur Live-Ansicht \u00fcber eine mobile App. Garantie","og_url":"https:\/\/www.ortungsgerate.de\/ru\/12-skrytyje-kamery\/27-wlan-mini-kamery\/wlan-modem-so-skrytoy-kameroy-nochnoe-videnie\/","og_site_name":"Ortungsger\u00e4te.de","article_modified_time":"2026-03-16T22:13:38+00:00","og_image":[{"width":800,"height":800,"url":"https:\/\/www.ortungsgerate.de\/wp-content\/uploads\/wifi-marsrutizatorius-su-kamera-slapta.jpg","type":"image\/jpeg"}],"twitter_card":"summary_large_image","twitter_misc":{"\u041f\u0440\u0438\u043c\u0435\u0440\u043d\u043e\u0435 \u0432\u0440\u0435\u043c\u044f \u0434\u043b\u044f \u0447\u0442\u0435\u043d\u0438\u044f":"4 \u043c\u0438\u043d\u0443\u0442\u044b"},"schema":{"@context":"https:\/\/schema.org","@graph":[{"@type":"WebPage","@id":"https:\/\/www.ortungsgerate.de\/12-versteckte-kameras\/27-wlan-minikameras\/wlan%e2%80%91modem-mit-versteckter-kamera-nachtsicht\/","url":"https:\/\/www.ortungsgerate.de\/12-versteckte-kameras\/27-wlan-minikameras\/wlan%e2%80%91modem-mit-versteckter-kamera-nachtsicht\/","name":"WLAN Modem-Imitation mit verdeckt integrierter Kamera","isPartOf":{"@id":"https:\/\/www.ortungsgerate.de\/#website"},"primaryImageOfPage":{"@id":"https:\/\/www.ortungsgerate.de\/12-versteckte-kameras\/27-wlan-minikameras\/wlan%e2%80%91modem-mit-versteckter-kamera-nachtsicht\/#primaryimage"},"image":{"@id":"https:\/\/www.ortungsgerate.de\/12-versteckte-kameras\/27-wlan-minikameras\/wlan%e2%80%91modem-mit-versteckter-kamera-nachtsicht\/#primaryimage"},"thumbnailUrl":"https:\/\/www.ortungsgerate.de\/wp-content\/uploads\/wifi-marsrutizatorius-su-kamera-slapta.jpg","datePublished":"2024-02-06T19:37:07+00:00","dateModified":"2026-03-16T22:13:38+00:00","description":"Diese Kamera erregt keinen Verdacht, ihr Aussehen unterscheidet sich nicht von einem WI FI Router. Bewegungserkennungsfunktion, M\u00f6glichkeit zur Live-Ansicht \u00fcber eine mobile App. Garantie","breadcrumb":{"@id":"https:\/\/www.ortungsgerate.de\/12-versteckte-kameras\/27-wlan-minikameras\/wlan%e2%80%91modem-mit-versteckter-kamera-nachtsicht\/#breadcrumb"},"inLanguage":"ru-RU","potentialAction":[{"@type":"ReadAction","target":["https:\/\/www.ortungsgerate.de\/12-versteckte-kameras\/27-wlan-minikameras\/wlan%e2%80%91modem-mit-versteckter-kamera-nachtsicht\/"]}]},{"@type":"ImageObject","inLanguage":"ru-RU","@id":"https:\/\/www.ortungsgerate.de\/12-versteckte-kameras\/27-wlan-minikameras\/wlan%e2%80%91modem-mit-versteckter-kamera-nachtsicht\/#primaryimage","url":"https:\/\/www.ortungsgerate.de\/wp-content\/uploads\/wifi-marsrutizatorius-su-kamera-slapta.jpg","contentUrl":"https:\/\/www.ortungsgerate.de\/wp-content\/uploads\/wifi-marsrutizatorius-su-kamera-slapta.jpg","width":800,"height":800,"caption":"WLAN-Router mit versteckter Kamera"},{"@type":"BreadcrumbList","@id":"https:\/\/www.ortungsgerate.de\/12-versteckte-kameras\/27-wlan-minikameras\/wlan%e2%80%91modem-mit-versteckter-kamera-nachtsicht\/#breadcrumb","itemListElement":[{"@type":"ListItem","position":1,"name":"Startseite","item":"https:\/\/www.ortungsgerate.de\/"},{"@type":"ListItem","position":2,"name":"Shop","item":"https:\/\/www.ortungsgerate.de\/shop\/"},{"@type":"ListItem","position":3,"name":"WLAN\u2011Modem mit versteckter Kamera | Nachtsicht"}]},{"@type":"WebSite","@id":"https:\/\/www.ortungsgerate.de\/#website","url":"https:\/\/www.ortungsgerate.de\/","name":"Ortungsgerate.de","description":"","publisher":{"@id":"https:\/\/www.ortungsgerate.de\/#organization"},"potentialAction":[{"@type":"SearchAction","target":{"@type":"EntryPoint","urlTemplate":"https:\/\/www.ortungsgerate.de\/?s={search_term_string}"},"query-input":{"@type":"PropertyValueSpecification","valueRequired":true,"valueName":"search_term_string"}}],"inLanguage":"ru-RU"},{"@type":"Organization","@id":"https:\/\/www.ortungsgerate.de\/#organization","name":"Ortungsgerate.de","url":"https:\/\/www.ortungsgerate.de\/","logo":{"@type":"ImageObject","inLanguage":"ru-RU","@id":"https:\/\/www.ortungsgerate.de\/#\/schema\/logo\/image\/","url":"https:\/\/www.ortungsgerate.de\/wp-content\/uploads\/ortungsgerate.png","contentUrl":"https:\/\/www.ortungsgerate.de\/wp-content\/uploads\/ortungsgerate.png","width":500,"height":135,"caption":"Ortungsgerate.de"},"image":{"@id":"https:\/\/www.ortungsgerate.de\/#\/schema\/logo\/image\/"}}]}},"_links":{"self":[{"href":"https:\/\/www.ortungsgerate.de\/ru\/wp-json\/wp\/v2\/product\/16451","targetHints":{"allow":["GET"]}}],"collection":[{"href":"https:\/\/www.ortungsgerate.de\/ru\/wp-json\/wp\/v2\/product"}],"about":[{"href":"https:\/\/www.ortungsgerate.de\/ru\/wp-json\/wp\/v2\/types\/product"}],"version-history":[{"count":0,"href":"https:\/\/www.ortungsgerate.de\/ru\/wp-json\/wp\/v2\/product\/16451\/revisions"}],"wp:featuredmedia":[{"embeddable":true,"href":"https:\/\/www.ortungsgerate.de\/ru\/wp-json\/wp\/v2\/media\/26378"}],"wp:attachment":[{"href":"https:\/\/www.ortungsgerate.de\/ru\/wp-json\/wp\/v2\/media?parent=16451"}],"wp:term":[{"taxonomy":"brand","embeddable":true,"href":"https:\/\/www.ortungsgerate.de\/ru\/wp-json\/wp\/v2\/etheme_brands?post=16451"},{"taxonomy":"product_brand","embeddable":true,"href":"https:\/\/www.ortungsgerate.de\/ru\/wp-json\/wp\/v2\/product_brand?post=16451"},{"taxonomy":"product_cat","embeddable":true,"href":"https:\/\/www.ortungsgerate.de\/ru\/wp-json\/wp\/v2\/product_cat?post=16451"},{"taxonomy":"product_tag","embeddable":true,"href":"https:\/\/www.ortungsgerate.de\/ru\/wp-json\/wp\/v2\/product_tag?post=16451"}],"curies":[{"name":"wp","href":"https:\/\/api.w.org\/{rel}","templated":true}]}}