{"id":16453,"date":"2024-03-05T21:39:07","date_gmt":"2024-03-05T19:39:07","guid":{"rendered":"https:\/\/ortungsgerate.de\/be-kategorijos\/4g-medziokline-kamera-30-000mah-akum-spalvotas-naktinis-matymas-iki-10m\/"},"modified":"2025-11-26T19:01:36","modified_gmt":"2025-11-26T17:01:36","slug":"4g-okhotnichya-kamera-30-000mah-akkumulyator-tsvetnoe-nochnoe-videnie-do-10-m","status":"publish","type":"product","link":"https:\/\/www.ortungsgerate.de\/ru\/12-skrytyje-kamery\/30-4g-kamery-2\/4g-okhotnichya-kamera-30-000mah-akkumulyator-tsvetnoe-nochnoe-videnie-do-10-m\/","title":{"rendered":"4G \u043e\u0445\u043e\u0442\u043d\u0438\u0447\u044c\u044f \u043a\u0430\u043c\u0435\u0440\u0430 30 000mAh \u0430\u043a\u043a\u0443\u043c\u0443\u043b\u044f\u0442\u043e\u0440, \u0446\u0432\u0435\u0442\u043d\u043e\u0435 \u043d\u043e\u0447\u043d\u043e\u0435 \u0432\u0438\u0434\u0435\u043d\u0438\u0435 \u0434\u043e 10 \u043c"},"content":{"rendered":"<h3><strong>\u0422\u0435\u0445\u043d\u0438\u0447\u0435\u0441\u043a\u0438\u0435 \u043f\u0430\u0440\u0430\u043c\u0435\u0442\u0440\u044b:<\/strong><\/h3>\n<ul>\n<li>\u0423\u0434\u0430\u043b\u0435\u043d\u043d\u044b\u0439 \u0434\u043e\u0441\u0442\u0443\u043f: \u0414\u0410<\/li>\n<li>5 MP Kamera<\/li>\n<li>IP66 Wasserschutz<\/li>\n<li>Live-Audioabh\u00f6rung m\u00f6glich,<\/li>\n<li>Videoaufnahmen mit Ton<\/li>\n<li>Bewegungserkennung<\/li>\n<li>Wiederaufladbarer Akku 30.000 mAh<\/li>\n<li>Solarmodul<\/li>\n<li>Betriebszeit ca. 6 Monate, wenn pro Tag 20 Bewegungen erfasst werden<\/li>\n<li>\u0418\u0437\u043e\u0431\u0440\u0430\u0436\u0435\u043d\u0438\u0435 \u0437\u0430\u043f\u0438\u0441\u044b\u0432\u0430\u0435\u0442\u0441\u044f \u0441\u043e \u0437\u0432\u0443\u043a\u043e\u043c<\/li>\n<li>PIR-Sensor<\/li>\n<li>Unterst\u00fctzt Speicherkarten bis 128 GB<\/li>\n<li>Netzwerk: GSM 4G, SIM-Karte mit Internet wird eingelegt<\/li>\n<li>Nachtsicht 10 Meter, farbig<\/li>\n<li>Bildansicht m\u00f6glich \u00fcber: Telefon<\/li>\n<li>Benachrichtigungen aufs Telefon: Ja<\/li>\n<li>\u0421\u043b\u043e\u0442 \u0434\u043b\u044f SIM-\u043a\u0430\u0440\u0442\u044b: \u0414\u0430<\/li>\n<li>Bewegungserkennungsmodus: JA<\/li>\n<li>\u0423\u0433\u043e\u043b \u043e\u0431\u0437\u043e\u0440\u0430: 110 \u00b0<\/li>\n<li>\u0424\u043e\u0440\u043c\u0430\u0442 \u0441\u0436\u0430\u0442\u0438\u044f: AVI H.265<\/li>\n<li>Unterst\u00fctzte Systeme: iOS, Android<\/li>\n<li>Stromversorgung: interner Akku oder Solarmodul (im Lieferumfang)<\/li>\n<li>\u0423\u043f\u0440\u0430\u0432\u043b\u0435\u043d\u0438\u0435 \u0437\u0430\u043f\u0438\u0441\u044c\u044e: \u0441 \u043b\u044e\u0431\u043e\u0433\u043e \u0441\u043c\u0430\u0440\u0442-\u0443\u0441\u0442\u0440\u043e\u0439\u0441\u0442\u0432\u0430 (\u0442\u0435\u043b\u0435\u0444\u043e\u043d, \u043a\u043e\u043c\u043f\u044c\u044e\u0442\u0435\u0440 \u0438\u043b\u0438 \u043f\u043b\u0430\u043d\u0448\u0435\u0442).<\/li>\n<li>\u0413\u0430\u0440\u0430\u043d\u0442\u0438\u044f 12 \u043c\u0435\u0441\u044f\u0446\u0435\u0432.<\/li>\n<\/ul>\n<p><span style=\"color: #d0121a;\"><\/span><\/p>\n<p><strong>4G-Wildkamera mit 30.000 mAh Akku und farbiger Nachtsichtfunktion (bis 10 m)<\/strong><\/p>\n<p>Die Wildkamera ist ein hervorragendes Werkzeug zur Beobachtung des Verhaltens von Wildtieren. Diese Ausr\u00fcstung wird h\u00e4ufig nicht nur von Jagdbegeisterten gew\u00e4hlt, sondern auch von anderen naturverbundenen Personen, die ein bestimmtes Gebiet \u00fcberwachen m\u00f6chten. Die Jagdkamera hilft, nichts Wichtiges zu verpassen, da sie bei erkannter Bewegung eine Benachrichtigung an das Mobiltelefon sendet.<\/p>\n<p>Die 4G-Wildkamera verf\u00fcgt \u00fcber eine Bewegungserkennungsfunktion, die sicherstellt, dass Sie nichts Relevantes \u00fcbersehen. Videoaufnahmen werden mit Ton aufgezeichnet, den Sie live abh\u00f6ren k\u00f6nnen. Selbst wenn Sie sich in gro\u00dfer Entfernung vom \u00fcberwachten Bereich befinden, erhalten Sie alle f\u00fcr Sie wichtigen Informationen.<\/p>\n<p>Die Wildkamera verf\u00fcgt \u00fcber einen IP66-Wasserschutz, sodass Sie sich keine Sorgen machen m\u00fcssen, dass ung\u00fcnstige Witterungsbedingungen diesem Ger\u00e4t schaden k\u00f6nnten.<\/p>\n<p>Die Jagdkamera hat einen sehr leistungsstarken Akku \u2013 ganze 30.000 mAh. Wenn pro Tag etwa 20 Bewegungen erkannt werden, betr\u00e4gt die Standby-Zeit des Akkus bis zu sechs Monate. Im Lieferumfang ist au\u00dferdem ein Solarmodul enthalten, sodass bei Bedarf die Stromversorgung des Akkus \u00fcber dieses Modul erfolgen kann.<\/p>\n<p>Die 4G-Wildkamera kann mit einer Speicherkarte mit einer Kapazit\u00e4t von bis zu 128 GB verwendet werden. Sollte der Speicherplatz auf der Speicherkarte knapp werden, werden neue Videoaufnahmen anstelle der \u00e4ltesten gespeicherten Daten aufgezeichnet.<\/p>\n<p>Diese Kamera verf\u00fcgt au\u00dferdem \u00fcber eine farbige Nachtsichtfunktion. Sie k\u00f6nnen Videoaufnahmen nicht nur bei Tageslicht, sondern auch nachts machen: Die 4G-Wildkamera kann Bilder in einer Entfernung von bis zu 10 Metern aufzeichnen.<\/p>","protected":false},"excerpt":{"rendered":"<p>Technische Parameter: Fernzugriff: JA 5 MP Kamera IP66 Wasserschutz Live-Audioabh\u00f6rung m\u00f6glich, Videoaufnahmen mit Ton Bewegungserkennung Wiederaufladbarer Akku 30.000 mAh Solarmodul Betriebszeit ca. 6 Monate, wenn&#8230;<\/p>","protected":false},"featured_media":26465,"template":"","meta":[],"etheme_brands":[],"product_brand":[],"product_cat":[219,224,203,226],"product_tag":[687,739,705,690,691,693],"class_list":{"0":"post-16453","1":"product","2":"type-product","3":"status-publish","4":"has-post-thumbnail","6":"product_cat-30-4g-kameras","7":"product_cat-36-aussenkameras-4g-wlan","8":"product_cat-12-versteckte-kameras","9":"product_cat-38-wildkameras-4g","10":"product_tag-kamera-zur-ueberwachung","11":"product_tag-spionagekamera","12":"product_tag-ueberwachungskamera","13":"product_tag-versteckte-kamera","14":"product_tag-versteckte-ueberwachungskamera","15":"product_tag-wlan-kamera","16":"pa_typ-jagd-outdoor","18":"first","19":"instock","20":"taxable","21":"shipping-taxable","22":"purchasable","23":"product-type-simple"},"yoast_head":"<!-- This site is optimized with the Yoast SEO Premium plugin v25.9 (Yoast SEO v27.4) - https:\/\/yoast.com\/product\/yoast-seo-premium-wordpress\/ -->\n<title>4G Jagdkamera mit 30.000 mAh Akku + Solarpanel<\/title>\n<meta name=\"description\" content=\"Hohe Bildqualit\u00e4t dank Sony-Sensor. Nachtsicht \u2013 Sie sehen, wenn jemand nachts in das Gel\u00e4nde eindringt. 4G Kamera f\u00fcr Zuhause und Ferienhaus, leicht zu installieren\" \/>\n<meta name=\"robots\" content=\"index, follow, max-snippet:-1, max-image-preview:large, max-video-preview:-1\" \/>\n<link rel=\"canonical\" href=\"https:\/\/www.ortungsgerate.de\/ru\/12-skrytyje-kamery\/38-lesnije-kamery-fotolovushki-4g\/4g-okhotnichya-kamera-30-000mah-akkumulyator-tsvetnoe-nochnoe-videnie-do-10-m\/\" \/>\n<meta property=\"og:locale\" content=\"ru_RU\" \/>\n<meta property=\"og:type\" content=\"article\" \/>\n<meta property=\"og:title\" content=\"4G Jagdkamera 30 000mAh Akku, farbige Nachtsicht bis 10 m\" \/>\n<meta property=\"og:description\" content=\"Hohe Bildqualit\u00e4t dank Sony-Sensor. Nachtsicht \u2013 Sie sehen, wenn jemand nachts in das Gel\u00e4nde eindringt. 4G Kamera f\u00fcr Zuhause und Ferienhaus, leicht zu installieren\" \/>\n<meta property=\"og:url\" content=\"https:\/\/www.ortungsgerate.de\/ru\/12-skrytyje-kamery\/38-lesnije-kamery-fotolovushki-4g\/4g-okhotnichya-kamera-30-000mah-akkumulyator-tsvetnoe-nochnoe-videnie-do-10-m\/\" \/>\n<meta property=\"og:site_name\" content=\"Ortungsger\u00e4te.de\" \/>\n<meta property=\"article:modified_time\" content=\"2025-11-26T17:01:36+00:00\" \/>\n<meta property=\"og:image\" content=\"https:\/\/www.ortungsgerate.de\/wp-content\/uploads\/4g-medziokles-kamera-su-sim-kortele-saules-panele-1.jpg\" \/>\n\t<meta property=\"og:image:width\" content=\"458\" \/>\n\t<meta property=\"og:image:height\" content=\"458\" \/>\n\t<meta property=\"og:image:type\" content=\"image\/jpeg\" \/>\n<meta name=\"twitter:card\" content=\"summary_large_image\" \/>\n<meta name=\"twitter:label1\" content=\"\u041f\u0440\u0438\u043c\u0435\u0440\u043d\u043e\u0435 \u0432\u0440\u0435\u043c\u044f \u0434\u043b\u044f \u0447\u0442\u0435\u043d\u0438\u044f\" \/>\n\t<meta name=\"twitter:data1\" content=\"3 \u043c\u0438\u043d\u0443\u0442\u044b\" \/>\n<script type=\"application\/ld+json\" class=\"yoast-schema-graph\">{\"@context\":\"https:\\\/\\\/schema.org\",\"@graph\":[{\"@type\":\"WebPage\",\"@id\":\"https:\\\/\\\/www.ortungsgerate.de\\\/12-versteckte-kameras\\\/38-wildkameras-4g\\\/4g-jagdkamera-30-000mah-akku-farbige-nachtsicht-bis-10-m\\\/\",\"url\":\"https:\\\/\\\/www.ortungsgerate.de\\\/12-versteckte-kameras\\\/38-wildkameras-4g\\\/4g-jagdkamera-30-000mah-akku-farbige-nachtsicht-bis-10-m\\\/\",\"name\":\"4G Jagdkamera mit 30.000 mAh Akku + Solarpanel\",\"isPartOf\":{\"@id\":\"https:\\\/\\\/www.ortungsgerate.de\\\/#website\"},\"primaryImageOfPage\":{\"@id\":\"https:\\\/\\\/www.ortungsgerate.de\\\/12-versteckte-kameras\\\/38-wildkameras-4g\\\/4g-jagdkamera-30-000mah-akku-farbige-nachtsicht-bis-10-m\\\/#primaryimage\"},\"image\":{\"@id\":\"https:\\\/\\\/www.ortungsgerate.de\\\/12-versteckte-kameras\\\/38-wildkameras-4g\\\/4g-jagdkamera-30-000mah-akku-farbige-nachtsicht-bis-10-m\\\/#primaryimage\"},\"thumbnailUrl\":\"https:\\\/\\\/www.ortungsgerate.de\\\/wp-content\\\/uploads\\\/4g-medziokles-kamera-su-sim-kortele-saules-panele-1.jpg\",\"datePublished\":\"2024-03-05T19:39:07+00:00\",\"dateModified\":\"2025-11-26T17:01:36+00:00\",\"description\":\"Hohe Bildqualit\u00e4t dank Sony-Sensor. Nachtsicht \u2013 Sie sehen, wenn jemand nachts in das Gel\u00e4nde eindringt. 4G Kamera f\u00fcr Zuhause und Ferienhaus, leicht zu installieren\",\"breadcrumb\":{\"@id\":\"https:\\\/\\\/www.ortungsgerate.de\\\/12-versteckte-kameras\\\/38-wildkameras-4g\\\/4g-jagdkamera-30-000mah-akku-farbige-nachtsicht-bis-10-m\\\/#breadcrumb\"},\"inLanguage\":\"ru-RU\",\"potentialAction\":[{\"@type\":\"ReadAction\",\"target\":[\"https:\\\/\\\/www.ortungsgerate.de\\\/12-versteckte-kameras\\\/38-wildkameras-4g\\\/4g-jagdkamera-30-000mah-akku-farbige-nachtsicht-bis-10-m\\\/\"]}]},{\"@type\":\"ImageObject\",\"inLanguage\":\"ru-RU\",\"@id\":\"https:\\\/\\\/www.ortungsgerate.de\\\/12-versteckte-kameras\\\/38-wildkameras-4g\\\/4g-jagdkamera-30-000mah-akku-farbige-nachtsicht-bis-10-m\\\/#primaryimage\",\"url\":\"https:\\\/\\\/www.ortungsgerate.de\\\/wp-content\\\/uploads\\\/4g-medziokles-kamera-su-sim-kortele-saules-panele-1.jpg\",\"contentUrl\":\"https:\\\/\\\/www.ortungsgerate.de\\\/wp-content\\\/uploads\\\/4g-medziokles-kamera-su-sim-kortele-saules-panele-1.jpg\",\"width\":458,\"height\":458,\"caption\":\"4G Jagdkamera mit SIM-Karte Solarpanel\"},{\"@type\":\"BreadcrumbList\",\"@id\":\"https:\\\/\\\/www.ortungsgerate.de\\\/12-versteckte-kameras\\\/38-wildkameras-4g\\\/4g-jagdkamera-30-000mah-akku-farbige-nachtsicht-bis-10-m\\\/#breadcrumb\",\"itemListElement\":[{\"@type\":\"ListItem\",\"position\":1,\"name\":\"Startseite\",\"item\":\"https:\\\/\\\/www.ortungsgerate.de\\\/\"},{\"@type\":\"ListItem\",\"position\":2,\"name\":\"Shop\",\"item\":\"https:\\\/\\\/www.ortungsgerate.de\\\/shop\\\/\"},{\"@type\":\"ListItem\",\"position\":3,\"name\":\"4G Jagdkamera 30 000mAh Akku, farbige Nachtsicht bis 10 m\"}]},{\"@type\":\"WebSite\",\"@id\":\"https:\\\/\\\/www.ortungsgerate.de\\\/#website\",\"url\":\"https:\\\/\\\/www.ortungsgerate.de\\\/\",\"name\":\"Ortungsgerate.de\",\"description\":\"\",\"publisher\":{\"@id\":\"https:\\\/\\\/www.ortungsgerate.de\\\/#organization\"},\"potentialAction\":[{\"@type\":\"SearchAction\",\"target\":{\"@type\":\"EntryPoint\",\"urlTemplate\":\"https:\\\/\\\/www.ortungsgerate.de\\\/?s={search_term_string}\"},\"query-input\":{\"@type\":\"PropertyValueSpecification\",\"valueRequired\":true,\"valueName\":\"search_term_string\"}}],\"inLanguage\":\"ru-RU\"},{\"@type\":\"Organization\",\"@id\":\"https:\\\/\\\/www.ortungsgerate.de\\\/#organization\",\"name\":\"Ortungsgerate.de\",\"url\":\"https:\\\/\\\/www.ortungsgerate.de\\\/\",\"logo\":{\"@type\":\"ImageObject\",\"inLanguage\":\"ru-RU\",\"@id\":\"https:\\\/\\\/www.ortungsgerate.de\\\/#\\\/schema\\\/logo\\\/image\\\/\",\"url\":\"https:\\\/\\\/www.ortungsgerate.de\\\/wp-content\\\/uploads\\\/ortungsgerate.png\",\"contentUrl\":\"https:\\\/\\\/www.ortungsgerate.de\\\/wp-content\\\/uploads\\\/ortungsgerate.png\",\"width\":500,\"height\":135,\"caption\":\"Ortungsgerate.de\"},\"image\":{\"@id\":\"https:\\\/\\\/www.ortungsgerate.de\\\/#\\\/schema\\\/logo\\\/image\\\/\"}}]}<\/script>\n<!-- \/ Yoast SEO Premium plugin. -->","yoast_head_json":{"title":"4G Jagdkamera mit 30.000 mAh Akku + Solarpanel","description":"Hohe Bildqualit\u00e4t dank Sony-Sensor. Nachtsicht \u2013 Sie sehen, wenn jemand nachts in das Gel\u00e4nde eindringt. 4G Kamera f\u00fcr Zuhause und Ferienhaus, leicht zu installieren","robots":{"index":"index","follow":"follow","max-snippet":"max-snippet:-1","max-image-preview":"max-image-preview:large","max-video-preview":"max-video-preview:-1"},"canonical":"https:\/\/www.ortungsgerate.de\/ru\/12-skrytyje-kamery\/38-lesnije-kamery-fotolovushki-4g\/4g-okhotnichya-kamera-30-000mah-akkumulyator-tsvetnoe-nochnoe-videnie-do-10-m\/","og_locale":"ru_RU","og_type":"article","og_title":"4G Jagdkamera 30 000mAh Akku, farbige Nachtsicht bis 10 m","og_description":"Hohe Bildqualit\u00e4t dank Sony-Sensor. Nachtsicht \u2013 Sie sehen, wenn jemand nachts in das Gel\u00e4nde eindringt. 4G Kamera f\u00fcr Zuhause und Ferienhaus, leicht zu installieren","og_url":"https:\/\/www.ortungsgerate.de\/ru\/12-skrytyje-kamery\/38-lesnije-kamery-fotolovushki-4g\/4g-okhotnichya-kamera-30-000mah-akkumulyator-tsvetnoe-nochnoe-videnie-do-10-m\/","og_site_name":"Ortungsger\u00e4te.de","article_modified_time":"2025-11-26T17:01:36+00:00","og_image":[{"width":458,"height":458,"url":"https:\/\/www.ortungsgerate.de\/wp-content\/uploads\/4g-medziokles-kamera-su-sim-kortele-saules-panele-1.jpg","type":"image\/jpeg"}],"twitter_card":"summary_large_image","twitter_misc":{"\u041f\u0440\u0438\u043c\u0435\u0440\u043d\u043e\u0435 \u0432\u0440\u0435\u043c\u044f \u0434\u043b\u044f \u0447\u0442\u0435\u043d\u0438\u044f":"3 \u043c\u0438\u043d\u0443\u0442\u044b"},"schema":{"@context":"https:\/\/schema.org","@graph":[{"@type":"WebPage","@id":"https:\/\/www.ortungsgerate.de\/12-versteckte-kameras\/38-wildkameras-4g\/4g-jagdkamera-30-000mah-akku-farbige-nachtsicht-bis-10-m\/","url":"https:\/\/www.ortungsgerate.de\/12-versteckte-kameras\/38-wildkameras-4g\/4g-jagdkamera-30-000mah-akku-farbige-nachtsicht-bis-10-m\/","name":"4G Jagdkamera mit 30.000 mAh Akku + Solarpanel","isPartOf":{"@id":"https:\/\/www.ortungsgerate.de\/#website"},"primaryImageOfPage":{"@id":"https:\/\/www.ortungsgerate.de\/12-versteckte-kameras\/38-wildkameras-4g\/4g-jagdkamera-30-000mah-akku-farbige-nachtsicht-bis-10-m\/#primaryimage"},"image":{"@id":"https:\/\/www.ortungsgerate.de\/12-versteckte-kameras\/38-wildkameras-4g\/4g-jagdkamera-30-000mah-akku-farbige-nachtsicht-bis-10-m\/#primaryimage"},"thumbnailUrl":"https:\/\/www.ortungsgerate.de\/wp-content\/uploads\/4g-medziokles-kamera-su-sim-kortele-saules-panele-1.jpg","datePublished":"2024-03-05T19:39:07+00:00","dateModified":"2025-11-26T17:01:36+00:00","description":"Hohe Bildqualit\u00e4t dank Sony-Sensor. Nachtsicht \u2013 Sie sehen, wenn jemand nachts in das Gel\u00e4nde eindringt. 4G Kamera f\u00fcr Zuhause und Ferienhaus, leicht zu installieren","breadcrumb":{"@id":"https:\/\/www.ortungsgerate.de\/12-versteckte-kameras\/38-wildkameras-4g\/4g-jagdkamera-30-000mah-akku-farbige-nachtsicht-bis-10-m\/#breadcrumb"},"inLanguage":"ru-RU","potentialAction":[{"@type":"ReadAction","target":["https:\/\/www.ortungsgerate.de\/12-versteckte-kameras\/38-wildkameras-4g\/4g-jagdkamera-30-000mah-akku-farbige-nachtsicht-bis-10-m\/"]}]},{"@type":"ImageObject","inLanguage":"ru-RU","@id":"https:\/\/www.ortungsgerate.de\/12-versteckte-kameras\/38-wildkameras-4g\/4g-jagdkamera-30-000mah-akku-farbige-nachtsicht-bis-10-m\/#primaryimage","url":"https:\/\/www.ortungsgerate.de\/wp-content\/uploads\/4g-medziokles-kamera-su-sim-kortele-saules-panele-1.jpg","contentUrl":"https:\/\/www.ortungsgerate.de\/wp-content\/uploads\/4g-medziokles-kamera-su-sim-kortele-saules-panele-1.jpg","width":458,"height":458,"caption":"4G Jagdkamera mit SIM-Karte Solarpanel"},{"@type":"BreadcrumbList","@id":"https:\/\/www.ortungsgerate.de\/12-versteckte-kameras\/38-wildkameras-4g\/4g-jagdkamera-30-000mah-akku-farbige-nachtsicht-bis-10-m\/#breadcrumb","itemListElement":[{"@type":"ListItem","position":1,"name":"Startseite","item":"https:\/\/www.ortungsgerate.de\/"},{"@type":"ListItem","position":2,"name":"Shop","item":"https:\/\/www.ortungsgerate.de\/shop\/"},{"@type":"ListItem","position":3,"name":"4G Jagdkamera 30 000mAh Akku, farbige Nachtsicht bis 10 m"}]},{"@type":"WebSite","@id":"https:\/\/www.ortungsgerate.de\/#website","url":"https:\/\/www.ortungsgerate.de\/","name":"Ortungsgerate.de","description":"","publisher":{"@id":"https:\/\/www.ortungsgerate.de\/#organization"},"potentialAction":[{"@type":"SearchAction","target":{"@type":"EntryPoint","urlTemplate":"https:\/\/www.ortungsgerate.de\/?s={search_term_string}"},"query-input":{"@type":"PropertyValueSpecification","valueRequired":true,"valueName":"search_term_string"}}],"inLanguage":"ru-RU"},{"@type":"Organization","@id":"https:\/\/www.ortungsgerate.de\/#organization","name":"Ortungsgerate.de","url":"https:\/\/www.ortungsgerate.de\/","logo":{"@type":"ImageObject","inLanguage":"ru-RU","@id":"https:\/\/www.ortungsgerate.de\/#\/schema\/logo\/image\/","url":"https:\/\/www.ortungsgerate.de\/wp-content\/uploads\/ortungsgerate.png","contentUrl":"https:\/\/www.ortungsgerate.de\/wp-content\/uploads\/ortungsgerate.png","width":500,"height":135,"caption":"Ortungsgerate.de"},"image":{"@id":"https:\/\/www.ortungsgerate.de\/#\/schema\/logo\/image\/"}}]}},"_links":{"self":[{"href":"https:\/\/www.ortungsgerate.de\/ru\/wp-json\/wp\/v2\/product\/16453","targetHints":{"allow":["GET"]}}],"collection":[{"href":"https:\/\/www.ortungsgerate.de\/ru\/wp-json\/wp\/v2\/product"}],"about":[{"href":"https:\/\/www.ortungsgerate.de\/ru\/wp-json\/wp\/v2\/types\/product"}],"version-history":[{"count":0,"href":"https:\/\/www.ortungsgerate.de\/ru\/wp-json\/wp\/v2\/product\/16453\/revisions"}],"wp:featuredmedia":[{"embeddable":true,"href":"https:\/\/www.ortungsgerate.de\/ru\/wp-json\/wp\/v2\/media\/26465"}],"wp:attachment":[{"href":"https:\/\/www.ortungsgerate.de\/ru\/wp-json\/wp\/v2\/media?parent=16453"}],"wp:term":[{"taxonomy":"brand","embeddable":true,"href":"https:\/\/www.ortungsgerate.de\/ru\/wp-json\/wp\/v2\/etheme_brands?post=16453"},{"taxonomy":"product_brand","embeddable":true,"href":"https:\/\/www.ortungsgerate.de\/ru\/wp-json\/wp\/v2\/product_brand?post=16453"},{"taxonomy":"product_cat","embeddable":true,"href":"https:\/\/www.ortungsgerate.de\/ru\/wp-json\/wp\/v2\/product_cat?post=16453"},{"taxonomy":"product_tag","embeddable":true,"href":"https:\/\/www.ortungsgerate.de\/ru\/wp-json\/wp\/v2\/product_tag?post=16453"}],"curies":[{"name":"wp","href":"https:\/\/api.w.org\/{rel}","templated":true}]}}