{"id":16455,"date":"2024-02-06T21:37:30","date_gmt":"2024-02-06T19:37:30","guid":{"rendered":"https:\/\/ortungsgerate.de\/be-kategorijos\/sage-prisegama-prie-rubo-tases-portfelio-su-slaptu-diktofonu\/"},"modified":"2025-11-26T19:01:36","modified_gmt":"2025-11-26T17:01:36","slug":"znachok-dlya-odezhdy-sumka-portfel-so-skrytym-diktofonom","status":"publish","type":"product","link":"https:\/\/www.ortungsgerate.de\/ru\/13-diktofony-2\/znachok-dlya-odezhdy-sumka-portfel-so-skrytym-diktofonom\/","title":{"rendered":"\u0417\u043d\u0430\u0447\u043e\u043a \u0434\u043b\u044f \u043e\u0434\u0435\u0436\u0434\u044b (\u0441\u0443\u043c\u043a\u0430, \u043f\u043e\u0440\u0442\u0444\u0435\u043b\u044c) \u0441\u043e \u0441\u043a\u0440\u044b\u0442\u044b\u043c \u0434\u0438\u043a\u0442\u043e\u0444\u043e\u043d\u043e\u043c"},"content":{"rendered":"<h3>TECHNISCHE PARAMETER<\/h3>\n<ul>\n<li>Reichweite: ca. 8 m \u2013 15 m<\/li>\n<li>\u041d\u0435 \u0438\u0437\u0434\u0430\u0435\u0442 \u043d\u0438\u043a\u0430\u043a\u0438\u0445 \u0437\u0432\u0443\u043a\u043e\u0432<\/li>\n<li>Mit einem Knopfdruck einschaltbar<\/li>\n<li>Aufnahmequalit\u00e4t: 192 kbps<\/li>\n<li>Aufnahme wird ab 45 dB Schallpegel aktiviert<\/li>\n<li>Interner Speicher: 8 GB<\/li>\n<li>Betriebsdauer: ca. 18 Stunden<\/li>\n<li>Spracherkennungsfunktion: JA<\/li>\n<li>\u0424\u043e\u0440\u043c\u0430\u0442 \u0437\u0430\u043f\u0438\u0441\u0438: WAV<\/li>\n<li>Akkukapazit\u00e4t: 110 mAh<\/li>\n<li>System: \u201eWindows\u201c: 7, 8, 10 \/ \u201eMacOS\u201c<\/li>\n<li>Ger\u00e4tegr\u00f6\u00dfe: 3,5 mm x 3,5 mm x 10 mm<\/li>\n<li>Gewicht: 18 g<\/li>\n<li><strong>\u0413\u0410\u0420\u0410\u041d\u0422\u0418\u042f 12 \u043c\u0435\u0441\u044f\u0446\u0435\u0432<\/strong><\/li>\n<\/ul>\n<p><span style=\"color: #d0121a;\"><\/span><\/p>\n<p>Einsatzbereich: Zum Schutz Ihrer selbst und Ihrer Kinder.<\/p>\n<p><strong>Brosche mit getarntem Mikrofon, 3,5 x 3,5 x 1 cm<\/strong><\/p>\n<p>Die Brosche mit getarntem Mikrofon ist ein Ger\u00e4t, mit dem sich Ger\u00e4usche oder Gespr\u00e4che in einer bestimmten Umgebung aufzeichnen lassen. Im Leben gibt es viele Situationen, in denen Zweifel ausger\u00e4umt und sichergestellt werden muss, dass minderj\u00e4hrige Kinder in Sicherheit sind, daher kann eine Brosche mit getarntem Mikrofon eine der vorteilhaftesten Optionen sein. Die verdeckte Technik erm\u00f6glicht das Sammeln von Informationen, die unter anderen Umst\u00e4nden nicht zu erlangen w\u00e4ren. Wenn Sie also nach einer geeigneten L\u00f6sung im Bereich verdeckter \u00dcberwachungstechnik suchen, kann eine Brosche mit getarntem Mikrofon eine der besten M\u00f6glichkeiten sein.<\/p>\n<p><strong>Einfach zu tarnen<\/strong><\/p>\n<p>Eine Brosche geh\u00f6rt zu den Accessoires, die keinerlei Verdacht erregen. Solche Accessoires werden h\u00e4ufig zur Zierde an Kleidung, Handtaschen oder anderen Gegenst\u00e4nden angebracht, sodass Umstehende in der Regel gar nicht auf die Idee kommen, dass es sich dabei um ein verdecktes Aufnahmeger\u00e4t handeln k\u00f6nnte, mit dem bestimmte, interessierende Informationen gesammelt werden sollen. Die Einsatzm\u00f6glichkeiten einer Brosche mit getarntem Mikrofon sind sehr vielf\u00e4ltig: Sie k\u00f6nnen sie an Ihrer Kleidung befestigen oder an der Uniform oder dem Rucksack Ihres Kindes anbringen usw. Wenn Sie Zweifel haben, ob im Kindergarten oder in der Schule alles in Ordnung ist, k\u00f6nnen Sie dieses Ger\u00e4t einfach nutzen und erhalten sehr schnell die gew\u00fcnschten Informationen.<\/p>\n<p><strong>Lange Betriebsdauer<\/strong><\/p>\n<p>Die Brosche mit getarntem Mikrofon \u00fcberzeugt durch eine lange Akkulaufzeit: Sie k\u00f6nnen bis zu 17 Stunden lang mith\u00f6ren, was in einer bestimmten Umgebung passiert. Sie m\u00fcssen sich keine Sorgen machen, dass ein leer werdender Akku irgendwelche Ger\u00e4usche erzeugen k\u00f6nnte: Das getarnte Mikrofon arbeitet stets ger\u00e4uschlos, sodass niemand ahnt, dass Sie versuchen, Gespr\u00e4che oder andere Ger\u00e4usche heimlich aufzuzeichnen. Wenn der Akku fast leer ist, werden die Aufnahmen automatisch gespeichert, sodass Sie sicher sein k\u00f6nnen, keine wichtigen Informationen zu verlieren. Sobald nur noch zwei Prozent Akkukapazit\u00e4t verbleiben, werden die aufgezeichneten Ger\u00e4usche durch Speicherung im Ger\u00e4tespeicher gesichert. Sp\u00e4ter k\u00f6nnen Sie diese auf einen Computer \u00fcbertragen und anh\u00f6ren, sodass Ihnen nichts Wichtiges entgeht.<\/p>\n<p><strong>Kleines und leichtes Ger\u00e4t<\/strong><\/p>\n<p>Die Brosche mit getarntem Mikrofon ist ein sehr kleines Ger\u00e4t mit Abmessungen von nur 3,5 x 3,5 x 1 cm. Dieses Ger\u00e4t wiegt lediglich 9 Gramm und kann daher v\u00f6llig bequem verwendet werden. Ganz gleich, wohin Sie gehen \u2013 Sie k\u00f6nnen dieses verdeckte Ger\u00e4t problemlos mitnehmen. Es kann Ihnen helfen, ben\u00f6tigte Beweise zu sammeln, Zweifel auszur\u00e4umen, die Sicherheit Ihrer Kinder zu gew\u00e4hrleisten usw. Es gibt zahlreiche Situationen, in denen dieses Ger\u00e4t n\u00fctzlich sein kann, daher lohnt es sich, \u00fcber einen Kauf nachzudenken. Die Brosche mit getarntem Mikrofon k\u00f6nnen Sie zu einem sehr attraktiven Preis erwerben, sodass Sie sich keine Sorgen machen m\u00fcssen, dass dies mit \u00fcberm\u00e4\u00dfig hohen Kosten verbunden ist.<\/p>\n<p><strong>\u0412\u044b\u0441\u043e\u043a\u043e\u043a\u0430\u0447\u0435\u0441\u0442\u0432\u0435\u043d\u043d\u044b\u0439 \u0437\u0432\u0443\u043a<\/strong><\/p>\n<p>Mitunter bestehen Zweifel, ob kleine Ger\u00e4te mit getarnten Mikrofonen wirklich eine ausreichend gute Tonqualit\u00e4t gew\u00e4hrleisten k\u00f6nnen, doch es gibt keinen Grund zur Sorge. Die Brosche mit getarntem Mikrofon garantiert eine sehr gute Tonqualit\u00e4t, sodass es keineswegs schwierig ist zu verstehen, wor\u00fcber gesprochen wird oder was in der Umgebung geschieht. Manchmal entscheiden sich Eltern von Kleinkindern f\u00fcr den Einsatz solcher verdeckten Ger\u00e4te, um die Sicherheit ihres Nachwuchses zu gew\u00e4hrleisten. Das verdeckte Abh\u00f6rger\u00e4t erm\u00f6glicht es, zu erfahren, was in der Umgebung passiert, und kann so helfen festzustellen, ob das Kind in der Schule nicht gemobbt wird und ob Erzieher oder Lehrer angemessen mit ihm umgehen usw. Der Einsatz verdeckter Abh\u00f6rger\u00e4te ist zweifellos eine der einfachsten M\u00f6glichkeiten, Zweifel auszur\u00e4umen, sodass es sich auf jeden Fall lohnt, \u00fcber eine solche L\u00f6sung nachzudenken.<\/p>\n<p><strong>Einfache Bedienung<\/strong><\/p>\n<p>Die Brosche mit integriertem, verdecktem Mikrofon ist eines jener Ger\u00e4te, die besonders einfach zu bedienen sind. Sie m\u00fcssen keine Zeit damit verschwenden, die in der Anleitung bereitgestellten Informationen zu studieren: Es gen\u00fcgt, das Ger\u00e4t durch Dr\u00fccken einer Taste einzuschalten, und schon bald k\u00f6nnen Sie die in der Umgebung des Ger\u00e4ts h\u00f6rbaren Ger\u00e4usche aufzeichnen.<br \/>\n<iframe title=\"\u0412\u0438\u0434\u0435\u043e\u043f\u043b\u0435\u0435\u0440 YouTube\" src=\"https:\/\/www.youtube.com\/embed\/DnkSwKaXvyc?si=DcJk9QuWxW4fSfHk\" width=\"560\" height=\"315\" frameborder=\"0\" allowfullscreen=\"allowfullscreen\"><\/iframe><\/p>","protected":false},"excerpt":{"rendered":"<p>TECHNISCHE PARAMETER Reichweite: ca. 8 m &#8211; 15 m Gibt keinerlei Ger\u00e4usche von sich Mit einem Knopfdruck einschaltbar Aufnahmequalit\u00e4t: 192 kbps Aufnahme wird ab 45&#8230;<\/p>","protected":false},"featured_media":27663,"template":"","meta":[],"etheme_brands":[],"product_brand":[],"product_cat":[207],"product_tag":[709,757],"class_list":{"0":"post-16455","1":"product","2":"type-product","3":"status-publish","4":"has-post-thumbnail","6":"product_cat-13-diktiergeraete","7":"product_tag-gespraechsaufzeichnung","8":"product_tag-professioneller-diktiergeraet","9":"pa_typ-brosche","11":"first","12":"instock","13":"sale","14":"taxable","15":"shipping-taxable","16":"purchasable","17":"product-type-simple"},"yoast_head":"<!-- This site is optimized with the Yoast SEO Premium plugin v25.9 (Yoast SEO v27.4) - https:\/\/yoast.com\/product\/yoast-seo-premium-wordpress\/ -->\n<title>Brosche f\u00fcr Kleidung mit getarntem verstecktem Diktierger\u00e4t, das durch Ger\u00e4usche aktiviert wird<\/title>\n<meta name=\"description\" content=\"Brosche mit integriertem verstecktem internem Diktierger\u00e4t. Sie nehmen Gespr\u00e4che einfach und unauff\u00e4llig auf. Wird als Accessoire verwendet und erregt bei umstehenden Personen keinen Verdacht.\" \/>\n<meta name=\"robots\" content=\"index, follow, max-snippet:-1, max-image-preview:large, max-video-preview:-1\" \/>\n<link rel=\"canonical\" href=\"https:\/\/www.ortungsgerate.de\/ru\/13-diktofony-2\/znachok-dlya-odezhdy-sumka-portfel-so-skrytym-diktofonom\/\" \/>\n<meta property=\"og:locale\" content=\"ru_RU\" \/>\n<meta property=\"og:type\" content=\"article\" \/>\n<meta property=\"og:title\" content=\"Ansteckbrosche f\u00fcr Kleidung (Tasche, Aktentasche) mit verstecktem Diktierger\u00e4t\" \/>\n<meta property=\"og:description\" content=\"Brosche mit integriertem verstecktem internem Diktierger\u00e4t. Sie nehmen Gespr\u00e4che einfach und unauff\u00e4llig auf. Wird als Accessoire verwendet und erregt bei umstehenden Personen keinen Verdacht.\" \/>\n<meta property=\"og:url\" content=\"https:\/\/www.ortungsgerate.de\/ru\/13-diktofony-2\/znachok-dlya-odezhdy-sumka-portfel-so-skrytym-diktofonom\/\" \/>\n<meta property=\"og:site_name\" content=\"Ortungsger\u00e4te.de\" \/>\n<meta property=\"article:modified_time\" content=\"2025-11-26T17:01:36+00:00\" \/>\n<meta property=\"og:image\" content=\"https:\/\/www.ortungsgerate.de\/wp-content\/uploads\/sage-prisegama-prie-rubo-tases-portfelio-su-slaptu-diktofonu-7.jpg\" \/>\n\t<meta property=\"og:image:width\" content=\"1000\" \/>\n\t<meta property=\"og:image:height\" content=\"1000\" \/>\n\t<meta property=\"og:image:type\" content=\"image\/jpeg\" \/>\n<meta name=\"twitter:card\" content=\"summary_large_image\" \/>\n<meta name=\"twitter:label1\" content=\"\u041f\u0440\u0438\u043c\u0435\u0440\u043d\u043e\u0435 \u0432\u0440\u0435\u043c\u044f \u0434\u043b\u044f \u0447\u0442\u0435\u043d\u0438\u044f\" \/>\n\t<meta name=\"twitter:data1\" content=\"4 \u043c\u0438\u043d\u0443\u0442\u044b\" \/>\n<script type=\"application\/ld+json\" class=\"yoast-schema-graph\">{\"@context\":\"https:\\\/\\\/schema.org\",\"@graph\":[{\"@type\":\"WebPage\",\"@id\":\"https:\\\/\\\/www.ortungsgerate.de\\\/13-diktiergeraete\\\/ansteckbrosche-fuer-kleidung-tasche-aktentasche-mit-verstecktem-diktiergeraet\\\/\",\"url\":\"https:\\\/\\\/www.ortungsgerate.de\\\/13-diktiergeraete\\\/ansteckbrosche-fuer-kleidung-tasche-aktentasche-mit-verstecktem-diktiergeraet\\\/\",\"name\":\"Brosche f\u00fcr Kleidung mit getarntem verstecktem Diktierger\u00e4t, das durch Ger\u00e4usche aktiviert wird\",\"isPartOf\":{\"@id\":\"https:\\\/\\\/www.ortungsgerate.de\\\/#website\"},\"primaryImageOfPage\":{\"@id\":\"https:\\\/\\\/www.ortungsgerate.de\\\/13-diktiergeraete\\\/ansteckbrosche-fuer-kleidung-tasche-aktentasche-mit-verstecktem-diktiergeraet\\\/#primaryimage\"},\"image\":{\"@id\":\"https:\\\/\\\/www.ortungsgerate.de\\\/13-diktiergeraete\\\/ansteckbrosche-fuer-kleidung-tasche-aktentasche-mit-verstecktem-diktiergeraet\\\/#primaryimage\"},\"thumbnailUrl\":\"https:\\\/\\\/www.ortungsgerate.de\\\/wp-content\\\/uploads\\\/sage-prisegama-prie-rubo-tases-portfelio-su-slaptu-diktofonu-7.jpg\",\"datePublished\":\"2024-02-06T19:37:30+00:00\",\"dateModified\":\"2025-11-26T17:01:36+00:00\",\"description\":\"Brosche mit integriertem verstecktem internem Diktierger\u00e4t. Sie nehmen Gespr\u00e4che einfach und unauff\u00e4llig auf. Wird als Accessoire verwendet und erregt bei umstehenden Personen keinen Verdacht.\",\"breadcrumb\":{\"@id\":\"https:\\\/\\\/www.ortungsgerate.de\\\/13-diktiergeraete\\\/ansteckbrosche-fuer-kleidung-tasche-aktentasche-mit-verstecktem-diktiergeraet\\\/#breadcrumb\"},\"inLanguage\":\"ru-RU\",\"potentialAction\":[{\"@type\":\"ReadAction\",\"target\":[\"https:\\\/\\\/www.ortungsgerate.de\\\/13-diktiergeraete\\\/ansteckbrosche-fuer-kleidung-tasche-aktentasche-mit-verstecktem-diktiergeraet\\\/\"]}]},{\"@type\":\"ImageObject\",\"inLanguage\":\"ru-RU\",\"@id\":\"https:\\\/\\\/www.ortungsgerate.de\\\/13-diktiergeraete\\\/ansteckbrosche-fuer-kleidung-tasche-aktentasche-mit-verstecktem-diktiergeraet\\\/#primaryimage\",\"url\":\"https:\\\/\\\/www.ortungsgerate.de\\\/wp-content\\\/uploads\\\/sage-prisegama-prie-rubo-tases-portfelio-su-slaptu-diktofonu-7.jpg\",\"contentUrl\":\"https:\\\/\\\/www.ortungsgerate.de\\\/wp-content\\\/uploads\\\/sage-prisegama-prie-rubo-tases-portfelio-su-slaptu-diktofonu-7.jpg\",\"width\":1000,\"height\":1000,\"caption\":\"Brosche mit Diktierger\u00e4t\"},{\"@type\":\"BreadcrumbList\",\"@id\":\"https:\\\/\\\/www.ortungsgerate.de\\\/13-diktiergeraete\\\/ansteckbrosche-fuer-kleidung-tasche-aktentasche-mit-verstecktem-diktiergeraet\\\/#breadcrumb\",\"itemListElement\":[{\"@type\":\"ListItem\",\"position\":1,\"name\":\"Startseite\",\"item\":\"https:\\\/\\\/www.ortungsgerate.de\\\/\"},{\"@type\":\"ListItem\",\"position\":2,\"name\":\"Shop\",\"item\":\"https:\\\/\\\/www.ortungsgerate.de\\\/shop\\\/\"},{\"@type\":\"ListItem\",\"position\":3,\"name\":\"Ansteckbrosche f\u00fcr Kleidung (Tasche, Aktentasche) mit verstecktem Diktierger\u00e4t\"}]},{\"@type\":\"WebSite\",\"@id\":\"https:\\\/\\\/www.ortungsgerate.de\\\/#website\",\"url\":\"https:\\\/\\\/www.ortungsgerate.de\\\/\",\"name\":\"Ortungsgerate.de\",\"description\":\"\",\"publisher\":{\"@id\":\"https:\\\/\\\/www.ortungsgerate.de\\\/#organization\"},\"potentialAction\":[{\"@type\":\"SearchAction\",\"target\":{\"@type\":\"EntryPoint\",\"urlTemplate\":\"https:\\\/\\\/www.ortungsgerate.de\\\/?s={search_term_string}\"},\"query-input\":{\"@type\":\"PropertyValueSpecification\",\"valueRequired\":true,\"valueName\":\"search_term_string\"}}],\"inLanguage\":\"ru-RU\"},{\"@type\":\"Organization\",\"@id\":\"https:\\\/\\\/www.ortungsgerate.de\\\/#organization\",\"name\":\"Ortungsgerate.de\",\"url\":\"https:\\\/\\\/www.ortungsgerate.de\\\/\",\"logo\":{\"@type\":\"ImageObject\",\"inLanguage\":\"ru-RU\",\"@id\":\"https:\\\/\\\/www.ortungsgerate.de\\\/#\\\/schema\\\/logo\\\/image\\\/\",\"url\":\"https:\\\/\\\/www.ortungsgerate.de\\\/wp-content\\\/uploads\\\/ortungsgerate.png\",\"contentUrl\":\"https:\\\/\\\/www.ortungsgerate.de\\\/wp-content\\\/uploads\\\/ortungsgerate.png\",\"width\":500,\"height\":135,\"caption\":\"Ortungsgerate.de\"},\"image\":{\"@id\":\"https:\\\/\\\/www.ortungsgerate.de\\\/#\\\/schema\\\/logo\\\/image\\\/\"}}]}<\/script>\n<!-- \/ Yoast SEO Premium plugin. -->","yoast_head_json":{"title":"Brosche f\u00fcr Kleidung mit getarntem verstecktem Diktierger\u00e4t, das durch Ger\u00e4usche aktiviert wird","description":"Brosche mit integriertem verstecktem internem Diktierger\u00e4t. Sie nehmen Gespr\u00e4che einfach und unauff\u00e4llig auf. Wird als Accessoire verwendet und erregt bei umstehenden Personen keinen Verdacht.","robots":{"index":"index","follow":"follow","max-snippet":"max-snippet:-1","max-image-preview":"max-image-preview:large","max-video-preview":"max-video-preview:-1"},"canonical":"https:\/\/www.ortungsgerate.de\/ru\/13-diktofony-2\/znachok-dlya-odezhdy-sumka-portfel-so-skrytym-diktofonom\/","og_locale":"ru_RU","og_type":"article","og_title":"Ansteckbrosche f\u00fcr Kleidung (Tasche, Aktentasche) mit verstecktem Diktierger\u00e4t","og_description":"Brosche mit integriertem verstecktem internem Diktierger\u00e4t. Sie nehmen Gespr\u00e4che einfach und unauff\u00e4llig auf. Wird als Accessoire verwendet und erregt bei umstehenden Personen keinen Verdacht.","og_url":"https:\/\/www.ortungsgerate.de\/ru\/13-diktofony-2\/znachok-dlya-odezhdy-sumka-portfel-so-skrytym-diktofonom\/","og_site_name":"Ortungsger\u00e4te.de","article_modified_time":"2025-11-26T17:01:36+00:00","og_image":[{"width":1000,"height":1000,"url":"https:\/\/www.ortungsgerate.de\/wp-content\/uploads\/sage-prisegama-prie-rubo-tases-portfelio-su-slaptu-diktofonu-7.jpg","type":"image\/jpeg"}],"twitter_card":"summary_large_image","twitter_misc":{"\u041f\u0440\u0438\u043c\u0435\u0440\u043d\u043e\u0435 \u0432\u0440\u0435\u043c\u044f \u0434\u043b\u044f \u0447\u0442\u0435\u043d\u0438\u044f":"4 \u043c\u0438\u043d\u0443\u0442\u044b"},"schema":{"@context":"https:\/\/schema.org","@graph":[{"@type":"WebPage","@id":"https:\/\/www.ortungsgerate.de\/13-diktiergeraete\/ansteckbrosche-fuer-kleidung-tasche-aktentasche-mit-verstecktem-diktiergeraet\/","url":"https:\/\/www.ortungsgerate.de\/13-diktiergeraete\/ansteckbrosche-fuer-kleidung-tasche-aktentasche-mit-verstecktem-diktiergeraet\/","name":"Brosche f\u00fcr Kleidung mit getarntem verstecktem Diktierger\u00e4t, das durch Ger\u00e4usche aktiviert wird","isPartOf":{"@id":"https:\/\/www.ortungsgerate.de\/#website"},"primaryImageOfPage":{"@id":"https:\/\/www.ortungsgerate.de\/13-diktiergeraete\/ansteckbrosche-fuer-kleidung-tasche-aktentasche-mit-verstecktem-diktiergeraet\/#primaryimage"},"image":{"@id":"https:\/\/www.ortungsgerate.de\/13-diktiergeraete\/ansteckbrosche-fuer-kleidung-tasche-aktentasche-mit-verstecktem-diktiergeraet\/#primaryimage"},"thumbnailUrl":"https:\/\/www.ortungsgerate.de\/wp-content\/uploads\/sage-prisegama-prie-rubo-tases-portfelio-su-slaptu-diktofonu-7.jpg","datePublished":"2024-02-06T19:37:30+00:00","dateModified":"2025-11-26T17:01:36+00:00","description":"Brosche mit integriertem verstecktem internem Diktierger\u00e4t. Sie nehmen Gespr\u00e4che einfach und unauff\u00e4llig auf. Wird als Accessoire verwendet und erregt bei umstehenden Personen keinen Verdacht.","breadcrumb":{"@id":"https:\/\/www.ortungsgerate.de\/13-diktiergeraete\/ansteckbrosche-fuer-kleidung-tasche-aktentasche-mit-verstecktem-diktiergeraet\/#breadcrumb"},"inLanguage":"ru-RU","potentialAction":[{"@type":"ReadAction","target":["https:\/\/www.ortungsgerate.de\/13-diktiergeraete\/ansteckbrosche-fuer-kleidung-tasche-aktentasche-mit-verstecktem-diktiergeraet\/"]}]},{"@type":"ImageObject","inLanguage":"ru-RU","@id":"https:\/\/www.ortungsgerate.de\/13-diktiergeraete\/ansteckbrosche-fuer-kleidung-tasche-aktentasche-mit-verstecktem-diktiergeraet\/#primaryimage","url":"https:\/\/www.ortungsgerate.de\/wp-content\/uploads\/sage-prisegama-prie-rubo-tases-portfelio-su-slaptu-diktofonu-7.jpg","contentUrl":"https:\/\/www.ortungsgerate.de\/wp-content\/uploads\/sage-prisegama-prie-rubo-tases-portfelio-su-slaptu-diktofonu-7.jpg","width":1000,"height":1000,"caption":"Brosche mit Diktierger\u00e4t"},{"@type":"BreadcrumbList","@id":"https:\/\/www.ortungsgerate.de\/13-diktiergeraete\/ansteckbrosche-fuer-kleidung-tasche-aktentasche-mit-verstecktem-diktiergeraet\/#breadcrumb","itemListElement":[{"@type":"ListItem","position":1,"name":"Startseite","item":"https:\/\/www.ortungsgerate.de\/"},{"@type":"ListItem","position":2,"name":"Shop","item":"https:\/\/www.ortungsgerate.de\/shop\/"},{"@type":"ListItem","position":3,"name":"Ansteckbrosche f\u00fcr Kleidung (Tasche, Aktentasche) mit verstecktem Diktierger\u00e4t"}]},{"@type":"WebSite","@id":"https:\/\/www.ortungsgerate.de\/#website","url":"https:\/\/www.ortungsgerate.de\/","name":"Ortungsgerate.de","description":"","publisher":{"@id":"https:\/\/www.ortungsgerate.de\/#organization"},"potentialAction":[{"@type":"SearchAction","target":{"@type":"EntryPoint","urlTemplate":"https:\/\/www.ortungsgerate.de\/?s={search_term_string}"},"query-input":{"@type":"PropertyValueSpecification","valueRequired":true,"valueName":"search_term_string"}}],"inLanguage":"ru-RU"},{"@type":"Organization","@id":"https:\/\/www.ortungsgerate.de\/#organization","name":"Ortungsgerate.de","url":"https:\/\/www.ortungsgerate.de\/","logo":{"@type":"ImageObject","inLanguage":"ru-RU","@id":"https:\/\/www.ortungsgerate.de\/#\/schema\/logo\/image\/","url":"https:\/\/www.ortungsgerate.de\/wp-content\/uploads\/ortungsgerate.png","contentUrl":"https:\/\/www.ortungsgerate.de\/wp-content\/uploads\/ortungsgerate.png","width":500,"height":135,"caption":"Ortungsgerate.de"},"image":{"@id":"https:\/\/www.ortungsgerate.de\/#\/schema\/logo\/image\/"}}]}},"_links":{"self":[{"href":"https:\/\/www.ortungsgerate.de\/ru\/wp-json\/wp\/v2\/product\/16455","targetHints":{"allow":["GET"]}}],"collection":[{"href":"https:\/\/www.ortungsgerate.de\/ru\/wp-json\/wp\/v2\/product"}],"about":[{"href":"https:\/\/www.ortungsgerate.de\/ru\/wp-json\/wp\/v2\/types\/product"}],"version-history":[{"count":0,"href":"https:\/\/www.ortungsgerate.de\/ru\/wp-json\/wp\/v2\/product\/16455\/revisions"}],"wp:featuredmedia":[{"embeddable":true,"href":"https:\/\/www.ortungsgerate.de\/ru\/wp-json\/wp\/v2\/media\/27663"}],"wp:attachment":[{"href":"https:\/\/www.ortungsgerate.de\/ru\/wp-json\/wp\/v2\/media?parent=16455"}],"wp:term":[{"taxonomy":"brand","embeddable":true,"href":"https:\/\/www.ortungsgerate.de\/ru\/wp-json\/wp\/v2\/etheme_brands?post=16455"},{"taxonomy":"product_brand","embeddable":true,"href":"https:\/\/www.ortungsgerate.de\/ru\/wp-json\/wp\/v2\/product_brand?post=16455"},{"taxonomy":"product_cat","embeddable":true,"href":"https:\/\/www.ortungsgerate.de\/ru\/wp-json\/wp\/v2\/product_cat?post=16455"},{"taxonomy":"product_tag","embeddable":true,"href":"https:\/\/www.ortungsgerate.de\/ru\/wp-json\/wp\/v2\/product_tag?post=16455"}],"curies":[{"name":"wp","href":"https:\/\/api.w.org\/{rel}","templated":true}]}}