{"id":16456,"date":"2024-02-07T11:45:07","date_gmt":"2024-02-07T09:45:07","guid":{"rendered":"https:\/\/ortungsgerate.de\/be-kategorijos\/slapta-kamera-wifi-kristolinis-rutulys-360-sukasi-objektyvas\/"},"modified":"2025-11-26T19:01:36","modified_gmt":"2025-11-26T17:01:36","slug":"skrytaya-wifi-kamera-khrustalnyy-shar-360-vraschayuschiysya-obektiv","status":"publish","type":"product","link":"https:\/\/www.ortungsgerate.de\/ru\/12-skrytyje-kamery\/skrytaya-wifi-kamera-khrustalnyy-shar-360-vraschayuschiysya-obektiv\/","title":{"rendered":"\u0421\u043a\u0440\u044b\u0442\u0430\u044f WIFI-\u043a\u0430\u043c\u0435\u0440\u0430 \u201e\u0425\u0440\u0443\u0441\u0442\u0430\u043b\u044c\u043d\u044b\u0439 \u0448\u0430\u0440\u201c 360\u00b0 \u0432\u0440\u0430\u0449\u0430\u044e\u0449\u0438\u0439\u0441\u044f \u043e\u0431\u044a\u0435\u043a\u0442\u0438\u0432"},"content":{"rendered":"<h3><strong>\u0422\u0435\u0445\u043d\u0438\u0447\u0435\u0441\u043a\u0438\u0435 \u043f\u0430\u0440\u0430\u043c\u0435\u0442\u0440\u044b:<\/strong><\/h3>\n<p><strong>\u00a0<\/strong><\/p>\n<ul>\n<li>\u0423\u0434\u0430\u043b\u0435\u043d\u043d\u044b\u0439 \u043c\u043e\u043d\u0438\u0442\u043e\u0440\u0438\u043d\u0433: \u0414\u0410, \u0432\u044b \u043c\u043e\u0436\u0435\u0442\u0435 \u043d\u0430\u0431\u043b\u044e\u0434\u0430\u0442\u044c \u0438\u0437\u043e\u0431\u0440\u0430\u0436\u0435\u043d\u0438\u0435 \u0438\u0437 \u043b\u044e\u0431\u043e\u0439 \u0441\u0442\u0440\u0430\u043d\u044b \u043c\u0438\u0440\u0430<\/li>\n<li><strong><span style=\"color: #d0121a;\">GESCHENK 32GB Speicherkarte<\/span><\/strong><\/li>\n<li>\u0418\u0437\u043e\u0431\u0440\u0430\u0436\u0435\u043d\u0438\u0435 \u0437\u0430\u043f\u0438\u0441\u044b\u0432\u0430\u0435\u0442\u0441\u044f \u0441\u043e \u0437\u0432\u0443\u043a\u043e\u043c<\/li>\n<li>\u0420\u0430\u0431\u043e\u0442\u0430 \u043e\u0442 \u044d\u043b\u0435\u043a\u0442\u0440\u043e\u0441\u0435\u0442\u0438, \u043a\u0440\u0443\u0433\u043b\u043e\u0441\u0443\u0442\u043e\u0447\u043d\u043e 24\/7<\/li>\n<li>Nachtsicht ca. 5 Meter<\/li>\n<li>M\u00f6glichkeit, die Kamera im Winkel von 330\u00b0 und 90\u00b0 zu schwenken<\/li>\n<li>Sie k\u00f6nnen h\u00f6ren, was im Raum passiert, und k\u00f6nnen selbst sprechen<\/li>\n<li>Bildqualit\u00e4t: 2 MP Full HD<\/li>\n<li>Ansicht der Aufnahmen \u00fcber: Mobiltelefon oder Tablet<\/li>\n<li>Benachrichtigungen auf das Telefon: Die Kamera kann eine Nachricht auf das Telefon senden, wenn sie eine Bewegung erkennt<\/li>\n<li>Nachtsicht-Aufnahmefunktion: Vorhanden<\/li>\n<li>Bewegungserkennungsfunktion: JA<\/li>\n<li>\u00dcberwachungswinkel:\u00a0330 \u00b0<\/li>\n<li>\u041f\u043e\u0434\u0434\u0435\u0440\u0436\u0438\u0432\u0430\u0435\u043c\u0430\u044f \u043a\u0430\u0440\u0442\u0430 \u043f\u0430\u043c\u044f\u0442\u0438: \u0434\u043e 128 \u0413\u0411 (\u043a\u0430\u0440\u0442\u0430 \u043d\u0435 \u0432\u043a\u043b\u044e\u0447\u0435\u043d\u0430)<\/li>\n<li>\u0424\u043e\u0440\u043c\u0430\u0442 \u0441\u0436\u0430\u0442\u0438\u044f: AVI H.264<\/li>\n<li>Unterst\u00fctzte Systeme: iOS Android<\/li>\n<li>App f\u00fcr mobile Ger\u00e4te: Vorhanden<\/li>\n<li>Aufnahmesteuerung: \u00a0mit jedem Smart-Ger\u00e4t (Telefon, Computer oder Tablet).<\/li>\n<li>\u0413\u0430\u0440\u0430\u043d\u0442\u0438\u044f 12 \u043c\u0435\u0441\u044f\u0446\u0435\u0432<\/li>\n<\/ul>\n<h2><strong>\u041a\u043e\u043c\u043f\u043b\u0435\u043a\u0442\u0430\u0446\u0438\u044f:<\/strong><\/h2>\n<ul>\n<li>Kamera<\/li>\n<li>USB-\u043a\u0430\u0431\u0435\u043b\u044c<\/li>\n<li>\u0418\u043d\u0441\u0442\u0440\u0443\u043a\u0446\u0438\u044f<\/li>\n<li>Micro-SD-Kartenleser<\/li>\n<li>Adapter<\/li>\n<\/ul>\n<p><span style=\"color: #d0121a;\"><strong>Ben\u00f6tigen Sie eine schnelle Lieferung, am selben Tag?   <\/strong><\/span><\/p>\n<p>Diese Kamera ist einfach zu bedienen, Sie m\u00fcssen nur die mobile App auf dem Telefon installieren, und schon k\u00f6nnen Sie die Kamera nutzen. Der Vorteil dieser verdeckten Kamera besteht darin, dass das Bild im Winkel von 330 und 90 Grad geschwenkt werden kann, sodass Sie aus der Ferne jederzeit den gesamten Raum sehen k\u00f6nnen, indem Sie das Kameraobjektiv in der App drehen. Hohe Bildqualit\u00e4t und hervorragende Nachtsicht: Sie sehen auch in v\u00f6lliger Dunkelheit bis zu 5 Meter weit (neue Generation der Nachtsicht ohne \u201eSchneeeffekt\u201c). Ideal zur \u00dcberwachung von Wohnung oder B\u00fcro. Es wird die neueste Software verwendet, die eine st\u00f6rungs- und verz\u00f6gerungsfreie Bild\u00fcbertragung erm\u00f6glicht.<\/p>\n<p>Wenn Sie eine verdeckte Kamera bei uns kaufen, helfen wir Ihnen au\u00dferdem, sie zu konfigurieren.<\/p>\n<p><strong>Versteckte WIFI-Kamera \u2013 Kristallkugel: Objektiv dreht sich um 330\u00b0<\/strong><\/p>\n<p>Die Kristallkugel \u2013 versteckte Kamera \u2013 wird zu einem stilvollen Bestandteil Ihrer Wohnungseinrichtung. Niemand wird vermuten, dass dieses Dekoelement auch eine verdeckte Aufnahmefunktion besitzt, was Ihnen hilft herauszufinden, was in Ihrer Wohnung oder in Ihrem B\u00fcro passiert, wenn Sie nicht vor Ort sind.<\/p>\n<p>Die Nutzung dieser verdeckten Kamera ist sehr einfach: Installieren Sie lediglich die App auf Ihrem Mobiltelefon, und Sie k\u00f6nnen sofort alle Funktionen dieser Kamera testen. Das Objektiv der verdeckten Kamera l\u00e4sst sich im Winkel von 330 und 90 Grad schwenken, sodass Sie den gesamten Raum \u00fcberblicken k\u00f6nnen.<\/p>\n<p>Die Kamera zeichnet sich durch eine sehr hohe Videoqualit\u00e4t und eine hervorragende Nachtsicht aus. Selbst in v\u00f6lliger Dunkelheit k\u00f6nnen Sie sehen, was im \u00fcberwachten Raum geschieht. Die Sichtweite im Dunkeln betr\u00e4gt bis zu 5 Meter. In die Kamera ist die neueste Software integriert, daher kann das Bild ohne St\u00f6rungen und ohne Verz\u00f6gerung \u00fcberwacht werden.<\/p>\n<p>Videoaufnahmen werden mit Ton aufgezeichnet, sodass Sie noch mehr Informationen dar\u00fcber erhalten, was in Ihrer Wohnung oder in Ihrem B\u00fcro geschieht. Sie haben au\u00dferdem die M\u00f6glichkeit, selbst zu sprechen: Dies kann zum Beispiel n\u00fctzlich sein, wenn Sie Haustiere oder sich schlecht benehmende Kinder zurechtweisen m\u00fcssen. Die aufgezeichneten Videos k\u00f6nnen Sie in Echtzeit von jedem Ort der Welt aus verfolgen. Die Video\u00fcbertragungen k\u00f6nnen \u00fcber ein Smartphone oder ein Tablet angesehen werden.<\/p>\n<p>Wenn im Raum eine Bewegung erkannt wird, erhalten Sie eine Benachrichtigung auf Ihr Telefon. So entgeht Ihnen nichts Wichtiges, da Sie sofort \u00fcberpr\u00fcfen k\u00f6nnen, was in dem von Ihnen \u00fcberwachten Raum geschieht.<\/p>","protected":false},"excerpt":{"rendered":"<p>Technische Parameter: \u00a0 Fern\u00fcberwachung: JA, Sie k\u00f6nnen das Bild von jedem Land der Welt aus \u00fcberwachen GESCHENK 32GB Speicherkarte Bild wird mit Ton aufgezeichnet Betrieb&#8230;<\/p>","protected":false},"featured_media":26439,"template":"","meta":[],"etheme_brands":[],"product_brand":[],"product_cat":[204,203,205],"product_tag":[687,739,705,690,691,693],"class_list":{"0":"post-16456","1":"product","2":"type-product","3":"status-publish","4":"has-post-thumbnail","6":"product_cat-17-getarnte-kameras","7":"product_cat-12-versteckte-kameras","8":"product_cat-27-wlan-minikameras","9":"product_tag-kamera-zur-ueberwachung","10":"product_tag-spionagekamera","11":"product_tag-ueberwachungskamera","12":"product_tag-versteckte-kamera","13":"product_tag-versteckte-ueberwachungskamera","14":"product_tag-wlan-kamera","16":"first","17":"instock","18":"taxable","19":"shipping-taxable","20":"purchasable","21":"product-type-simple"},"yoast_head":"<!-- This site is optimized with the Yoast SEO Premium plugin v25.9 (Yoast SEO v27.4) - https:\/\/yoast.com\/product\/yoast-seo-premium-wordpress\/ -->\n<title>Versteckte WLAN Kamera Kristallkugel mit 330\u00b0 schwenkbarem Objektiv<\/title>\n<meta name=\"description\" content=\"Versteckte, getarnte Video\u00fcberwachungskamera. Mit schwenkbarem Objektiv bis 330 Grad. Hochwertige Bildqualit\u00e4t, M\u00f6glichkeit zur Live-Ansicht aus jedem Land der Welt\" \/>\n<meta name=\"robots\" content=\"index, follow, max-snippet:-1, max-image-preview:large, max-video-preview:-1\" \/>\n<link rel=\"canonical\" href=\"https:\/\/www.ortungsgerate.de\/ru\/12-skrytyje-kamery\/skrytaya-wifi-kamera-khrustalnyy-shar-360-vraschayuschiysya-obektiv\/\" \/>\n<meta property=\"og:locale\" content=\"ru_RU\" \/>\n<meta property=\"og:type\" content=\"article\" \/>\n<meta property=\"og:title\" content=\"Versteckte WIFI-Kamera \u201eKristallkugel\u201c 360\u00b0 drehbares Objektiv\" \/>\n<meta property=\"og:description\" content=\"Versteckte, getarnte Video\u00fcberwachungskamera. Mit schwenkbarem Objektiv bis 330 Grad. Hochwertige Bildqualit\u00e4t, M\u00f6glichkeit zur Live-Ansicht aus jedem Land der Welt\" \/>\n<meta property=\"og:url\" content=\"https:\/\/www.ortungsgerate.de\/ru\/12-skrytyje-kamery\/skrytaya-wifi-kamera-khrustalnyy-shar-360-vraschayuschiysya-obektiv\/\" \/>\n<meta property=\"og:site_name\" content=\"Ortungsger\u00e4te.de\" \/>\n<meta property=\"article:modified_time\" content=\"2025-11-26T17:01:36+00:00\" \/>\n<meta property=\"og:image\" content=\"https:\/\/www.ortungsgerate.de\/wp-content\/uploads\/kristolinis-rutulys-su-kamera-1.jpg\" \/>\n\t<meta property=\"og:image:width\" content=\"458\" \/>\n\t<meta property=\"og:image:height\" content=\"458\" \/>\n\t<meta property=\"og:image:type\" content=\"image\/jpeg\" \/>\n<meta name=\"twitter:card\" content=\"summary_large_image\" \/>\n<meta name=\"twitter:label1\" content=\"\u041f\u0440\u0438\u043c\u0435\u0440\u043d\u043e\u0435 \u0432\u0440\u0435\u043c\u044f \u0434\u043b\u044f \u0447\u0442\u0435\u043d\u0438\u044f\" \/>\n\t<meta name=\"twitter:data1\" content=\"3 \u043c\u0438\u043d\u0443\u0442\u044b\" \/>\n<script type=\"application\/ld+json\" class=\"yoast-schema-graph\">{\"@context\":\"https:\\\/\\\/schema.org\",\"@graph\":[{\"@type\":\"WebPage\",\"@id\":\"https:\\\/\\\/www.ortungsgerate.de\\\/12-versteckte-kameras\\\/versteckte-wifi-kamera-kristallkugel-360-drehbares-objektiv\\\/\",\"url\":\"https:\\\/\\\/www.ortungsgerate.de\\\/12-versteckte-kameras\\\/versteckte-wifi-kamera-kristallkugel-360-drehbares-objektiv\\\/\",\"name\":\"Versteckte WLAN Kamera Kristallkugel mit 330\u00b0 schwenkbarem Objektiv\",\"isPartOf\":{\"@id\":\"https:\\\/\\\/www.ortungsgerate.de\\\/#website\"},\"primaryImageOfPage\":{\"@id\":\"https:\\\/\\\/www.ortungsgerate.de\\\/12-versteckte-kameras\\\/versteckte-wifi-kamera-kristallkugel-360-drehbares-objektiv\\\/#primaryimage\"},\"image\":{\"@id\":\"https:\\\/\\\/www.ortungsgerate.de\\\/12-versteckte-kameras\\\/versteckte-wifi-kamera-kristallkugel-360-drehbares-objektiv\\\/#primaryimage\"},\"thumbnailUrl\":\"https:\\\/\\\/www.ortungsgerate.de\\\/wp-content\\\/uploads\\\/kristolinis-rutulys-su-kamera-1.jpg\",\"datePublished\":\"2024-02-07T09:45:07+00:00\",\"dateModified\":\"2025-11-26T17:01:36+00:00\",\"description\":\"Versteckte, getarnte Video\u00fcberwachungskamera. Mit schwenkbarem Objektiv bis 330 Grad. Hochwertige Bildqualit\u00e4t, M\u00f6glichkeit zur Live-Ansicht aus jedem Land der Welt\",\"breadcrumb\":{\"@id\":\"https:\\\/\\\/www.ortungsgerate.de\\\/12-versteckte-kameras\\\/versteckte-wifi-kamera-kristallkugel-360-drehbares-objektiv\\\/#breadcrumb\"},\"inLanguage\":\"ru-RU\",\"potentialAction\":[{\"@type\":\"ReadAction\",\"target\":[\"https:\\\/\\\/www.ortungsgerate.de\\\/12-versteckte-kameras\\\/versteckte-wifi-kamera-kristallkugel-360-drehbares-objektiv\\\/\"]}]},{\"@type\":\"ImageObject\",\"inLanguage\":\"ru-RU\",\"@id\":\"https:\\\/\\\/www.ortungsgerate.de\\\/12-versteckte-kameras\\\/versteckte-wifi-kamera-kristallkugel-360-drehbares-objektiv\\\/#primaryimage\",\"url\":\"https:\\\/\\\/www.ortungsgerate.de\\\/wp-content\\\/uploads\\\/kristolinis-rutulys-su-kamera-1.jpg\",\"contentUrl\":\"https:\\\/\\\/www.ortungsgerate.de\\\/wp-content\\\/uploads\\\/kristolinis-rutulys-su-kamera-1.jpg\",\"width\":458,\"height\":458,\"caption\":\"Kristallkugel mit Kamera\"},{\"@type\":\"BreadcrumbList\",\"@id\":\"https:\\\/\\\/www.ortungsgerate.de\\\/12-versteckte-kameras\\\/versteckte-wifi-kamera-kristallkugel-360-drehbares-objektiv\\\/#breadcrumb\",\"itemListElement\":[{\"@type\":\"ListItem\",\"position\":1,\"name\":\"Startseite\",\"item\":\"https:\\\/\\\/www.ortungsgerate.de\\\/\"},{\"@type\":\"ListItem\",\"position\":2,\"name\":\"Shop\",\"item\":\"https:\\\/\\\/www.ortungsgerate.de\\\/shop\\\/\"},{\"@type\":\"ListItem\",\"position\":3,\"name\":\"Versteckte WIFI-Kamera \u201eKristallkugel\u201c 360\u00b0 drehbares Objektiv\"}]},{\"@type\":\"WebSite\",\"@id\":\"https:\\\/\\\/www.ortungsgerate.de\\\/#website\",\"url\":\"https:\\\/\\\/www.ortungsgerate.de\\\/\",\"name\":\"Ortungsgerate.de\",\"description\":\"\",\"publisher\":{\"@id\":\"https:\\\/\\\/www.ortungsgerate.de\\\/#organization\"},\"potentialAction\":[{\"@type\":\"SearchAction\",\"target\":{\"@type\":\"EntryPoint\",\"urlTemplate\":\"https:\\\/\\\/www.ortungsgerate.de\\\/?s={search_term_string}\"},\"query-input\":{\"@type\":\"PropertyValueSpecification\",\"valueRequired\":true,\"valueName\":\"search_term_string\"}}],\"inLanguage\":\"ru-RU\"},{\"@type\":\"Organization\",\"@id\":\"https:\\\/\\\/www.ortungsgerate.de\\\/#organization\",\"name\":\"Ortungsgerate.de\",\"url\":\"https:\\\/\\\/www.ortungsgerate.de\\\/\",\"logo\":{\"@type\":\"ImageObject\",\"inLanguage\":\"ru-RU\",\"@id\":\"https:\\\/\\\/www.ortungsgerate.de\\\/#\\\/schema\\\/logo\\\/image\\\/\",\"url\":\"https:\\\/\\\/www.ortungsgerate.de\\\/wp-content\\\/uploads\\\/ortungsgerate.png\",\"contentUrl\":\"https:\\\/\\\/www.ortungsgerate.de\\\/wp-content\\\/uploads\\\/ortungsgerate.png\",\"width\":500,\"height\":135,\"caption\":\"Ortungsgerate.de\"},\"image\":{\"@id\":\"https:\\\/\\\/www.ortungsgerate.de\\\/#\\\/schema\\\/logo\\\/image\\\/\"}}]}<\/script>\n<!-- \/ Yoast SEO Premium plugin. -->","yoast_head_json":{"title":"Versteckte WLAN Kamera Kristallkugel mit 330\u00b0 schwenkbarem Objektiv","description":"Versteckte, getarnte Video\u00fcberwachungskamera. Mit schwenkbarem Objektiv bis 330 Grad. Hochwertige Bildqualit\u00e4t, M\u00f6glichkeit zur Live-Ansicht aus jedem Land der Welt","robots":{"index":"index","follow":"follow","max-snippet":"max-snippet:-1","max-image-preview":"max-image-preview:large","max-video-preview":"max-video-preview:-1"},"canonical":"https:\/\/www.ortungsgerate.de\/ru\/12-skrytyje-kamery\/skrytaya-wifi-kamera-khrustalnyy-shar-360-vraschayuschiysya-obektiv\/","og_locale":"ru_RU","og_type":"article","og_title":"Versteckte WIFI-Kamera \u201eKristallkugel\u201c 360\u00b0 drehbares Objektiv","og_description":"Versteckte, getarnte Video\u00fcberwachungskamera. Mit schwenkbarem Objektiv bis 330 Grad. Hochwertige Bildqualit\u00e4t, M\u00f6glichkeit zur Live-Ansicht aus jedem Land der Welt","og_url":"https:\/\/www.ortungsgerate.de\/ru\/12-skrytyje-kamery\/skrytaya-wifi-kamera-khrustalnyy-shar-360-vraschayuschiysya-obektiv\/","og_site_name":"Ortungsger\u00e4te.de","article_modified_time":"2025-11-26T17:01:36+00:00","og_image":[{"width":458,"height":458,"url":"https:\/\/www.ortungsgerate.de\/wp-content\/uploads\/kristolinis-rutulys-su-kamera-1.jpg","type":"image\/jpeg"}],"twitter_card":"summary_large_image","twitter_misc":{"\u041f\u0440\u0438\u043c\u0435\u0440\u043d\u043e\u0435 \u0432\u0440\u0435\u043c\u044f \u0434\u043b\u044f \u0447\u0442\u0435\u043d\u0438\u044f":"3 \u043c\u0438\u043d\u0443\u0442\u044b"},"schema":{"@context":"https:\/\/schema.org","@graph":[{"@type":"WebPage","@id":"https:\/\/www.ortungsgerate.de\/12-versteckte-kameras\/versteckte-wifi-kamera-kristallkugel-360-drehbares-objektiv\/","url":"https:\/\/www.ortungsgerate.de\/12-versteckte-kameras\/versteckte-wifi-kamera-kristallkugel-360-drehbares-objektiv\/","name":"Versteckte WLAN Kamera Kristallkugel mit 330\u00b0 schwenkbarem Objektiv","isPartOf":{"@id":"https:\/\/www.ortungsgerate.de\/#website"},"primaryImageOfPage":{"@id":"https:\/\/www.ortungsgerate.de\/12-versteckte-kameras\/versteckte-wifi-kamera-kristallkugel-360-drehbares-objektiv\/#primaryimage"},"image":{"@id":"https:\/\/www.ortungsgerate.de\/12-versteckte-kameras\/versteckte-wifi-kamera-kristallkugel-360-drehbares-objektiv\/#primaryimage"},"thumbnailUrl":"https:\/\/www.ortungsgerate.de\/wp-content\/uploads\/kristolinis-rutulys-su-kamera-1.jpg","datePublished":"2024-02-07T09:45:07+00:00","dateModified":"2025-11-26T17:01:36+00:00","description":"Versteckte, getarnte Video\u00fcberwachungskamera. Mit schwenkbarem Objektiv bis 330 Grad. Hochwertige Bildqualit\u00e4t, M\u00f6glichkeit zur Live-Ansicht aus jedem Land der Welt","breadcrumb":{"@id":"https:\/\/www.ortungsgerate.de\/12-versteckte-kameras\/versteckte-wifi-kamera-kristallkugel-360-drehbares-objektiv\/#breadcrumb"},"inLanguage":"ru-RU","potentialAction":[{"@type":"ReadAction","target":["https:\/\/www.ortungsgerate.de\/12-versteckte-kameras\/versteckte-wifi-kamera-kristallkugel-360-drehbares-objektiv\/"]}]},{"@type":"ImageObject","inLanguage":"ru-RU","@id":"https:\/\/www.ortungsgerate.de\/12-versteckte-kameras\/versteckte-wifi-kamera-kristallkugel-360-drehbares-objektiv\/#primaryimage","url":"https:\/\/www.ortungsgerate.de\/wp-content\/uploads\/kristolinis-rutulys-su-kamera-1.jpg","contentUrl":"https:\/\/www.ortungsgerate.de\/wp-content\/uploads\/kristolinis-rutulys-su-kamera-1.jpg","width":458,"height":458,"caption":"Kristallkugel mit Kamera"},{"@type":"BreadcrumbList","@id":"https:\/\/www.ortungsgerate.de\/12-versteckte-kameras\/versteckte-wifi-kamera-kristallkugel-360-drehbares-objektiv\/#breadcrumb","itemListElement":[{"@type":"ListItem","position":1,"name":"Startseite","item":"https:\/\/www.ortungsgerate.de\/"},{"@type":"ListItem","position":2,"name":"Shop","item":"https:\/\/www.ortungsgerate.de\/shop\/"},{"@type":"ListItem","position":3,"name":"Versteckte WIFI-Kamera \u201eKristallkugel\u201c 360\u00b0 drehbares Objektiv"}]},{"@type":"WebSite","@id":"https:\/\/www.ortungsgerate.de\/#website","url":"https:\/\/www.ortungsgerate.de\/","name":"Ortungsgerate.de","description":"","publisher":{"@id":"https:\/\/www.ortungsgerate.de\/#organization"},"potentialAction":[{"@type":"SearchAction","target":{"@type":"EntryPoint","urlTemplate":"https:\/\/www.ortungsgerate.de\/?s={search_term_string}"},"query-input":{"@type":"PropertyValueSpecification","valueRequired":true,"valueName":"search_term_string"}}],"inLanguage":"ru-RU"},{"@type":"Organization","@id":"https:\/\/www.ortungsgerate.de\/#organization","name":"Ortungsgerate.de","url":"https:\/\/www.ortungsgerate.de\/","logo":{"@type":"ImageObject","inLanguage":"ru-RU","@id":"https:\/\/www.ortungsgerate.de\/#\/schema\/logo\/image\/","url":"https:\/\/www.ortungsgerate.de\/wp-content\/uploads\/ortungsgerate.png","contentUrl":"https:\/\/www.ortungsgerate.de\/wp-content\/uploads\/ortungsgerate.png","width":500,"height":135,"caption":"Ortungsgerate.de"},"image":{"@id":"https:\/\/www.ortungsgerate.de\/#\/schema\/logo\/image\/"}}]}},"_links":{"self":[{"href":"https:\/\/www.ortungsgerate.de\/ru\/wp-json\/wp\/v2\/product\/16456","targetHints":{"allow":["GET"]}}],"collection":[{"href":"https:\/\/www.ortungsgerate.de\/ru\/wp-json\/wp\/v2\/product"}],"about":[{"href":"https:\/\/www.ortungsgerate.de\/ru\/wp-json\/wp\/v2\/types\/product"}],"version-history":[{"count":0,"href":"https:\/\/www.ortungsgerate.de\/ru\/wp-json\/wp\/v2\/product\/16456\/revisions"}],"wp:featuredmedia":[{"embeddable":true,"href":"https:\/\/www.ortungsgerate.de\/ru\/wp-json\/wp\/v2\/media\/26439"}],"wp:attachment":[{"href":"https:\/\/www.ortungsgerate.de\/ru\/wp-json\/wp\/v2\/media?parent=16456"}],"wp:term":[{"taxonomy":"brand","embeddable":true,"href":"https:\/\/www.ortungsgerate.de\/ru\/wp-json\/wp\/v2\/etheme_brands?post=16456"},{"taxonomy":"product_brand","embeddable":true,"href":"https:\/\/www.ortungsgerate.de\/ru\/wp-json\/wp\/v2\/product_brand?post=16456"},{"taxonomy":"product_cat","embeddable":true,"href":"https:\/\/www.ortungsgerate.de\/ru\/wp-json\/wp\/v2\/product_cat?post=16456"},{"taxonomy":"product_tag","embeddable":true,"href":"https:\/\/www.ortungsgerate.de\/ru\/wp-json\/wp\/v2\/product_tag?post=16456"}],"curies":[{"name":"wp","href":"https:\/\/api.w.org\/{rel}","templated":true}]}}