{"id":16457,"date":"2024-02-06T21:37:07","date_gmt":"2024-02-06T19:37:07","guid":{"rendered":"https:\/\/ortungsgerate.de\/be-kategorijos\/pakrovejas-slapta-kamera-su-wi-fi\/"},"modified":"2025-12-01T11:26:01","modified_gmt":"2025-12-01T10:26:01","slug":"zaryadnoe-ustroystvo-s-skrytoy-kameroy-i-wi-fi","status":"publish","type":"product","link":"https:\/\/www.ortungsgerate.de\/ru\/12-skrytyje-kamery\/17-zamaskirovanyje-kamery\/zaryadnoe-ustroystvo-s-skrytoy-kameroy-i-wi-fi\/","title":{"rendered":"\u0417\u0430\u0440\u044f\u0434\u043d\u043e\u0435 \u0443\u0441\u0442\u0440\u043e\u0439\u0441\u0442\u0432\u043e \u0441 \u0441\u043a\u0440\u044b\u0442\u043e\u0439 \u043a\u0430\u043c\u0435\u0440\u043e\u0439 \u0438 Wi-Fi"},"content":{"rendered":"<p><strong>\u0410\u041a\u0426\u0418\u042f: Micro SD 32GB \u0432 \u043f\u043e\u0434\u0430\u0440\u043e\u043a<\/strong><\/p>\n<p><strong>\u0422\u0435\u0445\u043d\u0438\u0447\u0435\u0441\u043a\u0438\u0435 \u043f\u0430\u0440\u0430\u043c\u0435\u0442\u0440\u044b:<\/strong><\/p>\n<ul>\n<li>Unterst\u00fctzung von Speicherkarten: micro SD \/ SDHC bis 128GB (nicht enthalten)<\/li>\n<li>\u0412\u0438\u0434\u0435\u043e\u0437\u0430\u043f\u0438\u0441\u044c \u0441\u043e \u0437\u0432\u0443\u043a\u043e\u043c<\/li>\n<li>Aufnahmeresolution: Full HD 1920x1080px<\/li>\n<li>Modem-Imitation<\/li>\n<li>Videoformat: AVI | max. 25fps<\/li>\n<li>Bildaufl\u00f6sung: JPEG 1280 x  720 px<\/li>\n<li>Sichtwinkel: 120 \u00b0<\/li>\n<li>Ton: Mikrofon mit Rauschunterdr\u00fcckungsfunktion<\/li>\n<li>\u0421\u0442\u0430\u043d\u0434\u0430\u0440\u0442 \u043f\u043e\u0434\u043a\u043b\u044e\u0447\u0435\u043d\u0438\u044f: USB<\/li>\n<li>Nachtsicht 6 Meter<\/li>\n<li>\u041e\u043d\u043b\u0430\u0439\u043d-\u043c\u043e\u043d\u0438\u0442\u043e\u0440\u0438\u043d\u0433 \u0447\u0435\u0440\u0435\u0437 \u0438\u043d\u0442\u0435\u0440\u043d\u0435\u0442 (\u0447\u0435\u0440\u0435\u0437 \u043c\u043e\u0431\u0438\u043b\u044c\u043d\u043e\u0435 \u043f\u0440\u0438\u043b\u043e\u0436\u0435\u043d\u0438\u0435)<\/li>\n<li>\u0414\u0430\u0442\u0447\u0438\u043a \u0434\u0432\u0438\u0436\u0435\u043d\u0438\u044f<\/li>\n<li>\u041f\u043e\u0441\u0442\u043e\u044f\u043d\u043d\u0430\u044f \u0432\u0438\u0434\u0435\u043e\u0437\u0430\u043f\u0438\u0441\u044c (\u0444\u0443\u043d\u043a\u0446\u0438\u044f \u043f\u0435\u0440\u0435\u0437\u0430\u043f\u0438\u0441\u0438)<\/li>\n<li>\u0412\u0438\u0434\u0435\u043e\u043a\u043e\u0434\u0438\u0440\u043e\u0432\u0430\u043d\u0438\u0435: H264<\/li>\n<li>Lieferumfang: Wifi-Kamera (Imitation), micro SD Kartenleser, USB-Kabel, Netzteil<\/li>\n<li>Abmessungen: 4,8 x 4,8 x 6,9 cm<\/li>\n<li><strong>\u0413\u0410\u0420\u0410\u041d\u0422\u0418\u042f 12 \u043c\u0435\u0441\u044f\u0446\u0435\u0432<\/strong><\/li>\n<\/ul>\n<p>Verwendung: Zum Schutz von Ihnen selbst und Ihrer Kinder.<\/p>\n<p><span lang=\"lt\">Der Einsatz von versteckten Kameras ist in sehr unterschiedlichen Situationen n\u00fctzlich: wenn Sie wissen m\u00f6chten, womit sich minderj\u00e4hrige Kinder besch\u00e4ftigen, wenn Sie sicherstellen wollen, dass \u00e4ltere Personen zu Hause in Sicherheit sind, usw. Eine versteckte Kamera hilft, unbemerkt Videoaufnahmen zu machen, die in Echtzeit \u00fcberwacht werden k\u00f6nnen. Obwohl versteckte Kameras oft mit Spionage assoziiert werden, kann eine solche M\u00f6glichkeit in vielen Situationen tats\u00e4chlich h\u00e4ufig die Sicherheit gew\u00e4hrleisten.<\/span><\/p>\n<p><strong><span lang=\"lt\">Breite Einsatzm\u00f6glichkeiten<\/span><\/strong><\/p>\n<p><span lang=\"lt\">Eine versteckte Kamera im Telefonladeger\u00e4t kann hilfreich sein, um die T\u00e4tigkeit eines Kinderm\u00e4dchens, einer Haushaltshilfe oder anderer Personen zu \u00fcberwachen, die in Ihr Zuhause kommen. Es ist ganz nat\u00fcrlich, dass unbekannte Personen nicht immer Vertrauen erwecken, daher hilft eine versteckte Kamera, m\u00f6gliche Diebst\u00e4hle oder andere Straftaten zu vermeiden. Jeder von uns hofft, dass eingestellte Mitarbeiter ehrlich sind und ihre Arbeit ordnungsgem\u00e4\u00df ausf\u00fchren, daher kann eine versteckte Kamera helfen, Zweifel auszur\u00e4umen. Manchmal bew\u00e4hrt sich der Einsatz versteckter Kameras auch in B\u00fcros oder anderen Einrichtungen: Wenn Zweifel an der Ehrlichkeit bestimmter Mitarbeiter aufkommen, kann dieses verdeckte Ger\u00e4t helfen, bestimmte Entscheidungen einfacher zu treffen. Eine versteckte Kamera kann helfen, bestimmte Beweise zu sammeln, die in einem Gerichtsverfahren oder einfach zum Nachweis der Unehrlichkeit bestimmter Personen n\u00fctzlich sein k\u00f6nnen. Versteckte Kameras werden auch dann eingesetzt, wenn die Sicherheit von Kindern oder \u00e4lteren Personen gew\u00e4hrleistet werden soll: Mit einer solchen Kamera k\u00f6nnen Sie erfahren, was sie tun, wenn sie allein gelassen werden, sodass sich m\u00f6gliche Unf\u00e4lle verhindern lassen.<\/span><\/p>\n<p><strong><span lang=\"lt\">Unauff\u00e4lliges Ger\u00e4t<\/span><\/strong><\/p>\n<p><span lang=\"lt\">Getarnte versteckte Kameras sind immer dann n\u00fctzlich, wenn Videoaufnahmen unbemerkt gemacht werden sollen. Eine versteckte Kamera im Ladeger\u00e4t eines Mobiltelefons kann eine wirklich vorteilhafte Wahl sein: Sogar 90 Prozent der Menschen lassen das Ladeger\u00e4t ihres Mobiltelefons in der Steckdose eingesteckt, sodass niemand vermuten wird, dass dieses Ger\u00e4t zur Videoaufzeichnung dient. Die versteckte Kamera sieht exakt so aus wie ein gew\u00f6hnliches Mobiltelefon-Ladeger\u00e4t, daher wird sie bei den sich im Raum aufhaltenden Personen keinen Verdacht erregen.<\/span><\/p>\n<p><strong><span lang=\"lt\">Ausgezeichnete Bild- und Tonqualit\u00e4t<\/span><\/strong><\/p>\n<p><span lang=\"lt\">Die versteckte Kamera hilft nicht nur dabei, das Bild aufzuzeichnen, sondern nimmt auch den Ton auf, der ausreichend klar sein wird. Obwohl oft bef\u00fcrchtet wird, dass versteckte Kameras keine hochwertige Bild- und Tonqualit\u00e4t gew\u00e4hrleisten k\u00f6nnen, werden Sie sich selbst davon \u00fcberzeugen, dass es keinerlei Grund zur Sorge gibt. Die im Telefonladeger\u00e4t getarnte Kamera kann sicherstellen, dass Ton und Bild so klar wie m\u00f6glich sind, sodass Sie nicht nur sehen, sondern auch h\u00f6ren, was im Raum geschieht.<\/span><\/p>\n<p><strong><span lang=\"lt\">Noch komfortabler zu verwenden<\/span><\/strong><\/p>\n<p><span lang=\"lt\">Moderne versteckte Kameras \u00fcberzeugen dadurch, dass die aufgezeichneten Videos in Echtzeit verfolgt werden k\u00f6nnen, was hilft, m\u00f6gliche Unf\u00e4lle zu verhindern. Das Ladeger\u00e4t mit versteckter Kamera kann mit einem Wi-Fi-Netzwerk konfiguriert werden, sodass die aufgezeichneten Daten sofort eingesehen werden k\u00f6nnen, sobald Bedarf besteht. Sie k\u00f6nnen die Videoaufnahmen jederzeit ansehen, wann immer Sie m\u00f6chten, oder dann, wenn im Raum eine Bewegung erkannt wird: Wenn sich jemand im Raum zu bewegen beginnt, erhalten Sie eine Benachrichtigung auf Ihr Mobiltelefon, sodass Sie die Video\u00fcbertragung sofort einschalten k\u00f6nnen.<\/span><\/p>\n<p><strong><span lang=\"lt\">Gro\u00dfer Speicherkartenkapazit\u00e4t<\/span><\/strong><\/p>\n<p><span lang=\"lt\">Wenn geplant ist, die versteckte Kamera recht h\u00e4ufig zu nutzen, ist es selbstverst\u00e4ndlich, dass sich oft die Frage stellt, ob dieses Ger\u00e4t eine ausreichend gro\u00dfe Speicherkarte unterst\u00fctzen kann. Die versteckte Kamera im Telefonladeger\u00e4t kann eine wirklich vorteilhafte Wahl sein, da dieses Ger\u00e4t Speicherkarten mit bis zu 128 GB unterst\u00fctzt. Sie k\u00f6nnen sicher sein, dass Sie bei der Nutzung dieses verdeckten Aufnahmeger\u00e4ts keinerlei Unannehmlichkeiten aufgrund eines zu geringen Speichers erleben werden, sodass Sie nichts Wichtiges verpassen und Ihre Zweifel ausr\u00e4umen k\u00f6nnen.<\/span><\/p>","protected":false},"excerpt":{"rendered":"<p>AKTION: Micro SD 32GB als Geschenk Technische Parameter: Unterst\u00fctzung von Speicherkarten: micro SD \/ SDHC bis 128GB (nicht enthalten) Videoaufzeichnung mit Ton Aufnahmeresolution: Full HD&#8230;<\/p>","protected":false},"featured_media":26381,"template":"","meta":[],"etheme_brands":[],"product_brand":[],"product_cat":[204,203,205],"product_tag":[42,707,705,690,693],"class_list":{"0":"post-16457","1":"product","2":"type-product","3":"status-publish","4":"has-post-thumbnail","6":"product_cat-17-getarnte-kameras","7":"product_cat-12-versteckte-kameras","8":"product_cat-27-wlan-minikameras","9":"product_tag-kamera","10":"product_tag-kamera-uhr","11":"product_tag-ueberwachungskamera","12":"product_tag-versteckte-kamera","13":"product_tag-wlan-kamera","14":"pa_typ-ladegeraete-verlaengerungskabel-mehrfachsteckdosen","16":"first","17":"instock","18":"taxable","19":"shipping-taxable","20":"purchasable","21":"product-type-simple"},"yoast_head":"<!-- This site is optimized with the Yoast SEO Premium plugin v25.9 (Yoast SEO v27.4) - https:\/\/yoast.com\/product\/yoast-seo-premium-wordpress\/ -->\n<title>Ladeger\u00e4t mit getarnter versteckter WI FI-Kamera<\/title>\n<meta name=\"description\" content=\"Diese Kamera erregt keine Aufmerksamkeit. Einfache Bedienung, es gibt eine mobile App f\u00fcr iPhone und Android. Das Bild k\u00f6nnen Sie aus der Ferne \u00fcberwachen. Hohe Bild- und Tonqualit\u00e4t\" \/>\n<meta name=\"robots\" content=\"index, follow, max-snippet:-1, max-image-preview:large, max-video-preview:-1\" \/>\n<link rel=\"canonical\" href=\"https:\/\/www.ortungsgerate.de\/ru\/12-skrytyje-kamery\/27-wlan-mini-kamery\/zaryadnoe-ustroystvo-s-skrytoy-kameroy-i-wi-fi\/\" \/>\n<meta property=\"og:locale\" content=\"ru_RU\" \/>\n<meta property=\"og:type\" content=\"article\" \/>\n<meta property=\"og:title\" content=\"Ladeger\u00e4t mit versteckter Kamera und WLAN\" \/>\n<meta property=\"og:description\" content=\"Diese Kamera erregt keine Aufmerksamkeit. Einfache Bedienung, es gibt eine mobile App f\u00fcr iPhone und Android. Das Bild k\u00f6nnen Sie aus der Ferne \u00fcberwachen. Hohe Bild- und Tonqualit\u00e4t\" \/>\n<meta property=\"og:url\" content=\"https:\/\/www.ortungsgerate.de\/ru\/12-skrytyje-kamery\/27-wlan-mini-kamery\/zaryadnoe-ustroystvo-s-skrytoy-kameroy-i-wi-fi\/\" \/>\n<meta property=\"og:site_name\" content=\"Ortungsger\u00e4te.de\" \/>\n<meta property=\"article:modified_time\" content=\"2025-12-01T10:26:01+00:00\" \/>\n<meta property=\"og:image\" content=\"https:\/\/www.ortungsgerate.de\/wp-content\/uploads\/telefono-pakrovejas-slapta-vaizdo-kamera.jpg\" \/>\n\t<meta property=\"og:image:width\" content=\"800\" \/>\n\t<meta property=\"og:image:height\" content=\"800\" \/>\n\t<meta property=\"og:image:type\" content=\"image\/jpeg\" \/>\n<meta name=\"twitter:card\" content=\"summary_large_image\" \/>\n<meta name=\"twitter:label1\" content=\"\u041f\u0440\u0438\u043c\u0435\u0440\u043d\u043e\u0435 \u0432\u0440\u0435\u043c\u044f \u0434\u043b\u044f \u0447\u0442\u0435\u043d\u0438\u044f\" \/>\n\t<meta name=\"twitter:data1\" content=\"4 \u043c\u0438\u043d\u0443\u0442\u044b\" \/>\n<script type=\"application\/ld+json\" class=\"yoast-schema-graph\">{\"@context\":\"https:\\\/\\\/schema.org\",\"@graph\":[{\"@type\":\"WebPage\",\"@id\":\"https:\\\/\\\/www.ortungsgerate.de\\\/12-versteckte-kameras\\\/27-wlan-minikameras\\\/ladegeraet-mit-versteckter-kamera-und-wlan\\\/\",\"url\":\"https:\\\/\\\/www.ortungsgerate.de\\\/12-versteckte-kameras\\\/27-wlan-minikameras\\\/ladegeraet-mit-versteckter-kamera-und-wlan\\\/\",\"name\":\"Ladeger\u00e4t mit getarnter versteckter WI FI-Kamera\",\"isPartOf\":{\"@id\":\"https:\\\/\\\/www.ortungsgerate.de\\\/#website\"},\"primaryImageOfPage\":{\"@id\":\"https:\\\/\\\/www.ortungsgerate.de\\\/12-versteckte-kameras\\\/27-wlan-minikameras\\\/ladegeraet-mit-versteckter-kamera-und-wlan\\\/#primaryimage\"},\"image\":{\"@id\":\"https:\\\/\\\/www.ortungsgerate.de\\\/12-versteckte-kameras\\\/27-wlan-minikameras\\\/ladegeraet-mit-versteckter-kamera-und-wlan\\\/#primaryimage\"},\"thumbnailUrl\":\"https:\\\/\\\/www.ortungsgerate.de\\\/wp-content\\\/uploads\\\/telefono-pakrovejas-slapta-vaizdo-kamera.jpg\",\"datePublished\":\"2024-02-06T19:37:07+00:00\",\"dateModified\":\"2025-12-01T10:26:01+00:00\",\"description\":\"Diese Kamera erregt keine Aufmerksamkeit. Einfache Bedienung, es gibt eine mobile App f\u00fcr iPhone und Android. Das Bild k\u00f6nnen Sie aus der Ferne \u00fcberwachen. Hohe Bild- und Tonqualit\u00e4t\",\"breadcrumb\":{\"@id\":\"https:\\\/\\\/www.ortungsgerate.de\\\/12-versteckte-kameras\\\/27-wlan-minikameras\\\/ladegeraet-mit-versteckter-kamera-und-wlan\\\/#breadcrumb\"},\"inLanguage\":\"ru-RU\",\"potentialAction\":[{\"@type\":\"ReadAction\",\"target\":[\"https:\\\/\\\/www.ortungsgerate.de\\\/12-versteckte-kameras\\\/27-wlan-minikameras\\\/ladegeraet-mit-versteckter-kamera-und-wlan\\\/\"]}]},{\"@type\":\"ImageObject\",\"inLanguage\":\"ru-RU\",\"@id\":\"https:\\\/\\\/www.ortungsgerate.de\\\/12-versteckte-kameras\\\/27-wlan-minikameras\\\/ladegeraet-mit-versteckter-kamera-und-wlan\\\/#primaryimage\",\"url\":\"https:\\\/\\\/www.ortungsgerate.de\\\/wp-content\\\/uploads\\\/telefono-pakrovejas-slapta-vaizdo-kamera.jpg\",\"contentUrl\":\"https:\\\/\\\/www.ortungsgerate.de\\\/wp-content\\\/uploads\\\/telefono-pakrovejas-slapta-vaizdo-kamera.jpg\",\"width\":800,\"height\":800,\"caption\":\"Telefonladeger\u00e4t versteckte Videokamera\"},{\"@type\":\"BreadcrumbList\",\"@id\":\"https:\\\/\\\/www.ortungsgerate.de\\\/12-versteckte-kameras\\\/27-wlan-minikameras\\\/ladegeraet-mit-versteckter-kamera-und-wlan\\\/#breadcrumb\",\"itemListElement\":[{\"@type\":\"ListItem\",\"position\":1,\"name\":\"Startseite\",\"item\":\"https:\\\/\\\/www.ortungsgerate.de\\\/\"},{\"@type\":\"ListItem\",\"position\":2,\"name\":\"Shop\",\"item\":\"https:\\\/\\\/www.ortungsgerate.de\\\/shop\\\/\"},{\"@type\":\"ListItem\",\"position\":3,\"name\":\"Ladeger\u00e4t mit versteckter Kamera und WLAN\"}]},{\"@type\":\"WebSite\",\"@id\":\"https:\\\/\\\/www.ortungsgerate.de\\\/#website\",\"url\":\"https:\\\/\\\/www.ortungsgerate.de\\\/\",\"name\":\"Ortungsgerate.de\",\"description\":\"\",\"publisher\":{\"@id\":\"https:\\\/\\\/www.ortungsgerate.de\\\/#organization\"},\"potentialAction\":[{\"@type\":\"SearchAction\",\"target\":{\"@type\":\"EntryPoint\",\"urlTemplate\":\"https:\\\/\\\/www.ortungsgerate.de\\\/?s={search_term_string}\"},\"query-input\":{\"@type\":\"PropertyValueSpecification\",\"valueRequired\":true,\"valueName\":\"search_term_string\"}}],\"inLanguage\":\"ru-RU\"},{\"@type\":\"Organization\",\"@id\":\"https:\\\/\\\/www.ortungsgerate.de\\\/#organization\",\"name\":\"Ortungsgerate.de\",\"url\":\"https:\\\/\\\/www.ortungsgerate.de\\\/\",\"logo\":{\"@type\":\"ImageObject\",\"inLanguage\":\"ru-RU\",\"@id\":\"https:\\\/\\\/www.ortungsgerate.de\\\/#\\\/schema\\\/logo\\\/image\\\/\",\"url\":\"https:\\\/\\\/www.ortungsgerate.de\\\/wp-content\\\/uploads\\\/ortungsgerate.png\",\"contentUrl\":\"https:\\\/\\\/www.ortungsgerate.de\\\/wp-content\\\/uploads\\\/ortungsgerate.png\",\"width\":500,\"height\":135,\"caption\":\"Ortungsgerate.de\"},\"image\":{\"@id\":\"https:\\\/\\\/www.ortungsgerate.de\\\/#\\\/schema\\\/logo\\\/image\\\/\"}}]}<\/script>\n<!-- \/ Yoast SEO Premium plugin. -->","yoast_head_json":{"title":"Ladeger\u00e4t mit getarnter versteckter WI FI-Kamera","description":"Diese Kamera erregt keine Aufmerksamkeit. Einfache Bedienung, es gibt eine mobile App f\u00fcr iPhone und Android. Das Bild k\u00f6nnen Sie aus der Ferne \u00fcberwachen. Hohe Bild- und Tonqualit\u00e4t","robots":{"index":"index","follow":"follow","max-snippet":"max-snippet:-1","max-image-preview":"max-image-preview:large","max-video-preview":"max-video-preview:-1"},"canonical":"https:\/\/www.ortungsgerate.de\/ru\/12-skrytyje-kamery\/27-wlan-mini-kamery\/zaryadnoe-ustroystvo-s-skrytoy-kameroy-i-wi-fi\/","og_locale":"ru_RU","og_type":"article","og_title":"Ladeger\u00e4t mit versteckter Kamera und WLAN","og_description":"Diese Kamera erregt keine Aufmerksamkeit. Einfache Bedienung, es gibt eine mobile App f\u00fcr iPhone und Android. Das Bild k\u00f6nnen Sie aus der Ferne \u00fcberwachen. Hohe Bild- und Tonqualit\u00e4t","og_url":"https:\/\/www.ortungsgerate.de\/ru\/12-skrytyje-kamery\/27-wlan-mini-kamery\/zaryadnoe-ustroystvo-s-skrytoy-kameroy-i-wi-fi\/","og_site_name":"Ortungsger\u00e4te.de","article_modified_time":"2025-12-01T10:26:01+00:00","og_image":[{"width":800,"height":800,"url":"https:\/\/www.ortungsgerate.de\/wp-content\/uploads\/telefono-pakrovejas-slapta-vaizdo-kamera.jpg","type":"image\/jpeg"}],"twitter_card":"summary_large_image","twitter_misc":{"\u041f\u0440\u0438\u043c\u0435\u0440\u043d\u043e\u0435 \u0432\u0440\u0435\u043c\u044f \u0434\u043b\u044f \u0447\u0442\u0435\u043d\u0438\u044f":"4 \u043c\u0438\u043d\u0443\u0442\u044b"},"schema":{"@context":"https:\/\/schema.org","@graph":[{"@type":"WebPage","@id":"https:\/\/www.ortungsgerate.de\/12-versteckte-kameras\/27-wlan-minikameras\/ladegeraet-mit-versteckter-kamera-und-wlan\/","url":"https:\/\/www.ortungsgerate.de\/12-versteckte-kameras\/27-wlan-minikameras\/ladegeraet-mit-versteckter-kamera-und-wlan\/","name":"Ladeger\u00e4t mit getarnter versteckter WI FI-Kamera","isPartOf":{"@id":"https:\/\/www.ortungsgerate.de\/#website"},"primaryImageOfPage":{"@id":"https:\/\/www.ortungsgerate.de\/12-versteckte-kameras\/27-wlan-minikameras\/ladegeraet-mit-versteckter-kamera-und-wlan\/#primaryimage"},"image":{"@id":"https:\/\/www.ortungsgerate.de\/12-versteckte-kameras\/27-wlan-minikameras\/ladegeraet-mit-versteckter-kamera-und-wlan\/#primaryimage"},"thumbnailUrl":"https:\/\/www.ortungsgerate.de\/wp-content\/uploads\/telefono-pakrovejas-slapta-vaizdo-kamera.jpg","datePublished":"2024-02-06T19:37:07+00:00","dateModified":"2025-12-01T10:26:01+00:00","description":"Diese Kamera erregt keine Aufmerksamkeit. Einfache Bedienung, es gibt eine mobile App f\u00fcr iPhone und Android. Das Bild k\u00f6nnen Sie aus der Ferne \u00fcberwachen. Hohe Bild- und Tonqualit\u00e4t","breadcrumb":{"@id":"https:\/\/www.ortungsgerate.de\/12-versteckte-kameras\/27-wlan-minikameras\/ladegeraet-mit-versteckter-kamera-und-wlan\/#breadcrumb"},"inLanguage":"ru-RU","potentialAction":[{"@type":"ReadAction","target":["https:\/\/www.ortungsgerate.de\/12-versteckte-kameras\/27-wlan-minikameras\/ladegeraet-mit-versteckter-kamera-und-wlan\/"]}]},{"@type":"ImageObject","inLanguage":"ru-RU","@id":"https:\/\/www.ortungsgerate.de\/12-versteckte-kameras\/27-wlan-minikameras\/ladegeraet-mit-versteckter-kamera-und-wlan\/#primaryimage","url":"https:\/\/www.ortungsgerate.de\/wp-content\/uploads\/telefono-pakrovejas-slapta-vaizdo-kamera.jpg","contentUrl":"https:\/\/www.ortungsgerate.de\/wp-content\/uploads\/telefono-pakrovejas-slapta-vaizdo-kamera.jpg","width":800,"height":800,"caption":"Telefonladeger\u00e4t versteckte Videokamera"},{"@type":"BreadcrumbList","@id":"https:\/\/www.ortungsgerate.de\/12-versteckte-kameras\/27-wlan-minikameras\/ladegeraet-mit-versteckter-kamera-und-wlan\/#breadcrumb","itemListElement":[{"@type":"ListItem","position":1,"name":"Startseite","item":"https:\/\/www.ortungsgerate.de\/"},{"@type":"ListItem","position":2,"name":"Shop","item":"https:\/\/www.ortungsgerate.de\/shop\/"},{"@type":"ListItem","position":3,"name":"Ladeger\u00e4t mit versteckter Kamera und WLAN"}]},{"@type":"WebSite","@id":"https:\/\/www.ortungsgerate.de\/#website","url":"https:\/\/www.ortungsgerate.de\/","name":"Ortungsgerate.de","description":"","publisher":{"@id":"https:\/\/www.ortungsgerate.de\/#organization"},"potentialAction":[{"@type":"SearchAction","target":{"@type":"EntryPoint","urlTemplate":"https:\/\/www.ortungsgerate.de\/?s={search_term_string}"},"query-input":{"@type":"PropertyValueSpecification","valueRequired":true,"valueName":"search_term_string"}}],"inLanguage":"ru-RU"},{"@type":"Organization","@id":"https:\/\/www.ortungsgerate.de\/#organization","name":"Ortungsgerate.de","url":"https:\/\/www.ortungsgerate.de\/","logo":{"@type":"ImageObject","inLanguage":"ru-RU","@id":"https:\/\/www.ortungsgerate.de\/#\/schema\/logo\/image\/","url":"https:\/\/www.ortungsgerate.de\/wp-content\/uploads\/ortungsgerate.png","contentUrl":"https:\/\/www.ortungsgerate.de\/wp-content\/uploads\/ortungsgerate.png","width":500,"height":135,"caption":"Ortungsgerate.de"},"image":{"@id":"https:\/\/www.ortungsgerate.de\/#\/schema\/logo\/image\/"}}]}},"_links":{"self":[{"href":"https:\/\/www.ortungsgerate.de\/ru\/wp-json\/wp\/v2\/product\/16457","targetHints":{"allow":["GET"]}}],"collection":[{"href":"https:\/\/www.ortungsgerate.de\/ru\/wp-json\/wp\/v2\/product"}],"about":[{"href":"https:\/\/www.ortungsgerate.de\/ru\/wp-json\/wp\/v2\/types\/product"}],"version-history":[{"count":0,"href":"https:\/\/www.ortungsgerate.de\/ru\/wp-json\/wp\/v2\/product\/16457\/revisions"}],"wp:featuredmedia":[{"embeddable":true,"href":"https:\/\/www.ortungsgerate.de\/ru\/wp-json\/wp\/v2\/media\/26381"}],"wp:attachment":[{"href":"https:\/\/www.ortungsgerate.de\/ru\/wp-json\/wp\/v2\/media?parent=16457"}],"wp:term":[{"taxonomy":"brand","embeddable":true,"href":"https:\/\/www.ortungsgerate.de\/ru\/wp-json\/wp\/v2\/etheme_brands?post=16457"},{"taxonomy":"product_brand","embeddable":true,"href":"https:\/\/www.ortungsgerate.de\/ru\/wp-json\/wp\/v2\/product_brand?post=16457"},{"taxonomy":"product_cat","embeddable":true,"href":"https:\/\/www.ortungsgerate.de\/ru\/wp-json\/wp\/v2\/product_cat?post=16457"},{"taxonomy":"product_tag","embeddable":true,"href":"https:\/\/www.ortungsgerate.de\/ru\/wp-json\/wp\/v2\/product_tag?post=16457"}],"curies":[{"name":"wp","href":"https:\/\/api.w.org\/{rel}","templated":true}]}}