{"id":16458,"date":"2024-02-06T21:39:07","date_gmt":"2024-02-06T19:39:07","guid":{"rendered":"https:\/\/ortungsgerate.de\/be-kategorijos\/medziokles-kamera-4g-su-sim-27k-video-14mp-nuotraukos-saules-panele\/"},"modified":"2025-11-26T19:05:56","modified_gmt":"2025-11-26T17:05:56","slug":"4g-okhotnichya-kamera-s-sim-27k-video-14mp-foto-solnechnaya-panel","status":"publish","type":"product","link":"https:\/\/www.ortungsgerate.de\/ru\/12-skrytyje-kamery\/30-4g-kamery-2\/4g-okhotnichya-kamera-s-sim-27k-video-14mp-foto-solnechnaya-panel\/","title":{"rendered":"4G \u043e\u0445\u043e\u0442\u043d\u0438\u0447\u044c\u044f \u043a\u0430\u043c\u0435\u0440\u0430 \u0441 SIM 2,7K \u0432\u0438\u0434\u0435\u043e 14MP \u0444\u043e\u0442\u043e + \u0441\u043e\u043b\u043d\u0435\u0447\u043d\u0430\u044f \u043f\u0430\u043d\u0435\u043b\u044c"},"content":{"rendered":"<h3><strong>\u0422\u0435\u0445\u043d\u0438\u0447\u0435\u0441\u043a\u0438\u0435 \u043f\u0430\u0440\u0430\u043c\u0435\u0442\u0440\u044b:<\/strong><\/h3>\n<ul>\n<li>Fernansicht: JA<\/li>\n<li>Standby-Zeit 150 Tage<\/li>\n<li>5 MP Kamera<\/li>\n<li>14 MP Fotos<\/li>\n<li>Besonders schnelles PIR-Ausl\u00f6sen 0,5 s<\/li>\n<li>IP66 Wasserschutz<\/li>\n<li>IR leuchtet nachts nicht<\/li>\n<li>Funktioniert auch ohne Solarpanel<\/li>\n<li>HD 2.7K Video<\/li>\n<li>Live-Audioabh\u00f6rung m\u00f6glich<\/li>\n<li>Videoaufnahmen mit Ton<\/li>\n<li>Bewegungserkennung PIR 15\u201320 Meter<\/li>\n<li>Mehrfach wiederaufladbarer Akku 10.400 mAh<\/li>\n<li>Solarpanel<\/li>\n<li>Bildaufzeichnung mit Ton<\/li>\n<li>PIR-Sensor mit erh\u00f6hter Empfindlichkeit<\/li>\n<li>Unterst\u00fctzt Speicherkarten bis 128 GB<\/li>\n<li>Netzwerk: GSM 4G, SIM-Karte mit Internet wird eingelegt<\/li>\n<li>Bildansicht m\u00f6glich \u00fcber: Telefon<\/li>\n<li>Benachrichtigungen aufs Telefon: Vorhanden<\/li>\n<li>SIM-Karten-Slot: Vorhanden<\/li>\n<li>Bewegungserkennungsmodus: JA<\/li>\n<li>\u00dcberwachungswinkel: 100\u00b0<\/li>\n<li>\u0424\u043e\u0440\u043c\u0430\u0442 \u0441\u0436\u0430\u0442\u0438\u044f: AVI H.265<\/li>\n<li>Unterst\u00fctzte Systeme: iOS, Android<\/li>\n<li>Stromversorgungsarten: interner Akku oder Solarpanel (im Lieferumfang)<\/li>\n<li>Aufnahmesteuerung: \u00fcber jedes Smartger\u00e4t (Telefon, Computer oder Tablet).<\/li>\n<li>\u0413\u0430\u0440\u0430\u043d\u0442\u0438\u044f 12 \u043c\u0435\u0441\u044f\u0446\u0435\u0432<\/li>\n<\/ul>\n<p>&nbsp;<\/p>\n<p>&nbsp;<\/p>\n<p>\u042d\u0442\u0438 <a href=\"https:\/\/www.ortungsgerate.de\/ru\/38-lesnije-kamery-fotolovushki-4g\/\">Jagdkamera<\/a> ist ein hervorragendes Werkzeug zur Naturbeobachtung, da sie hochwertige 14 MP Fotos und HD 2.7K Videoaufnahmen mit Ton liefert und so erm\u00f6glicht, das Leben der Tiere in ihrer nat\u00fcrlichen Umgebung zu genie\u00dfen. Das Live-Bild kann in Echtzeit \u00fcber ein Smartphone \u00fcberwacht werden.<\/p>\n<p>Mit einer Standby-Zeit von bis zu 150 Tagen und einem mehrfach wiederaufladbaren 10.400 mAh Akku kann diese Kamera lange Zeit ohne zus\u00e4tzliches Aufladen betrieben werden. Das im Lieferumfang enthaltene Solarpanel sorgt f\u00fcr eine zus\u00e4tzliche Energiequelle.<\/p>\n<p>Die PIR (Passive Infrared) Bewegungserkennungstechnologie mit besonders schneller Ausl\u00f6sezeit von 0,5 Sekunden und einem Erfassungsbereich von 15\u201320 Metern stellt sicher, dass auch sich schnell bewegende Objekte erfasst werden. Der PIR-Sensor mit erh\u00f6hter Empfindlichkeit in Kombination mit einem \u00dcberwachungswinkel von 100\u00b0 gew\u00e4hrleistet eine breite und effektive Gebietsabdeckung.<\/p>\n<p>Die Kamera verf\u00fcgt au\u00dferdem \u00fcber die Schutzklasse IP66, wodurch sie nicht nur gegen Regen, sondern auch gegen andere \u00e4u\u00dfere Einfl\u00fcsse resistent ist und den Einsatz des Ger\u00e4ts unter verschiedensten Wetterbedingungen erm\u00f6glicht. Die IR-Nachtsichttechnologie sorgt f\u00fcr ein klares Bild selbst bei v\u00f6lliger Dunkelheit, ohne dass die Kamera f\u00fcr Tiere sichtbar wird.<\/p>\n<p>Die M\u00f6glichkeit, Umgebungsger\u00e4usche live abzuh\u00f6ren, sowie Videoaufnahmen mit Ton bieten ein noch intensiveres Eintauchen in die Naturbeobachtung. Das Ger\u00e4t unterst\u00fctzt Speicherkarten bis 128 GB und bietet damit ausreichend Platz zur Speicherung langfristiger Aufnahmen. Die GSM 4G Verbindung mit SIM-Karten-Slot und Internetzugang erm\u00f6glicht eine einfache Daten\u00fcbertragung und den Empfang von Benachrichtigungen \u00fcber erkannte Bewegungen direkt auf das Telefon.<\/p>\n<p>Die Stromversorgung \u00fcber den internen Akku oder das Solarpanel sowie die Unterst\u00fctzung von iOS- und Android-Systemen gew\u00e4hrleisten Flexibilit\u00e4t und Komfort bei der Nutzung dieser Kamera. Die Aufnahmesteuerung ist \u00fcber jedes Smartger\u00e4t m\u00f6glich und bietet dem Anwender vollst\u00e4ndige Kontrolle, jederzeit und \u00fcberall. Die 12-monatige Garantie vermittelt zus\u00e4tzliches Sicherheitsgef\u00fchl beim Kauf dieser hochwertigen Jagdkamera.<\/p>","protected":false},"excerpt":{"rendered":"<p>Technische Parameter: Fernansicht: JA Standby-Zeit 150 Tage 5 MP Kamera 14 MP Fotos Besonders schnelles PIR-Ausl\u00f6sen 0,5 s IP66 Wasserschutz IR leuchtet nachts nicht Funktioniert&#8230;<\/p>","protected":false},"featured_media":26466,"template":"","meta":[],"etheme_brands":[],"product_brand":[],"product_cat":[219,224,203,226],"product_tag":[750,751,687,739,705,690,691,693],"class_list":{"0":"post-16458","1":"product","2":"type-product","3":"status-publish","4":"has-post-thumbnail","6":"product_cat-30-4g-kameras","7":"product_cat-36-aussenkameras-4g-wlan","8":"product_cat-12-versteckte-kameras","9":"product_cat-38-wildkameras-4g","10":"product_tag-jagd-skamera","11":"product_tag-jagdkamera","12":"product_tag-kamera-zur-ueberwachung","13":"product_tag-spionagekamera","14":"product_tag-ueberwachungskamera","15":"product_tag-versteckte-kamera","16":"product_tag-versteckte-ueberwachungskamera","17":"product_tag-wlan-kamera","18":"pa_typ-jagd-outdoor","20":"first","21":"instock","22":"taxable","23":"shipping-taxable","24":"purchasable","25":"product-type-simple"},"yoast_head":"<!-- This site is optimized with the Yoast SEO Premium plugin v25.9 (Yoast SEO v27.4) - https:\/\/yoast.com\/product\/yoast-seo-premium-wordpress\/ -->\n<title>4G Jagdkamera mit PIR 0,5s. 14MP Kamera Video 2,7K 104000mAh<\/title>\n<meta name=\"description\" content=\"Jagdkamera mit besonders langer Betriebsdauer, mit 4G\u2011Modul, 2.7K\u2011Video. Einfache Bedienung, gro\u00dfe Auswahl an Jagdkameras. Ortungsger\u00e4te zum niedrigen Preis\" \/>\n<meta name=\"robots\" content=\"index, follow, max-snippet:-1, max-image-preview:large, max-video-preview:-1\" \/>\n<link rel=\"canonical\" href=\"https:\/\/www.ortungsgerate.de\/ru\/12-skrytyje-kamery\/38-lesnije-kamery-fotolovushki-4g\/4g-okhotnichya-kamera-s-sim-27k-video-14mp-foto-solnechnaya-panel\/\" \/>\n<meta property=\"og:locale\" content=\"ru_RU\" \/>\n<meta property=\"og:type\" content=\"article\" \/>\n<meta property=\"og:title\" content=\"4G Jagdkamera mit SIM 2,7K Video 14MP Fotos + Solarpanel\" \/>\n<meta property=\"og:description\" content=\"Jagdkamera mit besonders langer Betriebsdauer, mit 4G\u2011Modul, 2.7K\u2011Video. Einfache Bedienung, gro\u00dfe Auswahl an Jagdkameras. Ortungsger\u00e4te zum niedrigen Preis\" \/>\n<meta property=\"og:url\" content=\"https:\/\/www.ortungsgerate.de\/ru\/12-skrytyje-kamery\/38-lesnije-kamery-fotolovushki-4g\/4g-okhotnichya-kamera-s-sim-27k-video-14mp-foto-solnechnaya-panel\/\" \/>\n<meta property=\"og:site_name\" content=\"Ortungsger\u00e4te.de\" \/>\n<meta property=\"article:modified_time\" content=\"2025-11-26T17:05:56+00:00\" \/>\n<meta property=\"og:image\" content=\"https:\/\/www.ortungsgerate.de\/wp-content\/uploads\/4g-medziokles-kamera-su-sim-kortele-medziokline-kamera.jpg\" \/>\n\t<meta property=\"og:image:width\" content=\"532\" \/>\n\t<meta property=\"og:image:height\" content=\"564\" \/>\n\t<meta property=\"og:image:type\" content=\"image\/jpeg\" \/>\n<meta name=\"twitter:card\" content=\"summary_large_image\" \/>\n<meta name=\"twitter:label1\" content=\"\u041f\u0440\u0438\u043c\u0435\u0440\u043d\u043e\u0435 \u0432\u0440\u0435\u043c\u044f \u0434\u043b\u044f \u0447\u0442\u0435\u043d\u0438\u044f\" \/>\n\t<meta name=\"twitter:data1\" content=\"3 \u043c\u0438\u043d\u0443\u0442\u044b\" \/>\n<script type=\"application\/ld+json\" class=\"yoast-schema-graph\">{\"@context\":\"https:\\\/\\\/schema.org\",\"@graph\":[{\"@type\":\"WebPage\",\"@id\":\"https:\\\/\\\/www.ortungsgerate.de\\\/12-versteckte-kameras\\\/38-wildkameras-4g\\\/4g-jagdkamera-mit-sim-27k-video-14mp-fotos-solarpanel\\\/\",\"url\":\"https:\\\/\\\/www.ortungsgerate.de\\\/12-versteckte-kameras\\\/38-wildkameras-4g\\\/4g-jagdkamera-mit-sim-27k-video-14mp-fotos-solarpanel\\\/\",\"name\":\"4G Jagdkamera mit PIR 0,5s. 14MP Kamera Video 2,7K 104000mAh\",\"isPartOf\":{\"@id\":\"https:\\\/\\\/www.ortungsgerate.de\\\/#website\"},\"primaryImageOfPage\":{\"@id\":\"https:\\\/\\\/www.ortungsgerate.de\\\/12-versteckte-kameras\\\/38-wildkameras-4g\\\/4g-jagdkamera-mit-sim-27k-video-14mp-fotos-solarpanel\\\/#primaryimage\"},\"image\":{\"@id\":\"https:\\\/\\\/www.ortungsgerate.de\\\/12-versteckte-kameras\\\/38-wildkameras-4g\\\/4g-jagdkamera-mit-sim-27k-video-14mp-fotos-solarpanel\\\/#primaryimage\"},\"thumbnailUrl\":\"https:\\\/\\\/www.ortungsgerate.de\\\/wp-content\\\/uploads\\\/4g-medziokles-kamera-su-sim-kortele-medziokline-kamera.jpg\",\"datePublished\":\"2024-02-06T19:39:07+00:00\",\"dateModified\":\"2025-11-26T17:05:56+00:00\",\"description\":\"Jagdkamera mit besonders langer Betriebsdauer, mit 4G\u2011Modul, 2.7K\u2011Video. Einfache Bedienung, gro\u00dfe Auswahl an Jagdkameras. Ortungsger\u00e4te zum niedrigen Preis\",\"breadcrumb\":{\"@id\":\"https:\\\/\\\/www.ortungsgerate.de\\\/12-versteckte-kameras\\\/38-wildkameras-4g\\\/4g-jagdkamera-mit-sim-27k-video-14mp-fotos-solarpanel\\\/#breadcrumb\"},\"inLanguage\":\"ru-RU\",\"potentialAction\":[{\"@type\":\"ReadAction\",\"target\":[\"https:\\\/\\\/www.ortungsgerate.de\\\/12-versteckte-kameras\\\/38-wildkameras-4g\\\/4g-jagdkamera-mit-sim-27k-video-14mp-fotos-solarpanel\\\/\"]}]},{\"@type\":\"ImageObject\",\"inLanguage\":\"ru-RU\",\"@id\":\"https:\\\/\\\/www.ortungsgerate.de\\\/12-versteckte-kameras\\\/38-wildkameras-4g\\\/4g-jagdkamera-mit-sim-27k-video-14mp-fotos-solarpanel\\\/#primaryimage\",\"url\":\"https:\\\/\\\/www.ortungsgerate.de\\\/wp-content\\\/uploads\\\/4g-medziokles-kamera-su-sim-kortele-medziokline-kamera.jpg\",\"contentUrl\":\"https:\\\/\\\/www.ortungsgerate.de\\\/wp-content\\\/uploads\\\/4g-medziokles-kamera-su-sim-kortele-medziokline-kamera.jpg\",\"width\":532,\"height\":564,\"caption\":\"4G Jagdkamera mit SIM-Karte Jagdkamera\"},{\"@type\":\"BreadcrumbList\",\"@id\":\"https:\\\/\\\/www.ortungsgerate.de\\\/12-versteckte-kameras\\\/38-wildkameras-4g\\\/4g-jagdkamera-mit-sim-27k-video-14mp-fotos-solarpanel\\\/#breadcrumb\",\"itemListElement\":[{\"@type\":\"ListItem\",\"position\":1,\"name\":\"Startseite\",\"item\":\"https:\\\/\\\/www.ortungsgerate.de\\\/\"},{\"@type\":\"ListItem\",\"position\":2,\"name\":\"Shop\",\"item\":\"https:\\\/\\\/www.ortungsgerate.de\\\/shop\\\/\"},{\"@type\":\"ListItem\",\"position\":3,\"name\":\"4G Jagdkamera mit SIM 2,7K Video 14MP Fotos + Solarpanel\"}]},{\"@type\":\"WebSite\",\"@id\":\"https:\\\/\\\/www.ortungsgerate.de\\\/#website\",\"url\":\"https:\\\/\\\/www.ortungsgerate.de\\\/\",\"name\":\"Ortungsgerate.de\",\"description\":\"\",\"publisher\":{\"@id\":\"https:\\\/\\\/www.ortungsgerate.de\\\/#organization\"},\"potentialAction\":[{\"@type\":\"SearchAction\",\"target\":{\"@type\":\"EntryPoint\",\"urlTemplate\":\"https:\\\/\\\/www.ortungsgerate.de\\\/?s={search_term_string}\"},\"query-input\":{\"@type\":\"PropertyValueSpecification\",\"valueRequired\":true,\"valueName\":\"search_term_string\"}}],\"inLanguage\":\"ru-RU\"},{\"@type\":\"Organization\",\"@id\":\"https:\\\/\\\/www.ortungsgerate.de\\\/#organization\",\"name\":\"Ortungsgerate.de\",\"url\":\"https:\\\/\\\/www.ortungsgerate.de\\\/\",\"logo\":{\"@type\":\"ImageObject\",\"inLanguage\":\"ru-RU\",\"@id\":\"https:\\\/\\\/www.ortungsgerate.de\\\/#\\\/schema\\\/logo\\\/image\\\/\",\"url\":\"https:\\\/\\\/www.ortungsgerate.de\\\/wp-content\\\/uploads\\\/ortungsgerate.png\",\"contentUrl\":\"https:\\\/\\\/www.ortungsgerate.de\\\/wp-content\\\/uploads\\\/ortungsgerate.png\",\"width\":500,\"height\":135,\"caption\":\"Ortungsgerate.de\"},\"image\":{\"@id\":\"https:\\\/\\\/www.ortungsgerate.de\\\/#\\\/schema\\\/logo\\\/image\\\/\"}}]}<\/script>\n<!-- \/ Yoast SEO Premium plugin. -->","yoast_head_json":{"title":"4G Jagdkamera mit PIR 0,5s. 14MP Kamera Video 2,7K 104000mAh","description":"Jagdkamera mit besonders langer Betriebsdauer, mit 4G\u2011Modul, 2.7K\u2011Video. Einfache Bedienung, gro\u00dfe Auswahl an Jagdkameras. Ortungsger\u00e4te zum niedrigen Preis","robots":{"index":"index","follow":"follow","max-snippet":"max-snippet:-1","max-image-preview":"max-image-preview:large","max-video-preview":"max-video-preview:-1"},"canonical":"https:\/\/www.ortungsgerate.de\/ru\/12-skrytyje-kamery\/38-lesnije-kamery-fotolovushki-4g\/4g-okhotnichya-kamera-s-sim-27k-video-14mp-foto-solnechnaya-panel\/","og_locale":"ru_RU","og_type":"article","og_title":"4G Jagdkamera mit SIM 2,7K Video 14MP Fotos + Solarpanel","og_description":"Jagdkamera mit besonders langer Betriebsdauer, mit 4G\u2011Modul, 2.7K\u2011Video. Einfache Bedienung, gro\u00dfe Auswahl an Jagdkameras. Ortungsger\u00e4te zum niedrigen Preis","og_url":"https:\/\/www.ortungsgerate.de\/ru\/12-skrytyje-kamery\/38-lesnije-kamery-fotolovushki-4g\/4g-okhotnichya-kamera-s-sim-27k-video-14mp-foto-solnechnaya-panel\/","og_site_name":"Ortungsger\u00e4te.de","article_modified_time":"2025-11-26T17:05:56+00:00","og_image":[{"width":532,"height":564,"url":"https:\/\/www.ortungsgerate.de\/wp-content\/uploads\/4g-medziokles-kamera-su-sim-kortele-medziokline-kamera.jpg","type":"image\/jpeg"}],"twitter_card":"summary_large_image","twitter_misc":{"\u041f\u0440\u0438\u043c\u0435\u0440\u043d\u043e\u0435 \u0432\u0440\u0435\u043c\u044f \u0434\u043b\u044f \u0447\u0442\u0435\u043d\u0438\u044f":"3 \u043c\u0438\u043d\u0443\u0442\u044b"},"schema":{"@context":"https:\/\/schema.org","@graph":[{"@type":"WebPage","@id":"https:\/\/www.ortungsgerate.de\/12-versteckte-kameras\/38-wildkameras-4g\/4g-jagdkamera-mit-sim-27k-video-14mp-fotos-solarpanel\/","url":"https:\/\/www.ortungsgerate.de\/12-versteckte-kameras\/38-wildkameras-4g\/4g-jagdkamera-mit-sim-27k-video-14mp-fotos-solarpanel\/","name":"4G Jagdkamera mit PIR 0,5s. 14MP Kamera Video 2,7K 104000mAh","isPartOf":{"@id":"https:\/\/www.ortungsgerate.de\/#website"},"primaryImageOfPage":{"@id":"https:\/\/www.ortungsgerate.de\/12-versteckte-kameras\/38-wildkameras-4g\/4g-jagdkamera-mit-sim-27k-video-14mp-fotos-solarpanel\/#primaryimage"},"image":{"@id":"https:\/\/www.ortungsgerate.de\/12-versteckte-kameras\/38-wildkameras-4g\/4g-jagdkamera-mit-sim-27k-video-14mp-fotos-solarpanel\/#primaryimage"},"thumbnailUrl":"https:\/\/www.ortungsgerate.de\/wp-content\/uploads\/4g-medziokles-kamera-su-sim-kortele-medziokline-kamera.jpg","datePublished":"2024-02-06T19:39:07+00:00","dateModified":"2025-11-26T17:05:56+00:00","description":"Jagdkamera mit besonders langer Betriebsdauer, mit 4G\u2011Modul, 2.7K\u2011Video. Einfache Bedienung, gro\u00dfe Auswahl an Jagdkameras. Ortungsger\u00e4te zum niedrigen Preis","breadcrumb":{"@id":"https:\/\/www.ortungsgerate.de\/12-versteckte-kameras\/38-wildkameras-4g\/4g-jagdkamera-mit-sim-27k-video-14mp-fotos-solarpanel\/#breadcrumb"},"inLanguage":"ru-RU","potentialAction":[{"@type":"ReadAction","target":["https:\/\/www.ortungsgerate.de\/12-versteckte-kameras\/38-wildkameras-4g\/4g-jagdkamera-mit-sim-27k-video-14mp-fotos-solarpanel\/"]}]},{"@type":"ImageObject","inLanguage":"ru-RU","@id":"https:\/\/www.ortungsgerate.de\/12-versteckte-kameras\/38-wildkameras-4g\/4g-jagdkamera-mit-sim-27k-video-14mp-fotos-solarpanel\/#primaryimage","url":"https:\/\/www.ortungsgerate.de\/wp-content\/uploads\/4g-medziokles-kamera-su-sim-kortele-medziokline-kamera.jpg","contentUrl":"https:\/\/www.ortungsgerate.de\/wp-content\/uploads\/4g-medziokles-kamera-su-sim-kortele-medziokline-kamera.jpg","width":532,"height":564,"caption":"4G Jagdkamera mit SIM-Karte Jagdkamera"},{"@type":"BreadcrumbList","@id":"https:\/\/www.ortungsgerate.de\/12-versteckte-kameras\/38-wildkameras-4g\/4g-jagdkamera-mit-sim-27k-video-14mp-fotos-solarpanel\/#breadcrumb","itemListElement":[{"@type":"ListItem","position":1,"name":"Startseite","item":"https:\/\/www.ortungsgerate.de\/"},{"@type":"ListItem","position":2,"name":"Shop","item":"https:\/\/www.ortungsgerate.de\/shop\/"},{"@type":"ListItem","position":3,"name":"4G Jagdkamera mit SIM 2,7K Video 14MP Fotos + Solarpanel"}]},{"@type":"WebSite","@id":"https:\/\/www.ortungsgerate.de\/#website","url":"https:\/\/www.ortungsgerate.de\/","name":"Ortungsgerate.de","description":"","publisher":{"@id":"https:\/\/www.ortungsgerate.de\/#organization"},"potentialAction":[{"@type":"SearchAction","target":{"@type":"EntryPoint","urlTemplate":"https:\/\/www.ortungsgerate.de\/?s={search_term_string}"},"query-input":{"@type":"PropertyValueSpecification","valueRequired":true,"valueName":"search_term_string"}}],"inLanguage":"ru-RU"},{"@type":"Organization","@id":"https:\/\/www.ortungsgerate.de\/#organization","name":"Ortungsgerate.de","url":"https:\/\/www.ortungsgerate.de\/","logo":{"@type":"ImageObject","inLanguage":"ru-RU","@id":"https:\/\/www.ortungsgerate.de\/#\/schema\/logo\/image\/","url":"https:\/\/www.ortungsgerate.de\/wp-content\/uploads\/ortungsgerate.png","contentUrl":"https:\/\/www.ortungsgerate.de\/wp-content\/uploads\/ortungsgerate.png","width":500,"height":135,"caption":"Ortungsgerate.de"},"image":{"@id":"https:\/\/www.ortungsgerate.de\/#\/schema\/logo\/image\/"}}]}},"_links":{"self":[{"href":"https:\/\/www.ortungsgerate.de\/ru\/wp-json\/wp\/v2\/product\/16458","targetHints":{"allow":["GET"]}}],"collection":[{"href":"https:\/\/www.ortungsgerate.de\/ru\/wp-json\/wp\/v2\/product"}],"about":[{"href":"https:\/\/www.ortungsgerate.de\/ru\/wp-json\/wp\/v2\/types\/product"}],"version-history":[{"count":0,"href":"https:\/\/www.ortungsgerate.de\/ru\/wp-json\/wp\/v2\/product\/16458\/revisions"}],"wp:featuredmedia":[{"embeddable":true,"href":"https:\/\/www.ortungsgerate.de\/ru\/wp-json\/wp\/v2\/media\/26466"}],"wp:attachment":[{"href":"https:\/\/www.ortungsgerate.de\/ru\/wp-json\/wp\/v2\/media?parent=16458"}],"wp:term":[{"taxonomy":"brand","embeddable":true,"href":"https:\/\/www.ortungsgerate.de\/ru\/wp-json\/wp\/v2\/etheme_brands?post=16458"},{"taxonomy":"product_brand","embeddable":true,"href":"https:\/\/www.ortungsgerate.de\/ru\/wp-json\/wp\/v2\/product_brand?post=16458"},{"taxonomy":"product_cat","embeddable":true,"href":"https:\/\/www.ortungsgerate.de\/ru\/wp-json\/wp\/v2\/product_cat?post=16458"},{"taxonomy":"product_tag","embeddable":true,"href":"https:\/\/www.ortungsgerate.de\/ru\/wp-json\/wp\/v2\/product_tag?post=16458"}],"curies":[{"name":"wp","href":"https:\/\/api.w.org\/{rel}","templated":true}]}}