{"id":16459,"date":"2024-03-03T21:38:11","date_gmt":"2024-03-03T19:38:11","guid":{"rendered":"https:\/\/ortungsgerate.de\/be-kategorijos\/antkaklis-gps-seklys-sunims-katems-ir-kitiems-gyvunams\/"},"modified":"2025-12-01T11:26:01","modified_gmt":"2025-12-01T10:26:01","slug":"gps-osheynik-treker-dlya-sobak-koshek-i-drugikh-zhivotnykh","status":"publish","type":"product","link":"https:\/\/www.ortungsgerate.de\/ru\/15-gps-treker\/gps-osheynik-treker-dlya-sobak-koshek-i-drugikh-zhivotnykh\/","title":{"rendered":"GPS-\u043e\u0448\u0435\u0439\u043d\u0438\u043a-\u0442\u0440\u0435\u043a\u0435\u0440 \u0434\u043b\u044f \u0441\u043e\u0431\u0430\u043a, \u043a\u043e\u0448\u0435\u043a \u0438 \u0434\u0440\u0443\u0433\u0438\u0445 \u0436\u0438\u0432\u043e\u0442\u043d\u044b\u0445"},"content":{"rendered":"<h4><strong><span style=\"color: #d0121a;\">AKTION KOSTENLOSE SIM-Karte mit Internet erhalten Sie im Set. Sie m\u00fcssen keine SIM-Karte kaufen und konfigurieren.\u00a0<\/span><\/strong><\/h4>\n<h3><strong>\u0422\u0435\u0445\u043d\u0438\u0447\u0435\u0441\u043a\u0438\u0435 \u043f\u0430\u0440\u0430\u043c\u0435\u0442\u0440\u044b:<\/strong><\/h3>\n<ul>\n<li>Netze: GSM \/ GPRS \/ 4G<\/li>\n<li>Geeignet f\u00fcr kleine und gro\u00dfe Tiere<\/li>\n<li>Lederhalsband<\/li>\n<li>Gewicht des GPS-Trackers ohne Verpackung: 45 g<\/li>\n<li>Abmessungen L\u00e4nge 5 cm x Breite\u00a03 cm x Dicke\u00a01 cm<\/li>\n<li>Unterst\u00fctzte Frequenzen: 850\/900\/1800\/1900 MHz (geeignet f\u00fcr alle SIM-Karten)<\/li>\n<li>GPS-Chipsatz: SIRF3-Chip<\/li>\n<li>GPS-Empfindlichkeit: 159 dBm<\/li>\n<li>GPS-Genauigkeit: 5\u201310 m<\/li>\n<li>Akku: 3,7 V 1000 mAh<\/li>\n<li>Standby-Zeit des Akkus: von 19 Std. bis zu 20 Tagen (abh\u00e4ngig davon, wie oft die GPS-Daten aktualisiert werden)<\/li>\n<li>Online-\u00dcberwachung: vorhanden<\/li>\n<li>Feuchtigkeitsbest\u00e4ndig \u2013 nicht zum Eintauchen ins Wasser geeignet<\/li>\n<li>Kostenlose \u00dcberwachung \u00fcber das Internet<\/li>\n<li>Kostenlose App zur \u00dcberwachung<\/li>\n<\/ul>\n<p><strong>\u041a\u043e\u043c\u043f\u043b\u0435\u043a\u0442\u0430\u0446\u0438\u044f:<\/strong><\/p>\n<ul>\n<li>GPS-\u0442\u0440\u0435\u043a\u0435\u0440;<\/li>\n<li>USB-\u043a\u0430\u0431\u0435\u043b\u044c<\/li>\n<li>Halterung<\/li>\n<li>Lederhalsband<\/li>\n<li>\u0418\u043d\u0441\u0442\u0440\u0443\u043a\u0446\u0438\u044f \u043d\u0430 \u043b\u0438\u0442\u043e\u0432\u0441\u043a\u043e\u043c \u044f\u0437\u044b\u043a\u0435<\/li>\n<li>Zugangsdaten zum Konto\u00a0(Benutzername + Passwort)<\/li>\n<li><strong>\u0413\u0410\u0420\u0410\u041d\u0422\u0418\u042f 12 \u043c\u0435\u0441\u044f\u0446\u0435\u0432<\/strong><\/li>\n<\/ul>\n<p><strong>   <\/strong><\/p>\n<h3>Anwendung: F\u00fcr die Sicherheit Ihres Autos und Ihrer Gegenst\u00e4nde<\/h3>\n<p>Dieses GPS-Halsband ist sehr einfach zu bedienen, damit kommt jeder zurecht. Wenn es Ihnen nicht gelingt, sind wir immer bereit, Ihnen zu helfen. Haben Sie keine Angst um Ihr Tier, ob Hund oder Katze. Sie werden immer sehen, wo sich Ihr Haustier befindet, was es Ihnen erm\u00f6glicht, seine Bewegungen zu verfolgen. Dieses GPS-Halsband ist n\u00fctzlich bei Spazierg\u00e4ngen im Wald oder in unbekannten Gebieten. H\u00e4ufig kommt es vor, dass beim Spaziergang mit Hunden im Wald diese ein Wildtier sehen und ihm nachjagen, was f\u00fcr die Besitzer viel Stress verursacht, der Hund sich verirrt und man viele Stunden im Wald herumirren muss, um das Tier zu suchen.\u00a0\u00a0Ich selbst habe ein Tier und musste schon einmal meinen Hund suchen, als er sich erschrak, weil jemand einen B\u00f6ller gez\u00fcndet hatte.<\/p>","protected":false},"excerpt":{"rendered":"<p>AKTION KOSTENLOSE SIM-Karte mit Internet erhalten Sie im Set. Sie m\u00fcssen keine SIM-Karte kaufen und konfigurieren.\u00a0 Technische Parameter: Netze: GSM \/ GPRS \/ 4G Geeignet&#8230;<\/p>","protected":false},"featured_media":1914,"template":"","meta":[],"etheme_brands":[],"product_brand":[],"product_cat":[213],"product_tag":[],"class_list":{"0":"post-16459","1":"product","2":"type-product","3":"status-publish","4":"has-post-thumbnail","6":"product_cat-15-gps-ueberwachungsgeraete","7":"pa_typ-fuer-tiere","9":"first","10":"instock","11":"taxable","12":"shipping-taxable","13":"purchasable","14":"product-type-simple"},"yoast_head":"<!-- This site is optimized with the Yoast SEO Premium plugin v25.9 (Yoast SEO v27.4) - https:\/\/yoast.com\/product\/yoast-seo-premium-wordpress\/ -->\n<title>GPS-Halsband f\u00fcr Hunde, Katzen und andere Tiere, nur 45 Gramm<\/title>\n<meta name=\"description\" content=\"Besonders leichtes Halsband mit GPS, geeignet f\u00fcr Hunde, Katzen und andere Tiere. GPS antkaklis \u0161uniui erm\u00f6glicht es, das Haustier live \u00fcber das Telefon zu verfolgen. Feuchtigkeitsbest\u00e4ndig, einfach zu bedienen.\" \/>\n<meta name=\"robots\" content=\"index, follow, max-snippet:-1, max-image-preview:large, max-video-preview:-1\" \/>\n<link rel=\"canonical\" href=\"https:\/\/www.ortungsgerate.de\/ru\/15-gps-treker\/gps-osheynik-treker-dlya-sobak-koshek-i-drugikh-zhivotnykh\/\" \/>\n<meta property=\"og:locale\" content=\"ru_RU\" \/>\n<meta property=\"og:type\" content=\"article\" \/>\n<meta property=\"og:title\" content=\"GPS-Halsband-Tracker f\u00fcr Hunde, Katzen und andere Tiere\" \/>\n<meta property=\"og:description\" content=\"Besonders leichtes Halsband mit GPS, geeignet f\u00fcr Hunde, Katzen und andere Tiere. GPS antkaklis \u0161uniui erm\u00f6glicht es, das Haustier live \u00fcber das Telefon zu verfolgen. Feuchtigkeitsbest\u00e4ndig, einfach zu bedienen.\" \/>\n<meta property=\"og:url\" content=\"https:\/\/www.ortungsgerate.de\/ru\/15-gps-treker\/gps-osheynik-treker-dlya-sobak-koshek-i-drugikh-zhivotnykh\/\" \/>\n<meta property=\"og:site_name\" content=\"Ortungsger\u00e4te.de\" \/>\n<meta property=\"article:modified_time\" content=\"2025-12-01T10:26:01+00:00\" \/>\n<meta property=\"og:image\" content=\"https:\/\/www.ortungsgerate.de\/wp-content\/uploads\/gps-seklys-sunims-katems-ir-kitiems-gyvunams.jpg\" \/>\n\t<meta property=\"og:image:width\" content=\"750\" \/>\n\t<meta property=\"og:image:height\" content=\"750\" \/>\n\t<meta property=\"og:image:type\" content=\"image\/jpeg\" \/>\n<meta name=\"twitter:card\" content=\"summary_large_image\" \/>\n<meta name=\"twitter:label1\" content=\"\u041f\u0440\u0438\u043c\u0435\u0440\u043d\u043e\u0435 \u0432\u0440\u0435\u043c\u044f \u0434\u043b\u044f \u0447\u0442\u0435\u043d\u0438\u044f\" \/>\n\t<meta name=\"twitter:data1\" content=\"2 \u043c\u0438\u043d\u0443\u0442\u044b\" \/>\n<script type=\"application\/ld+json\" class=\"yoast-schema-graph\">{\"@context\":\"https:\\\/\\\/schema.org\",\"@graph\":[{\"@type\":\"WebPage\",\"@id\":\"https:\\\/\\\/www.ortungsgerate.de\\\/15-gps-ueberwachungsgeraete\\\/gps-halsband-tracker-fuer-hunde-katzen-und-andere-tiere\\\/\",\"url\":\"https:\\\/\\\/www.ortungsgerate.de\\\/15-gps-ueberwachungsgeraete\\\/gps-halsband-tracker-fuer-hunde-katzen-und-andere-tiere\\\/\",\"name\":\"GPS-Halsband f\u00fcr Hunde, Katzen und andere Tiere, nur 45 Gramm\",\"isPartOf\":{\"@id\":\"https:\\\/\\\/www.ortungsgerate.de\\\/#website\"},\"primaryImageOfPage\":{\"@id\":\"https:\\\/\\\/www.ortungsgerate.de\\\/15-gps-ueberwachungsgeraete\\\/gps-halsband-tracker-fuer-hunde-katzen-und-andere-tiere\\\/#primaryimage\"},\"image\":{\"@id\":\"https:\\\/\\\/www.ortungsgerate.de\\\/15-gps-ueberwachungsgeraete\\\/gps-halsband-tracker-fuer-hunde-katzen-und-andere-tiere\\\/#primaryimage\"},\"thumbnailUrl\":\"https:\\\/\\\/www.ortungsgerate.de\\\/wp-content\\\/uploads\\\/gps-seklys-sunims-katems-ir-kitiems-gyvunams.jpg\",\"datePublished\":\"2024-03-03T19:38:11+00:00\",\"dateModified\":\"2025-12-01T10:26:01+00:00\",\"description\":\"Besonders leichtes Halsband mit GPS, geeignet f\u00fcr Hunde, Katzen und andere Tiere. GPS antkaklis \u0161uniui erm\u00f6glicht es, das Haustier live \u00fcber das Telefon zu verfolgen. Feuchtigkeitsbest\u00e4ndig, einfach zu bedienen.\",\"breadcrumb\":{\"@id\":\"https:\\\/\\\/www.ortungsgerate.de\\\/15-gps-ueberwachungsgeraete\\\/gps-halsband-tracker-fuer-hunde-katzen-und-andere-tiere\\\/#breadcrumb\"},\"inLanguage\":\"ru-RU\",\"potentialAction\":[{\"@type\":\"ReadAction\",\"target\":[\"https:\\\/\\\/www.ortungsgerate.de\\\/15-gps-ueberwachungsgeraete\\\/gps-halsband-tracker-fuer-hunde-katzen-und-andere-tiere\\\/\"]}]},{\"@type\":\"ImageObject\",\"inLanguage\":\"ru-RU\",\"@id\":\"https:\\\/\\\/www.ortungsgerate.de\\\/15-gps-ueberwachungsgeraete\\\/gps-halsband-tracker-fuer-hunde-katzen-und-andere-tiere\\\/#primaryimage\",\"url\":\"https:\\\/\\\/www.ortungsgerate.de\\\/wp-content\\\/uploads\\\/gps-seklys-sunims-katems-ir-kitiems-gyvunams.jpg\",\"contentUrl\":\"https:\\\/\\\/www.ortungsgerate.de\\\/wp-content\\\/uploads\\\/gps-seklys-sunims-katems-ir-kitiems-gyvunams.jpg\",\"width\":750,\"height\":750,\"caption\":\"GPS-Tracker-Halsband mit GPS f\u00fcr Hunde\"},{\"@type\":\"BreadcrumbList\",\"@id\":\"https:\\\/\\\/www.ortungsgerate.de\\\/15-gps-ueberwachungsgeraete\\\/gps-halsband-tracker-fuer-hunde-katzen-und-andere-tiere\\\/#breadcrumb\",\"itemListElement\":[{\"@type\":\"ListItem\",\"position\":1,\"name\":\"Startseite\",\"item\":\"https:\\\/\\\/www.ortungsgerate.de\\\/\"},{\"@type\":\"ListItem\",\"position\":2,\"name\":\"Shop\",\"item\":\"https:\\\/\\\/www.ortungsgerate.de\\\/shop\\\/\"},{\"@type\":\"ListItem\",\"position\":3,\"name\":\"GPS-Halsband-Tracker f\u00fcr Hunde, Katzen und andere Tiere\"}]},{\"@type\":\"WebSite\",\"@id\":\"https:\\\/\\\/www.ortungsgerate.de\\\/#website\",\"url\":\"https:\\\/\\\/www.ortungsgerate.de\\\/\",\"name\":\"Ortungsgerate.de\",\"description\":\"\",\"publisher\":{\"@id\":\"https:\\\/\\\/www.ortungsgerate.de\\\/#organization\"},\"potentialAction\":[{\"@type\":\"SearchAction\",\"target\":{\"@type\":\"EntryPoint\",\"urlTemplate\":\"https:\\\/\\\/www.ortungsgerate.de\\\/?s={search_term_string}\"},\"query-input\":{\"@type\":\"PropertyValueSpecification\",\"valueRequired\":true,\"valueName\":\"search_term_string\"}}],\"inLanguage\":\"ru-RU\"},{\"@type\":\"Organization\",\"@id\":\"https:\\\/\\\/www.ortungsgerate.de\\\/#organization\",\"name\":\"Ortungsgerate.de\",\"url\":\"https:\\\/\\\/www.ortungsgerate.de\\\/\",\"logo\":{\"@type\":\"ImageObject\",\"inLanguage\":\"ru-RU\",\"@id\":\"https:\\\/\\\/www.ortungsgerate.de\\\/#\\\/schema\\\/logo\\\/image\\\/\",\"url\":\"https:\\\/\\\/www.ortungsgerate.de\\\/wp-content\\\/uploads\\\/ortungsgerate.png\",\"contentUrl\":\"https:\\\/\\\/www.ortungsgerate.de\\\/wp-content\\\/uploads\\\/ortungsgerate.png\",\"width\":500,\"height\":135,\"caption\":\"Ortungsgerate.de\"},\"image\":{\"@id\":\"https:\\\/\\\/www.ortungsgerate.de\\\/#\\\/schema\\\/logo\\\/image\\\/\"}}]}<\/script>\n<!-- \/ Yoast SEO Premium plugin. -->","yoast_head_json":{"title":"GPS-Halsband f\u00fcr Hunde, Katzen und andere Tiere, nur 45 Gramm","description":"Besonders leichtes Halsband mit GPS, geeignet f\u00fcr Hunde, Katzen und andere Tiere. GPS antkaklis \u0161uniui erm\u00f6glicht es, das Haustier live \u00fcber das Telefon zu verfolgen. Feuchtigkeitsbest\u00e4ndig, einfach zu bedienen.","robots":{"index":"index","follow":"follow","max-snippet":"max-snippet:-1","max-image-preview":"max-image-preview:large","max-video-preview":"max-video-preview:-1"},"canonical":"https:\/\/www.ortungsgerate.de\/ru\/15-gps-treker\/gps-osheynik-treker-dlya-sobak-koshek-i-drugikh-zhivotnykh\/","og_locale":"ru_RU","og_type":"article","og_title":"GPS-Halsband-Tracker f\u00fcr Hunde, Katzen und andere Tiere","og_description":"Besonders leichtes Halsband mit GPS, geeignet f\u00fcr Hunde, Katzen und andere Tiere. GPS antkaklis \u0161uniui erm\u00f6glicht es, das Haustier live \u00fcber das Telefon zu verfolgen. Feuchtigkeitsbest\u00e4ndig, einfach zu bedienen.","og_url":"https:\/\/www.ortungsgerate.de\/ru\/15-gps-treker\/gps-osheynik-treker-dlya-sobak-koshek-i-drugikh-zhivotnykh\/","og_site_name":"Ortungsger\u00e4te.de","article_modified_time":"2025-12-01T10:26:01+00:00","og_image":[{"width":750,"height":750,"url":"https:\/\/www.ortungsgerate.de\/wp-content\/uploads\/gps-seklys-sunims-katems-ir-kitiems-gyvunams.jpg","type":"image\/jpeg"}],"twitter_card":"summary_large_image","twitter_misc":{"\u041f\u0440\u0438\u043c\u0435\u0440\u043d\u043e\u0435 \u0432\u0440\u0435\u043c\u044f \u0434\u043b\u044f \u0447\u0442\u0435\u043d\u0438\u044f":"2 \u043c\u0438\u043d\u0443\u0442\u044b"},"schema":{"@context":"https:\/\/schema.org","@graph":[{"@type":"WebPage","@id":"https:\/\/www.ortungsgerate.de\/15-gps-ueberwachungsgeraete\/gps-halsband-tracker-fuer-hunde-katzen-und-andere-tiere\/","url":"https:\/\/www.ortungsgerate.de\/15-gps-ueberwachungsgeraete\/gps-halsband-tracker-fuer-hunde-katzen-und-andere-tiere\/","name":"GPS-Halsband f\u00fcr Hunde, Katzen und andere Tiere, nur 45 Gramm","isPartOf":{"@id":"https:\/\/www.ortungsgerate.de\/#website"},"primaryImageOfPage":{"@id":"https:\/\/www.ortungsgerate.de\/15-gps-ueberwachungsgeraete\/gps-halsband-tracker-fuer-hunde-katzen-und-andere-tiere\/#primaryimage"},"image":{"@id":"https:\/\/www.ortungsgerate.de\/15-gps-ueberwachungsgeraete\/gps-halsband-tracker-fuer-hunde-katzen-und-andere-tiere\/#primaryimage"},"thumbnailUrl":"https:\/\/www.ortungsgerate.de\/wp-content\/uploads\/gps-seklys-sunims-katems-ir-kitiems-gyvunams.jpg","datePublished":"2024-03-03T19:38:11+00:00","dateModified":"2025-12-01T10:26:01+00:00","description":"Besonders leichtes Halsband mit GPS, geeignet f\u00fcr Hunde, Katzen und andere Tiere. GPS antkaklis \u0161uniui erm\u00f6glicht es, das Haustier live \u00fcber das Telefon zu verfolgen. Feuchtigkeitsbest\u00e4ndig, einfach zu bedienen.","breadcrumb":{"@id":"https:\/\/www.ortungsgerate.de\/15-gps-ueberwachungsgeraete\/gps-halsband-tracker-fuer-hunde-katzen-und-andere-tiere\/#breadcrumb"},"inLanguage":"ru-RU","potentialAction":[{"@type":"ReadAction","target":["https:\/\/www.ortungsgerate.de\/15-gps-ueberwachungsgeraete\/gps-halsband-tracker-fuer-hunde-katzen-und-andere-tiere\/"]}]},{"@type":"ImageObject","inLanguage":"ru-RU","@id":"https:\/\/www.ortungsgerate.de\/15-gps-ueberwachungsgeraete\/gps-halsband-tracker-fuer-hunde-katzen-und-andere-tiere\/#primaryimage","url":"https:\/\/www.ortungsgerate.de\/wp-content\/uploads\/gps-seklys-sunims-katems-ir-kitiems-gyvunams.jpg","contentUrl":"https:\/\/www.ortungsgerate.de\/wp-content\/uploads\/gps-seklys-sunims-katems-ir-kitiems-gyvunams.jpg","width":750,"height":750,"caption":"GPS-Tracker-Halsband mit GPS f\u00fcr Hunde"},{"@type":"BreadcrumbList","@id":"https:\/\/www.ortungsgerate.de\/15-gps-ueberwachungsgeraete\/gps-halsband-tracker-fuer-hunde-katzen-und-andere-tiere\/#breadcrumb","itemListElement":[{"@type":"ListItem","position":1,"name":"Startseite","item":"https:\/\/www.ortungsgerate.de\/"},{"@type":"ListItem","position":2,"name":"Shop","item":"https:\/\/www.ortungsgerate.de\/shop\/"},{"@type":"ListItem","position":3,"name":"GPS-Halsband-Tracker f\u00fcr Hunde, Katzen und andere Tiere"}]},{"@type":"WebSite","@id":"https:\/\/www.ortungsgerate.de\/#website","url":"https:\/\/www.ortungsgerate.de\/","name":"Ortungsgerate.de","description":"","publisher":{"@id":"https:\/\/www.ortungsgerate.de\/#organization"},"potentialAction":[{"@type":"SearchAction","target":{"@type":"EntryPoint","urlTemplate":"https:\/\/www.ortungsgerate.de\/?s={search_term_string}"},"query-input":{"@type":"PropertyValueSpecification","valueRequired":true,"valueName":"search_term_string"}}],"inLanguage":"ru-RU"},{"@type":"Organization","@id":"https:\/\/www.ortungsgerate.de\/#organization","name":"Ortungsgerate.de","url":"https:\/\/www.ortungsgerate.de\/","logo":{"@type":"ImageObject","inLanguage":"ru-RU","@id":"https:\/\/www.ortungsgerate.de\/#\/schema\/logo\/image\/","url":"https:\/\/www.ortungsgerate.de\/wp-content\/uploads\/ortungsgerate.png","contentUrl":"https:\/\/www.ortungsgerate.de\/wp-content\/uploads\/ortungsgerate.png","width":500,"height":135,"caption":"Ortungsgerate.de"},"image":{"@id":"https:\/\/www.ortungsgerate.de\/#\/schema\/logo\/image\/"}}]}},"_links":{"self":[{"href":"https:\/\/www.ortungsgerate.de\/ru\/wp-json\/wp\/v2\/product\/16459","targetHints":{"allow":["GET"]}}],"collection":[{"href":"https:\/\/www.ortungsgerate.de\/ru\/wp-json\/wp\/v2\/product"}],"about":[{"href":"https:\/\/www.ortungsgerate.de\/ru\/wp-json\/wp\/v2\/types\/product"}],"version-history":[{"count":0,"href":"https:\/\/www.ortungsgerate.de\/ru\/wp-json\/wp\/v2\/product\/16459\/revisions"}],"wp:featuredmedia":[{"embeddable":true,"href":"https:\/\/www.ortungsgerate.de\/ru\/wp-json\/wp\/v2\/media\/1914"}],"wp:attachment":[{"href":"https:\/\/www.ortungsgerate.de\/ru\/wp-json\/wp\/v2\/media?parent=16459"}],"wp:term":[{"taxonomy":"brand","embeddable":true,"href":"https:\/\/www.ortungsgerate.de\/ru\/wp-json\/wp\/v2\/etheme_brands?post=16459"},{"taxonomy":"product_brand","embeddable":true,"href":"https:\/\/www.ortungsgerate.de\/ru\/wp-json\/wp\/v2\/product_brand?post=16459"},{"taxonomy":"product_cat","embeddable":true,"href":"https:\/\/www.ortungsgerate.de\/ru\/wp-json\/wp\/v2\/product_cat?post=16459"},{"taxonomy":"product_tag","embeddable":true,"href":"https:\/\/www.ortungsgerate.de\/ru\/wp-json\/wp\/v2\/product_tag?post=16459"}],"curies":[{"name":"wp","href":"https:\/\/api.w.org\/{rel}","templated":true}]}}