{"id":16460,"date":"2024-02-06T21:37:51","date_gmt":"2024-02-06T19:37:51","guid":{"rendered":"https:\/\/ortungsgerate.de\/be-kategorijos\/vidaus-kamera-su-wi-fi-pakabinama-ant-sienos\/"},"modified":"2025-12-01T11:26:01","modified_gmt":"2025-12-01T10:26:01","slug":"vnutrennyaya-kamera-s-wi-fi-dlya-nastennogo-montazha","status":"publish","type":"product","link":"https:\/\/www.ortungsgerate.de\/ru\/12-skrytyje-kamery\/17-zamaskirovanyje-kamery\/vnutrennyaya-kamera-s-wi-fi-dlya-nastennogo-montazha\/","title":{"rendered":"\u0412\u043d\u0443\u0442\u0440\u0435\u043d\u043d\u044f\u044f \u043a\u0430\u043c\u0435\u0440\u0430 \u0441 Wi-Fi \u0434\u043b\u044f \u043d\u0430\u0441\u0442\u0435\u043d\u043d\u043e\u0433\u043e \u043c\u043e\u043d\u0442\u0430\u0436\u0430"},"content":{"rendered":"<h3><strong>\u0422\u0435\u0445\u043d\u0438\u0447\u0435\u0441\u043a\u0438\u0435 \u043f\u0430\u0440\u0430\u043c\u0435\u0442\u0440\u044b:<\/strong><\/h3>\n<ul>\n<li>Unterst\u00fctzung von Speicherkarten: Micro SD \/ SDHC bis zu 64 GB (nicht enthalten)<\/li>\n<li>\u0412\u0438\u0434\u0435\u043e\u0437\u0430\u043f\u0438\u0441\u044c \u0441\u043e \u0437\u0432\u0443\u043a\u043e\u043c<\/li>\n<li>Kamera 2 Mpx<\/li>\n<li>\u0420\u0430\u0437\u0440\u0435\u0448\u0435\u043d\u0438\u0435 \u0437\u0430\u043f\u0438\u0441\u0438: Full HD 1920\u00d71080 px<\/li>\n<li>Funktioniert bis zu 180 Tage ohne Aufladen (im Standby-Modus)<\/li>\n<li>Videoformat: AVI | max. 25 fps<\/li>\n<li>Videoaufl\u00f6sung: 1920 x 1080 px<\/li>\n<li>Sichtwinkel: 145\u00b0 sehr gro\u00dfer Winkel<\/li>\n<li>\u0417\u0432\u0443\u043a: \u043c\u0438\u043a\u0440\u043e\u0444\u043e\u043d \u0441 \u0444\u0443\u043d\u043a\u0446\u0438\u0435\u0439 \u0448\u0443\u043c\u043e\u043f\u043e\u0434\u0430\u0432\u043b\u0435\u043d\u0438\u044f<\/li>\n<li>\u0421\u0442\u0430\u043d\u0434\u0430\u0440\u0442 \u043f\u043e\u0434\u043a\u043b\u044e\u0447\u0435\u043d\u0438\u044f: USB<\/li>\n<li>Nachtsicht 5 Meter<\/li>\n<li>\u041e\u043d\u043b\u0430\u0439\u043d-\u043c\u043e\u043d\u0438\u0442\u043e\u0440\u0438\u043d\u0433 \u0447\u0435\u0440\u0435\u0437 \u0438\u043d\u0442\u0435\u0440\u043d\u0435\u0442 (\u0447\u0435\u0440\u0435\u0437 \u043c\u043e\u0431\u0438\u043b\u044c\u043d\u043e\u0435 \u043f\u0440\u0438\u043b\u043e\u0436\u0435\u043d\u0438\u0435)<\/li>\n<li>\u0414\u0430\u0442\u0447\u0438\u043a \u0434\u0432\u0438\u0436\u0435\u043d\u0438\u044f (PIR)<\/li>\n<li>\u041f\u043e\u0441\u0442\u043e\u044f\u043d\u043d\u0430\u044f \u0432\u0438\u0434\u0435\u043e\u0437\u0430\u043f\u0438\u0441\u044c (\u0444\u0443\u043d\u043a\u0446\u0438\u044f \u043f\u0435\u0440\u0435\u0437\u0430\u043f\u0438\u0441\u0438)<\/li>\n<li>\u0412\u0438\u0434\u0435\u043e\u043a\u043e\u0434\u0438\u0440\u043e\u0432\u0430\u043d\u0438\u0435: H264<\/li>\n<li>\u041a\u043e\u043c\u043f\u043b\u0435\u043a\u0442\u0430\u0446\u0438\u044f: Wi-Fi-\u043a\u0430\u043c\u0435\u0440\u0430 (\u043c\u0443\u043b\u044f\u0436), \u043a\u0430\u0440\u0434\u0440\u0438\u0434\u0435\u0440 Micro-SD, USB-\u043a\u0430\u0431\u0435\u043b\u044c, \u0430\u0434\u0430\u043f\u0442\u0435\u0440 \u043f\u0438\u0442\u0430\u043d\u0438\u044f<\/li>\n<li>Abmessungen: 41x38x33 cm<\/li>\n<li><strong>\u0413\u0410\u0420\u0410\u041d\u0422\u0418\u042f 12 \u043c\u0435\u0441\u044f\u0446\u0435\u0432<\/strong><\/li>\n<\/ul>\n<p><strong>Versteckte Wi-Fi-Kamera mit Bewegungssensor<\/strong><\/p>\n<p>Die Nutzung versteckter Kameras ist in den letzten Jahren stark angestiegen. Das ist keineswegs \u00fcberraschend: Die Hersteller bieten immer mehr verdeckte Video\u00fcberwachungskameras an, die sowohl zu Hause als auch am Arbeitsplatz eingesetzt werden k\u00f6nnen. Es muss wohl kaum betont werden, dass unsere Sicherheit an erster Stelle stehen sollte. Der Einsatz versteckter Kameras kann dabei helfen, alle wichtigen Informationen \u00fcber rechtswidrige Aktivit\u00e4ten zu sammeln und kann ein wirklich ernstzunehmender Beweis f\u00fcr bestimmte Handlungen einzelner Personen sein. Obwohl zum Schutz von R\u00e4umen noch recht h\u00e4ufig Alarmanlagen gew\u00e4hlt werden, sollte man nicht vergessen, dass diese lediglich helfen, Diebe abzuschrecken, die oft dennoch nicht gefasst werden. Wenn Sie sicherstellen m\u00f6chten, dass die von Ihnen gesammelten Beweise ausreichend stichhaltig sind, kann eine versteckte Wi-Fi-Kamera die g\u00fcnstigste L\u00f6sung sein.<\/p>\n<p><strong>Wann ist ein solches Ger\u00e4t die beste Wahl?<\/strong><\/p>\n<p>Der Einsatz versteckter Kameras kann in sehr vielen Situationen hilfreich sein, in denen bestimmte Informationen ben\u00f6tigt werden. Wenn Sie zweifeln, ob sich die Kinderbetreuerin, die zu Ihnen nach Hause kommt, Ihren Kindern gegen\u00fcber angemessen verh\u00e4lt, hilft Ihnen der Einsatz einer versteckten Kamera, die Professionalit\u00e4t dieser Person deutlich einfacher zu beurteilen. Kinder haben nicht immer die M\u00f6glichkeit zu erz\u00e4hlen, wie Erzieherinnen oder Lehrer mit ihnen umgehen, daher kann die Installation versteckter Kameras helfen, die besten Fachkr\u00e4fte leichter auszuw\u00e4hlen. Wenn Sie unangemessenes Verhalten bemerken, k\u00f6nnen Sie sofort entsprechende Ma\u00dfnahmen ergreifen, sodass Sie nicht l\u00e4nger von Zweifeln geplagt werden, ob alles so abl\u00e4uft, wie es sollte. Manchmal werden versteckte Kameras auch dann eingesetzt, wenn Zweifel an der Treue des Partners bestehen. Es gen\u00fcgt, an einem bestimmten Ort in der Wohnung eine versteckte Kamera zu installieren, und Sie k\u00f6nnen sehr schnell die gew\u00fcnschten Informationen erhalten.<\/p>\n<p><strong>Die Kamera ist leicht zu tarnen<\/strong><\/p>\n<p>Die versteckte Wi-Fi-Kamera ist kompakt, daher ist es wirklich nicht schwierig, sie in einem Raum zu tarnen. Sie k\u00f6nnen sicher sein, dass die sich im Raum befindlichen Personen nicht einmal ahnen werden, dass sie \u00fcberwacht werden k\u00f6nnten, und sich daher so verhalten, wie sie es gewohnt sind. In den Medien finden Sie zahlreiche Berichte dar\u00fcber, wie eine versteckte Kamera geholfen hat, bestimmte Sachverhalte aufzukl\u00e4ren. Wer wei\u00df \u2013 vielleicht gelingt es auch Ihnen, bestimmte ben\u00f6tigte Informationen schnell und unkompliziert zu sammeln.<\/p>\n<p><strong>Funktion des Bewegungssensors<\/strong><\/p>\n<p>Es besteht keinerlei Notwendigkeit, st\u00e4ndig zu \u00fcberpr\u00fcfen, ob sich gerade etwas im Raum abspielt: Die versteckte Kamera verf\u00fcgt \u00fcber einen PIR-Bewegungssensor, der den Nutzer \u00fcber erkannte Bewegungen im Raum informiert. Sie haben die M\u00f6glichkeit, die Video\u00fcberwachung nur dann einzuschalten, wenn Bedarf besteht, sodass Sie keine Zeit damit verschwenden m\u00fcssen, auf bestimmte Handlungen zu warten. Solange im Raum Ruhe herrscht, arbeitet die Kamera im Standby-Modus und schont somit den Akku des Ger\u00e4ts.<\/p>\n<p><strong>Lange Standby-Akkulaufzeit<\/strong><\/p>\n<p>Wenn die versteckte Wi-Fi-Kamera im Standby-Modus arbeitet, entl\u00e4dt sich der Akku bis zu 180 Tage lang nicht. Sie m\u00fcssen sich also keine Sorgen machen, dass der Akku der versteckten Kamera zum ung\u00fcnstigsten Zeitpunkt leer sein k\u00f6nnte: Der energiesparende Standby-Modus erm\u00f6glicht es, viele Tage lang nicht einmal an das Aufladen des Ger\u00e4ts denken zu m\u00fcssen.<\/p>\n<p><strong>Hochwertiges Bild mit Ton<\/strong><\/p>\n<p>Einige versteckte Kameras k\u00f6nnen nur Bildaufnahmen machen, ohne Ton aufzuzeichnen. Wenn Sie sich jedoch f\u00fcr diese versteckte Kamera entscheiden, k\u00f6nnen Sie deutlich mehr Informationen sammeln: Sie haben nicht nur die M\u00f6glichkeit zu sehen, was im Raum geschieht, sondern h\u00f6ren auch die Gespr\u00e4che mit. Positiv ist, dass das von dieser Kamera aufgezeichnete Bild von besonders hoher Qualit\u00e4t ist, sodass die Videoaufnahmen sehr detailreich sind.<\/p>\n<p><strong>Einfache Kamerabedienung<\/strong><\/p>\n<p>Die Nutzung der versteckten Kamera ist sehr einfach: Sie m\u00fcssen lediglich die App herunterladen, \u00fcber die Sie Benachrichtigungen \u00fcber erkannte Bewegungen erhalten und den Raum in Echtzeit \u00fcberwachen k\u00f6nnen. Ganz gleich, in welchem Teil der Welt Sie sich befinden, Sie k\u00f6nnen jederzeit die App \u00f6ffnen und nachsehen, was derzeit in den \u00fcberwachten R\u00e4umen geschieht. Die Kamera-App ist f\u00fcr alle Smart-Ger\u00e4te geeignet, die mit der \u201eAndroid\u201c- oder \u201eiOS\u201c-Software arbeiten. Wenn Sie den Anweisungen folgen, k\u00f6nnen Sie die versteckte Kamera sehr schnell in Betrieb nehmen und in kurzer Zeit mit der verdeckten Aufzeichnung beginnen.<\/p>\n<p><strong>Lassen Sie nicht zu, dass Sie von Zweifeln geplagt werden<\/strong><\/p>\n<p>Bestimmte Informationen lassen sich m\u00f6glicherweise nicht auf herk\u00f6mmlichem Wege herausfinden. Wenn Sie also von Zweifeln geplagt werden, kaufen Sie einfach eine versteckte Wi-Fi-Kamera, die Ihnen hilft, Ihre Unsicherheiten auszur\u00e4umen und bestimmte Entscheidungen deutlich einfacher zu treffen. Die versteckte Kamera k\u00f6nnen Sie jetzt zu einem sehr attraktiven Preis erwerben, sodass Sie sich keine Sorgen machen m\u00fcssen, dass ein solches Ger\u00e4t zu hohe Investitionen erfordert. Wenn Sie unsicher sind, ob gerade diese Kamera die beste Wahl ist, konsultieren Sie unsere Spezialisten, die Ihnen mit Sicherheit hilfreiche Empfehlungen geben werden.<\/p>","protected":false},"excerpt":{"rendered":"<p>Technische Parameter: Unterst\u00fctzung von Speicherkarten: Micro SD \/ SDHC bis zu 64 GB (nicht enthalten) Videoaufzeichnung mit Ton Kamera 2 Mpx Aufl\u00f6sung der Aufnahme: Full&#8230;<\/p>","protected":false},"featured_media":26379,"template":"","meta":[],"etheme_brands":[],"product_brand":[],"product_cat":[204,203,205],"product_tag":[753,42,707,705,690,693],"class_list":{"0":"post-16460","1":"product","2":"type-product","3":"status-publish","4":"has-post-thumbnail","6":"product_cat-17-getarnte-kameras","7":"product_cat-12-versteckte-kameras","8":"product_cat-27-wlan-minikameras","9":"product_tag-getarnte-kamera","10":"product_tag-kamera","11":"product_tag-kamera-uhr","12":"product_tag-ueberwachungskamera","13":"product_tag-versteckte-kamera","14":"product_tag-wlan-kamera","15":"pa_typ-mini-kameras","16":"pa_typ-rauchmelder-alarmmelder","18":"first","19":"instock","20":"taxable","21":"shipping-taxable","22":"purchasable","23":"product-type-simple"},"yoast_head":"<!-- This site is optimized with the Yoast SEO Premium plugin v25.9 (Yoast SEO v27.4) - https:\/\/yoast.com\/product\/yoast-seo-premium-wordpress\/ -->\n<title>Versteckte Videokamera mit PIR-Sensor und Nachtsicht ONLINE<\/title>\n<meta name=\"description\" content=\"An der Wand montierte Videokamera, mit WLAN k\u00f6nnen Sie das Bild aus jedem Land der Welt \u00fcberwachen. Hochwertiges Bild, PIR\u2011Bewegungssensor informiert \u00fcber jede Bewegung\" \/>\n<meta name=\"robots\" content=\"index, follow, max-snippet:-1, max-image-preview:large, max-video-preview:-1\" \/>\n<link rel=\"canonical\" href=\"https:\/\/www.ortungsgerate.de\/ru\/12-skrytyje-kamery\/27-wlan-mini-kamery\/vnutrennyaya-kamera-s-wi-fi-dlya-nastennogo-montazha\/\" \/>\n<meta property=\"og:locale\" content=\"ru_RU\" \/>\n<meta property=\"og:type\" content=\"article\" \/>\n<meta property=\"og:title\" content=\"Innenkamera mit WLAN zur Wandmontage\" \/>\n<meta property=\"og:description\" content=\"An der Wand montierte Videokamera, mit WLAN k\u00f6nnen Sie das Bild aus jedem Land der Welt \u00fcberwachen. Hochwertiges Bild, PIR\u2011Bewegungssensor informiert \u00fcber jede Bewegung\" \/>\n<meta property=\"og:url\" content=\"https:\/\/www.ortungsgerate.de\/ru\/12-skrytyje-kamery\/27-wlan-mini-kamery\/vnutrennyaya-kamera-s-wi-fi-dlya-nastennogo-montazha\/\" \/>\n<meta property=\"og:site_name\" content=\"Ortungsger\u00e4te.de\" \/>\n<meta property=\"article:modified_time\" content=\"2025-12-01T10:26:01+00:00\" \/>\n<meta property=\"og:image\" content=\"https:\/\/www.ortungsgerate.de\/wp-content\/uploads\/mini-kamera-su-wifi-pir-davikliu.jpg\" \/>\n\t<meta property=\"og:image:width\" content=\"458\" \/>\n\t<meta property=\"og:image:height\" content=\"458\" \/>\n\t<meta property=\"og:image:type\" content=\"image\/jpeg\" \/>\n<meta name=\"twitter:card\" content=\"summary_large_image\" \/>\n<meta name=\"twitter:label1\" content=\"\u041f\u0440\u0438\u043c\u0435\u0440\u043d\u043e\u0435 \u0432\u0440\u0435\u043c\u044f \u0434\u043b\u044f \u0447\u0442\u0435\u043d\u0438\u044f\" \/>\n\t<meta name=\"twitter:data1\" content=\"5 \u043c\u0438\u043d\u0443\u0442\" \/>\n<script type=\"application\/ld+json\" class=\"yoast-schema-graph\">{\"@context\":\"https:\\\/\\\/schema.org\",\"@graph\":[{\"@type\":\"WebPage\",\"@id\":\"https:\\\/\\\/www.ortungsgerate.de\\\/12-versteckte-kameras\\\/27-wlan-minikameras\\\/innenkamera-mit-wlan-zur-wandmontage\\\/\",\"url\":\"https:\\\/\\\/www.ortungsgerate.de\\\/12-versteckte-kameras\\\/27-wlan-minikameras\\\/innenkamera-mit-wlan-zur-wandmontage\\\/\",\"name\":\"Versteckte Videokamera mit PIR-Sensor und Nachtsicht ONLINE\",\"isPartOf\":{\"@id\":\"https:\\\/\\\/www.ortungsgerate.de\\\/#website\"},\"primaryImageOfPage\":{\"@id\":\"https:\\\/\\\/www.ortungsgerate.de\\\/12-versteckte-kameras\\\/27-wlan-minikameras\\\/innenkamera-mit-wlan-zur-wandmontage\\\/#primaryimage\"},\"image\":{\"@id\":\"https:\\\/\\\/www.ortungsgerate.de\\\/12-versteckte-kameras\\\/27-wlan-minikameras\\\/innenkamera-mit-wlan-zur-wandmontage\\\/#primaryimage\"},\"thumbnailUrl\":\"https:\\\/\\\/www.ortungsgerate.de\\\/wp-content\\\/uploads\\\/mini-kamera-su-wifi-pir-davikliu.jpg\",\"datePublished\":\"2024-02-06T19:37:51+00:00\",\"dateModified\":\"2025-12-01T10:26:01+00:00\",\"description\":\"An der Wand montierte Videokamera, mit WLAN k\u00f6nnen Sie das Bild aus jedem Land der Welt \u00fcberwachen. Hochwertiges Bild, PIR\u2011Bewegungssensor informiert \u00fcber jede Bewegung\",\"breadcrumb\":{\"@id\":\"https:\\\/\\\/www.ortungsgerate.de\\\/12-versteckte-kameras\\\/27-wlan-minikameras\\\/innenkamera-mit-wlan-zur-wandmontage\\\/#breadcrumb\"},\"inLanguage\":\"ru-RU\",\"potentialAction\":[{\"@type\":\"ReadAction\",\"target\":[\"https:\\\/\\\/www.ortungsgerate.de\\\/12-versteckte-kameras\\\/27-wlan-minikameras\\\/innenkamera-mit-wlan-zur-wandmontage\\\/\"]}]},{\"@type\":\"ImageObject\",\"inLanguage\":\"ru-RU\",\"@id\":\"https:\\\/\\\/www.ortungsgerate.de\\\/12-versteckte-kameras\\\/27-wlan-minikameras\\\/innenkamera-mit-wlan-zur-wandmontage\\\/#primaryimage\",\"url\":\"https:\\\/\\\/www.ortungsgerate.de\\\/wp-content\\\/uploads\\\/mini-kamera-su-wifi-pir-davikliu.jpg\",\"contentUrl\":\"https:\\\/\\\/www.ortungsgerate.de\\\/wp-content\\\/uploads\\\/mini-kamera-su-wifi-pir-davikliu.jpg\",\"width\":458,\"height\":458,\"caption\":\"Mini Kamera mit WLAN und PIR-Sensor\"},{\"@type\":\"BreadcrumbList\",\"@id\":\"https:\\\/\\\/www.ortungsgerate.de\\\/12-versteckte-kameras\\\/27-wlan-minikameras\\\/innenkamera-mit-wlan-zur-wandmontage\\\/#breadcrumb\",\"itemListElement\":[{\"@type\":\"ListItem\",\"position\":1,\"name\":\"Startseite\",\"item\":\"https:\\\/\\\/www.ortungsgerate.de\\\/\"},{\"@type\":\"ListItem\",\"position\":2,\"name\":\"Shop\",\"item\":\"https:\\\/\\\/www.ortungsgerate.de\\\/shop\\\/\"},{\"@type\":\"ListItem\",\"position\":3,\"name\":\"Innenkamera mit WLAN zur Wandmontage\"}]},{\"@type\":\"WebSite\",\"@id\":\"https:\\\/\\\/www.ortungsgerate.de\\\/#website\",\"url\":\"https:\\\/\\\/www.ortungsgerate.de\\\/\",\"name\":\"Ortungsgerate.de\",\"description\":\"\",\"publisher\":{\"@id\":\"https:\\\/\\\/www.ortungsgerate.de\\\/#organization\"},\"potentialAction\":[{\"@type\":\"SearchAction\",\"target\":{\"@type\":\"EntryPoint\",\"urlTemplate\":\"https:\\\/\\\/www.ortungsgerate.de\\\/?s={search_term_string}\"},\"query-input\":{\"@type\":\"PropertyValueSpecification\",\"valueRequired\":true,\"valueName\":\"search_term_string\"}}],\"inLanguage\":\"ru-RU\"},{\"@type\":\"Organization\",\"@id\":\"https:\\\/\\\/www.ortungsgerate.de\\\/#organization\",\"name\":\"Ortungsgerate.de\",\"url\":\"https:\\\/\\\/www.ortungsgerate.de\\\/\",\"logo\":{\"@type\":\"ImageObject\",\"inLanguage\":\"ru-RU\",\"@id\":\"https:\\\/\\\/www.ortungsgerate.de\\\/#\\\/schema\\\/logo\\\/image\\\/\",\"url\":\"https:\\\/\\\/www.ortungsgerate.de\\\/wp-content\\\/uploads\\\/ortungsgerate.png\",\"contentUrl\":\"https:\\\/\\\/www.ortungsgerate.de\\\/wp-content\\\/uploads\\\/ortungsgerate.png\",\"width\":500,\"height\":135,\"caption\":\"Ortungsgerate.de\"},\"image\":{\"@id\":\"https:\\\/\\\/www.ortungsgerate.de\\\/#\\\/schema\\\/logo\\\/image\\\/\"}}]}<\/script>\n<!-- \/ Yoast SEO Premium plugin. -->","yoast_head_json":{"title":"Versteckte Videokamera mit PIR-Sensor und Nachtsicht ONLINE","description":"An der Wand montierte Videokamera, mit WLAN k\u00f6nnen Sie das Bild aus jedem Land der Welt \u00fcberwachen. Hochwertiges Bild, PIR\u2011Bewegungssensor informiert \u00fcber jede Bewegung","robots":{"index":"index","follow":"follow","max-snippet":"max-snippet:-1","max-image-preview":"max-image-preview:large","max-video-preview":"max-video-preview:-1"},"canonical":"https:\/\/www.ortungsgerate.de\/ru\/12-skrytyje-kamery\/27-wlan-mini-kamery\/vnutrennyaya-kamera-s-wi-fi-dlya-nastennogo-montazha\/","og_locale":"ru_RU","og_type":"article","og_title":"Innenkamera mit WLAN zur Wandmontage","og_description":"An der Wand montierte Videokamera, mit WLAN k\u00f6nnen Sie das Bild aus jedem Land der Welt \u00fcberwachen. Hochwertiges Bild, PIR\u2011Bewegungssensor informiert \u00fcber jede Bewegung","og_url":"https:\/\/www.ortungsgerate.de\/ru\/12-skrytyje-kamery\/27-wlan-mini-kamery\/vnutrennyaya-kamera-s-wi-fi-dlya-nastennogo-montazha\/","og_site_name":"Ortungsger\u00e4te.de","article_modified_time":"2025-12-01T10:26:01+00:00","og_image":[{"width":458,"height":458,"url":"https:\/\/www.ortungsgerate.de\/wp-content\/uploads\/mini-kamera-su-wifi-pir-davikliu.jpg","type":"image\/jpeg"}],"twitter_card":"summary_large_image","twitter_misc":{"\u041f\u0440\u0438\u043c\u0435\u0440\u043d\u043e\u0435 \u0432\u0440\u0435\u043c\u044f \u0434\u043b\u044f \u0447\u0442\u0435\u043d\u0438\u044f":"5 \u043c\u0438\u043d\u0443\u0442"},"schema":{"@context":"https:\/\/schema.org","@graph":[{"@type":"WebPage","@id":"https:\/\/www.ortungsgerate.de\/12-versteckte-kameras\/27-wlan-minikameras\/innenkamera-mit-wlan-zur-wandmontage\/","url":"https:\/\/www.ortungsgerate.de\/12-versteckte-kameras\/27-wlan-minikameras\/innenkamera-mit-wlan-zur-wandmontage\/","name":"Versteckte Videokamera mit PIR-Sensor und Nachtsicht ONLINE","isPartOf":{"@id":"https:\/\/www.ortungsgerate.de\/#website"},"primaryImageOfPage":{"@id":"https:\/\/www.ortungsgerate.de\/12-versteckte-kameras\/27-wlan-minikameras\/innenkamera-mit-wlan-zur-wandmontage\/#primaryimage"},"image":{"@id":"https:\/\/www.ortungsgerate.de\/12-versteckte-kameras\/27-wlan-minikameras\/innenkamera-mit-wlan-zur-wandmontage\/#primaryimage"},"thumbnailUrl":"https:\/\/www.ortungsgerate.de\/wp-content\/uploads\/mini-kamera-su-wifi-pir-davikliu.jpg","datePublished":"2024-02-06T19:37:51+00:00","dateModified":"2025-12-01T10:26:01+00:00","description":"An der Wand montierte Videokamera, mit WLAN k\u00f6nnen Sie das Bild aus jedem Land der Welt \u00fcberwachen. Hochwertiges Bild, PIR\u2011Bewegungssensor informiert \u00fcber jede Bewegung","breadcrumb":{"@id":"https:\/\/www.ortungsgerate.de\/12-versteckte-kameras\/27-wlan-minikameras\/innenkamera-mit-wlan-zur-wandmontage\/#breadcrumb"},"inLanguage":"ru-RU","potentialAction":[{"@type":"ReadAction","target":["https:\/\/www.ortungsgerate.de\/12-versteckte-kameras\/27-wlan-minikameras\/innenkamera-mit-wlan-zur-wandmontage\/"]}]},{"@type":"ImageObject","inLanguage":"ru-RU","@id":"https:\/\/www.ortungsgerate.de\/12-versteckte-kameras\/27-wlan-minikameras\/innenkamera-mit-wlan-zur-wandmontage\/#primaryimage","url":"https:\/\/www.ortungsgerate.de\/wp-content\/uploads\/mini-kamera-su-wifi-pir-davikliu.jpg","contentUrl":"https:\/\/www.ortungsgerate.de\/wp-content\/uploads\/mini-kamera-su-wifi-pir-davikliu.jpg","width":458,"height":458,"caption":"Mini Kamera mit WLAN und PIR-Sensor"},{"@type":"BreadcrumbList","@id":"https:\/\/www.ortungsgerate.de\/12-versteckte-kameras\/27-wlan-minikameras\/innenkamera-mit-wlan-zur-wandmontage\/#breadcrumb","itemListElement":[{"@type":"ListItem","position":1,"name":"Startseite","item":"https:\/\/www.ortungsgerate.de\/"},{"@type":"ListItem","position":2,"name":"Shop","item":"https:\/\/www.ortungsgerate.de\/shop\/"},{"@type":"ListItem","position":3,"name":"Innenkamera mit WLAN zur Wandmontage"}]},{"@type":"WebSite","@id":"https:\/\/www.ortungsgerate.de\/#website","url":"https:\/\/www.ortungsgerate.de\/","name":"Ortungsgerate.de","description":"","publisher":{"@id":"https:\/\/www.ortungsgerate.de\/#organization"},"potentialAction":[{"@type":"SearchAction","target":{"@type":"EntryPoint","urlTemplate":"https:\/\/www.ortungsgerate.de\/?s={search_term_string}"},"query-input":{"@type":"PropertyValueSpecification","valueRequired":true,"valueName":"search_term_string"}}],"inLanguage":"ru-RU"},{"@type":"Organization","@id":"https:\/\/www.ortungsgerate.de\/#organization","name":"Ortungsgerate.de","url":"https:\/\/www.ortungsgerate.de\/","logo":{"@type":"ImageObject","inLanguage":"ru-RU","@id":"https:\/\/www.ortungsgerate.de\/#\/schema\/logo\/image\/","url":"https:\/\/www.ortungsgerate.de\/wp-content\/uploads\/ortungsgerate.png","contentUrl":"https:\/\/www.ortungsgerate.de\/wp-content\/uploads\/ortungsgerate.png","width":500,"height":135,"caption":"Ortungsgerate.de"},"image":{"@id":"https:\/\/www.ortungsgerate.de\/#\/schema\/logo\/image\/"}}]}},"_links":{"self":[{"href":"https:\/\/www.ortungsgerate.de\/ru\/wp-json\/wp\/v2\/product\/16460","targetHints":{"allow":["GET"]}}],"collection":[{"href":"https:\/\/www.ortungsgerate.de\/ru\/wp-json\/wp\/v2\/product"}],"about":[{"href":"https:\/\/www.ortungsgerate.de\/ru\/wp-json\/wp\/v2\/types\/product"}],"version-history":[{"count":0,"href":"https:\/\/www.ortungsgerate.de\/ru\/wp-json\/wp\/v2\/product\/16460\/revisions"}],"wp:featuredmedia":[{"embeddable":true,"href":"https:\/\/www.ortungsgerate.de\/ru\/wp-json\/wp\/v2\/media\/26379"}],"wp:attachment":[{"href":"https:\/\/www.ortungsgerate.de\/ru\/wp-json\/wp\/v2\/media?parent=16460"}],"wp:term":[{"taxonomy":"brand","embeddable":true,"href":"https:\/\/www.ortungsgerate.de\/ru\/wp-json\/wp\/v2\/etheme_brands?post=16460"},{"taxonomy":"product_brand","embeddable":true,"href":"https:\/\/www.ortungsgerate.de\/ru\/wp-json\/wp\/v2\/product_brand?post=16460"},{"taxonomy":"product_cat","embeddable":true,"href":"https:\/\/www.ortungsgerate.de\/ru\/wp-json\/wp\/v2\/product_cat?post=16460"},{"taxonomy":"product_tag","embeddable":true,"href":"https:\/\/www.ortungsgerate.de\/ru\/wp-json\/wp\/v2\/product_tag?post=16460"}],"curies":[{"name":"wp","href":"https:\/\/api.w.org\/{rel}","templated":true}]}}