{"id":16461,"date":"2024-02-06T21:38:11","date_gmt":"2024-02-06T19:38:11","guid":{"rendered":"https:\/\/ortungsgerate.de\/be-kategorijos\/duru-akute-kamera-su-wi-fi-150-laipsniu-matymo-kampas\/"},"modified":"2025-12-01T11:26:01","modified_gmt":"2025-12-01T10:26:01","slug":"dvernoy-glazok-kamera-s-wifi-ugol-obzora-150-gradusov","status":"publish","type":"product","link":"https:\/\/www.ortungsgerate.de\/ru\/12-skrytyje-kamery\/17-zamaskirovanyje-kamery\/dvernoy-glazok-kamera-s-wifi-ugol-obzora-150-gradusov\/","title":{"rendered":"\u0414\u0432\u0435\u0440\u043d\u043e\u0439 \u0433\u043b\u0430\u0437\u043e\u043a-\u043a\u0430\u043c\u0435\u0440\u0430 \u0441 WiFi, \u0443\u0433\u043e\u043b \u043e\u0431\u0437\u043e\u0440\u0430 150 \u0433\u0440\u0430\u0434\u0443\u0441\u043e\u0432"},"content":{"rendered":"<h3><strong>\u0422\u0435\u0445\u043d\u0438\u0447\u0435\u0441\u043a\u0438\u0435 \u043f\u0430\u0440\u0430\u043c\u0435\u0442\u0440\u044b:<\/strong><\/h3>\n<ul>\n<li>Unterst\u00fctzung f\u00fcr Speicherkarten: Micro SD \/ SDHC bis 128 GB (nicht enthalten)<\/li>\n<li>Aufnahme bei Bewegungserkennung<\/li>\n<li>Bild in hoher Qualit\u00e4t<\/li>\n<li>Geeignet f\u00fcr alle T\u00fcren (L\u00e4nge des Spions verstellbar) f\u00fcr T\u00fcren mit einer St\u00e4rke von 45 mm bis 80 mm<\/li>\n<li>Sichtwinkel von bis zu 150 Grad<\/li>\n<li>Unterscheidet sich in nichts von einem herk\u00f6mmlichen T\u00fcrspion<\/li>\n<li>2-Megapixel-Kamerasensor<\/li>\n<li>\u0412\u0438\u0434\u0435\u043e\u0437\u0430\u043f\u0438\u0441\u044c \u0441\u043e \u0437\u0432\u0443\u043a\u043e\u043c<\/li>\n<li>\u0420\u0430\u0437\u0440\u0435\u0448\u0435\u043d\u0438\u0435 \u0437\u0430\u043f\u0438\u0441\u0438: Full HD 1920x1080px<\/li>\n<li>Bei Anschluss an ein WLAN-Netz ist die \u00dcberwachungsentfernung unbegrenzt<\/li>\n<li>Videoformat: AVI | max. 20 fps<\/li>\n<li>Live-\u00dcberwachung \u00fcber das Internet (per mobiler App) aus jedem Land der Welt<\/li>\n<li>Bewegungserkennung, Benachrichtigung in der App, dass sich jemand vor der T\u00fcr bewegt<\/li>\n<li>Dauerhafte Videoaufzeichnung (\u00dcberschreiben der \u00e4ltesten Daten)<\/li>\n<li>Videocodierung: H.264<\/li>\n<li>Lieferumfang: T\u00fcrspion, USB-Kabel<\/li>\n<li>Abmessungen: 17,8 x 13,4 x 4,2 cm<\/li>\n<li><strong>\u0413\u0410\u0420\u0410\u041d\u0422\u0418\u042f 12 \u043c\u0435\u0441\u044f\u0446\u0435\u0432<\/strong><\/li>\n<\/ul>\n<p>Die Nutzung dieses T\u00fcrspions ist einfach: Wir schlie\u00dfen ihn an (verbinden uns mit dem WLAN) und k\u00f6nnen das Bild live aus jedem Land der Welt \u00fcberwachen. Dies ist ein hervorragender Schutz f\u00fcr Ihr Eigentum oder um Vandalen zu \u00fcberf\u00fchren, die die W\u00e4nde im Treppenhaus beschmieren. Besonders scharfes FULL-HD-Bild.<br \/>\nEr ist f\u00fcr alle T\u00fcren geeignet, da seine L\u00e4nge verstellbar ist, weil bei manchen die T\u00fcrst\u00e4rke 5 cm und bei anderen 7,5 cm betragen kann (Sie k\u00f6nnen die L\u00e4nge f\u00fcr alle T\u00fcren anpassen). Mit einem Sichtwinkel von bis zu 150 Grad sehen Sie \u2013 wie durch einen Standard-Haust\u00fcrspion \u2013 den gesamten Treppenhausbereich.<\/p>\n<p>P.S. Wir helfen Ihnen jederzeit bei der Konfiguration des Ger\u00e4ts und erkl\u00e4ren, wie es zu benutzen ist.<\/p>\n<p>Ein T\u00fcrspion mit Kamera kann Ihr Zuhause sch\u00fctzen, da er erm\u00f6glicht, zu beobachten, was vor der T\u00fcr geschieht. Wenn Sie sehen, dass jemand versucht, ohne Erlaubnis in Ihr Haus zu gelangen, k\u00f6nnen Sie sofort reagieren und entsprechende Ma\u00dfnahmen ergreifen, um Ihr Zuhause und Ihre Sicherheit zu sch\u00fctzen. Au\u00dferdem kann ein T\u00fcrspion mit Kamera als pr\u00e4ventive Ma\u00dfnahme dienen, da er potenzielle Diebe oder andere unerw\u00fcnschte Personen abschrecken kann.<\/p>\n<p>Dieser neue T\u00fcrspion mit integrierter Kamera sch\u00fctzt Ihr Zuhause nicht nur vor Vandalen, sondern erm\u00f6glicht es Ihnen auch, live \u00fcber Ihre Mobiltelefone zu sehen, was vor der T\u00fcr passiert. Dank dieses Spions m\u00fcssen Sie keine Angst um Ihre Sicherheit haben und k\u00f6nnen sich von jedem Ort aus um Ihr Zuhause k\u00fcmmern. Dies ist ein hervorragendes Mittel, um Ruhe und Sicherheit in Ihrem Zuhause zu gew\u00e4hrleisten.<\/p>\n<p>Dieser T\u00fcrspion mit integrierter Kamera ist sehr funktional und unterscheidet sich in keiner Weise von einem normalen T\u00fcrspion. Er ist einfach zu installieren und zu bedienen, und sein gro\u00dfer Blickwinkel von bis zu 150 Grad erm\u00f6glicht es, alles zu sehen, was vor Ihrer T\u00fcr geschieht. Au\u00dferdem unterst\u00fctzt dieser Spion Speicherkarten bis zu 128 GB, sodass Sie alle Ihre Videoaufnahmen aufzeichnen und speichern k\u00f6nnen. Dies ist ein hervorragendes Mittel, um Ihr Zuhause sicher und bequem von jedem Ort aus zu \u00fcberwachen.<\/p>\n<p>Alle <a href=\"https:\/\/www.ortungsgerate.de\/ru\/12-skrytyje-kamery\/\">versteckten Kameras<\/a> von Sekimoiranga.lt sind von h\u00f6chster Qualit\u00e4t<\/p>","protected":false},"excerpt":{"rendered":"<p>Technische Parameter: Unterst\u00fctzung f\u00fcr Speicherkarten: Micro SD \/ SDHC bis 128 GB (nicht enthalten) Aufnahme bei Bewegungserkennung Bild in hoher Qualit\u00e4t Geeignet f\u00fcr alle T\u00fcren&#8230;<\/p>","protected":false},"featured_media":26384,"template":"","meta":[],"etheme_brands":[],"product_brand":[],"product_cat":[204,223,203,205],"product_tag":[42,707,705,762,690,693],"class_list":{"0":"post-16461","1":"product","2":"type-product","3":"status-publish","4":"has-post-thumbnail","6":"product_cat-17-getarnte-kameras","7":"product_cat-39-tuerspion-kamera","8":"product_cat-12-versteckte-kameras","9":"product_cat-27-wlan-minikameras","10":"product_tag-kamera","11":"product_tag-kamera-uhr","12":"product_tag-ueberwachungskamera","13":"product_tag-verdeckte-kamera","14":"product_tag-versteckte-kamera","15":"product_tag-wlan-kamera","16":"pa_typ-tuerspion","18":"first","19":"instock","20":"sale","21":"taxable","22":"shipping-taxable","23":"purchasable","24":"product-type-simple"},"yoast_head":"<!-- This site is optimized with the Yoast SEO Premium plugin v25.9 (Yoast SEO v27.4) - https:\/\/yoast.com\/product\/yoast-seo-premium-wordpress\/ -->\n<title>Versteckte Kamera T\u00fcrspion-Kamera mit WLAN und 150-Grad-Winkel<\/title>\n<meta name=\"description\" content=\"Hochwertige T\u00fcrspion-Kamera, das Bild k\u00f6nnen Sie live \u00fcber das Internet verfolgen. Sch\u00fctzen Sie Ihr Eigentum. Kostenloser Versand, wir helfen bei der Konfiguration der Ausr\u00fcstung\" \/>\n<meta name=\"robots\" content=\"index, follow, max-snippet:-1, max-image-preview:large, max-video-preview:-1\" \/>\n<link rel=\"canonical\" href=\"https:\/\/www.ortungsgerate.de\/ru\/12-skrytyje-kamery\/39-dvernoj-glazok-kamera\/dvernoy-glazok-kamera-s-wifi-ugol-obzora-150-gradusov\/\" \/>\n<meta property=\"og:locale\" content=\"ru_RU\" \/>\n<meta property=\"og:type\" content=\"article\" \/>\n<meta property=\"og:title\" content=\"T\u00fcrspion-Kamera mit WLAN, 150 Grad Blickwinkel\" \/>\n<meta property=\"og:description\" content=\"Hochwertige T\u00fcrspion-Kamera, das Bild k\u00f6nnen Sie live \u00fcber das Internet verfolgen. Sch\u00fctzen Sie Ihr Eigentum. Kostenloser Versand, wir helfen bei der Konfiguration der Ausr\u00fcstung\" \/>\n<meta property=\"og:url\" content=\"https:\/\/www.ortungsgerate.de\/ru\/12-skrytyje-kamery\/39-dvernoj-glazok-kamera\/dvernoy-glazok-kamera-s-wifi-ugol-obzora-150-gradusov\/\" \/>\n<meta property=\"og:site_name\" content=\"Ortungsger\u00e4te.de\" \/>\n<meta property=\"article:modified_time\" content=\"2025-12-01T10:26:01+00:00\" \/>\n<meta property=\"og:image\" content=\"https:\/\/www.ortungsgerate.de\/wp-content\/uploads\/duru-akute-slapta-vaizdo-kamera-wifi.jpg\" \/>\n\t<meta property=\"og:image:width\" content=\"458\" \/>\n\t<meta property=\"og:image:height\" content=\"458\" \/>\n\t<meta property=\"og:image:type\" content=\"image\/jpeg\" \/>\n<meta name=\"twitter:card\" content=\"summary_large_image\" \/>\n<meta name=\"twitter:label1\" content=\"\u041f\u0440\u0438\u043c\u0435\u0440\u043d\u043e\u0435 \u0432\u0440\u0435\u043c\u044f \u0434\u043b\u044f \u0447\u0442\u0435\u043d\u0438\u044f\" \/>\n\t<meta name=\"twitter:data1\" content=\"3 \u043c\u0438\u043d\u0443\u0442\u044b\" \/>\n<script type=\"application\/ld+json\" class=\"yoast-schema-graph\">{\"@context\":\"https:\\\/\\\/schema.org\",\"@graph\":[{\"@type\":\"WebPage\",\"@id\":\"https:\\\/\\\/www.ortungsgerate.de\\\/12-versteckte-kameras\\\/39-tuerspion-kamera\\\/tuerspion-kamera-mit-wlan-150-grad-blickwinkel\\\/\",\"url\":\"https:\\\/\\\/www.ortungsgerate.de\\\/12-versteckte-kameras\\\/39-tuerspion-kamera\\\/tuerspion-kamera-mit-wlan-150-grad-blickwinkel\\\/\",\"name\":\"Versteckte Kamera T\u00fcrspion-Kamera mit WLAN und 150-Grad-Winkel\",\"isPartOf\":{\"@id\":\"https:\\\/\\\/www.ortungsgerate.de\\\/#website\"},\"primaryImageOfPage\":{\"@id\":\"https:\\\/\\\/www.ortungsgerate.de\\\/12-versteckte-kameras\\\/39-tuerspion-kamera\\\/tuerspion-kamera-mit-wlan-150-grad-blickwinkel\\\/#primaryimage\"},\"image\":{\"@id\":\"https:\\\/\\\/www.ortungsgerate.de\\\/12-versteckte-kameras\\\/39-tuerspion-kamera\\\/tuerspion-kamera-mit-wlan-150-grad-blickwinkel\\\/#primaryimage\"},\"thumbnailUrl\":\"https:\\\/\\\/www.ortungsgerate.de\\\/wp-content\\\/uploads\\\/duru-akute-slapta-vaizdo-kamera-wifi.jpg\",\"datePublished\":\"2024-02-06T19:38:11+00:00\",\"dateModified\":\"2025-12-01T10:26:01+00:00\",\"description\":\"Hochwertige T\u00fcrspion-Kamera, das Bild k\u00f6nnen Sie live \u00fcber das Internet verfolgen. Sch\u00fctzen Sie Ihr Eigentum. Kostenloser Versand, wir helfen bei der Konfiguration der Ausr\u00fcstung\",\"breadcrumb\":{\"@id\":\"https:\\\/\\\/www.ortungsgerate.de\\\/12-versteckte-kameras\\\/39-tuerspion-kamera\\\/tuerspion-kamera-mit-wlan-150-grad-blickwinkel\\\/#breadcrumb\"},\"inLanguage\":\"ru-RU\",\"potentialAction\":[{\"@type\":\"ReadAction\",\"target\":[\"https:\\\/\\\/www.ortungsgerate.de\\\/12-versteckte-kameras\\\/39-tuerspion-kamera\\\/tuerspion-kamera-mit-wlan-150-grad-blickwinkel\\\/\"]}]},{\"@type\":\"ImageObject\",\"inLanguage\":\"ru-RU\",\"@id\":\"https:\\\/\\\/www.ortungsgerate.de\\\/12-versteckte-kameras\\\/39-tuerspion-kamera\\\/tuerspion-kamera-mit-wlan-150-grad-blickwinkel\\\/#primaryimage\",\"url\":\"https:\\\/\\\/www.ortungsgerate.de\\\/wp-content\\\/uploads\\\/duru-akute-slapta-vaizdo-kamera-wifi.jpg\",\"contentUrl\":\"https:\\\/\\\/www.ortungsgerate.de\\\/wp-content\\\/uploads\\\/duru-akute-slapta-vaizdo-kamera-wifi.jpg\",\"width\":458,\"height\":458,\"caption\":\"Versteckte WLAN-T\u00fcrklingelkamera\"},{\"@type\":\"BreadcrumbList\",\"@id\":\"https:\\\/\\\/www.ortungsgerate.de\\\/12-versteckte-kameras\\\/39-tuerspion-kamera\\\/tuerspion-kamera-mit-wlan-150-grad-blickwinkel\\\/#breadcrumb\",\"itemListElement\":[{\"@type\":\"ListItem\",\"position\":1,\"name\":\"Startseite\",\"item\":\"https:\\\/\\\/www.ortungsgerate.de\\\/\"},{\"@type\":\"ListItem\",\"position\":2,\"name\":\"Shop\",\"item\":\"https:\\\/\\\/www.ortungsgerate.de\\\/shop\\\/\"},{\"@type\":\"ListItem\",\"position\":3,\"name\":\"T\u00fcrspion-Kamera mit WLAN, 150 Grad Blickwinkel\"}]},{\"@type\":\"WebSite\",\"@id\":\"https:\\\/\\\/www.ortungsgerate.de\\\/#website\",\"url\":\"https:\\\/\\\/www.ortungsgerate.de\\\/\",\"name\":\"Ortungsgerate.de\",\"description\":\"\",\"publisher\":{\"@id\":\"https:\\\/\\\/www.ortungsgerate.de\\\/#organization\"},\"potentialAction\":[{\"@type\":\"SearchAction\",\"target\":{\"@type\":\"EntryPoint\",\"urlTemplate\":\"https:\\\/\\\/www.ortungsgerate.de\\\/?s={search_term_string}\"},\"query-input\":{\"@type\":\"PropertyValueSpecification\",\"valueRequired\":true,\"valueName\":\"search_term_string\"}}],\"inLanguage\":\"ru-RU\"},{\"@type\":\"Organization\",\"@id\":\"https:\\\/\\\/www.ortungsgerate.de\\\/#organization\",\"name\":\"Ortungsgerate.de\",\"url\":\"https:\\\/\\\/www.ortungsgerate.de\\\/\",\"logo\":{\"@type\":\"ImageObject\",\"inLanguage\":\"ru-RU\",\"@id\":\"https:\\\/\\\/www.ortungsgerate.de\\\/#\\\/schema\\\/logo\\\/image\\\/\",\"url\":\"https:\\\/\\\/www.ortungsgerate.de\\\/wp-content\\\/uploads\\\/ortungsgerate.png\",\"contentUrl\":\"https:\\\/\\\/www.ortungsgerate.de\\\/wp-content\\\/uploads\\\/ortungsgerate.png\",\"width\":500,\"height\":135,\"caption\":\"Ortungsgerate.de\"},\"image\":{\"@id\":\"https:\\\/\\\/www.ortungsgerate.de\\\/#\\\/schema\\\/logo\\\/image\\\/\"}}]}<\/script>\n<!-- \/ Yoast SEO Premium plugin. -->","yoast_head_json":{"title":"Versteckte Kamera T\u00fcrspion-Kamera mit WLAN und 150-Grad-Winkel","description":"Hochwertige T\u00fcrspion-Kamera, das Bild k\u00f6nnen Sie live \u00fcber das Internet verfolgen. Sch\u00fctzen Sie Ihr Eigentum. Kostenloser Versand, wir helfen bei der Konfiguration der Ausr\u00fcstung","robots":{"index":"index","follow":"follow","max-snippet":"max-snippet:-1","max-image-preview":"max-image-preview:large","max-video-preview":"max-video-preview:-1"},"canonical":"https:\/\/www.ortungsgerate.de\/ru\/12-skrytyje-kamery\/39-dvernoj-glazok-kamera\/dvernoy-glazok-kamera-s-wifi-ugol-obzora-150-gradusov\/","og_locale":"ru_RU","og_type":"article","og_title":"T\u00fcrspion-Kamera mit WLAN, 150 Grad Blickwinkel","og_description":"Hochwertige T\u00fcrspion-Kamera, das Bild k\u00f6nnen Sie live \u00fcber das Internet verfolgen. Sch\u00fctzen Sie Ihr Eigentum. Kostenloser Versand, wir helfen bei der Konfiguration der Ausr\u00fcstung","og_url":"https:\/\/www.ortungsgerate.de\/ru\/12-skrytyje-kamery\/39-dvernoj-glazok-kamera\/dvernoy-glazok-kamera-s-wifi-ugol-obzora-150-gradusov\/","og_site_name":"Ortungsger\u00e4te.de","article_modified_time":"2025-12-01T10:26:01+00:00","og_image":[{"width":458,"height":458,"url":"https:\/\/www.ortungsgerate.de\/wp-content\/uploads\/duru-akute-slapta-vaizdo-kamera-wifi.jpg","type":"image\/jpeg"}],"twitter_card":"summary_large_image","twitter_misc":{"\u041f\u0440\u0438\u043c\u0435\u0440\u043d\u043e\u0435 \u0432\u0440\u0435\u043c\u044f \u0434\u043b\u044f \u0447\u0442\u0435\u043d\u0438\u044f":"3 \u043c\u0438\u043d\u0443\u0442\u044b"},"schema":{"@context":"https:\/\/schema.org","@graph":[{"@type":"WebPage","@id":"https:\/\/www.ortungsgerate.de\/12-versteckte-kameras\/39-tuerspion-kamera\/tuerspion-kamera-mit-wlan-150-grad-blickwinkel\/","url":"https:\/\/www.ortungsgerate.de\/12-versteckte-kameras\/39-tuerspion-kamera\/tuerspion-kamera-mit-wlan-150-grad-blickwinkel\/","name":"Versteckte Kamera T\u00fcrspion-Kamera mit WLAN und 150-Grad-Winkel","isPartOf":{"@id":"https:\/\/www.ortungsgerate.de\/#website"},"primaryImageOfPage":{"@id":"https:\/\/www.ortungsgerate.de\/12-versteckte-kameras\/39-tuerspion-kamera\/tuerspion-kamera-mit-wlan-150-grad-blickwinkel\/#primaryimage"},"image":{"@id":"https:\/\/www.ortungsgerate.de\/12-versteckte-kameras\/39-tuerspion-kamera\/tuerspion-kamera-mit-wlan-150-grad-blickwinkel\/#primaryimage"},"thumbnailUrl":"https:\/\/www.ortungsgerate.de\/wp-content\/uploads\/duru-akute-slapta-vaizdo-kamera-wifi.jpg","datePublished":"2024-02-06T19:38:11+00:00","dateModified":"2025-12-01T10:26:01+00:00","description":"Hochwertige T\u00fcrspion-Kamera, das Bild k\u00f6nnen Sie live \u00fcber das Internet verfolgen. Sch\u00fctzen Sie Ihr Eigentum. Kostenloser Versand, wir helfen bei der Konfiguration der Ausr\u00fcstung","breadcrumb":{"@id":"https:\/\/www.ortungsgerate.de\/12-versteckte-kameras\/39-tuerspion-kamera\/tuerspion-kamera-mit-wlan-150-grad-blickwinkel\/#breadcrumb"},"inLanguage":"ru-RU","potentialAction":[{"@type":"ReadAction","target":["https:\/\/www.ortungsgerate.de\/12-versteckte-kameras\/39-tuerspion-kamera\/tuerspion-kamera-mit-wlan-150-grad-blickwinkel\/"]}]},{"@type":"ImageObject","inLanguage":"ru-RU","@id":"https:\/\/www.ortungsgerate.de\/12-versteckte-kameras\/39-tuerspion-kamera\/tuerspion-kamera-mit-wlan-150-grad-blickwinkel\/#primaryimage","url":"https:\/\/www.ortungsgerate.de\/wp-content\/uploads\/duru-akute-slapta-vaizdo-kamera-wifi.jpg","contentUrl":"https:\/\/www.ortungsgerate.de\/wp-content\/uploads\/duru-akute-slapta-vaizdo-kamera-wifi.jpg","width":458,"height":458,"caption":"Versteckte WLAN-T\u00fcrklingelkamera"},{"@type":"BreadcrumbList","@id":"https:\/\/www.ortungsgerate.de\/12-versteckte-kameras\/39-tuerspion-kamera\/tuerspion-kamera-mit-wlan-150-grad-blickwinkel\/#breadcrumb","itemListElement":[{"@type":"ListItem","position":1,"name":"Startseite","item":"https:\/\/www.ortungsgerate.de\/"},{"@type":"ListItem","position":2,"name":"Shop","item":"https:\/\/www.ortungsgerate.de\/shop\/"},{"@type":"ListItem","position":3,"name":"T\u00fcrspion-Kamera mit WLAN, 150 Grad Blickwinkel"}]},{"@type":"WebSite","@id":"https:\/\/www.ortungsgerate.de\/#website","url":"https:\/\/www.ortungsgerate.de\/","name":"Ortungsgerate.de","description":"","publisher":{"@id":"https:\/\/www.ortungsgerate.de\/#organization"},"potentialAction":[{"@type":"SearchAction","target":{"@type":"EntryPoint","urlTemplate":"https:\/\/www.ortungsgerate.de\/?s={search_term_string}"},"query-input":{"@type":"PropertyValueSpecification","valueRequired":true,"valueName":"search_term_string"}}],"inLanguage":"ru-RU"},{"@type":"Organization","@id":"https:\/\/www.ortungsgerate.de\/#organization","name":"Ortungsgerate.de","url":"https:\/\/www.ortungsgerate.de\/","logo":{"@type":"ImageObject","inLanguage":"ru-RU","@id":"https:\/\/www.ortungsgerate.de\/#\/schema\/logo\/image\/","url":"https:\/\/www.ortungsgerate.de\/wp-content\/uploads\/ortungsgerate.png","contentUrl":"https:\/\/www.ortungsgerate.de\/wp-content\/uploads\/ortungsgerate.png","width":500,"height":135,"caption":"Ortungsgerate.de"},"image":{"@id":"https:\/\/www.ortungsgerate.de\/#\/schema\/logo\/image\/"}}]}},"_links":{"self":[{"href":"https:\/\/www.ortungsgerate.de\/ru\/wp-json\/wp\/v2\/product\/16461","targetHints":{"allow":["GET"]}}],"collection":[{"href":"https:\/\/www.ortungsgerate.de\/ru\/wp-json\/wp\/v2\/product"}],"about":[{"href":"https:\/\/www.ortungsgerate.de\/ru\/wp-json\/wp\/v2\/types\/product"}],"version-history":[{"count":0,"href":"https:\/\/www.ortungsgerate.de\/ru\/wp-json\/wp\/v2\/product\/16461\/revisions"}],"wp:featuredmedia":[{"embeddable":true,"href":"https:\/\/www.ortungsgerate.de\/ru\/wp-json\/wp\/v2\/media\/26384"}],"wp:attachment":[{"href":"https:\/\/www.ortungsgerate.de\/ru\/wp-json\/wp\/v2\/media?parent=16461"}],"wp:term":[{"taxonomy":"brand","embeddable":true,"href":"https:\/\/www.ortungsgerate.de\/ru\/wp-json\/wp\/v2\/etheme_brands?post=16461"},{"taxonomy":"product_brand","embeddable":true,"href":"https:\/\/www.ortungsgerate.de\/ru\/wp-json\/wp\/v2\/product_brand?post=16461"},{"taxonomy":"product_cat","embeddable":true,"href":"https:\/\/www.ortungsgerate.de\/ru\/wp-json\/wp\/v2\/product_cat?post=16461"},{"taxonomy":"product_tag","embeddable":true,"href":"https:\/\/www.ortungsgerate.de\/ru\/wp-json\/wp\/v2\/product_tag?post=16461"}],"curies":[{"name":"wp","href":"https:\/\/api.w.org\/{rel}","templated":true}]}}