{"id":16462,"date":"2024-02-06T21:37:30","date_gmt":"2024-02-06T19:37:30","guid":{"rendered":"https:\/\/ortungsgerate.de\/be-kategorijos\/pakabukas-spynele-su-imontuotu-slaptu-diktofonu\/"},"modified":"2025-11-26T19:01:36","modified_gmt":"2025-11-26T17:01:36","slug":"podveska-zamok-s-integrirovannym-skrytym-diktofonom","status":"publish","type":"product","link":"https:\/\/www.ortungsgerate.de\/ru\/13-diktofony-2\/podveska-zamok-s-integrirovannym-skrytym-diktofonom\/","title":{"rendered":"\u041f\u043e\u0434\u0432\u0435\u0441\u043a\u0430 \u201e\u0417\u0430\u043c\u043e\u043a\u201c \u0441 \u0438\u043d\u0442\u0435\u0433\u0440\u0438\u0440\u043e\u0432\u0430\u043d\u043d\u044b\u043c \u0441\u043a\u0440\u044b\u0442\u044b\u043c \u0434\u0438\u043a\u0442\u043e\u0444\u043e\u043d\u043e\u043c"},"content":{"rendered":"<h3>TECHNISCHE PARAMETER<\/h3>\n<ul>\n<li>Reichweite: ca. 8 m \u2013 15 m<\/li>\n<li>\u041d\u0435 \u0438\u0437\u0434\u0430\u0435\u0442 \u043d\u0438\u043a\u0430\u043a\u0438\u0445 \u0437\u0432\u0443\u043a\u043e\u0432 \u0438\u043b\u0438 \u0441\u0432\u0435\u0442\u043e\u0432\u044b\u0445 \u0441\u0438\u0433\u043d\u0430\u043b\u043e\u0432<\/li>\n<li>Aufnahmequalit\u00e4t: 192 kbps<\/li>\n<li>Aufnahme wird ab 50 dB Schallpegel aktiviert<\/li>\n<li>Interner Speicher: 8 GB<\/li>\n<li>Betriebszeit: ca. 20 Stunden<\/li>\n<li>Spracherkennungsfunktion: JA<\/li>\n<li>\u0424\u043e\u0440\u043c\u0430\u0442 \u0437\u0430\u043f\u0438\u0441\u0438: WAV<\/li>\n<li>Akkukapazit\u00e4t: 150 mAh<\/li>\n<li>System: Windows: 7, 8, 10 \/ MacOS<\/li>\n<li>Ger\u00e4tegr\u00f6\u00dfe: 35 mm x 30 mm x 11 mm<\/li>\n<li><strong>\u0413\u0410\u0420\u0410\u041d\u0422\u0418\u042f 12 \u043c\u0435\u0441\u044f\u0446\u0435\u0432<\/strong><\/li>\n<\/ul>\n<p><span style=\"color: #d0121a;\"><\/span><\/p>\n<p><strong>Schl\u00fcsselanh\u00e4nger in Form eines Vorh\u00e4ngeschlosses mit integriertem Diktierger\u00e4t<\/strong><\/p>\n<p>Schl\u00fcsselanh\u00e4nger geh\u00f6ren zu den Accessoires, die fast jeder von uns verwendet. Genau deshalb wird bei der Entwicklung verdeckter Diktierger\u00e4te h\u00e4ufig entschieden, diese in Schl\u00fcsselanh\u00e4ngern zu tarnen: Schl\u00fcssel-Accessoires erwecken bei Au\u00dfenstehenden keinerlei Verdacht, sodass sich vertrauliche Informationen deutlich einfacher aufzeichnen lassen. Wenn Gespr\u00e4che oder andere Ger\u00e4usche unauff\u00e4llig aufgezeichnet werden sollen, kann genau diese L\u00f6sung zweifellos eine der vorteilhaftesten sein \u2013 es lohnt sich also, diese Option in Betracht zu ziehen.<\/p>\n<p><strong>Einfach im Alltag einsetzbar<\/strong><\/p>\n<p>Schl\u00fcssel haben wir immer bei uns, somit haben Sie auch den Schl\u00fcsselanh\u00e4nger mit dem verdeckten Diktierger\u00e4t stets zur Hand. Wenn Sie unerwartet bestimmte Gespr\u00e4che aufzeichnen m\u00fcssen, brauchen Sie nicht lange nach einem geeigneten Ger\u00e4t zu suchen \u2013 mit nur einem Tastendruck k\u00f6nnen Sie die Audioaufnahmefunktion aktivieren, was Ihnen dabei hilft, die ben\u00f6tigten Beweise oder andere wichtige Informationen zu sammeln.<\/p>\n<p><strong>Wann kann dieses Ger\u00e4t verwendet werden?<\/strong><\/p>\n<p>Es gibt zahlreiche Situationen, in denen ein verdecktes Diktierger\u00e4t hilfreich sein kann: Dieses Ger\u00e4t kann zum Einsatz kommen, wenn Sie Informationen aufzeichnen m\u00f6chten, die f\u00fcr ein Gerichtsverfahren n\u00fctzlich sind, wenn Sie sich vergewissern wollen, dass Ihre Kinder in Sicherheit sind, usw. Wenn Sie zum Beispiel den Verdacht haben, dass Ihr Kind in der Schule Probleme hat (es wird gemobbt, Lehrer verhalten sich unangemessen usw.), k\u00f6nnen Sie diesen Schl\u00fcsselanh\u00e4nger einfach in den Rucksack des Kindes legen und sp\u00e4ter die aufgezeichneten Audiodateien anh\u00f6ren. Nat\u00fcrlich sollten Sie nicht vergessen, dass f\u00fcr jeden Menschen Privatsph\u00e4re wichtig ist, daher ist auch Ihr Kind keine Ausnahme: Das Diktierger\u00e4t sollte nur dann verwendet werden, wenn Sie Zweifel an der Sicherheit Ihres Kindes haben.<\/p>\n<p><strong>Automatische Aktivierung der Aufnahmefunktion<\/strong><\/p>\n<p>Manchmal besteht keine M\u00f6glichkeit, nach der Einschalttaste des Ger\u00e4ts zu suchen, und Audioaufnahmen m\u00fcssen so schnell wie m\u00f6glich gestartet werden. Genau deshalb k\u00f6nnen Sie die automatische Audioaufzeichnungsfunktion nutzen: Sobald in der Umgebung Ger\u00e4usche erkannt werden, beginnen die Aufnahmen sofort, sodass Ihnen nichts Wichtiges entgeht. Wenn Sie den Schl\u00fcsselanh\u00e4nger einfach im B\u00fcro oder in einem anderen Raum liegen lassen, ist diese automatische Audioaufzeichnungsfunktion ebenfalls sehr n\u00fctzlich: Sobald Ger\u00e4usche erkannt werden, startet die Aufnahme, und wenn es in der Umgebung ruhig ist, arbeitet das verdeckte Diktierger\u00e4t im Standby-Modus. Dies hilft nicht nur, den Akku zu schonen, sondern verhindert auch lange Stille-Aufnahmen, die sp\u00e4ter nur schwer zu sichten sind.<\/p>\n<p><strong>\u00dcbertragung der Aufnahmen auf den Computer<\/strong><\/p>\n<p>Alle aufgezeichneten Audiodateien k\u00f6nnen sp\u00e4ter auf einen Computer \u00fcbertragen und angeh\u00f6rt werden. Besonders erfreulich ist, dass dieses kleine verdeckte Ger\u00e4t Audioaufnahmen in sehr hoher Qualit\u00e4t aufzeichnet, sodass Sie sich keine Sorgen machen m\u00fcssen, dass diese sp\u00e4ter nur schwer verst\u00e4ndlich sein k\u00f6nnten. Wenn wichtige Informationen f\u00fcr ein Gerichtsverfahren gesammelt werden, ist es ein entscheidendes Kriterium, dass die Aufnahmen ausreichend hochwertig und klar verst\u00e4ndlich sind \u2013 dieser Schl\u00fcsselanh\u00e4nger mit verdecktem Diktierger\u00e4t wird Sie in dieser Hinsicht nicht entt\u00e4uschen.<\/p>\n<p><strong>Besonders lange Standby- und Betriebsdauer des Akkus<\/strong><\/p>\n<p>W\u00e4hrend der Audioaufzeichnung k\u00f6nnen Sie sicher sein, dass der Akku nicht zum ung\u00fcnstigsten Zeitpunkt leer wird. Die durchgehende Aufzeichnungsdauer betr\u00e4gt bis zu 20 Stunden, sodass Sie in dieser Zeit wirklich zahlreiche n\u00fctzliche Informationen sammeln k\u00f6nnen. Wenn die Audioaufnahmefunktion nur dann aktiviert wird, wenn Sie etwas Wichtiges aufzeichnen m\u00f6chten, k\u00f6nnen Sie sicher sein, dass die Standby-Zeit des Ger\u00e4ts besonders lang sein wird.<\/p>\n<p>Wenn Sie also bestimmte wichtige Informationen sammeln oder sich einfach von der Sicherheit Ihrer Kinder \u00fcberzeugen m\u00f6chten, erwerben Sie einen Schl\u00fcsselanh\u00e4nger mit verdecktem Diktierger\u00e4t: Sie k\u00f6nnen sicher sein, dass dieses verdeckte Ger\u00e4t eine hochwertige Audioaufzeichnung gew\u00e4hrleistet und die auf den Computer \u00fcbertragenen Informationen sogar zu entscheidenden Beweismitteln in einem Gerichtsverfahren werden k\u00f6nnen.<\/p>","protected":false},"excerpt":{"rendered":"<p>TECHNISCHE PARAMETER Reichweite: ca. 8 m &#8211; 15 m Gibt keinerlei Ger\u00e4usche oder Lichtsignale ab Aufnahmequalit\u00e4t: 192 kbps Aufnahme wird ab 50 dB Schallpegel aktiviert&#8230;<\/p>","protected":false},"featured_media":1730,"template":"","meta":[],"etheme_brands":[],"product_brand":[],"product_cat":[207],"product_tag":[709,757],"class_list":{"0":"post-16462","1":"product","2":"type-product","3":"status-publish","4":"has-post-thumbnail","6":"product_cat-13-diktiergeraete","7":"product_tag-gespraechsaufzeichnung","8":"product_tag-professioneller-diktiergeraet","9":"pa_typ-anhaenger","11":"first","12":"instock","13":"taxable","14":"shipping-taxable","15":"purchasable","16":"product-type-simple"},"yoast_head":"<!-- This site is optimized with the Yoast SEO Premium plugin v25.9 (Yoast SEO v27.4) - https:\/\/yoast.com\/product\/yoast-seo-premium-wordpress\/ -->\n<title>Versteckter Mini-Diktierger\u00e4t getarnt als Schloss zum guten Preis<\/title>\n<meta name=\"description\" content=\"Besonders kleiner geheimer Mini-Diktierger\u00e4t, getarnt als Spange. Hochwertige Tonqualit\u00e4t, kann nur bei Ger\u00e4uschen aufzeichnen, Sie m\u00fcssen keine Stille anh\u00f6ren. Jetzt zu einem besonders guten Preis\" \/>\n<meta name=\"robots\" content=\"index, follow, max-snippet:-1, max-image-preview:large, max-video-preview:-1\" \/>\n<link rel=\"canonical\" href=\"https:\/\/ortungsgerate.de\/13-diktofonai\/\" \/>\n<meta property=\"og:locale\" content=\"ru_RU\" \/>\n<meta property=\"og:type\" content=\"article\" \/>\n<meta property=\"og:title\" content=\"Anh\u00e4nger \u201eSchloss\u201c mit integriertem verstecktem Diktierger\u00e4t\" \/>\n<meta property=\"og:description\" content=\"Besonders kleiner geheimer Mini-Diktierger\u00e4t, getarnt als Spange. Hochwertige Tonqualit\u00e4t, kann nur bei Ger\u00e4uschen aufzeichnen, Sie m\u00fcssen keine Stille anh\u00f6ren. Jetzt zu einem besonders guten Preis\" \/>\n<meta property=\"og:url\" content=\"https:\/\/ortungsgerate.de\/13-diktofonai\/\" \/>\n<meta property=\"og:site_name\" content=\"Ortungsger\u00e4te.de\" \/>\n<meta property=\"article:modified_time\" content=\"2025-11-26T17:01:36+00:00\" \/>\n<meta property=\"og:image\" content=\"https:\/\/www.ortungsgerate.de\/wp-content\/uploads\/pakabukas-spynele-su-imontuotu-slaptu-diktofonu.jpg\" \/>\n\t<meta property=\"og:image:width\" content=\"1200\" \/>\n\t<meta property=\"og:image:height\" content=\"1200\" \/>\n\t<meta property=\"og:image:type\" content=\"image\/jpeg\" \/>\n<meta name=\"twitter:card\" content=\"summary_large_image\" \/>\n<meta name=\"twitter:label1\" content=\"\u041f\u0440\u0438\u043c\u0435\u0440\u043d\u043e\u0435 \u0432\u0440\u0435\u043c\u044f \u0434\u043b\u044f \u0447\u0442\u0435\u043d\u0438\u044f\" \/>\n\t<meta name=\"twitter:data1\" content=\"4 \u043c\u0438\u043d\u0443\u0442\u044b\" \/>\n<script type=\"application\/ld+json\" class=\"yoast-schema-graph\">{\"@context\":\"https:\\\/\\\/schema.org\",\"@graph\":[{\"@type\":\"WebPage\",\"@id\":\"https:\\\/\\\/www.ortungsgerate.de\\\/13-diktiergeraete\\\/anhaenger-schloss-mit-integriertem-verstecktem-diktiergeraet\\\/\",\"url\":\"https:\\\/\\\/ortungsgerate.de\\\/13-diktofonai\\\/\",\"name\":\"Versteckter Mini-Diktierger\u00e4t getarnt als Schloss zum guten Preis\",\"isPartOf\":{\"@id\":\"https:\\\/\\\/www.ortungsgerate.de\\\/#website\"},\"primaryImageOfPage\":{\"@id\":\"https:\\\/\\\/ortungsgerate.de\\\/13-diktofonai\\\/#primaryimage\"},\"image\":{\"@id\":\"https:\\\/\\\/ortungsgerate.de\\\/13-diktofonai\\\/#primaryimage\"},\"thumbnailUrl\":\"https:\\\/\\\/www.ortungsgerate.de\\\/wp-content\\\/uploads\\\/pakabukas-spynele-su-imontuotu-slaptu-diktofonu.jpg\",\"datePublished\":\"2024-02-06T19:37:30+00:00\",\"dateModified\":\"2025-11-26T17:01:36+00:00\",\"description\":\"Besonders kleiner geheimer Mini-Diktierger\u00e4t, getarnt als Spange. Hochwertige Tonqualit\u00e4t, kann nur bei Ger\u00e4uschen aufzeichnen, Sie m\u00fcssen keine Stille anh\u00f6ren. Jetzt zu einem besonders guten Preis\",\"breadcrumb\":{\"@id\":\"https:\\\/\\\/ortungsgerate.de\\\/13-diktofonai\\\/#breadcrumb\"},\"inLanguage\":\"ru-RU\",\"potentialAction\":[{\"@type\":\"ReadAction\",\"target\":[\"https:\\\/\\\/ortungsgerate.de\\\/13-diktofonai\\\/\"]}]},{\"@type\":\"ImageObject\",\"inLanguage\":\"ru-RU\",\"@id\":\"https:\\\/\\\/ortungsgerate.de\\\/13-diktofonai\\\/#primaryimage\",\"url\":\"https:\\\/\\\/www.ortungsgerate.de\\\/wp-content\\\/uploads\\\/pakabukas-spynele-su-imontuotu-slaptu-diktofonu.jpg\",\"contentUrl\":\"https:\\\/\\\/www.ortungsgerate.de\\\/wp-content\\\/uploads\\\/pakabukas-spynele-su-imontuotu-slaptu-diktofonu.jpg\",\"width\":1200,\"height\":1200,\"caption\":\"Anh\u00e4nger \u201espynel\u0117\u201c mit eingebautem verstecktem Diktierger\u00e4t\"},{\"@type\":\"BreadcrumbList\",\"@id\":\"https:\\\/\\\/ortungsgerate.de\\\/13-diktofonai\\\/#breadcrumb\",\"itemListElement\":[{\"@type\":\"ListItem\",\"position\":1,\"name\":\"Startseite\",\"item\":\"https:\\\/\\\/www.ortungsgerate.de\\\/\"},{\"@type\":\"ListItem\",\"position\":2,\"name\":\"Shop\",\"item\":\"https:\\\/\\\/www.ortungsgerate.de\\\/shop\\\/\"},{\"@type\":\"ListItem\",\"position\":3,\"name\":\"Anh\u00e4nger \u201eSchloss\u201c mit integriertem verstecktem Diktierger\u00e4t\"}]},{\"@type\":\"WebSite\",\"@id\":\"https:\\\/\\\/www.ortungsgerate.de\\\/#website\",\"url\":\"https:\\\/\\\/www.ortungsgerate.de\\\/\",\"name\":\"Ortungsgerate.de\",\"description\":\"\",\"publisher\":{\"@id\":\"https:\\\/\\\/www.ortungsgerate.de\\\/#organization\"},\"potentialAction\":[{\"@type\":\"SearchAction\",\"target\":{\"@type\":\"EntryPoint\",\"urlTemplate\":\"https:\\\/\\\/www.ortungsgerate.de\\\/?s={search_term_string}\"},\"query-input\":{\"@type\":\"PropertyValueSpecification\",\"valueRequired\":true,\"valueName\":\"search_term_string\"}}],\"inLanguage\":\"ru-RU\"},{\"@type\":\"Organization\",\"@id\":\"https:\\\/\\\/www.ortungsgerate.de\\\/#organization\",\"name\":\"Ortungsgerate.de\",\"url\":\"https:\\\/\\\/www.ortungsgerate.de\\\/\",\"logo\":{\"@type\":\"ImageObject\",\"inLanguage\":\"ru-RU\",\"@id\":\"https:\\\/\\\/www.ortungsgerate.de\\\/#\\\/schema\\\/logo\\\/image\\\/\",\"url\":\"https:\\\/\\\/www.ortungsgerate.de\\\/wp-content\\\/uploads\\\/ortungsgerate.png\",\"contentUrl\":\"https:\\\/\\\/www.ortungsgerate.de\\\/wp-content\\\/uploads\\\/ortungsgerate.png\",\"width\":500,\"height\":135,\"caption\":\"Ortungsgerate.de\"},\"image\":{\"@id\":\"https:\\\/\\\/www.ortungsgerate.de\\\/#\\\/schema\\\/logo\\\/image\\\/\"}}]}<\/script>\n<!-- \/ Yoast SEO Premium plugin. -->","yoast_head_json":{"title":"Versteckter Mini-Diktierger\u00e4t getarnt als Schloss zum guten Preis","description":"Besonders kleiner geheimer Mini-Diktierger\u00e4t, getarnt als Spange. Hochwertige Tonqualit\u00e4t, kann nur bei Ger\u00e4uschen aufzeichnen, Sie m\u00fcssen keine Stille anh\u00f6ren. Jetzt zu einem besonders guten Preis","robots":{"index":"index","follow":"follow","max-snippet":"max-snippet:-1","max-image-preview":"max-image-preview:large","max-video-preview":"max-video-preview:-1"},"canonical":"https:\/\/ortungsgerate.de\/13-diktofonai\/","og_locale":"ru_RU","og_type":"article","og_title":"Anh\u00e4nger \u201eSchloss\u201c mit integriertem verstecktem Diktierger\u00e4t","og_description":"Besonders kleiner geheimer Mini-Diktierger\u00e4t, getarnt als Spange. Hochwertige Tonqualit\u00e4t, kann nur bei Ger\u00e4uschen aufzeichnen, Sie m\u00fcssen keine Stille anh\u00f6ren. Jetzt zu einem besonders guten Preis","og_url":"https:\/\/ortungsgerate.de\/13-diktofonai\/","og_site_name":"Ortungsger\u00e4te.de","article_modified_time":"2025-11-26T17:01:36+00:00","og_image":[{"width":1200,"height":1200,"url":"https:\/\/www.ortungsgerate.de\/wp-content\/uploads\/pakabukas-spynele-su-imontuotu-slaptu-diktofonu.jpg","type":"image\/jpeg"}],"twitter_card":"summary_large_image","twitter_misc":{"\u041f\u0440\u0438\u043c\u0435\u0440\u043d\u043e\u0435 \u0432\u0440\u0435\u043c\u044f \u0434\u043b\u044f \u0447\u0442\u0435\u043d\u0438\u044f":"4 \u043c\u0438\u043d\u0443\u0442\u044b"},"schema":{"@context":"https:\/\/schema.org","@graph":[{"@type":"WebPage","@id":"https:\/\/www.ortungsgerate.de\/13-diktiergeraete\/anhaenger-schloss-mit-integriertem-verstecktem-diktiergeraet\/","url":"https:\/\/ortungsgerate.de\/13-diktofonai\/","name":"Versteckter Mini-Diktierger\u00e4t getarnt als Schloss zum guten Preis","isPartOf":{"@id":"https:\/\/www.ortungsgerate.de\/#website"},"primaryImageOfPage":{"@id":"https:\/\/ortungsgerate.de\/13-diktofonai\/#primaryimage"},"image":{"@id":"https:\/\/ortungsgerate.de\/13-diktofonai\/#primaryimage"},"thumbnailUrl":"https:\/\/www.ortungsgerate.de\/wp-content\/uploads\/pakabukas-spynele-su-imontuotu-slaptu-diktofonu.jpg","datePublished":"2024-02-06T19:37:30+00:00","dateModified":"2025-11-26T17:01:36+00:00","description":"Besonders kleiner geheimer Mini-Diktierger\u00e4t, getarnt als Spange. Hochwertige Tonqualit\u00e4t, kann nur bei Ger\u00e4uschen aufzeichnen, Sie m\u00fcssen keine Stille anh\u00f6ren. Jetzt zu einem besonders guten Preis","breadcrumb":{"@id":"https:\/\/ortungsgerate.de\/13-diktofonai\/#breadcrumb"},"inLanguage":"ru-RU","potentialAction":[{"@type":"ReadAction","target":["https:\/\/ortungsgerate.de\/13-diktofonai\/"]}]},{"@type":"ImageObject","inLanguage":"ru-RU","@id":"https:\/\/ortungsgerate.de\/13-diktofonai\/#primaryimage","url":"https:\/\/www.ortungsgerate.de\/wp-content\/uploads\/pakabukas-spynele-su-imontuotu-slaptu-diktofonu.jpg","contentUrl":"https:\/\/www.ortungsgerate.de\/wp-content\/uploads\/pakabukas-spynele-su-imontuotu-slaptu-diktofonu.jpg","width":1200,"height":1200,"caption":"Anh\u00e4nger \u201espynel\u0117\u201c mit eingebautem verstecktem Diktierger\u00e4t"},{"@type":"BreadcrumbList","@id":"https:\/\/ortungsgerate.de\/13-diktofonai\/#breadcrumb","itemListElement":[{"@type":"ListItem","position":1,"name":"Startseite","item":"https:\/\/www.ortungsgerate.de\/"},{"@type":"ListItem","position":2,"name":"Shop","item":"https:\/\/www.ortungsgerate.de\/shop\/"},{"@type":"ListItem","position":3,"name":"Anh\u00e4nger \u201eSchloss\u201c mit integriertem verstecktem Diktierger\u00e4t"}]},{"@type":"WebSite","@id":"https:\/\/www.ortungsgerate.de\/#website","url":"https:\/\/www.ortungsgerate.de\/","name":"Ortungsgerate.de","description":"","publisher":{"@id":"https:\/\/www.ortungsgerate.de\/#organization"},"potentialAction":[{"@type":"SearchAction","target":{"@type":"EntryPoint","urlTemplate":"https:\/\/www.ortungsgerate.de\/?s={search_term_string}"},"query-input":{"@type":"PropertyValueSpecification","valueRequired":true,"valueName":"search_term_string"}}],"inLanguage":"ru-RU"},{"@type":"Organization","@id":"https:\/\/www.ortungsgerate.de\/#organization","name":"Ortungsgerate.de","url":"https:\/\/www.ortungsgerate.de\/","logo":{"@type":"ImageObject","inLanguage":"ru-RU","@id":"https:\/\/www.ortungsgerate.de\/#\/schema\/logo\/image\/","url":"https:\/\/www.ortungsgerate.de\/wp-content\/uploads\/ortungsgerate.png","contentUrl":"https:\/\/www.ortungsgerate.de\/wp-content\/uploads\/ortungsgerate.png","width":500,"height":135,"caption":"Ortungsgerate.de"},"image":{"@id":"https:\/\/www.ortungsgerate.de\/#\/schema\/logo\/image\/"}}]}},"_links":{"self":[{"href":"https:\/\/www.ortungsgerate.de\/ru\/wp-json\/wp\/v2\/product\/16462","targetHints":{"allow":["GET"]}}],"collection":[{"href":"https:\/\/www.ortungsgerate.de\/ru\/wp-json\/wp\/v2\/product"}],"about":[{"href":"https:\/\/www.ortungsgerate.de\/ru\/wp-json\/wp\/v2\/types\/product"}],"version-history":[{"count":0,"href":"https:\/\/www.ortungsgerate.de\/ru\/wp-json\/wp\/v2\/product\/16462\/revisions"}],"wp:featuredmedia":[{"embeddable":true,"href":"https:\/\/www.ortungsgerate.de\/ru\/wp-json\/wp\/v2\/media\/1730"}],"wp:attachment":[{"href":"https:\/\/www.ortungsgerate.de\/ru\/wp-json\/wp\/v2\/media?parent=16462"}],"wp:term":[{"taxonomy":"brand","embeddable":true,"href":"https:\/\/www.ortungsgerate.de\/ru\/wp-json\/wp\/v2\/etheme_brands?post=16462"},{"taxonomy":"product_brand","embeddable":true,"href":"https:\/\/www.ortungsgerate.de\/ru\/wp-json\/wp\/v2\/product_brand?post=16462"},{"taxonomy":"product_cat","embeddable":true,"href":"https:\/\/www.ortungsgerate.de\/ru\/wp-json\/wp\/v2\/product_cat?post=16462"},{"taxonomy":"product_tag","embeddable":true,"href":"https:\/\/www.ortungsgerate.de\/ru\/wp-json\/wp\/v2\/product_tag?post=16462"}],"curies":[{"name":"wp","href":"https:\/\/api.w.org\/{rel}","templated":true}]}}