{"id":16469,"date":"2024-02-06T21:36:22","date_gmt":"2024-02-06T19:36:22","guid":{"rendered":"https:\/\/ortungsgerate.de\/be-kategorijos\/pasiklausymo-blakiu-detektorius-rf-1mhz-iki-6mhz\/"},"modified":"2025-11-26T19:07:36","modified_gmt":"2025-11-26T17:07:36","slug":"detektor-podslushivayuschikh-ustroystv-rf-1mhz-do-6mhz","status":"publish","type":"product","link":"https:\/\/www.ortungsgerate.de\/ru\/26-detektory-2\/detektor-podslushivayuschikh-ustroystv-rf-1mhz-do-6mhz\/","title":{"rendered":"\u0414\u0435\u0442\u0435\u043a\u0442\u043e\u0440 \u043f\u043e\u0434\u0441\u043b\u0443\u0448\u0438\u0432\u0430\u044e\u0449\u0438\u0445 \u0443\u0441\u0442\u0440\u043e\u0439\u0441\u0442\u0432 RF 1MHz \u0434\u043e 6MHz"},"content":{"rendered":"<h3><strong>\u0422\u0435\u0445\u043d\u0438\u0447\u0435\u0441\u043a\u0438\u0435 \u043f\u0430\u0440\u0430\u043c\u0435\u0442\u0440\u044b:<\/strong><\/h3>\n<ul>\n<li>Erfassbarer Frequenzbereich 1 MHz\u20136,0 GHz<\/li>\n<li>\u041e\u0431\u043d\u0430\u0440\u0443\u0436\u0438\u0432\u0430\u0435\u043c\u044b\u0435 \u0441\u0438\u0433\u043d\u0430\u043b\u044b: GSM, GPS, \u0440\u0430\u0434\u0438\u043e, \u0431\u0435\u0441\u043f\u0440\u043e\u0432\u043e\u0434\u043d\u044b\u0435 \u0441\u0435\u0442\u0438<\/li>\n<li>\u0418\u043d\u0434\u0438\u043a\u0430\u0442\u043e\u0440 \u0441\u0438\u043b\u044b \u0441\u0438\u0433\u043d\u0430\u043b\u0430: 4 \u0434\u0438\u043e\u0434\u0430<\/li>\n<li>Zus\u00e4tzliche Funktionen: ausziehbare Teleskopantenne<\/li>\n<li>Erfassungsreichweite: bis zu 10 m<\/li>\n<li>Empfindlichkeitseinstellung: JA<\/li>\n<li>Stromversorgung: 2 x AAA-Batterie (nicht enthalten)<\/li>\n<li>\u0420\u0430\u0437\u044a\u0435\u043c \u0434\u043b\u044f \u043d\u0430\u0443\u0448\u043d\u0438\u043a\u043e\u0432<\/li>\n<li>Abmessungen: 87 mm x 53 mm x 16 mm<\/li>\n<li>Gewicht: 42 g (ohne Batterien)<\/li>\n<li>Farbe: Silber<\/li>\n<li>Lieferumfang: Detektor, Kopfh\u00f6rer, Benutzerhandbuch, Originalverpackung<\/li>\n<li><strong>\u0413\u0410\u0420\u0410\u041d\u0422\u0418\u042f 12 \u043c\u0435\u0441\u044f\u0446\u0435\u0432<\/strong><\/li>\n<\/ul>\n<p><span style=\"color: #d0121a;\"><strong> (auch an Wochenenden)  <\/strong><\/span><\/p>\n<p>Dieser einfach zu bedienende und unkomplizierte Abh\u00f6r-<a href=\"https:\/\/www.ortungsgerate.de\/ru\/26-detektory-2\/\">Wanzendetektor<\/a>. Sie k\u00f6nnen leicht Wanzen erkennen, die im Hochfrequenzbereich arbeiten. Die M\u00f6glichkeit, die Empfindlichkeit des Detektors einzustellen, informiert \u00fcber ein erfasstes Funksignal mittels Vibration, akustischer Meldung und LED-Dioden \u2013 je n\u00e4her sich das Abh\u00f6rger\u00e4t befindet, desto st\u00e4rker signalisiert der Detektor. Dieser Detektor ist nicht f\u00fcr die Suche nach verdeckten \u00dcberwachungskameras als <a href=\"https:\/\/www.ortungsgerate.de\/ru\/26-detektory-2\/\">Wanzensucher<\/a> geeignet. Dieses Ger\u00e4t kann auch von Nicht-Profis verwendet werden.<\/p>\n<p><strong>ACHTUNG: Der Detektor erfasst nur eingeschaltete Ger\u00e4te (GSM, GPS, WANZEN, Wi-Fi)<\/strong><\/p>","protected":false},"excerpt":{"rendered":"<p>Technische Parameter: Erfassbarer Frequenzbereich 1 MHz\u20136,0 GHz Erfassbare Signale: GSM, GPS, Radio, drahtlose Netzwerke Signalst\u00e4rkeanzeige: 4 Dioden Zus\u00e4tzliche Funktionen: ausziehbare Teleskopantenne Erfassungsreichweite: bis zu 10&#8230;<\/p>","protected":false},"featured_media":1384,"template":"","meta":[],"etheme_brands":[],"product_brand":[],"product_cat":[215],"product_tag":[],"class_list":{"0":"post-16469","1":"product","2":"type-product","3":"status-publish","4":"has-post-thumbnail","6":"product_cat-26-detektoren","8":"first","9":"instock","10":"sale","11":"taxable","12":"shipping-taxable","13":"purchasable","14":"product-type-simple"},"yoast_head":"<!-- This site is optimized with the Yoast SEO Premium plugin v25.9 (Yoast SEO v27.4) - https:\/\/yoast.com\/product\/yoast-seo-premium-wordpress\/ -->\n<title>Der Detektor f\u00fcr \u00dcberwachungsger\u00e4te sp\u00fcrt m\u00fchelos Wanzen GSM UHF RADIO auf<\/title>\n<meta name=\"description\" content=\"Preisg\u00fcnstiger und zuverl\u00e4ssig funktionierender Detektor f\u00fcr versteckte Ortungswanzen. Erkennt Wanzen, die im GSM- und Funkfrequenzbereich arbeiten. Einstellbare Empfindlichkeit des Ger\u00e4ts, LED-Anzeige\" \/>\n<meta name=\"robots\" content=\"index, follow, max-snippet:-1, max-image-preview:large, max-video-preview:-1\" \/>\n<link rel=\"canonical\" href=\"https:\/\/www.ortungsgerate.de\/ru\/26-detektory-2\/detektor-podslushivayuschikh-ustroystv-rf-1mhz-do-6mhz\/\" \/>\n<meta property=\"og:locale\" content=\"ru_RU\" \/>\n<meta property=\"og:type\" content=\"article\" \/>\n<meta property=\"og:title\" content=\"Abh\u00f6rwanzen-Detektor RF 1MHz bis 6MHz\" \/>\n<meta property=\"og:description\" content=\"Preisg\u00fcnstiger und zuverl\u00e4ssig funktionierender Detektor f\u00fcr versteckte Ortungswanzen. Erkennt Wanzen, die im GSM- und Funkfrequenzbereich arbeiten. Einstellbare Empfindlichkeit des Ger\u00e4ts, LED-Anzeige\" \/>\n<meta property=\"og:url\" content=\"https:\/\/www.ortungsgerate.de\/ru\/26-detektory-2\/detektor-podslushivayuschikh-ustroystv-rf-1mhz-do-6mhz\/\" \/>\n<meta property=\"og:site_name\" content=\"Ortungsger\u00e4te.de\" \/>\n<meta property=\"article:modified_time\" content=\"2025-11-26T17:07:36+00:00\" \/>\n<meta property=\"og:image\" content=\"https:\/\/www.ortungsgerate.de\/wp-content\/uploads\/pasiklausymo-blakiu-detektorius-rf-1mhz-iki-6mhz.jpg\" \/>\n\t<meta property=\"og:image:width\" content=\"442\" \/>\n\t<meta property=\"og:image:height\" content=\"500\" \/>\n\t<meta property=\"og:image:type\" content=\"image\/jpeg\" \/>\n<meta name=\"twitter:card\" content=\"summary_large_image\" \/>\n<meta name=\"twitter:label1\" content=\"\u041f\u0440\u0438\u043c\u0435\u0440\u043d\u043e\u0435 \u0432\u0440\u0435\u043c\u044f \u0434\u043b\u044f \u0447\u0442\u0435\u043d\u0438\u044f\" \/>\n\t<meta name=\"twitter:data1\" content=\"1 \u043c\u0438\u043d\u0443\u0442\u0430\" \/>\n<script type=\"application\/ld+json\" class=\"yoast-schema-graph\">{\"@context\":\"https:\\\/\\\/schema.org\",\"@graph\":[{\"@type\":\"WebPage\",\"@id\":\"https:\\\/\\\/www.ortungsgerate.de\\\/26-detektoren\\\/abhoerwanzen-detektor-rf-1mhz-bis-6mhz\\\/\",\"url\":\"https:\\\/\\\/www.ortungsgerate.de\\\/26-detektoren\\\/abhoerwanzen-detektor-rf-1mhz-bis-6mhz\\\/\",\"name\":\"Der Detektor f\u00fcr \u00dcberwachungsger\u00e4te sp\u00fcrt m\u00fchelos Wanzen GSM UHF RADIO auf\",\"isPartOf\":{\"@id\":\"https:\\\/\\\/www.ortungsgerate.de\\\/#website\"},\"primaryImageOfPage\":{\"@id\":\"https:\\\/\\\/www.ortungsgerate.de\\\/26-detektoren\\\/abhoerwanzen-detektor-rf-1mhz-bis-6mhz\\\/#primaryimage\"},\"image\":{\"@id\":\"https:\\\/\\\/www.ortungsgerate.de\\\/26-detektoren\\\/abhoerwanzen-detektor-rf-1mhz-bis-6mhz\\\/#primaryimage\"},\"thumbnailUrl\":\"https:\\\/\\\/www.ortungsgerate.de\\\/wp-content\\\/uploads\\\/pasiklausymo-blakiu-detektorius-rf-1mhz-iki-6mhz.jpg\",\"datePublished\":\"2024-02-06T19:36:22+00:00\",\"dateModified\":\"2025-11-26T17:07:36+00:00\",\"description\":\"Preisg\u00fcnstiger und zuverl\u00e4ssig funktionierender Detektor f\u00fcr versteckte Ortungswanzen. Erkennt Wanzen, die im GSM- und Funkfrequenzbereich arbeiten. Einstellbare Empfindlichkeit des Ger\u00e4ts, LED-Anzeige\",\"breadcrumb\":{\"@id\":\"https:\\\/\\\/www.ortungsgerate.de\\\/26-detektoren\\\/abhoerwanzen-detektor-rf-1mhz-bis-6mhz\\\/#breadcrumb\"},\"inLanguage\":\"ru-RU\",\"potentialAction\":[{\"@type\":\"ReadAction\",\"target\":[\"https:\\\/\\\/www.ortungsgerate.de\\\/26-detektoren\\\/abhoerwanzen-detektor-rf-1mhz-bis-6mhz\\\/\"]}]},{\"@type\":\"ImageObject\",\"inLanguage\":\"ru-RU\",\"@id\":\"https:\\\/\\\/www.ortungsgerate.de\\\/26-detektoren\\\/abhoerwanzen-detektor-rf-1mhz-bis-6mhz\\\/#primaryimage\",\"url\":\"https:\\\/\\\/www.ortungsgerate.de\\\/wp-content\\\/uploads\\\/pasiklausymo-blakiu-detektorius-rf-1mhz-iki-6mhz.jpg\",\"contentUrl\":\"https:\\\/\\\/www.ortungsgerate.de\\\/wp-content\\\/uploads\\\/pasiklausymo-blakiu-detektorius-rf-1mhz-iki-6mhz.jpg\",\"width\":442,\"height\":500,\"caption\":\"Abh\u00f6rwanzendetektor RF 1 MHz bis 6 MHz\"},{\"@type\":\"BreadcrumbList\",\"@id\":\"https:\\\/\\\/www.ortungsgerate.de\\\/26-detektoren\\\/abhoerwanzen-detektor-rf-1mhz-bis-6mhz\\\/#breadcrumb\",\"itemListElement\":[{\"@type\":\"ListItem\",\"position\":1,\"name\":\"Startseite\",\"item\":\"https:\\\/\\\/www.ortungsgerate.de\\\/\"},{\"@type\":\"ListItem\",\"position\":2,\"name\":\"Shop\",\"item\":\"https:\\\/\\\/www.ortungsgerate.de\\\/shop\\\/\"},{\"@type\":\"ListItem\",\"position\":3,\"name\":\"Abh\u00f6rwanzen-Detektor RF 1MHz bis 6MHz\"}]},{\"@type\":\"WebSite\",\"@id\":\"https:\\\/\\\/www.ortungsgerate.de\\\/#website\",\"url\":\"https:\\\/\\\/www.ortungsgerate.de\\\/\",\"name\":\"Ortungsgerate.de\",\"description\":\"\",\"publisher\":{\"@id\":\"https:\\\/\\\/www.ortungsgerate.de\\\/#organization\"},\"potentialAction\":[{\"@type\":\"SearchAction\",\"target\":{\"@type\":\"EntryPoint\",\"urlTemplate\":\"https:\\\/\\\/www.ortungsgerate.de\\\/?s={search_term_string}\"},\"query-input\":{\"@type\":\"PropertyValueSpecification\",\"valueRequired\":true,\"valueName\":\"search_term_string\"}}],\"inLanguage\":\"ru-RU\"},{\"@type\":\"Organization\",\"@id\":\"https:\\\/\\\/www.ortungsgerate.de\\\/#organization\",\"name\":\"Ortungsgerate.de\",\"url\":\"https:\\\/\\\/www.ortungsgerate.de\\\/\",\"logo\":{\"@type\":\"ImageObject\",\"inLanguage\":\"ru-RU\",\"@id\":\"https:\\\/\\\/www.ortungsgerate.de\\\/#\\\/schema\\\/logo\\\/image\\\/\",\"url\":\"https:\\\/\\\/www.ortungsgerate.de\\\/wp-content\\\/uploads\\\/ortungsgerate.png\",\"contentUrl\":\"https:\\\/\\\/www.ortungsgerate.de\\\/wp-content\\\/uploads\\\/ortungsgerate.png\",\"width\":500,\"height\":135,\"caption\":\"Ortungsgerate.de\"},\"image\":{\"@id\":\"https:\\\/\\\/www.ortungsgerate.de\\\/#\\\/schema\\\/logo\\\/image\\\/\"}}]}<\/script>\n<!-- \/ Yoast SEO Premium plugin. -->","yoast_head_json":{"title":"Der Detektor f\u00fcr \u00dcberwachungsger\u00e4te sp\u00fcrt m\u00fchelos Wanzen GSM UHF RADIO auf","description":"Preisg\u00fcnstiger und zuverl\u00e4ssig funktionierender Detektor f\u00fcr versteckte Ortungswanzen. Erkennt Wanzen, die im GSM- und Funkfrequenzbereich arbeiten. Einstellbare Empfindlichkeit des Ger\u00e4ts, LED-Anzeige","robots":{"index":"index","follow":"follow","max-snippet":"max-snippet:-1","max-image-preview":"max-image-preview:large","max-video-preview":"max-video-preview:-1"},"canonical":"https:\/\/www.ortungsgerate.de\/ru\/26-detektory-2\/detektor-podslushivayuschikh-ustroystv-rf-1mhz-do-6mhz\/","og_locale":"ru_RU","og_type":"article","og_title":"Abh\u00f6rwanzen-Detektor RF 1MHz bis 6MHz","og_description":"Preisg\u00fcnstiger und zuverl\u00e4ssig funktionierender Detektor f\u00fcr versteckte Ortungswanzen. Erkennt Wanzen, die im GSM- und Funkfrequenzbereich arbeiten. Einstellbare Empfindlichkeit des Ger\u00e4ts, LED-Anzeige","og_url":"https:\/\/www.ortungsgerate.de\/ru\/26-detektory-2\/detektor-podslushivayuschikh-ustroystv-rf-1mhz-do-6mhz\/","og_site_name":"Ortungsger\u00e4te.de","article_modified_time":"2025-11-26T17:07:36+00:00","og_image":[{"width":442,"height":500,"url":"https:\/\/www.ortungsgerate.de\/wp-content\/uploads\/pasiklausymo-blakiu-detektorius-rf-1mhz-iki-6mhz.jpg","type":"image\/jpeg"}],"twitter_card":"summary_large_image","twitter_misc":{"\u041f\u0440\u0438\u043c\u0435\u0440\u043d\u043e\u0435 \u0432\u0440\u0435\u043c\u044f \u0434\u043b\u044f \u0447\u0442\u0435\u043d\u0438\u044f":"1 \u043c\u0438\u043d\u0443\u0442\u0430"},"schema":{"@context":"https:\/\/schema.org","@graph":[{"@type":"WebPage","@id":"https:\/\/www.ortungsgerate.de\/26-detektoren\/abhoerwanzen-detektor-rf-1mhz-bis-6mhz\/","url":"https:\/\/www.ortungsgerate.de\/26-detektoren\/abhoerwanzen-detektor-rf-1mhz-bis-6mhz\/","name":"Der Detektor f\u00fcr \u00dcberwachungsger\u00e4te sp\u00fcrt m\u00fchelos Wanzen GSM UHF RADIO auf","isPartOf":{"@id":"https:\/\/www.ortungsgerate.de\/#website"},"primaryImageOfPage":{"@id":"https:\/\/www.ortungsgerate.de\/26-detektoren\/abhoerwanzen-detektor-rf-1mhz-bis-6mhz\/#primaryimage"},"image":{"@id":"https:\/\/www.ortungsgerate.de\/26-detektoren\/abhoerwanzen-detektor-rf-1mhz-bis-6mhz\/#primaryimage"},"thumbnailUrl":"https:\/\/www.ortungsgerate.de\/wp-content\/uploads\/pasiklausymo-blakiu-detektorius-rf-1mhz-iki-6mhz.jpg","datePublished":"2024-02-06T19:36:22+00:00","dateModified":"2025-11-26T17:07:36+00:00","description":"Preisg\u00fcnstiger und zuverl\u00e4ssig funktionierender Detektor f\u00fcr versteckte Ortungswanzen. Erkennt Wanzen, die im GSM- und Funkfrequenzbereich arbeiten. Einstellbare Empfindlichkeit des Ger\u00e4ts, LED-Anzeige","breadcrumb":{"@id":"https:\/\/www.ortungsgerate.de\/26-detektoren\/abhoerwanzen-detektor-rf-1mhz-bis-6mhz\/#breadcrumb"},"inLanguage":"ru-RU","potentialAction":[{"@type":"ReadAction","target":["https:\/\/www.ortungsgerate.de\/26-detektoren\/abhoerwanzen-detektor-rf-1mhz-bis-6mhz\/"]}]},{"@type":"ImageObject","inLanguage":"ru-RU","@id":"https:\/\/www.ortungsgerate.de\/26-detektoren\/abhoerwanzen-detektor-rf-1mhz-bis-6mhz\/#primaryimage","url":"https:\/\/www.ortungsgerate.de\/wp-content\/uploads\/pasiklausymo-blakiu-detektorius-rf-1mhz-iki-6mhz.jpg","contentUrl":"https:\/\/www.ortungsgerate.de\/wp-content\/uploads\/pasiklausymo-blakiu-detektorius-rf-1mhz-iki-6mhz.jpg","width":442,"height":500,"caption":"Abh\u00f6rwanzendetektor RF 1 MHz bis 6 MHz"},{"@type":"BreadcrumbList","@id":"https:\/\/www.ortungsgerate.de\/26-detektoren\/abhoerwanzen-detektor-rf-1mhz-bis-6mhz\/#breadcrumb","itemListElement":[{"@type":"ListItem","position":1,"name":"Startseite","item":"https:\/\/www.ortungsgerate.de\/"},{"@type":"ListItem","position":2,"name":"Shop","item":"https:\/\/www.ortungsgerate.de\/shop\/"},{"@type":"ListItem","position":3,"name":"Abh\u00f6rwanzen-Detektor RF 1MHz bis 6MHz"}]},{"@type":"WebSite","@id":"https:\/\/www.ortungsgerate.de\/#website","url":"https:\/\/www.ortungsgerate.de\/","name":"Ortungsgerate.de","description":"","publisher":{"@id":"https:\/\/www.ortungsgerate.de\/#organization"},"potentialAction":[{"@type":"SearchAction","target":{"@type":"EntryPoint","urlTemplate":"https:\/\/www.ortungsgerate.de\/?s={search_term_string}"},"query-input":{"@type":"PropertyValueSpecification","valueRequired":true,"valueName":"search_term_string"}}],"inLanguage":"ru-RU"},{"@type":"Organization","@id":"https:\/\/www.ortungsgerate.de\/#organization","name":"Ortungsgerate.de","url":"https:\/\/www.ortungsgerate.de\/","logo":{"@type":"ImageObject","inLanguage":"ru-RU","@id":"https:\/\/www.ortungsgerate.de\/#\/schema\/logo\/image\/","url":"https:\/\/www.ortungsgerate.de\/wp-content\/uploads\/ortungsgerate.png","contentUrl":"https:\/\/www.ortungsgerate.de\/wp-content\/uploads\/ortungsgerate.png","width":500,"height":135,"caption":"Ortungsgerate.de"},"image":{"@id":"https:\/\/www.ortungsgerate.de\/#\/schema\/logo\/image\/"}}]}},"_links":{"self":[{"href":"https:\/\/www.ortungsgerate.de\/ru\/wp-json\/wp\/v2\/product\/16469","targetHints":{"allow":["GET"]}}],"collection":[{"href":"https:\/\/www.ortungsgerate.de\/ru\/wp-json\/wp\/v2\/product"}],"about":[{"href":"https:\/\/www.ortungsgerate.de\/ru\/wp-json\/wp\/v2\/types\/product"}],"version-history":[{"count":0,"href":"https:\/\/www.ortungsgerate.de\/ru\/wp-json\/wp\/v2\/product\/16469\/revisions"}],"wp:featuredmedia":[{"embeddable":true,"href":"https:\/\/www.ortungsgerate.de\/ru\/wp-json\/wp\/v2\/media\/1384"}],"wp:attachment":[{"href":"https:\/\/www.ortungsgerate.de\/ru\/wp-json\/wp\/v2\/media?parent=16469"}],"wp:term":[{"taxonomy":"brand","embeddable":true,"href":"https:\/\/www.ortungsgerate.de\/ru\/wp-json\/wp\/v2\/etheme_brands?post=16469"},{"taxonomy":"product_brand","embeddable":true,"href":"https:\/\/www.ortungsgerate.de\/ru\/wp-json\/wp\/v2\/product_brand?post=16469"},{"taxonomy":"product_cat","embeddable":true,"href":"https:\/\/www.ortungsgerate.de\/ru\/wp-json\/wp\/v2\/product_cat?post=16469"},{"taxonomy":"product_tag","embeddable":true,"href":"https:\/\/www.ortungsgerate.de\/ru\/wp-json\/wp\/v2\/product_tag?post=16469"}],"curies":[{"name":"wp","href":"https:\/\/api.w.org\/{rel}","templated":true}]}}