{"id":16472,"date":"2024-02-06T21:36:22","date_gmt":"2024-02-06T19:36:22","guid":{"rendered":"https:\/\/ortungsgerate.de\/be-kategorijos\/gps-seklys-su-magnetu-10000mha-baterija-nuemimo-davikliu\/"},"modified":"2025-11-26T19:01:36","modified_gmt":"2025-11-26T17:01:36","slug":"gps-treker-s-magnitom-batareya-10000mah-s-datchikom-snyatiya","status":"publish","type":"product","link":"https:\/\/www.ortungsgerate.de\/ru\/15-gps-treker\/gps-treker-s-magnitom-batareya-10000mah-s-datchikom-snyatiya\/","title":{"rendered":"GPS-\u0442\u0440\u0435\u043a\u0435\u0440 \u0441 \u043c\u0430\u0433\u043d\u0438\u0442\u043e\u043c, \u0431\u0430\u0442\u0430\u0440\u0435\u044f 10000mAh \u0441 \u0434\u0430\u0442\u0447\u0438\u043a\u043e\u043c \u0441\u043d\u044f\u0442\u0438\u044f"},"content":{"rendered":"<p><strong>Technische Daten<\/strong><\/p>\n<p>Akkukapazit\u00e4t: 10000 mAh;<br \/>\nIntegrierte Antennen: GPS\/GSM;<br \/>\nAbmessungen: 153x58x34 mm;<br \/>\nGewicht: 369 g;<br \/>\nGPRS: MTK 6261;<br \/>\nGSM-Frequenzen: 850\/900\/1800\/1900\/2100 MHz;<br \/>\nGenauigkeit: bis zu 5 m;<br \/>\nBetriebstemperatur: von -20 bis +60 \u2103.<\/p>\n<p><strong>\u00a0\u041a\u043e\u043c\u043f\u043b\u0435\u043a\u0442\u0430\u0446\u0438\u044f<\/strong><\/p>\n<p>GPS-Tracker 10000 3G mit Abh\u00f6rfunktion;<br \/>\nServer ohne Zeitbegrenzung;<br \/>\nUSB-Kabel;<br \/>\nBedienungsanleitung in litauischer und englischer Sprache.<br \/>\n<strong>\u00a0 \u00a0 \u00a0 \u00a0 \u00a0\u0413\u0410\u0420\u0410\u041d\u0422\u0418\u042f 12 \u043c\u0435\u0441\u044f\u0446\u0435\u0432<\/strong><\/p>\n<p><span style=\"color: #d0121a;\"><strong>   <\/strong><\/span><\/p>\n<h3>Einsatzgebiet: Sicherheit f\u00fcr Ihr eigenes Fahrzeug und Ihre Gegenst\u00e4nde<\/h3>\n<p><strong>GPS-TRACKER 10000 4G MIT ABH\u00d6RFUNKTION<\/strong><\/p>\n<p>Der GPS-Tracker 10000 ist ein Ger\u00e4t, das hilft, den Standort verschiedener Objekte oder deren Bewegungsrichtung zu bestimmen. In den GPS-Tracker wird eine SIM-Karte mit einer zugewiesenen Telefonnummer eingesetzt. Wenn Sie diese Nummer anrufen, k\u00f6nnen Sie abh\u00f6ren, was in der Umgebung des \u00fcberwachten Objekts gerade geschieht. Die Koordinaten des Ger\u00e4ts erhalten Sie per SMS, dies ist jedoch nicht die einzige M\u00f6glichkeit, die \u00fcberwachten Objekte zu verfolgen: Die Objektkoordinaten k\u00f6nnen Sie auch abrufen, indem Sie sich beim Server anmelden (Informationen \u00fcber die Objektlokation werden in \u201eGoogle Maps\u201c angezeigt). Wenn Sie sich entscheiden, den GPS-Tracker in unserem Shop zu erwerben, gew\u00e4hren wir Ihnen kostenlosen Zugang zum Server.<\/p>\n<p><strong>Tracking-Modi<\/strong><\/p>\n<p>Sie k\u00f6nnen den am besten geeigneten Modus w\u00e4hlen:<\/p>\n<p>Es werden 6 Meldungen pro Tag gesendet;<br \/>\nSchlafmodus (das Ger\u00e4t arbeitet ca. 200 Tage);<br \/>\nMeldungen werden alle 10 Minuten gesendet;<br \/>\nStandby-Modus (das Ger\u00e4t arbeitet 28\u201356 Tage);<br \/>\nDauertracking (das Ger\u00e4t arbeitet ca. 180 Stunden).<\/p>\n<p><strong>Einsatzm\u00f6glichkeiten des GPS-Trackers<\/strong><\/p>\n<p>Fahrzeugsuche;<br \/>\nFahrzeugverfolgung;<br \/>\n\u00dcberwachung der Arbeit von Fahrern;<br \/>\nOptimierung der Warenzustellung;<br \/>\nIntegration in elektrische Arbeitswerkzeuge;<\/p>\n<p><strong>\u00a0Wichtigste Eigenschaften<\/strong><\/p>\n<p>Der GPS-Tracker verf\u00fcgt \u00fcber einen starken Magneten, der die Befestigung des Ger\u00e4ts an Metalloberfl\u00e4chen erm\u00f6glicht;<br \/>\nDas Ger\u00e4t hat einen integrierten Bewegungssensor, der auf die Bewegung von Objekten reagiert (diese Eigenschaft erm\u00f6glicht eine Verl\u00e4ngerung der Akku-Standbyzeit);<br \/>\nDas Ger\u00e4t verf\u00fcgt \u00fcber einen Sensor, der auf das Abnehmen des GPS-Trackers reagiert;<br \/>\nDas IPX7-Geh\u00e4use des Ger\u00e4ts ist wasserdicht;<br \/>\nDer GPS-Tracker verf\u00fcgt \u00fcber ein Ladeger\u00e4t, das am Fahrzeugfahrwerk befestigt wird (5,5 V; 1\u201315 mAh).<\/p>\n<h3>Einsatzgebiet: Sicherheit f\u00fcr Ihr eigenes Fahrzeug und Ihre Gegenst\u00e4nde<\/h3>","protected":false},"excerpt":{"rendered":"<p>Technische Daten Akkukapazit\u00e4t: 10000 mAh; Integrierte Antennen: GPS\/GSM; Abmessungen: 153x58x34 mm; Gewicht: 369 g; GPRS: MTK 6261; GSM-Frequenzen: 850\/900\/1800\/1900\/2100 MHz; Genauigkeit: bis zu 5 m;&#8230;<\/p>","protected":false},"featured_media":1413,"template":"","meta":[],"etheme_brands":[],"product_brand":[],"product_cat":[213],"product_tag":[],"class_list":{"0":"post-16472","1":"product","2":"type-product","3":"status-publish","4":"has-post-thumbnail","6":"product_cat-15-gps-ueberwachungsgeraete","7":"pa_typ-fuer-autos-fuer-motorraeder","8":"pa_typ-fuer-landmaschinen","10":"first","11":"instock","12":"taxable","13":"shipping-taxable","14":"purchasable","15":"product-type-simple"},"yoast_head":"<!-- This site is optimized with the Yoast SEO Premium plugin v25.9 (Yoast SEO v27.4) - https:\/\/yoast.com\/product\/yoast-seo-premium-wordpress\/ -->\n<title>PRO GPS-Tracker mit Magnet lange Betriebsdauer<\/title>\n<meta name=\"description\" content=\"Professioneller GPS-Tracker mit starkem Magneten, unempfindlich gegen Wasser und Staub. Kostenloser \u00dcberwachungsserver ALS GESCHENK. Kostenlose Lieferung in ganz Litauen\" \/>\n<meta name=\"robots\" content=\"index, follow, max-snippet:-1, max-image-preview:large, max-video-preview:-1\" \/>\n<link rel=\"canonical\" href=\"https:\/\/www.ortungsgerate.de\/ru\/15-gps-treker\/gps-treker-s-magnitom-batareya-10000mah-s-datchikom-snyatiya\/\" \/>\n<meta property=\"og:locale\" content=\"ru_RU\" \/>\n<meta property=\"og:type\" content=\"article\" \/>\n<meta property=\"og:title\" content=\"GPS-Tracker mit Magnet 10000mAh Batterie mit Abnahmesensor\" \/>\n<meta property=\"og:description\" content=\"Professioneller GPS-Tracker mit starkem Magneten, unempfindlich gegen Wasser und Staub. Kostenloser \u00dcberwachungsserver ALS GESCHENK. Kostenlose Lieferung in ganz Litauen\" \/>\n<meta property=\"og:url\" content=\"https:\/\/www.ortungsgerate.de\/ru\/15-gps-treker\/gps-treker-s-magnitom-batareya-10000mah-s-datchikom-snyatiya\/\" \/>\n<meta property=\"og:site_name\" content=\"Ortungsger\u00e4te.de\" \/>\n<meta property=\"article:modified_time\" content=\"2025-11-26T17:01:36+00:00\" \/>\n<meta property=\"og:image\" content=\"https:\/\/www.ortungsgerate.de\/wp-content\/uploads\/gps-seklys-su-magnetu-10000mha-baterija-nuemimo-davikliu.jpg\" \/>\n\t<meta property=\"og:image:width\" content=\"1000\" \/>\n\t<meta property=\"og:image:height\" content=\"1000\" \/>\n\t<meta property=\"og:image:type\" content=\"image\/jpeg\" \/>\n<meta name=\"twitter:card\" content=\"summary_large_image\" \/>\n<meta name=\"twitter:label1\" content=\"\u041f\u0440\u0438\u043c\u0435\u0440\u043d\u043e\u0435 \u0432\u0440\u0435\u043c\u044f \u0434\u043b\u044f \u0447\u0442\u0435\u043d\u0438\u044f\" \/>\n\t<meta name=\"twitter:data1\" content=\"2 \u043c\u0438\u043d\u0443\u0442\u044b\" \/>\n<script type=\"application\/ld+json\" class=\"yoast-schema-graph\">{\"@context\":\"https:\\\/\\\/schema.org\",\"@graph\":[{\"@type\":\"WebPage\",\"@id\":\"https:\\\/\\\/www.ortungsgerate.de\\\/15-gps-ueberwachungsgeraete\\\/gps-tracker-mit-magnet-10000mah-batterie-mit-abnahmesensor\\\/\",\"url\":\"https:\\\/\\\/www.ortungsgerate.de\\\/15-gps-ueberwachungsgeraete\\\/gps-tracker-mit-magnet-10000mah-batterie-mit-abnahmesensor\\\/\",\"name\":\"PRO GPS-Tracker mit Magnet lange Betriebsdauer\",\"isPartOf\":{\"@id\":\"https:\\\/\\\/www.ortungsgerate.de\\\/#website\"},\"primaryImageOfPage\":{\"@id\":\"https:\\\/\\\/www.ortungsgerate.de\\\/15-gps-ueberwachungsgeraete\\\/gps-tracker-mit-magnet-10000mah-batterie-mit-abnahmesensor\\\/#primaryimage\"},\"image\":{\"@id\":\"https:\\\/\\\/www.ortungsgerate.de\\\/15-gps-ueberwachungsgeraete\\\/gps-tracker-mit-magnet-10000mah-batterie-mit-abnahmesensor\\\/#primaryimage\"},\"thumbnailUrl\":\"https:\\\/\\\/www.ortungsgerate.de\\\/wp-content\\\/uploads\\\/gps-seklys-su-magnetu-10000mha-baterija-nuemimo-davikliu.jpg\",\"datePublished\":\"2024-02-06T19:36:22+00:00\",\"dateModified\":\"2025-11-26T17:01:36+00:00\",\"description\":\"Professioneller GPS-Tracker mit starkem Magneten, unempfindlich gegen Wasser und Staub. Kostenloser \u00dcberwachungsserver ALS GESCHENK. Kostenlose Lieferung in ganz Litauen\",\"breadcrumb\":{\"@id\":\"https:\\\/\\\/www.ortungsgerate.de\\\/15-gps-ueberwachungsgeraete\\\/gps-tracker-mit-magnet-10000mah-batterie-mit-abnahmesensor\\\/#breadcrumb\"},\"inLanguage\":\"ru-RU\",\"potentialAction\":[{\"@type\":\"ReadAction\",\"target\":[\"https:\\\/\\\/www.ortungsgerate.de\\\/15-gps-ueberwachungsgeraete\\\/gps-tracker-mit-magnet-10000mah-batterie-mit-abnahmesensor\\\/\"]}]},{\"@type\":\"ImageObject\",\"inLanguage\":\"ru-RU\",\"@id\":\"https:\\\/\\\/www.ortungsgerate.de\\\/15-gps-ueberwachungsgeraete\\\/gps-tracker-mit-magnet-10000mah-batterie-mit-abnahmesensor\\\/#primaryimage\",\"url\":\"https:\\\/\\\/www.ortungsgerate.de\\\/wp-content\\\/uploads\\\/gps-seklys-su-magnetu-10000mha-baterija-nuemimo-davikliu.jpg\",\"contentUrl\":\"https:\\\/\\\/www.ortungsgerate.de\\\/wp-content\\\/uploads\\\/gps-seklys-su-magnetu-10000mha-baterija-nuemimo-davikliu.jpg\",\"width\":1000,\"height\":1000,\"caption\":\"Abnahmesensor am GPS-Tracker\"},{\"@type\":\"BreadcrumbList\",\"@id\":\"https:\\\/\\\/www.ortungsgerate.de\\\/15-gps-ueberwachungsgeraete\\\/gps-tracker-mit-magnet-10000mah-batterie-mit-abnahmesensor\\\/#breadcrumb\",\"itemListElement\":[{\"@type\":\"ListItem\",\"position\":1,\"name\":\"Startseite\",\"item\":\"https:\\\/\\\/www.ortungsgerate.de\\\/\"},{\"@type\":\"ListItem\",\"position\":2,\"name\":\"Shop\",\"item\":\"https:\\\/\\\/www.ortungsgerate.de\\\/shop\\\/\"},{\"@type\":\"ListItem\",\"position\":3,\"name\":\"GPS-Tracker mit Magnet 10000mAh Batterie mit Abnahmesensor\"}]},{\"@type\":\"WebSite\",\"@id\":\"https:\\\/\\\/www.ortungsgerate.de\\\/#website\",\"url\":\"https:\\\/\\\/www.ortungsgerate.de\\\/\",\"name\":\"Ortungsgerate.de\",\"description\":\"\",\"publisher\":{\"@id\":\"https:\\\/\\\/www.ortungsgerate.de\\\/#organization\"},\"potentialAction\":[{\"@type\":\"SearchAction\",\"target\":{\"@type\":\"EntryPoint\",\"urlTemplate\":\"https:\\\/\\\/www.ortungsgerate.de\\\/?s={search_term_string}\"},\"query-input\":{\"@type\":\"PropertyValueSpecification\",\"valueRequired\":true,\"valueName\":\"search_term_string\"}}],\"inLanguage\":\"ru-RU\"},{\"@type\":\"Organization\",\"@id\":\"https:\\\/\\\/www.ortungsgerate.de\\\/#organization\",\"name\":\"Ortungsgerate.de\",\"url\":\"https:\\\/\\\/www.ortungsgerate.de\\\/\",\"logo\":{\"@type\":\"ImageObject\",\"inLanguage\":\"ru-RU\",\"@id\":\"https:\\\/\\\/www.ortungsgerate.de\\\/#\\\/schema\\\/logo\\\/image\\\/\",\"url\":\"https:\\\/\\\/www.ortungsgerate.de\\\/wp-content\\\/uploads\\\/ortungsgerate.png\",\"contentUrl\":\"https:\\\/\\\/www.ortungsgerate.de\\\/wp-content\\\/uploads\\\/ortungsgerate.png\",\"width\":500,\"height\":135,\"caption\":\"Ortungsgerate.de\"},\"image\":{\"@id\":\"https:\\\/\\\/www.ortungsgerate.de\\\/#\\\/schema\\\/logo\\\/image\\\/\"}}]}<\/script>\n<!-- \/ Yoast SEO Premium plugin. -->","yoast_head_json":{"title":"PRO GPS-Tracker mit Magnet lange Betriebsdauer","description":"Professioneller GPS-Tracker mit starkem Magneten, unempfindlich gegen Wasser und Staub. Kostenloser \u00dcberwachungsserver ALS GESCHENK. Kostenlose Lieferung in ganz Litauen","robots":{"index":"index","follow":"follow","max-snippet":"max-snippet:-1","max-image-preview":"max-image-preview:large","max-video-preview":"max-video-preview:-1"},"canonical":"https:\/\/www.ortungsgerate.de\/ru\/15-gps-treker\/gps-treker-s-magnitom-batareya-10000mah-s-datchikom-snyatiya\/","og_locale":"ru_RU","og_type":"article","og_title":"GPS-Tracker mit Magnet 10000mAh Batterie mit Abnahmesensor","og_description":"Professioneller GPS-Tracker mit starkem Magneten, unempfindlich gegen Wasser und Staub. Kostenloser \u00dcberwachungsserver ALS GESCHENK. Kostenlose Lieferung in ganz Litauen","og_url":"https:\/\/www.ortungsgerate.de\/ru\/15-gps-treker\/gps-treker-s-magnitom-batareya-10000mah-s-datchikom-snyatiya\/","og_site_name":"Ortungsger\u00e4te.de","article_modified_time":"2025-11-26T17:01:36+00:00","og_image":[{"width":1000,"height":1000,"url":"https:\/\/www.ortungsgerate.de\/wp-content\/uploads\/gps-seklys-su-magnetu-10000mha-baterija-nuemimo-davikliu.jpg","type":"image\/jpeg"}],"twitter_card":"summary_large_image","twitter_misc":{"\u041f\u0440\u0438\u043c\u0435\u0440\u043d\u043e\u0435 \u0432\u0440\u0435\u043c\u044f \u0434\u043b\u044f \u0447\u0442\u0435\u043d\u0438\u044f":"2 \u043c\u0438\u043d\u0443\u0442\u044b"},"schema":{"@context":"https:\/\/schema.org","@graph":[{"@type":"WebPage","@id":"https:\/\/www.ortungsgerate.de\/15-gps-ueberwachungsgeraete\/gps-tracker-mit-magnet-10000mah-batterie-mit-abnahmesensor\/","url":"https:\/\/www.ortungsgerate.de\/15-gps-ueberwachungsgeraete\/gps-tracker-mit-magnet-10000mah-batterie-mit-abnahmesensor\/","name":"PRO GPS-Tracker mit Magnet lange Betriebsdauer","isPartOf":{"@id":"https:\/\/www.ortungsgerate.de\/#website"},"primaryImageOfPage":{"@id":"https:\/\/www.ortungsgerate.de\/15-gps-ueberwachungsgeraete\/gps-tracker-mit-magnet-10000mah-batterie-mit-abnahmesensor\/#primaryimage"},"image":{"@id":"https:\/\/www.ortungsgerate.de\/15-gps-ueberwachungsgeraete\/gps-tracker-mit-magnet-10000mah-batterie-mit-abnahmesensor\/#primaryimage"},"thumbnailUrl":"https:\/\/www.ortungsgerate.de\/wp-content\/uploads\/gps-seklys-su-magnetu-10000mha-baterija-nuemimo-davikliu.jpg","datePublished":"2024-02-06T19:36:22+00:00","dateModified":"2025-11-26T17:01:36+00:00","description":"Professioneller GPS-Tracker mit starkem Magneten, unempfindlich gegen Wasser und Staub. Kostenloser \u00dcberwachungsserver ALS GESCHENK. Kostenlose Lieferung in ganz Litauen","breadcrumb":{"@id":"https:\/\/www.ortungsgerate.de\/15-gps-ueberwachungsgeraete\/gps-tracker-mit-magnet-10000mah-batterie-mit-abnahmesensor\/#breadcrumb"},"inLanguage":"ru-RU","potentialAction":[{"@type":"ReadAction","target":["https:\/\/www.ortungsgerate.de\/15-gps-ueberwachungsgeraete\/gps-tracker-mit-magnet-10000mah-batterie-mit-abnahmesensor\/"]}]},{"@type":"ImageObject","inLanguage":"ru-RU","@id":"https:\/\/www.ortungsgerate.de\/15-gps-ueberwachungsgeraete\/gps-tracker-mit-magnet-10000mah-batterie-mit-abnahmesensor\/#primaryimage","url":"https:\/\/www.ortungsgerate.de\/wp-content\/uploads\/gps-seklys-su-magnetu-10000mha-baterija-nuemimo-davikliu.jpg","contentUrl":"https:\/\/www.ortungsgerate.de\/wp-content\/uploads\/gps-seklys-su-magnetu-10000mha-baterija-nuemimo-davikliu.jpg","width":1000,"height":1000,"caption":"Abnahmesensor am GPS-Tracker"},{"@type":"BreadcrumbList","@id":"https:\/\/www.ortungsgerate.de\/15-gps-ueberwachungsgeraete\/gps-tracker-mit-magnet-10000mah-batterie-mit-abnahmesensor\/#breadcrumb","itemListElement":[{"@type":"ListItem","position":1,"name":"Startseite","item":"https:\/\/www.ortungsgerate.de\/"},{"@type":"ListItem","position":2,"name":"Shop","item":"https:\/\/www.ortungsgerate.de\/shop\/"},{"@type":"ListItem","position":3,"name":"GPS-Tracker mit Magnet 10000mAh Batterie mit Abnahmesensor"}]},{"@type":"WebSite","@id":"https:\/\/www.ortungsgerate.de\/#website","url":"https:\/\/www.ortungsgerate.de\/","name":"Ortungsgerate.de","description":"","publisher":{"@id":"https:\/\/www.ortungsgerate.de\/#organization"},"potentialAction":[{"@type":"SearchAction","target":{"@type":"EntryPoint","urlTemplate":"https:\/\/www.ortungsgerate.de\/?s={search_term_string}"},"query-input":{"@type":"PropertyValueSpecification","valueRequired":true,"valueName":"search_term_string"}}],"inLanguage":"ru-RU"},{"@type":"Organization","@id":"https:\/\/www.ortungsgerate.de\/#organization","name":"Ortungsgerate.de","url":"https:\/\/www.ortungsgerate.de\/","logo":{"@type":"ImageObject","inLanguage":"ru-RU","@id":"https:\/\/www.ortungsgerate.de\/#\/schema\/logo\/image\/","url":"https:\/\/www.ortungsgerate.de\/wp-content\/uploads\/ortungsgerate.png","contentUrl":"https:\/\/www.ortungsgerate.de\/wp-content\/uploads\/ortungsgerate.png","width":500,"height":135,"caption":"Ortungsgerate.de"},"image":{"@id":"https:\/\/www.ortungsgerate.de\/#\/schema\/logo\/image\/"}}]}},"_links":{"self":[{"href":"https:\/\/www.ortungsgerate.de\/ru\/wp-json\/wp\/v2\/product\/16472","targetHints":{"allow":["GET"]}}],"collection":[{"href":"https:\/\/www.ortungsgerate.de\/ru\/wp-json\/wp\/v2\/product"}],"about":[{"href":"https:\/\/www.ortungsgerate.de\/ru\/wp-json\/wp\/v2\/types\/product"}],"version-history":[{"count":0,"href":"https:\/\/www.ortungsgerate.de\/ru\/wp-json\/wp\/v2\/product\/16472\/revisions"}],"wp:featuredmedia":[{"embeddable":true,"href":"https:\/\/www.ortungsgerate.de\/ru\/wp-json\/wp\/v2\/media\/1413"}],"wp:attachment":[{"href":"https:\/\/www.ortungsgerate.de\/ru\/wp-json\/wp\/v2\/media?parent=16472"}],"wp:term":[{"taxonomy":"brand","embeddable":true,"href":"https:\/\/www.ortungsgerate.de\/ru\/wp-json\/wp\/v2\/etheme_brands?post=16472"},{"taxonomy":"product_brand","embeddable":true,"href":"https:\/\/www.ortungsgerate.de\/ru\/wp-json\/wp\/v2\/product_brand?post=16472"},{"taxonomy":"product_cat","embeddable":true,"href":"https:\/\/www.ortungsgerate.de\/ru\/wp-json\/wp\/v2\/product_cat?post=16472"},{"taxonomy":"product_tag","embeddable":true,"href":"https:\/\/www.ortungsgerate.de\/ru\/wp-json\/wp\/v2\/product_tag?post=16472"}],"curies":[{"name":"wp","href":"https:\/\/api.w.org\/{rel}","templated":true}]}}